{"id":16863,"date":"2025-01-21T06:08:56","date_gmt":"2025-01-21T06:08:56","guid":{"rendered":"https:\/\/www.hydraulic-cylinders.net\/product\/arm-cylinder-for-bonny-wzyd18-6\/"},"modified":"2025-01-21T06:08:58","modified_gmt":"2025-01-21T06:08:58","slug":"arm-cylinder-for-bonny-wzyd18-6","status":"publish","type":"product","link":"https:\/\/www.hydraulic-cylinders.net\/pl\/produkt\/arm-cylinder-for-bonny-wzyd18-6\/","title":{"rendered":"Si\u0142ownik ramienia do Bonny WZYD18-6"},"content":{"rendered":"<h1>Si\u0142ownik ramienia do Bonny WZYD18-6<\/h1>\n<h2>Wst\u0119p<\/h2>\n<p>Si\u0142ownik ramienia to specjalnie zaprojektowany si\u0142ownik hydrauliczny, kt\u00f3ry zapewnia ruch liniowy i zasilanie ramienia r\u00f3\u017cnych maszyn, takich jak koparki, d\u017awigi i ramiona robot\u00f3w. Odgrywa kluczow\u0105 rol\u0119 w uk\u0142adach hydraulicznych, umo\u017cliwiaj\u0105c efektywny ruch i sterowanie dodatkowymi narz\u0119dziami lub osprz\u0119tem. Si\u0142owniki te nie tylko zapewniaj\u0105 p\u0142ynny ruch, ale tak\u017ce wytrzymuj\u0105 du\u017ce obci\u0105\u017cenia, gwarantuj\u0105c wydajn\u0105 prac\u0119 i niezawodno\u015b\u0107 maszyn w r\u00f3\u017cnych warunkach pracy.<\/p>\n<p><img decoding=\"async\" src=\"https:\/\/www.hydraulic-cylinders.net\/wp-content\/uploads\/2025\/01\/songte-company-2.webp\" alt=\"Obraz cylindra ramienia\"><\/p>\n<h2>G\u0142\u00f3wne cechy<\/h2>\n<ul>\n<li><strong>Wysoka wydajno\u015b\u0107 transmisji:<\/strong> Cylinder ramienia zapewnia mocny ruch liniowy i si\u0142\u0119, gwarantuj\u0105c doskona\u0142\u0105 wydajno\u015b\u0107 ramienia robota w r\u00f3\u017cnych operacjach.<\/li>\n<li><strong>Precyzyjna kontrola:<\/strong> Dzi\u0119ki uk\u0142adowi hydraulicznemu si\u0142ownik ramienia umo\u017cliwia precyzyjn\u0105 kontrol\u0119 ruchu, co sprawia, \u017ce \u200b\u200bobs\u0142uga dodatkowych narz\u0119dzi jest bardziej elastyczna i dok\u0142adna.<\/li>\n<li><strong>Trwa\u0142o\u015b\u0107:<\/strong> Cylindry ramienia s\u0105 zazwyczaj wykonane z materia\u0142\u00f3w o wysokiej wytrzyma\u0142o\u015bci, zapewniaj\u0105cych dobr\u0105 odporno\u015b\u0107 na zu\u017cycie i korozj\u0119, dzi\u0119ki czemu nadaj\u0105 si\u0119 do d\u0142ugotrwa\u0142ego u\u017cytkowania w trudnych warunkach.<\/li>\n<li><strong>Wielofunkcyjna adaptowalno\u015b\u0107:<\/strong> Cylindry te mo\u017cna powszechnie stosowa\u0107 w r\u00f3\u017cnych maszynach, takich jak koparki, d\u017awigi i ramiona robotyczne, dostosowuj\u0105c je do r\u00f3\u017cnych wymaga\u0144 roboczych.<\/li>\n<li><strong>\u0141atwa konserwacja:<\/strong> Projekt uwzgl\u0119dnia \u0142atwo\u015b\u0107 konserwacji i wymiany, co sprawia, \u017ce \u200b\u200bregularne kontrole i serwisowanie s\u0105 wygodniejsze, a przestoje sprz\u0119tu skr\u00f3cone.<\/li>\n<\/ul>\n<p><img decoding=\"async\" src=\"https:\/\/www.hydraulic-cylinders.net\/wp-content\/uploads\/2025\/01\/songte-oil-pipes-and-spare-parts.webp\" alt=\"Obraz cz\u0119\u015bci zamiennych\"><\/p>\n<h2>Aplikacje<\/h2>\n<p>Si\u0142ownik ramieniowy znajduje zastosowanie w r\u00f3\u017cnych ga\u0142\u0119ziach przemys\u0142u:<\/p>\n<h3>1. In\u017cynieria budowlana<\/h3>\n<p>W koparkach i d\u017awigach si\u0142ownik ramienia steruje ruchem \u0142y\u017cki lub wysi\u0119gnika podczas rob\u00f3t ziemnych, przenoszenia materia\u0142\u00f3w i instalacji konstrukcyjnych.<\/p>\n<h3>2. Przemys\u0142 wytw\u00f3rczy<\/h3>\n<p>W zautomatyzowanych liniach produkcyjnych si\u0142ownik ramienia umo\u017cliwia ruch ramion robota podczas takich proces\u00f3w, jak monta\u017c, spawanie i obs\u0142uga materia\u0142\u00f3w, co zwi\u0119ksza wydajno\u015b\u0107 i precyzj\u0119 produkcji.<\/p>\n<h3>3. Maszyny rolnicze<\/h3>\n<p>W maszynach rolniczych, takich jak kombajny i siewniki, si\u0142ownik ramienia steruje ruchem ramion roboczych podczas wykonywania takich zada\u0144, jak sadzenie, nawo\u017cenie i zbi\u00f3r.<\/p>\n<h3>4. G\u00f3rnictwo<\/h3>\n<p>W sprz\u0119cie g\u00f3rniczym si\u0142ownik ramienia steruje ruchem ramienia sprz\u0119tu g\u00f3rniczego s\u0142u\u017c\u0105cego do wydobywania i transportu rudy.<\/p>\n<h3>5. Logistyka i transport<\/h3>\n<p>W w\u00f3zkach wid\u0142owych i robotach do transportu materia\u0142\u00f3w si\u0142ownik ramienia steruje podnoszeniem i ruchem wide\u0142, umo\u017cliwiaj\u0105c transport i uk\u0142adanie materia\u0142\u00f3w.<\/p>\n<p><img decoding=\"async\" src=\"https:\/\/www.hydraulic-cylinders.net\/wp-content\/uploads\/2025\/01\/songte-cylinder-head-with-all-kinds-excavator-models.webp\" alt=\"Modele koparek\"><\/p>\n<h2>Zagadnienia projektowe i kryteria wyboru<\/h2>\n<p>Przy projektowaniu i doborze cylindr\u00f3w ramieniowych nale\u017cy wzi\u0105\u0107 pod uwag\u0119 kilka czynnik\u00f3w:<\/p>\n<h3>1. No\u015bno\u015b\u0107<\/h3>\n<p>Si\u0142ownik ramienia powinien mie\u0107 wystarczaj\u0105c\u0105 wytrzyma\u0142o\u015b\u0107 i no\u015bno\u015b\u0107, aby wytrzyma\u0107 si\u0142y wyst\u0119puj\u0105ce podczas pracy.<\/p>\n<h3>2. Uszczelnianie i smarowanie<\/h3>\n<p>Nale\u017cy stosowa\u0107 r\u00f3\u017cne elementy uszczelniaj\u0105ce, takie jak uszczelnienia t\u0142oka i t\u0142oczyska. Uszczelnienia te wykonane s\u0105 z materia\u0142\u00f3w odpornych na zu\u017cycie, takich jak poliuretan i kauczuk nitrylowy. Korpus cylindra i gwintowana ko\u0144c\u00f3wka s\u0105 poddawane precyzyjnej obr\u00f3bce w celu zwi\u0119kszenia odporno\u015bci na zu\u017cycie. Konieczne jest regularne smarowanie olejem hydraulicznym.<\/p>\n<h3>3. Trwa\u0142o\u015b\u0107<\/h3>\n<p>Si\u0142owniki ramienia s\u0105 nara\u017cone na trudne warunki pracy. Dlatego powinny by\u0107 wykonane z wysokiej jako\u015bci materia\u0142\u00f3w i poddawane rygorystycznym procesom produkcyjnym, aby zapewni\u0107 ich trwa\u0142o\u015b\u0107.<\/p>\n<h3>4. Bezpiecze\u0144stwo<\/h3>\n<p>Projekt powinien uwzgl\u0119dnia\u0107 przede wszystkim kwestie bezpiecze\u0144stwa, np. uwzgl\u0119dnianie zabezpiecze\u0144 zapobiegaj\u0105cych wypadkom oraz zapewnienie prawid\u0142owej instalacji i obs\u0142ugi.<\/p>\n<h3>5. \u0141atwo\u015b\u0107 konserwacji<\/h3>\n<p>Cechy konstrukcyjne powinny u\u0142atwia\u0107 regularne kontrole i konserwacj\u0119 zapobiegawcz\u0105, co skr\u00f3ci przestoje i zapewni sta\u0142\u0105 wydajno\u015b\u0107.<\/p>\n<p><img decoding=\"async\" src=\"https:\/\/www.hydraulic-cylinders.net\/wp-content\/uploads\/2025\/01\/songte-chushion-collar.webp\" alt=\"Ko\u0142nierz Chushion\"><\/p>\n<h2>Inspekcja i konserwacja zapobiegawcza<\/h2>\n<p>Do regularnych kontroli i dzia\u0142a\u0144 zapobiegawczych w zakresie konserwacji cylindr\u00f3w ramienia nale\u017c\u0105:<\/p>\n<h3>1. Regularna kontrola wizualna<\/h3>\n<p>Sprawd\u017a, czy nie ma \u015blad\u00f3w uszkodze\u0144, nieszczelno\u015bci lub nadmiernego zu\u017cycia. Sprawd\u017a uszczelki, korbowody i po\u0142\u0105czenia pod k\u0105tem prawid\u0142owego dzia\u0142ania.<\/p>\n<h3>2. Smarowanie<\/h3>\n<p>Nale\u017cy zapewni\u0107 odpowiednie smarowanie cylindra ramienia, regularnie dodaj\u0105c odpowiedni\u0105 ilo\u015b\u0107 oleju hydraulicznego.<\/p>\n<h3>3. Czyszczenie<\/h3>\n<p>Utrzymuj cylinder ramienia i otaczaj\u0105ce go elementy w czysto\u015bci, aby zapobiec wp\u0142ywowi zanieczyszcze\u0144 na jego dzia\u0142anie.<\/p>\n<h3>4. Wymiana uszczelki<\/h3>\n<p>Je\u015bli zauwa\u017cysz \u015blady zu\u017cycia lub nieszczelno\u015bci, wymie\u0144 uszczelki bezzw\u0142ocznie, aby zachowa\u0107 optymaln\u0105 wydajno\u015b\u0107 i zapobiec dalszym uszkodzeniom.<\/p>\n<h3>5. Profesjonalna konserwacja<\/h3>\n<p>W przypadku bardziej skomplikowanych zada\u0144 konserwacyjnych lub rozwi\u0105zywania problem\u00f3w nale\u017cy skonsultowa\u0107 si\u0119 z profesjonalnym dostawc\u0105 us\u0142ug hydraulicznych, aby mie\u0107 pewno\u015b\u0107, \u017ce naprawa przebiegnie prawid\u0142owo.<\/p>\n<p><img decoding=\"async\" src=\"https:\/\/www.hydraulic-cylinders.net\/wp-content\/uploads\/2025\/01\/songte-bushings-with-all-kinds-of-excavator-models.webp\" alt=\"Tuleje\"><\/p>\n<h2>Zagadnienia bezpiecze\u0144stwa i czynniki \u015brodowiskowe<\/h2>\n<p>Podczas korzystania z si\u0142ownik\u00f3w ramienia, \u015brodki bezpiecze\u0144stwa s\u0105 kluczowe, aby zapobiec wypadkom i zapewni\u0107 bezpiecze\u0144stwo operatora. Wa\u017cne jest przestrzeganie odpowiednich procedur bezpiecze\u0144stwa, w tym:<\/p>\n<ul>\n<li>Zapewnienie operatorom odpowiedniego szkolenia w zakresie bezpiecznego u\u017cytkowania i obs\u0142ugi cylindr\u00f3w ramieniowych<\/li>\n<li>Stosowanie odpowiednich urz\u0105dze\u0144 bezpiecze\u0144stwa i sprz\u0119tu ochronnego<\/li>\n<li>Regularne sprawdzanie i konserwacja cylindra ramienia w celu zidentyfikowania potencjalnych zagro\u017ce\u0144 bezpiecze\u0144stwa<\/li>\n<li>Przestrzeganie odpowiednich bran\u017cowych norm i przepis\u00f3w bezpiecze\u0144stwa<\/li>\n<\/ul>\n<h2>Rozwi\u0105zywanie problem\u00f3w i typowe problemy<\/h2>\n<p>Do typowych problem\u00f3w, kt\u00f3re mog\u0105 wyst\u0105pi\u0107 w przypadku cylindr\u00f3w ramienia, nale\u017c\u0105:<\/p>\n<ul>\n<li>Wyciek p\u0142ynu hydraulicznego<\/li>\n<li>Utrata mocy lub powolna praca<\/li>\n<li>Nadmierne wibracje lub ha\u0142as<\/li>\n<li>Nier\u00f3wny lub szarpany ruch<\/li>\n<li>Niemo\u017cno\u015b\u0107 utrzymania \u0142adunku<\/li>\n<\/ul>\n<p>Aby rozwi\u0105za\u0107 te problemy, nale\u017cy skorzysta\u0107 z nast\u0119puj\u0105cych wskaz\u00f3wek dotycz\u0105cych rozwi\u0105zywania problem\u00f3w:<\/p>\n<ul>\n<li>Sprawd\u017a, czy po\u0142\u0105czenia nie s\u0105 lu\u017ane i w razie potrzeby je dokr\u0119\u0107<\/li>\n<li>Sprawd\u017a uszczelki i wymie\u0144 je, je\u015bli s\u0105 uszkodzone lub zu\u017cyte<\/li>\n<li>Aby zapewni\u0107 prawid\u0142owe smarowanie, kontroluj poziom oleju hydraulicznego i w razie potrzeby dolewaj wi\u0119cej.<\/li>\n<li>Sprawd\u017a uk\u0142ad hydrauliczny pod k\u0105tem ewentualnych blokad lub ogranicze\u0144<\/li>\n<li>Je\u015bli problem nadal wyst\u0119puje, skonsultuj si\u0119 ze specjalist\u0105 w celu dalszej diagnozy i naprawy<\/li>\n<\/ul>\n<p><img decoding=\"async\" src=\"https:\/\/www.hydraulic-cylinders.net\/wp-content\/uploads\/2025\/01\/songte-chushion-collar.webp\" alt=\"Ko\u0142nierz Chushion\"><\/p>\n<h2>O nas<\/h2>\n<p>Jeste\u015bmy profesjonalnym producentem zamiennych cylindr\u00f3w hydraulicznych, oferuj\u0105cym szerok\u0105 gam\u0119 produkt\u00f3w. Stali\u015bmy si\u0119 jednym z wiod\u0105cych producent\u00f3w i hurtowych dystrybutor\u00f3w cylindr\u00f3w hydraulicznych na rynku krajowym i mi\u0119dzynarodowym. Kieruj\u0105c si\u0119 zasad\u0105 doskona\u0142o\u015bci jako\u015bci, stale podnosimy poziom technologiczny i wydajno\u015b\u0107 produkcji poprzez zaawansowane warsztaty produkcyjne i zindustrializowane zarz\u0105dzanie produkcj\u0105. Wprowadzaj\u0105c wysokiej klasy cyfrowy sprz\u0119t produkcyjny i profesjonalne systemy testowe, optymalizujemy nasz\u0105 platform\u0119 produkcyjn\u0105 i usprawniamy procesy kontroli jako\u015bci produkt\u00f3w, wykazuj\u0105c si\u0119 wysokim potencja\u0142em innowacyjnym. Naszym celem jest zaspokajanie zr\u00f3\u017cnicowanych potrzeb klient\u00f3w poprzez wydajno\u015b\u0107, precyzj\u0119 i wysok\u0105 jako\u015b\u0107 produkt\u00f3w.<\/p>\n<p><img decoding=\"async\" src=\"https:\/\/www.hydraulic-cylinders.net\/wp-content\/uploads\/2025\/01\/songte-company-4.webp\" alt=\"Firma 4\"><br \/>\n<img decoding=\"async\" src=\"https:\/\/www.hydraulic-cylinders.net\/wp-content\/uploads\/2025\/01\/songte-company-3.webp\" alt=\"Firma 3\"><\/p>\n<p><strong>Autor: lyl.<\/strong><\/p>","protected":false},"excerpt":{"rendered":"<p>Arm Cylinder For Bonny WZYD18-6 Introduction The arm cylinder is a specially designed hydraulic cylinder that provides linear motion and power to the arm of various machinery, such as excavators, cranes, and robotic arms. It plays a crucial role in hydraulic systems, enabling the effective movement and control of additional tools or attachments. These cylinders [&hellip;]<\/p>","protected":false},"featured_media":14772,"comment_status":"open","ping_status":"closed","template":"","meta":{"_et_pb_use_builder":"","_et_pb_old_content":"","_et_gb_content_width":""},"product_brand":[],"product_cat":[1497],"product_tag":[1498,1496],"class_list":{"0":"post-16863","1":"product","2":"type-product","3":"status-publish","4":"has-post-thumbnail","6":"product_cat-arm-cylinders","7":"product_tag-arm-cylinders","8":"product_tag-hydraulic-cylinders","10":"first","11":"instock","12":"shipping-taxable","13":"product-type-simple"},"amp_enabled":true,"_links":{"self":[{"href":"https:\/\/www.hydraulic-cylinders.net\/pl\/wp-json\/wp\/v2\/product\/16863","targetHints":{"allow":["GET"]}}],"collection":[{"href":"https:\/\/www.hydraulic-cylinders.net\/pl\/wp-json\/wp\/v2\/product"}],"about":[{"href":"https:\/\/www.hydraulic-cylinders.net\/pl\/wp-json\/wp\/v2\/types\/product"}],"replies":[{"embeddable":true,"href":"https:\/\/www.hydraulic-cylinders.net\/pl\/wp-json\/wp\/v2\/comments?post=16863"}],"wp:featuredmedia":[{"embeddable":true,"href":"https:\/\/www.hydraulic-cylinders.net\/pl\/wp-json\/wp\/v2\/media\/14772"}],"wp:attachment":[{"href":"https:\/\/www.hydraulic-cylinders.net\/pl\/wp-json\/wp\/v2\/media?parent=16863"}],"wp:term":[{"taxonomy":"product_brand","embeddable":true,"href":"https:\/\/www.hydraulic-cylinders.net\/pl\/wp-json\/wp\/v2\/product_brand?post=16863"},{"taxonomy":"product_cat","embeddable":true,"href":"https:\/\/www.hydraulic-cylinders.net\/pl\/wp-json\/wp\/v2\/product_cat?post=16863"},{"taxonomy":"product_tag","embeddable":true,"href":"https:\/\/www.hydraulic-cylinders.net\/pl\/wp-json\/wp\/v2\/product_tag?post=16863"}],"curies":[{"name":"wp","href":"https:\/\/api.w.org\/{rel}","templated":true}]}}