{"id":16864,"date":"2025-01-21T06:09:00","date_gmt":"2025-01-21T06:09:00","guid":{"rendered":"https:\/\/www.hydraulic-cylinders.net\/product\/arm-cylinder-for-bonny-cee2200-7\/"},"modified":"2025-01-21T06:09:01","modified_gmt":"2025-01-21T06:09:01","slug":"arm-cylinder-for-bonny-cee2200-7","status":"publish","type":"product","link":"https:\/\/www.hydraulic-cylinders.net\/pl\/produkt\/arm-cylinder-for-bonny-cee2200-7\/","title":{"rendered":"Si\u0142ownik ramienia do Bonny CEE2200-7"},"content":{"rendered":"<h2>Si\u0142ownik ramienia do Bonny CEE2200-7<\/h2>\n<p>Si\u0142ownik ramienia do Bonny CEE2200-7 to specjalnie zaprojektowany si\u0142ownik hydrauliczny, kt\u00f3ry s\u0142u\u017cy g\u0142\u00f3wnie do zapewnienia ruchu liniowego i zasilania ramienia r\u00f3\u017cnych maszyn, takich jak koparki, d\u017awigi i ramiona robotyczne. Si\u0142owniki ramienia odgrywaj\u0105 kluczow\u0105 rol\u0119 w uk\u0142adach hydraulicznych, umo\u017cliwiaj\u0105c efektywny ruch i sterowanie dodatkowymi narz\u0119dziami lub osprz\u0119tem. Si\u0142owniki te nie tylko zapewniaj\u0105 p\u0142ynny ruch, ale tak\u017ce wytrzymuj\u0105 du\u017ce obci\u0105\u017cenia, gwarantuj\u0105c wydajn\u0105 prac\u0119 i niezawodno\u015b\u0107 maszyn w r\u00f3\u017cnych warunkach pracy.<\/p>\n<p><img decoding=\"async\" src=\"https:\/\/www.hydraulic-cylinders.net\/wp-content\/uploads\/2025\/01\/songte-company-2.webp\"><\/p>\n<h2>Cechy si\u0142ownika ramienia do Bonny CEE2200-7<\/h2>\n<ul>\n<li><strong>Nap\u0119d o wysokiej sprawno\u015bci:<\/strong> Cylinder ramienia zapewnia mocny ruch liniowy i si\u0142\u0119, gwarantuj\u0105c wysok\u0105 wydajno\u015b\u0107 ramienia robota podczas wykonywania r\u00f3\u017cnych operacji.<\/li>\n<li><strong>Precyzyjna kontrola:<\/strong> Dzi\u0119ki uk\u0142adowi hydraulicznemu si\u0142ownik ramienia umo\u017cliwia precyzyjn\u0105 kontrol\u0119 ruchu, co sprawia, \u017ce \u200b\u200bobs\u0142uga dodatkowych narz\u0119dzi jest bardziej elastyczna i dok\u0142adna.<\/li>\n<li><strong>Trwa\u0142o\u015b\u0107:<\/strong> Cylindry ramienia s\u0105 zazwyczaj wykonane z materia\u0142\u00f3w o wysokiej wytrzyma\u0142o\u015bci, zapewniaj\u0105cych doskona\u0142\u0105 odporno\u015b\u0107 na zu\u017cycie i korozj\u0119, odpowiednich do d\u0142ugotrwa\u0142ego u\u017cytkowania w trudnych warunkach.<\/li>\n<li><strong>Wielofunkcyjna adaptowalno\u015b\u0107:<\/strong> Cylindry te mo\u017cna powszechnie stosowa\u0107 w r\u00f3\u017cnych maszynach, takich jak koparki, d\u017awigi i ramiona robotyczne, dostosowuj\u0105c je do r\u00f3\u017cnych potrzeb roboczych.<\/li>\n<li><strong>\u0141atwa konserwacja:<\/strong> Zaprojektowane z my\u015bl\u0105 o \u0142atwej konserwacji i wymianie, cylindry ramion u\u0142atwiaj\u0105 okresowe kontrole i konserwacj\u0119, redukuj\u0105c przestoje sprz\u0119tu.<\/li>\n<\/ul>\n<p><img decoding=\"async\" src=\"https:\/\/www.hydraulic-cylinders.net\/wp-content\/uploads\/2025\/01\/songte-oil-pipes-and-spare-parts.webp\"><\/p>\n<h2>Zastosowania si\u0142ownika ramienia do Bonny CEE2200-7<\/h2>\n<p>Cylindry ramieniowe znajduj\u0105 zastosowanie w r\u00f3\u017cnych ga\u0142\u0119ziach przemys\u0142u i sektorach:<\/p>\n<ol>\n<li><strong>In\u017cynieria budowlana:<\/strong> W koparkach i d\u017awigach si\u0142owniki ramieniowe s\u0142u\u017c\u0105 do sterowania ruchem \u0142y\u017cek lub wysi\u0119gnik\u00f3w podczas rob\u00f3t ziemnych, przenoszenia materia\u0142\u00f3w i instalacji konstrukcyjnych.<\/li>\n<li><strong>Przemys\u0142 wytw\u00f3rczy:<\/strong> W zautomatyzowanych liniach produkcyjnych cylindry ramieniowe s\u0142u\u017c\u0105 do poruszania ramionami robot\u00f3w w procesach takich jak monta\u017c, spawanie i obs\u0142uga, co zwi\u0119ksza wydajno\u015b\u0107 i dok\u0142adno\u015b\u0107 produkcji.<\/li>\n<li><strong>Maszyny rolnicze:<\/strong> W maszynach rolniczych, takich jak kombajny i siewniki, si\u0142owniki ramion steruj\u0105 ruchem ramion roboczych podczas wykonywania takich zada\u0144, jak siew, nawo\u017cenie i zbi\u00f3r.<\/li>\n<li><strong>G\u00f3rnictwo:<\/strong> W sprz\u0119cie g\u00f3rniczym cylindry ramieniowe s\u0142u\u017c\u0105 do sterowania ruchem ramion maszyn g\u00f3rniczych s\u0142u\u017c\u0105cych do wydobywania i transportu rudy.<\/li>\n<li><strong>Logistyka i transport:<\/strong> W w\u00f3zkach wid\u0142owych i robotach prze\u0142adunkowych si\u0142owniki ramion s\u0142u\u017c\u0105 do sterowania podnoszeniem i ruchem wide\u0142, umo\u017cliwiaj\u0105c przenoszenie materia\u0142\u00f3w i ich uk\u0142adanie.<\/li>\n<\/ol>\n<h2>Zagadnienia projektowe i kryteria wyboru<\/h2>\n<p>Podczas projektowania si\u0142ownika ramienia do Bonny CEE2200-7 brano pod uwag\u0119 kilka kluczowych czynnik\u00f3w:<\/p>\n<ul>\n<li><strong>No\u015bno\u015b\u0107:<\/strong> Si\u0142ownik zaprojektowano tak, aby wytrzymywa\u0142 specyficzne wymagania obci\u0105\u017ceniowe maszyny, w kt\u00f3rej b\u0119dzie stosowany.<\/li>\n<li><strong>Opiecz\u0119towanie:<\/strong> Stosowane s\u0105 r\u00f3\u017cne elementy uszczelniaj\u0105ce, takie jak uszczelnienia t\u0142ok\u00f3w i t\u0142oczysk, z wykorzystaniem materia\u0142\u00f3w odpornych na zu\u017cycie, takich jak poliuretan i kauczuk nitrylowy. Korpus cylindra i gwintowane ko\u0144c\u00f3wki poddawane s\u0105 precyzyjnej obr\u00f3bce powierzchni w celu zwi\u0119kszenia odporno\u015bci na zu\u017cycie.<\/li>\n<li><strong>Trwa\u0142o\u015b\u0107:<\/strong> Do produkcji cylindra wykorzystano materia\u0142y najwy\u017cszej jako\u015bci, co gwarantuje trwa\u0142o\u015b\u0107 i d\u0142ugowieczno\u015b\u0107 w wymagaj\u0105cych warunkach pracy.<\/li>\n<li><strong>Bezpiecze\u0144stwo:<\/strong> Konstrukcja maszyny uwzgl\u0119dnia funkcje i \u015brodki bezpiecze\u0144stwa zapobiegaj\u0105ce wypadkom i gwarantuj\u0105ce bezpieczn\u0105 obs\u0142ug\u0119 maszyny.<\/li>\n<li><strong>Utrzymywalno\u015b\u0107:<\/strong> Projekt uwzgl\u0119dnia \u0142atwo\u015b\u0107 konserwacji i napraw, umo\u017cliwiaj\u0105c wygodn\u0105 kontrol\u0119 i minimalizuj\u0105c przestoje.<\/li>\n<\/ul>\n<p><img decoding=\"async\" src=\"https:\/\/www.hydraulic-cylinders.net\/wp-content\/uploads\/2025\/01\/songte-cylinder-head-with-all-kinds-excavator-models.webp\"><\/p>\n<h2>Uszczelnianie i smarowanie<\/h2>\n<p>Si\u0142ownik ramienia do Bonny CEE2200-7 wykorzystuje r\u00f3\u017cnorodne elementy uszczelniaj\u0105ce, takie jak uszczelki t\u0142oka i t\u0142oczyska, wykonane z materia\u0142\u00f3w odpornych na zu\u017cycie, takich jak poliuretan i kauczuk nitrylowy. Korpus cylindra i gwintowane ko\u0144c\u00f3wki poddawane s\u0105 precyzyjnej obr\u00f3bce powierzchni w celu zwi\u0119kszenia odporno\u015bci na zu\u017cycie. Regularne smarowanie odpowiednim olejem hydraulicznym jest niezb\u0119dne dla zapewnienia p\u0142ynnej pracy i d\u0142ugiej \u017cywotno\u015bci si\u0142ownika.<\/p>\n<h2>Regularne kontrole i konserwacja zapobiegawcza<\/h2>\n<p>Aby zachowa\u0107 optymaln\u0105 wydajno\u015b\u0107, zaleca si\u0119 regularne kontrole i konserwacj\u0119 zapobiegawcz\u0105 si\u0142ownika ramienia Bonny CEE2200-7:<\/p>\n<ul>\n<li>Sprawd\u017a cylinder pod k\u0105tem ewentualnych wyciek\u00f3w, uszkodze\u0144 lub zu\u017cycia.<\/li>\n<li>Sprawd\u017a i wymie\u0144 zu\u017cyte uszczelki i inne elementy, je\u015bli to konieczne.<\/li>\n<li>Aby zapewni\u0107 w\u0142a\u015bciwe smarowanie, nale\u017cy doda\u0107 odpowiedni\u0105 ilo\u015b\u0107 oleju hydraulicznego.<\/li>\n<li>Sprawd\u017a i wyczy\u015b\u0107 zewn\u0119trzn\u0105 powierzchni\u0119 cylindra oraz gwintowane ko\u0144ce.<\/li>\n<li>Niezw\u0142ocznie zajmij si\u0119 wszelkimi zidentyfikowanymi problemami, aby zapobiec dalszym szkodom lub awariom.<\/li>\n<\/ul>\n<h2>Instrukcja instalacji produktu<\/h2>\n<p>Prawid\u0142owy monta\u017c jest kluczowy dla optymalnej wydajno\u015bci i trwa\u0142o\u015bci si\u0142ownika ramienia Bonny CEE2200-7. Aby prawid\u0142owo zamontowa\u0107 si\u0142ownik, wykonaj nast\u0119puj\u0105ce czynno\u015bci:<\/p>\n<ol>\n<li>Upewnij si\u0119, \u017ce maszyna jest wy\u0142\u0105czona, a uk\u0142ad hydrauliczny jest pozbawiony ci\u015bnienia.<\/li>\n<li>Solidnie zamocuj cylinder w wyznaczonym punkcie mocowania, u\u017cywaj\u0105c odpowiednich element\u00f3w z\u0142\u0105cznych.<\/li>\n<li>Pod\u0142\u0105cz przewody hydrauliczne do cylindra, zwracaj\u0105c uwag\u0119 na prawid\u0142owe wyr\u00f3wnanie i szczelne po\u0142\u0105czenia.<\/li>\n<li>Sprawd\u017a, czy nie ma \u015blad\u00f3w wyciek\u00f3w i usu\u0144 je, je\u015bli to konieczne.<\/li>\n<li>Przetestuj dzia\u0142anie cylindra, aby upewni\u0107 si\u0119, \u017ce ruch jest p\u0142ynny i precyzyjny.<\/li>\n<\/ol>\n<p><img decoding=\"async\" src=\"https:\/\/www.hydraulic-cylinders.net\/wp-content\/uploads\/2025\/01\/songte-bushings-with-all-kinds-of-excavator-models.webp\"><\/p>\n<h2>Zagadnienia bezpiecze\u0144stwa i czynniki \u015brodowiskowe<\/h2>\n<p>Podczas pracy z si\u0142ownikiem ramienia do Bonny CEE2200-7, priorytetem s\u0105 \u015brodki bezpiecze\u0144stwa. Nale\u017cy przestrzega\u0107 \u015brodk\u00f3w ostro\u017cno\u015bci, aby zapobiec wypadkom i zapewni\u0107 bezpiecze\u0144stwo operatorom i personelowi. Ponadto, uwzgl\u0119dnienie czynnik\u00f3w \u015brodowiskowych, takich jak zapobieganie wyciekom oleju i prawid\u0142owa utylizacja p\u0142yn\u00f3w hydraulicznych, ma kluczowe znaczenie dla utrzymania bezpiecznego i ekologicznego \u015brodowiska pracy.<\/p>\n<h2>Rozwi\u0105zywanie problem\u00f3w i typowe problemy<\/h2>\n<p>Poni\u017cej przedstawiono kilka potencjalnych wskaz\u00f3wek dotycz\u0105cych rozwi\u0105zywania problem\u00f3w i rozwi\u0105za\u0144 typowych problem\u00f3w, kt\u00f3re mog\u0105 wyst\u0105pi\u0107 w przypadku cylindra ramienia Bonny CEE2200-7:<\/p>\n<ul>\n<li><strong>Wydanie:<\/strong> Wyciek z cylindra.<\/li>\n<li><strong>Rozwi\u0105zanie:<\/strong> Sprawd\u017a i wymie\u0144 zu\u017cyte uszczelki lub uszkodzone elementy. Upewnij si\u0119, \u017ce monta\u017c jest prawid\u0142owy i dokr\u0119\u0107 po\u0142\u0105czenia.<\/li>\n<li><strong>Wydanie:<\/strong> Powolny lub szarpany ruch cylindra.<\/li>\n<li><strong>Rozwi\u0105zanie:<\/strong> Sprawd\u017a, czy poziom oleju hydraulicznego jest niski lub czy olej nie jest zanieczyszczony. W razie potrzeby uzupe\u0142nij lub wymie\u0144 olej. Sprawd\u017a, czy nie ma \u017cadnych przeszk\u00f3d mechanicznych lub uszkodzonych cz\u0119\u015bci wewn\u0119trznych.<\/li>\n<li><strong>Wydanie:<\/strong> Cylinder nie wysuwa si\u0119 lub nie chowa ca\u0142kowicie.<\/li>\n<li><strong>Rozwi\u0105zanie:<\/strong> Sprawd\u017a, czy w uk\u0142adzie hydraulicznym nie ma przeszk\u00f3d lub zanieczyszcze\u0144. Sprawd\u017a zawory steruj\u0105ce i upewnij si\u0119, \u017ce dzia\u0142aj\u0105 prawid\u0142owo. Sprawd\u017a, czy nie ma uszkodzonych uszczelek lub zu\u017cytych element\u00f3w, kt\u00f3re mog\u0105 powodowa\u0107 niepe\u0142ny ruch.<\/li>\n<\/ul>\n<p><img decoding=\"async\" src=\"https:\/\/www.hydraulic-cylinders.net\/wp-content\/uploads\/2025\/01\/songte-chushion-collar.webp\"><\/p>\n<p>Uporz\u0105dkuj artyku\u0142 logicznie, u\u017cywaj\u0105c podtytu\u0142\u00f3w dla \u0142atwej nawigacji. Dodaj odpowiednie obrazy lub wykresy, aby u\u0142atwi\u0107 zrozumienie i upewni\u0107 si\u0119, \u017ce tre\u015b\u0107 jest przejrzysta, zwi\u0119z\u0142a i odpowiednia dla czytelnik\u00f3w o r\u00f3\u017cnym poziomie wiedzy technicznej.<\/p>\n<p><em>Autor: lyl<\/em><\/p>\n<h2>O naszej firmie<\/h2>\n<p>Jeste\u015bmy profesjonalnym producentem zamiennych si\u0142ownik\u00f3w hydraulicznych, oferuj\u0105cym szerok\u0105 gam\u0119 produkt\u00f3w. Stali\u015bmy si\u0119 jednym z wiod\u0105cych producent\u00f3w i hurtowych dystrybutor\u00f3w si\u0142ownik\u00f3w hydraulicznych na rynku krajowym i mi\u0119dzynarodowym. Kierujemy si\u0119 zasad\u0105 doskona\u0142ej jako\u015bci i stale podnosimy nasze kompetencje techniczne oraz wydajno\u015b\u0107 produkcji dzi\u0119ki udoskonalonemu warsztatowi produkcyjnemu oraz strategiom zarz\u0105dzania produkcj\u0105 przemys\u0142ow\u0105. Wprowadzaj\u0105c zaawansowany, cyfrowy sprz\u0119t produkcyjny i profesjonalne testy,<\/p>","protected":false},"excerpt":{"rendered":"<p>Arm Cylinder For Bonny CEE2200-7 The Arm Cylinder For Bonny CEE2200-7 is a specially designed hydraulic cylinder that is primarily used to provide linear motion and power to the arm of various machinery, such as excavators, cranes, and robotic arms. The arm cylinders play a crucial role in hydraulic systems, enabling effective movement and control [&hellip;]<\/p>","protected":false},"featured_media":14770,"comment_status":"open","ping_status":"closed","template":"","meta":{"_et_pb_use_builder":"","_et_pb_old_content":"","_et_gb_content_width":""},"product_brand":[],"product_cat":[1497],"product_tag":[1498,1496],"class_list":{"0":"post-16864","1":"product","2":"type-product","3":"status-publish","4":"has-post-thumbnail","6":"product_cat-arm-cylinders","7":"product_tag-arm-cylinders","8":"product_tag-hydraulic-cylinders","10":"first","11":"instock","12":"shipping-taxable","13":"product-type-simple"},"amp_enabled":true,"_links":{"self":[{"href":"https:\/\/www.hydraulic-cylinders.net\/pl\/wp-json\/wp\/v2\/product\/16864","targetHints":{"allow":["GET"]}}],"collection":[{"href":"https:\/\/www.hydraulic-cylinders.net\/pl\/wp-json\/wp\/v2\/product"}],"about":[{"href":"https:\/\/www.hydraulic-cylinders.net\/pl\/wp-json\/wp\/v2\/types\/product"}],"replies":[{"embeddable":true,"href":"https:\/\/www.hydraulic-cylinders.net\/pl\/wp-json\/wp\/v2\/comments?post=16864"}],"wp:featuredmedia":[{"embeddable":true,"href":"https:\/\/www.hydraulic-cylinders.net\/pl\/wp-json\/wp\/v2\/media\/14770"}],"wp:attachment":[{"href":"https:\/\/www.hydraulic-cylinders.net\/pl\/wp-json\/wp\/v2\/media?parent=16864"}],"wp:term":[{"taxonomy":"product_brand","embeddable":true,"href":"https:\/\/www.hydraulic-cylinders.net\/pl\/wp-json\/wp\/v2\/product_brand?post=16864"},{"taxonomy":"product_cat","embeddable":true,"href":"https:\/\/www.hydraulic-cylinders.net\/pl\/wp-json\/wp\/v2\/product_cat?post=16864"},{"taxonomy":"product_tag","embeddable":true,"href":"https:\/\/www.hydraulic-cylinders.net\/pl\/wp-json\/wp\/v2\/product_tag?post=16864"}],"curies":[{"name":"wp","href":"https:\/\/api.w.org\/{rel}","templated":true}]}}