{"id":16868,"date":"2025-01-21T06:09:15","date_gmt":"2025-01-21T06:09:15","guid":{"rendered":"https:\/\/www.hydraulic-cylinders.net\/product\/arm-cylinder-for-bonny-ctd460-6\/"},"modified":"2025-01-21T06:09:17","modified_gmt":"2025-01-21T06:09:17","slug":"arm-cylinder-for-bonny-ctd460-6","status":"publish","type":"product","link":"https:\/\/www.hydraulic-cylinders.net\/pl\/produkt\/arm-cylinder-for-bonny-ctd460-6\/","title":{"rendered":"Si\u0142ownik ramienia do Bonny CTD460-6"},"content":{"rendered":"<h1>Si\u0142ownik ramienia do Bonny CTD460-6<\/h1>\n<h2>Wst\u0119p<\/h2>\n<p>Si\u0142ownik ramienia to specjalistyczny si\u0142ownik hydrauliczny, kt\u00f3ry s\u0142u\u017cy g\u0142\u00f3wnie do zapewnienia ruchu liniowego i zasilania ramion r\u00f3\u017cnego rodzaju maszyn, takich jak koparki, d\u017awigi i ramiona robot\u00f3w. Si\u0142ownik ramienia odgrywa kluczow\u0105 rol\u0119 w uk\u0142adach hydraulicznych, umo\u017cliwiaj\u0105c efektywny ruch i sterowanie do\u0142\u0105czonymi narz\u0119dziami lub akcesoriami. Si\u0142owniki te nie tylko zapewniaj\u0105 p\u0142ynny ruch, ale tak\u017ce wytrzymuj\u0105 du\u017ce obci\u0105\u017cenia, gwarantuj\u0105c wydajn\u0105 prac\u0119 i niezawodno\u015b\u0107 maszyn w r\u00f3\u017cnych warunkach pracy.<\/p>\n<p><img decoding=\"async\" src=\"https:\/\/www.hydraulic-cylinders.net\/wp-content\/uploads\/2025\/01\/songte-company-2.webp\"><\/p>\n<h2>Cechy<\/h2>\n<ul>\n<li>\n<h3>Efektywne przenoszenie mocy:<\/h3>\n<p> Si\u0142ownik ramienia zapewnia mocny ruch liniowy i moc, gwarantuj\u0105c wysok\u0105 wydajno\u015b\u0107 pracy maszyny.<\/li>\n<li>\n<h3>Precyzyjna kontrola:<\/h3>\n<p> Dzi\u0119ki uk\u0142adowi hydraulicznemu si\u0142ownik ramienia mo\u017ce uzyska\u0107 precyzyjn\u0105 kontrol\u0119 ruchu, co sprawia, \u017ce \u200b\u200bpraca pod\u0142\u0105czonych narz\u0119dzi jest bardziej elastyczna i dok\u0142adna.<\/li>\n<li>\n<h3>Wysoka trwa\u0142o\u015b\u0107:<\/h3>\n<p> Cylindry ramienia s\u0105 zazwyczaj wykonane z materia\u0142\u00f3w o wysokiej wytrzyma\u0142o\u015bci, charakteryzuj\u0105cych si\u0119 dobr\u0105 odporno\u015bci\u0105 na zu\u017cycie i korozj\u0119, dzi\u0119ki czemu nadaj\u0105 si\u0119 do d\u0142ugotrwa\u0142ego u\u017cytkowania w trudnych warunkach.<\/li>\n<li>\n<h3>Wielofunkcyjno\u015b\u0107:<\/h3>\n<p> Cylindry te mog\u0105 by\u0107 szeroko stosowane w r\u00f3\u017cnych typach maszyn, takich jak koparki, d\u017awigi i ramiona robotyczne, dostosowuj\u0105c si\u0119 do r\u00f3\u017cnych wymaga\u0144 roboczych.<\/li>\n<li>\n<h3>\u0141atwa konserwacja:<\/h3>\n<p> Projekt uwzgl\u0119dnia \u0142atwo\u015b\u0107 konserwacji i wymiany, dzi\u0119ki czemu regularne kontrole i konserwacje staj\u0105 si\u0119 wygodniejsze, a przestoje sprz\u0119tu zostaj\u0105 skr\u00f3cone.<\/li>\n<\/ul>\n<p>Jeste\u015bmy w stanie wyprodukowa\u0107 ten produkt i nasze produkty mog\u0105 doskonale zast\u0105pi\u0107 te cylindry hydrauliczne.<\/p>\n<p><img decoding=\"async\" src=\"https:\/\/www.hydraulic-cylinders.net\/wp-content\/uploads\/2025\/01\/songte-oil-pipes-and-spare-parts.webp\"><\/p>\n<h2>Aplikacje<\/h2>\n<p>Cylindry ramieniowe s\u0105 stosowane w r\u00f3\u017cnych ga\u0142\u0119ziach przemys\u0142u i zastosowaniach, w tym:<\/p>\n<ul>\n<li>\n<h3>Budowa:<\/h3>\n<p> W koparkach i d\u017awigach si\u0142owniki ramieniowe s\u0142u\u017c\u0105 do sterowania ruchem \u0142y\u017cek lub wysi\u0119gnik\u00f3w podczas rob\u00f3t ziemnych, przenoszenia materia\u0142\u00f3w i instalacji konstrukcyjnych.<\/li>\n<li>\n<h3>Produkcja:<\/h3>\n<p> W zautomatyzowanych liniach produkcyjnych si\u0142owniki ramieniowe s\u0142u\u017c\u0105 do poruszania ramionami robot\u00f3w podczas proces\u00f3w monta\u017cu, spawania i obs\u0142ugi, co zwi\u0119ksza wydajno\u015b\u0107 i precyzj\u0119 produkcji.<\/li>\n<li>\n<h3>Maszyny rolnicze:<\/h3>\n<p> W maszynach rolniczych, takich jak kombajny i sadzarki, si\u0142owniki ramion steruj\u0105 ruchem ramion roboczych, wykonuj\u0105cych takie zadania, jak siew, nawo\u017cenie i zbi\u00f3r.<\/li>\n<li>\n<h3>G\u00f3rnictwo:<\/h3>\n<p> W sprz\u0119cie g\u00f3rniczym cylindry ramieniowe s\u0142u\u017c\u0105 do sterowania ruchem ramion sprz\u0119tu g\u00f3rniczego stosowanego przy wydobyciu i transporcie rud.<\/li>\n<li>\n<h3>Logistyka i transport:<\/h3>\n<p> W w\u00f3zkach wid\u0142owych i robotach manipulacyjnych si\u0142owniki ramion s\u0142u\u017c\u0105 do sterowania podnoszeniem i ruchem wide\u0142, co umo\u017cliwia przenoszenie materia\u0142\u00f3w i ich uk\u0142adanie.<\/li>\n<\/ul>\n<h2>Zagadnienia projektowe i kryteria wyboru<\/h2>\n<p>Projekt cylindra ramienia uwzgl\u0119dnia kluczowe czynniki, takie jak no\u015bno\u015b\u0107, uszczelnienie, trwa\u0142o\u015b\u0107, bezpiecze\u0144stwo i \u0142atwo\u015b\u0107 konserwacji. <\/p>\n<ul>\n<li>\n<h3>No\u015bno\u015b\u0107:<\/h3>\n<p> Si\u0142ownik ramienia musi by\u0107 w stanie wytrzyma\u0107 obci\u0105\u017cenia dzia\u0142aj\u0105ce na niego podczas pracy, co gwarantuje jego p\u0142ynn\u0105 i wydajn\u0105 prac\u0119.<\/li>\n<li>\n<h3>Opiecz\u0119towanie:<\/h3>\n<p> Cylinder musi by\u0107 skutecznie uszczelniony, aby zapobiec wyciekom p\u0142ynu hydraulicznego i zanieczyszczeniom pochodz\u0105cym z zewn\u0105trz.<\/li>\n<li>\n<h3>Trwa\u0142o\u015b\u0107:<\/h3>\n<p> Cylinder ramienia powinien by\u0107 wykonany z materia\u0142\u00f3w wysokiej jako\u015bci, odpornych na trudne warunki pracy.<\/li>\n<li>\n<h3>Bezpiecze\u0144stwo:<\/h3>\n<p> Cylinder ramienia musi by\u0107 zaprojektowany w spos\u00f3b zapobiegaj\u0105cy wypadkom i obra\u017ceniom personelu i maszyn.<\/li>\n<li>\n<h3>Utrzymywalno\u015b\u0107:<\/h3>\n<p> Projekt musi uwzgl\u0119dnia\u0107 \u0142atwo\u015b\u0107 konserwacji i wymiany, co skr\u00f3ci przestoje i zmaksymalizuje wydajno\u015b\u0107.<\/li>\n<\/ul>\n<p><img decoding=\"async\" src=\"https:\/\/www.hydraulic-cylinders.net\/wp-content\/uploads\/2025\/01\/songte-cylinder-head-with-all-kinds-excavator-models.webp\"><\/p>\n<h2>Uszczelnianie i smarowanie<\/h2>\n<p>W si\u0142ownikach ramieniowych stosowane s\u0105 r\u00f3\u017cne elementy uszczelniaj\u0105ce, takie jak uszczelnienia t\u0142oczysk i t\u0142oczysk, wykonane z materia\u0142\u00f3w odpornych na zu\u017cycie, takich jak poliuretan i kauczuk nitrylowy. Korpus si\u0142ownika i gwintowane powierzchnie ko\u0144cowe s\u0105 precyzyjnie obrabiane w celu zwi\u0119kszenia odporno\u015bci na zu\u017cycie. Regularna konserwacja obejmuje dodawanie odpowiedniej ilo\u015bci oleju hydraulicznego w celu smarowania.<\/p>\n<h2>Konserwacja zapobiegawcza i rozwi\u0105zywanie problem\u00f3w<\/h2>\n<p>Regularne przegl\u0105dy i konserwacja zapobiegawcza s\u0105 niezb\u0119dne dla zapewnienia p\u0142ynnej pracy si\u0142ownika ramienia. Typowe problemy, takie jak wyciek p\u0142ynu hydraulicznego, dryft si\u0142ownika i obni\u017cona wydajno\u015b\u0107, mo\u017cna zdiagnozowa\u0107 i rozwi\u0105za\u0107, stosuj\u0105c odpowiednie metody rozwi\u0105zywania problem\u00f3w. \u015arodki zapobiegawcze obejmuj\u0105 utrzymanie czysto\u015bci si\u0142ownika, zapewnienie prawid\u0142owego monta\u017cu i mocowania oraz przestrzeganie zalecanych harmonogram\u00f3w konserwacji.<\/p>\n<p><img decoding=\"async\" src=\"https:\/\/www.hydraulic-cylinders.net\/wp-content\/uploads\/2025\/01\/songte-chushion-collar.webp\"><\/p>\n<h2>Przewodnik instalacji<\/h2>\n<p>Aby prawid\u0142owo zamontowa\u0107 si\u0142ownik ramienia, nale\u017cy post\u0119powa\u0107 zgodnie z instrukcjami producenta i przestrzega\u0107 odpowiednich \u015brodk\u00f3w bezpiecze\u0144stwa. Nale\u017cy sprawdzi\u0107 kompatybilno\u015b\u0107 sprz\u0119tu i upewni\u0107 si\u0119, \u017ce wszystkie punkty mocowania s\u0105 bezpieczne i w dobrym stanie. Przed u\u017cyciem nale\u017cy przeprowadzi\u0107 test funkcjonalny, aby upewni\u0107 si\u0119, \u017ce si\u0142ownik dzia\u0142a prawid\u0142owo.<\/p>\n<h2>O nas<\/h2>\n<p>Jeste\u015bmy profesjonalnym producentem zamiennych cylindr\u00f3w hydraulicznych, oferuj\u0105cym szerok\u0105 gam\u0119 produkt\u00f3w i jednym z wiod\u0105cych producent\u00f3w oraz dystrybutor\u00f3w hurtowych cylindr\u00f3w hydraulicznych na rynku krajowym i mi\u0119dzynarodowym. Zawsze kierujemy si\u0119 zasad\u0105 doskona\u0142o\u015bci, opieraj\u0105c si\u0119 na zindustrializowanych strategiach zarz\u0105dzania produkcj\u0105 w precyzyjnie wyposa\u017conych warsztatach, aby stale podnosi\u0107 poziom techniczny i wydajno\u015b\u0107 produkcji. Wprowadzaj\u0105c wysokiej klasy cyfrowy sprz\u0119t produkcyjny i profesjonalne systemy testowe, optymalizujemy platform\u0119 produkcyjn\u0105 i usprawniamy proces kontroli jako\u015bci produkt\u00f3w, dysponuj\u0105c silnymi mo\u017cliwo\u015bciami innowacyjnymi. Naszym celem jest zaspokajanie zr\u00f3\u017cnicowanych potrzeb klient\u00f3w poprzez wydajno\u015b\u0107, dok\u0142adno\u015b\u0107 i wysok\u0105 jako\u015b\u0107.<\/p>\n<ul>\n<li>\n<h3>Profesjonalizm:<\/h3>\n<p> Mamy zesp\u00f3\u0142 do\u015bwiadczonych i profesjonalnych in\u017cynier\u00f3w i technik\u00f3w, kt\u00f3rzy specjalizuj\u0105 si\u0119 w projektowaniu, produkcji i kontroli jako\u015bci cylindr\u00f3w hydraulicznych.<\/li>\n<li>\n<h3>Certyfikacja mi\u0119dzynarodowa:<\/h3>\n<p> Nasze produkty uzyska\u0142y szereg krajowych i mi\u0119dzynarodowych certyfikat\u00f3w jako\u015bci, takich jak ISO9001:2015, CE i SGS.<\/li>\n<li>\n<h3>Us\u0142ugi personalizacji:<\/h3>\n<p> Oferujemy us\u0142ugi dostosowane do indywidualnych potrzeb klient\u00f3w.<\/li>\n<li>\n<h3>Sprz\u0119t produkcyjny:<\/h3>\n<p> Wykorzystujemy zaawansowany i najwy\u017cszej klasy sprz\u0119t do produkcji cyfrowej, taki jak tokarki CNC i centra obr\u00f3bcze, aby zapewni\u0107 wysok\u0105 precyzj\u0119 i powtarzalno\u015b\u0107 naszych produkt\u00f3w.<\/li>\n<li>\n<h3>Serwis posprzeda\u017cowy:<\/h3>\n<p> Zapewniamy kompleksow\u0105 i profesjonaln\u0105 obs\u0142ug\u0119 posprzeda\u017cow\u0105, obejmuj\u0105c\u0105 wsparcie techniczne, konserwacj\u0119 produkt\u00f3w i gwarancj\u0119.<\/li>\n<\/ul>\n<p><img decoding=\"async\" src=\"https:\/\/www.hydraulic-cylinders.net\/wp-content\/uploads\/2025\/01\/songte-company-4.webp\"><\/p>\n<p><img decoding=\"async\" src=\"https:\/\/www.hydraulic-cylinders.net\/wp-content\/uploads\/2025\/01\/songte-company-3.webp\"><\/p>\n<footer>Autor: lyl.<\/footer>","protected":false},"excerpt":{"rendered":"<p>Arm Cylinder For Bonny CTD460-6 Introduction An arm cylinder is a specialized hydraulic cylinder that is primarily used to provide linear motion and power to the arms of various types of machinery such as excavators, cranes, and robotic arms. The arm cylinder plays a critical role in hydraulic systems, allowing for effective movement and control [&hellip;]<\/p>","protected":false},"featured_media":14786,"comment_status":"open","ping_status":"closed","template":"","meta":{"_et_pb_use_builder":"","_et_pb_old_content":"","_et_gb_content_width":""},"product_brand":[],"product_cat":[1497],"product_tag":[1498,1496],"class_list":{"0":"post-16868","1":"product","2":"type-product","3":"status-publish","4":"has-post-thumbnail","6":"product_cat-arm-cylinders","7":"product_tag-arm-cylinders","8":"product_tag-hydraulic-cylinders","10":"first","11":"instock","12":"shipping-taxable","13":"product-type-simple"},"amp_enabled":true,"_links":{"self":[{"href":"https:\/\/www.hydraulic-cylinders.net\/pl\/wp-json\/wp\/v2\/product\/16868","targetHints":{"allow":["GET"]}}],"collection":[{"href":"https:\/\/www.hydraulic-cylinders.net\/pl\/wp-json\/wp\/v2\/product"}],"about":[{"href":"https:\/\/www.hydraulic-cylinders.net\/pl\/wp-json\/wp\/v2\/types\/product"}],"replies":[{"embeddable":true,"href":"https:\/\/www.hydraulic-cylinders.net\/pl\/wp-json\/wp\/v2\/comments?post=16868"}],"wp:featuredmedia":[{"embeddable":true,"href":"https:\/\/www.hydraulic-cylinders.net\/pl\/wp-json\/wp\/v2\/media\/14786"}],"wp:attachment":[{"href":"https:\/\/www.hydraulic-cylinders.net\/pl\/wp-json\/wp\/v2\/media?parent=16868"}],"wp:term":[{"taxonomy":"product_brand","embeddable":true,"href":"https:\/\/www.hydraulic-cylinders.net\/pl\/wp-json\/wp\/v2\/product_brand?post=16868"},{"taxonomy":"product_cat","embeddable":true,"href":"https:\/\/www.hydraulic-cylinders.net\/pl\/wp-json\/wp\/v2\/product_cat?post=16868"},{"taxonomy":"product_tag","embeddable":true,"href":"https:\/\/www.hydraulic-cylinders.net\/pl\/wp-json\/wp\/v2\/product_tag?post=16868"}],"curies":[{"name":"wp","href":"https:\/\/api.w.org\/{rel}","templated":true}]}}