{"id":16870,"date":"2025-01-21T06:09:23","date_gmt":"2025-01-21T06:09:23","guid":{"rendered":"https:\/\/www.hydraulic-cylinders.net\/product\/arm-cylinder-for-bonny-wzt46-7-45-7\/"},"modified":"2025-01-21T06:09:25","modified_gmt":"2025-01-21T06:09:25","slug":"arm-cylinder-for-bonny-wzt46-7-45-7","status":"publish","type":"product","link":"https:\/\/www.hydraulic-cylinders.net\/pl\/produkt\/arm-cylinder-for-bonny-wzt46-7-45-7\/","title":{"rendered":"Si\u0142ownik ramienia do Bonny WZT46-7\/45-7"},"content":{"rendered":"<h1>Si\u0142ownik ramienia do Bonny WZT46-7\/45-7<\/h1>\n<h2>Wst\u0119p<\/h2>\n<p>Si\u0142ownik ramienia do Bonny WZT46-7\/45-7 to specjalnie zaprojektowany si\u0142ownik hydrauliczny, kt\u00f3ry zapewnia liniowy ruch i moc ramienia r\u00f3\u017cnego rodzaju maszyn, takich jak koparki, d\u017awigi i ramiona mechaniczne. Si\u0142ownik ramienia odgrywa kluczow\u0105 rol\u0119 w uk\u0142adach hydraulicznych, umo\u017cliwiaj\u0105c wydajny ruch i sterowanie dodatkowymi narz\u0119dziami lub osprz\u0119tem. Si\u0142owniki te nie tylko zapewniaj\u0105 p\u0142ynny ruch, ale tak\u017ce wytrzymuj\u0105 du\u017ce obci\u0105\u017cenia, gwarantuj\u0105c wysok\u0105 wydajno\u015b\u0107 i niezawodno\u015b\u0107 maszyn w r\u00f3\u017cnych warunkach pracy.<\/p>\n<p><img decoding=\"async\" src=\"https:\/\/www.hydraulic-cylinders.net\/wp-content\/uploads\/2025\/01\/songte-company-2.webp\"><\/p>\n<h2>Cechy<\/h2>\n<ul>\n<li>Wydajne przenoszenie mocy: Cylinder ramienia zapewnia mocny ruch liniowy i si\u0142\u0119, gwarantuj\u0105c wysok\u0105 wydajno\u015b\u0107 ramienia mechanicznego podczas r\u00f3\u017cnych operacji.<\/li>\n<li>Precyzyjna kontrola: Dzi\u0119ki uk\u0142adowi hydraulicznemu si\u0142ownik ramienia umo\u017cliwia precyzyjn\u0105 kontrol\u0119 ruchu, co sprawia, \u017ce \u200b\u200bobs\u0142uga pod\u0142\u0105czonych narz\u0119dzi jest bardziej elastyczna i dok\u0142adna.<\/li>\n<li>Wysoka trwa\u0142o\u015b\u0107: Cylindry ramienia s\u0105 zazwyczaj wykonane z materia\u0142\u00f3w o wysokiej wytrzyma\u0142o\u015bci, charakteryzuj\u0105cych si\u0119 doskona\u0142\u0105 odporno\u015bci\u0105 na zu\u017cycie i korozj\u0119, dzi\u0119ki czemu nadaj\u0105 si\u0119 do d\u0142ugotrwa\u0142ego u\u017cytkowania w trudnych warunkach.<\/li>\n<li>Wielofunkcyjna adaptacja: Te cylindry s\u0105 szeroko stosowane w r\u00f3\u017cnych maszynach, takich jak koparki, d\u017awigi i ramiona mechaniczne, dostosowuj\u0105c si\u0119 do r\u00f3\u017cnych wymaga\u0144 roboczych.<\/li>\n<li>\u0141atwa konserwacja: Projekt uwzgl\u0119dnia \u0142atwo\u015b\u0107 konserwacji i wymiany, dzi\u0119ki czemu regularne kontrole i prace konserwacyjne s\u0105 wygodniejsze, a przestoje sprz\u0119tu kr\u00f3tsze.<\/li>\n<\/ul>\n<p><img decoding=\"async\" src=\"https:\/\/www.hydraulic-cylinders.net\/wp-content\/uploads\/2025\/01\/songte-oil-pipes-and-spare-parts.webp\"><\/p>\n<h2>Aplikacje<\/h2>\n<ul>\n<li>In\u017cynieria budowlana: W koparkach i d\u017awigach si\u0142ownik ramienia steruje ruchem \u0142y\u017cki lub wysi\u0119gnika, u\u0142atwiaj\u0105c prace ziemne, przenoszenie materia\u0142\u00f3w i monta\u017c konstrukcji.<\/li>\n<li>Przemys\u0142 wytw\u00f3rczy: W zautomatyzowanych liniach produkcyjnych si\u0142ownik ramienia jest wykorzystywany do poruszania ramion mechanicznych w procesach takich jak monta\u017c, spawanie i obs\u0142uga materia\u0142\u00f3w, co zwi\u0119ksza wydajno\u015b\u0107 i dok\u0142adno\u015b\u0107 produkcji.<\/li>\n<li>Maszyny rolnicze: Cylindry ramion steruj\u0105 ruchem ramion roboczych w maszynach rolniczych, takich jak kombajny i siewniki, wykonuj\u0105cych zadania takie jak siew, nawo\u017cenie i zbi\u00f3r.<\/li>\n<li>G\u00f3rnictwo: W sprz\u0119cie g\u00f3rniczym cylindry ramieniowe steruj\u0105 ruchem ramienia podczas wydobywania i transportu rud.<\/li>\n<li>Logistyka i transport: W w\u00f3zkach wid\u0142owych i robotach prze\u0142adunkowych si\u0142owniki ramion steruj\u0105 podnoszeniem i ruchem wide\u0142, umo\u017cliwiaj\u0105c przenoszenie i uk\u0142adanie materia\u0142\u00f3w.<\/li>\n<\/ul>\n<h2>Zagadnienia projektowe i kryteria wyboru<\/h2>\n<p>Je\u015bli chodzi o kwestie projektowe i kryteria wyboru cylindr\u00f3w ramieniowych, nale\u017cy om\u00f3wi\u0107 kilka kluczowych czynnik\u00f3w:<\/p>\n<ol>\n<li>No\u015bno\u015b\u0107: Cylindry ramieniowe powinny by\u0107 zaprojektowane w taki spos\u00f3b, aby wytrzymywa\u0142y okre\u015blone obci\u0105\u017cenia wymagane w maszynach, w kt\u00f3rych s\u0105 stosowane.<\/li>\n<li>Uszczelnienie: Aby zagwarantowa\u0107 skuteczne uszczelnienie, nale\u017cy stosowa\u0107 r\u00f3\u017cne elementy uszczelniaj\u0105ce, takie jak uszczelki t\u0142okowe i uszczelki t\u0142oczyskowe wykonane z materia\u0142\u00f3w odpornych na zu\u017cycie, takich jak poliuretan i kauczuk nitrylowy.<\/li>\n<li>Trwa\u0142o\u015b\u0107: Korpus cylindra i gwintowane powierzchnie ko\u0144cowe powinny zosta\u0107 poddane precyzyjnej obr\u00f3bce w celu zwi\u0119kszenia odporno\u015bci na zu\u017cycie.<\/li>\n<li>Bezpiecze\u0144stwo: Cylindry ramieniowe powinny by\u0107 zaprojektowane z uwzgl\u0119dnieniem zabezpiecze\u0144 zapobiegaj\u0105cych wypadkom, np. zaworami bezpiecze\u0144stwa i funkcjami zatrzymania awaryjnego.<\/li>\n<li>\u0141atwo\u015b\u0107 konserwacji: Podczas projektowania nale\u017cy uwzgl\u0119dni\u0107 regularne smarowanie olejem hydraulicznym oraz \u0142atwy dost\u0119p w celu przeprowadzenia konserwacji i napraw.<\/li>\n<\/ol>\n<p><img decoding=\"async\" src=\"https:\/\/www.hydraulic-cylinders.net\/wp-content\/uploads\/2025\/01\/songte-cylinder-head-with-all-kinds-excavator-models.webp\"><\/p>\n<h2>Uszczelnianie i smarowanie<\/h2>\n<p>Si\u0142owniki ramieniowe wykorzystuj\u0105 r\u00f3\u017cnorodne elementy uszczelniaj\u0105ce, takie jak uszczelnienia t\u0142oka i t\u0142oczyska, wykonane z trwa\u0142ych materia\u0142\u00f3w, takich jak poliuretan i kauczuk nitrylowy. Korpus cylindra i gwintowane powierzchnie ko\u0144cowe s\u0105 precyzyjnie obrobione, aby zwi\u0119kszy\u0107 odporno\u015b\u0107 na zu\u017cycie. Regularne smarowanie odpowiedni\u0105 ilo\u015bci\u0105 oleju hydraulicznego jest wymagane, aby zapewni\u0107 p\u0142ynn\u0105 prac\u0119 i wyd\u0142u\u017cy\u0107 \u017cywotno\u015b\u0107 cylindra.<\/p>\n<h2>Regularne kontrole i konserwacja zapobiegawcza<\/h2>\n<p>Regularne przegl\u0105dy i konserwacja zapobiegawcza s\u0105 niezb\u0119dne dla optymalnej pracy si\u0142ownik\u00f3w ramienia. Nale\u017cy podj\u0105\u0107 nast\u0119puj\u0105ce dzia\u0142ania:<\/p>\n<ul>\n<li>Sprawd\u017a, czy nie ma \u015blad\u00f3w przeciek\u00f3w lub uszkodze\u0144 element\u00f3w uszczelniaj\u0105cych i w razie potrzeby wymie\u0144 je.<\/li>\n<li>Sprawd\u017a korpus cylindra i powierzchnie ko\u0144cowe pod k\u0105tem oznak zu\u017cycia lub korozji i niezw\u0142ocznie zajmij si\u0119 wszelkimi problemami.<\/li>\n<li>Zapewnij odpowiednie smarowanie cylindra i w razie potrzeby uzupe\u0142nij olej hydrauliczny.<\/li>\n<li>Dokr\u0119\u0107 wszystkie po\u0142\u0105czenia, aby zapobiec potencjalnym wyciekom.<\/li>\n<li>Przeprowad\u017a testy funkcjonalne, aby sprawdzi\u0107 dzia\u0142anie cylindra i w razie potrzeby dokonaj regulacji.<\/li>\n<\/ul>\n<h2>Instrukcja instalacji produktu<\/h2>\n<p>Prawid\u0142owy monta\u017c si\u0142ownika ramienia ma kluczowe znaczenie dla jego efektywnego dzia\u0142ania. Wykonaj nast\u0119puj\u0105ce kroki:<\/p>\n<ol>\n<li>Przygotuj miejsce instalacji i upewnij si\u0119, \u017ce jest czyste i wolne od wszelkich zanieczyszcze\u0144.<\/li>\n<li>Umie\u015b\u0107 cylinder ramienia w wyznaczonym miejscu i zabezpiecz go za pomoc\u0105 odpowiednich wspornik\u00f3w monta\u017cowych lub \u015brub.<\/li>\n<li>Pod\u0142\u0105cz przewody lub rury hydrauliczne do cylindra, zapewniaj\u0105c szczelne i szczelne po\u0142\u0105czenia.<\/li>\n<li>Sprawd\u017a wyr\u00f3wnanie cylindra wzgl\u0119dem innych element\u00f3w i dokonaj niezb\u0119dnych regulacji.<\/li>\n<li>Przetestuj dzia\u0142anie cylindra, aby upewni\u0107 si\u0119, \u017ce ruch jest p\u0142ynny i precyzyjny.<\/li>\n<\/ol>\n<p><img decoding=\"async\" src=\"https:\/\/www.hydraulic-cylinders.net\/wp-content\/uploads\/2025\/01\/songte-bushings-with-all-kinds-of-excavator-models.webp\"><\/p>\n<h2>Zagadnienia bezpiecze\u0144stwa i czynniki \u015brodowiskowe<\/h2>\n<p>Podczas u\u017cytkowania si\u0142ownik\u00f3w ramieniowych nie mo\u017cna przeceni\u0107 znaczenia przestrzegania zasad bezpiecze\u0144stwa. Odpowiednie przeszkolenie i przestrzeganie wytycznych bezpiecze\u0144stwa s\u0105 niezb\u0119dne, aby zapobiega\u0107 wypadkom i zapewni\u0107 bezpiecze\u0144stwo operatorom i osobom postronnym. Ponadto kluczowe jest uwzgl\u0119dnienie czynnik\u00f3w \u015brodowiskowych, takich jak wp\u0142yw wycieku oleju hydraulicznego na ekosystemy. Nale\u017cy przestrzega\u0107 zasad prawid\u0142owej utylizacji i post\u0119powania z p\u0142ynami hydraulicznymi, aby zminimalizowa\u0107 szkodliwo\u015b\u0107 dla \u015brodowiska.<\/p>\n<h2>Rozwi\u0105zywanie problem\u00f3w i typowe problemy<\/h2>\n<p>Do typowych problem\u00f3w, kt\u00f3re mog\u0105 wyst\u0105pi\u0107 w przypadku cylindr\u00f3w ramienia, nale\u017c\u0105:<\/p>\n<ul>\n<li>Wyciek z uszczelek lub po\u0142\u0105cze\u0144<\/li>\n<li>Utrata mocy lub zmniejszona wydajno\u015b\u0107<\/li>\n<li>Ruch nieregularny lub szarpany<\/li>\n<li>Ha\u0142as lub wibracje podczas pracy<\/li>\n<li>Niemo\u017cno\u015b\u0107 utrzymania ci\u015bnienia<\/li>\n<\/ul>\n<p>Aby rozwi\u0105za\u0107 te problemy, pomocne mog\u0105 okaza\u0107 si\u0119 poni\u017csze wskaz\u00f3wki dotycz\u0105ce rozwi\u0105zywania problem\u00f3w:<\/p>\n<ul>\n<li>Sprawd\u017a i wymie\u0144 zu\u017cyte lub uszkodzone uszczelki lub po\u0142\u0105czenia.<\/li>\n<li>Sprawd\u017a uk\u0142ad hydrauliczny pod k\u0105tem ewentualnych problem\u00f3w z ci\u015bnieniem i przep\u0142ywem.<\/li>\n<li>Zapewnij odpowiednie smarowanie i p\u0142ynny ruch podzespo\u0142\u00f3w.<\/li>\n<li>Sprawd\u017a, czy nie ma \u015blad\u00f3w uszkodze\u0144 mechanicznych lub nieprawid\u0142owego ustawienia.<\/li>\n<li>Je\u015bli to konieczne, zapoznaj si\u0119 z wytycznymi producenta lub zwr\u00f3\u0107 si\u0119 o pomoc do specjalisty.<\/li>\n<\/ul>\n<p><img decoding=\"async\" src=\"https:\/\/www.hydraulic-cylinders.net\/wp-content\/uploads\/2025\/01\/songte-chushion-collar.webp\"><\/p>\n<p>Artyku\u0142 zosta\u0142 logicznie uporz\u0105dkowany, z wykorzystaniem podtytu\u0142\u00f3w u\u0142atwiaj\u0105cych nawigacj\u0119. Dodano istotne zdj\u0119cia, aby u\u0142atwi\u0107 zrozumienie, a tre\u015b\u0107 jest przejrzysta, zwi\u0119z\u0142a i odpowiednia dla czytelnik\u00f3w o r\u00f3\u017cnym poziomie wiedzy technicznej.<\/p>\n<p><em>Autor: lyl<\/em><\/p>\n<p><img decoding=\"async\" src=\"https:\/\/www.hydraulic-cylinders.net\/wp-content\/uploads\/2025\/01\/songte-company-4.webp\"><br \/>\n<img decoding=\"async\" src=\"https:\/\/www.hydraulic-cylinders.net\/wp-content\/uploads\/2025\/01\/songte-company-3.webp\"><\/p>","protected":false},"excerpt":{"rendered":"<p>Arm Cylinder For Bonny WZT46-7\/45-7 Introduction The Arm Cylinder for Bonny WZT46-7\/45-7 is a specially designed hydraulic cylinder that provides linear motion and power to the arm of various types of machinery, such as excavators, cranes, and mechanical arms. The arm cylinder plays a crucial role in hydraulic systems, enabling the efficient movement and control [&hellip;]<\/p>","protected":false},"featured_media":14779,"comment_status":"open","ping_status":"closed","template":"","meta":{"_et_pb_use_builder":"","_et_pb_old_content":"","_et_gb_content_width":""},"product_brand":[],"product_cat":[1497],"product_tag":[1498,1496],"class_list":{"0":"post-16870","1":"product","2":"type-product","3":"status-publish","4":"has-post-thumbnail","6":"product_cat-arm-cylinders","7":"product_tag-arm-cylinders","8":"product_tag-hydraulic-cylinders","10":"first","11":"instock","12":"shipping-taxable","13":"product-type-simple"},"amp_enabled":true,"_links":{"self":[{"href":"https:\/\/www.hydraulic-cylinders.net\/pl\/wp-json\/wp\/v2\/product\/16870","targetHints":{"allow":["GET"]}}],"collection":[{"href":"https:\/\/www.hydraulic-cylinders.net\/pl\/wp-json\/wp\/v2\/product"}],"about":[{"href":"https:\/\/www.hydraulic-cylinders.net\/pl\/wp-json\/wp\/v2\/types\/product"}],"replies":[{"embeddable":true,"href":"https:\/\/www.hydraulic-cylinders.net\/pl\/wp-json\/wp\/v2\/comments?post=16870"}],"wp:featuredmedia":[{"embeddable":true,"href":"https:\/\/www.hydraulic-cylinders.net\/pl\/wp-json\/wp\/v2\/media\/14779"}],"wp:attachment":[{"href":"https:\/\/www.hydraulic-cylinders.net\/pl\/wp-json\/wp\/v2\/media?parent=16870"}],"wp:term":[{"taxonomy":"product_brand","embeddable":true,"href":"https:\/\/www.hydraulic-cylinders.net\/pl\/wp-json\/wp\/v2\/product_brand?post=16870"},{"taxonomy":"product_cat","embeddable":true,"href":"https:\/\/www.hydraulic-cylinders.net\/pl\/wp-json\/wp\/v2\/product_cat?post=16870"},{"taxonomy":"product_tag","embeddable":true,"href":"https:\/\/www.hydraulic-cylinders.net\/pl\/wp-json\/wp\/v2\/product_tag?post=16870"}],"curies":[{"name":"wp","href":"https:\/\/api.w.org\/{rel}","templated":true}]}}