{"id":16871,"date":"2025-01-21T06:09:27","date_gmt":"2025-01-21T06:09:27","guid":{"rendered":"https:\/\/www.hydraulic-cylinders.net\/product\/arm-cylinder-for-bonny-waydq50-5\/"},"modified":"2025-01-21T06:09:29","modified_gmt":"2025-01-21T06:09:29","slug":"arm-cylinder-for-bonny-waydq50-5","status":"publish","type":"product","link":"https:\/\/www.hydraulic-cylinders.net\/pl\/produkt\/arm-cylinder-for-bonny-waydq50-5\/","title":{"rendered":"Si\u0142ownik ramienia do Bonny WAYDQ50-5"},"content":{"rendered":"<h1>Si\u0142ownik ramienia do Bonny WAYDQ50-5<\/h1>\n<h2>Wst\u0119p<\/h2>\n<p>Si\u0142ownik ramienia to specjalnie zaprojektowany si\u0142ownik hydrauliczny, kt\u00f3ry zapewnia ruch liniowy i zasilanie r\u00f3\u017cnego rodzaju ramion maszyn, takich jak koparki, d\u017awigi i ramiona mechaniczne. Si\u0142ownik ramienia odgrywa kluczow\u0105 rol\u0119 w uk\u0142adzie hydraulicznym, umo\u017cliwiaj\u0105c efektywne poruszanie si\u0119 i sterowanie dodatkowymi narz\u0119dziami lub osprz\u0119tem. Si\u0142owniki te nie tylko zapewniaj\u0105 p\u0142ynny ruch, ale tak\u017ce wytrzymuj\u0105 du\u017ce obci\u0105\u017cenia, gwarantuj\u0105c wydajn\u0105 prac\u0119 i niezawodno\u015b\u0107 maszyn w r\u00f3\u017cnych warunkach eksploatacyjnych.<\/p>\n<p><img decoding=\"async\" src=\"https:\/\/www.hydraulic-cylinders.net\/wp-content\/uploads\/2025\/01\/songte-company-2.webp\" alt=\"Cylinder ramienia\" \/><\/p>\n<h2>Cechy<\/h2>\n<ul>\n<li>Wydajne przenoszenie mocy: Cylinder ramienia zapewnia mocny ruch liniowy i si\u0142\u0119, gwarantuj\u0105c wysok\u0105 wydajno\u015b\u0107 ramienia mechanicznego podczas r\u00f3\u017cnych operacji.<\/li>\n<li>Precyzyjna kontrola: Dzi\u0119ki uk\u0142adowi hydraulicznemu si\u0142ownik ramienia mo\u017ce uzyska\u0107 precyzyjn\u0105 kontrol\u0119 ruchu, co sprawia, \u017ce \u200b\u200bobs\u0142uga dodatkowych narz\u0119dzi jest bardziej elastyczna i dok\u0142adna.<\/li>\n<li>Wysoka trwa\u0142o\u015b\u0107: Cylindry ramienia s\u0105 zazwyczaj wykonane z materia\u0142\u00f3w o wysokiej wytrzyma\u0142o\u015bci, charakteryzuj\u0105 si\u0119 dobr\u0105 odporno\u015bci\u0105 na zu\u017cycie i korozj\u0119 oraz nadaj\u0105 si\u0119 do d\u0142ugotrwa\u0142ego u\u017cytkowania w trudnych warunkach.<\/li>\n<li>Wielofunkcyjna mo\u017cliwo\u015b\u0107 adaptacji: Te cylindry mo\u017cna szeroko stosowa\u0107 w r\u00f3\u017cnych urz\u0105dzeniach mechanicznych, takich jak koparki, d\u017awigi i ramiona mechaniczne, aby sprosta\u0107 zr\u00f3\u017cnicowanym wymaganiom roboczym.<\/li>\n<li>\u0141atwa konserwacja: Zaprojektowane z my\u015bl\u0105 o \u0142atwej konserwacji i wymianie, regularne kontrole i konserwacje sta\u0142y si\u0119 wygodniejsze, redukuj\u0105c przestoje sprz\u0119tu.<\/li>\n<\/ul>\n<p>Mo\u017cemy wyprodukowa\u0107 ten produkt, kt\u00f3ry doskonale zast\u0105pi te cylindry hydrauliczne.<\/p>\n<p><img decoding=\"async\" src=\"https:\/\/www.hydraulic-cylinders.net\/wp-content\/uploads\/2025\/01\/songte-oil-pipes-and-spare-parts.webp\" alt=\"Cz\u0119\u015bci cylindra\" \/><\/p>\n<h2>Aplikacje<\/h2>\n<p>Si\u0142ownik ramienia jest szeroko stosowany w r\u00f3\u017cnych ga\u0142\u0119ziach przemys\u0142u do r\u00f3\u017cnych zastosowa\u0144:<\/p>\n<h3>Budowa<\/h3>\n<p>W koparkach i d\u017awigach si\u0142ownik ramienia s\u0142u\u017cy do sterowania ruchem \u0142y\u017cki lub wysi\u0119gnika podczas rob\u00f3t ziemnych, przenoszenia materia\u0142\u00f3w i instalacji konstrukcyjnych.<\/p>\n<h3>Produkcja<\/h3>\n<p>W zautomatyzowanych liniach produkcyjnych si\u0142ownik ramienia jest stosowany do poruszania ramion mechanicznych, monta\u017cu, spawania i operacji przenoszenia w celu zwi\u0119kszenia wydajno\u015bci i dok\u0142adno\u015bci produkcji.<\/p>\n<h3>Maszyny rolnicze<\/h3>\n<p>W maszynach rolniczych, takich jak kombajny i siewniki, si\u0142ownik ramienia steruje ruchem ramienia roboczego, wykonuj\u0105cego takie zadania, jak siew, nawo\u017cenie i zbi\u00f3r.<\/p>\n<h3>G\u00f3rnictwo<\/h3>\n<p>W sprz\u0119cie g\u00f3rniczym si\u0142ownik ramienia steruje ruchem ramienia urz\u0105dzenia, umo\u017cliwiaj\u0105c wykonywanie operacji wydobywczych i transportu materia\u0142\u00f3w.<\/p>\n<h3>Logistyka i transport<\/h3>\n<p>W w\u00f3zkach wid\u0142owych i robotach prze\u0142adunkowych si\u0142ownik ramienia s\u0142u\u017cy do sterowania podnoszeniem i ruchem wide\u0142, co umo\u017cliwia przenoszenie i uk\u0142adanie materia\u0142\u00f3w.<\/p>\n<p><img decoding=\"async\" src=\"https:\/\/www.hydraulic-cylinders.net\/wp-content\/uploads\/2025\/01\/songte-chushion-collar.webp\" alt=\"Cz\u0119\u015bci cylindra\" \/><\/p>\n<h2>Zagadnienia projektowe i kryteria wyboru<\/h2>\n<ul>\n<li>No\u015bno\u015b\u0107: Cylinder ramienia powinien by\u0107 w stanie wytrzyma\u0107 maksymalne obci\u0105\u017cenie ramienia maszyny.<\/li>\n<li>Uszczelnienie: Aby zapewni\u0107 skuteczne uszczelnienie, stosuje si\u0119 r\u00f3\u017cne elementy uszczelniaj\u0105ce, takie jak uszczelnienia t\u0142ok\u00f3w i uszczelnienia t\u0142oczysk wykonane z materia\u0142\u00f3w odpornych na zu\u017cycie, takich jak poliuretan i kauczuk nitrylowy.<\/li>\n<li>Trwa\u0142o\u015b\u0107: Korpus cylindra i gwintowana powierzchnia ko\u0144cowa s\u0105 precyzyjnie obrobione w celu zwi\u0119kszenia odporno\u015bci na zu\u017cycie.<\/li>\n<li>Bezpiecze\u0144stwo: Cylinder powinien by\u0107 wyposa\u017cony w zabezpieczenia, takie jak zawory bezpiecze\u0144stwa, zapobiegaj\u0105ce uszkodzeniom spowodowanym nadmiernym ci\u015bnieniem lub przeci\u0105\u017ceniem.<\/li>\n<li>Konserwacja: Konstrukcja cylindra powinna umo\u017cliwia\u0107 \u0142atw\u0105 konserwacj\u0119 i wymian\u0119, aby ograniczy\u0107 przestoje sprz\u0119tu.<\/li>\n<\/ul>\n<p><img decoding=\"async\" src=\"https:\/\/www.hydraulic-cylinders.net\/wp-content\/uploads\/2025\/01\/songte-cylinder-head-with-all-kinds-excavator-models.webp\" alt=\"Cz\u0119\u015bci cylindra\" \/><\/p>\n<h2>Uszczelnianie i smarowanie<\/h2>\n<p>Aby zapewni\u0107 skuteczne uszczelnienie, stosuje si\u0119 r\u00f3\u017cne elementy uszczelniaj\u0105ce, takie jak uszczelnienia t\u0142oka i t\u0142oczyska, wykonane z materia\u0142\u00f3w odpornych na zu\u017cycie, takich jak poliuretan i kauczuk nitrylowy. Korpus cylindra i gwintowana powierzchnia ko\u0144cowa s\u0105 precyzyjnie obrobione, aby zwi\u0119kszy\u0107 odporno\u015b\u0107 na zu\u017cycie. Regularne uzupe\u0142nianie odpowiednim olejem hydraulicznym jest wymagane do smarowania i ochrony cylindra.<\/p>\n<h2>Konserwacja i naprawa<\/h2>\n<ul>\n<li>Regularna kontrola cylindr\u00f3w i uk\u0142ad\u00f3w hydraulicznych jest konieczna w celu zapewnienia ich prawid\u0142owego dzia\u0142ania i identyfikacji potencjalnych problem\u00f3w.<\/li>\n<li>Dzia\u0142ania konserwacyjne, takie jak czyszczenie i smarowanie, mog\u0105 pom\u00f3c zmniejszy\u0107 liczb\u0119 awarii sprz\u0119tu i wyd\u0142u\u017cy\u0107 jego \u017cywotno\u015b\u0107.<\/li>\n<li>W razie awarii mo\u017cliwa jest szybka diagnoza i naprawa, co pozwala ograniczy\u0107 przestoje i koszty konserwacji.<\/li>\n<\/ul>\n<p><img decoding=\"async\" src=\"https:\/\/www.hydraulic-cylinders.net\/wp-content\/uploads\/2025\/01\/songte-bushings-with-all-kinds-of-excavator-models.webp\" alt=\"Cz\u0119\u015bci cylindra\" \/><\/p>\n<h2>Przewodnik instalacji<\/h2>\n<p>Przed monta\u017cem nale\u017cy upewni\u0107 si\u0119, \u017ce wszystkie cz\u0119\u015bci s\u0105 czyste i nie wykazuj\u0105 uszkodze\u0144 ani odkszta\u0142ce\u0144. Zamontuj cylinder zgodnie z instrukcj\u0105 monta\u017cu producenta. Po\u0142\u0105czenie nale\u017cy dokr\u0119ci\u0107 z wymaganym momentem obrotowym. Po monta\u017cu sprawd\u017a szczelno\u015b\u0107 uk\u0142adu i jego prawid\u0142owe dzia\u0142anie.<\/p>\n<h2>Zagadnienia bezpiecze\u0144stwa i czynniki \u015brodowiskowe<\/h2>\n<p>Aby unikn\u0105\u0107 wypadk\u00f3w, si\u0142ownik ramienia nale\u017cy obs\u0142ugiwa\u0107 \u015bci\u015ble zgodnie z instrukcj\u0105 producenta. Nale\u017cy r\u00f3wnie\u017c zainstalowa\u0107 \u015brodki bezpiecze\u0144stwa, takie jak zawory bezpiecze\u0144stwa, aby zapewni\u0107 bezpieczn\u0105 obs\u0142ug\u0119. Z uwagi na czynniki \u015brodowiskowe, si\u0142owniki nale\u017cy prawid\u0142owo utylizowa\u0107 i poddawa\u0107 recyklingowi, aby zmniejszy\u0107 zanieczyszczenie \u015brodowiska.<\/p>\n<h2>Rozwi\u0105zywanie problem\u00f3w i typowe problemy<\/h2>\n<ul>\n<li>Wyciek: Wyciek mo\u017ce by\u0107 spowodowany uszkodzonymi uszczelkami lub lu\u017anymi po\u0142\u0105czeniami. W razie potrzeby dokr\u0119\u0107 po\u0142\u0105czenie lub wymie\u0144 uszczelk\u0119.<\/li>\n<li>Niewystarczaj\u0105ca moc: Mo\u017ce to by\u0107 spowodowane niskim ci\u015bnieniem hydraulicznym, niewystarczaj\u0105cym dop\u0142ywem oleju lub uszkodzeniem cylindra. Sprawd\u017a i napraw uk\u0142ad hydrauliczny lub wymie\u0144 cylinder, je\u015bli to konieczne.<\/li>\n<li>Nietypowy ha\u0142as: Nietypowy ha\u0142as mo\u017ce by\u0107 spowodowany uszkodzeniem cz\u0119\u015bci lub niedostatecznym smarowaniem. Sprawd\u017a i wymie\u0144 uszkodzone cz\u0119\u015bci lub w razie potrzeby uzupe\u0142nij smar.<\/li>\n<\/ul>\n<p>Aby uzyska\u0107 bardziej szczeg\u00f3\u0142owe informacje na temat rozwi\u0105zywania problem\u00f3w i metod naprawy, zapoznaj si\u0119 z instrukcj\u0105 producenta.<\/p>\n<p><img decoding=\"async\" src=\"https:\/\/www.hydraulic-cylinders.net\/wp-content\/uploads\/2025\/01\/songte-company-4.webp\" alt=\"Firma\" \/><br \/>\n<img decoding=\"async\" src=\"https:\/\/www.hydraulic-cylinders.net\/wp-content\/uploads\/2025\/01\/songte-company-3.webp\" alt=\"Firma\" \/><\/p>\n<h2>O naszej firmie<\/h2>\n<p>Jeste\u015bmy profesjonalnym producentem zamiennych cylindr\u00f3w hydraulicznych, oferuj\u0105cym szerok\u0105 gam\u0119 produkt\u00f3w i stali\u015bmy si\u0119 jednym z wiod\u0105cych producent\u00f3w i dystrybutor\u00f3w cylindr\u00f3w hydraulicznych na rynku krajowym i zagranicznym. Zawsze przestrzegamy zasady doskona\u0142ej jako\u015bci i opieramy si\u0119 na strategii przemys\u0142owego zarz\u0105dzania produkcj\u0105, opartej na precyzyjnych warsztatach produkcyjnych, aby stale ulepsza\u0107 nasz\u0105 technologi\u0119 i wydajno\u015b\u0107 produkcji. Posiadamy silne mo\u017cliwo\u015bci innowacyjne dzi\u0119ki wprowadzaniu wysokiej klasy cyfrowego sprz\u0119tu produkcyjnego i profesjonalnych system\u00f3w testowych. Naszym celem jest zaspokajanie zr\u00f3\u017cnicowanych potrzeb klient\u00f3w poprzez wysok\u0105 wydajno\u015b\u0107, precyzj\u0119 i wysok\u0105 jako\u015b\u0107.<\/p>\n<h3>Profesjonalizm<\/h3>\n<p>Nasz\u0105 firm\u0119 tworz\u0105 profesjonali\u015bci z bogatym do\u015bwiadczeniem w zakresie bada\u0144 i rozwoju, projektowania, produkcji i serwisu, co pozwala nam zapewni\u0107 naszym klientom najwy\u017cszy poziom profesjonalnej obs\u0142ugi i wsparcia.<\/p>\n<h3>Mi\u0119dzynarodowa Certyfikacja<\/h3>\n<p>Nasze produkty uzyska\u0142y mi\u0119dzynarodowe certyfikaty, takie jak ISO9001 i CE, co potwierdza nasze wysokie standardy jako\u015bci i niezawodno\u015b\u0107 produkt\u00f3w.<\/p>\n<h3>Us\u0142uga personalizacji<\/h3>\n<p>Oferujemy us\u0142ugi dostosowane do indywidualnych potrzeb klient\u00f3w, uwzgl\u0119dniaj\u0105ce m.in. rozmiar, ci\u015bnienie, materia\u0142, obr\u00f3bk\u0119 powierzchni i inne parametry.<\/p>\n<h3>Sprz\u0119t produkcyjny<\/h3>\n<p>Nasza firma dysponuje zaawansowanym sprz\u0119tem produkcyjnym, obejmuj\u0105cym tokarki CNC, centra obr\u00f3bcze, wiertarki, szlifierki i inny specjalistyczny sprz\u0119t.<\/p>\n<h3>Serwis posprzeda\u017cowy<\/h3>\n<p>Zapewniamy kompleksowy serwis posprzeda\u017cowy i wsparcie techniczne, aby mie\u0107 pewno\u015b\u0107, \u017ce klienci b\u0119d\u0105 mogli rozwi\u0105za\u0107 wszelkie problemy napotkane w trakcie u\u017cytkowania naszych produkt\u00f3w.<\/p>\n<p><img decoding=\"async\" src=\"https:\/\/www.hydraulic-cylinders.net\/wp-content\/uploads\/2025\/01\/songte-company-4.webp\" alt=\"Firma\" \/><\/p>\n<p>Autor: lyl<\/p>","protected":false},"excerpt":{"rendered":"<p>Arm Cylinder For Bonny WAYDQ50-5 Introduction The arm cylinder is a specially designed hydraulic cylinder used to provide linear motion and power to various types of machine arms, such as excavators, cranes, and mechanical arms. The arm cylinder plays a crucial role in the hydraulic system, allowing additional tools or attachments to move and control [&hellip;]<\/p>","protected":false},"featured_media":14777,"comment_status":"open","ping_status":"closed","template":"","meta":{"_et_pb_use_builder":"","_et_pb_old_content":"","_et_gb_content_width":""},"product_brand":[],"product_cat":[1497],"product_tag":[1498,1496],"class_list":{"0":"post-16871","1":"product","2":"type-product","3":"status-publish","4":"has-post-thumbnail","6":"product_cat-arm-cylinders","7":"product_tag-arm-cylinders","8":"product_tag-hydraulic-cylinders","10":"first","11":"instock","12":"shipping-taxable","13":"product-type-simple"},"amp_enabled":true,"_links":{"self":[{"href":"https:\/\/www.hydraulic-cylinders.net\/pl\/wp-json\/wp\/v2\/product\/16871","targetHints":{"allow":["GET"]}}],"collection":[{"href":"https:\/\/www.hydraulic-cylinders.net\/pl\/wp-json\/wp\/v2\/product"}],"about":[{"href":"https:\/\/www.hydraulic-cylinders.net\/pl\/wp-json\/wp\/v2\/types\/product"}],"replies":[{"embeddable":true,"href":"https:\/\/www.hydraulic-cylinders.net\/pl\/wp-json\/wp\/v2\/comments?post=16871"}],"wp:featuredmedia":[{"embeddable":true,"href":"https:\/\/www.hydraulic-cylinders.net\/pl\/wp-json\/wp\/v2\/media\/14777"}],"wp:attachment":[{"href":"https:\/\/www.hydraulic-cylinders.net\/pl\/wp-json\/wp\/v2\/media?parent=16871"}],"wp:term":[{"taxonomy":"product_brand","embeddable":true,"href":"https:\/\/www.hydraulic-cylinders.net\/pl\/wp-json\/wp\/v2\/product_brand?post=16871"},{"taxonomy":"product_cat","embeddable":true,"href":"https:\/\/www.hydraulic-cylinders.net\/pl\/wp-json\/wp\/v2\/product_cat?post=16871"},{"taxonomy":"product_tag","embeddable":true,"href":"https:\/\/www.hydraulic-cylinders.net\/pl\/wp-json\/wp\/v2\/product_tag?post=16871"}],"curies":[{"name":"wp","href":"https:\/\/api.w.org\/{rel}","templated":true}]}}