{"id":16872,"date":"2025-01-21T06:09:31","date_gmt":"2025-01-21T06:09:31","guid":{"rendered":"https:\/\/www.hydraulic-cylinders.net\/product\/arm-cylinder-for-bonny-ced460-8-ced480-9\/"},"modified":"2025-01-21T06:09:32","modified_gmt":"2025-01-21T06:09:32","slug":"arm-cylinder-for-bonny-ced460-8-ced480-9","status":"publish","type":"product","link":"https:\/\/www.hydraulic-cylinders.net\/pl\/produkt\/arm-cylinder-for-bonny-ced460-8-ced480-9\/","title":{"rendered":"Si\u0142ownik ramienia do Bonny CED460-8\/CED480-9"},"content":{"rendered":"<p><!DOCTYPE html><br \/>\n<html><\/p>\n<p><head><br \/>\n    <title>Si\u0142ownik ramienia do Bonny CED460-8\/CED480-9<\/title><br \/>\n<\/head><\/p>\n<p><body><\/p>\n<h1>Si\u0142ownik ramienia do Bonny CED460-8\/CED480-9<\/h1>\n<h2>Wst\u0119p<\/h2>\n<p>Si\u0142ownik ramienia to specjalnie zaprojektowany si\u0142ownik hydrauliczny, kt\u00f3ry zapewnia ruch liniowy i zasilanie ramienia r\u00f3\u017cnego rodzaju maszyn, takich jak koparki, d\u017awigi i ramiona robotyczne. Odgrywa kluczow\u0105 rol\u0119 w uk\u0142adach hydraulicznych, umo\u017cliwiaj\u0105c sprawny ruch i sterowanie osprz\u0119tem lub akcesoriami. Si\u0142owniki te nie tylko zapewniaj\u0105 p\u0142ynny ruch, ale tak\u017ce wytrzymuj\u0105 du\u017ce obci\u0105\u017cenia, gwarantuj\u0105c wysok\u0105 wydajno\u015b\u0107 operacyjn\u0105 i niezawodno\u015b\u0107 maszyn w r\u00f3\u017cnych warunkach pracy.<\/p>\n<p>    <img decoding=\"async\" src=\"https:\/\/www.hydraulic-cylinders.net\/wp-content\/uploads\/2025\/01\/songte-company-2.webp\" alt=\"Obraz cylindra ramienia\"><\/p>\n<h2>Cechy<\/h2>\n<ul>\n<li><strong>Wysoce wydajna skrzynia bieg\u00f3w:<\/strong> Cylinder ramienia zapewnia mocny ruch liniowy i si\u0142\u0119, gwarantuj\u0105c wysok\u0105 wydajno\u015b\u0107 ramienia robota w r\u00f3\u017cnych operacjach.<\/li>\n<li><strong>Precyzyjna kontrola:<\/strong> Dzi\u0119ki uk\u0142adowi hydraulicznemu si\u0142ownik ramienia umo\u017cliwia precyzyjn\u0105 kontrol\u0119 ruchu, co sprawia, \u017ce \u200b\u200bpraca z pod\u0142\u0105czonymi narz\u0119dziami jest bardziej elastyczna i dok\u0142adna.<\/li>\n<li><strong>Trwa\u0142o\u015b\u0107:<\/strong> Cylindry ramienia s\u0105 zazwyczaj wykonane z materia\u0142\u00f3w o wysokiej wytrzyma\u0142o\u015bci, zapewniaj\u0105cych doskona\u0142\u0105 odporno\u015b\u0107 na zu\u017cycie i korozj\u0119, dzi\u0119ki czemu nadaj\u0105 si\u0119 do d\u0142ugotrwa\u0142ego u\u017cytkowania w trudnych warunkach.<\/li>\n<li><strong>Wielofunkcyjno\u015b\u0107:<\/strong> Cylindry te mog\u0105 by\u0107 szeroko stosowane w r\u00f3\u017cnych maszynach, takich jak koparki, d\u017awigi i ramiona robotyczne, kt\u00f3re odpowiadaj\u0105 r\u00f3\u017cnym wymaganiom roboczym.<\/li>\n<li><strong>\u0141atwa konserwacja:<\/strong> Zaprojektowane z my\u015bl\u0105 o \u0142atwej konserwacji i wymianie, cylindry u\u0142atwiaj\u0105 regularne kontrole i konserwacj\u0119, zmniejszaj\u0105c przestoje sprz\u0119tu.<\/li>\n<\/ul>\n<p>    <img decoding=\"async\" src=\"https:\/\/www.hydraulic-cylinders.net\/wp-content\/uploads\/2025\/01\/songte-oil-pipes-and-spare-parts.webp\" alt=\"Cz\u0119\u015bci zamienne do cylindra ramienia\"><\/p>\n<h2>Aplikacje<\/h2>\n<ul>\n<li><strong>In\u017cynieria budowlana:<\/strong> W koparkach i d\u017awigach si\u0142owniki ramion steruj\u0105 ruchem czerpak\u00f3w lub wysi\u0119gnik\u00f3w podczas rob\u00f3t ziemnych, przenoszenia materia\u0142\u00f3w i instalacji konstrukcyjnych.<\/li>\n<li><strong>Przemys\u0142 wytw\u00f3rczy:<\/strong> W zautomatyzowanych liniach produkcyjnych si\u0142owniki ramion umo\u017cliwiaj\u0105 ruch ramion robota podczas proces\u00f3w takich jak monta\u017c, spawanie i obs\u0142uga materia\u0142\u00f3w, co zwi\u0119ksza wydajno\u015b\u0107 i dok\u0142adno\u015b\u0107 produkcji.<\/li>\n<li><strong>Maszyny rolnicze:<\/strong> W sprz\u0119cie rolniczym, takim jak kombajny i siewniki, si\u0142owniki ramion steruj\u0105 ruchem ramion roboczych podczas wykonywania takich zada\u0144, jak siew, nawo\u017cenie i zbi\u00f3r.<\/li>\n<li><strong>G\u00f3rnictwo:<\/strong> W sprz\u0119cie g\u00f3rniczym cylindry ramieniowe steruj\u0105 ruchem ramion maszyn g\u00f3rniczych s\u0142u\u017c\u0105cych do wydobywania i transportu rudy.<\/li>\n<li><strong>Logistyka i transport:<\/strong> W w\u00f3zkach wid\u0142owych i robotach prze\u0142adunkowych si\u0142owniki ramion steruj\u0105 podnoszeniem i ruchem wide\u0142, umo\u017cliwiaj\u0105c przenoszenie i uk\u0142adanie materia\u0142\u00f3w.<\/li>\n<\/ul>\n<h2>Zagadnienia projektowe i kryteria wyboru<\/h2>\n<ul>\n<li><strong>No\u015bno\u015b\u0107:<\/strong> Si\u0142ownik ramienia powinien by\u0107 zaprojektowany w taki spos\u00f3b, aby wytrzymywa\u0142 przewidywane obci\u0105\u017cenie i zapewnia\u0142 wystarczaj\u0105c\u0105 moc do wykonania \u017c\u0105danego ruchu.<\/li>\n<li><strong>Opiecz\u0119towanie:<\/strong> Aby zapewni\u0107 skuteczne uszczelnienie, nale\u017cy stosowa\u0107 r\u00f3\u017cne elementy uszczelniaj\u0105ce, takie jak uszczelki t\u0142okowe i t\u0142oczyskowe. Powszechnie stosuje si\u0119 trwa\u0142e materia\u0142y, takie jak poliuretan i kauczuk nitrylowy.<\/li>\n<li><strong>Trwa\u0142o\u015b\u0107:<\/strong> Korpus cylindra i gwintowane ko\u0144c\u00f3wki powinny zosta\u0107 poddane precyzyjnej obr\u00f3bce powierzchniowej w celu zwi\u0119kszenia odporno\u015bci na zu\u017cycie. Konieczne jest regularne smarowanie odpowiednim olejem hydraulicznym.<\/li>\n<li><strong>Bezpiecze\u0144stwo:<\/strong> Aby zapobiec wypadkom i zapewni\u0107 ochron\u0119 operatora, w projekcie nale\u017cy uwzgl\u0119dni\u0107 \u015brodki bezpiecze\u0144stwa.<\/li>\n<li><strong>Utrzymywalno\u015b\u0107:<\/strong> Projekt powinien umo\u017cliwia\u0107 \u0142atw\u0105 konserwacj\u0119 i rozwi\u0105zywanie problem\u00f3w, minimalizuj\u0105c potencjalne przestoje.<\/li>\n<\/ul>\n<p>    <img decoding=\"async\" src=\"https:\/\/www.hydraulic-cylinders.net\/wp-content\/uploads\/2025\/01\/songte-cylinder-head-with-all-kinds-excavator-models.webp\" alt=\"Obraz g\u0142owicy cylindra\"><\/p>\n<h2>Uszczelnianie i smarowanie<\/h2>\n<p>Si\u0142ownik ramienia wykorzystuje r\u00f3\u017cnorodne elementy uszczelniaj\u0105ce, w tym uszczelnienia t\u0142oka i t\u0142oczyska, wykonane z materia\u0142\u00f3w odpornych na zu\u017cycie, takich jak poliuretan i kauczuk nitrylowy. Korpus cylindra i gwintowane ko\u0144c\u00f3wki poddawane s\u0105 precyzyjnej obr\u00f3bce powierzchni w celu zwi\u0119kszenia odporno\u015bci na zu\u017cycie. Regularne smarowanie odpowiedni\u0105 ilo\u015bci\u0105 oleju hydraulicznego jest niezb\u0119dne dla zapewnienia p\u0142ynnej pracy i d\u0142ugiej \u017cywotno\u015bci cylindra.<\/p>\n<h2>Regularne kontrole i konserwacja zapobiegawcza<\/h2>\n<ul>\n<li>Regularnie sprawdzaj cylinder pod k\u0105tem oznak zu\u017cycia, nieszczelno\u015bci lub uszkodze\u0144.<\/li>\n<li>Sprawd\u017a i wymie\u0144 uszczelki lub inne elementy, je\u015bli to konieczne.<\/li>\n<li>Zapewnij odpowiednie smarowanie i w razie potrzeby uzupe\u0142nij olej hydrauliczny.<\/li>\n<li>Nale\u017cy przestrzega\u0107 zalece\u0144 producenta dotycz\u0105cych cz\u0119stotliwo\u015bci i procedur konserwacji.<\/li>\n<\/ul>\n<h2>Instrukcja instalacji produktu<\/h2>\n<p>Prawid\u0142owy monta\u017c si\u0142ownika ramienia ma kluczowe znaczenie dla jego wydajno\u015bci i trwa\u0142o\u015bci. Aby instalacja przebieg\u0142a pomy\u015blnie, wykonaj poni\u017csze kroki:<\/p>\n<ol>\n<li>Przygotuj miejsce monta\u017cu i upewnij si\u0119, \u017ce jest czyste i wolne od zanieczyszcze\u0144.<\/li>\n<li>Dok\u0142adnie zamontuj si\u0142ownik ramienia do maszyny, post\u0119puj\u0105c zgodnie z instrukcj\u0105 producenta.<\/li>\n<li>Pod\u0142\u0105cz prawid\u0142owo przewody hydrauliczne, upewniaj\u0105c si\u0119, \u017ce wszystkie po\u0142\u0105czenia s\u0105 szczelne i szczelne.<\/li>\n<li>Przed oddaniem do u\u017cytku nale\u017cy sprawdzi\u0107 dzia\u0142anie cylindra ramienia, aby mie\u0107 pewno\u015b\u0107, \u017ce dzia\u0142a on prawid\u0142owo.<\/li>\n<\/ol>\n<p>    <img decoding=\"async\" src=\"https:\/\/www.hydraulic-cylinders.net\/wp-content\/uploads\/2025\/01\/songte-bushings-with-all-kinds-of-excavator-models.webp\" alt=\"Obraz tulei\"><\/p>\n<h2>Zagadnienia bezpiecze\u0144stwa i czynniki \u015brodowiskowe<\/h2>\n<p>Podczas pracy z si\u0142ownikami ramieniowymi \u015brodki bezpiecze\u0144stwa maj\u0105 kluczowe znaczenie. Operatorzy powinni przestrzega\u0107 wytycznych bezpiecze\u0144stwa i nosi\u0107 odpowiedni sprz\u0119t ochronny, aby zapobiec wypadkom. Dodatkowo, aby zapewni\u0107 optymaln\u0105 wydajno\u015b\u0107 i trwa\u0142o\u015b\u0107 si\u0142ownika, nale\u017cy uwzgl\u0119dni\u0107 czynniki \u015brodowiskowe, takie jak temperatura i wilgotno\u015b\u0107.<\/p>\n<h2>Rozwi\u0105zywanie problem\u00f3w i typowe problemy<\/h2>\n<p>Typowe problemy z cylindrami ramienia mog\u0105 obejmowa\u0107 nieszczelno\u015b\u0107, niewystarczaj\u0105c\u0105 moc lub nieregularny ruch. W przypadku wyst\u0105pienia problem\u00f3w nale\u017cy rozwa\u017cy\u0107 nast\u0119puj\u0105ce kroki rozwi\u0105zywania problem\u00f3w:<\/p>\n<ul>\n<li>Sprawd\u017a, czy nie ma \u015blad\u00f3w przeciek\u00f3w i sprawd\u017a, czy uszczelki nie s\u0105 uszkodzone.<\/li>\n<li>Zapewnij odpowiednie smarowanie i sprawd\u017a poziom oleju hydraulicznego.<\/li>\n<li>Sprawd\u017a przewody hydrauliczne pod k\u0105tem ewentualnych blokad lub ogranicze\u0144.<\/li>\n<li>Sprawd\u017a, czy cylinder ma odpowiedni rozmiar i spe\u0142nia wymagania dotycz\u0105ce obci\u0105\u017cenia.<\/li>\n<\/ul>\n<p>W przypadku konkretnych lub z\u0142o\u017conych problem\u00f3w nale\u017cy zwr\u00f3ci\u0107 si\u0119 o pomoc do producenta lub wykwalifikowanego specjalisty.<\/p>\n<p>    <img decoding=\"async\" src=\"https:\/\/www.hydraulic-cylinders.net\/wp-content\/uploads\/2025\/01\/songte-chushion-collar.webp\" alt=\"Obraz ko\u0142nierza Chushion\"><\/p>\n<h2>O nas<\/h2>\n<p>Jeste\u015bmy profesjonalnym producentem zamiennych si\u0142ownik\u00f3w hydraulicznych, oferuj\u0105cym szerok\u0105 gam\u0119 produkt\u00f3w. Stali\u015bmy si\u0119 jednym z wiod\u0105cych producent\u00f3w i hurtowych dystrybutor\u00f3w si\u0142ownik\u00f3w hydraulicznych na rynku krajowym i mi\u0119dzynarodowym. Dbaj\u0105c o najwy\u017csz\u0105 jako\u015b\u0107, stale podnosimy nasze mo\u017cliwo\u015bci technologiczne i wydajno\u015b\u0107 produkcji dzi\u0119ki nowoczesnym zak\u0142adom produkcyjnym i profesjonalnym systemom testowym. Naszym celem jest zaspokajanie zr\u00f3\u017cnicowanych potrzeb klient\u00f3w, kieruj\u0105c si\u0119 zasadami wydajno\u015bci, precyzji i wysokiej jako\u015bci.<\/p>\n<p>    <img decoding=\"async\" src=\"https:\/\/www.hydraulic-cylinders.net\/wp-content\/uploads\/2025\/01\/songte-company-4.webp\" alt=\"Wizerunek firmy\"><br \/>\n    <img decoding=\"async\" src=\"https:\/\/www.hydraulic-cylinders.net\/wp-content\/uploads\/2025\/01\/songte-company-3.webp\" alt=\"Wizerunek firmy\"><\/p>\n<h2>Nasza wiedza specjalistyczna<\/h2>\n<ul>\n<li>Profesjonalizm: Jeste\u015bmy ekspertami w dziedzinie copywritingu SEO dla bran\u017cy cylindr\u00f3w hydraulicznych.<\/li>\n<li>Certyfikaty mi\u0119dzynarodowe: Nasze produkty spe\u0142niaj\u0105 mi\u0119dzynarodowe normy jako\u015bci i bezpiecze\u0144stwa, co gwarantuje niezawodno\u015b\u0107 i zadowolenie klienta.<\/li>\n<li>Us\u0142ugi dostosowywania: Oferujemy rozwi\u0105zania dostosowane do indywidualnych potrzeb, aby sprosta\u0107 szczeg\u00f3lnym wymaganiom i wyj\u0105tkowym wyzwaniom.<\/li>\n<li>Najnowocze\u015bniejszy sprz\u0119t produkcyjny: Nasze zak\u0142ady produkcyjne s\u0105 wyposa\u017cone w zaawansowany cyfrowy sprz\u0119t produkcyjny zapewniaj\u0105cy wi\u0119ksz\u0105 wydajno\u015b\u0107 i precyzj\u0119.<\/li>\n<li>Serwis posprzeda\u017cowy: Zapewniamy kompleksow\u0105 obs\u0142ug\u0119 posprzeda\u017cow\u0105<br \/>","protected":false},"excerpt":{"rendered":"<p>Arm Cylinder For Bonny CED460-8\/CED480-9 Arm Cylinder For Bonny CED460-8\/CED480-9 Introduction The arm cylinder is a specially designed hydraulic cylinder that provides linear motion and power to the arm of various types of machinery, such as excavators, cranes, and robotic arms. It plays a crucial role in hydraulic systems, allowing for efficient movement and control [&hellip;]<\/p>","protected":false},"featured_media":14774,"comment_status":"open","ping_status":"closed","template":"","meta":{"_et_pb_use_builder":"","_et_pb_old_content":"","_et_gb_content_width":""},"product_brand":[],"product_cat":[1497],"product_tag":[1498,1496],"class_list":{"0":"post-16872","1":"product","2":"type-product","3":"status-publish","4":"has-post-thumbnail","6":"product_cat-arm-cylinders","7":"product_tag-arm-cylinders","8":"product_tag-hydraulic-cylinders","10":"first","11":"instock","12":"shipping-taxable","13":"product-type-simple"},"amp_enabled":true,"_links":{"self":[{"href":"https:\/\/www.hydraulic-cylinders.net\/pl\/wp-json\/wp\/v2\/product\/16872","targetHints":{"allow":["GET"]}}],"collection":[{"href":"https:\/\/www.hydraulic-cylinders.net\/pl\/wp-json\/wp\/v2\/product"}],"about":[{"href":"https:\/\/www.hydraulic-cylinders.net\/pl\/wp-json\/wp\/v2\/types\/product"}],"replies":[{"embeddable":true,"href":"https:\/\/www.hydraulic-cylinders.net\/pl\/wp-json\/wp\/v2\/comments?post=16872"}],"wp:featuredmedia":[{"embeddable":true,"href":"https:\/\/www.hydraulic-cylinders.net\/pl\/wp-json\/wp\/v2\/media\/14774"}],"wp:attachment":[{"href":"https:\/\/www.hydraulic-cylinders.net\/pl\/wp-json\/wp\/v2\/media?parent=16872"}],"wp:term":[{"taxonomy":"product_brand","embeddable":true,"href":"https:\/\/www.hydraulic-cylinders.net\/pl\/wp-json\/wp\/v2\/product_brand?post=16872"},{"taxonomy":"product_cat","embeddable":true,"href":"https:\/\/www.hydraulic-cylinders.net\/pl\/wp-json\/wp\/v2\/product_cat?post=16872"},{"taxonomy":"product_tag","embeddable":true,"href":"https:\/\/www.hydraulic-cylinders.net\/pl\/wp-json\/wp\/v2\/product_tag?post=16872"}],"curies":[{"name":"wp","href":"https:\/\/api.w.org\/{rel}","templated":true}]}}