{"id":16882,"date":"2025-01-21T06:10:17","date_gmt":"2025-01-21T06:10:17","guid":{"rendered":"https:\/\/www.hydraulic-cylinders.net\/product\/arm-cylinder-for-baoding-wy65-6\/"},"modified":"2025-01-21T06:10:19","modified_gmt":"2025-01-21T06:10:19","slug":"arm-cylinder-for-baoding-wy65-6","status":"publish","type":"product","link":"https:\/\/www.hydraulic-cylinders.net\/pl\/produkt\/arm-cylinder-for-baoding-wy65-6\/","title":{"rendered":"Si\u0142ownik ramienia do Baoding WY65-6"},"content":{"rendered":"<h1>Si\u0142ownik ramienia do Baoding WY65-6<\/h1>\n<h2>Wst\u0119p<\/h2>\n<p>Si\u0142ownik ramienia to specjalnie zaprojektowany si\u0142ownik hydrauliczny, kt\u00f3ry s\u0142u\u017cy g\u0142\u00f3wnie do zapewnienia ruchu liniowego i zasilania ramion r\u00f3\u017cnego rodzaju maszyn, takich jak koparki, d\u017awigi i ramiona mechaniczne. Si\u0142ownik ramienia odgrywa kluczow\u0105 rol\u0119 w uk\u0142adach hydraulicznych, umo\u017cliwiaj\u0105c ruch i efektywne sterowanie dodatkowymi narz\u0119dziami lub osprz\u0119tem. Si\u0142owniki te nie tylko zapewniaj\u0105 p\u0142ynny ruch, ale tak\u017ce wytrzymuj\u0105 du\u017ce obci\u0105\u017cenia, zapewniaj\u0105c wydajn\u0105 prac\u0119 i niezawodno\u015b\u0107 maszyn w r\u00f3\u017cnych warunkach eksploatacyjnych.<\/p>\n<p><img decoding=\"async\" src=\"https:\/\/www.hydraulic-cylinders.net\/wp-content\/uploads\/2025\/01\/songte-company-2.webp\"><\/p>\n<h2>Cechy<\/h2>\n<ul>\n<li>Wydajne przenoszenie mocy: Cylinder ramienia zapewnia mocny ruch liniowy i si\u0142\u0119, gwarantuj\u0105c wysok\u0105 wydajno\u015b\u0107 ramienia mechanicznego podczas r\u00f3\u017cnych operacji.<\/li>\n<li>Precyzyjna kontrola: Dzi\u0119ki uk\u0142adowi hydraulicznemu si\u0142ownik ramienia mo\u017ce uzyska\u0107 precyzyjn\u0105 kontrol\u0119 ruchu, co sprawia, \u017ce \u200b\u200bobs\u0142uga dodatkowych narz\u0119dzi jest bardziej elastyczna i dok\u0142adna.<\/li>\n<li>Wysoka trwa\u0142o\u015b\u0107: Cylinder ramienia jest zwykle produkowany z materia\u0142\u00f3w o wysokiej wytrzyma\u0142o\u015bci, kt\u00f3re charakteryzuj\u0105 si\u0119 dobr\u0105 odporno\u015bci\u0105 na zu\u017cycie i korozj\u0119, dzi\u0119ki czemu nadaje si\u0119 do d\u0142ugotrwa\u0142ego u\u017cytkowania w trudnych warunkach.<\/li>\n<li>Wielofunkcyjna mo\u017cliwo\u015b\u0107 adaptacji: Te si\u0142owniki mo\u017cna szeroko stosowa\u0107 w r\u00f3\u017cnych typach maszyn, takich jak koparki, d\u017awigi i ramiona mechaniczne, dostosowuj\u0105c si\u0119 do r\u00f3\u017cnych wymaga\u0144 roboczych.<\/li>\n<li>\u0141atwa konserwacja: Projekt uwzgl\u0119dnia \u0142atwo\u015b\u0107 konserwacji i wymiany, dzi\u0119ki czemu regularne kontrole i konserwacje s\u0105 wygodniejsze, a przestoje sprz\u0119tu kr\u00f3tsze.<\/li>\n<\/ul>\n<p>Nasz produkt mo\u017ce doskonale zast\u0105pi\u0107 tego typu si\u0142owniki hydrauliczne.<\/p>\n<p><img decoding=\"async\" src=\"https:\/\/www.hydraulic-cylinders.net\/wp-content\/uploads\/2025\/01\/songte-oil-pipes-and-spare-parts.webp\"><\/p>\n<h2>Aplikacje<\/h2>\n<ul>\n<li>Budownictwo: W koparkach i d\u017awigach si\u0142ownik ramienia s\u0142u\u017cy do sterowania ruchem \u0142y\u017cki lub wysi\u0119gnika podczas rob\u00f3t ziemnych, przenoszenia materia\u0142\u00f3w i instalacji konstrukcyjnych.<\/li>\n<li>Produkcja: W zautomatyzowanych liniach produkcyjnych si\u0142ownik ramienia s\u0142u\u017cy do poruszania ramion mechanicznych podczas monta\u017cu, spawania i obs\u0142ugi, co zwi\u0119ksza wydajno\u015b\u0107 i dok\u0142adno\u015b\u0107 produkcji.<\/li>\n<li>Maszyny rolnicze: W maszynach rolniczych, takich jak kombajny i sadzarki, si\u0142ownik ramienia steruje ruchem ramienia roboczego, wykonuj\u0105cego takie zadania, jak siew, nawo\u017cenie i zbi\u00f3r.<\/li>\n<li>G\u00f3rnictwo: W sprz\u0119cie g\u00f3rniczym si\u0142ownik ramienia s\u0142u\u017cy do sterowania ruchem ramienia sprz\u0119tu g\u00f3rniczego podczas wydobywania i transportu rudy.<\/li>\n<li>Logistyka i transport: W w\u00f3zkach wid\u0142owych i robotach transportowych si\u0142ownik ramienia s\u0142u\u017cy do sterowania podnoszeniem i ruchem wide\u0142, co umo\u017cliwia przenoszenie i uk\u0142adanie materia\u0142\u00f3w.<\/li>\n<\/ul>\n<h2>Zagadnienia projektowe i kryteria wyboru<\/h2>\n<h3>No\u015bno\u015b\u0107<\/h3>\n<p>Si\u0142ownik ramienia musi mie\u0107 wystarczaj\u0105c\u0105 no\u015bno\u015b\u0107, aby sprosta\u0107 wymaganiom r\u00f3\u017cnych operacji, co jest zwi\u0105zane z jego rozmiarem i typem. Im wi\u0119kszy si\u0142ownik, tym wi\u0119ksza no\u015bno\u015b\u0107, ale oznacza to r\u00f3wnie\u017c wy\u017cszy koszt. Dlatego konieczny jest dob\u00f3r odpowiedniego rozmiaru i typu si\u0142ownika, zgodnie z konkretnymi wymaganiami zastosowania.<\/p>\n<h3>Opiecz\u0119towanie<\/h3>\n<p>Skuteczno\u015b\u0107 uszczelnienia cylindra bezpo\u015brednio wp\u0142ywa na jego \u017cywotno\u015b\u0107 i wydajno\u015b\u0107. Dlatego r\u00f3\u017cne elementy uszczelniaj\u0105ce, takie jak uszczelnienia t\u0142oka i t\u0142oczyska, nale\u017cy dobiera\u0107 odpowiednio do konkretnych warunk\u00f3w pracy, a w celu zapewnienia dobrej skuteczno\u015bci uszczelnienia nale\u017cy stosowa\u0107 materia\u0142y o wysokiej odporno\u015bci na zu\u017cycie, takie jak poliuretan i kauczuk nitrylowy.<\/p>\n<h3>Trwa\u0142o\u015b\u0107<\/h3>\n<p>Si\u0142ownik ramienia jest zazwyczaj u\u017cywany w trudnych warunkach, dlatego musi charakteryzowa\u0107 si\u0119 dobr\u0105 odporno\u015bci\u0105 na zu\u017cycie i korozj\u0119. Producenci powinni stosowa\u0107 materia\u0142y o wysokiej wytrzyma\u0142o\u015bci i zaawansowan\u0105 technologi\u0119 obr\u00f3bki powierzchni, aby zwi\u0119kszy\u0107 trwa\u0142o\u015b\u0107 si\u0142ownika.<\/p>\n<h3>Bezpiecze\u0144stwo<\/h3>\n<p>Projektuj\u0105c si\u0142ownik ramienia, bezpiecze\u0144stwo powinno by\u0107 priorytetem. Si\u0142ownik powinien by\u0107 wyposa\u017cony w urz\u0105dzenia zabezpieczaj\u0105ce, takie jak zawory bezpiecze\u0144stwa i zawory zwrotne, aby zapobiec przeci\u0105\u017ceniu i zapewni\u0107 bezpieczn\u0105 prac\u0119.<\/p>\n<h3>Konserwacja<\/h3>\n<p>Istotnym czynnikiem jest r\u00f3wnie\u017c zaprojektowanie cylindra z my\u015bl\u0105 o \u0142atwo\u015bci konserwacji. Cylinder powinien by\u0107 zaprojektowany z \u0142atwym dost\u0119pem do podzespo\u0142\u00f3w oraz \u0142atwy w demonta\u017cu i ponownym monta\u017cu, co skr\u00f3ci przestoje sprz\u0119tu i obni\u017cy koszty konserwacji.<\/p>\n<p><img decoding=\"async\" src=\"https:\/\/www.hydraulic-cylinders.net\/wp-content\/uploads\/2025\/01\/songte-cylinder-head-with-all-kinds-excavator-models.webp\"><\/p>\n<h2>Uszczelnianie i smarowanie<\/h2>\n<p>Si\u0142ownik ramienia wymaga r\u00f3\u017cnych element\u00f3w uszczelniaj\u0105cych, aby zapewni\u0107 dobr\u0105 szczelno\u015b\u0107. Uszczelnienie t\u0142oka i t\u0142oczyska nale\u017cy regularnie sprawdza\u0107 pod k\u0105tem uszkodze\u0144 i zu\u017cycia, a w razie potrzeby wymieni\u0107. Korpus si\u0142ownika i gwintowana powierzchnia ko\u0144cowa powinny by\u0107 precyzyjnie obrobione, aby zwi\u0119kszy\u0107 odporno\u015b\u0107 na zu\u017cycie. Nale\u017cy dobra\u0107 odpowiedni olej hydrauliczny, aby zapewni\u0107 smarowanie si\u0142ownika i zapobiec jego zu\u017cyciu. Konieczna jest r\u00f3wnie\u017c regularna wymiana oleju i kontrola jego poziomu.<\/p>\n<h2>Konserwacja i rozwi\u0105zywanie problem\u00f3w<\/h2>\n<p>Si\u0142ownik ramienia wymaga regularnej kontroli i konserwacji zapobiegawczej, aby zapewni\u0107 jego stabiln\u0105 prac\u0119. Nale\u017cy regularnie sprawdza\u0107 si\u0142ownik pod k\u0105tem szczelno\u015bci, ha\u0142asu i zu\u017cycia. W przypadku stwierdzenia jakichkolwiek problem\u00f3w nale\u017cy dokona\u0107 terminowych napraw lub wymiany. Typowe problemy to dryft si\u0142ownika, wibracje i uszkodzenia zm\u0119czeniowe. Problemy te mog\u0105 wynika\u0107 z r\u00f3\u017cnych czynnik\u00f3w, takich jak wlot powietrza, zanieczyszczenie oleju i nieprawid\u0142owa instalacja. Dlatego nale\u017cy \u015bci\u015ble przestrzega\u0107 prawid\u0142owej instalacji i obs\u0142ugi, aby zapobiec potencjalnym problemom.<\/p>\n<p><img decoding=\"async\" src=\"https:\/\/www.hydraulic-cylinders.net\/wp-content\/uploads\/2025\/01\/songte-chushion-collar.webp\"><\/p>\n<h2>Przewodnik instalacji<\/h2>\n<p>Przed monta\u017cem nale\u017cy sprawdzi\u0107 cylinder i jego podzespo\u0142y pod k\u0105tem ewentualnych uszkodze\u0144 lub wad. Powierzchni\u0119 monta\u017cow\u0105 cylindra i maszyny nale\u017cy oczy\u015bci\u0107 i wypoziomowa\u0107, a \u015bruby mocuj\u0105ce dokr\u0119ci\u0107 zgodnie z okre\u015blonym momentem obrotowym. Cylinder i uk\u0142ad hydrauliczny nale\u017cy przep\u0142uka\u0107 w celu usuni\u0119cia wszelkich zanieczyszcze\u0144. Podczas pracy nale\u017cy okresowo sprawdza\u0107 cylinder pod k\u0105tem ewentualnych wyciek\u00f3w, wibracji lub ha\u0142asu. W przypadku stwierdzenia jakichkolwiek problem\u00f3w nale\u017cy niezw\u0142ocznie dokona\u0107 naprawy lub wymiany.<\/p>\n<h2>O nas<\/h2>\n<p>Jeste\u015bmy profesjonalnym producentem zamiennych cylindr\u00f3w hydraulicznych, oferuj\u0105cym szerok\u0105 gam\u0119 produkt\u00f3w i stali\u015bmy si\u0119 jednym z wiod\u0105cych producent\u00f3w i dystrybutor\u00f3w cylindr\u00f3w hydraulicznych na rynku krajowym i mi\u0119dzynarodowym. Zawsze przestrzegamy zasady doskona\u0142ej jako\u015bci i opieramy si\u0119 na strategii zarz\u0105dzania produkcj\u0105 industrialn\u0105, opartej na precyzyjnych warsztatach produkcyjnych, aby stale ulepsza\u0107 nasz\u0105 technologi\u0119 i wydajno\u015b\u0107 produkcji. Dzi\u0119ki wprowadzaniu zaawansowanego, cyfrowego sprz\u0119tu produkcyjnego i profesjonalnych system\u00f3w testowych, stale optymalizujemy nasz\u0105 platform\u0119 produkcyjn\u0105 i udoskonalamy procesy kontroli jako\u015bci produkt\u00f3w, charakteryzuj\u0105c si\u0119 wysokim potencja\u0142em innowacyjnym. Naszym celem jest zaspokajanie zr\u00f3\u017cnicowanych potrzeb naszych klient\u00f3w poprzez wysok\u0105 wydajno\u015b\u0107, precyzj\u0119 i jako\u015b\u0107.<\/p>\n<h3>Profesjonalizm<\/h3>\n<p>Nasz zesp\u00f3\u0142 sk\u0142ada si\u0119 z do\u015bwiadczonych in\u017cynier\u00f3w, technik\u00f3w i sprzedawc\u00f3w, kt\u00f3rzy posiadaj\u0105 szerok\u0105 wiedz\u0119 w bran\u017cy cylindr\u00f3w hydraulicznych, co pozwala nam zapewni\u0107 naszym klientom profesjonaln\u0105 i rzeteln\u0105 obs\u0142ug\u0119.<\/p>\n<h3>Mi\u0119dzynarodowa Certyfikacja<\/h3>\n<p>Nasze produkty uzyska\u0142y szereg mi\u0119dzynarodowych certyfikat\u00f3w, takich jak ISO9001 i CE, co gwarantuje ich wysok\u0105 jako\u015b\u0107 i niezawodno\u015b\u0107.<\/p>\n<h3>Us\u0142ugi personalizacji<\/h3>\n<p>Dostarczamy rozwi\u0105zania dostosowane do indywidualnych potrzeb naszych klient\u00f3w, gwarantuj\u0105c, \u017ce nasze produkty idealnie spe\u0142ni\u0105 ich oczekiwania.<\/p>\n<h3>Sprz\u0119t produkcyjny<\/h3>\n<p>Dysponujemy szerok\u0105 gam\u0105 zaawansowanego sprz\u0119tu produkcyjnego, takiego jak tokarki CNC, frezarki i spawarki, co gwarantuje wydajn\u0105 i wysokiej jako\u015bci produkcj\u0119.<\/p>\n<h3>Serwis posprzeda\u017cowy<\/h3>\n<p>Zapewniamy kompleksow\u0105 obs\u0142ug\u0119 posprzeda\u017cow\u0105: wsparcie techniczne, konserwacj\u0119 i naprawy, gwarantuj\u0105c naszym klientom zadowolenie i zaufanie do naszych produkt\u00f3w.<\/p>\n<p><img decoding=\"async\" src=\"https:\/\/www.hydraulic-cylinders.net\/wp-content\/uploads\/2025\/01\/songte-company-4.webp\"><br \/>\n<img decoding=\"async\" src=\"https:\/\/www.hydraulic-cylinders.net\/wp-content\/uploads\/2025\/01\/songte-company-3.webp\"><\/p>\n<p>Autor: lyl.<\/p>","protected":false},"excerpt":{"rendered":"<p>Arm Cylinder For Baoding WY65-6 Introduction The arm cylinder is a specially designed hydraulic cylinder that is primarily used to provide linear motion and power to the arms of various types of machinery such as excavators, cranes, and mechanical arms. The arm cylinder plays a crucial role in hydraulic systems, enabling additional tools or attachments [&hellip;]<\/p>","protected":false},"featured_media":14774,"comment_status":"open","ping_status":"closed","template":"","meta":{"_et_pb_use_builder":"","_et_pb_old_content":"","_et_gb_content_width":""},"product_brand":[],"product_cat":[1497],"product_tag":[1498,1496],"class_list":{"0":"post-16882","1":"product","2":"type-product","3":"status-publish","4":"has-post-thumbnail","6":"product_cat-arm-cylinders","7":"product_tag-arm-cylinders","8":"product_tag-hydraulic-cylinders","10":"first","11":"instock","12":"shipping-taxable","13":"product-type-simple"},"amp_enabled":true,"_links":{"self":[{"href":"https:\/\/www.hydraulic-cylinders.net\/pl\/wp-json\/wp\/v2\/product\/16882","targetHints":{"allow":["GET"]}}],"collection":[{"href":"https:\/\/www.hydraulic-cylinders.net\/pl\/wp-json\/wp\/v2\/product"}],"about":[{"href":"https:\/\/www.hydraulic-cylinders.net\/pl\/wp-json\/wp\/v2\/types\/product"}],"replies":[{"embeddable":true,"href":"https:\/\/www.hydraulic-cylinders.net\/pl\/wp-json\/wp\/v2\/comments?post=16882"}],"wp:featuredmedia":[{"embeddable":true,"href":"https:\/\/www.hydraulic-cylinders.net\/pl\/wp-json\/wp\/v2\/media\/14774"}],"wp:attachment":[{"href":"https:\/\/www.hydraulic-cylinders.net\/pl\/wp-json\/wp\/v2\/media?parent=16882"}],"wp:term":[{"taxonomy":"product_brand","embeddable":true,"href":"https:\/\/www.hydraulic-cylinders.net\/pl\/wp-json\/wp\/v2\/product_brand?post=16882"},{"taxonomy":"product_cat","embeddable":true,"href":"https:\/\/www.hydraulic-cylinders.net\/pl\/wp-json\/wp\/v2\/product_cat?post=16882"},{"taxonomy":"product_tag","embeddable":true,"href":"https:\/\/www.hydraulic-cylinders.net\/pl\/wp-json\/wp\/v2\/product_tag?post=16882"}],"curies":[{"name":"wp","href":"https:\/\/api.w.org\/{rel}","templated":true}]}}