{"id":16883,"date":"2025-01-21T06:10:20","date_gmt":"2025-01-21T06:10:20","guid":{"rendered":"https:\/\/www.hydraulic-cylinders.net\/product\/arm-cylinder-for-baoding-wy150\/"},"modified":"2025-01-21T06:10:22","modified_gmt":"2025-01-21T06:10:22","slug":"arm-cylinder-for-baoding-wy150","status":"publish","type":"product","link":"https:\/\/www.hydraulic-cylinders.net\/pl\/produkt\/arm-cylinder-for-baoding-wy150\/","title":{"rendered":"Si\u0142ownik ramienia do Baoding WY150"},"content":{"rendered":"<h2>Wst\u0119p<\/h2>\n<h3>Si\u0142ownik ramienia do Baoding WY150<\/h3>\n<p>Si\u0142ownik ramienia to si\u0142ownik hydrauliczny zaprojektowany specjalnie do zapewnienia ruchu liniowego i zasilania r\u00f3\u017cnego rodzaju ramion maszyn, takich jak koparki, d\u017awigi i ramiona mechaniczne. Si\u0142ownik ramienia odgrywa kluczow\u0105 rol\u0119 w uk\u0142adach hydraulicznych, umo\u017cliwiaj\u0105c ruch dodatkowych narz\u0119dzi lub osprz\u0119tu i ich efektywne sterowanie. Si\u0142owniki te nie tylko zapewniaj\u0105 p\u0142ynny ruch, ale tak\u017ce wytrzymuj\u0105 du\u017ce obci\u0105\u017cenia, gwarantuj\u0105c wydajn\u0105 prac\u0119 i niezawodno\u015b\u0107 maszyn w r\u00f3\u017cnych warunkach pracy.<\/p>\n<p><img decoding=\"async\" src=\"https:\/\/www.hydraulic-cylinders.net\/wp-content\/uploads\/2025\/01\/songte-company-2.webp\" alt=\"Si\u0142ownik ramienia do Baoding WY150\"><\/p>\n<h2>Cechy<\/h2>\n<h3>Wysoka wydajno\u015b\u0107 transmisji<\/h3>\n<p>Si\u0142ownik ramienia mo\u017ce zapewni\u0107 mocny ruch liniowy i si\u0142\u0119, gwarantuj\u0105c wysok\u0105 wydajno\u015b\u0107 ramienia mechanicznego w r\u00f3\u017cnych operacjach.<\/p>\n<h3>Precyzyjna kontrola<\/h3>\n<p>Dzi\u0119ki uk\u0142adom hydraulicznym si\u0142ownik ramienia mo\u017ce uzyska\u0107 precyzyjn\u0105 kontrol\u0119 ruchu, co sprawia, \u017ce \u200b\u200bobs\u0142uga dodatkowych narz\u0119dzi jest bardziej elastyczna i dok\u0142adna.<\/p>\n<h3>Wysoka wytrzyma\u0142o\u015b\u0107<\/h3>\n<p>Cylinder ramienia jest zwykle wykonany z materia\u0142\u00f3w o wysokiej wytrzyma\u0142o\u015bci, kt\u00f3re charakteryzuj\u0105 si\u0119 dobr\u0105 odporno\u015bci\u0105 na zu\u017cycie i korozj\u0119, dzi\u0119ki czemu nadaj\u0105 si\u0119 do d\u0142ugotrwa\u0142ego u\u017cytkowania w trudnych warunkach.<\/p>\n<h3>Wielofunkcyjna adaptowalno\u015b\u0107<\/h3>\n<p>Tego typu si\u0142owniki mo\u017cna powszechnie stosowa\u0107 w r\u00f3\u017cnych urz\u0105dzeniach mechanicznych, takich jak koparki, d\u017awigi i ramiona mechaniczne, kt\u00f3re mo\u017cna dostosowa\u0107 do r\u00f3\u017cnych wymaga\u0144 roboczych.<\/p>\n<h3>\u0141atwa konserwacja<\/h3>\n<p>Konstrukcja ta jest uwa\u017cana za \u0142atw\u0105 w utrzymaniu i wymianie, co u\u0142atwia regularne kontrole i konserwacj\u0119, redukuj\u0105c przestoje sprz\u0119tu.<\/p>\n<p><img decoding=\"async\" src=\"https:\/\/www.hydraulic-cylinders.net\/wp-content\/uploads\/2025\/01\/songte-oil-pipes-and-spare-parts.webp\" alt=\"Cz\u0119\u015bci zamienne do cylindr\u00f3w hydraulicznych\"><\/p>\n<h2>Aplikacje<\/h2>\n<h3>In\u017cynieria budowlana<\/h3>\n<p>W koparkach i d\u017awigach si\u0142ownik ramienia s\u0142u\u017cy do sterowania ruchem \u0142y\u017cki lub wysi\u0119gnika podczas prac ziemnych, przenoszenia materia\u0142\u00f3w i monta\u017cu konstrukcji.<\/p>\n<h3>Przemys\u0142 wytw\u00f3rczy<\/h3>\n<p>W zautomatyzowanych liniach produkcyjnych si\u0142ownik ramienia s\u0142u\u017cy do poruszania ramion mechanicznych, wykonywania proces\u00f3w monta\u017cu, spawania i obs\u0142ugi materia\u0142\u00f3w, co zwi\u0119ksza wydajno\u015b\u0107 i dok\u0142adno\u015b\u0107 produkcji.<\/p>\n<h3>Maszyny rolnicze<\/h3>\n<p>W maszynach rolniczych, takich jak kombajny i siewniki, si\u0142ownik ramienia steruje ruchem ramienia roboczego, wykonuj\u0105cego takie zadania, jak siew, nawo\u017cenie i zbi\u00f3r.<\/p>\n<h3>G\u00f3rnictwo<\/h3>\n<p>W sprz\u0119cie g\u00f3rniczym si\u0142ownik ramienia s\u0142u\u017cy do sterowania ruchem ramienia sprz\u0119tu g\u00f3rniczego podczas wykonywania zada\u0144 g\u00f3rniczych i transportu materia\u0142\u00f3w.<\/p>\n<h3>Logistyka i transport<\/h3>\n<p>W w\u00f3zkach wid\u0142owych i robotach prze\u0142adunkowych si\u0142ownik ramienia s\u0142u\u017cy do sterowania podnoszeniem i ruchem wide\u0142 \u0142adunkowych, co umo\u017cliwia przenoszenie i uk\u0142adanie materia\u0142\u00f3w.<\/p>\n<p><img decoding=\"async\" src=\"https:\/\/www.hydraulic-cylinders.net\/wp-content\/uploads\/2025\/01\/songte-chushion-collar.webp\" alt=\"Ko\u0142nierz amortyzuj\u0105cy si\u0142ownika hydraulicznego\"><\/p>\n<h2>Zagadnienia projektowe i kryteria wyboru<\/h2>\n<h3>No\u015bno\u015b\u0107<\/h3>\n<p>No\u015bno\u015b\u0107 si\u0142ownika hydraulicznego jest kluczowym czynnikiem przy doborze odpowiedniego si\u0142ownika ramienia. Nale\u017cy j\u0105 dobra\u0107 w zale\u017cno\u015bci od masy \u0142adunku i warunk\u00f3w pracy maszyny.<\/p>\n<h3>Opiecz\u0119towanie<\/h3>\n<p>Si\u0142ownik hydrauliczny musi mie\u0107 doskona\u0142e uszczelnienie, aby zapobiec wyciekom oleju i zapewni\u0107 normaln\u0105 prac\u0119.<\/p>\n<h3>Trwa\u0142o\u015b\u0107<\/h3>\n<p>Si\u0142ownik hydrauliczny powinien by\u0107 wykonany z materia\u0142\u00f3w o wysokiej wytrzyma\u0142o\u015bci, aby zapewni\u0107 trwa\u0142o\u015b\u0107 i d\u0142ugotrwa\u0142\u0105 eksploatacj\u0119 w trudnych warunkach, przy du\u017cych obci\u0105\u017ceniach i silnych uderzeniach.<\/p>\n<h3>Bezpiecze\u0144stwo<\/h3>\n<p>Si\u0142ownik hydrauliczny powinien by\u0107 zaprojektowany z uwzgl\u0119dnieniem \u015brodk\u00f3w bezpiecze\u0144stwa, np. urz\u0105dzenia do awaryjnego zatrzymania, aby zagwarantowa\u0107 bezpiecze\u0144stwo operator\u00f3w i sprz\u0119tu.<\/p>\n<h3>Utrzymywalno\u015b\u0107<\/h3>\n<p>Si\u0142ownik hydrauliczny powinien by\u0107 zaprojektowany tak, aby by\u0142 \u0142atwy w konserwacji i wymianie, co zmniejszy przestoje sprz\u0119tu i koszty konserwacji.<\/p>\n<p><img decoding=\"async\" src=\"https:\/\/www.hydraulic-cylinders.net\/wp-content\/uploads\/2025\/01\/songte-cylinder-head-with-all-kinds-excavator-models.webp\" alt=\"G\u0142owica cylindra hydraulicznego\"><\/p>\n<h2>Uszczelnianie i smarowanie<\/h2>\n<p>W si\u0142owniku hydraulicznym zastosowano r\u00f3\u017cnorodne elementy uszczelniaj\u0105ce, takie jak uszczelnienia t\u0142oka i t\u0142oczyska, wykonane z materia\u0142\u00f3w odpornych na zu\u017cycie, takich jak poliuretan i kauczuk nitrylowy, co poprawia ich szczelno\u015b\u0107. Korpus si\u0142ownika i gwintowana powierzchnia ko\u0144cowa s\u0105 precyzyjnie obrobione, co zwi\u0119ksza odporno\u015b\u0107 na zu\u017cycie i trwa\u0142o\u015b\u0107. Regularne smarowanie odpowiednim olejem hydraulicznym jest niezb\u0119dne, aby zapewni\u0107 prawid\u0142owe smarowanie i wyd\u0142u\u017cy\u0107 \u017cywotno\u015b\u0107 si\u0142ownika hydraulicznego.<\/p>\n<p><img decoding=\"async\" src=\"https:\/\/www.hydraulic-cylinders.net\/wp-content\/uploads\/2025\/01\/songte-bushings-with-all-kinds-of-excavator-models.webp\" alt=\"Tuleje cylindr\u00f3w hydraulicznych\"><\/p>\n<h2>Konserwacja i \u015brodki ostro\u017cno\u015bci<\/h2>\n<h3>Regularna kontrola<\/h3>\n<p>Regularna kontrola i konserwacja si\u0142ownika hydraulicznego mo\u017ce zapobiec wyst\u0119powaniu problem\u00f3w i awarii, zmniejszaj\u0105c przestoje sprz\u0119tu i koszty konserwacji.<\/p>\n<h3>Konserwacja zapobiegawcza<\/h3>\n<p>Aby zapobiec potencjalnym problemom, nale\u017cy podejmowa\u0107 dzia\u0142ania konserwacyjne, np. regularnie wymienia\u0107 zu\u017cyte cz\u0119\u015bci i stosowa\u0107 odpowiednie smarowanie.<\/p>\n<h3>Prawid\u0142owe u\u017cytkowanie i obs\u0142uga<\/h3>\n<p>Si\u0142ownik hydrauliczny nale\u017cy obs\u0142ugiwa\u0107 zgodnie z instrukcj\u0105 i procedurami bezpiecze\u0144stwa, aby zapewni\u0107 bezpiecze\u0144stwo operator\u00f3w i sprz\u0119tu.<\/p>\n<h2>Przewodnik instalacji<\/h2>\n<p>Si\u0142ownik hydrauliczny nale\u017cy zamontowa\u0107 zgodnie z instrukcj\u0105 i procedurami bezpiecze\u0144stwa. Monta\u017c powinien zosta\u0107 przeprowadzony przez wykwalifikowany personel posiadaj\u0105cy odpowiednie do\u015bwiadczenie i umiej\u0119tno\u015bci. Si\u0142ownik hydrauliczny powinien by\u0107 prawid\u0142owo pod\u0142\u0105czony do uk\u0142adu hydraulicznego i armatury. Uk\u0142ad hydrauliczny nale\u017cy nape\u0142ni\u0107 odpowiednim olejem hydraulicznym oraz sprawdzi\u0107 szczelno\u015b\u0107 i ci\u015bnienie.<\/p>\n<h2>Zagadnienia bezpiecze\u0144stwa i czynniki \u015brodowiskowe<\/h2>\n<p>Si\u0142ownik hydrauliczny nale\u017cy obs\u0142ugiwa\u0107 i konserwowa\u0107 zgodnie z procedurami bezpiecze\u0144stwa, aby zapobiec wypadkom i zapewni\u0107 bezpiecze\u0144stwo operator\u00f3w i sprz\u0119tu. Podczas obs\u0142ugi i przechowywania nale\u017cy r\u00f3wnie\u017c uwzgl\u0119dni\u0107 czynniki \u015brodowiskowe, takie jak temperatura i wilgotno\u015b\u0107.<\/p>\n<h2>Rozwi\u0105zywanie problem\u00f3w i typowe problemy<\/h2>\n<p>Do typowych problem\u00f3w z si\u0142ownikiem hydraulicznym nale\u017c\u0105 wycieki oleju, niedostateczne ci\u015bnienie i nietypowy ha\u0142as. Problemy te mo\u017cna zdiagnozowa\u0107 poprzez ogl\u0119dziny i testy. Aby rozwi\u0105za\u0107 te problemy, nale\u017cy podj\u0105\u0107 odpowiednie dzia\u0142ania naprawcze i konserwacyjne.<\/p>\n<h2>Wniosek<\/h2>\n<p>Jeste\u015bmy profesjonalnym producentem zamiennych cylindr\u00f3w hydraulicznych, oferuj\u0105cym szerok\u0105 gam\u0119 produkt\u00f3w i stali\u015bmy si\u0119 jednym z wiod\u0105cych producent\u00f3w i dystrybutor\u00f3w cylindr\u00f3w hydraulicznych na rynku krajowym i mi\u0119dzynarodowym. Zawsze przestrzegamy zasady doskona\u0142ej jako\u015bci, opieraj\u0105c si\u0119 na strategii zarz\u0105dzania produkcj\u0105 przemys\u0142ow\u0105 w nowoczesnym zak\u0142adzie produkcyjnym, stale podnosz\u0105c poziom techniczny i wydajno\u015b\u0107 produkcji. Naszym celem jest zaspokojenie zr\u00f3\u017cnicowanych potrzeb klient\u00f3w poprzez wysok\u0105 wydajno\u015b\u0107, dok\u0142adno\u015b\u0107 i wysok\u0105 jako\u015b\u0107. Zobowi\u0105zujemy si\u0119 do zapewnienia klientom profesjonalnych i dostosowanych do indywidualnych potrzeb us\u0142ug, wysokiej jako\u015bci produkt\u00f3w oraz sprawnego serwisu posprzeda\u017cowego.<\/p>\n<p><img decoding=\"async\" src=\"https:\/\/www.hydraulic-cylinders.net\/wp-content\/uploads\/2025\/01\/songte-company-4.webp\" alt=\"Zak\u0142ad Produkcji Cylindr\u00f3w Hydraulicznych\"><br \/>\n<img decoding=\"async\" src=\"https:\/\/www.hydraulic-cylinders.net\/wp-content\/uploads\/2025\/01\/songte-company-3.webp\" alt=\"Certyfikacja cylindr\u00f3w hydraulicznych\"> <\/p>\n<p>Autor: lyl.<\/p>","protected":false},"excerpt":{"rendered":"<p>Introduction Arm Cylinder for Baoding WY150 An arm cylinder is a hydraulic cylinder designed specifically to provide linear motion and power to various types of machinery arms, such as excavators, cranes, and mechanical arms. The arm cylinder plays a crucial role in hydraulic systems, enabling additional tools or attachments to move and be controlled effectively. [&hellip;]<\/p>","protected":false},"featured_media":14772,"comment_status":"open","ping_status":"closed","template":"","meta":{"_et_pb_use_builder":"","_et_pb_old_content":"","_et_gb_content_width":""},"product_brand":[],"product_cat":[1497],"product_tag":[1498,1496],"class_list":{"0":"post-16883","1":"product","2":"type-product","3":"status-publish","4":"has-post-thumbnail","6":"product_cat-arm-cylinders","7":"product_tag-arm-cylinders","8":"product_tag-hydraulic-cylinders","10":"first","11":"instock","12":"shipping-taxable","13":"product-type-simple"},"amp_enabled":true,"_links":{"self":[{"href":"https:\/\/www.hydraulic-cylinders.net\/pl\/wp-json\/wp\/v2\/product\/16883","targetHints":{"allow":["GET"]}}],"collection":[{"href":"https:\/\/www.hydraulic-cylinders.net\/pl\/wp-json\/wp\/v2\/product"}],"about":[{"href":"https:\/\/www.hydraulic-cylinders.net\/pl\/wp-json\/wp\/v2\/types\/product"}],"replies":[{"embeddable":true,"href":"https:\/\/www.hydraulic-cylinders.net\/pl\/wp-json\/wp\/v2\/comments?post=16883"}],"wp:featuredmedia":[{"embeddable":true,"href":"https:\/\/www.hydraulic-cylinders.net\/pl\/wp-json\/wp\/v2\/media\/14772"}],"wp:attachment":[{"href":"https:\/\/www.hydraulic-cylinders.net\/pl\/wp-json\/wp\/v2\/media?parent=16883"}],"wp:term":[{"taxonomy":"product_brand","embeddable":true,"href":"https:\/\/www.hydraulic-cylinders.net\/pl\/wp-json\/wp\/v2\/product_brand?post=16883"},{"taxonomy":"product_cat","embeddable":true,"href":"https:\/\/www.hydraulic-cylinders.net\/pl\/wp-json\/wp\/v2\/product_cat?post=16883"},{"taxonomy":"product_tag","embeddable":true,"href":"https:\/\/www.hydraulic-cylinders.net\/pl\/wp-json\/wp\/v2\/product_tag?post=16883"}],"curies":[{"name":"wp","href":"https:\/\/api.w.org\/{rel}","templated":true}]}}