{"id":16887,"date":"2025-01-21T06:10:37","date_gmt":"2025-01-21T06:10:37","guid":{"rendered":"https:\/\/www.hydraulic-cylinders.net\/product\/arm-cylinder-for-baoding-wy90-7\/"},"modified":"2025-01-21T06:10:38","modified_gmt":"2025-01-21T06:10:38","slug":"arm-cylinder-for-baoding-wy90-7","status":"publish","type":"product","link":"https:\/\/www.hydraulic-cylinders.net\/pl\/produkt\/arm-cylinder-for-baoding-wy90-7\/","title":{"rendered":"Si\u0142ownik ramienia do Baoding WY90-7"},"content":{"rendered":"<h1>Si\u0142ownik ramienia do Baoding WY90-7<\/h1>\n<h2>Wst\u0119p<\/h2>\n<p>Si\u0142ownik ramienia to specjalnie zaprojektowany si\u0142ownik hydrauliczny, kt\u00f3ry zapewnia ruch liniowy i zasilanie ramienia r\u00f3\u017cnych maszyn, takich jak koparki, d\u017awigi i ramiona mechaniczne. Odgrywa kluczow\u0105 rol\u0119 w uk\u0142adach hydraulicznych, umo\u017cliwiaj\u0105c wydajny ruch i sterowanie dodatkowymi narz\u0119dziami lub osprz\u0119tem. Si\u0142owniki te nie tylko zapewniaj\u0105 p\u0142ynny ruch, ale tak\u017ce wytrzymuj\u0105 du\u017ce obci\u0105\u017cenia, gwarantuj\u0105c wydajn\u0105 prac\u0119 i niezawodno\u015b\u0107 maszyn w r\u00f3\u017cnych warunkach pracy.<\/p>\n<p><img decoding=\"async\" src=\"https:\/\/www.hydraulic-cylinders.net\/wp-content\/uploads\/2025\/01\/songte-company-2.webp\" alt=\"Obraz cylindra ramienia\"><\/p>\n<h2>Cechy<\/h2>\n<ul>\n<li><strong>Wysokowydajna skrzynia bieg\u00f3w:<\/strong> Si\u0142ownik ramienia zapewnia mocny ruch liniowy i si\u0142\u0119, gwarantuj\u0105c wysok\u0105 wydajno\u015b\u0107 ramienia mechanicznego w r\u00f3\u017cnych operacjach.<\/li>\n<li><strong>Precyzyjna kontrola:<\/strong> Dzi\u0119ki uk\u0142adowi hydraulicznemu si\u0142ownik ramienia umo\u017cliwia precyzyjn\u0105 kontrol\u0119 ruchu, co sprawia, \u017ce \u200b\u200bpraca z pod\u0142\u0105czonymi narz\u0119dziami jest bardziej elastyczna i dok\u0142adna.<\/li>\n<li><strong>Trwa\u0142o\u015b\u0107:<\/strong> Cylindry ramienia s\u0105 zazwyczaj produkowane z materia\u0142\u00f3w o wysokiej wytrzyma\u0142o\u015bci, zapewniaj\u0105cych doskona\u0142\u0105 odporno\u015b\u0107 na zu\u017cycie i korozj\u0119, odpowiednich do d\u0142ugotrwa\u0142ego u\u017cytkowania w trudnych warunkach.<\/li>\n<li><strong>Wielofunkcyjna adaptowalno\u015b\u0107:<\/strong> Si\u0142owniki te mo\u017cna szeroko stosowa\u0107 w r\u00f3\u017cnych maszynach, takich jak koparki, d\u017awigi i ramiona mechaniczne, dostosowuj\u0105c si\u0119 do r\u00f3\u017cnych wymaga\u0144 roboczych.<\/li>\n<li><strong>\u0141atwo\u015b\u0107 konserwacji:<\/strong> Zaprojektowane z my\u015bl\u0105 o \u0142atwej konserwacji i wymianie, regularne kontrole i prace konserwacyjne s\u0105 wygodne, co pozwala ograniczy\u0107 przestoje sprz\u0119tu.<\/li>\n<\/ul>\n<p><img decoding=\"async\" src=\"https:\/\/www.hydraulic-cylinders.net\/wp-content\/uploads\/2025\/01\/songte-oil-pipes-and-spare-parts.webp\" alt=\"Dodatkowe produkty Obraz\"><\/p>\n<h2>Aplikacje<\/h2>\n<p>Si\u0142ownik ramieniowy znajduje zastosowanie w r\u00f3\u017cnych ga\u0142\u0119ziach przemys\u0142u:<\/p>\n<ul>\n<li><strong>In\u017cynieria budowlana:<\/strong> W koparkach i d\u017awigach si\u0142ownik ramienia s\u0142u\u017cy do sterowania ruchem \u0142y\u017cki lub wysi\u0119gnika, u\u0142atwiaj\u0105c prace ziemne, przenoszenie materia\u0142\u00f3w i monta\u017c konstrukcji.<\/li>\n<li><strong>Przemys\u0142 wytw\u00f3rczy:<\/strong> W zautomatyzowanych liniach produkcyjnych si\u0142ownik ramienia umo\u017cliwia ruch ramion mechanicznych podczas proces\u00f3w monta\u017cu, spawania i obs\u0142ugi, zwi\u0119kszaj\u0105c wydajno\u015b\u0107 i precyzj\u0119 produkcji.<\/li>\n<li><strong>Maszyny rolnicze:<\/strong> W maszynach rolniczych, takich jak kombajny i sadzarki, si\u0142ownik ramienia steruje ruchem ramienia roboczego, wykonuj\u0105cego zadania takie jak siew, nawo\u017cenie i zbi\u00f3r.<\/li>\n<li><strong>Przemys\u0142 g\u00f3rniczy:<\/strong> W sprz\u0119cie g\u00f3rniczym si\u0142ownik ramienia steruje ruchem ramienia maszyny g\u00f3rniczej, u\u0142atwiaj\u0105c wydobycie i transport rudy.<\/li>\n<li><strong>Logistyka i transport:<\/strong> W w\u00f3zkach wid\u0142owych i robotach prze\u0142adunkowych si\u0142ownik ramienia steruje podnoszeniem i ruchem wide\u0142, umo\u017cliwiaj\u0105c przenoszenie i uk\u0142adanie materia\u0142\u00f3w.<\/li>\n<\/ul>\n<h2>Zagadnienia projektowe i kryteria wyboru<\/h2>\n<p>Przy rozwa\u017caniu projektu i doborze cylindra ramienia nale\u017cy wzi\u0105\u0107 pod uwag\u0119 kilka czynnik\u00f3w:<\/p>\n<ul>\n<li><strong>No\u015bno\u015b\u0107:<\/strong> Si\u0142ownik ramienia powinien by\u0107 w stanie wytrzyma\u0107 spodziewane obci\u0105\u017cenia i si\u0142y, kt\u00f3rym b\u0119dzie podlega\u0142 podczas pracy.<\/li>\n<li><strong>Opiecz\u0119towanie:<\/strong> Aby zapobiec wyciekom i zapewni\u0107 prawid\u0142owe funkcjonowanie, nale\u017cy stosowa\u0107 r\u00f3\u017cne elementy uszczelniaj\u0105ce, takie jak uszczelki t\u0142okowe i t\u0142oczyskowe. Uszczelnienia te s\u0105 cz\u0119sto wykonane z materia\u0142\u00f3w odpornych na zu\u017cycie, takich jak poliuretan i kauczuk nitrylowy.<\/li>\n<li><strong>Trwa\u0142o\u015b\u0107:<\/strong> Korpus cylindra i gwintowane ko\u0144ce nale\u017cy podda\u0107 dok\u0142adnej obr\u00f3bce w celu zwi\u0119kszenia odporno\u015bci na zu\u017cycie i trwa\u0142o\u015bci.<\/li>\n<li><strong>Bezpiecze\u0144stwo:<\/strong> Projektuj\u0105c urz\u0105dzenie nale\u017cy bra\u0107 pod uwag\u0119 kwestie bezpiecze\u0144stwa, aby zagwarantowa\u0107 bezpieczn\u0105 eksploatacj\u0119 i zminimalizowa\u0107 potencjalne zagro\u017cenia.<\/li>\n<li><strong>Utrzymywalno\u015b\u0107:<\/strong> Nale\u017cy zadba\u0107 o regularne smarowanie odpowiedni\u0105 ilo\u015bci\u0105 oleju hydraulicznego oraz \u0142atwy dost\u0119p w celu przeprowadzenia konserwacji i napraw.<\/li>\n<\/ul>\n<p><img decoding=\"async\" src=\"https:\/\/www.hydraulic-cylinders.net\/wp-content\/uploads\/2025\/01\/songte-cylinder-head-with-all-kinds-excavator-models.webp\" alt=\"Obraz g\u0142owicy cylindra\"><\/p>\n<h2>Uszczelnianie i smarowanie<\/h2>\n<p>Si\u0142ownik ramienia wykorzystuje r\u00f3\u017cnorodne elementy uszczelniaj\u0105ce, takie jak uszczelnienia t\u0142oka i t\u0142oczyska, wykonane z materia\u0142\u00f3w odpornych na zu\u017cycie, takich jak poliuretan i kauczuk nitrylowy. Korpus cylindra i gwintowane ko\u0144c\u00f3wki s\u0105 poddawane precyzyjnej obr\u00f3bce w celu zwi\u0119kszenia odporno\u015bci na zu\u017cycie. Regularne smarowanie odpowiedni\u0105 ilo\u015bci\u0105 oleju hydraulicznego jest niezb\u0119dne dla zapewnienia p\u0142ynnej pracy.<\/p>\n<h2>Regularne kontrole i konserwacja zapobiegawcza<\/h2>\n<p>Aby utrzyma\u0107 optymaln\u0105 wydajno\u015b\u0107, kluczowe s\u0105 regularne kontrole i konserwacja zapobiegawcza. Nale\u017cy podj\u0105\u0107 nast\u0119puj\u0105ce dzia\u0142ania:<\/p>\n<ul>\n<li>Sprawd\u017a cylinder pod k\u0105tem oznak zu\u017cycia lub uszkodzenia.<\/li>\n<li>Sprawd\u017a i wymie\u0144 wszelkie zu\u017cyte lub uszkodzone uszczelki.<\/li>\n<li>Zapewnij odpowiednie smarowanie i w razie potrzeby uzupe\u0142nij olej hydrauliczny.<\/li>\n<li>Sprawd\u017a wszystkie po\u0142\u0105czenia i z\u0142\u0105czki pod k\u0105tem przeciek\u00f3w.<\/li>\n<li>Sprawd\u017a dzia\u0142anie zawor\u00f3w steruj\u0105cych i innych element\u00f3w hydraulicznych.<\/li>\n<\/ul>\n<h2>Przewodnik instalacji<\/h2>\n<p>Prawid\u0142owy monta\u017c si\u0142ownika ramienia jest niezb\u0119dny dla optymalnej wydajno\u015bci. Wykonaj nast\u0119puj\u0105ce kroki:<\/p>\n<ol>\n<li>Upewnij si\u0119, \u017ce maszyna jest wy\u0142\u0105czona i ca\u0142e ci\u015bnienie hydrauliczne zosta\u0142o uwolnione.<\/li>\n<li>Umie\u015b\u0107 cylinder ramienia w \u017c\u0105danym miejscu, wyr\u00f3wnuj\u0105c otwory monta\u017cowe.<\/li>\n<li>Solidnie zamocuj cylinder za pomoc\u0105 odpowiednich \u015brub i element\u00f3w z\u0142\u0105cznych.<\/li>\n<li>Pod\u0142\u0105cz przewody hydrauliczne zgodnie z uk\u0142adem hydraulicznym maszyny.<\/li>\n<li>Sprawd\u017a dok\u0142adnie wszystkie po\u0142\u0105czenia pod k\u0105tem szczelno\u015bci i prawid\u0142owego ustawienia.<\/li>\n<\/ol>\n<p><img decoding=\"async\" src=\"https:\/\/www.hydraulic-cylinders.net\/wp-content\/uploads\/2025\/01\/songte-bushings-with-all-kinds-of-excavator-models.webp\" alt=\"Obraz tulei\"><\/p>\n<h2>Zagadnienia bezpiecze\u0144stwa i czynniki \u015brodowiskowe<\/h2>\n<p>Podczas korzystania z si\u0142ownika ramienia, \u015brodki bezpiecze\u0144stwa s\u0105 niezwykle wa\u017cne. Przestrzeganie protoko\u0142\u00f3w bezpiecze\u0144stwa zapewnia zapobieganie wypadkom oraz ochron\u0119 personelu i sprz\u0119tu. Nale\u017cy wzi\u0105\u0107 pod uwag\u0119 nast\u0119puj\u0105ce kwestie:<\/p>\n<ul>\n<li>W\u0142a\u015bciwe szkolenie i certyfikacja operator\u00f3w i personelu zajmuj\u0105cego si\u0119 konserwacj\u0105.<\/li>\n<li>Regularne kontrole bezpiecze\u0144stwa i oceny ryzyka.<\/li>\n<li>Przestrzeganie wytycznych i przepis\u00f3w bezpiecze\u0144stwa.<\/li>\n<li>W\u0142a\u015bciwe stosowanie \u015brodk\u00f3w ochrony indywidualnej (PPE).<\/li>\n<li>Uwzgl\u0119dnianie wp\u0142ywu na \u015brodowisko i przestrzeganie przepis\u00f3w ochrony \u015brodowiska.<\/li>\n<\/ul>\n<h2>Rozwi\u0105zywanie problem\u00f3w i typowe problemy<\/h2>\n<p>Pomimo niezawodnej pracy, si\u0142owniki ramienia mog\u0105 napotyka\u0107 problemy. Oto kilka typowych problem\u00f3w i ich rozwi\u0105zania:<\/p>\n<ul>\n<li><strong>Przeciek:<\/strong> Sprawd\u017a i wymie\u0144 wszelkie zu\u017cyte lub uszkodzone uszczelki. Upewnij si\u0119, \u017ce wszystkie po\u0142\u0105czenia s\u0105 prawid\u0142owo zamontowane i dokr\u0119cone.<\/li>\n<li><strong>Powolny lub niesp\u00f3jny ruch:<\/strong> Sprawd\u017a, czy poziom oleju hydraulicznego jest niski i w razie potrzeby uzupe\u0142nij. Sprawd\u017a, czy zawory steruj\u0105ce dzia\u0142aj\u0105 prawid\u0142owo i wyreguluj w razie potrzeby.<\/li>\n<li><strong>Ha\u0142as lub wibracje:<\/strong> Sprawd\u017a, czy elementy, takie jak \u015bruby mocuj\u0105ce lub tuleje, nie s\u0105 lu\u017ane lub zu\u017cyte. W razie potrzeby dokr\u0119\u0107 lub wymie\u0144.<\/li>\n<\/ul>\n<p>Regularne kontrole, konserwacja zapobiegawcza i szybkie rozwi\u0105zywanie problem\u00f3w mog\u0105 zminimalizowa\u0107 potencjalne problemy i zapewni\u0107 optymaln\u0105 prac\u0119 si\u0142ownika ramienia.<\/p>\n<p><img decoding=\"async\" src=\"https:\/\/www.hydraulic-cylinders.net\/wp-content\/uploads\/2025\/01\/songte-chushion-collar.webp\" alt=\"Obraz ko\u0142nierza Chushion\"><\/p>\n<p>Pami\u0119taj, aby artyku\u0142 by\u0142 logicznie uporz\u0105dkowany, u\u017cywaj podtytu\u0142\u00f3w u\u0142atwiaj\u0105cych nawigacj\u0119, dodawaj odpowiednie obrazy i wykresy, aby u\u0142atwi\u0107 zrozumienie, a tak\u017ce zadbaj o przejrzysto\u015b\u0107, zwi\u0119z\u0142o\u015b\u0107 i dostosowanie tre\u015bci do potrzeb czytelnik\u00f3w o r\u00f3\u017cnym poziomie wiedzy technicznej.<\/p>\n<h2>O naszej firmie<\/h2>\n<p>Jeste\u015bmy profesjonalnym producentem si\u0142ownik\u00f3w hydraulicznych, oferuj\u0105cym szerok\u0105 gam\u0119 produkt\u00f3w. Jako jeden z wiod\u0105cych producent\u00f3w i hurtowych dystrybutor\u00f3w si\u0142ownik\u00f3w hydraulicznych na rynku krajowym i mi\u0119dzynarodowym, stawiamy na najwy\u017csz\u0105 jako\u015b\u0107.<\/p>\n<ul>\n<li><strong>Specjalizacja:<\/strong> Specjalizujemy si\u0119 w produkcji si\u0142ownik\u00f3w ramieniowych i innych element\u00f3w hydraulicznych.<\/li>\n<li><strong>Certyfikaty mi\u0119dzynarodowe:<\/strong> Nasze produkty spe\u0142niaj\u0105 mi\u0119dzynarodowe standardy jako\u015bci i bezpiecze\u0144stwa, co gwarantuje niezawodno\u015b\u0107 i zadowolenie klienta.<\/li>\n<li><strong>Us\u0142ugi dostosowywania:<\/strong> Oferujemy rozwi\u0105zania dostosowane do indywidualnych potrzeb klient\u00f3w.<\/li>\n<li><strong>Zaawansowany sprz\u0119t produkcyjny:<\/strong> Nasze zak\u0142ady produkcyjne wyposa\u017cone s\u0105 w najnowocze\u015bniejszy sprz\u0119t cyfrowy, zapewniaj\u0105cy wysok\u0105 precyzj\u0119 i wydajno\u015b\u0107.<\/li>\n<li><strong>Serwis posprzeda\u017cowy:<\/strong>","protected":false},"excerpt":{"rendered":"<p>Arm Cylinder For Baoding WY90-7 Introduction The arm cylinder is a specially designed hydraulic cylinder that provides linear motion and power to the arm of various machinery, such as excavators, cranes, and mechanical arms. It plays a crucial role in hydraulic systems, enabling the efficient movement and control of additional tools or attachments. These cylinders [&hellip;]<\/p>","protected":false},"featured_media":14759,"comment_status":"open","ping_status":"closed","template":"","meta":{"_et_pb_use_builder":"","_et_pb_old_content":"","_et_gb_content_width":""},"product_brand":[],"product_cat":[1497],"product_tag":[1498,1496],"class_list":{"0":"post-16887","1":"product","2":"type-product","3":"status-publish","4":"has-post-thumbnail","6":"product_cat-arm-cylinders","7":"product_tag-arm-cylinders","8":"product_tag-hydraulic-cylinders","10":"first","11":"instock","12":"shipping-taxable","13":"product-type-simple"},"amp_enabled":true,"_links":{"self":[{"href":"https:\/\/www.hydraulic-cylinders.net\/pl\/wp-json\/wp\/v2\/product\/16887","targetHints":{"allow":["GET"]}}],"collection":[{"href":"https:\/\/www.hydraulic-cylinders.net\/pl\/wp-json\/wp\/v2\/product"}],"about":[{"href":"https:\/\/www.hydraulic-cylinders.net\/pl\/wp-json\/wp\/v2\/types\/product"}],"replies":[{"embeddable":true,"href":"https:\/\/www.hydraulic-cylinders.net\/pl\/wp-json\/wp\/v2\/comments?post=16887"}],"wp:featuredmedia":[{"embeddable":true,"href":"https:\/\/www.hydraulic-cylinders.net\/pl\/wp-json\/wp\/v2\/media\/14759"}],"wp:attachment":[{"href":"https:\/\/www.hydraulic-cylinders.net\/pl\/wp-json\/wp\/v2\/media?parent=16887"}],"wp:term":[{"taxonomy":"product_brand","embeddable":true,"href":"https:\/\/www.hydraulic-cylinders.net\/pl\/wp-json\/wp\/v2\/product_brand?post=16887"},{"taxonomy":"product_cat","embeddable":true,"href":"https:\/\/www.hydraulic-cylinders.net\/pl\/wp-json\/wp\/v2\/product_cat?post=16887"},{"taxonomy":"product_tag","embeddable":true,"href":"https:\/\/www.hydraulic-cylinders.net\/pl\/wp-json\/wp\/v2\/product_tag?post=16887"}],"curies":[{"name":"wp","href":"https:\/\/api.w.org\/{rel}","templated":true}]}}