{"id":16888,"date":"2025-01-21T06:10:42","date_gmt":"2025-01-21T06:10:42","guid":{"rendered":"https:\/\/www.hydraulic-cylinders.net\/product\/arm-cylinder-for-baoding-sc240sd-8\/"},"modified":"2025-01-21T06:10:44","modified_gmt":"2025-01-21T06:10:44","slug":"arm-cylinder-for-baoding-sc240sd-8","status":"publish","type":"product","link":"https:\/\/www.hydraulic-cylinders.net\/pl\/produkt\/arm-cylinder-for-baoding-sc240sd-8\/","title":{"rendered":"Si\u0142ownik ramienia do Baoding SC240SD.8"},"content":{"rendered":"<h1>Si\u0142ownik ramienia do Baoding SC240SD.8<\/h1>\n<h2>Wst\u0119p<\/h2>\n<p>Si\u0142ownik ramienia to specjalnie zaprojektowany si\u0142ownik hydrauliczny, kt\u00f3ry s\u0142u\u017cy g\u0142\u00f3wnie do zapewnienia ruchu liniowego i zasilania ramion r\u00f3\u017cnego rodzaju maszyn, takich jak koparki, d\u017awigi i ramiona mechaniczne. Si\u0142ownik ramienia odgrywa kluczow\u0105 rol\u0119 w uk\u0142adach hydraulicznych, umo\u017cliwiaj\u0105c efektywne poruszanie si\u0119 osprz\u0119tu i akcesori\u00f3w oraz sterowanie nimi. Si\u0142owniki te nie tylko zapewniaj\u0105 p\u0142ynny ruch, ale tak\u017ce wytrzymuj\u0105 du\u017ce obci\u0105\u017cenia, gwarantuj\u0105c wydajn\u0105 prac\u0119 i niezawodno\u015b\u0107 maszyn w r\u00f3\u017cnych warunkach pracy.<\/p>\n<p><img decoding=\"async\" src=\"https:\/\/www.hydraulic-cylinders.net\/wp-content\/uploads\/2025\/01\/songte-company-2.webp\"><\/p>\n<h2>Cechy<\/h2>\n<ul>\n<li>Wydajne przenoszenie mocy: Cylinder ramienia mo\u017ce zapewni\u0107 mocny ruch liniowy i si\u0142\u0119, gwarantuj\u0105c wysok\u0105 wydajno\u015b\u0107 ramienia mechanicznego podczas r\u00f3\u017cnych operacji.<\/li>\n<li>Precyzyjna kontrola: Dzi\u0119ki uk\u0142adom hydraulicznym si\u0142ownik ramienia mo\u017ce uzyska\u0107 precyzyjn\u0105 kontrol\u0119 ruchu, co sprawia, \u017ce \u200b\u200bobs\u0142uga osprz\u0119tu jest bardziej elastyczna i dok\u0142adna.<\/li>\n<li>Wysoka trwa\u0142o\u015b\u0107: Cylinder ramienia jest zazwyczaj wykonany z materia\u0142\u00f3w o wysokiej wytrzyma\u0142o\u015bci i charakteryzuje si\u0119 dobr\u0105 odporno\u015bci\u0105 na zu\u017cycie i korozj\u0119, co umo\u017cliwia d\u0142ugotrwa\u0142e u\u017cytkowanie w trudnych warunkach.<\/li>\n<li>Wielofunkcyjna mo\u017cliwo\u015b\u0107 adaptacji: Te cylindry mo\u017cna szeroko stosowa\u0107 w r\u00f3\u017cnych urz\u0105dzeniach mechanicznych, takich jak koparki, d\u017awigi i ramiona mechaniczne, dostosowuj\u0105c si\u0119 do r\u00f3\u017cnych wymaga\u0144 roboczych.<\/li>\n<li>\u0141atwa konserwacja: Projekt uwzgl\u0119dnia \u0142atwo\u015b\u0107 konserwacji i wymiany, dzi\u0119ki czemu regularne kontrole i konserwacje s\u0105 wygodniejsze, a przestoje sprz\u0119tu kr\u00f3tsze.<\/li>\n<\/ul>\n<p>Jeste\u015bmy w stanie wyprodukowa\u0107 ten produkt i nasze produkty mog\u0105 doskonale zast\u0105pi\u0107 te cylindry hydrauliczne.<\/p>\n<p><img decoding=\"async\" src=\"https:\/\/www.hydraulic-cylinders.net\/wp-content\/uploads\/2025\/01\/songte-oil-pipes-and-spare-parts.webp\"><\/p>\n<h2>Aplikacje<\/h2>\n<p>Si\u0142ownik ramienia jest szeroko stosowany w r\u00f3\u017cnych ga\u0142\u0119ziach przemys\u0142u, takich jak:<\/p>\n<ul>\n<li>Budownictwo: W koparkach i d\u017awigach si\u0142ownik ramienia s\u0142u\u017cy do sterowania ruchem \u0142y\u017cki lub wysi\u0119gnika podczas rob\u00f3t ziemnych, przenoszenia materia\u0142\u00f3w i monta\u017cu konstrukcji.<\/li>\n<li>Produkcja: W zautomatyzowanych liniach produkcyjnych si\u0142ownik ramienia s\u0142u\u017cy do poruszania ramion mechanicznych, w procesach monta\u017cu, spawania i obs\u0142ugi, co zwi\u0119ksza wydajno\u015b\u0107 i dok\u0142adno\u015b\u0107 produkcji.<\/li>\n<li>Maszyny rolnicze: W maszynach rolniczych, takich jak kombajny i siewniki, si\u0142ownik ramienia steruje ruchem ramienia roboczego, wykonuj\u0105cego takie zadania, jak siew, nawo\u017cenie i zbi\u00f3r.<\/li>\n<li>G\u00f3rnictwo: W sprz\u0119cie g\u00f3rniczym si\u0142ownik ramienia s\u0142u\u017cy do sterowania ruchem ramienia sprz\u0119tu g\u00f3rniczego, podczas wydobywania i transportu rudy.<\/li>\n<li>Logistyka i transport: W w\u00f3zkach wid\u0142owych i robotach prze\u0142adunkowych si\u0142ownik ramienia s\u0142u\u017cy do sterowania podnoszeniem i ruchem wide\u0142, co umo\u017cliwia przenoszenie i uk\u0142adanie materia\u0142\u00f3w.<\/li>\n<\/ul>\n<h2>Zagadnienia projektowe i kryteria wyboru<\/h2>\n<p>Z punktu widzenia projektowania si\u0142ownika ramienia nale\u017cy wzi\u0105\u0107 pod uwag\u0119 nast\u0119puj\u0105ce kwestie:<\/p>\n<h3>No\u015bno\u015b\u0107<\/h3>\n<p>Si\u0142ownik ramienia musi by\u0107 w stanie ud\u017awign\u0105\u0107 obci\u0105\u017cenie i zapewni\u0107 wymagan\u0105 si\u0142\u0119 do dzia\u0142ania. Przy wyborze si\u0142ownika nale\u017cy wzi\u0105\u0107 pod uwag\u0119 \u015brednic\u0119 i d\u0142ugo\u015b\u0107 skoku si\u0142ownika.<\/p>\n<h3>Opiecz\u0119towanie<\/h3>\n<p>Si\u0142ownik ramienia musi mie\u0107 dobr\u0105 szczelno\u015b\u0107, aby zapobiec wyciekom. Aby zapewni\u0107 szczelno\u015b\u0107, stosuje si\u0119 r\u00f3\u017cne elementy uszczelniaj\u0105ce, takie jak uszczelki t\u0142oka i t\u0142oczyska. Elementy uszczelniaj\u0105ce wykonane s\u0105 z materia\u0142\u00f3w odpornych na zu\u017cycie, takich jak poliuretan i kauczuk nitrylowy.<\/p>\n<h3>Trwa\u0142o\u015b\u0107<\/h3>\n<p>Si\u0142ownik ramienia musi by\u0107 trwa\u0142y i odporny na zu\u017cycie i korozj\u0119. Aby zwi\u0119kszy\u0107 trwa\u0142o\u015b\u0107, mo\u017cna zastosowa\u0107 materia\u0142y o wysokiej wytrzyma\u0142o\u015bci, obr\u00f3bk\u0119 powierzchni i pow\u0142oki.<\/p>\n<h3>Bezpiecze\u0144stwo<\/h3>\n<p>Si\u0142ownik ramienia musi by\u0107 bezpieczny i niezawodny, wyposa\u017cony w funkcje takie jak zabezpieczenie przed przeci\u0105\u017ceniem i zatrzymanie awaryjne.<\/p>\n<h3>Utrzymywalno\u015b\u0107<\/h3>\n<p>Cylinder ramienia musi by\u0107 \u0142atwy w konserwacji i naprawie. Konstrukcja cylindra powinna umo\u017cliwia\u0107 \u0142atwy demonta\u017c i monta\u017c, a wymiana podzespo\u0142\u00f3w powinna by\u0107 prosta.<\/p>\n<p><img decoding=\"async\" src=\"https:\/\/www.hydraulic-cylinders.net\/wp-content\/uploads\/2025\/01\/songte-cylinder-head-with-all-kinds-excavator-models.webp\"><\/p>\n<h2>Uszczelnianie i smarowanie<\/h2>\n<p>Si\u0142ownik ramienia wykorzystuje r\u00f3\u017cne elementy uszczelniaj\u0105ce, takie jak uszczelnienia t\u0142oka i t\u0142oczyska, aby zapewni\u0107 odpowiedni\u0105 szczelno\u015b\u0107. Elementy uszczelniaj\u0105ce wykonane s\u0105 z materia\u0142\u00f3w odpornych na zu\u017cycie, takich jak poliuretan i kauczuk nitrylowy. Korpus cylindra i powierzchnia gwintu s\u0105 precyzyjnie obrobione, aby zwi\u0119kszy\u0107 odporno\u015b\u0107 na zu\u017cycie. Regularne smarowanie olejem hydraulicznym jest wymagane, aby zapewni\u0107 p\u0142ynn\u0105 prac\u0119 si\u0142ownika.<\/p>\n<h2>Regularne kontrole i konserwacja zapobiegawcza<\/h2>\n<p>Aby zapewni\u0107 d\u0142ugotrwa\u0142\u0105 niezawodno\u015b\u0107 i bezpiecze\u0144stwo si\u0142ownika ramienia, niezb\u0119dne s\u0105 regularne kontrole i konserwacja zapobiegawcza. Nale\u017cy podj\u0105\u0107 nast\u0119puj\u0105ce \u015brodki:<\/p>\n<ul>\n<li>Regularnie sprawdzaj korpus cylindra, t\u0142oczysko i elementy uszczelniaj\u0105ce pod k\u0105tem zu\u017cycia i uszkodze\u0144.<\/li>\n<li>Aby zapewni\u0107 skuteczno\u015b\u0107 uszczelnienia, nale\u017cy regularnie wymienia\u0107 elementy uszczelniaj\u0105ce.<\/li>\n<li>Regularnie sprawdzaj i wymieniaj olej hydrauliczny.<\/li>\n<li>Regularnie sprawdzaj i dokr\u0119caj elementy mocuj\u0105ce.<\/li>\n<li>Regularnie sprawdzaj i wymieniaj element filtruj\u0105cy.<\/li>\n<\/ul>\n<p><img decoding=\"async\" src=\"https:\/\/www.hydraulic-cylinders.net\/wp-content\/uploads\/2025\/01\/songte-chushion-collar.webp\"><\/p>\n<h2>Przewodnik instalacji<\/h2>\n<p>Monta\u017c cylindra ramienia nale\u017cy wykona\u0107 zgodnie z poni\u017csz\u0105 instrukcj\u0105:<\/p>\n<ol>\n<li>Upewnij si\u0119, \u017ce powierzchnia, na kt\u00f3rej chcesz zainstalowa\u0107 produkt, jest p\u0142aska i czysta.<\/li>\n<li>Zamontuj cylinder zgodnie z kierunkiem strza\u0142ki na korpusie cylindra.<\/li>\n<li>Nale\u017cy zwr\u00f3ci\u0107 uwag\u0119 na pozycj\u0119 monta\u017cu cylindra i unika\u0107 uderze\u0144 t\u0142oczyska przez przedmioty zewn\u0119trzne.<\/li>\n<li>Upewnij si\u0119, \u017ce elementy mocuj\u0105ce s\u0105 dokr\u0119cone z wymaganym momentem obrotowym.<\/li>\n<li>Po zamontowaniu nale\u017cy sprawdzi\u0107 dzia\u0142anie cylindra, aby mie\u0107 pewno\u015b\u0107, \u017ce dzia\u0142a on p\u0142ynnie i prawid\u0142owo.<\/li>\n<\/ol>\n<p><img decoding=\"async\" src=\"https:\/\/www.hydraulic-cylinders.net\/wp-content\/uploads\/2025\/01\/songte-bushings-with-all-kinds-of-excavator-models.webp\"><\/p>\n<h2>Zagadnienia bezpiecze\u0144stwa i czynniki \u015brodowiskowe<\/h2>\n<p>Podczas korzystania z si\u0142ownika ramienia nale\u017cy zachowa\u0107 \u015brodki bezpiecze\u0144stwa, aby zapobiec wypadkom. Nale\u017cy wzi\u0105\u0107 pod uwag\u0119 nast\u0119puj\u0105ce \u015brodki bezpiecze\u0144stwa:<\/p>\n<ul>\n<li>Upewnij si\u0119, \u017ce cylinder zosta\u0142 zainstalowany i u\u017cywany zgodnie z instrukcj\u0105.<\/li>\n<li>Nale\u017cy zwr\u00f3ci\u0107 uwag\u0119 na no\u015bno\u015b\u0107 cylindra i nie przekracza\u0107 okre\u015blonego limitu.<\/li>\n<li>Regularnie sprawdzaj cylinder pod k\u0105tem zu\u017cycia i uszkodze\u0144 i w odpowiednim czasie wymieniaj jego podzespo\u0142y.<\/li>\n<li>Stosuj sprz\u0119t ochronny, aby zapobiega\u0107 wypadkom spowodowanym wyciekiem ropy.<\/li>\n<\/ul>\n<h2>Rozwi\u0105zywanie problem\u00f3w i typowe problemy<\/h2>\n<p>Typowe problemy z si\u0142ownikiem ramienia to wyciek oleju, niedostateczna moc i nietypowy ha\u0142as. Poni\u017csze wskaz\u00f3wki i rozwi\u0105zania mog\u0105 pom\u00f3c w diagnozie i rozwi\u0105zaniu problem\u00f3w:<\/p>\n<ul>\n<li>Je\u017celi w korpusie cylindra wyst\u0119puje wyciek oleju, nale\u017cy sprawdzi\u0107 elementy uszczelniaj\u0105ce i w razie potrzeby wymieni\u0107 je.<\/li>\n<li>Je\u017celi moc jest niewystarczaj\u0105ca, nale\u017cy sprawdzi\u0107 ud\u017awig i odpowiednio wyregulowa\u0107 uk\u0142ad hydrauliczny.<\/li>\n<li>Je\u015bli s\u0142ycha\u0107 nietypowy ha\u0142as, nale\u017cy sprawdzi\u0107 elementy mocuj\u0105ce i uszczelniaj\u0105ce i w razie potrzeby je dokr\u0119ci\u0107.<\/li>\n<\/ul>\n<p>\u015arodki zapobiegawcze, takie jak regularne kontrole, konserwacja i wymiana podzespo\u0142\u00f3w, mog\u0105 ograniczy\u0107 potencjalne problemy i zagwarantowa\u0107 d\u0142ugoterminow\u0105 niezawodno\u015b\u0107 si\u0142ownika ramienia.<\/p>\n<p><img decoding=\"async\" src=\"https:\/\/www.hydraulic-cylinders.net\/wp-content\/uploads\/2025\/01\/songte-company-4.webp\"><br \/>\n<img decoding=\"async\" src=\"https:\/\/www.hydraulic-cylinders.net\/wp-content\/uploads\/2025\/01\/songte-company-3.webp\"><\/p>\n<h2>O nas<\/h2>\n<p>Jeste\u015bmy profesjonalnym producentem zamiennych cylindr\u00f3w hydraulicznych, oferuj\u0105cym szerok\u0105 gam\u0119 produkt\u00f3w. Stali\u015bmy si\u0119 jednym z wiod\u0105cych producent\u00f3w i hurtownik\u00f3w cylindr\u00f3w hydraulicznych na rynku krajowym i mi\u0119dzynarodowym. Zawsze przestrzegamy zasady doskona\u0142ej jako\u015bci, opieraj\u0105c si\u0119 na strategiach zarz\u0105dzania produkcj\u0105 przemys\u0142ow\u0105 w precyzyjnych warsztatach produkcyjnych, aby stale podnosi\u0107 poziom techniczny i wydajno\u015b\u0107 produkcji. Wprowadzaj\u0105c wysokiej klasy cyfrowy sprz\u0119t produkcyjny i profesjonalne systemy testowe, stale optymalizujemy platform\u0119 produkcyjn\u0105, usprawniamy proces kontroli jako\u015bci produkt\u00f3w i dysponujemy silnymi mo\u017cliwo\u015bciami innowacyjnymi. Naszym celem jest zaspokajanie zr\u00f3\u017cnicowanych potrzeb klient\u00f3w poprzez wydajne, precyzyjne i wysokiej jako\u015bci dzia\u0142ania.<\/p>\n<h3>Profesjonalizm<\/h3>\n<p>Jeste\u015bmy zespo\u0142em do\u015bwiadczonych specjalist\u00f3w, kt\u00f3rych celem jest dostarczanie naszym klientom produkt\u00f3w i us\u0142ug najwy\u017cszej jako\u015bci. Posiadamy dog\u0142\u0119bn\u0105 wiedz\u0119 na temat cylindr\u00f3w hydraulicznych i mo\u017cemy zapewni\u0107 profesjonalne doradztwo oraz rozwi\u0105zania, kt\u00f3re spe\u0142ni\u0105 potrzeby r\u00f3\u017cnych klient\u00f3w.<\/p>\n<h3>Mi\u0119dzynarodowa Certyfikacja<\/h3>\n<p>Nasze produkty posiadaj\u0105 szereg mi\u0119dzynarodowych certyfikat\u00f3w, takich jak ISO9001, CE i SGS, a jako\u015b\u0107 produkt\u00f3w podlega \u015bcis\u0142ej kontroli zgodnie z mi\u0119dzynarodowymi normami.<\/p>\n<h3>Us\u0142ugi personalizacji<\/h3>\n<p>Mo\u017cemy zapewni\u0107 us\u0142ugi dostosowywania do konkretnych potrzeb klient\u00f3w, np. niestandardowe rozmiary, kszta\u0142ty i materia\u0142y.<\/p>\n<h3>Sprz\u0119t produkcyjny<\/h3>\n<p>Posiadamy zaawansowany sprz\u0119t produkcyjny, taki jak centra obr\u00f3bcze CNC, precyzyjne szlifierki i automatyczne maszyny spawalnicze, co gwarantuje wysok\u0105 precyzj\u0119 i automatyzacj\u0119 produkcji.<\/p>\n<h3>Serwis posprzeda\u017cowy<\/h3>\n<p>Zapewniamy kompleksow\u0105 obs\u0142ug\u0119 posprzeda\u017cow\u0105, obejmuj\u0105c\u0105 wsparcie techniczne, konserwacj\u0119 i naprawy, aby zapewni\u0107 klientom pewno\u015b\u0107 korzystania z naszych produkt\u00f3w.<\/p>\n<p>Autor: lyl<\/p>","protected":false},"excerpt":{"rendered":"<p>Arm Cylinder For Baoding SC240SD.8 Introduction The arm cylinder is a specially designed hydraulic cylinder that is primarily used to provide linear motion and power to the arms of various types of machinery such as excavators, cranes, and mechanical arms. The arm cylinder plays a crucial role in hydraulic systems, enabling attachments or accessories to [&hellip;]<\/p>","protected":false},"featured_media":14786,"comment_status":"open","ping_status":"closed","template":"","meta":{"_et_pb_use_builder":"","_et_pb_old_content":"","_et_gb_content_width":""},"product_brand":[],"product_cat":[1497],"product_tag":[1498,1496],"class_list":{"0":"post-16888","1":"product","2":"type-product","3":"status-publish","4":"has-post-thumbnail","6":"product_cat-arm-cylinders","7":"product_tag-arm-cylinders","8":"product_tag-hydraulic-cylinders","10":"first","11":"instock","12":"shipping-taxable","13":"product-type-simple"},"amp_enabled":true,"_links":{"self":[{"href":"https:\/\/www.hydraulic-cylinders.net\/pl\/wp-json\/wp\/v2\/product\/16888","targetHints":{"allow":["GET"]}}],"collection":[{"href":"https:\/\/www.hydraulic-cylinders.net\/pl\/wp-json\/wp\/v2\/product"}],"about":[{"href":"https:\/\/www.hydraulic-cylinders.net\/pl\/wp-json\/wp\/v2\/types\/product"}],"replies":[{"embeddable":true,"href":"https:\/\/www.hydraulic-cylinders.net\/pl\/wp-json\/wp\/v2\/comments?post=16888"}],"wp:featuredmedia":[{"embeddable":true,"href":"https:\/\/www.hydraulic-cylinders.net\/pl\/wp-json\/wp\/v2\/media\/14786"}],"wp:attachment":[{"href":"https:\/\/www.hydraulic-cylinders.net\/pl\/wp-json\/wp\/v2\/media?parent=16888"}],"wp:term":[{"taxonomy":"product_brand","embeddable":true,"href":"https:\/\/www.hydraulic-cylinders.net\/pl\/wp-json\/wp\/v2\/product_brand?post=16888"},{"taxonomy":"product_cat","embeddable":true,"href":"https:\/\/www.hydraulic-cylinders.net\/pl\/wp-json\/wp\/v2\/product_cat?post=16888"},{"taxonomy":"product_tag","embeddable":true,"href":"https:\/\/www.hydraulic-cylinders.net\/pl\/wp-json\/wp\/v2\/product_tag?post=16888"}],"curies":[{"name":"wp","href":"https:\/\/api.w.org\/{rel}","templated":true}]}}