{"id":16889,"date":"2025-01-21T06:10:46","date_gmt":"2025-01-21T06:10:46","guid":{"rendered":"https:\/\/www.hydraulic-cylinders.net\/product\/arm-cylinder-for-baoding-sc85-8\/"},"modified":"2025-01-21T06:10:48","modified_gmt":"2025-01-21T06:10:48","slug":"arm-cylinder-for-baoding-sc85-8","status":"publish","type":"product","link":"https:\/\/www.hydraulic-cylinders.net\/pl\/produkt\/arm-cylinder-for-baoding-sc85-8\/","title":{"rendered":"Cylinder ramienia do Baoding SC85.8"},"content":{"rendered":"<h1>Cylinder ramienia do Baoding SC85.8<\/h1>\n<h2>Definicja produktu<\/h2>\n<p>Si\u0142ownik ramienia to specjalnie zaprojektowany si\u0142ownik hydrauliczny, kt\u00f3ry zapewnia ruch liniowy i zasilanie ramienia r\u00f3\u017cnych maszyn, takich jak koparki, d\u017awigi i ramiona robot\u00f3w. Si\u0142ownik ramienia odgrywa kluczow\u0105 rol\u0119 w uk\u0142adach hydraulicznych, umo\u017cliwiaj\u0105c sprawny ruch i sterowanie dodatkowymi narz\u0119dziami lub osprz\u0119tem. Si\u0142owniki te nie tylko zapewniaj\u0105 p\u0142ynny ruch, ale tak\u017ce wytrzymuj\u0105 du\u017ce obci\u0105\u017cenia, gwarantuj\u0105c wysok\u0105 wydajno\u015b\u0107 i niezawodno\u015b\u0107 maszyn w r\u00f3\u017cnych warunkach pracy.<\/p>\n<p><img decoding=\"async\" src=\"https:\/\/www.hydraulic-cylinders.net\/wp-content\/uploads\/2025\/01\/songte-company-2.webp\"><\/p>\n<h2>Cechy produktu<\/h2>\n<ul>\n<li><strong>Wysokowydajna skrzynia bieg\u00f3w:<\/strong> Si\u0142ownik ramienia zapewnia mocny ruch liniowy i si\u0142\u0119, gwarantuj\u0105c wydajn\u0105 prac\u0119 ramienia mechanicznego podczas r\u00f3\u017cnych operacji.<\/li>\n<li><strong>Precyzyjna kontrola:<\/strong> Dzi\u0119ki uk\u0142adowi hydraulicznemu si\u0142ownik ramienia zapewnia precyzyjn\u0105 kontrol\u0119 ruchu, co sprawia, \u017ce \u200b\u200bobs\u0142uga dodatkowych narz\u0119dzi jest bardziej elastyczna i dok\u0142adna.<\/li>\n<li><strong>Trwa\u0142o\u015b\u0107:<\/strong> Cylindry ramienia s\u0105 zazwyczaj wykonane z materia\u0142\u00f3w o wysokiej wytrzyma\u0142o\u015bci, zapewniaj\u0105cych doskona\u0142\u0105 odporno\u015b\u0107 na zu\u017cycie i korozj\u0119, dzi\u0119ki czemu nadaj\u0105 si\u0119 do d\u0142ugotrwa\u0142ego u\u017cytkowania w trudnych warunkach.<\/li>\n<li><strong>Wszechstronna adaptowalno\u015b\u0107:<\/strong> Cylindry te mo\u017cna powszechnie stosowa\u0107 w r\u00f3\u017cnych typach maszyn, takich jak koparki, d\u017awigi i ramiona robotyczne, kt\u00f3re spe\u0142niaj\u0105 r\u00f3\u017cne wymagania robocze.<\/li>\n<li><strong>\u0141atwa konserwacja:<\/strong> Zaprojektowany z my\u015bl\u0105 o \u0142atwo\u015bci konserwacji i wymiany si\u0142ownik ramienia pozwala na wygodne regularne kontrole i konserwacj\u0119, redukuj\u0105c przestoje sprz\u0119tu.<\/li>\n<\/ul>\n<p><img decoding=\"async\" src=\"https:\/\/www.hydraulic-cylinders.net\/wp-content\/uploads\/2025\/01\/songte-oil-pipes-and-spare-parts.webp\"><\/p>\n<h2>Scenariusze zastosowa\u0144<\/h2>\n<p>Cylindry ramieniowe znajduj\u0105 zastosowanie w r\u00f3\u017cnych ga\u0142\u0119ziach przemys\u0142u i sektorach:<\/p>\n<ul>\n<li><strong>In\u017cynieria budowlana:<\/strong> W koparkach i d\u017awigach si\u0142owniki ramion steruj\u0105 ruchem \u0142y\u017cek lub wysi\u0119gnik\u00f3w podczas rob\u00f3t ziemnych, przenoszenia materia\u0142\u00f3w i instalacji konstrukcyjnych.<\/li>\n<li><strong>Przemys\u0142 wytw\u00f3rczy:<\/strong> W zautomatyzowanych liniach produkcyjnych si\u0142owniki ramion umo\u017cliwiaj\u0105 ruch ramion robota podczas proces\u00f3w takich jak monta\u017c, spawanie i obs\u0142uga materia\u0142\u00f3w, co zwi\u0119ksza wydajno\u015b\u0107 i dok\u0142adno\u015b\u0107 produkcji.<\/li>\n<li><strong>Maszyny rolnicze:<\/strong> W sprz\u0119cie rolniczym, takim jak kombajny i siewniki, si\u0142owniki ramion steruj\u0105 ruchem ramion roboczych podczas wykonywania takich zada\u0144, jak siew, nawo\u017cenie i zbi\u00f3r.<\/li>\n<li><strong>G\u00f3rnictwo:<\/strong> W sprz\u0119cie g\u00f3rniczym cylindry ramieniowe steruj\u0105 ruchem ramion maszyn g\u00f3rniczych, u\u0142atwiaj\u0105c wydobycie i transport rudy.<\/li>\n<li><strong>Logistyka i transport:<\/strong> W w\u00f3zkach wid\u0142owych i robotach prze\u0142adunkowych si\u0142owniki ramion steruj\u0105 podnoszeniem i ruchem wide\u0142, umo\u017cliwiaj\u0105c przenoszenie i uk\u0142adanie materia\u0142\u00f3w.<\/li>\n<\/ul>\n<h2>Zagadnienia projektowe i kryteria wyboru<\/h2>\n<p>Przy projektowaniu cylindr\u00f3w ramieniowych bierze si\u0119 pod uwag\u0119 kilka kluczowych czynnik\u00f3w:<\/p>\n<ul>\n<li><strong>No\u015bno\u015b\u0107:<\/strong> Si\u0142ownik ramienia musi by\u0107 zaprojektowany tak, aby wytrzymywa\u0142 okre\u015blone wymagania obci\u0105\u017ceniowe maszyny i zastosowa\u0144, w kt\u00f3rych b\u0119dzie u\u017cywany.<\/li>\n<li><strong>Opiecz\u0119towanie:<\/strong> Aby zapewni\u0107 skuteczne uszczelnienie, stosuje si\u0119 r\u00f3\u017cne elementy uszczelniaj\u0105ce, takie jak uszczelki t\u0142okowe i t\u0142oczyskowe. Materia\u0142y takie jak poliuretan i kauczuk nitrylowy s\u0105 dobierane ze wzgl\u0119du na ich odporno\u015b\u0107 na zu\u017cycie. Korpus cylindra i gwintowane ko\u0144c\u00f3wki s\u0105 poddawane precyzyjnej obr\u00f3bce w celu zwi\u0119kszenia odporno\u015bci na zu\u017cycie.<\/li>\n<li><strong>Trwa\u0142o\u015b\u0107:<\/strong> Cylinder ramienia wykonano z bardzo wytrzyma\u0142ych materia\u0142\u00f3w i przy u\u017cyciu zaawansowanych technik produkcyjnych, co gwarantuje trwa\u0142o\u015b\u0107 w wymagaj\u0105cych warunkach.<\/li>\n<li><strong>Bezpiecze\u0144stwo:<\/strong> Aby zapobiec wypadkom i zagwarantowa\u0107 bezpieczn\u0105 obs\u0142ug\u0119 maszyn, wprowadzono \u015brodki bezpiecze\u0144stwa.<\/li>\n<li><strong>Utrzymywalno\u015b\u0107:<\/strong> Projektanci zadbali o to, aby u\u0142atwi\u0107 konserwacj\u0119 i wymian\u0119, redukuj\u0105c przestoje i koszty konserwacji.<\/li>\n<\/ul>\n<p><img decoding=\"async\" src=\"https:\/\/www.hydraulic-cylinders.net\/wp-content\/uploads\/2025\/01\/songte-cylinder-head-with-all-kinds-excavator-models.webp\"><\/p>\n<h2>Uszczelnianie i smarowanie<\/h2>\n<p>Si\u0142owniki ramieniowe wykorzystuj\u0105 r\u00f3\u017cnorodne elementy uszczelniaj\u0105ce, takie jak uszczelnienia t\u0142oka i t\u0142oczyska, wykonane z materia\u0142\u00f3w odpornych na zu\u017cycie, takich jak poliuretan i kauczuk nitrylowy. Korpus cylindra i gwintowane ko\u0144c\u00f3wki s\u0105 poddawane precyzyjnej obr\u00f3bce w celu zwi\u0119kszenia odporno\u015bci na zu\u017cycie. Regularne smarowanie odpowiedni\u0105 ilo\u015bci\u0105 oleju hydraulicznego jest niezb\u0119dne dla zapewnienia p\u0142ynnej pracy.<\/p>\n<h2>Regularne kontrole i konserwacja zapobiegawcza<\/h2>\n<p>Aby zapewni\u0107 optymaln\u0105 wydajno\u015b\u0107 i trwa\u0142o\u015b\u0107, nale\u017cy podj\u0105\u0107 nast\u0119puj\u0105ce \u015brodki:<\/p>\n<ul>\n<li>Regularnie sprawdzaj cylinder ramienia pod k\u0105tem oznak zu\u017cycia, nieszczelno\u015bci lub uszkodze\u0144.<\/li>\n<li>Sprawd\u017a i wymie\u0144 zu\u017cyte uszczelki lub elementy, aby zachowa\u0107 w\u0142a\u015bciw\u0105 szczelno\u015b\u0107 i zapobiec potencjalnym awariom.<\/li>\n<li>Monitoruj poziom i jako\u015b\u0107 oleju hydraulicznego, uzupe\u0142niaj lub wymieniaj w razie potrzeby.<\/li>\n<li>Nale\u017cy przestrzega\u0107 harmonogramu i procedur konserwacji zalecanych przez producenta.<\/li>\n<\/ul>\n<h2>Instrukcja instalacji produktu<\/h2>\n<p>Prawid\u0142owy monta\u017c si\u0142ownika ramienia ma kluczowe znaczenie dla jego dzia\u0142ania i bezpiecze\u0144stwa. Wykonaj nast\u0119puj\u0105ce kroki:<\/p>\n<ol>\n<li>Upewnij si\u0119, \u017ce maszyna jest wy\u0142\u0105czona, a uk\u0142ad hydrauliczny jest pozbawiony ci\u015bnienia.<\/li>\n<li>Umie\u015b\u0107 cylinder ramienia w odpowiednim miejscu, dopasowuj\u0105c otwory monta\u017cowe do odpowiedniego sprz\u0119tu.<\/li>\n<li>Solidnie zamocuj cylinder przy u\u017cyciu odpowiednich \u015brub lub ko\u0142k\u00f3w.<\/li>\n<li>Pod\u0142\u0105cz przewody hydrauliczne do cylindra, zwracaj\u0105c uwag\u0119 na prawid\u0142owe ustawienie i dokr\u0119cenie.<\/li>\n<li>Sprawd\u017a, czy nie ma wyciek\u00f3w i przeprowad\u017a test funkcjonalny, aby upewni\u0107 si\u0119, \u017ce dzia\u0142a prawid\u0142owo.<\/li>\n<\/ol>\n<p><img decoding=\"async\" src=\"https:\/\/www.hydraulic-cylinders.net\/wp-content\/uploads\/2025\/01\/songte-bushings-with-all-kinds-of-excavator-models.webp\"><\/p>\n<h2>Zagadnienia bezpiecze\u0144stwa i czynniki \u015brodowiskowe<\/h2>\n<p>Podczas pracy z si\u0142ownikami ramieniowymi \u015brodki bezpiecze\u0144stwa s\u0105 niezb\u0119dne, aby chroni\u0107 operator\u00f3w i otoczenie. Przestrzeganie protoko\u0142\u00f3w i przepis\u00f3w bezpiecze\u0144stwa ma kluczowe znaczenie dla zapobiegania wypadkom i zapewnienia bezpiecznej pracy.<\/p>\n<h2>Diagnostyka usterek i typowe problemy<\/h2>\n<p>Do typowych problem\u00f3w, kt\u00f3re mog\u0105 wyst\u0105pi\u0107 w przypadku cylindr\u00f3w ramienia, nale\u017c\u0105:<\/p>\n<ul>\n<li>Wyciek p\u0142ynu hydraulicznego<\/li>\n<li>Zmniejszona lub nier\u00f3wnomierna si\u0142a podnoszenia<\/li>\n<li>Nietypowy ha\u0142as podczas pracy<\/li>\n<li>Nadmierne zu\u017cycie uszczelek lub podzespo\u0142\u00f3w<\/li>\n<\/ul>\n<p>Aby zdiagnozowa\u0107 i rozwi\u0105za\u0107 te problemy, nale\u017cy wzi\u0105\u0107 pod uwag\u0119 nast\u0119puj\u0105ce wskaz\u00f3wki i rozwi\u0105zania:<\/p>\n<ul>\n<li>Sprawd\u017a wszystkie po\u0142\u0105czenia hydrauliczne i uszczelki pod k\u0105tem przeciek\u00f3w i w razie potrzeby napraw je lub wymie\u0144.<\/li>\n<li>Sprawd\u017a, czy ci\u015bnienie i przep\u0142yw w uk\u0142adzie hydraulicznym s\u0105 prawid\u0142owe i w razie potrzeby wyreguluj je.<\/li>\n<li>Regularnie sprawdzaj i smaruj wszystkie ruchome cz\u0119\u015bci, aby zapobiec nadmiernemu zu\u017cyciu i ha\u0142asowi.<\/li>\n<li>Post\u0119puj zgodnie z w\u0142a\u015bciwymi procedurami i harmonogramem konserwacji, aby niezw\u0142ocznie zaj\u0105\u0107 si\u0119 wszelkimi zidentyfikowanymi problemami.<\/li>\n<\/ul>\n<p><img decoding=\"async\" src=\"https:\/\/www.hydraulic-cylinders.net\/wp-content\/uploads\/2025\/01\/songte-chushion-collar.webp\"><\/p>\n<p>Pami\u0119taj o logicznej organizacji artyku\u0142u, stosuj\u0105c podtytu\u0142y u\u0142atwiaj\u0105ce nawigacj\u0119. Dodaj odpowiednie obrazy lub wykresy, aby u\u0142atwi\u0107 zrozumienie, i zadbaj o to, aby tre\u015b\u0107 by\u0142a przejrzysta, zwi\u0119z\u0142a i odpowiednia dla czytelnik\u00f3w o r\u00f3\u017cnym poziomie wiedzy technicznej. Na koniec podkre\u015bl, \u017ce jeste\u015bmy profesjonalnym producentem zamiennych cylindr\u00f3w hydraulicznych, oferuj\u0105cym szerok\u0105 gam\u0119 produkt\u00f3w. Stali\u015bmy si\u0119 jednym z wiod\u0105cych producent\u00f3w i hurtowych dystrybutor\u00f3w cylindr\u00f3w hydraulicznych na rynku krajowym i mi\u0119dzynarodowym. Priorytetem jest dla nas doskona\u0142o\u015b\u0107 jako\u015bci, stale rozwijaj\u0105c nasz\u0105 wiedz\u0119 techniczn\u0105 i wydajno\u015b\u0107 produkcji. Dzi\u0119ki zaawansowanemu cyfrowemu sprz\u0119towi produkcyjnemu i profesjonalnym systemom testowym optymalizujemy nasz\u0105 platform\u0119 produkcyjn\u0105 i usprawniamy procesy kontroli jako\u015bci produkt\u00f3w. Naszym celem jest zaspokajanie zr\u00f3\u017cnicowanych potrzeb klient\u00f3w poprzez wydajno\u015b\u0107, precyzj\u0119 i wysok\u0105 jako\u015b\u0107 produkt\u00f3w.<\/p>\n<p><img decoding=\"async\" src=\"https:\/\/www.hydraulic-cylinders.net\/wp-content\/uploads\/2025\/01\/songte-company-4.webp\"><br \/>\n<img decoding=\"async\" src=\"https:\/\/www.hydraulic-cylinders.net\/wp-content\/uploads\/2025\/01\/songte-company-3.webp\"><\/p>\n<p>Autor: lyl<\/p>","protected":false},"excerpt":{"rendered":"<p>Arm Cylinder For Baoding SC85.8 Product Definition An arm cylinder is a specially designed hydraulic cylinder that provides linear motion and power to the arm of various machinery, such as excavators, cranes, and robotic arms. The arm cylinder plays a crucial role in hydraulic systems, allowing for efficient movement and control of additional tools or [&hellip;]<\/p>","protected":false},"featured_media":14783,"comment_status":"open","ping_status":"closed","template":"","meta":{"_et_pb_use_builder":"","_et_pb_old_content":"","_et_gb_content_width":""},"product_brand":[],"product_cat":[1497],"product_tag":[1498,1496],"class_list":{"0":"post-16889","1":"product","2":"type-product","3":"status-publish","4":"has-post-thumbnail","6":"product_cat-arm-cylinders","7":"product_tag-arm-cylinders","8":"product_tag-hydraulic-cylinders","10":"first","11":"instock","12":"shipping-taxable","13":"product-type-simple"},"amp_enabled":true,"_links":{"self":[{"href":"https:\/\/www.hydraulic-cylinders.net\/pl\/wp-json\/wp\/v2\/product\/16889","targetHints":{"allow":["GET"]}}],"collection":[{"href":"https:\/\/www.hydraulic-cylinders.net\/pl\/wp-json\/wp\/v2\/product"}],"about":[{"href":"https:\/\/www.hydraulic-cylinders.net\/pl\/wp-json\/wp\/v2\/types\/product"}],"replies":[{"embeddable":true,"href":"https:\/\/www.hydraulic-cylinders.net\/pl\/wp-json\/wp\/v2\/comments?post=16889"}],"wp:featuredmedia":[{"embeddable":true,"href":"https:\/\/www.hydraulic-cylinders.net\/pl\/wp-json\/wp\/v2\/media\/14783"}],"wp:attachment":[{"href":"https:\/\/www.hydraulic-cylinders.net\/pl\/wp-json\/wp\/v2\/media?parent=16889"}],"wp:term":[{"taxonomy":"product_brand","embeddable":true,"href":"https:\/\/www.hydraulic-cylinders.net\/pl\/wp-json\/wp\/v2\/product_brand?post=16889"},{"taxonomy":"product_cat","embeddable":true,"href":"https:\/\/www.hydraulic-cylinders.net\/pl\/wp-json\/wp\/v2\/product_cat?post=16889"},{"taxonomy":"product_tag","embeddable":true,"href":"https:\/\/www.hydraulic-cylinders.net\/pl\/wp-json\/wp\/v2\/product_tag?post=16889"}],"curies":[{"name":"wp","href":"https:\/\/api.w.org\/{rel}","templated":true}]}}