{"id":16895,"date":"2025-01-21T06:11:13","date_gmt":"2025-01-21T06:11:13","guid":{"rendered":"https:\/\/www.hydraulic-cylinders.net\/product\/arm-cylinder-for-tiangong-zg3255lc-9c\/"},"modified":"2025-01-21T06:11:15","modified_gmt":"2025-01-21T06:11:15","slug":"arm-cylinder-for-tiangong-zg3255lc-9c","status":"publish","type":"product","link":"https:\/\/www.hydraulic-cylinders.net\/pl\/produkt\/arm-cylinder-for-tiangong-zg3255lc-9c\/","title":{"rendered":"Si\u0142ownik ramienia do Tiangong ZG3255LC-9C"},"content":{"rendered":"<p><!DOCTYPE html><br \/>\n<html><br \/>\n<head><br \/>\n<title>Si\u0142ownik ramienia do Tiangong ZG3255LC-9C<\/title><br \/>\n<\/head><br \/>\n<body><\/p>\n<h1>Si\u0142ownik ramienia do Tiangong ZG3255LC-9C<\/h1>\n<h2>Wst\u0119p<\/h2>\n<p>Si\u0142ownik ramienia to specjalnie zaprojektowany si\u0142ownik hydrauliczny, kt\u00f3ry zapewnia ruch liniowy i zasilanie ramienia r\u00f3\u017cnych maszyn, takich jak koparki, d\u017awigi i ramiona robot\u00f3w. Odgrywa kluczow\u0105 rol\u0119 w uk\u0142adach hydraulicznych, umo\u017cliwiaj\u0105c wydajny ruch i sterowanie dodatkowymi narz\u0119dziami lub osprz\u0119tem. Si\u0142owniki te nie tylko zapewniaj\u0105 p\u0142ynny ruch, ale tak\u017ce wytrzymuj\u0105 du\u017ce obci\u0105\u017cenia, gwarantuj\u0105c wydajn\u0105 prac\u0119 i niezawodno\u015b\u0107 w r\u00f3\u017cnych warunkach pracy.<\/p>\n<h3>Definicja<\/h3>\n<p>Si\u0142ownik ramienia, znany r\u00f3wnie\u017c jako si\u0142ownik hydrauliczny, to si\u0142ownik mechaniczny, kt\u00f3ry zamienia energi\u0119 hydrauliczn\u0105 na ruch liniowy. Sk\u0142ada si\u0119 z cylindrycznego korpusu, t\u0142oka i t\u0142oczyska. Po doprowadzeniu p\u0142ynu hydraulicznego z jednej strony t\u0142oka, popycha on t\u0142oczysko i zapewnia po\u017c\u0105dany ruch liniowy ramienia.<\/p>\n<p><img decoding=\"async\" src=\"https:\/\/www.hydraulic-cylinders.net\/wp-content\/uploads\/2025\/01\/songte-company-2.webp\" alt=\"Obraz cylindra ramienia\"><\/p>\n<h2>Cechy<\/h2>\n<ul>\n<li><strong>Wysoka wydajno\u015b\u0107 transmisji:<\/strong> Si\u0142ownik ramienia zapewnia mocny ruch liniowy i si\u0142\u0119, gwarantuj\u0105c wysok\u0105 wydajno\u015b\u0107 ramienia mechanicznego podczas r\u00f3\u017cnych operacji.<\/li>\n<li><strong>Precyzyjna kontrola:<\/strong> Dzi\u0119ki uk\u0142adowi hydraulicznemu si\u0142ownik ramienia umo\u017cliwia precyzyjn\u0105 kontrol\u0119 ruchu, co sprawia, \u017ce \u200b\u200bpraca z pod\u0142\u0105czonymi narz\u0119dziami jest bardziej elastyczna i dok\u0142adna.<\/li>\n<li><strong>Trwa\u0142o\u015b\u0107:<\/strong> Cylindry ramienia s\u0105 zazwyczaj wykonane z materia\u0142\u00f3w o wysokiej wytrzyma\u0142o\u015bci, zapewniaj\u0105cych doskona\u0142\u0105 odporno\u015b\u0107 na zu\u017cycie i korozj\u0119, dzi\u0119ki czemu nadaj\u0105 si\u0119 do d\u0142ugotrwa\u0142ego u\u017cytkowania w trudnych warunkach.<\/li>\n<li><strong>Wielofunkcyjna adaptowalno\u015b\u0107:<\/strong> Cylindry te maj\u0105 szerokie zastosowanie w r\u00f3\u017cnych maszynach, takich jak koparki, d\u017awigi i ramiona robotyczne, kt\u00f3re odpowiadaj\u0105 r\u00f3\u017cnorodnym wymaganiom roboczym.<\/li>\n<li><strong>\u0141atwa konserwacja:<\/strong> Projektanci zadbali o \u0142atw\u0105 konserwacj\u0119 i wymian\u0119, dzi\u0119ki czemu regularne kontrole i prace konserwacyjne sta\u0142y si\u0119 wygodniejsze, co skr\u00f3ci\u0142o przestoje sprz\u0119tu.<\/li>\n<\/ul>\n<p><img decoding=\"async\" src=\"https:\/\/www.hydraulic-cylinders.net\/wp-content\/uploads\/2025\/01\/songte-oil-pipes-and-spare-parts.webp\" alt=\"Cz\u0119\u015bci zamienne do cylindr\u00f3w hydraulicznych\"><\/p>\n<h2>Aplikacje<\/h2>\n<ul>\n<li><strong>In\u017cynieria budowlana:<\/strong> W koparkach i d\u017awigach si\u0142owniki ramienia steruj\u0105 ruchem \u0142y\u017cki lub wysi\u0119gnika podczas prac ziemnych, przenoszenia materia\u0142\u00f3w i instalacji konstrukcyjnych.<\/li>\n<li><strong>Przemys\u0142 wytw\u00f3rczy:<\/strong> W zautomatyzowanych liniach produkcyjnych si\u0142owniki ramion umo\u017cliwiaj\u0105 ruch ramion robot\u00f3w podczas monta\u017cu, spawania i obs\u0142ugi materia\u0142\u00f3w, zwi\u0119kszaj\u0105c wydajno\u015b\u0107 i dok\u0142adno\u015b\u0107 produkcji.<\/li>\n<li><strong>Maszyny rolnicze:<\/strong> W sprz\u0119cie rolniczym, takim jak kombajny i siewniki, si\u0142owniki ramion steruj\u0105 ruchem ramion roboczych podczas wykonywania takich zada\u0144, jak sadzenie, nawo\u017cenie i zbi\u00f3r.<\/li>\n<li><strong>G\u00f3rnictwo:<\/strong> Cylindry ramienia w sprz\u0119cie g\u00f3rniczym steruj\u0105 ruchem ramienia podczas wydobycia i transportu materia\u0142\u00f3w.<\/li>\n<li><strong>Logistyka i transport:<\/strong> W w\u00f3zkach wid\u0142owych i robotach prze\u0142adunkowych si\u0142owniki ramion steruj\u0105 podnoszeniem i ruchem wide\u0142, u\u0142atwiaj\u0105c przenoszenie materia\u0142\u00f3w i ich uk\u0142adanie.<\/li>\n<\/ul>\n<h2>Zagadnienia projektowe i kryteria wyboru<\/h2>\n<ul>\n<li><strong>No\u015bno\u015b\u0107:<\/strong> Cylindry ramienia powinny by\u0107 zaprojektowane tak, aby mog\u0142y wytrzyma\u0107 przewidywane obci\u0105\u017cenia, zapewniaj\u0105c bezpieczn\u0105 i wydajn\u0105 prac\u0119.<\/li>\n<li><strong>Opiecz\u0119towanie:<\/strong> Aby zapobiec wyciekom p\u0142ynu hydraulicznego, stosuje si\u0119 r\u00f3\u017cne elementy uszczelniaj\u0105ce, takie jak uszczelnienia t\u0142ok\u00f3w i uszczelnienia t\u0142oczysk, wykonane z materia\u0142\u00f3w odpornych na zu\u017cycie, np. poliuretanu i kauczuku nitrylowego.<\/li>\n<li><strong>Trwa\u0142o\u015b\u0107:<\/strong> Korpus cylindra i gwintowane ko\u0144ce zosta\u0142y poddane precyzyjnej obr\u00f3bce w celu zwi\u0119kszenia odporno\u015bci na zu\u017cycie i wyd\u0142u\u017cenia \u017cywotno\u015bci produktu.<\/li>\n<li><strong>Bezpiecze\u0144stwo:<\/strong> Aby zapobiec przeci\u0105\u017ceniu uk\u0142adu i potencjalnym wypadkom, nale\u017cy zastosowa\u0107 zabezpieczenia, takie jak zawory bezpiecze\u0144stwa.<\/li>\n<li><strong>Utrzymywalno\u015b\u0107:<\/strong> W procesie projektowania nale\u017cy wzi\u0105\u0107 pod uwag\u0119 \u0142atwy dost\u0119p do czynno\u015bci konserwacyjnych i naprawczych, a tak\u017ce dost\u0119pno\u015b\u0107 cz\u0119\u015bci zamiennych.<\/li>\n<\/ul>\n<p><img decoding=\"async\" src=\"https:\/\/www.hydraulic-cylinders.net\/wp-content\/uploads\/2025\/01\/songte-cylinder-head-with-all-kinds-excavator-models.webp\" alt=\"G\u0142owica cylindra hydraulicznego\"><\/p>\n<h2>Uszczelnianie i smarowanie<\/h2>\n<p>W si\u0142ownikach ramienia stosowane s\u0105 r\u00f3\u017cnego rodzaju uszczelnienia, takie jak uszczelnienia t\u0142oka i t\u0142oczyska, wykonane z materia\u0142\u00f3w odpornych na zu\u017cycie, takich jak poliuretan i kauczuk nitrylowy. Korpus si\u0142ownika i gwintowane ko\u0144c\u00f3wki s\u0105 precyzyjnie obrobione, aby zwi\u0119kszy\u0107 odporno\u015b\u0107 na zu\u017cycie. Aby zapewni\u0107 p\u0142ynn\u0105 prac\u0119 i zmniejszy\u0107 tarcie, nale\u017cy regularnie smarowa\u0107 odpowiednim olejem hydraulicznym.<\/p>\n<h2>Regularne kontrole i konserwacja zapobiegawcza<\/h2>\n<ul>\n<li>Regularnie sprawdzaj, czy nie ma \u015blad\u00f3w wyciek\u00f3w, uszkodze\u0144 lub zu\u017cycia cylindra i jego uszczelek.<\/li>\n<li>Utrzymuj odpowiedni poziom i jako\u015b\u0107 p\u0142ynu hydraulicznego.<\/li>\n<li>Sprawd\u017a i wyczy\u015b\u0107 elementy cylindra, takie jak t\u0142ok, pr\u0119t i uszczelki, aby usun\u0105\u0107 wszelkie zanieczyszczenia.<\/li>\n<li>Monitoruj prac\u0119 cylindra w czasie pracy, zapewniaj\u0105c jego p\u0142ynny ruch i prawid\u0142ow\u0105 funkcjonalno\u015b\u0107.<\/li>\n<li>Nale\u017cy przestrzega\u0107 zalece\u0144 producenta dotycz\u0105cych harmonogramu i wytycznych dotycz\u0105cych konserwacji.<\/li>\n<\/ul>\n<h2>Przewodnik instalacji<\/h2>\n<p>Prawid\u0142owy monta\u017c si\u0142ownika ramienia ma kluczowe znaczenie dla jego wydajno\u015bci i trwa\u0142o\u015bci. Wykonaj nast\u0119puj\u0105ce kroki:<\/p>\n<ol>\n<li>Przygotuj miejsce instalacji i upewnij si\u0119, \u017ce jest czyste i wolne od zanieczyszcze\u0144.<\/li>\n<li>Umie\u015b\u0107 cylinder w wybranym miejscu, dopasowuj\u0105c otwory monta\u017cowe do odpowiednich otwor\u00f3w w maszynie.<\/li>\n<li>Solidnie zamocuj cylinder za pomoc\u0105 odpowiednich \u015brub i upewnij si\u0119, \u017ce jest prawid\u0142owo ustawiony.<\/li>\n<li>Pod\u0142\u0105cz przewody hydrauliczne i z\u0142\u0105czki, zapewniaj\u0105c bezpieczne i szczelne po\u0142\u0105czenie.<\/li>\n<li>Przed rozpocz\u0119ciem pe\u0142nego u\u017cytkowania nale\u017cy sprawdzi\u0107 dzia\u0142anie cylindra, aby mie\u0107 pewno\u015b\u0107, \u017ce dzia\u0142a on prawid\u0142owo.<\/li>\n<\/ol>\n<p><img decoding=\"async\" src=\"https:\/\/www.hydraulic-cylinders.net\/wp-content\/uploads\/2025\/01\/songte-bushings-with-all-kinds-of-excavator-models.webp\" alt=\"Tuleje cylindr\u00f3w hydraulicznych\"><\/p>\n<h2>Zagadnienia bezpiecze\u0144stwa i czynniki \u015brodowiskowe<\/h2>\n<p>Podczas pracy z si\u0142ownikami ramieniowymi, priorytetem jest zapewnienie \u015brodk\u00f3w bezpiecze\u0144stwa, aby zapobiec wypadkom i urazom. Odpowiednie szkolenie, regularne przegl\u0105dy sprz\u0119tu oraz przestrzeganie wytycznych bezpiecze\u0144stwa s\u0105 kluczowe. Dodatkowo, uwzgl\u0119dnienie czynnik\u00f3w \u015brodowiskowych, takich jak temperatura, wilgotno\u015b\u0107 i nara\u017cenie na substancje \u017cr\u0105ce, mo\u017ce pom\u00f3c w zapewnieniu trwa\u0142o\u015bci i wydajno\u015bci si\u0142ownika.<\/p>\n<h2>Rozwi\u0105zywanie problem\u00f3w i typowe problemy<\/h2>\n<p>Poni\u017cej przedstawiono kilka typowych problem\u00f3w, kt\u00f3re mog\u0105 wyst\u0105pi\u0107 w przypadku cylindr\u00f3w ramienia, oraz mo\u017cliwe rozwi\u0105zania:<\/p>\n<ol>\n<li><strong>Przeciek:<\/strong> Sprawd\u017a, czy uszczelki i po\u0142\u0105czenia nie s\u0105 uszkodzone i wymie\u0144 je lub dokr\u0119\u0107.<\/li>\n<li><strong>Ruch nieregularny:<\/strong> Sprawd\u017a poziom p\u0142ynu hydraulicznego, sprawd\u017a, czy w uk\u0142adzie nie ma blokad lub ogranicze\u0144 i wykonaj niezb\u0119dne naprawy lub czynno\u015bci konserwacyjne.<\/li>\n<li><strong>Ha\u0142as lub wibracje:<\/strong> Sprawd\u017a cylinder pod k\u0105tem lu\u017anych element\u00f3w, zu\u017cytych cz\u0119\u015bci lub zanieczyszczenia p\u0142ynu hydraulicznego i rozwi\u0105\u017c problem odpowiednio.<\/li>\n<li><strong>Powolny lub niesp\u00f3jny ruch:<\/strong> Sprawd\u017a pomp\u0119 hydrauliczn\u0105 i zawory pod k\u0105tem usterek, poziom\u00f3w p\u0142yn\u00f3w lub ewentualnego powietrza w uk\u0142adzie i usu\u0144 je w razie potrzeby.<\/li>\n<\/ol>\n<p>Stosuj\u0105c si\u0119 do tych wskaz\u00f3wek dotycz\u0105cych rozwi\u0105zywania problem\u00f3w i \u015brodk\u00f3w zapobiegawczych, czytelnicy mog\u0105 skutecznie diagnozowa\u0107 i rozwi\u0105zywa\u0107 problemy zwi\u0105zane z cylindrami, minimalizuj\u0105c jednocze\u015bnie ryzyko potencjalnych problem\u00f3w.<\/p>\n<p><img decoding=\"async\" src=\"https:\/\/www.hydraulic-cylinders.net\/wp-content\/uploads\/2025\/01\/songte-chushion-collar.webp\" alt=\"Ko\u0142nierz amortyzuj\u0105cy si\u0142ownika hydraulicznego\"><\/p>\n<h2>O nas<\/h2>\n<p>Jeste\u015bmy profesjonalnym producentem zamiennych cylindr\u00f3w hydraulicznych, oferuj\u0105cym szerok\u0105 gam\u0119 produkt\u00f3w. Stali\u015bmy si\u0119 jednym z wiod\u0105cych producent\u00f3w i hurtowych dystrybutor\u00f3w cylindr\u00f3w hydraulicznych na rynku krajowym i mi\u0119dzynarodowym. D\u0105\u017c\u0105c do najwy\u017cszej jako\u015bci, stale udoskonalamy nasze techniki produkcji i wydajno\u015b\u0107, wykorzystuj\u0105c zaawansowany sprz\u0119t do cyfrowej produkcji i profesjonalne systemy testowania. Naszym celem jest zaspokajanie zr\u00f3\u017cnicowanych potrzeb klient\u00f3w, kieruj\u0105c si\u0119 zasadami wydajno\u015bci, precyzji i wysokiej jako\u015bci.<\/p>\n<h3>Nasze mocne strony<\/h3>\n<ul>\n<li><strong>Ekspertyza:<\/strong> Nasz zesp\u00f3\u0142 sk\u0142ada si\u0119 z do\u015bwiadczonych fachowc\u00f3w w dziedzinie produkcji cylindr\u00f3w hydraulicznych, co gwarantuje najwy\u017csz\u0105 jako\u015b\u0107.<\/li>\n<li><strong>Certyfikaty mi\u0119dzynarodowe:<\/strong><br \/>","protected":false},"excerpt":{"rendered":"<p>Arm Cylinder For Tiangong ZG3255LC-9C Arm Cylinder For Tiangong ZG3255LC-9C Introduction The arm cylinder is a specially designed hydraulic cylinder that provides linear motion and power to the arm of various machinery, such as excavators, cranes, and robotic arms. It plays a crucial role in hydraulic systems, allowing for efficient movement and control of additional [&hellip;]<\/p>","protected":false},"featured_media":14766,"comment_status":"open","ping_status":"closed","template":"","meta":{"_et_pb_use_builder":"","_et_pb_old_content":"","_et_gb_content_width":""},"product_brand":[],"product_cat":[1497],"product_tag":[1498,1496],"class_list":{"0":"post-16895","1":"product","2":"type-product","3":"status-publish","4":"has-post-thumbnail","6":"product_cat-arm-cylinders","7":"product_tag-arm-cylinders","8":"product_tag-hydraulic-cylinders","10":"first","11":"instock","12":"shipping-taxable","13":"product-type-simple"},"amp_enabled":true,"_links":{"self":[{"href":"https:\/\/www.hydraulic-cylinders.net\/pl\/wp-json\/wp\/v2\/product\/16895","targetHints":{"allow":["GET"]}}],"collection":[{"href":"https:\/\/www.hydraulic-cylinders.net\/pl\/wp-json\/wp\/v2\/product"}],"about":[{"href":"https:\/\/www.hydraulic-cylinders.net\/pl\/wp-json\/wp\/v2\/types\/product"}],"replies":[{"embeddable":true,"href":"https:\/\/www.hydraulic-cylinders.net\/pl\/wp-json\/wp\/v2\/comments?post=16895"}],"wp:featuredmedia":[{"embeddable":true,"href":"https:\/\/www.hydraulic-cylinders.net\/pl\/wp-json\/wp\/v2\/media\/14766"}],"wp:attachment":[{"href":"https:\/\/www.hydraulic-cylinders.net\/pl\/wp-json\/wp\/v2\/media?parent=16895"}],"wp:term":[{"taxonomy":"product_brand","embeddable":true,"href":"https:\/\/www.hydraulic-cylinders.net\/pl\/wp-json\/wp\/v2\/product_brand?post=16895"},{"taxonomy":"product_cat","embeddable":true,"href":"https:\/\/www.hydraulic-cylinders.net\/pl\/wp-json\/wp\/v2\/product_cat?post=16895"},{"taxonomy":"product_tag","embeddable":true,"href":"https:\/\/www.hydraulic-cylinders.net\/pl\/wp-json\/wp\/v2\/product_tag?post=16895"}],"curies":[{"name":"wp","href":"https:\/\/api.w.org\/{rel}","templated":true}]}}