{"id":16896,"date":"2025-01-21T06:11:17","date_gmt":"2025-01-21T06:11:17","guid":{"rendered":"https:\/\/www.hydraulic-cylinders.net\/product\/arm-cylinder-for-tiangong-zg3235-9c\/"},"modified":"2025-01-21T06:11:19","modified_gmt":"2025-01-21T06:11:19","slug":"arm-cylinder-for-tiangong-zg3235-9c","status":"publish","type":"product","link":"https:\/\/www.hydraulic-cylinders.net\/pl\/produkt\/arm-cylinder-for-tiangong-zg3235-9c\/","title":{"rendered":"Si\u0142ownik ramienia do Tiangong ZG3235-9C"},"content":{"rendered":"<h1>Si\u0142ownik ramienia do Tiangong ZG3235-9C<\/h1>\n<p>Si\u0142ownik ramienia to specjalnie zaprojektowany si\u0142ownik hydrauliczny, kt\u00f3ry zapewnia liniowy ruch i zasilanie ramion r\u00f3\u017cnych maszyn, takich jak koparki, d\u017awigi i ramiona robot\u00f3w. Odgrywa kluczow\u0105 rol\u0119 w uk\u0142adach hydraulicznych, umo\u017cliwiaj\u0105c efektywny ruch i sterowanie dodatkowymi narz\u0119dziami lub osprz\u0119tem. Si\u0142owniki te nie tylko zapewniaj\u0105 p\u0142ynny ruch, ale tak\u017ce wytrzymuj\u0105 du\u017ce obci\u0105\u017cenia, gwarantuj\u0105c wydajn\u0105 prac\u0119 i niezawodno\u015b\u0107 maszyn w r\u00f3\u017cnych warunkach pracy.<\/p>\n<p><img decoding=\"async\" src=\"https:\/\/www.hydraulic-cylinders.net\/wp-content\/uploads\/2025\/01\/songte-company-2.webp\" alt=\"Cylinder ramienia\" \/><\/p>\n<h2>Cechy cylindra ramienia<\/h2>\n<ol>\n<li>Wysokowydajna przek\u0142adnia: Cylinder ramienia zapewnia mocny ruch liniowy i si\u0142\u0119, gwarantuj\u0105c wydajn\u0105 prac\u0119 ramienia robota podczas r\u00f3\u017cnych operacji.<\/li>\n<li>Precyzyjna kontrola: Dzi\u0119ki uk\u0142adowi hydraulicznemu si\u0142ownik ramienia umo\u017cliwia precyzyjn\u0105 kontrol\u0119 ruchu, co sprawia, \u017ce \u200b\u200bobs\u0142uga dodatkowych narz\u0119dzi jest bardziej elastyczna i dok\u0142adna.<\/li>\n<li>Trwa\u0142o\u015b\u0107: Cylindry ramienia s\u0105 zazwyczaj wykonane z materia\u0142\u00f3w o wysokiej wytrzyma\u0142o\u015bci, charakteryzuj\u0105cych si\u0119 doskona\u0142\u0105 odporno\u015bci\u0105 na zu\u017cycie i korozj\u0119, dzi\u0119ki czemu nadaj\u0105 si\u0119 do d\u0142ugotrwa\u0142ego u\u017cytkowania w trudnych warunkach.<\/li>\n<li>Wielofunkcyjna adaptacja: Cylindry te mo\u017cna szeroko stosowa\u0107 w r\u00f3\u017cnych maszynach, takich jak koparki, d\u017awigi i ramiona robotyczne, dostosowuj\u0105c si\u0119 do r\u00f3\u017cnych wymaga\u0144 roboczych.<\/li>\n<li>\u0141atwa konserwacja: Projekt uwzgl\u0119dnia \u0142atwo\u015b\u0107 konserwacji i wymiany, co u\u0142atwia regularne kontrole i konserwacj\u0119 oraz ogranicza przestoje sprz\u0119tu.<\/li>\n<\/ol>\n<p><img decoding=\"async\" src=\"https:\/\/www.hydraulic-cylinders.net\/wp-content\/uploads\/2025\/01\/songte-oil-pipes-and-spare-parts.webp\" alt=\"Si\u0142owniki hydrauliczne\" \/><\/p>\n<h2>Zastosowania cylindra ramienia<\/h2>\n<p>Cylindry ramieniowe znajduj\u0105 zastosowanie w r\u00f3\u017cnych ga\u0142\u0119ziach przemys\u0142u:<\/p>\n<ul>\n<li>In\u017cynieria budowlana: W koparkach i d\u017awigach si\u0142owniki ramion steruj\u0105 ruchem \u0142y\u017cek lub wysi\u0119gnik\u00f3w podczas rob\u00f3t ziemnych, przenoszenia materia\u0142\u00f3w i instalacji konstrukcyjnych.<\/li>\n<li>Przemys\u0142 wytw\u00f3rczy: W zautomatyzowanych liniach produkcyjnych cylindry ramion u\u0142atwiaj\u0105 ruch ramion robot\u00f3w podczas monta\u017cu, spawania i obs\u0142ugi materia\u0142\u00f3w, zwi\u0119kszaj\u0105c wydajno\u015b\u0107 i dok\u0142adno\u015b\u0107 produkcji.<\/li>\n<li>Maszyny rolnicze: W maszynach rolniczych, takich jak kombajny i sadzarki, si\u0142owniki ramion steruj\u0105 ruchem ramion roboczych podczas wykonywania takich zada\u0144, jak sadzenie, nawo\u017cenie i zbi\u00f3r.<\/li>\n<li>G\u00f3rnictwo: W sprz\u0119cie g\u00f3rniczym cylindry ramieniowe steruj\u0105 ruchem ramion maszyn g\u00f3rniczych s\u0142u\u017c\u0105cych do wydobywania i transportu rudy.<\/li>\n<li>Logistyka i transport: W w\u00f3zkach wid\u0142owych i robotach prze\u0142adunkowych si\u0142owniki ramion steruj\u0105 podnoszeniem i ruchem wide\u0142, umo\u017cliwiaj\u0105c przenoszenie i uk\u0142adanie materia\u0142\u00f3w.<\/li>\n<\/ul>\n<h2>Zagadnienia projektowe i kryteria wyboru<\/h2>\n<p>Przy projektowaniu cylindr\u00f3w ramieniowych nale\u017cy wzi\u0105\u0107 pod uwag\u0119 kilka kluczowych czynnik\u00f3w:<\/p>\n<ol>\n<li>No\u015bno\u015b\u0107: Cylinder ramienia powinien by\u0107 w stanie wytrzyma\u0107 przewidywane obci\u0105\u017cenie i zapewni\u0107 wystarczaj\u0105c\u0105 si\u0142\u0119 do danego zastosowania.<\/li>\n<li>Uszczelnienie: Aby zapewni\u0107 skuteczne uszczelnienie, nale\u017cy stosowa\u0107 r\u00f3\u017cne elementy uszczelniaj\u0105ce, takie jak uszczelki t\u0142okowe i t\u0142oczyskowe. Do uszczelnie\u0144 powszechnie stosuje si\u0119 materia\u0142y takie jak poliuretan i kauczuk nitrylowy.<\/li>\n<li>Trwa\u0142o\u015b\u0107: Korpus cylindra i gwintowane powierzchnie ko\u0144cowe powinny by\u0107 precyzyjnie obrobione, aby zwi\u0119kszy\u0107 odporno\u015b\u0107 na zu\u017cycie. Zastosowanie wysokiej jako\u015bci materia\u0142\u00f3w gwarantuje trwa\u0142o\u015b\u0107.<\/li>\n<li>Bezpiecze\u0144stwo: Aby zapobiec wypadkom i zapewni\u0107 bezpiecze\u0144stwo operatora, nale\u017cy zastosowa\u0107 takie zabezpieczenia, jak zawory bezpiecze\u0144stwa i systemy zatrzymania awaryjnego.<\/li>\n<li>\u0141atwo\u015b\u0107 konserwacji: \u0141atwy dost\u0119p w celu konserwacji i wymiany podzespo\u0142\u00f3w powinien zosta\u0107 uwzgl\u0119dniony w projekcie, co zmniejszy przestoje i koszty konserwacji.<\/li>\n<\/ol>\n<p><img decoding=\"async\" src=\"https:\/\/www.hydraulic-cylinders.net\/wp-content\/uploads\/2025\/01\/songte-cylinder-head-with-all-kinds-excavator-models.webp\" alt=\"G\u0142owica cylindra\" \/><\/p>\n<h2>Uszczelnianie i smarowanie<\/h2>\n<p>W si\u0142ownikach ramieniowych zastosowano r\u00f3\u017cne elementy uszczelniaj\u0105ce, takie jak uszczelnienia t\u0142oczysk i t\u0142oczysk, wykonane z materia\u0142\u00f3w odpornych na zu\u017cycie, takich jak poliuretan i kauczuk nitrylowy. Korpus si\u0142ownika i gwintowane powierzchnie ko\u0144cowe s\u0105 poddawane precyzyjnej obr\u00f3bce w celu zwi\u0119kszenia odporno\u015bci na zu\u017cycie. Regularne smarowanie odpowiedni\u0105 ilo\u015bci\u0105 oleju hydraulicznego jest niezb\u0119dne dla zapewnienia p\u0142ynnej pracy.<\/p>\n<h2>Regularne kontrole i konserwacja zapobiegawcza<\/h2>\n<p>Regularne kontrole i konserwacja zapobiegawcza s\u0105 niezb\u0119dne dla optymalnej pracy si\u0142ownik\u00f3w ramienia:<\/p>\n<ol>\n<li>Sprawd\u017a, czy na cylindrze i uszczelkach nie ma \u015blad\u00f3w wyciek\u00f3w, uszkodze\u0144 lub nienormalnego zu\u017cycia.<\/li>\n<li>Sprawd\u017a szczelno\u015b\u0107 po\u0142\u0105cze\u0144 hydraulicznych i ewentualne wycieki.<\/li>\n<li>Zapewnij w\u0142a\u015bciwe smarowanie element\u00f3w cylindra.<\/li>\n<li>Wykonywanie rutynowych test\u00f3w uk\u0142ad\u00f3w ci\u015bnieniowych i steruj\u0105cych.<\/li>\n<li>W razie potrzeby wymie\u0144 zu\u017cyte uszczelki lub elementy.<\/li>\n<\/ol>\n<h2>Instrukcja instalacji produktu<\/h2>\n<p>Prawid\u0142owy monta\u017c si\u0142ownika ramienia ma kluczowe znaczenie dla jego wydajno\u015bci i trwa\u0142o\u015bci. Oto kroki, kt\u00f3re nale\u017cy wykona\u0107:<\/p>\n<ol>\n<li>Upewnij si\u0119, \u017ce powierzchnia monta\u017cowa jest czysta i wolna od zanieczyszcze\u0144.<\/li>\n<li>Wyr\u00f3wnaj cylinder z otworami monta\u017cowymi i zabezpiecz go za pomoc\u0105 odpowiednich \u015brub lub element\u00f3w z\u0142\u0105cznych.<\/li>\n<li>Upewnij si\u0119, \u017ce wszystkie po\u0142\u0105czenia hydrauliczne s\u0105 szczelnie pod\u0142\u0105czone i uszczelnione.<\/li>\n<li>Przed rozpocz\u0119ciem pracy nale\u017cy dok\u0142adnie sprawdzi\u0107 ustawienie i ruch cylindra ramienia.<\/li>\n<\/ol>\n<p><img decoding=\"async\" src=\"https:\/\/www.hydraulic-cylinders.net\/wp-content\/uploads\/2025\/01\/songte-bushings-with-all-kinds-of-excavator-models.webp\" alt=\"Tuleje\" \/><\/p>\n<h2>Zagadnienia bezpiecze\u0144stwa i czynniki \u015brodowiskowe<\/h2>\n<p>Podczas u\u017cytkowania si\u0142ownik\u00f3w ramieniowych \u015brodki bezpiecze\u0144stwa maj\u0105 kluczowe znaczenie. Przestrzeganie odpowiednich procedur i wytycznych bezpiecze\u0144stwa jest niezb\u0119dne, aby zapobiec wypadkom i urazom. Dodatkowo, uwzgl\u0119dnienie czynnik\u00f3w \u015brodowiskowych, takich jak temperatura, wilgotno\u015b\u0107 i substancje \u017cr\u0105ce, mo\u017ce pom\u00f3c w zapewnieniu trwa\u0142o\u015bci i wydajno\u015bci si\u0142ownik\u00f3w ramieniowych.<\/p>\n<h2>Rozwi\u0105zywanie problem\u00f3w i typowe problemy<\/h2>\n<p>Podczas korzystania z si\u0142ownik\u00f3w ramienia mog\u0105 wyst\u0105pi\u0107 pewne problemy. Oto kilka typowych problem\u00f3w i ich mo\u017cliwe rozwi\u0105zania:<\/p>\n<ol>\n<li>Wyciek: Sprawd\u017a, czy uszczelki nie s\u0105 uszkodzone i wymie\u0144 je. Upewnij si\u0119, \u017ce po\u0142\u0105czenia hydrauliczne s\u0105 prawid\u0142owo dokr\u0119cone.<\/li>\n<li>Powolny lub niepe\u0142ny ruch: Sprawd\u017a uk\u0142ad hydrauliczny pod k\u0105tem ewentualnych blokad lub niedostatecznego ci\u015bnienia. Sprawd\u017a cylinder pod k\u0105tem zu\u017cycia lub uszkodze\u0144.<\/li>\n<li>Nadmierny ha\u0142as lub wibracje: Sprawd\u017a, czy po\u0142\u0105czenia nie s\u0105 lu\u017ane lub czy elementy nie s\u0105 zu\u017cyte. Nasmaruj cylinder zgodnie z zaleceniami.<\/li>\n<li>Niestabilna wydajno\u015b\u0107: Sprawd\u017a zawory regulacyjne i ustawienia ci\u015bnienia. Upewnij si\u0119, \u017ce kalibracja i regulacja s\u0105 prawid\u0142owe.<\/li>\n<\/ol>\n<p><img decoding=\"async\" src=\"https:\/\/www.hydraulic-cylinders.net\/wp-content\/uploads\/2025\/01\/songte-chushion-collar.webp\" alt=\"Ko\u0142nierz Chushion\" \/><\/p>\n<p>Pami\u0119taj, aby artyku\u0142 by\u0142 logicznie uporz\u0105dkowany, u\u017cywaj podtytu\u0142\u00f3w u\u0142atwiaj\u0105cych nawigacj\u0119, dodawaj odpowiednie obrazy i wykresy, aby u\u0142atwi\u0107 zrozumienie, a tak\u017ce zadbaj o to, aby tre\u015b\u0107 by\u0142a przejrzysta, zwi\u0119z\u0142a i dostosowana do czytelnik\u00f3w o r\u00f3\u017cnym poziomie wiedzy technicznej.<\/p>\n<h2>O nas<\/h2>\n<p>Jeste\u015bmy profesjonalnym producentem zamiennych cylindr\u00f3w hydraulicznych, oferuj\u0105cym szerok\u0105 gam\u0119 produkt\u00f3w. Stali\u015bmy si\u0119 jednym z wiod\u0105cych producent\u00f3w i hurtownik\u00f3w cylindr\u00f3w hydraulicznych na rynku krajowym i mi\u0119dzynarodowym. D\u0105\u017c\u0105c do doskona\u0142o\u015bci, stale doskonalimy nasze mo\u017cliwo\u015bci techniczne i wydajno\u015b\u0107 produkcji poprzez dopracowane procesy produkcyjne oraz wdra\u017canie zaawansowanych cyfrowych urz\u0105dze\u0144 produkcyjnych i profesjonalnych system\u00f3w testowych. Naszym celem jest zaspokajanie zr\u00f3\u017cnicowanych potrzeb klient\u00f3w, kieruj\u0105c si\u0119 zasadami wydajno\u015bci, precyzji i wysokiej jako\u015bci.<\/p>\n<p><img decoding=\"async\" src=\"https:\/\/www.hydraulic-cylinders.net\/wp-content\/uploads\/2025\/01\/songte-company-4.webp\" alt=\"Obiekty firmy\" \/><br \/>\n<img decoding=\"async\" src=\"https:\/\/www.hydraulic-cylinders.net\/wp-content\/uploads\/2025\/01\/songte-company-3.webp\" alt=\"Wprowadzenie do firmy\" \/><\/p>\n<p>Jeste\u015bmy dumni z naszego profesjonalizmu, mi\u0119dzynarodowych certyfikat\u00f3w, spersonalizowanych us\u0142ug, najnowocze\u015bniejszego sprz\u0119tu produkcyjnego i serwisu posprzeda\u017cowego. [Autor: lyl]<\/p>","protected":false},"excerpt":{"rendered":"<p>Arm Cylinder For Tiangong ZG3235-9C Arm Cylinder is a specially designed hydraulic cylinder that provides linear movement and power to the arms of various machinery, such as excavators, cranes, and robotic arms. It plays a crucial role in hydraulic systems, enabling effective movement and control of additional tools or attachments. These cylinders not only ensure [&hellip;]<\/p>","protected":false},"featured_media":14763,"comment_status":"open","ping_status":"closed","template":"","meta":{"_et_pb_use_builder":"","_et_pb_old_content":"","_et_gb_content_width":""},"product_brand":[],"product_cat":[1497],"product_tag":[1498,1496],"class_list":{"0":"post-16896","1":"product","2":"type-product","3":"status-publish","4":"has-post-thumbnail","6":"product_cat-arm-cylinders","7":"product_tag-arm-cylinders","8":"product_tag-hydraulic-cylinders","10":"first","11":"instock","12":"shipping-taxable","13":"product-type-simple"},"amp_enabled":true,"_links":{"self":[{"href":"https:\/\/www.hydraulic-cylinders.net\/pl\/wp-json\/wp\/v2\/product\/16896","targetHints":{"allow":["GET"]}}],"collection":[{"href":"https:\/\/www.hydraulic-cylinders.net\/pl\/wp-json\/wp\/v2\/product"}],"about":[{"href":"https:\/\/www.hydraulic-cylinders.net\/pl\/wp-json\/wp\/v2\/types\/product"}],"replies":[{"embeddable":true,"href":"https:\/\/www.hydraulic-cylinders.net\/pl\/wp-json\/wp\/v2\/comments?post=16896"}],"wp:featuredmedia":[{"embeddable":true,"href":"https:\/\/www.hydraulic-cylinders.net\/pl\/wp-json\/wp\/v2\/media\/14763"}],"wp:attachment":[{"href":"https:\/\/www.hydraulic-cylinders.net\/pl\/wp-json\/wp\/v2\/media?parent=16896"}],"wp:term":[{"taxonomy":"product_brand","embeddable":true,"href":"https:\/\/www.hydraulic-cylinders.net\/pl\/wp-json\/wp\/v2\/product_brand?post=16896"},{"taxonomy":"product_cat","embeddable":true,"href":"https:\/\/www.hydraulic-cylinders.net\/pl\/wp-json\/wp\/v2\/product_cat?post=16896"},{"taxonomy":"product_tag","embeddable":true,"href":"https:\/\/www.hydraulic-cylinders.net\/pl\/wp-json\/wp\/v2\/product_tag?post=16896"}],"curies":[{"name":"wp","href":"https:\/\/api.w.org\/{rel}","templated":true}]}}