{"id":1690,"date":"2023-10-11T06:56:41","date_gmt":"2023-10-11T06:56:41","guid":{"rendered":"https:\/\/hydraulic-cylinders.net\/?post_type=product&#038;p=1690"},"modified":"2025-04-11T02:59:53","modified_gmt":"2025-04-11T02:59:53","slug":"electric-furnace-cover-lifting-cylinder","status":"publish","type":"product","link":"https:\/\/www.hydraulic-cylinders.net\/pl\/produkt\/electric-furnace-cover-lifting-cylinder\/","title":{"rendered":"Si\u0142ownik podnosz\u0105cy pokryw\u0119 pieca elektrycznego"},"content":{"rendered":"<h1 style=\"text-align: center;\"><strong>Piec elektryczny <\/strong><strong>Ok\u0142adka <\/strong><strong>Cylinder podnosz\u0105cy<\/strong><\/h1>\n<p><img loading=\"lazy\" decoding=\"async\" class=\"aligncenter wp-image-1691\" src=\"https:\/\/hydraulic-cylinders.net\/wp-content\/uploads\/2023\/10\/lifting-cylinder-of-furnace-cover-1-300x300.webp\" alt=\"\" width=\"400\" height=\"400\" \/><\/p>\n<p>Si\u0142ownik podnoszenia pokrywy pieca elektrycznego to najnowocze\u015bniejsze rozwi\u0105zanie zaprojektowane w celu zwi\u0119kszenia bezpiecze\u0144stwa i wydajno\u015bci w eksploatacji piec\u00f3w przemys\u0142owych. Jako kluczowy element wyposa\u017cenia pieca, si\u0142ownik ten u\u0142atwia precyzyjne i \u0142atwe podnoszenie i opuszczanie pokrywy pieca.<\/p>\n<p>Si\u0142ownik podnoszenia pokrywy pieca elektrycznego jest niezb\u0119dny w eksploatacji piec\u00f3w przemys\u0142owych, zapewniaj\u0105c zwi\u0119kszone bezpiecze\u0144stwo, wydajno\u015b\u0107 i kontrol\u0119 podczas podnoszenia i opuszczania pokrywy. Dzi\u0119ki solidnej konstrukcji, wydajnemu podnoszeniu, systemowi zasilania elektrycznego i zaawansowanym funkcjom bezpiecze\u0144stwa, si\u0142ownik ten podnosi wydajno\u015b\u0107 i niezawodno\u015b\u0107 pieca. Przestrzegaj\u0105c zalecanych metod u\u017cytkowania i konserwacji, mo\u017cna zapewni\u0107 optymalne dzia\u0142anie i d\u0142ug\u0105 \u017cywotno\u015b\u0107 si\u0142ownika podnoszenia pokrywy pieca elektrycznego, przyczyniaj\u0105c si\u0119 do bezpiecze\u0144stwa i wydajno\u015bci pracy pieca.<\/p>\n<p>G\u0142\u00f3wne cechy si\u0142ownika podnosz\u0105cego pokryw\u0119 pieca elektrycznego:<\/p>\n<ol>\n<li>Solidna konstrukcja:\n<ul>\n<li>Pokrywa cylindra podnosz\u0105cego pokryw\u0119 pieca elektrycznego wykonana jest z materia\u0142\u00f3w najwy\u017cszej jako\u015bci, co gwarantuje trwa\u0142o\u015b\u0107 i d\u0142ugowieczno\u015b\u0107 nawet w trudnych warunkach pracy.<\/li>\n<li>Jego solidna konstrukcja pozwala na wytrzymanie ekstremalnych temperatur i trudnych warunk\u00f3w, jakie powszechnie wyst\u0119puj\u0105 w piecach.<\/li>\n<\/ul>\n<\/li>\n<li>Wydajna zdolno\u015b\u0107 podnoszenia:\n<ul>\n<li>Ten cylinder charakteryzuje si\u0119 du\u017cym ud\u017awigiem, co pozwala na bezproblemowe podnoszenie i opuszczanie pokrywy pieca.<\/li>\n<li>Zapewnia precyzyjn\u0105 kontrol\u0119 i p\u0142ynn\u0105 prac\u0119, minimalizuj\u0105c ryzyko wypadk\u00f3w i maksymalizuj\u0105c wydajno\u015b\u0107 operacyjn\u0105.<\/li>\n<\/ul>\n<\/li>\n<li>Zasilane elektrycznie:\n<ul>\n<li>Si\u0142ownik podnosz\u0105cy piec elektryczny dzia\u0142a dzi\u0119ki zasilaniu elektrycznemu, eliminuj\u0105c potrzeb\u0119 pomocy r\u0119cznej lub hydraulicznej.<\/li>\n<li>Ten zasilany elektrycznie system zapewnia wygod\u0119, szybko\u015b\u0107 i niezawodno\u015b\u0107, usprawniaj\u0105c proces podnoszenia pokrywy pieca.<\/li>\n<\/ul>\n<\/li>\n<li>Funkcje bezpiecze\u0144stwa:\n<ul>\n<li>Cylinder posiada zaawansowane funkcje bezpiecze\u0144stwa, takie jak zabezpieczenie przed przeci\u0105\u017ceniem i mechanizm zatrzymania awaryjnego.<\/li>\n<li>Tego rodzaju zabezpieczenia zapewniaj\u0105 ochron\u0119 personelu i sprz\u0119tu, redukuj\u0105c ryzyko wypadk\u00f3w i potencjalnych uszkodze\u0144.<\/li>\n<\/ul>\n<\/li>\n<\/ol>\n<h2><strong>Parametry si\u0142ownika podnosz\u0105cego pokryw\u0119 pieca elektrycznego:<\/strong><\/h2>\n<table border=\"1\" cellspacing=\"0\" cellpadding=\"0\">\n<tbody>\n<tr>\n<td>Nazwa produktu<\/td>\n<td>Pokrywa pieca elektrycznego Obrotowy cylinder<\/td>\n<\/tr>\n<tr>\n<td>\u015arednica otworu:<\/td>\n<td>210 mm<\/td>\n<\/tr>\n<tr>\n<td>\u015arednica pr\u0119ta:<\/td>\n<td>125 mm<\/td>\n<\/tr>\n<tr>\n<td>Ci\u015bnienie:<\/td>\n<td>14 MPa<\/td>\n<\/tr>\n<tr>\n<td>Si\u0142a ci\u0105gu:<\/td>\n<td>Maksymalnie 484 kN<\/td>\n<\/tr>\n<tr>\n<td>Zastosowania pokrywy pieca z obrotowym cylindrem:<\/td>\n<td>Piec elektryczny<\/td>\n<\/tr>\n<\/tbody>\n<\/table>\n<div><\/div>\n<div class=\"txtboxR\">\n<div class=\"txtboxL\">\n<div class=\"txtboxL\">Si\u0142a ci\u0105gu:<\/div>\n<div class=\"txtboxR\">Maksymalnie 3448 kN<br \/>\n(\u015arednica otworu: 580 mm\/\u015arednica pr\u0119ta: 560\/ci\u015bnienie 14 MPa)<\/div>\n<\/div>\n<\/div>\n<h2><strong>Piec elektryczny <\/strong><strong> Fabryka cylindr\u00f3w:<\/strong><\/h2>\n<p><img loading=\"lazy\" decoding=\"async\" class=\"alignnone wp-image-1697 size-full\" src=\"https:\/\/hydraulic-cylinders.net\/wp-content\/uploads\/2023\/10\/filter-press-cylinder-1.webp\" alt=\"\" width=\"1418\" height=\"946\" srcset=\"https:\/\/hydraulic-cylinders.net\/wp-content\/uploads\/2023\/10\/filter-press-cylinder-1.webp 1418w, https:\/\/hydraulic-cylinders.net\/wp-content\/uploads\/2023\/10\/filter-press-cylinder-1-1280x854.webp 1280w, https:\/\/hydraulic-cylinders.net\/wp-content\/uploads\/2023\/10\/filter-press-cylinder-1-980x654.webp 980w, https:\/\/hydraulic-cylinders.net\/wp-content\/uploads\/2023\/10\/filter-press-cylinder-1-480x320.webp 480w\" sizes=\"(min-width: 0px) and (max-width: 480px) 480px, (min-width: 481px) and (max-width: 980px) 980px, (min-width: 981px) and (max-width: 1280px) 1280px, (min-width: 1281px) 1418px, 100vw\" \/><\/p>\n<h2><strong>Spos\u00f3b u\u017cycia cylindra podnosz\u0105cego pokryw\u0119 pieca elektrycznego<\/strong><strong>:<\/strong><\/h2>\n<ol>\n<li><strong>Instalacja:<\/strong>\n<ul>\n<li>Upewnij si\u0119, \u017ce mechanizm podnoszenia pokrywy pieca jest odpowiednio przygotowany do monta\u017cu.<\/li>\n<li>Umie\u015b\u0107 cylinder podnosz\u0105cy piec elektryczny w wyznaczonym miejscu, wyr\u00f3wnuj\u0105c go z mechanizmem podnosz\u0105cym.<\/li>\n<li>Solidnie zamocuj cylinder do mechanizmu podnosz\u0105cego za pomoc\u0105 odpowiednich \u015brub lub wspornik\u00f3w monta\u017cowych.<\/li>\n<\/ul>\n<\/li>\n<li><strong>Pod\u0142\u0105czenie elektryczne:<\/strong>\n<ul>\n<li>Pod\u0142\u0105cz si\u0142ownik podnosz\u0105cy piec elektryczny do \u017ar\u00f3d\u0142a zasilania elektrycznego za pomoc\u0105 dostarczonego okablowania.<\/li>\n<li>Sprawd\u017a, czy wszystkie po\u0142\u0105czenia elektryczne s\u0105 solidne i nie ma lu\u017anych po\u0142\u0105cze\u0144 ani ods\u0142oni\u0119tych przewod\u00f3w.<\/li>\n<li>Nale\u017cy post\u0119powa\u0107 zgodnie z instrukcjami producenta dotycz\u0105cymi prawid\u0142owego pod\u0142\u0105czenia elektrycznego i uziemienia.<\/li>\n<\/ul>\n<\/li>\n<li><strong>Obs\u0142uga panelu sterowania:<\/strong>\n<ul>\n<li>Zapoznaj si\u0119 z panelem sterowania i jego funkcjami.<\/li>\n<li>Aktywuj panel sterowania i upewnij si\u0119, \u017ce system jest w\u0142\u0105czony.<\/li>\n<li>Za pomoc\u0105 przycisk\u00f3w i prze\u0142\u0105cznik\u00f3w steruj\u0105cych mo\u017cna sterowa\u0107 cylindrem podnosz\u0105cym piec elektryczny, podnosz\u0105c lub opuszczaj\u0105c pokryw\u0119 pieca w razie potrzeby.<\/li>\n<\/ul>\n<\/li>\n<li><strong>\u015arodki ostro\u017cno\u015bci:<\/strong>\n<ul>\n<li>Podczas obs\u0142ugi cylindra podnosz\u0105cego piec elektryczny nale\u017cy przestrzega\u0107 wszystkich wytycznych i protoko\u0142\u00f3w bezpiecze\u0144stwa.<\/li>\n<li>Upewnij si\u0119, \u017ce podczas operacji podnoszenia personel nie znajduje si\u0119 w pobli\u017cu miejsca podnoszenia.<\/li>\n<li>Regularnie sprawdzaj system pod k\u0105tem oznak zu\u017cycia, uszkodze\u0144 lub nieprawid\u0142owego dzia\u0142ania i niezw\u0142ocznie rozwi\u0105zuj wszelkie problemy.<\/li>\n<\/ul>\n<\/li>\n<\/ol>\n<h2><strong>Jak odpowietrzy\u0107 cylinder hydrauliczny bez zaworu odpowietrzaj\u0105cego?<\/strong><\/h2>\n<p>Odpowietrzanie si\u0142ownika hydraulicznego bez zaworu odpowietrzaj\u0105cego mo\u017ce by\u0107 trudniejsze, ale nadal mo\u017cliwe. Oto instrukcja krok po kroku, jak odpowietrzy\u0107 si\u0142ownik hydrauliczny bez zaworu odpowietrzaj\u0105cego:<\/p>\n<ol>\n<li><strong>Przygotuj miejsce pracy:<\/strong>\n<ul>\n<li>Upewnij si\u0119, \u017ce masz czyste i dobrze o\u015bwietlone miejsce pracy, podczas wykonywania prac przy si\u0142owniku hydraulicznym.<\/li>\n<li>Roz\u0142\u00f3\u017c os\u0142on\u0119 ochronn\u0105, aby zatrzyma\u0107 wszelkie rozlane p\u0142yny lub zanieczyszczenia.<\/li>\n<\/ul>\n<\/li>\n<li><strong>Zwolnij ci\u015bnienie hydrauliczne:<\/strong>\n<ul>\n<li>Wy\u0142\u0105cz uk\u0142ad hydrauliczny i uwolnij ci\u015bnienie w cylindrze poprzez aktywacj\u0119 zaworu steruj\u0105cego lub od\u0142\u0105czenie w\u0119\u017ca hydraulicznego.<\/li>\n<li>Za\u0142\u0105cz wszelkie blokady lub blokady bezpiecze\u0144stwa, aby zapobiec przypadkowemu ruchowi cylindra podczas odpowietrzania.<\/li>\n<\/ul>\n<\/li>\n<li><strong>Pozycja cylindra:<\/strong>\n<ul>\n<li>Ustawi\u0107 cylinder hydrauliczny w taki spos\u00f3b, aby p\u0119cherzyki powietrza mog\u0142y unie\u015b\u0107 si\u0119 do najwy\u017cszego punktu.<\/li>\n<li>Je\u017celi to mo\u017cliwe, ustaw cylinder tak, aby powietrze mog\u0142o uchodzi\u0107 przez jego g\u00f3rny koniec.<\/li>\n<\/ul>\n<\/li>\n<li><strong>Stuknij w cylinder:<\/strong>\n<ul>\n<li>Do uderzania w boki cylindra nale\u017cy u\u017cywa\u0107 narz\u0119dzia niemetalowego, np. gumowego m\u0142otka lub kawa\u0142ka drewna.<\/li>\n<li>Zacznij od do\u0142u i kieruj si\u0119 ku g\u00f3rze, delikatnie pukaj\u0105c, aby uwolni\u0107 uwi\u0119zione powietrze i unie\u015b\u0107 je do g\u00f3ry cylindra.<\/li>\n<\/ul>\n<\/li>\n<li><strong>Suw cylindra:<\/strong>\n<ul>\n<li>Uruchom uk\u0142ad hydrauliczny, aby przesun\u0105\u0107 cylinder w pe\u0142nym zakresie ruchu.<\/li>\n<li>Kilkakrotnie rozsu\u0144 i schowaj cylinder, aby u\u0142atwi\u0107 ruch uwi\u0119zionego powietrza w kierunku najwy\u017cszego punktu.<\/li>\n<\/ul>\n<\/li>\n<li><strong>Zastosuj ci\u0105g\u0142y nacisk:<\/strong>\n<ul>\n<li>Ca\u0142kowicie rozsu\u0144 si\u0142ownik hydrauliczny i przy\u0142\u00f3\u017c sta\u0142e ci\u015bnienie, aby utrzyma\u0107 go w pozycji rozsuni\u0119tej.<\/li>\n<li>Dzi\u0119ki sta\u0142emu ci\u015bnieniu p\u0119cherzyki powietrza mog\u0105 zosta\u0107 wypchni\u0119te w kierunku g\u00f3rnej cz\u0119\u015bci cylindra.<\/li>\n<\/ul>\n<\/li>\n<li><strong>Monitoruj uwalnianie powietrza:<\/strong>\n<ul>\n<li>Podczas odpowietrzania nale\u017cy uwa\u017cnie obserwowa\u0107 cylinder.<\/li>\n<li>Sprawd\u017a, czy z cylindra nie wydostaj\u0105 si\u0119 \u017cadne p\u0119cherzyki powietrza, zw\u0142aszcza z jego g\u00f3rnego ko\u0144ca.<\/li>\n<\/ul>\n<\/li>\n<li><strong>Powt\u00f3rz proces:<\/strong>\n<ul>\n<li>Je\u015bli zauwa\u017cysz, \u017ce wydostaj\u0105 si\u0119 p\u0119cherzyki powietrza, kontynuuj stukanie w cylinder i wykonuj nim pe\u0142ne obroty.<\/li>\n<li>Powtarzaj kroki od 4 do 7, a\u017c nie b\u0119d\u0105 ju\u017c wydobywa\u0107 si\u0119 \u017cadne p\u0119cherzyki powietrza, co b\u0119dzie oznacza\u0142o, \u017ce cylinder zosta\u0142 prawid\u0142owo odpowietrzony.<\/li>\n<\/ul>\n<\/li>\n<li><strong>Sprawd\u017a p\u0142ynno\u015b\u0107 dzia\u0142ania:<\/strong>\n<ul>\n<li>Po odpowietrzeniu cylindra hydraulicznego nale\u017cy uruchomi\u0107 uk\u0142ad, aby upewni\u0107 si\u0119, \u017ce ruch jest p\u0142ynny i r\u00f3wnomierny.<\/li>\n<li>Sprawd\u017a, czy podczas pracy nie wyst\u0119puj\u0105 \u017cadne nietypowe d\u017awi\u0119ki lub wibracje.<\/li>\n<\/ul>\n<\/li>\n<li><strong>Ponowna integracja cylindra:<\/strong>\n<ul>\n<li>Po upewnieniu si\u0119, \u017ce si\u0142ownik hydrauliczny zosta\u0142 prawid\u0142owo odpowietrzony i dzia\u0142a prawid\u0142owo, mo\u017cna go ponownie zamontowa\u0107 w urz\u0105dzeniu lub maszynie.<\/li>\n<li>Sprawd\u017a, czy cylinder jest prawid\u0142owo wyr\u00f3wnany i solidnie zamocowany.<\/li>\n<\/ul>\n<\/li>\n<\/ol>\n<h2><strong>Mo\u017cliwo\u015bci i pojemno\u015b\u0107 fabryki:<\/strong><\/h2>\n<h3>(1) Monta\u017c<\/h3>\n<p>Dysponujemy najwy\u017cszej klasy niezale\u017cn\u0105 platform\u0105 badawczo-rozwojow\u0105. Warsztat produkcji si\u0142ownik\u00f3w hydraulicznych posiada cztery p\u00f3\u0142automatyczne linie monta\u017cowe si\u0142ownik\u00f3w podnosz\u0105cych i jedn\u0105 automatyczn\u0105 lini\u0119 monta\u017cow\u0105 si\u0142ownik\u00f3w przechy\u0142u, o projektowanej rocznej zdolno\u015bci produkcyjnej 1 miliona sztuk. Specjalny warsztat cylindr\u00f3w jest wyposa\u017cony w r\u00f3\u017cne specyfikacje p\u00f3\u0142automatycznego systemu monta\u017cu czyszcz\u0105cego o projektowanej rocznej zdolno\u015bci produkcyjnej 200 000 i wyposa\u017cony w s\u0142ynny sprz\u0119t do obr\u00f3bki CNC, centrum obr\u00f3bcze, specjalny sprz\u0119t do precyzyjnej obr\u00f3bki cylindr\u00f3w, robot spawalniczy, automatyczna maszyna czyszcz\u0105ca, automatyczna maszyna do monta\u017cu cylindr\u00f3w i automatyczna linia produkcyjna do malowania. Istniej\u0105cy krytyczny sprz\u0119t sk\u0142ada si\u0119 z ponad 300 zestaw\u00f3w. Optymalna alokacja i efektywne wykorzystanie zasob\u00f3w sprz\u0119towych zapewniaj\u0105 wymagania dotycz\u0105ce dok\u0142adno\u015bci produkt\u00f3w i spe\u0142niaj\u0105 potrzeby wysokiej jako\u015bci produkt\u00f3w.<\/p>\n<p><img loading=\"lazy\" decoding=\"async\" class=\"alignnone wp-image-626\" src=\"https:\/\/hydraulic-cylinders.net\/wp-content\/uploads\/2023\/08\/hydraulic-cylinder-product-1-300x158.webp\" alt=\"\" width=\"495\" height=\"260\" srcset=\"https:\/\/hydraulic-cylinders.net\/wp-content\/uploads\/2023\/08\/hydraulic-cylinder-product-1-300x158.webp 495w, https:\/\/hydraulic-cylinders.net\/wp-content\/uploads\/2023\/08\/hydraulic-cylinder-product-1-480x252.webp 480w\" sizes=\"(min-width: 0px) and (max-width: 480px) 480px, (min-width: 481px) 495px, 100vw\" \/> <img loading=\"lazy\" decoding=\"async\" class=\"alignnone wp-image-627\" src=\"https:\/\/hydraulic-cylinders.net\/wp-content\/uploads\/2023\/08\/hydraulic-cylinder-product-2-300x189.webp\" alt=\"\" width=\"413\" height=\"260\" \/><\/p>\n<h3>(2) Obr\u00f3bka<\/h3>\n<p>Warsztat obr\u00f3bki skrawaniem jest wyposa\u017cony w niestandardowe centrum tokarskie z pochylon\u0105 szyn\u0105, centrum obr\u00f3bcze, szybkobie\u017cn\u0105 honownic\u0119, robota spawalniczego i inny powi\u0105zany sprz\u0119t, kt\u00f3ry mo\u017ce obs\u0142ugiwa\u0107 przetwarzanie rur cylindrycznych o maksymalnej \u015brednicy wewn\u0119trznej 400 mm i maksymalnej d\u0142ugo\u015bci 6 metr\u00f3w.<\/p>\n<p><img loading=\"lazy\" decoding=\"async\" class=\"alignnone wp-image-628 size-large\" src=\"https:\/\/hydraulic-cylinders.net\/wp-content\/uploads\/2023\/08\/hydraulic-cylinder-product-3-1024x391.webp\" alt=\"\" width=\"1024\" height=\"391\" srcset=\"https:\/\/hydraulic-cylinders.net\/wp-content\/uploads\/2023\/08\/hydraulic-cylinder-product-3-980x374.webp 980w, https:\/\/hydraulic-cylinders.net\/wp-content\/uploads\/2023\/08\/hydraulic-cylinder-product-3-480x183.webp 480w\" sizes=\"(min-width: 0px) and (max-width: 480px) 480px, (min-width: 481px) and (max-width: 980px) 980px, (min-width: 981px) 1024px, 100vw\" \/><\/p>\n<h3>(3) Spawanie<\/h3>\n<p><img loading=\"lazy\" decoding=\"async\" class=\"alignnone wp-image-629 size-large\" src=\"https:\/\/hydraulic-cylinders.net\/wp-content\/uploads\/2023\/08\/hydraulic-cylinder-product-4-1024x510.webp\" alt=\"\" width=\"1024\" height=\"510\" srcset=\"https:\/\/hydraulic-cylinders.net\/wp-content\/uploads\/2023\/08\/hydraulic-cylinder-product-4-980x488.webp 980w, https:\/\/hydraulic-cylinders.net\/wp-content\/uploads\/2023\/08\/hydraulic-cylinder-product-4-480x239.webp 480w\" sizes=\"(min-width: 0px) and (max-width: 480px) 480px, (min-width: 481px) and (max-width: 980px) 980px, (min-width: 981px) 1024px, 100vw\" \/><\/p>\n<h3>(4) Malowanie i powlekanie<\/h3>\n<p>Z ma\u0142ymi i \u015brednimi automatycznymi liniami do powlekania farbami na bazie wody, w celu osi\u0105gni\u0119cia automatycznego za\u0142adunku i roz\u0142adunku robota oraz automatycznego natryskiwania, wydajno\u015b\u0107 projektowa 4000 sztuk na zmian\u0119;<br \/>\nPosiadamy r\u00f3wnie\u017c p\u00f3\u0142automatyczn\u0105 lini\u0119 do produkcji farb do du\u017cych cylindr\u00f3w nap\u0119dzan\u0105 \u0142a\u0144cuchem nap\u0119dowym, o wydajno\u015bci 60 skrzy\u0144 na zmian\u0119.<\/p>\n<p><img loading=\"lazy\" decoding=\"async\" class=\"alignnone wp-image-630\" src=\"https:\/\/hydraulic-cylinders.net\/wp-content\/uploads\/2023\/08\/hydraulic-cylinder-product-5-300x213.webp\" alt=\"\" width=\"366\" height=\"260\" \/> <img loading=\"lazy\" decoding=\"async\" class=\"alignnone wp-image-631\" src=\"https:\/\/hydraulic-cylinders.net\/wp-content\/uploads\/2023\/08\/hydraulic-cylinder-product-6-300x225.webp\" alt=\"\" width=\"347\" height=\"260\" \/><\/p>\n<h3>(5) Testowanie<\/h3>\n<p>Dysponujemy najwy\u017cszej klasy urz\u0105dzeniami kontrolnymi i stanowiskami testowymi, aby zapewni\u0107, \u017ce wydajno\u015b\u0107 cylindra spe\u0142nia wymagania.<\/p>\n<p><img loading=\"lazy\" decoding=\"async\" class=\"alignnone wp-image-632\" src=\"https:\/\/hydraulic-cylinders.net\/wp-content\/uploads\/2023\/08\/hydraulic-cylinder-product-8-300x200.webp\" alt=\"\" width=\"389\" height=\"260\" \/><\/p>\n<p>&nbsp;<\/p>\n<p>&nbsp;<\/p>\n<p>Jeste\u015bmy jednym z najlepszych producent\u00f3w cylindr\u00f3w hydraulicznych. Oferujemy kompleksow\u0105 ofert\u0119 cylindr\u00f3w hydraulicznych. Dostarczamy r\u00f3wnie\u017c\u2026 <a href=\"https:\/\/hzpt.com\/agricultural-pto-gearbox\/\" target=\"_blank\" rel=\"noopener\">przek\u0142adnie rolnicze<\/a>. Eksportowali\u015bmy nasze produkty do klient\u00f3w na ca\u0142ym \u015bwiecie i zdobyli\u015bmy dobr\u0105 reputacj\u0119 dzi\u0119ki najwy\u017cszej jako\u015bci produkt\u00f3w i us\u0142ug posprzeda\u017cnych. Zapraszamy klient\u00f3w w kraju i za granic\u0105 do kontaktu z nami w celu negocjacji biznesowych, wymiany informacji i <a href=\"https:\/\/www.hydraulic-cylinders.net\/pl\/contact-us\/\">wsp\u00f3\u0142pracowa\u0107 z nami<\/a>!<\/p>","protected":false},"excerpt":{"rendered":"<p>Electric Furnace Cover Lifting Cylinder The electric furnace cover lifting cylinder is a cutting-edge solution designed to enhance safety and efficiency in industrial furnace operations. As a crucial component of furnace equipment, this cylinder facilitates the lifting and lowering of the furnace cover with precision and ease. The electric furnace cover lifting cylinder is vital [&hellip;]<\/p>","protected":false},"featured_media":1692,"comment_status":"open","ping_status":"closed","template":"","meta":{"_et_pb_use_builder":"","_et_pb_old_content":"","_et_gb_content_width":""},"product_brand":[],"product_cat":[1549,1524,1376],"product_tag":[1380],"class_list":{"0":"post-1690","1":"product","2":"type-product","3":"status-publish","4":"has-post-thumbnail","6":"product_cat-single-acting-hydraulic-cylinder","7":"product_cat-steel-mill-hydraulic-cylinders","8":"product_cat-hydraulic-cylinder","9":"product_tag-hydraulic-cylinder","11":"first","12":"instock","13":"shipping-taxable","14":"product-type-simple"},"amp_enabled":true,"_links":{"self":[{"href":"https:\/\/www.hydraulic-cylinders.net\/pl\/wp-json\/wp\/v2\/product\/1690","targetHints":{"allow":["GET"]}}],"collection":[{"href":"https:\/\/www.hydraulic-cylinders.net\/pl\/wp-json\/wp\/v2\/product"}],"about":[{"href":"https:\/\/www.hydraulic-cylinders.net\/pl\/wp-json\/wp\/v2\/types\/product"}],"replies":[{"embeddable":true,"href":"https:\/\/www.hydraulic-cylinders.net\/pl\/wp-json\/wp\/v2\/comments?post=1690"}],"wp:featuredmedia":[{"embeddable":true,"href":"https:\/\/www.hydraulic-cylinders.net\/pl\/wp-json\/wp\/v2\/media\/1692"}],"wp:attachment":[{"href":"https:\/\/www.hydraulic-cylinders.net\/pl\/wp-json\/wp\/v2\/media?parent=1690"}],"wp:term":[{"taxonomy":"product_brand","embeddable":true,"href":"https:\/\/www.hydraulic-cylinders.net\/pl\/wp-json\/wp\/v2\/product_brand?post=1690"},{"taxonomy":"product_cat","embeddable":true,"href":"https:\/\/www.hydraulic-cylinders.net\/pl\/wp-json\/wp\/v2\/product_cat?post=1690"},{"taxonomy":"product_tag","embeddable":true,"href":"https:\/\/www.hydraulic-cylinders.net\/pl\/wp-json\/wp\/v2\/product_tag?post=1690"}],"curies":[{"name":"wp","href":"https:\/\/api.w.org\/{rel}","templated":true}]}}