{"id":16901,"date":"2025-01-21T06:11:37","date_gmt":"2025-01-21T06:11:37","guid":{"rendered":"https:\/\/www.hydraulic-cylinders.net\/product\/arm-cylinder-for-dasin-ds50-7\/"},"modified":"2025-01-21T06:11:39","modified_gmt":"2025-01-21T06:11:39","slug":"arm-cylinder-for-dasin-ds50-7","status":"publish","type":"product","link":"https:\/\/www.hydraulic-cylinders.net\/pl\/produkt\/arm-cylinder-for-dasin-ds50-7\/","title":{"rendered":"Si\u0142ownik ramienia do Dasin DS50-7"},"content":{"rendered":"<h1>Si\u0142ownik ramienia do Dasin DS50-7<\/h1>\n<h2>Wst\u0119p<\/h2>\n<p>Si\u0142ownik ramienia to specjalnie zaprojektowany si\u0142ownik hydrauliczny, kt\u00f3ry zapewnia ruch liniowy i zasilanie ramion r\u00f3\u017cnego rodzaju maszyn, takich jak koparki, d\u017awigi i ramiona robot\u00f3w. Si\u0142ownik ramienia odgrywa kluczow\u0105 rol\u0119 w uk\u0142adach hydraulicznych, umo\u017cliwiaj\u0105c ruch osprz\u0119tu i akcesori\u00f3w oraz ich efektywne sterowanie. Si\u0142owniki te nie tylko zapewniaj\u0105 p\u0142ynny ruch, ale tak\u017ce wytrzymuj\u0105 du\u017ce obci\u0105\u017cenia, gwarantuj\u0105c wydajn\u0105 prac\u0119 i niezawodno\u015b\u0107 maszyn w r\u00f3\u017cnych warunkach eksploatacyjnych.<\/p>\n<p><img decoding=\"async\" src=\"https:\/\/www.hydraulic-cylinders.net\/wp-content\/uploads\/2025\/01\/songte-company-2.webp\" alt=\"Cylinder ramienia\"><\/p>\n<h2>Cechy<\/h2>\n<ul>\n<li>Wysoka wydajno\u015b\u0107 przek\u0142adni: Cylinder ramienia zapewnia mocny ruch liniowy i si\u0142\u0119, gwarantuj\u0105c wysok\u0105 wydajno\u015b\u0107 ramienia robota podczas r\u00f3\u017cnych operacji.<\/li>\n<li>Precyzyjna kontrola: Dzi\u0119ki uk\u0142adowi hydraulicznemu si\u0142ownik ramienia mo\u017ce uzyska\u0107 precyzyjn\u0105 kontrol\u0119 ruchu, co sprawia, \u017ce \u200b\u200bobs\u0142uga osprz\u0119tu jest bardziej elastyczna i dok\u0142adna.<\/li>\n<li>Wysoka trwa\u0142o\u015b\u0107: Cylindry ramienia s\u0105 zwykle wykonane z materia\u0142\u00f3w o wysokiej wytrzyma\u0142o\u015bci, charakteryzuj\u0105cych si\u0119 dobr\u0105 odporno\u015bci\u0105 na zu\u017cycie i korozj\u0119, dzi\u0119ki czemu nadaj\u0105 si\u0119 do d\u0142ugotrwa\u0142ego u\u017cytkowania w trudnych warunkach.<\/li>\n<li>Wielofunkcyjna mo\u017cliwo\u015b\u0107 adaptacji: Te cylindry mo\u017cna szeroko stosowa\u0107 w r\u00f3\u017cnych urz\u0105dzeniach mechanicznych, takich jak koparki, d\u017awigi i ramiona robotyczne, aby sprosta\u0107 zr\u00f3\u017cnicowanym wymaganiom roboczym.<\/li>\n<li>\u0141atwa konserwacja: Projekt uwzgl\u0119dnia \u0142atwo\u015b\u0107 konserwacji i wymiany, dzi\u0119ki czemu regularne kontrole i konserwacje s\u0105 wygodniejsze, a przestoje sprz\u0119tu kr\u00f3tsze.<\/li>\n<\/ul>\n<p>Nasz produkt mo\u017ce doskonale zast\u0105pi\u0107 tego typu si\u0142owniki hydrauliczne.<\/p>\n<p><img decoding=\"async\" src=\"https:\/\/www.hydraulic-cylinders.net\/wp-content\/uploads\/2025\/01\/songte-oil-pipes-and-spare-parts.webp\" alt=\"Cz\u0119\u015bci cylindr\u00f3w hydraulicznych\"><\/p>\n<h2>Aplikacje<\/h2>\n<p>Si\u0142ownik ramienia stosowany jest w r\u00f3\u017cnych ga\u0142\u0119ziach przemys\u0142u i zastosowaniach, takich jak:<\/p>\n<ul>\n<li>Budownictwo: W koparkach i d\u017awigach si\u0142ownik ramienia s\u0142u\u017cy do sterowania ruchem \u0142y\u017cki lub wysi\u0119gnika podczas rob\u00f3t ziemnych, przenoszenia materia\u0142\u00f3w i instalacji konstrukcyjnych.<\/li>\n<li>Produkcja: W zautomatyzowanych liniach produkcyjnych si\u0142ownik ramienia jest wykorzystywany do poruszania ramionami robota podczas monta\u017cu, spawania i obs\u0142ugi materia\u0142\u00f3w, co zwi\u0119ksza wydajno\u015b\u0107 i precyzj\u0119 produkcji.<\/li>\n<li>Maszyny rolnicze: W maszynach rolniczych, takich jak kombajny i sadzarki, si\u0142ownik ramienia steruje ruchem ramienia roboczego, wykonuj\u0105cego takie zadania, jak sadzenie, nawo\u017cenie i zbi\u00f3r.<\/li>\n<li>G\u00f3rnictwo: W sprz\u0119cie g\u00f3rniczym si\u0142ownik ramienia s\u0142u\u017cy do sterowania ruchem ramion sprz\u0119tu g\u00f3rniczego przy wydobywaniu i transporcie rudy.<\/li>\n<li>Logistyka i transport: W w\u00f3zkach wid\u0142owych i robotach do transportu materia\u0142\u00f3w si\u0142ownik ramienia s\u0142u\u017cy do sterowania podnoszeniem i ruchem wide\u0142, co umo\u017cliwia transport i uk\u0142adanie materia\u0142\u00f3w.<\/li>\n<\/ul>\n<h2>Zagadnienia projektowe i kryteria wyboru<\/h2>\n<p>Bior\u0105c pod uwag\u0119 wzgl\u0119dy konstrukcyjne, si\u0142owniki ramieniowe musz\u0105 charakteryzowa\u0107 si\u0119 du\u017c\u0105 no\u015bno\u015bci\u0105, dobrym uszczelnieniem, trwa\u0142o\u015bci\u0105, bezpiecze\u0144stwem i \u0142atwo\u015bci\u0105 konserwacji. Mo\u017cna om\u00f3wi\u0107 nast\u0119puj\u0105ce kwestie:<\/p>\n<ul>\n<li>No\u015bno\u015b\u0107: Cylinder ramienia musi wytrzymywa\u0107 du\u017ce obci\u0105\u017cenia i zapewnia\u0107 mocny ruch liniowy, aby zagwarantowa\u0107 wydajn\u0105 prac\u0119 maszyn.<\/li>\n<li>Uszczelnienie: Aby zapewni\u0107 dobr\u0105 szczelno\u015b\u0107 cylindra, stosuje si\u0119 r\u00f3\u017cne elementy uszczelniaj\u0105ce, takie jak uszczelki t\u0142okowe i uszczelki t\u0142oczyskowe, wykonane z materia\u0142\u00f3w odpornych na zu\u017cycie, takich jak poliuretan i kauczuk nitrylowy.<\/li>\n<li>Trwa\u0142o\u015b\u0107: Cylindry ramienia s\u0105 zwykle wykonane z materia\u0142\u00f3w o wysokiej wytrzyma\u0142o\u015bci, charakteryzuj\u0105cych si\u0119 dobr\u0105 odporno\u015bci\u0105 na zu\u017cycie i korozj\u0119, dzi\u0119ki czemu nadaj\u0105 si\u0119 do d\u0142ugotrwa\u0142ego u\u017cytkowania w trudnych warunkach.<\/li>\n<li>Bezpiecze\u0144stwo: Cylinder musi by\u0107 zaprojektowany z uwzgl\u0119dnieniem funkcji bezpiecze\u0144stwa, takich jak zawory bezpiecze\u0144stwa, zabezpieczenie przed przeci\u0105\u017ceniem i mechanizmy blokuj\u0105ce, aby zapobiec wypadkom.<\/li>\n<li>Konserwacja: Projekt powinien uwzgl\u0119dnia\u0107 \u0142atwo\u015b\u0107 konserwacji i wymiany, aby regularne kontrole i konserwacje by\u0142y wygodniejsze, a przestoje sprz\u0119tu skr\u00f3cone.<\/li>\n<\/ul>\n<p><img decoding=\"async\" src=\"https:\/\/www.hydraulic-cylinders.net\/wp-content\/uploads\/2025\/01\/songte-cylinder-head-with-all-kinds-excavator-models.webp\" alt=\"G\u0142owica cylindra\"><\/p>\n<h2>Uszczelnianie i smarowanie<\/h2>\n<p>W si\u0142owniku ramienia zastosowano r\u00f3\u017cnorodne elementy uszczelniaj\u0105ce, takie jak uszczelnienia t\u0142oczyska i t\u0142oczyska, wykonane z materia\u0142\u00f3w odpornych na zu\u017cycie, takich jak poliuretan i kauczuk nitrylowy, aby zapewni\u0107 dobr\u0105 szczelno\u015b\u0107 si\u0142ownika. Korpus si\u0142ownika i powierzchnia gwintu s\u0105 precyzyjnie obrobione, aby zwi\u0119kszy\u0107 odporno\u015b\u0107 na zu\u017cycie. Do smarowania si\u0142ownika wymagane jest regularne dodawanie odpowiedniego oleju hydraulicznego.<\/p>\n<h2>Konserwacja i \u015brodki zapobiegawcze<\/h2>\n<p>Regularne kontrole i konserwacja zapobiegawcza mog\u0105 skutecznie wyd\u0142u\u017cy\u0107 \u017cywotno\u015b\u0107 si\u0142ownika ramienia. Mo\u017cna podj\u0105\u0107 nast\u0119puj\u0105ce dzia\u0142ania:<\/p>\n<ul>\n<li>Aby zapewni\u0107 dobr\u0105 szczelno\u015b\u0107, nale\u017cy regularnie sprawdza\u0107 i wymienia\u0107 uszczelki.<\/li>\n<li>Sprawd\u017a korpus cylindra oraz powierzchni\u0119 gwintu pod k\u0105tem zu\u017cycia i uszkodze\u0144; w razie konieczno\u015bci wymie\u0144 je.<\/li>\n<li>Nale\u017cy regularnie wymienia\u0107 olej hydrauliczny i utrzymywa\u0107 go w czysto\u015bci, aby zapewni\u0107 w\u0142a\u015bciwe smarowanie cylindra.<\/li>\n<li>Sprawd\u017a funkcje bezpiecze\u0144stwa cylindra, takie jak zawory bezpiecze\u0144stwa, zabezpieczenie przed przeci\u0105\u017ceniem i mechanizmy blokuj\u0105ce, i upewnij si\u0119, \u017ce dzia\u0142aj\u0105 prawid\u0142owo.<\/li>\n<\/ul>\n<p><img decoding=\"async\" src=\"https:\/\/www.hydraulic-cylinders.net\/wp-content\/uploads\/2025\/01\/songte-chushion-collar.webp\" alt=\"Ko\u0142nierz poduszkowy\"><\/p>\n<h2>Przewodnik instalacji<\/h2>\n<p>Przed monta\u017cem nale\u017cy uwa\u017cnie przeczyta\u0107 i zrozumie\u0107 instrukcj\u0119 monta\u017cu oraz upewni\u0107 si\u0119, \u017ce si\u0142ownik ramienia i jego elementy s\u0105 w dobrym stanie. Wykonaj nast\u0119puj\u0105ce kroki:<\/p>\n<ol>\n<li>Zamontuj cylinder zgodnie z kierunkiem strza\u0142ki na korpusie cylindra.<\/li>\n<li>Upewnij si\u0119, \u017ce powierzchnia styku cylindra i powierzchnia monta\u017cowa maszyny s\u0105 czyste i nieuszkodzone.<\/li>\n<li>Nanie\u015b\u0107 odpowiedni\u0105 ilo\u015b\u0107 smaru na cylinder i powierzchni\u0119 styku.<\/li>\n<li>Zamontuj cylinder zgodnie z podanym momentem obrotowym i kolejno\u015bci\u0105 mocowania.<\/li>\n<li>Sprawd\u017a szczelno\u015b\u0107 instalacji i jej prawid\u0142owe dzia\u0142anie.<\/li>\n<\/ol>\n<h2>Zagadnienia bezpiecze\u0144stwa i czynniki \u015brodowiskowe<\/h2>\n<p>Safety measures are important when using arm cylinders. Operating the cylinders in accordance with the manufacturer&#8217;s instructions, maintaining the equipment, and ensuring that safety features are functioning correctly can help prevent accidents. Environmental factors, such as temperature, humidity, and chemical contamination, can affect the performance and service life of the cylinders.<\/p>\n<h2>Rozwi\u0105zywanie problem\u00f3w i typowe problemy<\/h2>\n<p>Typowe problemy z si\u0142ownikami ramienia to nieszczelno\u015bci, powolna praca i nietypowy ha\u0142as. Poni\u017csze wskaz\u00f3wki i rozwi\u0105zania mog\u0105 pom\u00f3c w diagnozie i rozwi\u0105zaniu tych problem\u00f3w:<\/p>\n<ul>\n<li>Wyciek: Sprawd\u017a elementy uszczelniaj\u0105ce i powierzchnie styku pod k\u0105tem uszkodze\u0144 lub zu\u017cycia; w razie potrzeby wymie\u0144 je.<\/li>\n<li>Powolna praca: Sprawd\u017a poziom i jako\u015b\u0107 oleju hydraulicznego, w razie potrzeby wymie\u0144 go.<\/li>\n<li>Nietypowy ha\u0142as: Sprawd\u017a korpus cylindra oraz powierzchni\u0119 gwintu pod k\u0105tem zu\u017cycia lub uszkodzenia. W razie konieczno\u015bci wymie\u0144 je.<\/li>\n<\/ul>\n<p>Mo\u017cna r\u00f3wnie\u017c podj\u0105\u0107 \u015brodki zapobiegawcze w celu ograniczenia potencjalnych problem\u00f3w, np. poprzez regularne kontrole i konserwacj\u0119 oraz prawid\u0142owe u\u017cytkowanie i przechowywanie butli.<\/p>\n<p><img decoding=\"async\" src=\"https:\/\/www.hydraulic-cylinders.net\/wp-content\/uploads\/2025\/01\/songte-bushings-with-all-kinds-of-excavator-models.webp\" alt=\"Tuleje\"><\/p>\n<h2>O nas<\/h2>\n<p>Jeste\u015bmy profesjonalnym producentem zamiennych cylindr\u00f3w hydraulicznych, oferuj\u0105cym szerok\u0105 gam\u0119 produkt\u00f3w. Stali\u015bmy si\u0119 jednym z wiod\u0105cych producent\u00f3w i dystrybutor\u00f3w hurtowych cylindr\u00f3w hydraulicznych na rynku krajowym i mi\u0119dzynarodowym. Zawsze przestrzegamy zasady doskona\u0142ej jako\u015bci, opieramy si\u0119 na strategiach zarz\u0105dzania produkcj\u0105 przemys\u0142ow\u0105, aby zapewni\u0107 skrupulatne warsztaty produkcyjne, stale ulepszaj\u0105c technologi\u0119 i wydajno\u015b\u0107 produkcji. Wprowadzaj\u0105c wysokiej klasy cyfrowy sprz\u0119t produkcyjny i profesjonalne systemy kontroli, stale optymalizujemy platform\u0119 produkcyjn\u0105, usprawniamy procesy kontroli jako\u015bci produkt\u00f3w i dysponujemy du\u017cym potencja\u0142em innowacyjnym. Naszym celem jest zaspokajanie zr\u00f3\u017cnicowanych potrzeb klient\u00f3w poprzez wysok\u0105 wydajno\u015b\u0107, precyzj\u0119 i jako\u015b\u0107.<\/p>\n<p>Oferujemy naszym klientom profesjonalne us\u0142ugi, mi\u0119dzynarodowe certyfikaty, us\u0142ugi dostosowane do ich potrzeb, sprz\u0119t produkcyjny i serwis posprzeda\u017cowy.<\/p>\n<p><img decoding=\"async\" src=\"https:\/\/www.hydraulic-cylinders.net\/wp-content\/uploads\/2025\/01\/songte-company-4.webp\" alt=\"Wizerunek firmy\"><br \/>\n<img decoding=\"async\" src=\"https:\/\/www.hydraulic-cylinders.net\/wp-content\/uploads\/2025\/01\/songte-company-3.webp\" alt=\"Wizerunek firmy\"><\/p>\n<p>Autor: lyl<\/p>","protected":false},"excerpt":{"rendered":"<p>Arm Cylinder For Dasin DS50-7 Introduction An arm cylinder is a specially designed hydraulic cylinder used to provide linear motion and power to the arms of various types of machinery, such as excavators, cranes, and robotic arms. The arm cylinder plays a key role in hydraulic systems, allowing attachments or accessories to move and be [&hellip;]<\/p>","protected":false},"featured_media":14777,"comment_status":"open","ping_status":"closed","template":"","meta":{"_et_pb_use_builder":"","_et_pb_old_content":"","_et_gb_content_width":""},"product_brand":[],"product_cat":[1497],"product_tag":[1498,1496],"class_list":{"0":"post-16901","1":"product","2":"type-product","3":"status-publish","4":"has-post-thumbnail","6":"product_cat-arm-cylinders","7":"product_tag-arm-cylinders","8":"product_tag-hydraulic-cylinders","10":"first","11":"instock","12":"shipping-taxable","13":"product-type-simple"},"amp_enabled":true,"_links":{"self":[{"href":"https:\/\/www.hydraulic-cylinders.net\/pl\/wp-json\/wp\/v2\/product\/16901","targetHints":{"allow":["GET"]}}],"collection":[{"href":"https:\/\/www.hydraulic-cylinders.net\/pl\/wp-json\/wp\/v2\/product"}],"about":[{"href":"https:\/\/www.hydraulic-cylinders.net\/pl\/wp-json\/wp\/v2\/types\/product"}],"replies":[{"embeddable":true,"href":"https:\/\/www.hydraulic-cylinders.net\/pl\/wp-json\/wp\/v2\/comments?post=16901"}],"wp:featuredmedia":[{"embeddable":true,"href":"https:\/\/www.hydraulic-cylinders.net\/pl\/wp-json\/wp\/v2\/media\/14777"}],"wp:attachment":[{"href":"https:\/\/www.hydraulic-cylinders.net\/pl\/wp-json\/wp\/v2\/media?parent=16901"}],"wp:term":[{"taxonomy":"product_brand","embeddable":true,"href":"https:\/\/www.hydraulic-cylinders.net\/pl\/wp-json\/wp\/v2\/product_brand?post=16901"},{"taxonomy":"product_cat","embeddable":true,"href":"https:\/\/www.hydraulic-cylinders.net\/pl\/wp-json\/wp\/v2\/product_cat?post=16901"},{"taxonomy":"product_tag","embeddable":true,"href":"https:\/\/www.hydraulic-cylinders.net\/pl\/wp-json\/wp\/v2\/product_tag?post=16901"}],"curies":[{"name":"wp","href":"https:\/\/api.w.org\/{rel}","templated":true}]}}