{"id":16909,"date":"2025-01-21T06:12:13","date_gmt":"2025-01-21T06:12:13","guid":{"rendered":"https:\/\/www.hydraulic-cylinders.net\/product\/arm-cylinder-for-sinomach-zg3365lc-9c\/"},"modified":"2025-01-21T06:12:15","modified_gmt":"2025-01-21T06:12:15","slug":"arm-cylinder-for-sinomach-zg3365lc-9c","status":"publish","type":"product","link":"https:\/\/www.hydraulic-cylinders.net\/pl\/produkt\/arm-cylinder-for-sinomach-zg3365lc-9c\/","title":{"rendered":"Si\u0142ownik ramienia do Sinomach ZG3365LC-9C"},"content":{"rendered":"<h1>Si\u0142ownik ramienia do Sinomach ZG3365LC-9C<\/h1>\n<h2>Wst\u0119p<\/h2>\n<p>Si\u0142ownik ramienia to specjalistyczny si\u0142ownik hydrauliczny zaprojektowany do zapewnienia ruchu liniowego i zasilania ramion r\u00f3\u017cnych maszyn, takich jak koparki, d\u017awigi i ramiona mechaniczne. W uk\u0142adach hydraulicznych si\u0142owniki ramienia odgrywaj\u0105 kluczow\u0105 rol\u0119 w umo\u017cliwieniu efektywnego ruchu i sterowania osprz\u0119tem lub akcesoriami. Si\u0142owniki te nie tylko zapewniaj\u0105 p\u0142ynny ruch, ale tak\u017ce wytrzymuj\u0105 du\u017ce obci\u0105\u017cenia, zapewniaj\u0105c wydajn\u0105 prac\u0119 i niezawodno\u015b\u0107 maszyn w r\u00f3\u017cnych warunkach eksploatacyjnych.<\/p>\n<p><img decoding=\"async\" src=\"https:\/\/www.hydraulic-cylinders.net\/wp-content\/uploads\/2025\/01\/songte-company-2.webp\" alt=\"Obraz cylindra ramienia\"><\/p>\n<h3>Cechy<\/h3>\n<ul>\n<li>Wysokowydajna przek\u0142adnia: Cylindry ramienia zapewniaj\u0105 mocny ruch liniowy i si\u0142\u0119, gwarantuj\u0105c wysok\u0105 wydajno\u015b\u0107 ramienia mechanicznego podczas r\u00f3\u017cnych operacji.<\/li>\n<li>Precyzyjna kontrola: Dzi\u0119ki uk\u0142adom hydraulicznym si\u0142owniki ramion mog\u0105 uzyska\u0107 precyzyjn\u0105 kontrol\u0119 ruchu, co sprawia, \u017ce \u200b\u200bpraca pod\u0142\u0105czonych narz\u0119dzi jest bardziej elastyczna i dok\u0142adna.<\/li>\n<li>Wysoka trwa\u0142o\u015b\u0107: Cylindry ramienia s\u0105 zazwyczaj wykonane z materia\u0142\u00f3w o wysokiej wytrzyma\u0142o\u015bci, charakteryzuj\u0105 si\u0119 dobr\u0105 odporno\u015bci\u0105 na zu\u017cycie i korozj\u0119 oraz nadaj\u0105 si\u0119 do d\u0142ugotrwa\u0142ego u\u017cytkowania w trudnych warunkach.<\/li>\n<li>Wielofunkcyjna mo\u017cliwo\u015b\u0107 adaptacji: Te cylindry mo\u017cna szeroko stosowa\u0107 w r\u00f3\u017cnych typach maszyn, takich jak koparki, d\u017awigi i ramiona mechaniczne, aby sprosta\u0107 zr\u00f3\u017cnicowanym wymaganiom roboczym.<\/li>\n<li>\u0141atwa konserwacja: Projekt zak\u0142ada \u0142atw\u0105 konserwacj\u0119 i wymian\u0119, dzi\u0119ki czemu regularne kontrole i konserwacje staj\u0105 si\u0119 wygodniejsze, a przestoje sprz\u0119tu zostaj\u0105 skr\u00f3cone.<\/li>\n<\/ul>\n<p>Mo\u017cemy wyprodukowa\u0107 ten produkt i nasz produkt mo\u017ce doskonale zast\u0105pi\u0107 te cylindry hydrauliczne.<\/p>\n<p><img decoding=\"async\" src=\"https:\/\/www.hydraulic-cylinders.net\/wp-content\/uploads\/2025\/01\/songte-oil-pipes-and-spare-parts.webp\" alt=\"Obraz cz\u0119\u015bci zamiennych\"><\/p>\n<h2>Aplikacje<\/h2>\n<p>Si\u0142ownik ramienia ma szerokie zastosowanie w r\u00f3\u017cnych ga\u0142\u0119ziach przemys\u0142u, takich jak:<\/p>\n<ul>\n<li><strong>In\u017cynieria budowlana:<\/strong> W koparkach i d\u017awigach si\u0142ownik ramienia s\u0142u\u017cy do sterowania ruchem \u0142y\u017cki lub wysi\u0119gnika podczas rob\u00f3t ziemnych, przenoszenia materia\u0142\u00f3w i instalacji konstrukcyjnych.<\/li>\n<li><strong>Przemys\u0142 wytw\u00f3rczy:<\/strong> W zautomatyzowanych liniach produkcyjnych si\u0142ownik ramienia s\u0142u\u017cy do poruszania ramieniem mechanicznym podczas proces\u00f3w monta\u017cu, spawania i obs\u0142ugi, co zwi\u0119ksza wydajno\u015b\u0107 i dok\u0142adno\u015b\u0107 produkcji.<\/li>\n<li><strong>Maszyny rolnicze:<\/strong> W maszynach rolniczych, takich jak kombajny i sadzarki, si\u0142ownik ramienia steruje ruchem ramienia roboczego, wykonuj\u0105cego takie zadania, jak siew, nawo\u017cenie i zbi\u00f3r.<\/li>\n<li><strong>Przemys\u0142 g\u00f3rniczy:<\/strong> W sprz\u0119cie g\u00f3rniczym si\u0142ownik ramienia s\u0142u\u017cy do sterowania ruchem ramienia sprz\u0119tu g\u00f3rniczego podczas prac g\u00f3rniczych i transportu materia\u0142\u00f3w.<\/li>\n<li><strong>Logistyka i transport:<\/strong> W w\u00f3zkach wid\u0142owych i robotach prze\u0142adunkowych si\u0142ownik ramienia s\u0142u\u017cy do sterowania podnoszeniem i ruchem wide\u0142, umo\u017cliwiaj\u0105c obs\u0142ug\u0119 i uk\u0142adanie materia\u0142\u00f3w.<\/li>\n<\/ul>\n<h2>Zagadnienia projektowe i kryteria wyboru<\/h2>\n<p>Bior\u0105c pod uwag\u0119 kwestie projektowe, istotne jest upewnienie si\u0119, \u017ce cylinder ramienia ma nast\u0119puj\u0105ce cechy:<\/p>\n<h3>No\u015bno\u015b\u0107<\/h3>\n<p>No\u015bno\u015b\u0107 si\u0142ownika ramienia jest kluczowym czynnikiem przy wyborze odpowiedniego si\u0142ownika do konkretnego zastosowania. Musi on wytrzyma\u0107 maksymalne obci\u0105\u017cenie, jakie b\u0119dzie napotyka\u0107 maszyna podczas pracy.<\/p>\n<h3>Opiecz\u0119towanie<\/h3>\n<p>Uszczelnienia stosowane w si\u0142owniku ramienia powinny by\u0107 starannie dobrane, aby zapewni\u0107 ich odporno\u015b\u0107 na wysokie ci\u015bnienie i trudne warunki panuj\u0105ce w uk\u0142adzie hydraulicznym. Pier\u015bcie\u0144 uszczelniaj\u0105cy t\u0142oka, pier\u015bcie\u0144 uszczelniaj\u0105cy t\u0142oczyska i inne uszczelnienia powinny by\u0107 wykonane z materia\u0142\u00f3w odpornych na zu\u017cycie, takich jak poliuretan i kauczuk nitrylowy.<\/p>\n<h3>Trwa\u0142o\u015b\u0107<\/h3>\n<p>Cylinder ramienia powinien by\u0107 wykonany z materia\u0142\u00f3w o wysokiej wytrzyma\u0142o\u015bci, aby zapewni\u0107 jego trwa\u0142o\u015b\u0107. Korpus cylindra i t\u0142oczysko powinny zosta\u0107 poddane precyzyjnej obr\u00f3bce powierzchniowej w celu zwi\u0119kszenia odporno\u015bci na zu\u017cycie i korozj\u0119.<\/p>\n<h3>Bezpiecze\u0144stwo<\/h3>\n<p>Si\u0142ownik ramienia powinien by\u0107 wyposa\u017cony w zabezpieczenia zapobiegaj\u0105ce wypadkom spowodowanym awari\u0105 systemu lub innymi czynnikami. Zabezpieczenia te obejmuj\u0105 zawory bezpiecze\u0144stwa, zawory bezpiecze\u0144stwa i inne urz\u0105dzenia zabezpieczaj\u0105ce.<\/p>\n<h3>Konserwacja<\/h3>\n<p>Si\u0142ownik ramienia powinien by\u0107 zaprojektowany tak, aby umo\u017cliwia\u0142 \u0142atw\u0105 konserwacj\u0119 i wymian\u0119 cz\u0119\u015bci. Regularne przegl\u0105dy i konserwacja mog\u0105 zapobiec potencjalnym problemom i wyd\u0142u\u017cy\u0107 \u017cywotno\u015b\u0107 si\u0142ownika.<\/p>\n<p><img decoding=\"async\" src=\"https:\/\/www.hydraulic-cylinders.net\/wp-content\/uploads\/2025\/01\/songte-cylinder-head-with-all-kinds-excavator-models.webp\" alt=\"Obraz g\u0142owicy cylindra\"><\/p>\n<h2>Uszczelnianie i smarowanie<\/h2>\n<p>Aby zapewni\u0107 niezawodn\u0105 prac\u0119 si\u0142ownika ramienia, r\u00f3\u017cne elementy uszczelniaj\u0105ce, takie jak pier\u015bcienie uszczelniaj\u0105ce t\u0142oka, pier\u015bcienie uszczelniaj\u0105ce t\u0142oczyska i uszczelnienia innych cz\u0119\u015bci, musz\u0105 by\u0107 prawid\u0142owo zamontowane i konserwowane. Korpus si\u0142ownika i powierzchnia t\u0142oczyska powinny zosta\u0107 poddane precyzyjnej obr\u00f3bce powierzchniowej w celu zwi\u0119kszenia odporno\u015bci na zu\u017cycie i korozj\u0119. Okresowe smarowanie odpowiednim olejem hydraulicznym mo\u017ce zminimalizowa\u0107 tarcie i wyd\u0142u\u017cy\u0107 \u017cywotno\u015b\u0107 si\u0142ownika.<\/p>\n<h2>Konserwacja i \u015brodki zapobiegawcze<\/h2>\n<p>Regularna kontrola i konserwacja si\u0142ownika ramienia mo\u017ce wyd\u0142u\u017cy\u0107 jego \u017cywotno\u015b\u0107 i zapobiec potencjalnym problemom. Nale\u017cy podj\u0105\u0107 nast\u0119puj\u0105ce \u015brodki:<\/p>\n<ul>\n<li>Regularnie sprawdzaj szczelno\u015b\u0107 cylindra.<\/li>\n<li>Sprawd\u017a korpus cylindra i pr\u0119t pod k\u0105tem uszkodze\u0144 i zu\u017cycia.<\/li>\n<li>Okresowo nale\u017cy uzupe\u0142nia\u0107 olej hydrauliczny w celu smarowania cylindra.<\/li>\n<li>Upewnij si\u0119, \u017ce urz\u0105dzenia zabezpieczaj\u0105ce dzia\u0142aj\u0105 prawid\u0142owo.<\/li>\n<\/ul>\n<p><img decoding=\"async\" src=\"https:\/\/www.hydraulic-cylinders.net\/wp-content\/uploads\/2025\/01\/songte-chushion-collar.webp\" alt=\"Obraz ko\u0142nierza poduszkowego\"><\/p>\n<h2>Przewodnik instalacji<\/h2>\n<p>Podczas monta\u017cu cylindra ramienia nale\u017cy wykona\u0107 nast\u0119puj\u0105ce czynno\u015bci:<\/p>\n<ol>\n<li>Wyjmij stary cylinder i wyczy\u015b\u0107 miejsce instalacji.<\/li>\n<li>Zamontuj nowy cylinder i sprawd\u017a, czy wszystkie po\u0142\u0105czenia s\u0105 prawid\u0142owo dokr\u0119cone.<\/li>\n<li>Dodaj odpowiedni olej hydrauliczny i sprawd\u017a, czy nie ma wyciek\u00f3w.<\/li>\n<li>Przeprowad\u017a kilka przebieg\u00f3w pr\u00f3bnych, aby upewni\u0107 si\u0119, \u017ce cylinder dzia\u0142a prawid\u0142owo.<\/li>\n<\/ol>\n<h2>Zagadnienia bezpiecze\u0144stwa i czynniki \u015brodowiskowe<\/h2>\n<p>Podczas u\u017cytkowania cylindra ramieniowego nale\u017cy bezwzgl\u0119dnie przestrzega\u0107 zasad bezpiecze\u0144stwa, aby zapobiec wypadkom. \u015arodki bezpiecze\u0144stwa mog\u0105 obejmowa\u0107 instalacj\u0119 urz\u0105dze\u0144 zabezpieczaj\u0105cych, odpowiednie przeszkolenie oraz prawid\u0142ow\u0105 konserwacj\u0119 sprz\u0119tu. Czynniki \u015brodowiskowe, takie jak temperatura, wilgotno\u015b\u0107 i substancje \u017cr\u0105ce, mog\u0105 wp\u0142ywa\u0107 na dzia\u0142anie cylindra, dlatego nale\u017cy podj\u0105\u0107 odpowiednie \u015brodki, aby zapewni\u0107 jego prawid\u0142owe dzia\u0142anie w tych warunkach.<\/p>\n<h2>Rozwi\u0105zywanie problem\u00f3w i typowe problemy<\/h2>\n<p>Poni\u017cej przedstawiono niekt\u00f3re typowe problemy, kt\u00f3re mog\u0105 wyst\u0105pi\u0107 w cylindrze ramienia:<\/p>\n<ul>\n<li>Wyciek oleju hydraulicznego<\/li>\n<li>Nie mo\u017cna rozszerzy\u0107 lub schowa\u0107<\/li>\n<li>Nietypowy ha\u0142as podczas pracy<\/li>\n<li>Nadmierne zu\u017cycie<\/li>\n<\/ul>\n<p>Aby zdiagnozowa\u0107 i rozwi\u0105za\u0107 te problemy, niezb\u0119dna jest dobra znajomo\u015b\u0107 konstrukcji i zasad dzia\u0142ania cylindra. Regularne przegl\u0105dy i konserwacja cz\u0119sto pozwalaj\u0105 zapobiec wyst\u0105pieniu tych problem\u00f3w.<\/p>\n<p>Je\u015bli pojawi\u0105 si\u0119 problemy, poni\u017csze wskaz\u00f3wki mog\u0105 pom\u00f3c w ich zdiagnozowaniu i rozwi\u0105zaniu:<\/p>\n<ul>\n<li>Sprawd\u017a poziom i jako\u015b\u0107 oleju hydraulicznego.<\/li>\n<li>Sprawd\u017a uszczelki cylindra pod k\u0105tem uszkodze\u0144 i zu\u017cycia.<\/li>\n<li>Sprawd\u017a korpus cylindra i pr\u0119t pod k\u0105tem uszkodze\u0144 i zu\u017cycia.<\/li>\n<li>Sprawd\u017a uk\u0142ad hydrauliczny pod k\u0105tem wyciek\u00f3w i problem\u00f3w z ci\u015bnieniem.<\/li>\n<\/ul>\n<p>\u015arodki zapobiegawcze mog\u0105 obejmowa\u0107 regularn\u0105 kontrol\u0119 i konserwacj\u0119, odpowiednie smarowanie i w\u0142a\u015bciwe u\u017cytkowanie cylindra.<\/p>\n<p><img decoding=\"async\" src=\"https:\/\/www.hydraulic-cylinders.net\/wp-content\/uploads\/2025\/01\/songte-bushings-with-all-kinds-of-excavator-models.webp\" alt=\"Obraz tulei\"><\/p>\n<h2>O nas<\/h2>\n<p>Jeste\u015bmy profesjonalnym producentem zamiennych cylindr\u00f3w hydraulicznych, oferuj\u0105cym szerok\u0105 gam\u0119 produkt\u00f3w. Stali\u015bmy si\u0119 jednym z wiod\u0105cych producent\u00f3w i dystrybutor\u00f3w hurtowych cylindr\u00f3w hydraulicznych na rynku krajowym i mi\u0119dzynarodowym. Zawsze przestrzegamy zasady doskona\u0142ej jako\u015bci, opieramy si\u0119 na zindustrializowanych strategiach zarz\u0105dzania produkcj\u0105 w dopracowanym warsztacie produkcyjnym, stale ulepszamy technologi\u0119 i wydajno\u015b\u0107 produkcji. Wprowadzaj\u0105c wysokiej klasy cyfrowy sprz\u0119t produkcyjny i profesjonalne systemy testowe, stale optymalizujemy platform\u0119 produkcyjn\u0105, usprawniamy proces kontroli jako\u015bci i dysponujemy silnymi mo\u017cliwo\u015bciami innowacyjnymi. Naszym celem jest zaspokojenie zr\u00f3\u017cnicowanych potrzeb klient\u00f3w poprzez wysok\u0105 wydajno\u015b\u0107, precyzj\u0119 i wysok\u0105 jako\u015b\u0107.<\/p>\n<h3>Profesjonalizm<\/h3>\n<p>Dysponujemy zespo\u0142em profesjonalnych in\u017cynier\u00f3w i technik\u00f3w, kt\u00f3rzy mog\u0105 \u015bwiadczy\u0107 us\u0142ugi dostosowane do indywidualnych potrzeb klient\u00f3w. Wykorzystujemy r\u00f3wnie\u017c zaawansowane technologie i sprz\u0119t, aby wytwarza\u0107 produkty wysokiej jako\u015bci.<\/p>\n<h3>Mi\u0119dzynarodowa Certyfikacja<\/h3>\n<p>Posiadamy szereg mi\u0119dzynarodowych certyfikat\u00f3w, takich jak ISO9001, CE i SGS, kt\u00f3re odzwierciedlaj\u0105 nasze zaanga\u017cowanie na rzecz jako\u015bci i bezpiecze\u0144stwa produkt\u00f3w.<\/p>\n<h3>Us\u0142ugi niestandardowe<\/h3>\n<p>Oferujemy spersonalizowan\u0105 obs\u0142ug\u0119, kt\u00f3ra umo\u017cliwia dostosowanie produkt\u00f3w do konkretnych potrzeb klient\u00f3w, w tym projektu, produkcji i opakowania.<\/p>\n<h3>Sprz\u0119t produkcyjny<\/h3>\n<p>Posiadamy zaawansowany sprz\u0119t produkcyjny, taki jak centra obr\u00f3bcze CNC, tokarki CNC i inny precyzyjny sprz\u0119t produkcyjny, kt\u00f3ry mo\u017ce zapewni\u0107 dok\u0142adno\u015b\u0107 i jako\u015b\u0107 produkt\u00f3w.<\/p>\n<h3>Serwis posprzeda\u017cowy<\/h3>\n<p>Zapewniamy kompleksow\u0105 obs\u0142ug\u0119 posprzeda\u017cow\u0105, obejmuj\u0105c\u0105 wsparcie techniczne, wskaz\u00f3wki dotycz\u0105ce instalacji i szkolenia dotycz\u0105ce konserwacji, aby zapewni\u0107 klientom korzystanie z naszych produkt\u00f3w z zaufaniem.<\/p>\n<p><img decoding=\"async\" src=\"https:\/\/www.hydraulic-cylinders.net\/wp-content\/uploads\/2025\/01\/songte-company-4.webp\" alt=\"Wizerunek firmy\"><br \/>\n<img decoding=\"async\" src=\"https:\/\/www.hydraulic-cylinders.net\/wp-content\/uploads\/2025\/01\/songte-company-3.webp\" alt=\"Wizerunek firmy\"><\/p>\n<p>Autor: lyl.<\/p>","protected":false},"excerpt":{"rendered":"<p>Arm Cylinder For Sinomach ZG3365LC-9C Introduction An arm cylinder is a specialized hydraulic cylinder designed to provide linear movement and power to the arms of various machinery, such as excavators, cranes, and mechanical arms. In hydraulic systems, arm cylinders play a critical role in allowing attachments or accessories to move and control effectively. These cylinders [&hellip;]<\/p>","protected":false},"featured_media":14783,"comment_status":"open","ping_status":"closed","template":"","meta":{"_et_pb_use_builder":"","_et_pb_old_content":"","_et_gb_content_width":""},"product_brand":[],"product_cat":[1497],"product_tag":[1498,1496],"class_list":{"0":"post-16909","1":"product","2":"type-product","3":"status-publish","4":"has-post-thumbnail","6":"product_cat-arm-cylinders","7":"product_tag-arm-cylinders","8":"product_tag-hydraulic-cylinders","10":"first","11":"instock","12":"shipping-taxable","13":"product-type-simple"},"amp_enabled":true,"_links":{"self":[{"href":"https:\/\/www.hydraulic-cylinders.net\/pl\/wp-json\/wp\/v2\/product\/16909","targetHints":{"allow":["GET"]}}],"collection":[{"href":"https:\/\/www.hydraulic-cylinders.net\/pl\/wp-json\/wp\/v2\/product"}],"about":[{"href":"https:\/\/www.hydraulic-cylinders.net\/pl\/wp-json\/wp\/v2\/types\/product"}],"replies":[{"embeddable":true,"href":"https:\/\/www.hydraulic-cylinders.net\/pl\/wp-json\/wp\/v2\/comments?post=16909"}],"wp:featuredmedia":[{"embeddable":true,"href":"https:\/\/www.hydraulic-cylinders.net\/pl\/wp-json\/wp\/v2\/media\/14783"}],"wp:attachment":[{"href":"https:\/\/www.hydraulic-cylinders.net\/pl\/wp-json\/wp\/v2\/media?parent=16909"}],"wp:term":[{"taxonomy":"product_brand","embeddable":true,"href":"https:\/\/www.hydraulic-cylinders.net\/pl\/wp-json\/wp\/v2\/product_brand?post=16909"},{"taxonomy":"product_cat","embeddable":true,"href":"https:\/\/www.hydraulic-cylinders.net\/pl\/wp-json\/wp\/v2\/product_cat?post=16909"},{"taxonomy":"product_tag","embeddable":true,"href":"https:\/\/www.hydraulic-cylinders.net\/pl\/wp-json\/wp\/v2\/product_tag?post=16909"}],"curies":[{"name":"wp","href":"https:\/\/api.w.org\/{rel}","templated":true}]}}