{"id":16912,"date":"2025-01-21T06:12:24","date_gmt":"2025-01-21T06:12:24","guid":{"rendered":"https:\/\/www.hydraulic-cylinders.net\/product\/arm-cylinder-for-sinomach-zg3235-9\/"},"modified":"2025-01-21T06:12:26","modified_gmt":"2025-01-21T06:12:26","slug":"arm-cylinder-for-sinomach-zg3235-9","status":"publish","type":"product","link":"https:\/\/www.hydraulic-cylinders.net\/pl\/produkt\/arm-cylinder-for-sinomach-zg3235-9\/","title":{"rendered":"Si\u0142ownik ramienia do Sinomach ZG3235-9"},"content":{"rendered":"<h2>Si\u0142ownik ramienia do Sinomach ZG3235-9<\/h2>\n<p>Si\u0142ownik ramienia to specjalnie zaprojektowany si\u0142ownik hydrauliczny, kt\u00f3ry zapewnia ruch liniowy i zasilanie ramienia r\u00f3\u017cnych maszyn, takich jak koparki, d\u017awigi i ramiona robot\u00f3w. Odgrywa kluczow\u0105 rol\u0119 w uk\u0142adach hydraulicznych, umo\u017cliwiaj\u0105c sprawny ruch i sterowanie osprz\u0119tem lub akcesoriami. Si\u0142owniki te nie tylko zapewniaj\u0105 p\u0142ynny ruch, ale tak\u017ce wytrzymuj\u0105 du\u017ce obci\u0105\u017cenia, gwarantuj\u0105c wysok\u0105 wydajno\u015b\u0107 i niezawodno\u015b\u0107 maszyn w r\u00f3\u017cnych warunkach pracy.<\/p>\n<p><img decoding=\"async\" src=\"https:\/\/www.hydraulic-cylinders.net\/wp-content\/uploads\/2025\/01\/songte-company-2.webp\"><\/p>\n<h2>Cechy produktu<\/h2>\n<ol>\n<li>Wysokowydajna przek\u0142adnia: Cylinder ramienia zapewnia mocny ruch liniowy i si\u0142\u0119, gwarantuj\u0105c wysok\u0105 wydajno\u015b\u0107 ramienia robota w r\u00f3\u017cnych operacjach.<\/li>\n<li>Precyzyjna kontrola: Dzi\u0119ki uk\u0142adowi hydraulicznemu si\u0142ownik ramienia umo\u017cliwia precyzyjn\u0105 kontrol\u0119 ruchu, co sprawia, \u017ce \u200b\u200bobs\u0142uga osprz\u0119tu jest bardziej elastyczna i dok\u0142adna.<\/li>\n<li>Trwa\u0142o\u015b\u0107: Cylindry ramienia s\u0105 zazwyczaj wykonane z materia\u0142\u00f3w o wysokiej wytrzyma\u0142o\u015bci, zapewniaj\u0105cych doskona\u0142\u0105 odporno\u015b\u0107 na zu\u017cycie i korozj\u0119, dzi\u0119ki czemu nadaj\u0105 si\u0119 do d\u0142ugotrwa\u0142ego u\u017cytkowania w trudnych warunkach.<\/li>\n<li>Wielofunkcyjna adaptowalno\u015b\u0107: Te cylindry mo\u017cna szeroko stosowa\u0107 w r\u00f3\u017cnych maszynach, takich jak koparki, d\u017awigi i ramiona robotyczne, dostosowuj\u0105c je do r\u00f3\u017cnych wymaga\u0144 roboczych.<\/li>\n<li>\u0141atwo\u015b\u0107 konserwacji: Zaprojektowane z my\u015bl\u0105 o \u0142atwo\u015bci konserwacji i wymiany, si\u0142owniki ramion u\u0142atwiaj\u0105 regularne kontrole i konserwacj\u0119, redukuj\u0105c przestoje sprz\u0119tu.<\/li>\n<\/ol>\n<p><img decoding=\"async\" src=\"https:\/\/www.hydraulic-cylinders.net\/wp-content\/uploads\/2025\/01\/songte-oil-pipes-and-spare-parts.webp\"><\/p>\n<h2>Aplikacje<\/h2>\n<p>Si\u0142ownik ramieniowy znajduje zastosowanie w r\u00f3\u017cnych ga\u0142\u0119ziach przemys\u0142u:<\/p>\n<ol>\n<li>In\u017cynieria budowlana: W koparkach i d\u017awigach si\u0142ownik ramienia steruje ruchem \u0142y\u017cek lub wysi\u0119gnik\u00f3w podczas rob\u00f3t ziemnych, przenoszenia materia\u0142\u00f3w i instalacji konstrukcyjnych.<\/li>\n<li>Produkcja: W zautomatyzowanych liniach produkcyjnych si\u0142ownik ramienia s\u0142u\u017cy do poruszania ramionami robota, umo\u017cliwiaj\u0105c realizacj\u0119 proces\u00f3w takich jak monta\u017c, spawanie i obs\u0142uga materia\u0142\u00f3w, zwi\u0119kszaj\u0105c wydajno\u015b\u0107 i precyzj\u0119 produkcji.<\/li>\n<li>Maszyny rolnicze: W sprz\u0119cie rolniczym, takim jak kombajny i siewniki, si\u0142ownik ramienia steruje ruchem ramion roboczych podczas wykonywania takich zada\u0144, jak sadzenie, nawo\u017cenie i zbi\u00f3r.<\/li>\n<li>G\u00f3rnictwo: W sprz\u0119cie g\u00f3rniczym si\u0142ownik ramienia steruje ruchem ramienia maszyn g\u00f3rniczych s\u0142u\u017c\u0105cych do wydobywania i transportu rudy.<\/li>\n<li>Logistyka i transport: W w\u00f3zkach wid\u0142owych i robotach prze\u0142adunkowych si\u0142ownik ramienia steruje podnoszeniem i ruchem wide\u0142, umo\u017cliwiaj\u0105c przenoszenie i uk\u0142adanie materia\u0142\u00f3w.<\/li>\n<\/ol>\n<h2>Zagadnienia projektowe i kryteria wyboru<\/h2>\n<p><img decoding=\"async\" src=\"https:\/\/www.hydraulic-cylinders.net\/wp-content\/uploads\/2025\/01\/songte-cylinder-head-with-all-kinds-excavator-models.webp\"><\/p>\n<p>Przy projektowaniu cylindr\u00f3w ramieniowych nale\u017cy wzi\u0105\u0107 pod uwag\u0119 kilka czynnik\u00f3w:<\/p>\n<ol>\n<li>No\u015bno\u015b\u0107: Cylinder ramienia musi by\u0107 zaprojektowany tak, aby wytrzyma\u0107 maksymalne obci\u0105\u017cenie, jakiemu b\u0119dzie poddawany w czasie pracy.<\/li>\n<li>Uszczelnienie: Nale\u017cy stosowa\u0107 r\u00f3\u017cne elementy uszczelniaj\u0105ce, takie jak uszczelnienia t\u0142oka i t\u0142oczyska, wykonane z materia\u0142\u00f3w odpornych na zu\u017cycie, takich jak poliuretan i kauczuk nitrylowy. Korpus cylindra i gwintowana powierzchnia ko\u0144cowa powinny zosta\u0107 poddane precyzyjnej obr\u00f3bce w celu zwi\u0119kszenia odporno\u015bci na zu\u017cycie.<\/li>\n<li>Trwa\u0142o\u015b\u0107: Cylindry ramienia powinny by\u0107 wykonane z materia\u0142\u00f3w wysokiej jako\u015bci, aby zapewni\u0107 d\u0142ugowieczno\u015b\u0107 oraz odporno\u015b\u0107 na zu\u017cycie i korozj\u0119.<\/li>\n<li>Bezpiecze\u0144stwo: Aby zapobiec wypadkom podczas pracy, konstrukcja powinna uwzgl\u0119dnia\u0107 elementy bezpiecze\u0144stwa.<\/li>\n<li>\u0141atwo\u015b\u0107 konserwacji: Nale\u017cy wzi\u0105\u0107 pod uwag\u0119 \u0142atwo\u015b\u0107 konserwacji i napraw, skr\u00f3cenie przestoj\u00f3w i optymalizacj\u0119 wydajno\u015bci operacyjnej.<\/li>\n<\/ol>\n<h2>Uszczelnianie i smarowanie<\/h2>\n<p>Si\u0142owniki ramieniowe wykorzystuj\u0105 r\u00f3\u017cnorodne elementy uszczelniaj\u0105ce, takie jak uszczelnienia t\u0142oka i t\u0142oczyska, wykonane z materia\u0142\u00f3w odpornych na zu\u017cycie, takich jak poliuretan i kauczuk nitrylowy. Korpus cylindra i gwintowana powierzchnia ko\u0144cowa s\u0105 poddawane precyzyjnej obr\u00f3bce w celu zwi\u0119kszenia odporno\u015bci na zu\u017cycie. Aby zapewni\u0107 prawid\u0142owe dzia\u0142anie, wymagane jest regularne smarowanie odpowiedni\u0105 ilo\u015bci\u0105 oleju hydraulicznego.<\/p>\n<h2>Regularne kontrole i konserwacja zapobiegawcza<\/h2>\n<p>Aby zapewni\u0107 d\u0142ugowieczno\u015b\u0107 i optymaln\u0105 wydajno\u015b\u0107 cylindra ramienia, nale\u017cy regularnie przeprowadza\u0107 kontrole i podejmowa\u0107 dzia\u0142ania zapobiegawcze:<\/p>\n<ol>\n<li>Sprawd\u017a, czy nie ma \u015blad\u00f3w wyciek\u00f3w lub uszkodze\u0144 element\u00f3w uszczelniaj\u0105cych.<\/li>\n<li>Sprawd\u017a korpus cylindra i powierzchnie ko\u0144cowe pod k\u0105tem zu\u017cycia i korozji.<\/li>\n<li>Monitoruj poziom i jako\u015b\u0107 oleju hydraulicznego.<\/li>\n<li>Sprawd\u017a prawid\u0142owe dzia\u0142anie zawor\u00f3w steruj\u0105cych i ustawie\u0144 ci\u015bnienia.<\/li>\n<li>Wykonaj rutynowe czyszczenie i smarowanie cylindra.<\/li>\n<\/ol>\n<h2>Wytyczne dotycz\u0105ce instalacji produktu<\/h2>\n<p><img decoding=\"async\" src=\"https:\/\/www.hydraulic-cylinders.net\/wp-content\/uploads\/2025\/01\/songte-bushings-with-all-kinds-of-excavator-models.webp\"><\/p>\n<p>Prawid\u0142owy monta\u017c si\u0142ownika ramienia jest niezb\u0119dny dla jego optymalnej wydajno\u015bci i bezpiecze\u0144stwa. Nale\u017cy przestrzega\u0107 nast\u0119puj\u0105cych wytycznych:<\/p>\n<ol>\n<li>Upewnij si\u0119, \u017ce powierzchnie monta\u017cowe s\u0105 czyste i wolne od zanieczyszcze\u0144.<\/li>\n<li>Solidnie zamocuj cylinder do urz\u0105dzenia za pomoc\u0105 odpowiednich \u015brub lub innych element\u00f3w mocuj\u0105cych.<\/li>\n<li>Aby zapobiec luzowaniu si\u0119 element\u00f3w z\u0142\u0105cznych w trakcie pracy, nale\u017cy dokr\u0119ca\u0107 je z zalecanym momentem obrotowym.<\/li>\n<li>Sprawd\u017a prawid\u0142owe ustawienie i luz element\u00f3w cylindra.<\/li>\n<li>Po monta\u017cu nale\u017cy sprawdzi\u0107 dzia\u0142anie cylindra.<\/li>\n<\/ol>\n<h2>Zagadnienia bezpiecze\u0144stwa i czynniki \u015brodowiskowe<\/h2>\n<p>Podczas pracy z si\u0142ownikami ramieniowymi, \u015brodki bezpiecze\u0144stwa s\u0105 niezwykle wa\u017cne. Odpowiednie przeszkolenie, przestrzeganie wytycznych bezpiecze\u0144stwa i stosowanie odpowiedniego sprz\u0119tu ochronnego s\u0105 niezb\u0119dne dla zapobiegania wypadkom i zapewnienia bezpiecze\u0144stwa operatorom i osobom postronnym. Dodatkowo, aby zapewni\u0107 trwa\u0142o\u015b\u0107 i optymaln\u0105 wydajno\u015b\u0107 si\u0142ownika ramieniowego, nale\u017cy uwzgl\u0119dni\u0107 czynniki \u015brodowiskowe, takie jak temperatura, wilgotno\u015b\u0107 i nara\u017cenie na substancje \u017cr\u0105ce.<\/p>\n<h2>Diagnostyka usterek i rozwi\u0105zywanie problem\u00f3w<\/h2>\n<p>W przypadku jakichkolwiek problem\u00f3w z cylindrem ramienia, mo\u017cna podj\u0105\u0107 nast\u0119puj\u0105ce kroki rozwi\u0105zywania problem\u00f3w:<\/p>\n<ol>\n<li>Sprawd\u017a, czy nie ma widocznych uszkodze\u0144 lub przeciek\u00f3w w elementach uszczelniaj\u0105cych.<\/li>\n<li>Sprawd\u017a cylinder pod k\u0105tem oznak zu\u017cycia lub korozji.<\/li>\n<li>Upewnij si\u0119, \u017ce uk\u0142ad hydrauliczny jest odpowiednio pod ci\u015bnieniem i zawory steruj\u0105ce dzia\u0142aj\u0105 prawid\u0142owo.<\/li>\n<li>Sprawd\u017a, czy cylinder jest odpowiednio smarowany zalecanym olejem hydraulicznym.<\/li>\n<li>Je\u015bli problem nadal wyst\u0119puje, skontaktuj si\u0119 z producentem lub profesjonalnym technikiem w celu uzyskania dalszej pomocy.<\/li>\n<\/ol>\n<p><img decoding=\"async\" src=\"https:\/\/www.hydraulic-cylinders.net\/wp-content\/uploads\/2025\/01\/songte-chushion-collar.webp\"><\/p>\n<p>Stosuj\u0105c si\u0119 do tych wskaz\u00f3wek dotycz\u0105cych rozwi\u0105zywania problem\u00f3w i \u015brodk\u00f3w zapobiegawczych, czytelnicy mog\u0105 skutecznie diagnozowa\u0107 i rozwi\u0105zywa\u0107 problemy z cylindrem ramienia, minimalizuj\u0105c ryzyko wyst\u0105pienia problem\u00f3w i maksymalizuj\u0105c wydajno\u015b\u0107 operacyjn\u0105.<\/p>\n<h2>O nas<\/h2>\n<p>Jeste\u015bmy profesjonalnym producentem zamiennych cylindr\u00f3w hydraulicznych, oferuj\u0105cym szerok\u0105 gam\u0119 produkt\u00f3w. Stali\u015bmy si\u0119 jednym z wiod\u0105cych producent\u00f3w i hurtowych dystrybutor\u00f3w cylindr\u00f3w hydraulicznych na rynku krajowym i mi\u0119dzynarodowym. Kieruj\u0105c si\u0119 zasad\u0105 doskona\u0142o\u015bci, stale doskonalimy nasze mo\u017cliwo\u015bci technologiczne i wydajno\u015b\u0107 produkcji poprzez zindustrializowane strategie zarz\u0105dzania produkcj\u0105 w naszym zaawansowanym warsztacie produkcyjnym. Wprowadzaj\u0105c wysokiej klasy cyfrowy sprz\u0119t produkcyjny i profesjonalne systemy testowe, optymalizujemy nasz\u0105 platform\u0119 produkcyjn\u0105 i usprawniamy proces kontroli jako\u015bci, wykazuj\u0105c si\u0119 wysokim potencja\u0142em innowacyjnym. Naszym celem jest spe\u0142nianie zr\u00f3\u017cnicowanych wymaga\u0144 klient\u00f3w, kieruj\u0105c si\u0119 zasadami wydajno\u015bci, precyzji i wysokiej jako\u015bci.<\/p>\n<p><img decoding=\"async\" src=\"https:\/\/www.hydraulic-cylinders.net\/wp-content\/uploads\/2025\/01\/songte-company-4.webp\"><br \/>\n<img decoding=\"async\" src=\"https:\/\/www.hydraulic-cylinders.net\/wp-content\/uploads\/2025\/01\/songte-company-3.webp\"><\/p>\n<p>Jeste\u015bmy dumni z naszego profesjonalizmu, mi\u0119dzynarodowych certyfikat\u00f3w, spersonalizowanych us\u0142ug, sprz\u0119tu produkcyjnego i obs\u0142ugi posprzeda\u017cowej. Dok\u0142adamy wszelkich stara\u0144, aby dostarcza\u0107 wyj\u0105tkowe produkty i us\u0142ugi, aby sprosta\u0107 potrzebom naszych cenionych klient\u00f3w.<\/p>\n<p>Autor: lyl<\/p>","protected":false},"excerpt":{"rendered":"<p>Arm Cylinder For Sinomach ZG3235-9 The arm cylinder is a specially designed hydraulic cylinder that provides linear motion and power to the arm of various machinery, such as excavators, cranes, and robotic arms. It plays a crucial role in hydraulic systems, allowing for efficient movement and control of attachments or accessories. These cylinders not only [&hellip;]<\/p>","protected":false},"featured_media":14774,"comment_status":"open","ping_status":"closed","template":"","meta":{"_et_pb_use_builder":"","_et_pb_old_content":"","_et_gb_content_width":""},"product_brand":[],"product_cat":[1497],"product_tag":[1498,1496],"class_list":{"0":"post-16912","1":"product","2":"type-product","3":"status-publish","4":"has-post-thumbnail","6":"product_cat-arm-cylinders","7":"product_tag-arm-cylinders","8":"product_tag-hydraulic-cylinders","10":"first","11":"instock","12":"shipping-taxable","13":"product-type-simple"},"amp_enabled":true,"_links":{"self":[{"href":"https:\/\/www.hydraulic-cylinders.net\/pl\/wp-json\/wp\/v2\/product\/16912","targetHints":{"allow":["GET"]}}],"collection":[{"href":"https:\/\/www.hydraulic-cylinders.net\/pl\/wp-json\/wp\/v2\/product"}],"about":[{"href":"https:\/\/www.hydraulic-cylinders.net\/pl\/wp-json\/wp\/v2\/types\/product"}],"replies":[{"embeddable":true,"href":"https:\/\/www.hydraulic-cylinders.net\/pl\/wp-json\/wp\/v2\/comments?post=16912"}],"wp:featuredmedia":[{"embeddable":true,"href":"https:\/\/www.hydraulic-cylinders.net\/pl\/wp-json\/wp\/v2\/media\/14774"}],"wp:attachment":[{"href":"https:\/\/www.hydraulic-cylinders.net\/pl\/wp-json\/wp\/v2\/media?parent=16912"}],"wp:term":[{"taxonomy":"product_brand","embeddable":true,"href":"https:\/\/www.hydraulic-cylinders.net\/pl\/wp-json\/wp\/v2\/product_brand?post=16912"},{"taxonomy":"product_cat","embeddable":true,"href":"https:\/\/www.hydraulic-cylinders.net\/pl\/wp-json\/wp\/v2\/product_cat?post=16912"},{"taxonomy":"product_tag","embeddable":true,"href":"https:\/\/www.hydraulic-cylinders.net\/pl\/wp-json\/wp\/v2\/product_tag?post=16912"}],"curies":[{"name":"wp","href":"https:\/\/api.w.org\/{rel}","templated":true}]}}