{"id":16915,"date":"2025-01-21T06:12:36","date_gmt":"2025-01-21T06:12:36","guid":{"rendered":"https:\/\/www.hydraulic-cylinders.net\/product\/arm-cylinder-for-hengte-ht85-8\/"},"modified":"2025-01-21T06:12:37","modified_gmt":"2025-01-21T06:12:37","slug":"arm-cylinder-for-hengte-ht85-8","status":"publish","type":"product","link":"https:\/\/www.hydraulic-cylinders.net\/pl\/produkt\/arm-cylinder-for-hengte-ht85-8\/","title":{"rendered":"Cylinder ramienia do Hengte HT85-8"},"content":{"rendered":"<h1>Cylinder ramienia do Hengte HT85-8<\/h1>\n<h2>Wst\u0119p<\/h2>\n<p>Si\u0142ownik ramienia to specjalnie zaprojektowany si\u0142ownik hydrauliczny, kt\u00f3ry zapewnia ruch liniowy i zasilanie ramion r\u00f3\u017cnych maszyn, takich jak koparki, d\u017awigi i ramiona robot\u00f3w. Odgrywa kluczow\u0105 rol\u0119 w uk\u0142adach hydraulicznych, umo\u017cliwiaj\u0105c efektywny ruch i sterowanie dodatkowymi narz\u0119dziami lub osprz\u0119tem. Si\u0142owniki te nie tylko zapewniaj\u0105 p\u0142ynny ruch, ale tak\u017ce wytrzymuj\u0105 du\u017ce obci\u0105\u017cenia, gwarantuj\u0105c wydajn\u0105 prac\u0119 i niezawodno\u015b\u0107 maszyn w r\u00f3\u017cnych warunkach pracy.<\/p>\n<h3>Definicja i wyja\u015bnienie<\/h3>\n<p>Si\u0142ownik ramienia to si\u0142ownik hydrauliczny przeznaczony do zapewnienia ruchu prostoliniowego i zasilania ramion r\u00f3\u017cnego typu maszyn. Jest powszechnie stosowany mi\u0119dzy innymi w koparkach, d\u017awigach i ramionach robot\u00f3w. Si\u0142ownik ramienia odgrywa kluczow\u0105 rol\u0119 w uk\u0142adach hydraulicznych, umo\u017cliwiaj\u0105c efektywny ruch i sterowanie dodatkowymi narz\u0119dziami lub osprz\u0119tem. Si\u0142owniki te charakteryzuj\u0105 si\u0119 p\u0142ynnym ruchem i zdolno\u015bci\u0105 do wytrzymywania du\u017cych obci\u0105\u017ce\u0144, co zapewnia wysok\u0105 wydajno\u015b\u0107 i niezawodno\u015b\u0107 maszyn w r\u00f3\u017cnych warunkach pracy.<\/p>\n<p><img decoding=\"async\" src=\"https:\/\/www.hydraulic-cylinders.net\/wp-content\/uploads\/2025\/01\/songte-company-2.webp\"><\/p>\n<h2>Cechy cylindra ramienia do Hengte HT85-8<\/h2>\n<ol>\n<li><strong>Wysoka wydajno\u015b\u0107 transmisji:<\/strong> Si\u0142ownik ramienia zapewnia mocny ruch liniowy i si\u0142\u0119, gwarantuj\u0105c wydajn\u0105 prac\u0119 maszyn w r\u00f3\u017cnych operacjach.<\/li>\n<li><strong>Precyzyjna kontrola:<\/strong> Dzi\u0119ki uk\u0142adowi hydraulicznemu si\u0142ownik ramienia umo\u017cliwia precyzyjn\u0105 kontrol\u0119 ruchu, co sprawia, \u017ce \u200b\u200bobs\u0142uga dodatkowych narz\u0119dzi jest bardziej elastyczna i dok\u0142adna.<\/li>\n<li><strong>Trwa\u0142o\u015b\u0107:<\/strong> Cylindry ramienia s\u0105 zazwyczaj wykonane z materia\u0142\u00f3w o wysokiej wytrzyma\u0142o\u015bci, zapewniaj\u0105cych doskona\u0142\u0105 odporno\u015b\u0107 na zu\u017cycie i korozj\u0119, dzi\u0119ki czemu nadaj\u0105 si\u0119 do d\u0142ugotrwa\u0142ego u\u017cytkowania w trudnych warunkach.<\/li>\n<li><strong>Wielofunkcyjna adaptowalno\u015b\u0107:<\/strong> Tego typu si\u0142owniki mo\u017cna powszechnie stosowa\u0107 w r\u00f3\u017cnych typach maszyn, takich jak koparki, d\u017awigi i ramiona robotyczne, dostosowuj\u0105c je do r\u00f3\u017cnych wymaga\u0144 roboczych.<\/li>\n<li><strong>\u0141atwa konserwacja:<\/strong> Konstrukcja cylindra ramienia uwzgl\u0119dnia \u0142atwo\u015b\u0107 konserwacji i wymiany, dzi\u0119ki czemu regularne kontrole i konserwacja s\u0105 wygodniejsze, a przestoje sprz\u0119tu skr\u00f3cone.<\/li>\n<\/ol>\n<p><img decoding=\"async\" src=\"https:\/\/www.hydraulic-cylinders.net\/wp-content\/uploads\/2025\/01\/songte-oil-pipes-and-spare-parts.webp\"><\/p>\n<h2>Zastosowania cylindra ramienia dla Hengte HT85-8<\/h2>\n<p>Cylinder ramieniowy znajduje zastosowanie w r\u00f3\u017cnych ga\u0142\u0119ziach przemys\u0142u i sektorach:<\/p>\n<h3>1. In\u017cynieria budowlana<\/h3>\n<p>W koparkach i d\u017awigach si\u0142ownik ramienia steruje ruchem \u0142y\u017cki lub wysi\u0119gnika, u\u0142atwiaj\u0105c prace ziemne, przenoszenie materia\u0142\u00f3w i monta\u017c konstrukcji.<\/p>\n<h3>2. Przemys\u0142 wytw\u00f3rczy<\/h3>\n<p>W zautomatyzowanych liniach produkcyjnych si\u0142ownik ramienia jest wykorzystywany do poruszania ramionami robota, umo\u017cliwiaj\u0105c realizacj\u0119 proces\u00f3w takich jak monta\u017c, spawanie i obs\u0142uga materia\u0142\u00f3w, zwi\u0119kszaj\u0105c w ten spos\u00f3b wydajno\u015b\u0107 i precyzj\u0119 produkcji.<\/p>\n<h3>3. Maszyny rolnicze<\/h3>\n<p>W maszynach rolniczych, takich jak kombajny i siewniki, si\u0142ownik ramienia steruje ruchem ramion roboczych, wykonuj\u0105c zadania takie jak siew, nawo\u017cenie i zbi\u00f3r.<\/p>\n<h3>4. G\u00f3rnictwo<\/h3>\n<p>W sprz\u0119cie g\u00f3rniczym si\u0142ownik ramienia s\u0142u\u017cy do sterowania ruchem ramienia maszyn g\u00f3rniczych, u\u0142atwiaj\u0105c wydobycie i transport rudy.<\/p>\n<h3>5. Logistyka i transport<\/h3>\n<p>W w\u00f3zkach wid\u0142owych i robotach prze\u0142adunkowych si\u0142ownik ramienia steruje podnoszeniem i ruchem wide\u0142, umo\u017cliwiaj\u0105c przenoszenie i uk\u0142adanie materia\u0142\u00f3w.<\/p>\n<h2>Zagadnienia projektowe i kryteria wyboru<\/h2>\n<p>Przy projektowaniu i doborze cylindr\u00f3w ramieniowych nale\u017cy wzi\u0105\u0107 pod uwag\u0119 kilka czynnik\u00f3w:<\/p>\n<h3>1. No\u015bno\u015b\u0107<\/h3>\n<p>Si\u0142ownik ramienia powinien wytrzyma\u0107 maksymalne obci\u0105\u017cenie, jakiemu b\u0119dzie poddawany podczas pracy, co zapewni bezpieczn\u0105 i wydajn\u0105 prac\u0119.<\/p>\n<h3>2. Uszczelnienie<\/h3>\n<p>W si\u0142owniku ramienia nale\u017cy stosowa\u0107 r\u00f3\u017cne elementy uszczelniaj\u0105ce, takie jak uszczelnienia t\u0142oka i t\u0142oczyska. Uszczelnienia te s\u0105 zazwyczaj wykonane z materia\u0142\u00f3w odpornych na zu\u017cycie, takich jak poliuretan i kauczuk nitrylowy. Korpus si\u0142ownika i ko\u0144c\u00f3wki gwintowane powinny zosta\u0107 poddane precyzyjnej obr\u00f3bce w celu zwi\u0119kszenia odporno\u015bci na zu\u017cycie. Regularne smarowanie odpowiednim olejem hydraulicznym jest niezb\u0119dne dla p\u0142ynnej pracy.<\/p>\n<p><img decoding=\"async\" src=\"https:\/\/www.hydraulic-cylinders.net\/wp-content\/uploads\/2025\/01\/songte-cylinder-head-with-all-kinds-excavator-models.webp\"><\/p>\n<h2>Regularne kontrole i konserwacja zapobiegawcza<\/h2>\n<p>Aby zapewni\u0107 optymaln\u0105 wydajno\u015b\u0107 i trwa\u0142o\u015b\u0107 cylindra ramienia, nale\u017cy podj\u0105\u0107 nast\u0119puj\u0105ce \u015brodki:<\/p>\n<ol>\n<li>Regularnie sprawdzaj cylinder ramienia pod k\u0105tem oznak zu\u017cycia, nieszczelno\u015bci lub uszkodze\u0144.<\/li>\n<li>Sprawdzaj i utrzymuj odpowiedni poziom i jako\u015b\u0107 p\u0142ynu hydraulicznego.<\/li>\n<li>Aby zapobiec zanieczyszczeniu, utrzymuj cylinder i jego elementy w czysto\u015bci.<\/li>\n<li>Nale\u017cy przestrzega\u0107 zalecanego przez producenta harmonogramu konserwacji.<\/li>\n<\/ol>\n<h2>Wytyczne dotycz\u0105ce instalacji produktu<\/h2>\n<p>Prawid\u0142owy monta\u017c si\u0142ownika ramienia jest niezb\u0119dny dla jego optymalnej wydajno\u015bci i bezpiecze\u0144stwa. Post\u0119puj zgodnie z poni\u017cszymi wskaz\u00f3wkami:<\/p>\n<ol>\n<li>Przed rozpocz\u0119ciem instalacji nale\u017cy upewni\u0107 si\u0119, \u017ce maszyna jest prawid\u0142owo podparta i zabezpieczona.<\/li>\n<li>Dok\u0142adnie wyr\u00f3wnaj cylinder ramienia z punktami mocowania i upewnij si\u0119, \u017ce wszystkie po\u0142\u0105czenia s\u0105 dobrze dokr\u0119cone.<\/li>\n<li>Nale\u017cy post\u0119powa\u0107 zgodnie z instrukcjami producenta dotycz\u0105cymi pod\u0142\u0105cze\u0144 hydraulicznych i odpowietrzania uk\u0142adu.<\/li>\n<li>Przed pe\u0142nym u\u017cyciem nale\u017cy sprawdzi\u0107, czy si\u0142ownik ramienia dzia\u0142a prawid\u0142owo.<\/li>\n<\/ol>\n<p><img decoding=\"async\" src=\"https:\/\/www.hydraulic-cylinders.net\/wp-content\/uploads\/2025\/01\/songte-bushings-with-all-kinds-of-excavator-models.webp\"><\/p>\n<h2>Zagadnienia bezpiecze\u0144stwa i czynniki \u015brodowiskowe<\/h2>\n<p>Podczas korzystania z si\u0142ownika ramienia, przestrzeganie zasad bezpiecze\u0144stwa jest kluczowe dla zapobiegania wypadkom i zapewnienia bezpiecznego \u015brodowiska pracy. Odpowiednie przeszkolenie i \u015bwiadomo\u015b\u0107 \u015brodk\u00f3w bezpiecze\u0144stwa s\u0105 istotne dla operator\u00f3w i personelu konserwacyjnego.<\/p>\n<h2>Rozwi\u0105zywanie problem\u00f3w i typowe problemy<\/h2>\n<p>Pomimo swojej trwa\u0142o\u015bci, si\u0142owniki ramienia mog\u0105 napotyka\u0107 pewne problemy. Poni\u017cej przedstawiono kilka typowych problem\u00f3w i ich rozwi\u0105zania:<\/p>\n<ol>\n<li><strong>Przeciek:<\/strong> Sprawd\u017a uszczelki i po\u0142\u0105czenia pod k\u0105tem uszkodze\u0144 lub zu\u017cycia. Wymie\u0144 zu\u017cyte uszczelki i dokr\u0119\u0107 lu\u017ane po\u0142\u0105czenia.<\/li>\n<li><strong>Zwolnione lub szarpane tempo:<\/strong> Sprawd\u017a uk\u0142ad hydrauliczny pod k\u0105tem ewentualnych zator\u00f3w lub niedostatecznego poziomu p\u0142ynu. Wyczy\u015b\u0107 lub wymie\u0144 zatkane filtry i upewnij si\u0119, \u017ce przep\u0142yw p\u0142ynu jest prawid\u0142owy.<\/li>\n<li><strong>Nadmierny ha\u0142as:<\/strong> Sprawd\u017a, czy elementy nie s\u0105 lu\u017ane lub nie s\u0105 niewsp\u00f3\u0142osiowe. Dokr\u0119\u0107 wszelkie lu\u017ane po\u0142\u0105czenia i prawid\u0142owo ustaw si\u0142ownik ramienia.<\/li>\n<\/ol>\n<p>Stosuj\u0105c si\u0119 do tych wskaz\u00f3wek dotycz\u0105cych rozwi\u0105zywania problem\u00f3w i wdra\u017caj\u0105c \u015brodki zapobiegawcze, mo\u017cna zminimalizowa\u0107 potencjalne problemy, co zapewni p\u0142ynn\u0105 prac\u0119 i d\u0142ug\u0105 \u017cywotno\u015b\u0107 cylindra ramienia.<\/p>\n<p><img decoding=\"async\" src=\"https:\/\/www.hydraulic-cylinders.net\/wp-content\/uploads\/2025\/01\/songte-chushion-collar.webp\"><\/p>\n<p>Autor: lyl<\/p>\n<p>Nasza firma jest profesjonalnym producentem zamiennych cylindr\u00f3w hydraulicznych. Oferujemy szerok\u0105 gam\u0119 produkt\u00f3w i stali\u015bmy si\u0119 jednym z wiod\u0105cych producent\u00f3w i hurtownik\u00f3w cylindr\u00f3w hydraulicznych na rynku krajowym i mi\u0119dzynarodowym. Zawsze przestrzegamy zasady doskona\u0142o\u015bci jako\u015bci, opieraj\u0105c si\u0119 na strategiach zarz\u0105dzania produkcj\u0105 przemys\u0142ow\u0105 w naszym nowoczesnym zak\u0142adzie produkcyjnym, aby stale podnosi\u0107 poziom techniczny i wydajno\u015b\u0107 produkcji. Dzi\u0119ki wprowadzeniu wysokiej klasy cyfrowego sprz\u0119tu produkcyjnego i profesjonalnych system\u00f3w testowych, optymalizujemy nasz\u0105 platform\u0119 produkcyjn\u0105, doskonalimy procesy kontroli jako\u015bci produkt\u00f3w i dysponujemy silnym potencja\u0142em innowacyjnym. Naszym celem jest zaspokajanie zr\u00f3\u017cnicowanych potrzeb klient\u00f3w poprzez wydajno\u015b\u0107, precyzj\u0119 i wysok\u0105 jako\u015b\u0107.<\/p>\n<p><img decoding=\"async\" src=\"https:\/\/www.hydraulic-cylinders.net\/wp-content\/uploads\/2025\/01\/songte-company-4.webp\"><br \/>\n<img decoding=\"async\" src=\"https:\/\/www.hydraulic-cylinders.net\/wp-content\/uploads\/2025\/01\/songte-company-3.webp\"><\/p>","protected":false},"excerpt":{"rendered":"<p>Arm Cylinder For Hengte HT85-8 Introduction The arm cylinder is a specially designed hydraulic cylinder that provides linear motion and power to the arms of various machinery, such as excavators, cranes, and robotic arms. It plays a crucial role in hydraulic systems, enabling the effective movement and control of additional tools or attachments. These cylinders [&hellip;]<\/p>","protected":false},"featured_media":14766,"comment_status":"open","ping_status":"closed","template":"","meta":{"_et_pb_use_builder":"","_et_pb_old_content":"","_et_gb_content_width":""},"product_brand":[],"product_cat":[1497],"product_tag":[1498,1496],"class_list":{"0":"post-16915","1":"product","2":"type-product","3":"status-publish","4":"has-post-thumbnail","6":"product_cat-arm-cylinders","7":"product_tag-arm-cylinders","8":"product_tag-hydraulic-cylinders","10":"first","11":"instock","12":"shipping-taxable","13":"product-type-simple"},"amp_enabled":true,"_links":{"self":[{"href":"https:\/\/www.hydraulic-cylinders.net\/pl\/wp-json\/wp\/v2\/product\/16915","targetHints":{"allow":["GET"]}}],"collection":[{"href":"https:\/\/www.hydraulic-cylinders.net\/pl\/wp-json\/wp\/v2\/product"}],"about":[{"href":"https:\/\/www.hydraulic-cylinders.net\/pl\/wp-json\/wp\/v2\/types\/product"}],"replies":[{"embeddable":true,"href":"https:\/\/www.hydraulic-cylinders.net\/pl\/wp-json\/wp\/v2\/comments?post=16915"}],"wp:featuredmedia":[{"embeddable":true,"href":"https:\/\/www.hydraulic-cylinders.net\/pl\/wp-json\/wp\/v2\/media\/14766"}],"wp:attachment":[{"href":"https:\/\/www.hydraulic-cylinders.net\/pl\/wp-json\/wp\/v2\/media?parent=16915"}],"wp:term":[{"taxonomy":"product_brand","embeddable":true,"href":"https:\/\/www.hydraulic-cylinders.net\/pl\/wp-json\/wp\/v2\/product_brand?post=16915"},{"taxonomy":"product_cat","embeddable":true,"href":"https:\/\/www.hydraulic-cylinders.net\/pl\/wp-json\/wp\/v2\/product_cat?post=16915"},{"taxonomy":"product_tag","embeddable":true,"href":"https:\/\/www.hydraulic-cylinders.net\/pl\/wp-json\/wp\/v2\/product_tag?post=16915"}],"curies":[{"name":"wp","href":"https:\/\/api.w.org\/{rel}","templated":true}]}}