{"id":16916,"date":"2025-01-21T06:12:40","date_gmt":"2025-01-21T06:12:40","guid":{"rendered":"https:\/\/www.hydraulic-cylinders.net\/product\/arm-cylinder-for-hengte-ht150-8\/"},"modified":"2025-01-21T06:12:42","modified_gmt":"2025-01-21T06:12:42","slug":"arm-cylinder-for-hengte-ht150-8","status":"publish","type":"product","link":"https:\/\/www.hydraulic-cylinders.net\/pl\/produkt\/arm-cylinder-for-hengte-ht150-8\/","title":{"rendered":"Si\u0142ownik ramienia do Hengte HT150-8"},"content":{"rendered":"<h1>Si\u0142ownik ramienia do Hengte HT150-8<\/h1>\n<h2>Wst\u0119p<\/h2>\n<p>Si\u0142ownik ramienia to specjalnie zaprojektowany si\u0142ownik hydrauliczny, kt\u00f3ry zapewnia ruch liniowy i zasilanie ramion r\u00f3\u017cnego typu maszyn, takich jak koparki, d\u017awigi i ramiona mechaniczne. Odgrywa kluczow\u0105 rol\u0119 w uk\u0142adach hydraulicznych, umo\u017cliwiaj\u0105c ruch osprz\u0119tu i akcesori\u00f3w oraz ich efektywne sterowanie. Si\u0142owniki te nie tylko zapewniaj\u0105 p\u0142ynny ruch, ale tak\u017ce wytrzymuj\u0105 du\u017ce obci\u0105\u017cenia, gwarantuj\u0105c wydajn\u0105 prac\u0119 i niezawodno\u015b\u0107 maszyn w r\u00f3\u017cnych warunkach pracy.<\/p>\n<p><img decoding=\"async\" src=\"https:\/\/www.hydraulic-cylinders.net\/wp-content\/uploads\/2025\/01\/songte-company-2.webp\" alt=\"Obraz cylindra ramienia\" \/><\/p>\n<h2>Cechy<\/h2>\n<ul>\n<li>Wydajne przenoszenie mocy: Cylinder ramienia zapewnia mocny ruch liniowy i si\u0142\u0119, gwarantuj\u0105c wysok\u0105 wydajno\u015b\u0107 ramienia mechanicznego podczas r\u00f3\u017cnych operacji.<\/li>\n<li>Precyzyjna kontrola: Dzi\u0119ki uk\u0142adowi hydraulicznemu si\u0142ownik ramienia mo\u017ce uzyska\u0107 dok\u0142adn\u0105 kontrol\u0119 ruchu, co sprawia, \u017ce \u200b\u200bobs\u0142uga osprz\u0119tu jest bardziej elastyczna i precyzyjna.<\/li>\n<li>Trwa\u0142o\u015b\u0107: Cylindry ramienia s\u0105 zazwyczaj wykonane z materia\u0142\u00f3w o wysokiej wytrzyma\u0142o\u015bci, charakteryzuj\u0105 si\u0119 dobr\u0105 odporno\u015bci\u0105 na zu\u017cycie i korozj\u0119 oraz nadaj\u0105 si\u0119 do d\u0142ugotrwa\u0142ego u\u017cytkowania w trudnych warunkach.<\/li>\n<li>Wielofunkcyjna adaptacja: Te cylindry mo\u017cna szeroko stosowa\u0107 w r\u00f3\u017cnych typach maszyn, takich jak koparki, d\u017awigi i ramiona mechaniczne, dostosowuj\u0105c je do r\u00f3\u017cnych potrzeb roboczych.<\/li>\n<li>\u0141atwa konserwacja: Projekt uwzgl\u0119dnia \u0142atwo\u015b\u0107 konserwacji i wymiany, dzi\u0119ki czemu regularne kontrole i konserwacje staj\u0105 si\u0119 wygodniejsze, a przestoje sprz\u0119tu zostaj\u0105 skr\u00f3cone.<\/li>\n<\/ul>\n<p>Mo\u017cemy wyprodukowa\u0107 produkt, kt\u00f3ry doskonale zast\u0105pi te cylindry hydrauliczne.<\/p>\n<p><img decoding=\"async\" src=\"https:\/\/www.hydraulic-cylinders.net\/wp-content\/uploads\/2025\/01\/songte-oil-pipes-and-spare-parts.webp\" alt=\"Obraz produktu\" \/><\/p>\n<h2>Aplikacje<\/h2>\n<p>Si\u0142ownik ramienia ma r\u00f3\u017cnorodne zastosowania w r\u00f3\u017cnych ga\u0142\u0119ziach przemys\u0142u:<\/p>\n<ul>\n<li>Budownictwo: W koparkach i d\u017awigach si\u0142ownik ramienia s\u0142u\u017cy do kontrolowania ruchu \u0142y\u017cki lub wysi\u0119gnika podczas rob\u00f3t ziemnych, przenoszenia materia\u0142\u00f3w i monta\u017cu konstrukcji.<\/li>\n<li>Produkcja: W zautomatyzowanych liniach produkcyjnych si\u0142ownik ramienia jest wykorzystywany do poruszania ramion mechanicznych podczas monta\u017cu, spawania i obs\u0142ugi materia\u0142\u00f3w, co zwi\u0119ksza wydajno\u015b\u0107 i dok\u0142adno\u015b\u0107 produkcji.<\/li>\n<li>Maszyny rolnicze: W maszynach rolniczych, takich jak kombajny i sadzarki, si\u0142ownik ramienia steruje ruchem ramienia roboczego podczas wykonywania takich zada\u0144, jak siew, nawo\u017cenie i zbi\u00f3r.<\/li>\n<li>G\u00f3rnictwo: W sprz\u0119cie g\u00f3rniczym si\u0142ownik ramienia s\u0142u\u017cy do sterowania ruchem ramienia sprz\u0119tu g\u00f3rniczego s\u0142u\u017c\u0105cego do wydobywania i transportu minera\u0142\u00f3w.<\/li>\n<li>Logistyka i transport: W w\u00f3zkach wid\u0142owych i robotach prze\u0142adunkowych si\u0142ownik ramienia s\u0142u\u017cy do sterowania podnoszeniem i ruchem wide\u0142, umo\u017cliwiaj\u0105c obs\u0142ug\u0119 i uk\u0142adanie materia\u0142\u00f3w.<\/li>\n<\/ul>\n<h2>Zagadnienia projektowe i kryteria wyboru<\/h2>\n<p>Przy projektowaniu cylindra ramienia nale\u017cy wzi\u0105\u0107 pod uwag\u0119 kilka czynnik\u00f3w:<\/p>\n<ul>\n<li>No\u015bno\u015b\u0107: Cylinder musi wytrzyma\u0107 ci\u0119\u017car i si\u0142\u0119 urz\u0105dzenia, do kt\u00f3rego jest przymocowany.<\/li>\n<li>Uszczelnienie: Cylinder musi by\u0107 uszczelniony, aby zapobiec wyciekom oleju i utrzyma\u0107 ci\u015bnienie.<\/li>\n<li>Trwa\u0142o\u015b\u0107: Cylinder musi by\u0107 wykonany z materia\u0142\u00f3w odpornych na zu\u017cycie, uszkodzenia i korozj\u0119.<\/li>\n<li>Bezpiecze\u0144stwo: Cylinder musi by\u0107 zaprojektowany z uwzgl\u0119dnieniem kwestii bezpiecze\u0144stwa, aby mie\u0107 pewno\u015b\u0107, \u017ce nie ulegnie awarii ani nie b\u0119dzie dzia\u0142a\u0142 nieprawid\u0142owo podczas pracy.<\/li>\n<li>Konserwacja: Cylinder musi by\u0107 zaprojektowany w spos\u00f3b umo\u017cliwiaj\u0105cy \u0142atw\u0105 konserwacj\u0119 i wymian\u0119.<\/li>\n<\/ul>\n<p><img decoding=\"async\" src=\"https:\/\/www.hydraulic-cylinders.net\/wp-content\/uploads\/2025\/01\/songte-cylinder-head-with-all-kinds-excavator-models.webp\" alt=\"Projekt obrazu\" \/><\/p>\n<h2>Uszczelnianie i smarowanie<\/h2>\n<p>Aby zapewni\u0107 prawid\u0142owe funkcjonowanie si\u0142ownika ramienia, konieczne jest zastosowanie r\u00f3\u017cnych element\u00f3w uszczelniaj\u0105cych, takich jak uszczelnienia t\u0142oka i t\u0142oczyska, wykonanych z materia\u0142\u00f3w odpornych na zu\u017cycie, takich jak poliuretan i kauczuk nitrylowy. Korpus si\u0142ownika i powierzchnia czo\u0142owa \u015bruby s\u0105 precyzyjnie obrabiane w celu zwi\u0119kszenia odporno\u015bci na zu\u017cycie. Regularne smarowanie odpowiednim olejem hydraulicznym jest niezb\u0119dne do zapewnienia p\u0142ynnej pracy si\u0142ownika.<\/p>\n<h2>Konserwacja i rozwi\u0105zywanie problem\u00f3w<\/h2>\n<p>Regularne kontrole i konserwacja zapobiegawcza s\u0105 niezb\u0119dne, aby zapewni\u0107 p\u0142ynn\u0105 prac\u0119 si\u0142ownika ramienia i zidentyfikowa\u0107 potencjalne problemy, zanim spowoduj\u0105 one powa\u017cne problemy. Do typowych problem\u00f3w, kt\u00f3re mog\u0105 wyst\u0105pi\u0107, nale\u017c\u0105 wyciek oleju, niedostateczne ci\u015bnienie i brak ruchu. Problemy te cz\u0119sto mo\u017cna rozwi\u0105za\u0107, sprawdzaj\u0105c lu\u017ane po\u0142\u0105czenia, uszkodzone uszczelki lub zu\u017cyte cz\u0119\u015bci. Wa\u017cne jest przestrzeganie odpowiednich procedur konserwacyjnych i stosowanie wy\u0142\u0105cznie wysokiej jako\u015bci cz\u0119\u015bci zamiennych.<\/p>\n<p><img decoding=\"async\" src=\"https:\/\/www.hydraulic-cylinders.net\/wp-content\/uploads\/2025\/01\/songte-chushion-collar.webp\" alt=\"Obraz konserwacyjny\" \/><\/p>\n<h2>Przewodnik instalacji<\/h2>\n<p>Podczas monta\u017cu si\u0142ownika ramienia nale\u017cy \u015bci\u015ble przestrzega\u0107 instrukcji producenta i upewni\u0107 si\u0119, \u017ce si\u0142ownik jest solidnie zamocowany i prawid\u0142owo ustawiony. Wszelkie lu\u017ane po\u0142\u0105czenia lub nieprawid\u0142owe ustawienie mog\u0105 spowodowa\u0107 awari\u0119 lub nieprawid\u0142owe dzia\u0142anie si\u0142ownika podczas pracy, co stwarza powa\u017cne zagro\u017cenie bezpiecze\u0144stwa.<\/p>\n<p><img decoding=\"async\" src=\"https:\/\/www.hydraulic-cylinders.net\/wp-content\/uploads\/2025\/01\/songte-bushings-with-all-kinds-of-excavator-models.webp\" alt=\"Obraz instalacyjny\" \/><\/p>\n<h2>Zagadnienia bezpiecze\u0144stwa i czynniki \u015brodowiskowe<\/h2>\n<p>Podczas u\u017cytkowania si\u0142ownika ramienia nale\u017cy przestrzega\u0107 wszystkich \u015brodk\u00f3w ostro\u017cno\u015bci i wytycznych, aby zapewni\u0107 bezpiecze\u0144stwo personelu i sprz\u0119tu. \u015arodki bezpiecze\u0144stwa mog\u0105 obejmowa\u0107 stosowanie \u015brodk\u00f3w ochronnych, takich jak r\u0119kawice i okulary ochronne, zapewnienie odpowiedniej wentylacji oraz przestrzeganie prawid\u0142owych procedur podnoszenia i przenoszenia. Czynniki \u015brodowiskowe, takie jak temperatura, wilgotno\u015b\u0107 i nara\u017cenie na dzia\u0142anie agresywnych substancji chemicznych lub materia\u0142\u00f3w, mog\u0105 r\u00f3wnie\u017c wp\u0142ywa\u0107 na dzia\u0142anie si\u0142ownika ramienia i nale\u017cy je wzi\u0105\u0107 pod uwag\u0119.<\/p>\n<h2>O nas<\/h2>\n<p>Jeste\u015bmy profesjonalnym producentem zamiennych si\u0142ownik\u00f3w hydraulicznych, oferuj\u0105cym szerok\u0105 gam\u0119 produkt\u00f3w. Stali\u015bmy si\u0119 jednym z wiod\u0105cych producent\u00f3w i hurtowych dystrybutor\u00f3w si\u0142ownik\u00f3w hydraulicznych w kraju i za granic\u0105. Zawsze przestrzegamy zasady doskona\u0142ej jako\u015bci, opieraj\u0105c si\u0119 na strategii zarz\u0105dzania produkcj\u0105 przemys\u0142ow\u0105 w nowoczesnym zak\u0142adzie produkcyjnym, aby stale podnosi\u0107 poziom techniczny i wydajno\u015b\u0107 produkcji. Wprowadzaj\u0105c zaawansowany sprz\u0119t do produkcji cyfrowej i profesjonalne systemy testowe, stale optymalizujemy nasz\u0105 platform\u0119 produkcyjn\u0105, ulepszamy procesy kontroli jako\u015bci produkt\u00f3w i wykazujemy si\u0119 wysokim potencja\u0142em innowacyjnym. Naszym celem jest zaspokajanie zr\u00f3\u017cnicowanych potrzeb naszych klient\u00f3w, oferuj\u0105c wydajne, precyzyjne i wysokiej jako\u015bci produkty.<\/p>\n<p><img decoding=\"async\" src=\"https:\/\/www.hydraulic-cylinders.net\/wp-content\/uploads\/2025\/01\/songte-company-4.webp\" alt=\"Obraz firmy 1\" \/><\/p>\n<p><img decoding=\"async\" src=\"https:\/\/www.hydraulic-cylinders.net\/wp-content\/uploads\/2025\/01\/songte-company-3.webp\" alt=\"Obraz firmy 2\" \/><\/p>\n<p>Nasza firma \u015bwiadczy profesjonalne us\u0142ugi, takie jak mi\u0119dzynarodowe certyfikaty, us\u0142ugi niestandardowe, sprz\u0119t produkcyjny i us\u0142ugi posprzeda\u017cowe, aby zagwarantowa\u0107 satysfakcj\u0119 naszych klient\u00f3w.<\/p>\n<p>Autor: lyl<\/p>","protected":false},"excerpt":{"rendered":"<p>Arm Cylinder For Hengte HT150-8 Introduction The arm cylinder is a specially designed hydraulic cylinder that provides linear motion and power to the arms of various types of machinery such as excavators, cranes, and mechanical arms. It plays a crucial role in hydraulic systems, enabling attachments or accessories to move and be controlled effectively. These [&hellip;]<\/p>","protected":false},"featured_media":14763,"comment_status":"open","ping_status":"closed","template":"","meta":{"_et_pb_use_builder":"","_et_pb_old_content":"","_et_gb_content_width":""},"product_brand":[],"product_cat":[1497],"product_tag":[1498,1496],"class_list":{"0":"post-16916","1":"product","2":"type-product","3":"status-publish","4":"has-post-thumbnail","6":"product_cat-arm-cylinders","7":"product_tag-arm-cylinders","8":"product_tag-hydraulic-cylinders","10":"first","11":"instock","12":"shipping-taxable","13":"product-type-simple"},"amp_enabled":true,"_links":{"self":[{"href":"https:\/\/www.hydraulic-cylinders.net\/pl\/wp-json\/wp\/v2\/product\/16916","targetHints":{"allow":["GET"]}}],"collection":[{"href":"https:\/\/www.hydraulic-cylinders.net\/pl\/wp-json\/wp\/v2\/product"}],"about":[{"href":"https:\/\/www.hydraulic-cylinders.net\/pl\/wp-json\/wp\/v2\/types\/product"}],"replies":[{"embeddable":true,"href":"https:\/\/www.hydraulic-cylinders.net\/pl\/wp-json\/wp\/v2\/comments?post=16916"}],"wp:featuredmedia":[{"embeddable":true,"href":"https:\/\/www.hydraulic-cylinders.net\/pl\/wp-json\/wp\/v2\/media\/14763"}],"wp:attachment":[{"href":"https:\/\/www.hydraulic-cylinders.net\/pl\/wp-json\/wp\/v2\/media?parent=16916"}],"wp:term":[{"taxonomy":"product_brand","embeddable":true,"href":"https:\/\/www.hydraulic-cylinders.net\/pl\/wp-json\/wp\/v2\/product_brand?post=16916"},{"taxonomy":"product_cat","embeddable":true,"href":"https:\/\/www.hydraulic-cylinders.net\/pl\/wp-json\/wp\/v2\/product_cat?post=16916"},{"taxonomy":"product_tag","embeddable":true,"href":"https:\/\/www.hydraulic-cylinders.net\/pl\/wp-json\/wp\/v2\/product_tag?post=16916"}],"curies":[{"name":"wp","href":"https:\/\/api.w.org\/{rel}","templated":true}]}}