{"id":16917,"date":"2025-01-21T06:12:44","date_gmt":"2025-01-21T06:12:44","guid":{"rendered":"https:\/\/www.hydraulic-cylinders.net\/product\/arm-cylinder-for-hengte-ht90-21\/"},"modified":"2025-01-21T06:12:46","modified_gmt":"2025-01-21T06:12:46","slug":"arm-cylinder-for-hengte-ht90-21","status":"publish","type":"product","link":"https:\/\/www.hydraulic-cylinders.net\/pl\/produkt\/arm-cylinder-for-hengte-ht90-21\/","title":{"rendered":"Cylinder ramienia do Hengte HT90\/21"},"content":{"rendered":"<h2>Si\u0142ownik ramienia do Hengte HT90\/21<\/h2>\n<h3>Definicja i wyja\u015bnienie<\/h3>\n<p>Si\u0142ownik ramienia to specjalnie zaprojektowany si\u0142ownik hydrauliczny, kt\u00f3ry zapewnia liniowy ruch i zasilanie ramion r\u00f3\u017cnego rodzaju maszyn, takich jak koparki, d\u017awigi i ramiona mechaniczne. Odgrywa kluczow\u0105 rol\u0119 w uk\u0142adach hydraulicznych, umo\u017cliwiaj\u0105c efektywny ruch i sterowanie dodatkowymi narz\u0119dziami lub osprz\u0119tem. Si\u0142owniki te nie tylko zapewniaj\u0105 p\u0142ynny ruch, ale tak\u017ce wytrzymuj\u0105 du\u017ce obci\u0105\u017cenia, gwarantuj\u0105c wydajn\u0105 prac\u0119 i niezawodno\u015b\u0107 maszyn w r\u00f3\u017cnych warunkach pracy.<\/p>\n<p><img decoding=\"async\" src=\"https:\/\/www.hydraulic-cylinders.net\/wp-content\/uploads\/2025\/01\/songte-company-2.webp\"><\/p>\n<h3>Cechy produktu<\/h3>\n<ul>\n<li><strong>Wysoka wydajno\u015b\u0107 transmisji:<\/strong> Si\u0142ownik ramienia zapewnia mocny ruch liniowy i si\u0142\u0119, gwarantuj\u0105c wysok\u0105 wydajno\u015b\u0107 ramienia mechanicznego podczas r\u00f3\u017cnych operacji.<\/li>\n<li><strong>Precyzyjna kontrola:<\/strong> Dzi\u0119ki uk\u0142adowi hydraulicznemu si\u0142ownik ramienia mo\u017ce uzyska\u0107 precyzyjn\u0105 kontrol\u0119 ruchu, co sprawia, \u017ce \u200b\u200bobs\u0142uga dodatkowych narz\u0119dzi jest bardziej elastyczna i dok\u0142adna.<\/li>\n<li><strong>Trwa\u0142o\u015b\u0107:<\/strong> Cylindry ramienia s\u0105 zazwyczaj wykonane z materia\u0142\u00f3w o wysokiej wytrzyma\u0142o\u015bci, charakteryzuj\u0105cych si\u0119 dobr\u0105 odporno\u015bci\u0105 na zu\u017cycie i korozj\u0119, dzi\u0119ki czemu nadaj\u0105 si\u0119 do d\u0142ugotrwa\u0142ego u\u017cytkowania w trudnych warunkach.<\/li>\n<li><strong>Wielofunkcyjna adaptowalno\u015b\u0107:<\/strong> Tego typu si\u0142owniki mo\u017cna powszechnie stosowa\u0107 w r\u00f3\u017cnych urz\u0105dzeniach mechanicznych, takich jak koparki, d\u017awigi i ramiona mechaniczne, dostosowuj\u0105c je do r\u00f3\u017cnych wymaga\u0144 roboczych.<\/li>\n<li><strong>\u0141atwa konserwacja:<\/strong> Projekt uwzgl\u0119dnia \u0142atwo\u015b\u0107 konserwacji i wymiany, dzi\u0119ki czemu regularne kontrole i konserwacje staj\u0105 si\u0119 wygodniejsze, a przestoje sprz\u0119tu zostaj\u0105 skr\u00f3cone.<\/li>\n<\/ul>\n<p>Mo\u017cemy wyprodukowa\u0107 ten produkt, kt\u00f3ry doskonale zast\u0105pi te cylindry hydrauliczne.<\/p>\n<p><img decoding=\"async\" src=\"https:\/\/www.hydraulic-cylinders.net\/wp-content\/uploads\/2025\/01\/songte-oil-pipes-and-spare-parts.webp\"><\/p>\n<h3>Scenariusze zastosowa\u0144<\/h3>\n<p>Cylindry ramieniowe s\u0105 szeroko stosowane w r\u00f3\u017cnych dziedzinach, w tym:<\/p>\n<ul>\n<li><strong>In\u017cynieria budowlana:<\/strong> W koparkach i d\u017awigach si\u0142owniki ramion steruj\u0105 ruchem koparki lub wysi\u0119gnika, wykonuj\u0105c prace ziemne, przenosz\u0105c materia\u0142y i montuj\u0105c konstrukcje.<\/li>\n<li><strong>Produkcja:<\/strong> W zautomatyzowanych liniach produkcyjnych si\u0142owniki ramionowe steruj\u0105 ruchem ramion mechanicznych, realizuj\u0105c procesy monta\u017cu, spawania i obs\u0142ugi, zwi\u0119kszaj\u0105c wydajno\u015b\u0107 i dok\u0142adno\u015b\u0107 produkcji.<\/li>\n<li><strong>Maszyny rolnicze:<\/strong> W maszynach rolniczych, takich jak kombajny i sadzarki, si\u0142owniki ramienia steruj\u0105 ruchem ramienia roboczego, wykonuj\u0105cego takie zadania, jak siew, nawo\u017cenie i zbi\u00f3r.<\/li>\n<li><strong>G\u00f3rnictwo:<\/strong> W sprz\u0119cie g\u00f3rniczym cylindry ramieniowe s\u0142u\u017c\u0105 do sterowania ruchem ramion sprz\u0119tu g\u00f3rniczego, podczas wydobycia i transportu rudy.<\/li>\n<li><strong>Logistyka i transport:<\/strong> W w\u00f3zkach wid\u0142owych i robotach prze\u0142adunkowych si\u0142owniki ramion steruj\u0105 podnoszeniem i ruchem wide\u0142, umo\u017cliwiaj\u0105c obs\u0142ug\u0119 i uk\u0142adanie materia\u0142\u00f3w.<\/li>\n<\/ul>\n<h3>Zagadnienia projektowe i kryteria wyboru<\/h3>\n<p>Z punktu widzenia projektowania cylindr\u00f3w ramieniowych nale\u017cy wzi\u0105\u0107 pod uwag\u0119 nast\u0119puj\u0105ce kwestie:<\/p>\n<ul>\n<li><strong>No\u015bno\u015b\u0107:<\/strong> Cylindry ramieniowe musz\u0105 by\u0107 w stanie utrzyma\u0107 ci\u0119\u017car sprz\u0119tu i przenoszonego przez niego \u0142adunku.<\/li>\n<li><strong>Opiecz\u0119towanie:<\/strong> Aby zapobiec wyciekom oleju i zapewni\u0107 stabiln\u0105 prac\u0119 cylindra, stosuje si\u0119 r\u00f3\u017cne elementy uszczelniaj\u0105ce, takie jak uszczelki t\u0142okowe i uszczelki t\u0142oczyskowe.<\/li>\n<li><strong>Trwa\u0142o\u015b\u0107:<\/strong> Cylindry ramienia s\u0105 zazwyczaj wykonane z materia\u0142\u00f3w o wysokiej wytrzyma\u0142o\u015bci, charakteryzuj\u0105cych si\u0119 dobr\u0105 odporno\u015bci\u0105 na zu\u017cycie i korozj\u0119, dzi\u0119ki czemu nadaj\u0105 si\u0119 do d\u0142ugotrwa\u0142ego u\u017cytkowania w trudnych warunkach.<\/li>\n<li><strong>Bezpiecze\u0144stwo:<\/strong> Cylindry ramieniowe powinny by\u0107 zaprojektowane z uwzgl\u0119dnieniem zabezpiecze\u0144 zapobiegaj\u0105cych wypadkom podczas pracy.<\/li>\n<li><strong>Utrzymywalno\u015b\u0107:<\/strong> Projekt powinien uwzgl\u0119dnia\u0107 \u0142atwo\u015b\u0107 konserwacji i wymiany, dzi\u0119ki czemu regularne kontrole i konserwacje b\u0119d\u0105 wygodniejsze, a przestoje sprz\u0119tu skr\u00f3cone.<\/li>\n<\/ul>\n<p><img decoding=\"async\" src=\"https:\/\/www.hydraulic-cylinders.net\/wp-content\/uploads\/2025\/01\/songte-cylinder-head-with-all-kinds-excavator-models.webp\"><\/p>\n<h3>Uszczelnianie i smarowanie<\/h3>\n<p>R\u00f3\u017cne elementy uszczelniaj\u0105ce, takie jak uszczelnienia t\u0142oka i t\u0142oczyska, zapobiegaj\u0105 wyciekom oleju i zapewniaj\u0105 stabiln\u0105 prac\u0119 cylindra. Uszczelnienia te wykonane s\u0105 z materia\u0142\u00f3w o wysokiej odporno\u015bci na zu\u017cycie, takich jak poliuretan i kauczuk nitrylowy. Korpus cylindra i powierzchnie gwint\u00f3w s\u0105 precyzyjnie obrabiane w celu zwi\u0119kszenia odporno\u015bci na zu\u017cycie. Regularne wtryskiwanie oleju jest niezb\u0119dne do smarowania i konserwacji.<\/p>\n<h3>Regularne kontrole i konserwacja zapobiegawcza<\/h3>\n<p>Regularne przegl\u0105dy i konserwacja zapobiegawcza s\u0105 niezb\u0119dne dla zapewnienia prawid\u0142owego dzia\u0142ania si\u0142ownik\u00f3w ramienia. Nale\u017cy podj\u0105\u0107 nast\u0119puj\u0105ce \u015brodki:<\/p>\n<ul>\n<li>Uszkodzone uszczelki nale\u017cy regularnie sprawdza\u0107 i wymienia\u0107.<\/li>\n<li>Sprawd\u017a stopie\u0144 zu\u017cycia korpusu cylindra.<\/li>\n<li>Sprawd\u017a poziom i jako\u015b\u0107 oleju.<\/li>\n<li>Regularnie wymieniaj olej hydrauliczny.<\/li>\n<li>Sprawd\u017a \u015bruby i nakr\u0119tki mocuj\u0105ce i w razie potrzeby je dokr\u0119\u0107.<\/li>\n<\/ul>\n<h3>Instrukcja instalacji produktu<\/h3>\n<p>Monta\u017c cylindr\u00f3w ramienia powinien by\u0107 przeprowadzony przez fachowy personel, kt\u00f3ry powinien post\u0119powa\u0107 zgodnie z poni\u017cszymi krokami:<\/p>\n<ol>\n<li>Przygotuj narz\u0119dzia i sprz\u0119t instalacyjny.<\/li>\n<li>Zamontuj cylinder na urz\u0105dzeniu i pod\u0142\u0105cz przew\u00f3d hydrauliczny.<\/li>\n<li>Dok\u0142adnie przetestuj dzia\u0142anie cylindra i sprawd\u017a, czy nie ma wyciek\u00f3w.<\/li>\n<li>Dostosuj pozycj\u0119 monta\u017cu i dokr\u0119\u0107 \u015bruby i nakr\u0119tki.<\/li>\n<li>Nape\u0142nij olejem hydraulicznym i przeprowad\u017a drugi test.<\/li>\n<\/ol>\n<p><img decoding=\"async\" src=\"https:\/\/www.hydraulic-cylinders.net\/wp-content\/uploads\/2025\/01\/songte-bushings-with-all-kinds-of-excavator-models.webp\"><\/p>\n<h3>Zagadnienia bezpiecze\u0144stwa i czynniki \u015brodowiskowe<\/h3>\n<p>Podczas eksploatacji nale\u017cy podejmowa\u0107 odpowiednie \u015brodki bezpiecze\u0144stwa, aby unikn\u0105\u0107 wypadk\u00f3w. Operatorzy powinni by\u0107 zaznajomieni z urz\u0105dzeniem i procedurami obs\u0142ugi. Nale\u017cy r\u00f3wnie\u017c bra\u0107 pod uwag\u0119 \u015brodowisko i podejmowa\u0107 odpowiednie \u015brodki zapobiegaj\u0105ce zanieczyszczeniu \u015brodowiska.<\/p>\n<h3>Rozwi\u0105zywanie problem\u00f3w i typowe problemy<\/h3>\n<p>Typowe problemy z si\u0142ownikami ramienia to wyciek oleju, spowolnienie ruchu i nietypowy ha\u0142as. Mo\u017cna zastosowa\u0107 poni\u017csze wskaz\u00f3wki i rozwi\u0105zania:<\/p>\n<ul>\n<li><strong>Wyciek oleju:<\/strong> Sprawd\u017a uszczelki i w razie potrzeby wymie\u0144 je.<\/li>\n<li><strong>Powolny ruch:<\/strong> Sprawd\u017a poziom i jako\u015b\u0107 oleju, a w razie konieczno\u015bci wymie\u0144 olej hydrauliczny.<\/li>\n<li><strong>Ha\u0142as nienormalny:<\/strong> Sprawd\u017a, czy korpus cylindra lub t\u0142oczysko nie s\u0105 uszkodzone; w razie konieczno\u015bci wymie\u0144 je.<\/li>\n<\/ul>\n<p>Nale\u017cy r\u00f3wnie\u017c podj\u0105\u0107 \u015brodki zapobiegawcze w celu ograniczenia potencjalnych problem\u00f3w, np. poprzez regularne kontrole i konserwacj\u0119.<\/p>\n<p><img decoding=\"async\" src=\"https:\/\/www.hydraulic-cylinders.net\/wp-content\/uploads\/2025\/01\/songte-chushion-collar.webp\"><\/p>\n<h3>O nas<\/h3>\n<p>Jeste\u015bmy profesjonalnym producentem cylindr\u00f3w hydraulicznych, oferuj\u0105cym szerok\u0105 gam\u0119 produkt\u00f3w i stali\u015bmy si\u0119 jednym z wiod\u0105cych producent\u00f3w i dystrybutor\u00f3w hurtowych cylindr\u00f3w hydraulicznych na rynku krajowym i zagranicznym. Zawsze przestrzegamy zasady doskona\u0142ej jako\u015bci i opieramy si\u0119 na strategii zarz\u0105dzania produkcj\u0105 przemys\u0142ow\u0105 w zaawansowanych warsztatach produkcyjnych, aby stale podnosi\u0107 poziom techniczny i wydajno\u015b\u0107 produkcji. Wprowadzaj\u0105c wysokiej klasy cyfrowy sprz\u0119t produkcyjny i profesjonalne systemy testowe, stale optymalizujemy nasz\u0105 platform\u0119 produkcyjn\u0105, usprawniamy proces kontroli jako\u015bci naszych produkt\u00f3w i dysponujemy silnymi mo\u017cliwo\u015bciami innowacyjnymi. Naszym celem jest zaspokajanie zr\u00f3\u017cnicowanych potrzeb klient\u00f3w w oparciu o zasady wydajno\u015bci, dok\u0142adno\u015bci i wysokiej jako\u015bci.<\/p>\n<h3>Nasze us\u0142ugi<\/h3>\n<ul>\n<li><strong>Profesjonalizm:<\/strong> Dysponujemy profesjonalnym zespo\u0142em technicznym, kt\u00f3ry zapewnia klientom profesjonalne rozwi\u0105zania i us\u0142ugi.<\/li>\n<li><strong>Certyfikacja mi\u0119dzynarodowa:<\/strong> Nasze produkty posiadaj\u0105 certyfikaty mi\u0119dzynarodowe, takie jak ISO i CE.<\/li>\n<li><strong>Personalizacja:<\/strong> Oferujemy us\u0142ugi dostosowane do r\u00f3\u017cnych potrzeb klient\u00f3w.<\/li>\n<li><strong>Sprz\u0119t produkcyjny:<\/strong> Posiadamy zaawansowany sprz\u0119t produkcyjny, taki jak maszyny CNC, urz\u0105dzenia spawalnicze i urz\u0105dzenia testowe.<\/li>\n<li><strong>Serwis posprzeda\u017cowy:<\/strong> Zapewniamy kompleksow\u0105 obs\u0142ug\u0119 posprzeda\u017cow\u0105, aby zagwarantowa\u0107 satysfakcj\u0119 klienta.<\/li>\n<\/ul>\n<p><img decoding=\"async\" src=\"https:\/\/www.hydraulic-cylinders.net\/wp-content\/uploads\/2025\/01\/songte-company-4.webp\"><br \/>\n<img decoding=\"async\" src=\"https:\/\/www.hydraulic-cylinders.net\/wp-content\/uploads\/2025\/01\/songte-company-3.webp\"><\/p>\n<p>Autor: lyl<\/p>","protected":false},"excerpt":{"rendered":"<p>Arm Cylinder for Hengte HT90\/21 Definition and Explanation An arm cylinder is a specially designed hydraulic cylinder that provides linear movement and power to the arms of various types of machinery, such as excavators, cranes, and mechanical arms. It plays a crucial role in hydraulic systems, enabling the effective movement and control of additional tools [&hellip;]<\/p>","protected":false},"featured_media":14759,"comment_status":"open","ping_status":"closed","template":"","meta":{"_et_pb_use_builder":"","_et_pb_old_content":"","_et_gb_content_width":""},"product_brand":[],"product_cat":[1497],"product_tag":[1498,1496],"class_list":{"0":"post-16917","1":"product","2":"type-product","3":"status-publish","4":"has-post-thumbnail","6":"product_cat-arm-cylinders","7":"product_tag-arm-cylinders","8":"product_tag-hydraulic-cylinders","10":"first","11":"instock","12":"shipping-taxable","13":"product-type-simple"},"amp_enabled":true,"_links":{"self":[{"href":"https:\/\/www.hydraulic-cylinders.net\/pl\/wp-json\/wp\/v2\/product\/16917","targetHints":{"allow":["GET"]}}],"collection":[{"href":"https:\/\/www.hydraulic-cylinders.net\/pl\/wp-json\/wp\/v2\/product"}],"about":[{"href":"https:\/\/www.hydraulic-cylinders.net\/pl\/wp-json\/wp\/v2\/types\/product"}],"replies":[{"embeddable":true,"href":"https:\/\/www.hydraulic-cylinders.net\/pl\/wp-json\/wp\/v2\/comments?post=16917"}],"wp:featuredmedia":[{"embeddable":true,"href":"https:\/\/www.hydraulic-cylinders.net\/pl\/wp-json\/wp\/v2\/media\/14759"}],"wp:attachment":[{"href":"https:\/\/www.hydraulic-cylinders.net\/pl\/wp-json\/wp\/v2\/media?parent=16917"}],"wp:term":[{"taxonomy":"product_brand","embeddable":true,"href":"https:\/\/www.hydraulic-cylinders.net\/pl\/wp-json\/wp\/v2\/product_brand?post=16917"},{"taxonomy":"product_cat","embeddable":true,"href":"https:\/\/www.hydraulic-cylinders.net\/pl\/wp-json\/wp\/v2\/product_cat?post=16917"},{"taxonomy":"product_tag","embeddable":true,"href":"https:\/\/www.hydraulic-cylinders.net\/pl\/wp-json\/wp\/v2\/product_tag?post=16917"}],"curies":[{"name":"wp","href":"https:\/\/api.w.org\/{rel}","templated":true}]}}