{"id":16928,"date":"2025-01-21T06:13:31","date_gmt":"2025-01-21T06:13:31","guid":{"rendered":"https:\/\/www.hydraulic-cylinders.net\/product\/arm-cylinder-for-yigong-cy860\/"},"modified":"2025-01-21T06:13:32","modified_gmt":"2025-01-21T06:13:32","slug":"arm-cylinder-for-yigong-cy860","status":"publish","type":"product","link":"https:\/\/www.hydraulic-cylinders.net\/pl\/produkt\/arm-cylinder-for-yigong-cy860\/","title":{"rendered":"Si\u0142ownik ramienia do Yigong CY860"},"content":{"rendered":"<h1>Si\u0142ownik ramienia do Yigong CY860<\/h1>\n<h2>Wst\u0119p<\/h2>\n<p>Si\u0142ownik ramienia, znany r\u00f3wnie\u017c jako si\u0142ownik hydrauliczny, to specjalnie zaprojektowany element, kt\u00f3ry zapewnia ruch liniowy i zasilanie ramienia r\u00f3\u017cnego rodzaju maszyn, takich jak koparki, d\u017awigi i ramiona robotyczne. Odgrywa on kluczow\u0105 rol\u0119 w uk\u0142adach hydraulicznych, umo\u017cliwiaj\u0105c sprawny ruch i sterowanie dodatkowymi narz\u0119dziami lub osprz\u0119tem. Si\u0142owniki te nie tylko zapewniaj\u0105 p\u0142ynny ruch, ale tak\u017ce wytrzymuj\u0105 du\u017ce obci\u0105\u017cenia, gwarantuj\u0105c wysok\u0105 wydajno\u015b\u0107 i niezawodno\u015b\u0107 maszyn w r\u00f3\u017cnych warunkach pracy.<\/p>\n<p><img decoding=\"async\" src=\"https:\/\/www.hydraulic-cylinders.net\/wp-content\/uploads\/2025\/01\/songte-company-2.webp\"><\/p>\n<h2>Cechy<\/h2>\n<ul>\n<li><strong>Wysokowydajna skrzynia bieg\u00f3w:<\/strong> Si\u0142ownik ramienia zapewnia mocny ruch liniowy i si\u0142\u0119, gwarantuj\u0105c wysok\u0105 wydajno\u015b\u0107 ramienia mechanicznego podczas r\u00f3\u017cnych operacji.<\/li>\n<li><strong>Precyzyjna kontrola:<\/strong> Dzi\u0119ki uk\u0142adowi hydraulicznemu si\u0142ownik ramienia zapewnia precyzyjn\u0105 kontrol\u0119 ruchu, co sprawia, \u017ce \u200b\u200bpraca z pod\u0142\u0105czonymi narz\u0119dziami jest bardziej elastyczna i dok\u0142adna.<\/li>\n<li><strong>Trwa\u0142o\u015b\u0107:<\/strong> Cylindry ramienia s\u0105 zazwyczaj wykonane z materia\u0142\u00f3w o wysokiej wytrzyma\u0142o\u015bci, zapewniaj\u0105cych doskona\u0142\u0105 odporno\u015b\u0107 na zu\u017cycie i korozj\u0119, dzi\u0119ki czemu nadaj\u0105 si\u0119 do d\u0142ugotrwa\u0142ego u\u017cytkowania w trudnych warunkach.<\/li>\n<li><strong>Wielofunkcyjna adaptowalno\u015b\u0107:<\/strong> Tego typu si\u0142owniki s\u0105 powszechnie stosowane w r\u00f3\u017cnych typach maszyn, takich jak koparki, d\u017awigi i ramiona robotyczne, kt\u00f3re odpowiadaj\u0105 r\u00f3\u017cnym wymaganiom roboczym.<\/li>\n<li><strong>\u0141atwa konserwacja:<\/strong> Konstrukcja urz\u0105dzenia uwzgl\u0119dnia \u0142atwo\u015b\u0107 konserwacji i wymiany, co u\u0142atwia regularne kontrole i konserwacj\u0119, redukuj\u0105c przestoje sprz\u0119tu.<\/li>\n<\/ul>\n<p><img decoding=\"async\" src=\"https:\/\/www.hydraulic-cylinders.net\/wp-content\/uploads\/2025\/01\/songte-oil-pipes-and-spare-parts.webp\"><\/p>\n<h2>Aplikacje<\/h2>\n<p>Cylinder ramienia znajduje zastosowanie w r\u00f3\u017cnych ga\u0142\u0119ziach przemys\u0142u i scenariuszach:<\/p>\n<ul>\n<li><strong>In\u017cynieria budowlana:<\/strong> W koparkach i d\u017awigach si\u0142ownik ramienia steruje ruchem \u0142y\u017cki lub wysi\u0119gnika, u\u0142atwiaj\u0105c prace ziemne, przenoszenie materia\u0142\u00f3w i monta\u017c konstrukcji.<\/li>\n<li><strong>Przemys\u0142 wytw\u00f3rczy:<\/strong> W zautomatyzowanych liniach produkcyjnych si\u0142ownik ramienia umo\u017cliwia ruch ramion robota podczas monta\u017cu, spawania i obs\u0142ugi materia\u0142\u00f3w, zwi\u0119kszaj\u0105c wydajno\u015b\u0107 i precyzj\u0119 produkcji.<\/li>\n<li><strong>Maszyny rolnicze:<\/strong> W sprz\u0119cie rolniczym, takim jak kombajny i siewniki, si\u0142ownik ramienia steruje ruchem ramion roboczych podczas wykonywania takich zada\u0144, jak siew, nawo\u017cenie i zbi\u00f3r.<\/li>\n<li><strong>G\u00f3rnictwo:<\/strong> W sprz\u0119cie g\u00f3rniczym si\u0142ownik ramienia steruje ruchem ramienia maszyn g\u00f3rniczych s\u0142u\u017c\u0105cych do wydobywania i transportu rudy.<\/li>\n<li><strong>Logistyka i transport:<\/strong> W w\u00f3zkach wid\u0142owych i robotach prze\u0142adunkowych si\u0142ownik ramienia steruje podnoszeniem i ruchem wide\u0142, umo\u017cliwiaj\u0105c przenoszenie i uk\u0142adanie materia\u0142\u00f3w.<\/li>\n<\/ul>\n<h2>Zagadnienia projektowe i kryteria wyboru<\/h2>\n<p>Przy projektowaniu cylindra ramienia nale\u017cy wzi\u0105\u0107 pod uwag\u0119 kilka kluczowych czynnik\u00f3w:<\/p>\n<ul>\n<li><strong>No\u015bno\u015b\u0107:<\/strong> Wytrzyma\u0142o\u015b\u0107 cylindra ramienia na obci\u0105\u017cenia ma kluczowe znaczenie dla jego wydajno\u015bci i bezpiecze\u0144stwa.<\/li>\n<li><strong>Opiecz\u0119towanie:<\/strong> Stosowane s\u0105 r\u00f3\u017cne elementy uszczelniaj\u0105ce, takie jak uszczelnienia t\u0142ok\u00f3w i t\u0142oczysk, zazwyczaj wykonane z materia\u0142\u00f3w odpornych na zu\u017cycie, takich jak poliuretan lub kauczuk nitrylowy. Korpus cylindra i powierzchnia gwintu s\u0105 precyzyjnie obrabiane w celu zwi\u0119kszenia odporno\u015bci na zu\u017cycie.<\/li>\n<li><strong>Trwa\u0142o\u015b\u0107:<\/strong> Si\u0142ownik ramienia zaprojektowano tak, aby wytrzymywa\u0142 trudy zamierzonych zastosowa\u0144 i dzia\u0142a\u0142 niezawodnie przez d\u0142ugi czas.<\/li>\n<li><strong>Bezpiecze\u0144stwo:<\/strong> Podczas projektowania cylindra nale\u017cy bra\u0107 pod uwag\u0119 przede wszystkim wzgl\u0119dy bezpiecze\u0144stwa, aby zagwarantowa\u0107 jego niezawodn\u0105 prac\u0119 i zapobiec wypadkom.<\/li>\n<li><strong>Utrzymywalno\u015b\u0107:<\/strong> Projekt powinien umo\u017cliwia\u0107 \u0142atw\u0105 konserwacj\u0119 i napraw\u0119, aby zminimalizowa\u0107 przestoje i zapewni\u0107 wydajn\u0105 prac\u0119.<\/li>\n<\/ul>\n<p><img decoding=\"async\" src=\"https:\/\/www.hydraulic-cylinders.net\/wp-content\/uploads\/2025\/01\/songte-cylinder-head-with-all-kinds-excavator-models.webp\"><\/p>\n<h2>Uszczelnianie i smarowanie<\/h2>\n<p>Si\u0142ownik ramienia wykorzystuje r\u00f3\u017cne elementy uszczelniaj\u0105ce, aby zapewni\u0107 prawid\u0142owe dzia\u0142anie. Mog\u0105 to by\u0107 uszczelnienia t\u0142oka, t\u0142oczyska i inne rodzaje uszczelnie\u0144 wykonane z materia\u0142\u00f3w odpornych na zu\u017cycie, takich jak poliuretan lub kauczuk nitrylowy. Korpus si\u0142ownika i powierzchnia gwintu s\u0105 poddawane starannej obr\u00f3bce w celu zwi\u0119kszenia odporno\u015bci na zu\u017cycie. Regularne smarowanie odpowiednim olejem hydraulicznym jest niezb\u0119dne do utrzymania optymalnej wydajno\u015bci.<\/p>\n<h2>Regularne kontrole i konserwacja zapobiegawcza<\/h2>\n<p>Aby zapewni\u0107 d\u0142ugowieczno\u015b\u0107 i wydajno\u015b\u0107 si\u0142ownika ramienia, niezb\u0119dne s\u0105 regularne kontrole i konserwacja zapobiegawcza. Nale\u017cy podj\u0105\u0107 nast\u0119puj\u0105ce \u015brodki:<\/p>\n<ul>\n<li>Sprawd\u017a cylinder pod k\u0105tem ewentualnych wyciek\u00f3w, uszkodze\u0144 lub nienormalnego zu\u017cycia.<\/li>\n<li>Sprawd\u017a i wyreguluj mocowanie i wyr\u00f3wnanie cylindra, aby zapewni\u0107 jego prawid\u0142owe dzia\u0142anie.<\/li>\n<li>Monitoruj uk\u0142ad hydrauliczny pod k\u0105tem zanieczyszcze\u0144 i upewnij si\u0119, \u017ce poziom oleju hydraulicznego jest odpowiedni.<\/li>\n<li>Nale\u017cy przestrzega\u0107 zalece\u0144 producenta dotycz\u0105cych cz\u0119stotliwo\u015bci i procedur konserwacji.<\/li>\n<\/ul>\n<h2>Instrukcja instalacji produktu<\/h2>\n<p>Prawid\u0142owy monta\u017c si\u0142ownika ramienia ma kluczowe znaczenie dla jego dzia\u0142ania i bezpiecze\u0144stwa. Post\u0119puj zgodnie z poni\u017cszymi wskaz\u00f3wkami:<\/p>\n<ul>\n<li>Upewnij si\u0119, \u017ce powierzchnie monta\u017cowe s\u0105 czyste i wolne od zanieczyszcze\u0144.<\/li>\n<li>Solidnie zamocuj cylinder za pomoc\u0105 odpowiednich \u015brub lub wspornik\u00f3w monta\u017cowych.<\/li>\n<li>Upewnij si\u0119, \u017ce po\u0142\u0105czenia hydrauliczne s\u0105 szczelne i nie ma w nich wyciek\u00f3w.<\/li>\n<li>Nale\u017cy przestrzega\u0107 zalecanych parametr\u00f3w momentu dokr\u0119cania wszystkich po\u0142\u0105cze\u0144.<\/li>\n<\/ul>\n<p><img decoding=\"async\" src=\"https:\/\/www.hydraulic-cylinders.net\/wp-content\/uploads\/2025\/01\/songte-bushings-with-all-kinds-of-excavator-models.webp\"><\/p>\n<h2>Zagadnienia bezpiecze\u0144stwa i czynniki \u015brodowiskowe<\/h2>\n<p>Podczas u\u017cytkowania si\u0142ownika ramienia, bezpiecze\u0144stwo jest priorytetem. Nale\u017cy zachowa\u0107 odpowiednie \u015brodki bezpiecze\u0144stwa podczas instalacji, obs\u0142ugi i konserwacji. Dodatkowo, uwzgl\u0119dnienie czynnik\u00f3w \u015brodowiskowych, takich jak temperatura, wilgotno\u015b\u0107 i potencjalne zagro\u017cenia, ma kluczowe znaczenie dla zapewnienia niezawodnego dzia\u0142ania i trwa\u0142o\u015bci si\u0142ownika.<\/p>\n<h2>Diagnostyka usterek i typowe problemy<\/h2>\n<p>Si\u0142ownik ramienia mo\u017ce mie\u0107 r\u00f3\u017cne usterki lub typowe problemy. Zrozumienie i zdiagnozowanie tych problem\u00f3w jest kluczowe dla szybkiego rozwi\u0105zania:<\/p>\n<ul>\n<li><strong>Wada:<\/strong> Nieszczelno\u015b\u0107 uszczelek cylindra. <strong>Rozwi\u0105zanie:<\/strong> Sprawd\u017a i wymie\u0144 zu\u017cyte lub uszkodzone uszczelki.<\/li>\n<li><strong>Wada:<\/strong> Niewystarczaj\u0105ca moc lub powolna praca. <strong>Rozwi\u0105zanie:<\/strong> Sprawd\u017a, czy ci\u015bnienie hydrauliczne jest niskie, czy smarowanie jest niewystarczaj\u0105ce lub czy elementy wewn\u0119trzne nie s\u0105 uszkodzone.<\/li>\n<li><strong>Wada:<\/strong> Nadmierny ha\u0142as podczas pracy. <strong>Rozwi\u0105zanie:<\/strong> Sprawd\u017a, czy po\u0142\u0105czenia nie s\u0105 lu\u017ane, \u0142o\u017cyska uszkodzone lub podzespo\u0142y zu\u017cyte.<\/li>\n<li><strong>Wada:<\/strong> Dryf cylindra lub niekontrolowany ruch. <strong>Rozwi\u0105zanie:<\/strong> Sprawd\u017a, czy w uk\u0142adzie hydraulicznym nie wyst\u0119puj\u0105 problemy, takie jak awarie zawor\u00f3w lub nadmierne nieszczelno\u015bci wewn\u0119trzne.<\/li>\n<\/ul>\n<p>Stosuj\u0105c si\u0119 do powy\u017cszych wskaz\u00f3wek i stosuj\u0105c odpowiednie \u015brodki zapobiegawcze, mo\u017cna zminimalizowa\u0107 potencjalne problemy i zoptymalizowa\u0107 dzia\u0142anie cylindra ramienia.<\/p>\n<p><img decoding=\"async\" src=\"https:\/\/www.hydraulic-cylinders.net\/wp-content\/uploads\/2025\/01\/songte-chushion-collar.webp\"><\/p>\n<h2>O naszej firmie<\/h2>\n<p>Jeste\u015bmy profesjonalnym producentem zamiennych cylindr\u00f3w hydraulicznych, oferuj\u0105cym szerok\u0105 gam\u0119 produkt\u00f3w. Stali\u015bmy si\u0119 jednym z wiod\u0105cych producent\u00f3w i hurtowych dystrybutor\u00f3w cylindr\u00f3w hydraulicznych na rynku krajowym i mi\u0119dzynarodowym. Kieruj\u0105c si\u0119 zasad\u0105 doskona\u0142o\u015bci jako\u015bci, stale doskonalimy nasze mo\u017cliwo\u015bci technologiczne i wydajno\u015b\u0107 produkcji poprzez udoskonalone warsztaty produkcyjne i zindustrializowane strategie zarz\u0105dzania produkcj\u0105. Wprowadzaj\u0105c zaawansowany cyfrowy sprz\u0119t produkcyjny i profesjonalne systemy testowe, optymalizujemy nasz\u0105 platform\u0119 produkcyjn\u0105 i usprawniamy procesy kontroli jako\u015bci, co pozwala nam dostarcza\u0107 innowacyjne i wysokiej jako\u015bci produkty. Naszym celem jest zaspokajanie zr\u00f3\u017cnicowanych potrzeb klient\u00f3w, kieruj\u0105c si\u0119 zasadami wydajno\u015bci, dok\u0142adno\u015bci i wysokiej jako\u015bci.<\/p>\n<p><img decoding=\"async\" src=\"https:\/\/www.hydraulic-cylinders.net\/wp-content\/uploads\/2025\/01\/songte-company-4.webp\"><br \/>\n<img decoding=\"async\" src=\"https:\/\/www.hydraulic-cylinders.net\/wp-content\/uploads\/2025\/01\/songte-company-3.webp\"><\/p>\n<p><em>Autor: lyl<\/em><\/p>","protected":false},"excerpt":{"rendered":"<p>Arm Cylinder For Yigong CY860 Introduction The arm cylinder, also known as the hydraulic cylinder, is a specially designed component that provides linear motion and power to the arm of various types of machinery such as excavators, cranes, and robotic arms. It plays a crucial role in hydraulic systems, enabling the efficient movement and control [&hellip;]<\/p>","protected":false},"featured_media":14786,"comment_status":"open","ping_status":"closed","template":"","meta":{"_et_pb_use_builder":"","_et_pb_old_content":"","_et_gb_content_width":""},"product_brand":[],"product_cat":[1497],"product_tag":[1498,1496],"class_list":{"0":"post-16928","1":"product","2":"type-product","3":"status-publish","4":"has-post-thumbnail","6":"product_cat-arm-cylinders","7":"product_tag-arm-cylinders","8":"product_tag-hydraulic-cylinders","10":"first","11":"instock","12":"shipping-taxable","13":"product-type-simple"},"amp_enabled":true,"_links":{"self":[{"href":"https:\/\/www.hydraulic-cylinders.net\/pl\/wp-json\/wp\/v2\/product\/16928","targetHints":{"allow":["GET"]}}],"collection":[{"href":"https:\/\/www.hydraulic-cylinders.net\/pl\/wp-json\/wp\/v2\/product"}],"about":[{"href":"https:\/\/www.hydraulic-cylinders.net\/pl\/wp-json\/wp\/v2\/types\/product"}],"replies":[{"embeddable":true,"href":"https:\/\/www.hydraulic-cylinders.net\/pl\/wp-json\/wp\/v2\/comments?post=16928"}],"wp:featuredmedia":[{"embeddable":true,"href":"https:\/\/www.hydraulic-cylinders.net\/pl\/wp-json\/wp\/v2\/media\/14786"}],"wp:attachment":[{"href":"https:\/\/www.hydraulic-cylinders.net\/pl\/wp-json\/wp\/v2\/media?parent=16928"}],"wp:term":[{"taxonomy":"product_brand","embeddable":true,"href":"https:\/\/www.hydraulic-cylinders.net\/pl\/wp-json\/wp\/v2\/product_brand?post=16928"},{"taxonomy":"product_cat","embeddable":true,"href":"https:\/\/www.hydraulic-cylinders.net\/pl\/wp-json\/wp\/v2\/product_cat?post=16928"},{"taxonomy":"product_tag","embeddable":true,"href":"https:\/\/www.hydraulic-cylinders.net\/pl\/wp-json\/wp\/v2\/product_tag?post=16928"}],"curies":[{"name":"wp","href":"https:\/\/api.w.org\/{rel}","templated":true}]}}