{"id":16931,"date":"2025-01-21T06:13:43","date_gmt":"2025-01-21T06:13:43","guid":{"rendered":"https:\/\/www.hydraulic-cylinders.net\/product\/arm-cylinder-for-yigong-cy330lc-8\/"},"modified":"2025-01-21T06:13:45","modified_gmt":"2025-01-21T06:13:45","slug":"arm-cylinder-for-yigong-cy330lc-8","status":"publish","type":"product","link":"https:\/\/www.hydraulic-cylinders.net\/pl\/produkt\/arm-cylinder-for-yigong-cy330lc-8\/","title":{"rendered":"Si\u0142ownik ramienia do Yigong CY330LC-8"},"content":{"rendered":"<h1>Si\u0142ownik ramienia do Yigong CY330LC-8<\/h1>\n<h2>Wst\u0119p<\/h2>\n<p>Si\u0142ownik ramienia to specjalnie zaprojektowany si\u0142ownik hydrauliczny, kt\u00f3ry zapewnia ruch liniowy i zasilanie ramienia r\u00f3\u017cnych maszyn, takich jak koparki, d\u017awigi i ramiona mechaniczne. Odgrywa kluczow\u0105 rol\u0119 w uk\u0142adach hydraulicznych, umo\u017cliwiaj\u0105c sprawny ruch i sterowanie dodatkowymi narz\u0119dziami lub osprz\u0119tem. Si\u0142owniki te nie tylko zapewniaj\u0105 p\u0142ynny ruch, ale tak\u017ce wytrzymuj\u0105 du\u017ce obci\u0105\u017cenia, gwarantuj\u0105c wydajn\u0105 prac\u0119 i niezawodno\u015b\u0107 maszyn w r\u00f3\u017cnych warunkach pracy.<\/p>\n<p><img decoding=\"async\" src=\"https:\/\/www.hydraulic-cylinders.net\/wp-content\/uploads\/2025\/01\/songte-company-2.webp\"><\/p>\n<h2>Cechy<\/h2>\n<ul>\n<li><strong>Wysoka wydajno\u015b\u0107 transmisji:<\/strong> Si\u0142ownik ramienia zapewnia mocny ruch liniowy i si\u0142\u0119, gwarantuj\u0105c wysok\u0105 wydajno\u015b\u0107 ramienia mechanicznego w r\u00f3\u017cnych operacjach.<\/li>\n<li><strong>Precyzyjna kontrola:<\/strong> Dzi\u0119ki uk\u0142adowi hydraulicznemu si\u0142ownik ramienia zapewnia dok\u0142adn\u0105 kontrol\u0119 ruchu, co sprawia, \u017ce \u200b\u200bobs\u0142uga dodatkowych narz\u0119dzi jest bardziej elastyczna i precyzyjna.<\/li>\n<li><strong>Trwa\u0142o\u015b\u0107:<\/strong> Cylindry ramienia s\u0105 zazwyczaj wykonane z materia\u0142\u00f3w o wysokiej wytrzyma\u0142o\u015bci, zapewniaj\u0105cych doskona\u0142\u0105 odporno\u015b\u0107 na zu\u017cycie i korozj\u0119, dzi\u0119ki czemu nadaj\u0105 si\u0119 do d\u0142ugotrwa\u0142ego u\u017cytkowania w trudnych warunkach.<\/li>\n<li><strong>Wszechstronna adaptowalno\u015b\u0107:<\/strong> Tego typu cylindry mo\u017cna powszechnie stosowa\u0107 w r\u00f3\u017cnych maszynach, takich jak koparki, d\u017awigi i ramiona mechaniczne, aby sprosta\u0107 r\u00f3\u017cnorodnym wymaganiom roboczym.<\/li>\n<li><strong>\u0141atwo\u015b\u0107 konserwacji:<\/strong> Zaprojektowane z my\u015bl\u0105 o \u0142atwo\u015bci konserwacji i wymiany, cylindry ramion u\u0142atwiaj\u0105 regularne kontrole i konserwacj\u0119, redukuj\u0105c przestoje sprz\u0119tu.<\/li>\n<\/ul>\n<p><img decoding=\"async\" src=\"https:\/\/www.hydraulic-cylinders.net\/wp-content\/uploads\/2025\/01\/songte-oil-pipes-and-spare-parts.webp\"><\/p>\n<h2>Aplikacje<\/h2>\n<p>Si\u0142ownik ramieniowy znajduje zastosowanie w r\u00f3\u017cnych ga\u0142\u0119ziach przemys\u0142u:<\/p>\n<ol>\n<li><strong>In\u017cynieria budowlana:<\/strong> W koparkach i d\u017awigach si\u0142ownik ramienia steruje ruchem \u0142y\u017cek lub wysi\u0119gnik\u00f3w podczas rob\u00f3t ziemnych, przenoszenia materia\u0142\u00f3w i instalacji konstrukcyjnych.<\/li>\n<li><strong>Przemys\u0142 wytw\u00f3rczy:<\/strong> W zautomatyzowanych liniach produkcyjnych si\u0142ownik ramienia umo\u017cliwia ruch ramion mechanicznych podczas proces\u00f3w monta\u017cu, spawania i obs\u0142ugi, zwi\u0119kszaj\u0105c wydajno\u015b\u0107 i precyzj\u0119 produkcji.<\/li>\n<li><strong>Maszyny rolnicze:<\/strong> W sprz\u0119cie rolniczym, takim jak kombajny i sadzarki, si\u0142ownik ramienia steruje ruchem ramion roboczych podczas wykonywania takich zada\u0144, jak siew, nawo\u017cenie i zbi\u00f3r.<\/li>\n<li><strong>G\u00f3rnictwo:<\/strong> W sprz\u0119cie g\u00f3rniczym si\u0142ownik ramienia steruje ruchem ramienia maszyn g\u00f3rniczych s\u0142u\u017c\u0105cych do wydobywania i transportu rudy.<\/li>\n<li><strong>Logistyka i transport:<\/strong> W w\u00f3zkach wid\u0142owych i robotach prze\u0142adunkowych si\u0142ownik ramienia steruje podnoszeniem i ruchem wide\u0142, u\u0142atwiaj\u0105c przenoszenie materia\u0142\u00f3w i ich uk\u0142adanie.<\/li>\n<\/ol>\n<h2>Zagadnienia projektowe i kryteria wyboru<\/h2>\n<p>Je\u015bli chodzi o kwestie projektowe, si\u0142owniki ramieniowe powinny spe\u0142nia\u0107 kluczowe kryteria, takie jak no\u015bno\u015b\u0107, szczelno\u015b\u0107, trwa\u0142o\u015b\u0107, bezpiecze\u0144stwo i \u0142atwo\u015b\u0107 konserwacji.<\/p>\n<p><img decoding=\"async\" src=\"https:\/\/www.hydraulic-cylinders.net\/wp-content\/uploads\/2025\/01\/songte-cylinder-head-with-all-kinds-excavator-models.webp\"><\/p>\n<h2>Uszczelnianie i smarowanie<\/h2>\n<p>W si\u0142ownikach ramieniowych zastosowano r\u00f3\u017cne elementy uszczelniaj\u0105ce, takie jak uszczelnienia t\u0142oczysk i t\u0142oczysk, wykonane z materia\u0142\u00f3w odpornych na zu\u017cycie, takich jak poliuretan i kauczuk nitrylowy. Korpus si\u0142ownika i gwintowane ko\u0144c\u00f3wki s\u0105 poddawane precyzyjnej obr\u00f3bce w celu zwi\u0119kszenia odporno\u015bci na zu\u017cycie. Do prawid\u0142owego dzia\u0142ania niezb\u0119dne jest regularne smarowanie odpowiednim olejem hydraulicznym.<\/p>\n<h2>Regularne kontrole i konserwacja zapobiegawcza<\/h2>\n<p>Regularne kontrole i konserwacja zapobiegawcza s\u0105 niezb\u0119dne dla optymalnej wydajno\u015bci i trwa\u0142o\u015bci si\u0142ownika ramienia. Obejmuj\u0105 one:<\/p>\n<ol>\n<li>Sprawdzenie i dokr\u0119cenie wszystkich po\u0142\u0105cze\u0144<\/li>\n<li>Sprawdzanie uszczelek pod k\u0105tem zu\u017cycia lub uszkodze\u0144<\/li>\n<li>Monitorowanie poziomu i jako\u015bci p\u0142ynu hydraulicznego<\/li>\n<li>Czyszczenie i smarowanie ruchomych cz\u0119\u015bci<\/li>\n<li>Identyfikacja i reagowanie na wszelkie nietypowe ha\u0142asy lub wibracje<\/li>\n<\/ol>\n<h2>Instrukcja instalacji produktu<\/h2>\n<p>Prawid\u0142owy monta\u017c si\u0142ownika ramienia ma kluczowe znaczenie dla jego dzia\u0142ania i bezpiecze\u0144stwa. Wykonaj nast\u0119puj\u0105ce kroki:<\/p>\n<ol>\n<li>Upewnij si\u0119, \u017ce urz\u0105dzenie jest wy\u0142\u0105czone i pozbawione ci\u015bnienia.<\/li>\n<li>Zamocuj cylinder ramienia w wyznaczonych punktach mocowania.<\/li>\n<li>Pod\u0142\u0105cz przewody hydrauliczne, post\u0119puj\u0105c zgodnie z podanymi instrukcjami.<\/li>\n<li>Sprawd\u017a szczelno\u015b\u0107 wszystkich po\u0142\u0105cze\u0144 i w razie konieczno\u015bci dokr\u0119\u0107 je.<\/li>\n<li>Przed uruchomieniem maszyny nale\u017cy sprawdzi\u0107 dzia\u0142anie cylindra ramienia.<\/li>\n<\/ol>\n<p><img decoding=\"async\" src=\"https:\/\/www.hydraulic-cylinders.net\/wp-content\/uploads\/2025\/01\/songte-bushings-with-all-kinds-of-excavator-models.webp\"><\/p>\n<h2>Zagadnienia bezpiecze\u0144stwa i czynniki \u015brodowiskowe<\/h2>\n<p>Podczas korzystania z si\u0142ownik\u00f3w ramieniowych wa\u017cne jest priorytetowe traktowanie \u015brodk\u00f3w bezpiecze\u0144stwa i uwzgl\u0119dnienie czynnik\u00f3w \u015brodowiskowych. Wdro\u017cenie odpowiednich \u015brodk\u00f3w bezpiecze\u0144stwa zapewnia bezpiecze\u0144stwo operator\u00f3w i otoczenia.<\/p>\n<h2>Diagnostyka usterek i typowe problemy<\/h2>\n<p>Cylindry ramienia mog\u0105 ulega\u0107 awariom lub wyst\u0119powa\u0107 typowe problemy. Oto kilka typowych problem\u00f3w i ich mo\u017cliwe rozwi\u0105zania:<\/p>\n<p><img decoding=\"async\" src=\"https:\/\/www.hydraulic-cylinders.net\/wp-content\/uploads\/2025\/01\/songte-chushion-collar.webp\"><\/p>\n<h2>O naszej firmie<\/h2>\n<p>Jeste\u015bmy profesjonalnym producentem zamiennych cylindr\u00f3w hydraulicznych, oferuj\u0105cym szerok\u0105 gam\u0119 produkt\u00f3w. Stali\u015bmy si\u0119 jednym z wiod\u0105cych producent\u00f3w i hurtownik\u00f3w cylindr\u00f3w hydraulicznych na rynku krajowym i mi\u0119dzynarodowym. D\u0105\u017c\u0105c do doskona\u0142o\u015bci, stale podnosimy nasze kompetencje techniczne i wydajno\u015b\u0107 produkcji poprzez precyzyjne warsztaty produkcyjne i zindustrializowane strategie zarz\u0105dzania produkcj\u0105. Wprowadzaj\u0105c wysokiej klasy cyfrowy sprz\u0119t produkcyjny i profesjonalne systemy testowe, optymalizujemy nasz\u0105 platform\u0119 produkcyjn\u0105 i usprawniamy procesy kontroli jako\u015bci produkt\u00f3w, wykazuj\u0105c si\u0119 wysokim potencja\u0142em innowacyjnym. Naszym celem jest zaspokajanie zr\u00f3\u017cnicowanych potrzeb klient\u00f3w, kieruj\u0105c si\u0119 zasadami wydajno\u015bci, precyzji i wysokiej jako\u015bci.<\/p>\n<p><img decoding=\"async\" src=\"https:\/\/www.hydraulic-cylinders.net\/wp-content\/uploads\/2025\/01\/songte-company-4.webp\"><br \/>\n<img decoding=\"async\" src=\"https:\/\/www.hydraulic-cylinders.net\/wp-content\/uploads\/2025\/01\/songte-company-3.webp\"><\/p>\n<p>Autor: lyl<\/p>","protected":false},"excerpt":{"rendered":"<p>Arm Cylinder For Yigong CY330LC-8 Introduction The arm cylinder is a specially designed hydraulic cylinder that provides linear motion and power to the arm of various machinery, such as excavators, cranes, and mechanical arms. It plays a crucial role in hydraulic systems, allowing for the efficient movement and control of additional tools or attachments. These [&hellip;]<\/p>","protected":false},"featured_media":14777,"comment_status":"open","ping_status":"closed","template":"","meta":{"_et_pb_use_builder":"","_et_pb_old_content":"","_et_gb_content_width":""},"product_brand":[],"product_cat":[1497],"product_tag":[1498,1496],"class_list":{"0":"post-16931","1":"product","2":"type-product","3":"status-publish","4":"has-post-thumbnail","6":"product_cat-arm-cylinders","7":"product_tag-arm-cylinders","8":"product_tag-hydraulic-cylinders","10":"first","11":"instock","12":"shipping-taxable","13":"product-type-simple"},"amp_enabled":true,"_links":{"self":[{"href":"https:\/\/www.hydraulic-cylinders.net\/pl\/wp-json\/wp\/v2\/product\/16931","targetHints":{"allow":["GET"]}}],"collection":[{"href":"https:\/\/www.hydraulic-cylinders.net\/pl\/wp-json\/wp\/v2\/product"}],"about":[{"href":"https:\/\/www.hydraulic-cylinders.net\/pl\/wp-json\/wp\/v2\/types\/product"}],"replies":[{"embeddable":true,"href":"https:\/\/www.hydraulic-cylinders.net\/pl\/wp-json\/wp\/v2\/comments?post=16931"}],"wp:featuredmedia":[{"embeddable":true,"href":"https:\/\/www.hydraulic-cylinders.net\/pl\/wp-json\/wp\/v2\/media\/14777"}],"wp:attachment":[{"href":"https:\/\/www.hydraulic-cylinders.net\/pl\/wp-json\/wp\/v2\/media?parent=16931"}],"wp:term":[{"taxonomy":"product_brand","embeddable":true,"href":"https:\/\/www.hydraulic-cylinders.net\/pl\/wp-json\/wp\/v2\/product_brand?post=16931"},{"taxonomy":"product_cat","embeddable":true,"href":"https:\/\/www.hydraulic-cylinders.net\/pl\/wp-json\/wp\/v2\/product_cat?post=16931"},{"taxonomy":"product_tag","embeddable":true,"href":"https:\/\/www.hydraulic-cylinders.net\/pl\/wp-json\/wp\/v2\/product_tag?post=16931"}],"curies":[{"name":"wp","href":"https:\/\/api.w.org\/{rel}","templated":true}]}}