{"id":16935,"date":"2025-01-21T06:13:58","date_gmt":"2025-01-21T06:13:58","guid":{"rendered":"https:\/\/www.hydraulic-cylinders.net\/product\/arm-cylinder-for-xiniu-xn8180\/"},"modified":"2025-01-21T06:14:00","modified_gmt":"2025-01-21T06:14:00","slug":"arm-cylinder-for-xiniu-xn8180","status":"publish","type":"product","link":"https:\/\/www.hydraulic-cylinders.net\/pl\/produkt\/arm-cylinder-for-xiniu-xn8180\/","title":{"rendered":"Si\u0142ownik ramienia do Xiniu XN8180"},"content":{"rendered":"<h2>Si\u0142ownik ramienia do Xiniu XN8180<\/h2>\n<h3>Wst\u0119p<\/h3>\n<p>Si\u0142ownik ramienia to specjalnie zaprojektowany si\u0142ownik hydrauliczny, kt\u00f3ry s\u0142u\u017cy g\u0142\u00f3wnie do zapewnienia ruchu liniowego i zasilania ramion r\u00f3\u017cnych maszyn, takich jak koparki, d\u017awigi i ramiona mechaniczne. Si\u0142ownik ramienia odgrywa kluczow\u0105 rol\u0119 w uk\u0142adach hydraulicznych, umo\u017cliwiaj\u0105c wydajny ruch i sterowanie do\u0142\u0105czonymi narz\u0119dziami lub akcesoriami. Si\u0142owniki te nie tylko zapewniaj\u0105 p\u0142ynny ruch, ale tak\u017ce wytrzymuj\u0105 du\u017ce obci\u0105\u017cenia, gwarantuj\u0105c wydajn\u0105 prac\u0119 i niezawodno\u015b\u0107 maszyn w r\u00f3\u017cnych warunkach eksploatacyjnych.<\/p>\n<p><img decoding=\"async\" src=\"https:\/\/www.hydraulic-cylinders.net\/wp-content\/uploads\/2025\/01\/songte-company-2.webp\"><\/p>\n<h3>Cechy<\/h3>\n<ul>\n<li>Wydajne przenoszenie mocy: Cylinder ramienia zapewnia mocny ruch liniowy i si\u0142\u0119, gwarantuj\u0105c wysok\u0105 wydajno\u015b\u0107 ramienia mechanicznego podczas r\u00f3\u017cnych operacji.<\/li>\n<li>Precyzyjna kontrola: Dzi\u0119ki uk\u0142adowi hydraulicznemu si\u0142ownik ramienia mo\u017ce uzyska\u0107 precyzyjn\u0105 kontrol\u0119 ruchu, co sprawia, \u017ce \u200b\u200bobs\u0142uga pod\u0142\u0105czonych narz\u0119dzi jest bardziej elastyczna i dok\u0142adna.<\/li>\n<li>Wysoka trwa\u0142o\u015b\u0107: Cylinder ramienia jest zwykle wykonany z materia\u0142\u00f3w o wysokiej wytrzyma\u0142o\u015bci, charakteryzuj\u0105cych si\u0119 dobr\u0105 odporno\u015bci\u0105 na zu\u017cycie i korozj\u0119, odpowiednich do d\u0142ugotrwa\u0142ego u\u017cytkowania w trudnych warunkach \u015brodowiskowych.<\/li>\n<li>Wielofunkcyjna mo\u017cliwo\u015b\u0107 adaptacji: Te cylindry mo\u017cna szeroko stosowa\u0107 w r\u00f3\u017cnych urz\u0105dzeniach mechanicznych, takich jak koparki, d\u017awigi i ramiona mechaniczne, dostosowuj\u0105c si\u0119 do r\u00f3\u017cnych wymaga\u0144 roboczych.<\/li>\n<li>\u0141atwa konserwacja: Projekt uwzgl\u0119dnia \u0142atwo\u015b\u0107 konserwacji i wymiany, dzi\u0119ki czemu regularne kontrole i konserwacje s\u0105 wygodniejsze, a przestoje sprz\u0119tu kr\u00f3tsze.<\/li>\n<\/ul>\n<p>Mo\u017cemy wyprodukowa\u0107 produkt, kt\u00f3ry doskonale zast\u0105pi te cylindry hydrauliczne.<\/p>\n<p><img decoding=\"async\" src=\"https:\/\/www.hydraulic-cylinders.net\/wp-content\/uploads\/2025\/01\/songte-oil-pipes-and-spare-parts.webp\"><\/p>\n<h3>Aplikacje<\/h3>\n<p>Si\u0142ownik ramienia jest szeroko stosowany w r\u00f3\u017cnych ga\u0142\u0119ziach przemys\u0142u:<\/p>\n<ul>\n<li>Budownictwo: W koparkach i d\u017awigach si\u0142ownik ramienia s\u0142u\u017cy do sterowania ruchem \u0142y\u017cki lub wysi\u0119gnika podczas rob\u00f3t ziemnych, przenoszenia materia\u0142\u00f3w i instalacji konstrukcyjnych.<\/li>\n<li>Produkcja: W zautomatyzowanych liniach produkcyjnych si\u0142ownik ramienia s\u0142u\u017cy do poruszania ramion mechanicznych podczas monta\u017cu, spawania i obs\u0142ugi, co zwi\u0119ksza wydajno\u015b\u0107 i dok\u0142adno\u015b\u0107 produkcji.<\/li>\n<li>Maszyny rolnicze: W maszynach rolniczych, takich jak kombajny i sadzarki, si\u0142ownik ramienia steruje ruchem ramienia roboczego, wykonuj\u0105cego takie zadania, jak sadzenie, nawo\u017cenie i zbi\u00f3r.<\/li>\n<li>G\u00f3rnictwo: W sprz\u0119cie g\u00f3rniczym si\u0142ownik ramienia s\u0142u\u017cy do sterowania ruchem ramienia sprz\u0119tu g\u00f3rniczego, wykonuj\u0105cego zadania takie jak wydobycie i transport rud.<\/li>\n<li>Logistyka i transport: W w\u00f3zkach wid\u0142owych i robotach prze\u0142adunkowych si\u0142ownik ramienia s\u0142u\u017cy do sterowania podnoszeniem i ruchem wide\u0142 \u0142adunkowych, co umo\u017cliwia przenoszenie i uk\u0142adanie materia\u0142\u00f3w.<\/li>\n<\/ul>\n<h3>Zagadnienia projektowe i standardy wyboru<\/h3>\n<p>Pod wzgl\u0119dem konstrukcyjnym, poni\u017cej om\u00f3wiono no\u015bno\u015b\u0107, uszczelnienie, trwa\u0142o\u015b\u0107, bezpiecze\u0144stwo i \u0142atwo\u015b\u0107 konserwacji cylindra ramienia:<\/p>\n<ul>\n<li>No\u015bno\u015b\u0107: No\u015bno\u015b\u0107 si\u0142ownika ramienia okre\u015bla jego zdolno\u015b\u0107 do wytrzymywania obci\u0105\u017ce\u0144 bez odkszta\u0142ce\u0144 i uszkodze\u0144. Dlatego si\u0142ownik musi by\u0107 zaprojektowany i wyprodukowany zgodnie z wymaganiami konkretnego zastosowania.<\/li>\n<li>Uszczelnienie: Si\u0142ownik ramienia wymaga doskona\u0142ego uszczelnienia, aby zapobiec wyciekom p\u0142ynu hydraulicznego, kt\u00f3re mog\u0105 wp\u0142yn\u0105\u0107 na wydajno\u015b\u0107 i \u017cywotno\u015b\u0107 si\u0142ownika. Dlatego nale\u017cy starannie dobra\u0107 r\u00f3\u017cne elementy uszczelniaj\u0105ce, takie jak uszczelnienia t\u0142oka i t\u0142oczyska.<\/li>\n<li>Trwa\u0142o\u015b\u0107: Cylinder ramienia musi by\u0107 wykonany z materia\u0142\u00f3w wysokiej jako\u015bci, aby zapewni\u0107 jego trwa\u0142o\u015b\u0107 i odporno\u015b\u0107 na zu\u017cycie, korozj\u0119 i inne czynniki \u015brodowiskowe.<\/li>\n<li>Bezpiecze\u0144stwo: Konstrukcja cylindra ramienia musi uwzgl\u0119dnia\u0107 funkcje bezpiecze\u0144stwa, takie jak zawory bezpiecze\u0144stwa, aby zapobiega\u0107 przeci\u0105\u017ceniom i wypadkom.<\/li>\n<li>\u0141atwo\u015b\u0107 konserwacji: Konstrukcja cylindra ramienia musi uwzgl\u0119dnia\u0107 \u0142atwo\u015b\u0107 konserwacji i wymiany, dzi\u0119ki czemu regularne kontrole i konserwacja b\u0119d\u0105 wygodniejsze.<\/li>\n<\/ul>\n<p><img decoding=\"async\" src=\"https:\/\/www.hydraulic-cylinders.net\/wp-content\/uploads\/2025\/01\/songte-cylinder-head-with-all-kinds-excavator-models.webp\"><\/p>\n<h3>Uszczelnianie i smarowanie<\/h3>\n<p>Si\u0142ownik ramienia wymaga r\u00f3\u017cnych element\u00f3w uszczelniaj\u0105cych, takich jak uszczelnienia t\u0142oka i t\u0142oczyska, wykonanych z materia\u0142\u00f3w odpornych na zu\u017cycie, takich jak poliuretan i kauczuk nitrylowy. Powierzchnie g\u0142owicy cylindra i gwint\u00f3w s\u0105 precyzyjnie obrobione, aby zwi\u0119kszy\u0107 odporno\u015b\u0107 na zu\u017cycie. Dodatkowo, si\u0142ownik ramienia wymaga regularnego smarowania olejem hydraulicznym, aby zapewni\u0107 p\u0142ynn\u0105 prac\u0119.<\/p>\n<h3>Konserwacja i rozwi\u0105zywanie problem\u00f3w<\/h3>\n<p>Regularne przegl\u0105dy i konserwacja zapobiegawcza s\u0105 kluczowe dla zapewnienia d\u0142ugotrwa\u0142ej wydajno\u015bci i niezawodno\u015bci si\u0142ownika ramienia. Typowe problemy, kt\u00f3re mog\u0105 wyst\u0105pi\u0107, to nieszczelno\u015bci, odkszta\u0142cenia i nieprawid\u0142owe ruchy. W przypadku wyst\u0105pienia jakichkolwiek problem\u00f3w, konieczna jest ich szybka diagnoza i rozwi\u0105zanie, aby unikn\u0105\u0107 dalszych uszkodze\u0144 i przestoj\u00f3w. Poni\u017csze wskaz\u00f3wki mog\u0105 okaza\u0107 si\u0119 pomocne:<\/p>\n<ul>\n<li>Regularnie sprawdzaj poziom i jako\u015b\u0107 p\u0142ynu hydraulicznego w cylindrze i wymieniaj go w razie potrzeby.<\/li>\n<li>Sprawd\u017a uszczelki cylindra, t\u0142ok i inne elementy pod k\u0105tem \u015blad\u00f3w zu\u017cycia i uszkodze\u0144. W razie potrzeby wymie\u0144 je.<\/li>\n<li>Sprawd\u017a, czy mocowanie i po\u0142\u0105czenia cylindra nie s\u0105 lu\u017ane lub uszkodzone.<\/li>\n<li>Sprawd\u017a, czy zawory bezpiecze\u0144stwa cylindra dzia\u0142aj\u0105 prawid\u0142owo.<\/li>\n<\/ul>\n<p><img decoding=\"async\" src=\"https:\/\/www.hydraulic-cylinders.net\/wp-content\/uploads\/2025\/01\/songte-chushion-collar.webp\"><\/p>\n<h3>Przewodnik instalacji<\/h3>\n<p>Prawid\u0142owy monta\u017c jest niezb\u0119dny do zapewnienia prawid\u0142owego dzia\u0142ania i bezpiecze\u0144stwa si\u0142ownika ramienia. Wykonaj poni\u017csze kroki:<\/p>\n<ol>\n<li>Upewnij si\u0119, \u017ce uk\u0142ad hydrauliczny jest wy\u0142\u0105czony i ca\u0142e ci\u015bnienie zosta\u0142o uwolnione.<\/li>\n<li>Wyczy\u015b\u0107 i sprawd\u017a cylinder, upewniaj\u0105c si\u0119, \u017ce nie ma na nim \u015blad\u00f3w uszkodze\u0144 lub zu\u017cycia.<\/li>\n<li>Wyr\u00f3wnaj cylinder z powierzchni\u0105 monta\u017cow\u0105 i przymocuj go do maszyny za pomoc\u0105 odpowiednich \u015brub i nakr\u0119tek.<\/li>\n<li>Pod\u0142\u0105cz przewody hydrauliczne do cylindra i upewnij si\u0119, \u017ce s\u0105 odpowiednio dokr\u0119cone i uszczelnione.<\/li>\n<li>W\u0142\u0105cz uk\u0142ad hydrauliczny i sprawd\u017a jego prawid\u0142owe dzia\u0142anie.<\/li>\n<\/ol>\n<h3>Zagadnienia bezpiecze\u0144stwa i czynniki \u015brodowiskowe<\/h3>\n<p>Podczas korzystania z cylindra ramienia nale\u017cy zachowa\u0107 odpowiednie \u015brodki bezpiecze\u0144stwa, obejmuj\u0105ce regularn\u0105 kontrol\u0119, konserwacj\u0119 i stosowanie odpowiedniego sprz\u0119tu ochrony osobistej.<\/p>\n<h3>O nas<\/h3>\n<p>Jeste\u015bmy profesjonalnym producentem zamiennych cylindr\u00f3w hydraulicznych, oferuj\u0105cym szerok\u0105 gam\u0119 produkt\u00f3w. Stali\u015bmy si\u0119 jednym z wiod\u0105cych producent\u00f3w i hurtowych dystrybutor\u00f3w cylindr\u00f3w hydraulicznych na rynku krajowym i mi\u0119dzynarodowym. Zawsze przestrzegamy zasady doskona\u0142ej jako\u015bci, opieramy si\u0119 na zindustrializowanych strategiach zarz\u0105dzania produkcj\u0105 w precyzyjnych warsztatach produkcyjnych oraz stale podnosimy poziom techniczny i wydajno\u015b\u0107 produkcji. Dysponujemy du\u017cym potencja\u0142em innowacyjnym i d\u0105\u017cymy do zaspokojenia zr\u00f3\u017cnicowanych potrzeb klient\u00f3w, kieruj\u0105c si\u0119 zasadami wysokiej wydajno\u015bci, dok\u0142adno\u015bci i jako\u015bci.<\/p>\n<p>Oferujemy profesjonalne us\u0142ugi, mi\u0119dzynarodowe certyfikaty, us\u0142ugi dostosowane do potrzeb klient\u00f3w, zaawansowany sprz\u0119t produkcyjny i us\u0142ugi posprzeda\u017cowe, kt\u00f3re spe\u0142niaj\u0105 potrzeby naszych klient\u00f3w. <\/p>\n<p><img decoding=\"async\" src=\"https:\/\/www.hydraulic-cylinders.net\/wp-content\/uploads\/2025\/01\/songte-company-4.webp\"><br \/>\n<img decoding=\"async\" src=\"https:\/\/www.hydraulic-cylinders.net\/wp-content\/uploads\/2025\/01\/songte-company-3.webp\"><\/p>\n<p>Autor: lyl.<\/p>","protected":false},"excerpt":{"rendered":"<p>Arm Cylinder For Xiniu XN8180 Introduction An arm cylinder is a specially designed hydraulic cylinder that is primarily used to provide linear motion and power to arms of various machinery such as excavators, cranes, and mechanical arms. The arm cylinder plays a crucial role in hydraulic systems, enabling the efficient movement and control of attached [&hellip;]<\/p>","protected":false},"featured_media":14766,"comment_status":"open","ping_status":"closed","template":"","meta":{"_et_pb_use_builder":"","_et_pb_old_content":"","_et_gb_content_width":""},"product_brand":[],"product_cat":[1497],"product_tag":[1498,1496],"class_list":{"0":"post-16935","1":"product","2":"type-product","3":"status-publish","4":"has-post-thumbnail","6":"product_cat-arm-cylinders","7":"product_tag-arm-cylinders","8":"product_tag-hydraulic-cylinders","10":"first","11":"instock","12":"shipping-taxable","13":"product-type-simple"},"amp_enabled":true,"_links":{"self":[{"href":"https:\/\/www.hydraulic-cylinders.net\/pl\/wp-json\/wp\/v2\/product\/16935","targetHints":{"allow":["GET"]}}],"collection":[{"href":"https:\/\/www.hydraulic-cylinders.net\/pl\/wp-json\/wp\/v2\/product"}],"about":[{"href":"https:\/\/www.hydraulic-cylinders.net\/pl\/wp-json\/wp\/v2\/types\/product"}],"replies":[{"embeddable":true,"href":"https:\/\/www.hydraulic-cylinders.net\/pl\/wp-json\/wp\/v2\/comments?post=16935"}],"wp:featuredmedia":[{"embeddable":true,"href":"https:\/\/www.hydraulic-cylinders.net\/pl\/wp-json\/wp\/v2\/media\/14766"}],"wp:attachment":[{"href":"https:\/\/www.hydraulic-cylinders.net\/pl\/wp-json\/wp\/v2\/media?parent=16935"}],"wp:term":[{"taxonomy":"product_brand","embeddable":true,"href":"https:\/\/www.hydraulic-cylinders.net\/pl\/wp-json\/wp\/v2\/product_brand?post=16935"},{"taxonomy":"product_cat","embeddable":true,"href":"https:\/\/www.hydraulic-cylinders.net\/pl\/wp-json\/wp\/v2\/product_cat?post=16935"},{"taxonomy":"product_tag","embeddable":true,"href":"https:\/\/www.hydraulic-cylinders.net\/pl\/wp-json\/wp\/v2\/product_tag?post=16935"}],"curies":[{"name":"wp","href":"https:\/\/api.w.org\/{rel}","templated":true}]}}