{"id":16938,"date":"2025-01-21T06:14:14","date_gmt":"2025-01-21T06:14:14","guid":{"rendered":"https:\/\/www.hydraulic-cylinders.net\/product\/arm-cylinder-for-xiniu-xnx8\/"},"modified":"2025-01-21T06:14:16","modified_gmt":"2025-01-21T06:14:16","slug":"arm-cylinder-for-xiniu-xnx8","status":"publish","type":"product","link":"https:\/\/www.hydraulic-cylinders.net\/pl\/produkt\/arm-cylinder-for-xiniu-xnx8\/","title":{"rendered":"Si\u0142ownik ramienia do Xiniu XNX8"},"content":{"rendered":"<h2>Si\u0142ownik ramienia do Xiniu XNX8<\/h2>\n<h3>Wst\u0119p<\/h3>\n<p>Si\u0142ownik ramienia to specjalnie zaprojektowany si\u0142ownik hydrauliczny, kt\u00f3ry s\u0142u\u017cy g\u0142\u00f3wnie do zapewnienia ruchu liniowego i zasilania ramion r\u00f3\u017cnych maszyn, takich jak koparki, d\u017awigi i ramiona mechaniczne. Si\u0142owniki ramienia odgrywaj\u0105 kluczow\u0105 rol\u0119 w uk\u0142adach hydraulicznych, umo\u017cliwiaj\u0105c wydajne przemieszczanie i sterowanie do\u0142\u0105czonymi narz\u0119dziami lub akcesoriami. Si\u0142owniki te nie tylko zapewniaj\u0105 p\u0142ynny ruch, ale tak\u017ce wytrzymuj\u0105 du\u017ce obci\u0105\u017cenia, zapewniaj\u0105c wydajn\u0105 prac\u0119 i niezawodno\u015b\u0107 maszyn w r\u00f3\u017cnych warunkach eksploatacyjnych.<\/p>\n<p><img decoding=\"async\" src=\"https:\/\/www.hydraulic-cylinders.net\/wp-content\/uploads\/2025\/01\/songte-company-2.webp\" alt=\"Obraz cylindra ramienia\"><\/p>\n<h3>Cechy<\/h3>\n<ul>\n<li>Wysokowydajna przek\u0142adnia: Cylindry ramienia zapewniaj\u0105 mocny ruch liniowy i si\u0142\u0119, gwarantuj\u0105c wysok\u0105 wydajno\u015b\u0107 ramienia mechanicznego podczas r\u00f3\u017cnych operacji.<\/li>\n<li>Precyzyjna kontrola: Dzi\u0119ki uk\u0142adowi hydraulicznemu si\u0142owniki ramion mog\u0105 uzyska\u0107 precyzyjn\u0105 kontrol\u0119 ruchu, co sprawia, \u017ce \u200b\u200bobs\u0142uga pod\u0142\u0105czonych narz\u0119dzi jest bardziej elastyczna i dok\u0142adna.<\/li>\n<li>Wysoka trwa\u0142o\u015b\u0107: Cylindry ramienia s\u0105 zwykle wykonane z materia\u0142\u00f3w o wysokiej wytrzyma\u0142o\u015bci, kt\u00f3re charakteryzuj\u0105 si\u0119 dobr\u0105 odporno\u015bci\u0105 na zu\u017cycie i korozj\u0119, dzi\u0119ki czemu nadaj\u0105 si\u0119 do d\u0142ugotrwa\u0142ego u\u017cytkowania w trudnych warunkach.<\/li>\n<li>Wielofunkcyjna adaptowalno\u015b\u0107: Te cylindry mo\u017cna szeroko stosowa\u0107 w r\u00f3\u017cnych urz\u0105dzeniach mechanicznych, takich jak koparki, d\u017awigi i ramiona mechaniczne, aby sprosta\u0107 r\u00f3\u017cnym wymaganiom roboczym.<\/li>\n<li>\u0141atwa konserwacja: Podczas projektowania zadbano o \u0142atwo\u015b\u0107 konserwacji i wymiany, dzi\u0119ki czemu regularne kontrole i konserwacje s\u0105 wygodniejsze, a przestoje sprz\u0119tu kr\u00f3tsze.<\/li>\n<\/ul>\n<p>Nasz produkt mo\u017ce doskonale zast\u0105pi\u0107 tego typu si\u0142owniki hydrauliczne.<\/p>\n<p><img decoding=\"async\" src=\"https:\/\/www.hydraulic-cylinders.net\/wp-content\/uploads\/2025\/01\/songte-oil-pipes-and-spare-parts.webp\" alt=\"Obraz produktu\"><\/p>\n<h3>Aplikacje<\/h3>\n<ul>\n<li><strong>In\u017cynieria budowlana:<\/strong> W koparkach i d\u017awigach si\u0142owniki ramieniowe s\u0142u\u017c\u0105 do sterowania ruchem koparki lub wysi\u0119gnika, wykonywania rob\u00f3t ziemnych, przenoszenia materia\u0142\u00f3w i monta\u017cu konstrukcji.<\/li>\n<li><strong>Produkcja:<\/strong> W zautomatyzowanych liniach produkcyjnych si\u0142owniki ramieniowe s\u0142u\u017c\u0105 do poruszania ramionami mechanicznymi podczas proces\u00f3w monta\u017cu, spawania i obs\u0142ugi, co zwi\u0119ksza wydajno\u015b\u0107 i dok\u0142adno\u015b\u0107 produkcji.<\/li>\n<li><strong>Maszyny rolnicze:<\/strong> W maszynach rolniczych, takich jak kombajny i sadzarki, si\u0142owniki ramion steruj\u0105 ruchem ramion roboczych, wykonuj\u0105cych takie zadania, jak siew, nawo\u017cenie i zbi\u00f3r.<\/li>\n<li><strong>G\u00f3rnictwo:<\/strong> W sprz\u0119cie g\u00f3rniczym cylindry ramieniowe s\u0142u\u017c\u0105 do sterowania ruchem ramion sprz\u0119tu g\u00f3rniczego podczas wydobycia i transportu rud.<\/li>\n<li><strong>Logistyka i transport:<\/strong> W w\u00f3zkach wid\u0142owych i robotach prze\u0142adunkowych si\u0142owniki ramion s\u0142u\u017c\u0105 do sterowania podnoszeniem i ruchem wide\u0142, co umo\u017cliwia obs\u0142ug\u0119 i uk\u0142adanie materia\u0142\u00f3w.<\/li>\n<\/ul>\n<h3>Zagadnienia projektowe i kryteria wyboru<\/h3>\n<ul>\n<li><strong>No\u015bno\u015b\u0107:<\/strong> Zdolno\u015b\u0107 do wytrzymania obci\u0105\u017cenia jest istotnym czynnikiem branym pod uwag\u0119 przy projektowaniu si\u0142ownika ramienia, poniewa\u017c si\u0142ownik musi by\u0107 w stanie utrzyma\u0107 ci\u0119\u017car maszyny oraz wszelkich przymocowanych narz\u0119dzi lub akcesori\u00f3w.<\/li>\n<li><strong>Opiecz\u0119towanie:<\/strong> Uszczelnienia odgrywaj\u0105 kluczow\u0105 rol\u0119 w zapobieganiu wyciekom p\u0142ynu i zapewnieniu prawid\u0142owego dzia\u0142ania cylindra. Stosowane s\u0105 r\u00f3\u017cne elementy uszczelniaj\u0105ce, takie jak uszczelki t\u0142oka i t\u0142oczyska, wykonane z materia\u0142\u00f3w odpornych na zu\u017cycie, takich jak poliuretan i kauczuk nitrylowy.<\/li>\n<li><strong>Trwa\u0142o\u015b\u0107:<\/strong> Cylindry ramienia s\u0105 zazwyczaj wykonane z materia\u0142\u00f3w o wysokiej wytrzyma\u0142o\u015bci, takich jak stal lub stop aluminium, a powierzchnia cylindra i pr\u0119ta jest poddawana precyzyjnemu procesowi obr\u00f3bki w celu zwi\u0119kszenia odporno\u015bci na zu\u017cycie i korozj\u0119.<\/li>\n<li><strong>Bezpiecze\u0144stwo:<\/strong> Bezpiecze\u0144stwo jest priorytetem przy projektowaniu si\u0142ownik\u00f3w ramieniowych. Zastosowano takie elementy jak zawory bezpiecze\u0144stwa i blokady bezpiecze\u0144stwa, aby zapobiega\u0107 wypadkom i zapewni\u0107 bezpieczn\u0105 obs\u0142ug\u0119.<\/li>\n<li><strong>Utrzymywalno\u015b\u0107:<\/strong> Konstrukcja si\u0142ownika ramienia powinna by\u0107 \u0142atwa w konserwacji i naprawie, z mo\u017cliwo\u015bci\u0105 dost\u0119pu i wymiany podzespo\u0142\u00f3w, takich jak uszczelnienia i \u0142o\u017cyska, bez konieczno\u015bci demonta\u017cu ca\u0142ego si\u0142ownika. Regularna wymiana oleju hydraulicznego i okresowa konserwacja s\u0105 niezb\u0119dne dla zapewnienia prawid\u0142owego dzia\u0142ania i wyd\u0142u\u017cenia okresu eksploatacji.<\/li>\n<\/ul>\n<p><img decoding=\"async\" src=\"https:\/\/www.hydraulic-cylinders.net\/wp-content\/uploads\/2025\/01\/songte-cylinder-head-with-all-kinds-excavator-models.webp\" alt=\"Projekt obrazu\"><\/p>\n<h3>Uszczelnianie i smarowanie<\/h3>\n<p>R\u00f3\u017cne elementy uszczelniaj\u0105ce, takie jak uszczelki t\u0142oka i t\u0142oczyska, zapobiegaj\u0105 wyciekom cieczy, a materia\u0142y takie jak poliuretan i kauczuk nitrylowy zapewniaj\u0105 odporno\u015b\u0107 na zu\u017cycie. Powierzchnia cylindra i t\u0142oczyska jest poddawana precyzyjnej obr\u00f3bce w celu zwi\u0119kszenia odporno\u015bci na zu\u017cycie i korozj\u0119. Aby zapewni\u0107 prawid\u0142owe smarowanie i wyd\u0142u\u017cy\u0107 \u017cywotno\u015b\u0107 cylindra, nale\u017cy regularnie uzupe\u0142nia\u0107 go odpowiednim olejem hydraulicznym.<\/p>\n<h3>Konserwacja i naprawa<\/h3>\n<ul>\n<li>Regularna kontrola i konserwacja si\u0142ownika ramienia s\u0105 niezb\u0119dne dla zapewnienia prawid\u0142owego dzia\u0142ania i wyd\u0142u\u017cenia jego \u017cywotno\u015bci. Elementy takie jak uszczelnienia i \u0142o\u017cyska nale\u017cy sprawdza\u0107 i w razie potrzeby wymienia\u0107.<\/li>\n<li>Okresowa wymiana oleju hydraulicznego jest konieczna w celu zapewnienia prawid\u0142owego smarowania cylindra.<\/li>\n<li>Nale\u017cy przeprowadza\u0107 konserwacj\u0119 zapobiegawcz\u0105 w celu wykrywania i zapobiegania potencjalnym problemom zanim wyst\u0105pi\u0105 oraz minimalizowania przestoj\u00f3w sprz\u0119tu.<\/li>\n<\/ul>\n<p><img decoding=\"async\" src=\"https:\/\/www.hydraulic-cylinders.net\/wp-content\/uploads\/2025\/01\/songte-chushion-collar.webp\" alt=\"Obraz konserwacyjny\"><\/p>\n<h3>Przewodnik instalacji<\/h3>\n<p>Monta\u017c si\u0142ownika ramienia nale\u017cy przeprowadzi\u0107 zgodnie z instrukcj\u0105 producenta, u\u017cywaj\u0105c odpowiednich narz\u0119dzi i sprz\u0119tu. Si\u0142ownik powinien by\u0107 solidnie zamontowany i prawid\u0142owo wyosiowany, aby zapobiec jego uszkodzeniu i zapewni\u0107 prawid\u0142owe dzia\u0142anie. W\u0119\u017ce hydrauliczne i z\u0142\u0105czki powinny by\u0107 prawid\u0142owo zamontowane, aby zapobiec wyciekom i zapewni\u0107 prawid\u0142owy przep\u0142yw hydrauliczny.<\/p>\n<p><img decoding=\"async\" src=\"https:\/\/www.hydraulic-cylinders.net\/wp-content\/uploads\/2025\/01\/songte-bushings-with-all-kinds-of-excavator-models.webp\" alt=\"Obraz instalacyjny\"><\/p>\n<h3>Bezpiecze\u0144stwo i wzgl\u0119dy \u015brodowiskowe<\/h3>\n<p>Bezpiecze\u0144stwo jest priorytetem podczas u\u017cytkowania sprz\u0119tu hydraulicznego, dlatego nale\u017cy podj\u0105\u0107 odpowiednie \u015brodki bezpiecze\u0144stwa, aby zapobiec wypadkom i obra\u017ceniom. Podczas projektowania i u\u017cytkowania sprz\u0119tu hydraulicznego nale\u017cy r\u00f3wnie\u017c uwzgl\u0119dni\u0107 czynniki \u015brodowiskowe, takie jak temperatura i wilgotno\u015b\u0107, poniewa\u017c mog\u0105 one wp\u0142ywa\u0107 na wydajno\u015b\u0107 i \u017cywotno\u015b\u0107 sprz\u0119tu.<\/p>\n<h3>Rozwi\u0105zywanie problem\u00f3w i typowe problemy<\/h3>\n<ul>\n<li><strong>Niska wydajno\u015b\u0107 cylindra:<\/strong> Mo\u017ce to by\u0107 spowodowane niskim ci\u015bnieniem hydraulicznym lub niewystarczaj\u0105c\u0105 ilo\u015bci\u0105 p\u0142ynu w cylindrze. Nale\u017cy sprawdzi\u0107 uk\u0142ad hydrauliczny i poziom p\u0142ynu oraz w razie potrzeby go wyregulowa\u0107.<\/li>\n<li><strong>Wyciek p\u0142ynu:<\/strong> Mo\u017ce to by\u0107 spowodowane uszkodzonymi lub zu\u017cytymi uszczelkami, lu\u017anymi mocowaniami lub uszkodzonymi elementami cylindra. Uszkodzone elementy nale\u017cy w razie potrzeby naprawi\u0107 lub wymieni\u0107.<\/li>\n<li><strong>Ha\u0142as:<\/strong> Mo\u017ce to by\u0107 spowodowane zu\u017cyciem lub uszkodzeniem podzespo\u0142\u00f3w, nieprawid\u0142owym ustawieniem lub niedostatecznym smarowaniem. Uszkodzone podzespo\u0142y nale\u017cy sprawdzi\u0107 i w razie potrzeby naprawi\u0107 lub wymieni\u0107.<\/li>\n<\/ul>\n<p>W\u0142a\u015bciwa konserwacja i naprawa mog\u0105 pom\u00f3c zapobiec wyst\u0105pieniu tych i innych problem\u00f3w, zapewniaj\u0105c prawid\u0142ow\u0105 prac\u0119 i d\u0142u\u017csz\u0105 \u017cywotno\u015b\u0107 cylindra ramienia.<\/p>\n<p><img decoding=\"async\" src=\"https:\/\/www.hydraulic-cylinders.net\/wp-content\/uploads\/2025\/01\/songte-company-4.webp\" alt=\"Wizerunek firmy\"><br \/>\n<img decoding=\"async\" src=\"https:\/\/www.hydraulic-cylinders.net\/wp-content\/uploads\/2025\/01\/songte-company-3.webp\" alt=\"Wizerunek firmy\"><\/p>\n<h3>O nas<\/h3>\n<p>Jeste\u015bmy profesjonalnym producentem zamiennych cylindr\u00f3w hydraulicznych, oferuj\u0105cym szerok\u0105 gam\u0119 produkt\u00f3w i stali\u015bmy si\u0119 jednym z wiod\u0105cych producent\u00f3w i dystrybutor\u00f3w cylindr\u00f3w hydraulicznych na rynku krajowym i mi\u0119dzynarodowym. Zawsze przestrzegamy zasady doskona\u0142ej jako\u015bci i opieramy si\u0119 na strategii zarz\u0105dzania produkcj\u0105 przemys\u0142ow\u0105 w naszym warsztacie, aby stale podnosi\u0107 poziom techniczny i wydajno\u015b\u0107 produkcji. Wprowadzaj\u0105c wysokiej klasy cyfrowy sprz\u0119t produkcyjny i profesjonalne systemy testowe, stale optymalizujemy nasz\u0105 platform\u0119 produkcyjn\u0105, ulepszamy procesy kontroli jako\u015bci produkt\u00f3w i dysponujemy silnymi mo\u017cliwo\u015bciami innowacyjnymi. Naszym celem jest zaspokajanie zr\u00f3\u017cnicowanych potrzeb naszych klient\u00f3w poprzez wysok\u0105 wydajno\u015b\u0107, dok\u0142adno\u015b\u0107 i przestrzeganie zasad jako\u015bci.<\/p>\n<ul>\n<li><strong>Profesjonalny:<\/strong> Posiadamy profesjonalny zesp\u00f3\u0142 projektant\u00f3w i zesp\u00f3\u0142 produkcyjny, aby zapewni\u0107 klientom wysokiej jako\u015bci us\u0142ugi dostosowane do ich potrzeb.<\/li>\n<li><strong>Certyfikacja mi\u0119dzynarodowa:<\/strong> Posiadamy certyfikaty ISO9001, CE oraz inne mi\u0119dzynarodowe certyfikaty, kt\u00f3re gwarantuj\u0105 jako\u015b\u0107 naszych produkt\u00f3w i us\u0142ug.<\/li>\n<li><strong>Us\u0142uga dostosowana do potrzeb:<\/strong> Zapewniamy naszym klientom us\u0142ugi dostosowane do ich indywidualnych potrzeb, oferuj\u0105c rozwi\u0105zania dostosowane do ich konkretnych wymaga\u0144.<\/li>\n<li><strong>Sprz\u0119t produkcyjny:<\/strong> Posiadamy zaawansowany sprz\u0119t produkcyjny, taki jak maszyny CNC, roboty spawalnicze i systemy testowe, co gwarantuje jako\u015b\u0107 i sp\u00f3jno\u015b\u0107 naszych produkt\u00f3w.<\/li>\n<li><strong>Serwis posprzeda\u017cowy:<\/strong> Zapewniamy kompleksow\u0105 obs\u0142ug\u0119 posprzeda\u017cow\u0105, obejmuj\u0105c\u0105 wsparcie techniczne, konserwacj\u0119 produkt\u00f3w i naprawy, aby zagwarantowa\u0107 satysfakcj\u0119 klienta.<\/li>\n<\/ul>\n<p>Chcemy nawi\u0105za\u0107 d\u0142ugofalow\u0105 wsp\u00f3\u0142prac\u0119 z naszymi klientami i dostarcza\u0107 im produkty i us\u0142ugi najwy\u017cszej jako\u015bci.<\/p>\n<p>Autor: lyl.<\/p>","protected":false},"excerpt":{"rendered":"<p>Arm Cylinder For Xiniu XNX8 Introduction An arm cylinder is a specially designed hydraulic cylinder that is mainly used to provide linear motion and power to the arms of various machinery, such as excavators, cranes, and mechanical arms. Arm cylinders play a critical role in hydraulic systems, enabling attached tools or accessories to be efficiently [&hellip;]<\/p>","protected":false},"featured_media":14786,"comment_status":"open","ping_status":"closed","template":"","meta":{"_et_pb_use_builder":"","_et_pb_old_content":"","_et_gb_content_width":""},"product_brand":[],"product_cat":[1497],"product_tag":[1498,1496],"class_list":{"0":"post-16938","1":"product","2":"type-product","3":"status-publish","4":"has-post-thumbnail","6":"product_cat-arm-cylinders","7":"product_tag-arm-cylinders","8":"product_tag-hydraulic-cylinders","10":"first","11":"instock","12":"shipping-taxable","13":"product-type-simple"},"amp_enabled":true,"_links":{"self":[{"href":"https:\/\/www.hydraulic-cylinders.net\/pl\/wp-json\/wp\/v2\/product\/16938","targetHints":{"allow":["GET"]}}],"collection":[{"href":"https:\/\/www.hydraulic-cylinders.net\/pl\/wp-json\/wp\/v2\/product"}],"about":[{"href":"https:\/\/www.hydraulic-cylinders.net\/pl\/wp-json\/wp\/v2\/types\/product"}],"replies":[{"embeddable":true,"href":"https:\/\/www.hydraulic-cylinders.net\/pl\/wp-json\/wp\/v2\/comments?post=16938"}],"wp:featuredmedia":[{"embeddable":true,"href":"https:\/\/www.hydraulic-cylinders.net\/pl\/wp-json\/wp\/v2\/media\/14786"}],"wp:attachment":[{"href":"https:\/\/www.hydraulic-cylinders.net\/pl\/wp-json\/wp\/v2\/media?parent=16938"}],"wp:term":[{"taxonomy":"product_brand","embeddable":true,"href":"https:\/\/www.hydraulic-cylinders.net\/pl\/wp-json\/wp\/v2\/product_brand?post=16938"},{"taxonomy":"product_cat","embeddable":true,"href":"https:\/\/www.hydraulic-cylinders.net\/pl\/wp-json\/wp\/v2\/product_cat?post=16938"},{"taxonomy":"product_tag","embeddable":true,"href":"https:\/\/www.hydraulic-cylinders.net\/pl\/wp-json\/wp\/v2\/product_tag?post=16938"}],"curies":[{"name":"wp","href":"https:\/\/api.w.org\/{rel}","templated":true}]}}