{"id":16943,"date":"2025-01-21T06:14:33","date_gmt":"2025-01-21T06:14:33","guid":{"rendered":"https:\/\/www.hydraulic-cylinders.net\/product\/arm-cylinder-for-kato-small-excavator-hd900-5-7\/"},"modified":"2025-01-21T06:14:35","modified_gmt":"2025-01-21T06:14:35","slug":"arm-cylinder-for-kato-small-excavator-hd900-5-7","status":"publish","type":"product","link":"https:\/\/www.hydraulic-cylinders.net\/pl\/produkt\/arm-cylinder-for-kato-small-excavator-hd900-5-7\/","title":{"rendered":"Si\u0142ownik ramienia do ma\u0142ej koparki Kato HD900-5-7"},"content":{"rendered":"<p>Si\u0142ownik ramienia do ma\u0142ej koparki Kato HD900-5-7<\/p>\n<p>Si\u0142ownik ramienia to specjalnie zaprojektowany si\u0142ownik hydrauliczny, kt\u00f3ry zapewnia ruch liniowy i moc ramienia r\u00f3\u017cnego rodzaju maszyn, takich jak koparki, d\u017awigi i manipulatory. Si\u0142owniki ramienia odgrywaj\u0105 kluczow\u0105 rol\u0119 w uk\u0142adach hydraulicznych, umo\u017cliwiaj\u0105c efektywny ruch i sterowanie dodatkowymi narz\u0119dziami lub osprz\u0119tem. Si\u0142owniki te nie tylko zapewniaj\u0105 p\u0142ynny ruch, ale tak\u017ce wytrzymuj\u0105 du\u017ce obci\u0105\u017cenia, gwarantuj\u0105c wydajn\u0105 prac\u0119 i niezawodno\u015b\u0107 maszyn w r\u00f3\u017cnych warunkach pracy.<\/p>\n<p><img decoding=\"async\" src=\"https:\/\/www.hydraulic-cylinders.net\/wp-content\/uploads\/2025\/01\/songte-company-2.webp\"><\/p>\n<p>Cechy cylindra ramienia:<\/p>\n<p>1. Wysokowydajna przek\u0142adnia: si\u0142ownik ramienia zapewnia mocny ruch liniowy i si\u0142\u0119, gwarantuj\u0105c wysok\u0105 wydajno\u015b\u0107 ramion maszyny podczas r\u00f3\u017cnych operacji.<\/p>\n<p>2. Precyzyjna kontrola: Dzi\u0119ki uk\u0142adowi hydraulicznemu si\u0142owniki ramion zapewniaj\u0105 precyzyjn\u0105 kontrol\u0119 ruchu, co sprawia, \u017ce \u200b\u200bobs\u0142uga dodatkowych narz\u0119dzi jest bardziej elastyczna i dok\u0142adna.<\/p>\n<p>3. Wysoka trwa\u0142o\u015b\u0107: Cylindry ramienia s\u0105 zazwyczaj wykonane z materia\u0142\u00f3w o wysokiej wytrzyma\u0142o\u015bci, charakteryzuj\u0105cych si\u0119 dobr\u0105 odporno\u015bci\u0105 na zu\u017cycie i korozj\u0119, dzi\u0119ki czemu nadaj\u0105 si\u0119 do d\u0142ugotrwa\u0142ego u\u017cytkowania w trudnych warunkach.<\/p>\n<p>4. Wszechstronno\u015b\u0107: Cylindry te mo\u017cna szeroko stosowa\u0107 w r\u00f3\u017cnych urz\u0105dzeniach mechanicznych, takich jak koparki, d\u017awigi i manipulatory, aby sprosta\u0107 zr\u00f3\u017cnicowanym wymaganiom roboczym.<\/p>\n<p>5. \u0141atwa konserwacja: Projektanci uwzgl\u0119dnili \u0142atwo\u015b\u0107 konserwacji i wymiany, dzi\u0119ki czemu regularne kontrole i konserwacje s\u0105 wygodniejsze, a przestoje sprz\u0119tu skr\u00f3cone.<\/p>\n<p>Nasz produkt mo\u017ce doskonale zast\u0105pi\u0107 tego typu si\u0142owniki hydrauliczne.<\/p>\n<p><img decoding=\"async\" src=\"https:\/\/www.hydraulic-cylinders.net\/wp-content\/uploads\/2025\/01\/songte-oil-pipes-and-spare-parts.webp\"><\/p>\n<p>Zastosowanie cylindra ramienia:<\/p>\n<p>1. In\u017cynieria budowlana: W koparkach i d\u017awigach si\u0142owniki ramieniowe s\u0142u\u017c\u0105 do sterowania ruchem \u0142y\u017cek lub wysi\u0119gnik\u00f3w podczas prac ziemnych, przenoszenia materia\u0142\u00f3w i monta\u017cu konstrukcji.<\/p>\n<p>2. Przemys\u0142 wytw\u00f3rczy: W zautomatyzowanych liniach produkcyjnych cylindry ramieniowe s\u0105 wykorzystywane do poruszania manipulatorami, np. podczas monta\u017cu, spawania i przenoszenia, w celu zwi\u0119kszenia wydajno\u015bci i dok\u0142adno\u015bci produkcji.<\/p>\n<p>3. Maszyny rolnicze: W maszynach rolniczych, takich jak kombajny i siewniki, si\u0142owniki ramienia steruj\u0105 ruchem ramienia roboczego, wykonuj\u0105cego zadania takie jak sadzenie, nawo\u017cenie i zbi\u00f3r.<\/p>\n<p>4. G\u00f3rnictwo: W sprz\u0119cie g\u00f3rniczym cylindry ramieniowe s\u0142u\u017c\u0105 do sterowania ruchem ramienia sprz\u0119tu g\u00f3rniczego, s\u0142u\u017c\u0105cego do wydobycia i transportu rud.<\/p>\n<p>5. Logistyka i transport: W w\u00f3zkach wid\u0142owych i robotach prze\u0142adunkowych si\u0142owniki ramion s\u0142u\u017c\u0105 do sterowania podnoszeniem i ruchem wide\u0142 w celu umo\u017cliwienia przenoszenia materia\u0142\u00f3w i ich uk\u0142adania.<\/p>\n<p>Zagadnienia projektowe i kryteria wyboru cylindra ramienia:<\/p>\n<p>1. No\u015bno\u015b\u0107: Konstrukcja cylindra ramienia uwzgl\u0119dnia no\u015bno\u015b\u0107 cylindra, kt\u00f3ra okre\u015bla maksymalne obci\u0105\u017cenie, jakie mo\u017ce on wytrzyma\u0107.<\/p>\n<p>2. Uszczelnienie: W cylindrze zastosowano r\u00f3\u017cne elementy uszczelniaj\u0105ce, takie jak uszczelki t\u0142oka i uszczelki t\u0142oczyska, kt\u00f3re wykonane s\u0105 z materia\u0142\u00f3w odpornych na zu\u017cycie, takich jak poliuretan i kauczuk nitrylowy.<\/p>\n<p>3. Trwa\u0142o\u015b\u0107: Korpus cylindra i powierzchnia ko\u0144cowa gwintu s\u0105 precyzyjnie obrabiane w celu zwi\u0119kszenia odporno\u015bci na zu\u017cycie, a cylinder jest zwykle wykonany z materia\u0142\u00f3w o wysokiej wytrzyma\u0142o\u015bci, aby zapewni\u0107 trwa\u0142o\u015b\u0107.<\/p>\n<p>4. Bezpiecze\u0144stwo: Konstrukcja cylindra ramienia uwzgl\u0119dnia bezpiecze\u0144stwo jego dzia\u0142ania, np. zastosowanie urz\u0105dze\u0144 buforuj\u0105cych zapobiegaj\u0105cych uszkodzeniom spowodowanym uderzeniem.<\/p>\n<p>5. Konserwacja: Konstrukcja cylindra ramienia uwzgl\u0119dnia konserwacj\u0119 i wymian\u0119 jego element\u00f3w, zapewniaj\u0105c \u0142atwy dost\u0119p do g\u0142owicy cylindra i t\u0142oka.<\/p>\n<p><img decoding=\"async\" src=\"https:\/\/www.hydraulic-cylinders.net\/wp-content\/uploads\/2025\/01\/songte-cylinder-head-with-all-kinds-excavator-models.webp\"><\/p>\n<p>Uszczelnienie i smarowanie cylindra ramienia:<\/p>\n<p>W si\u0142ownikach ramieniowych zastosowano r\u00f3\u017cne elementy uszczelniaj\u0105ce, takie jak uszczelnienia t\u0142oczysk i t\u0142oczysk, wykonane z materia\u0142\u00f3w odpornych na zu\u017cycie, takich jak poliuretan i kauczuk nitrylowy. Korpus si\u0142ownika i powierzchnia gwintu s\u0105 precyzyjnie obrobione w celu zwi\u0119kszenia odporno\u015bci na zu\u017cycie. Aby zapewni\u0107 p\u0142ynn\u0105 prac\u0119 si\u0142ownika, wymagane jest regularne smarowanie olejem hydraulicznym.<\/p>\n<p>Regularne kontrole i \u015brodki konserwacji zapobiegawczej:<\/p>\n<p>Regularna kontrola cylindra mo\u017ce pom\u00f3c wykry\u0107 potencjalne problemy i zapobiec ich rozwojowi w powa\u017cniejsze awarie. Do typowych problem\u00f3w z cylindrem ramienia nale\u017c\u0105 nieszczelno\u015b\u0107 cylindra i uszkodzenie uszczelnienia t\u0142oczyska. Regularna konserwacja i wymiana uszczelnie\u0144 mo\u017ce pom\u00f3c zapobiec tym problemom.<\/p>\n<p>Instrukcja monta\u017cu cylindra ramienia:<\/p>\n<p>1. Upewnij si\u0119, \u017ce uk\u0142ad hydrauliczny jest wy\u0142\u0105czony i ci\u015bnienie zosta\u0142o uwolnione.<\/p>\n<p>2. Zamontuj cylinder zgodnie z instrukcj\u0105 monta\u017cu dostarczon\u0105 przez producenta.<\/p>\n<p>3. Pod\u0142\u0105cz przewody hydrauliczne zgodnie z oznaczeniami na przewodach.<\/p>\n<p>4. Sprawd\u017a szczelno\u015b\u0107 cylindra i upewnij si\u0119, \u017ce dzia\u0142a prawid\u0142owo.<\/p>\n<p><img decoding=\"async\" src=\"https:\/\/www.hydraulic-cylinders.net\/wp-content\/uploads\/2025\/01\/songte-bushings-with-all-kinds-of-excavator-models.webp\"><\/p>\n<p>Zagadnienia bezpiecze\u0144stwa i czynniki \u015brodowiskowe dotycz\u0105ce cylindra ramieniowego:<\/p>\n<p>Obs\u0142uga si\u0142ownika ramienia wymaga stosowania \u015bcis\u0142ych \u015brodk\u00f3w bezpiecze\u0144stwa, aby zapobiec wypadkom. Operatorzy powinni by\u0107 przeszkoleni w zakresie bezpiecznej i efektywnej obs\u0142ugi maszyny. Podczas pracy nale\u017cy r\u00f3wnie\u017c uwzgl\u0119dni\u0107 czynniki \u015brodowiskowe, takie jak temperatura i wilgotno\u015b\u0107, aby zapewni\u0107 prawid\u0142owe dzia\u0142anie uk\u0142adu hydraulicznego.<\/p>\n<p>Rozwi\u0105zywanie problem\u00f3w i typowe usterki cylindra ramienia:<\/p>\n<p>Do typowych problem\u00f3w z si\u0142ownikiem ramienia nale\u017c\u0105 nieszczelno\u015b\u0107 si\u0142ownika, uszkodzenie uszczelnienia t\u0142oczyska oraz nietypowy ha\u0142as podczas pracy. Aby rozwi\u0105za\u0107 te problemy, nale\u017cy sprawdzi\u0107 si\u0142ownik pod k\u0105tem uszkodze\u0144 i w razie potrzeby wymieni\u0107 uszczelki lub inne elementy. Regularna konserwacja i przegl\u0105dy mog\u0105 pom\u00f3c zapobiec wyst\u0105pieniu tych problem\u00f3w.<\/p>\n<p><img decoding=\"async\" src=\"https:\/\/www.hydraulic-cylinders.net\/wp-content\/uploads\/2025\/01\/songte-chushion-collar.webp\"><\/p>\n<p>Jeste\u015bmy profesjonalnym producentem zamiennych cylindr\u00f3w hydraulicznych, oferuj\u0105cym szerok\u0105 gam\u0119 produkt\u00f3w. Stali\u015bmy si\u0119 jednym z wiod\u0105cych producent\u00f3w i dystrybutor\u00f3w cylindr\u00f3w hydraulicznych na rynku krajowym i zagranicznym. Zawsze przestrzegamy zasady doskona\u0142ej jako\u015bci, opieraj\u0105c si\u0119 na strategii przemys\u0142owego zarz\u0105dzania produkcj\u0105, w tym na precyzyjnym warsztacie produkcyjnym, aby stale podnosi\u0107 poziom techniczny i wydajno\u015b\u0107 produkcji. Dzi\u0119ki wprowadzaniu wysokiej klasy cyfrowego sprz\u0119tu produkcyjnego i profesjonalnych system\u00f3w kontroli, stale optymalizujemy nasz\u0105 platform\u0119 produkcyjn\u0105, usprawniamy proces kontroli jako\u015bci produkt\u00f3w i dysponujemy du\u017cym potencja\u0142em innowacyjnym. Naszym celem jest zaspokajanie zr\u00f3\u017cnicowanych potrzeb klient\u00f3w poprzez wydajno\u015b\u0107, dok\u0142adno\u015b\u0107 i wysok\u0105 jako\u015b\u0107.<\/p>\n<p>Oferujemy profesjonalne us\u0142ugi, mi\u0119dzynarodowe certyfikaty, us\u0142ugi dostosowane do potrzeb klienta, sprz\u0119t produkcyjny i us\u0142ugi posprzeda\u017cowe. <\/p>\n<p><img decoding=\"async\" src=\"https:\/\/www.hydraulic-cylinders.net\/wp-content\/uploads\/2025\/01\/songte-company-4.webp\"> <img decoding=\"async\" src=\"https:\/\/www.hydraulic-cylinders.net\/wp-content\/uploads\/2025\/01\/songte-company-3.webp\"><\/p>\n<p>Autor: lyl<\/p>","protected":false},"excerpt":{"rendered":"<p>Arm Cylinder For Kato Small Excavator HD900-5-7 Arm cylinder is a specifically designed hydraulic cylinder that provides linear motion and power to the arm of various types of machinery, such as excavators, cranes, and manipulators. Arm cylinders play a crucial role in hydraulic systems, allowing for effective movement and control of additional tools or attachments. [&hellip;]<\/p>","protected":false},"featured_media":14772,"comment_status":"open","ping_status":"closed","template":"","meta":{"_et_pb_use_builder":"","_et_pb_old_content":"","_et_gb_content_width":""},"product_brand":[],"product_cat":[1497],"product_tag":[1498,1496],"class_list":{"0":"post-16943","1":"product","2":"type-product","3":"status-publish","4":"has-post-thumbnail","6":"product_cat-arm-cylinders","7":"product_tag-arm-cylinders","8":"product_tag-hydraulic-cylinders","10":"first","11":"instock","12":"shipping-taxable","13":"product-type-simple"},"amp_enabled":true,"_links":{"self":[{"href":"https:\/\/www.hydraulic-cylinders.net\/pl\/wp-json\/wp\/v2\/product\/16943","targetHints":{"allow":["GET"]}}],"collection":[{"href":"https:\/\/www.hydraulic-cylinders.net\/pl\/wp-json\/wp\/v2\/product"}],"about":[{"href":"https:\/\/www.hydraulic-cylinders.net\/pl\/wp-json\/wp\/v2\/types\/product"}],"replies":[{"embeddable":true,"href":"https:\/\/www.hydraulic-cylinders.net\/pl\/wp-json\/wp\/v2\/comments?post=16943"}],"wp:featuredmedia":[{"embeddable":true,"href":"https:\/\/www.hydraulic-cylinders.net\/pl\/wp-json\/wp\/v2\/media\/14772"}],"wp:attachment":[{"href":"https:\/\/www.hydraulic-cylinders.net\/pl\/wp-json\/wp\/v2\/media?parent=16943"}],"wp:term":[{"taxonomy":"product_brand","embeddable":true,"href":"https:\/\/www.hydraulic-cylinders.net\/pl\/wp-json\/wp\/v2\/product_brand?post=16943"},{"taxonomy":"product_cat","embeddable":true,"href":"https:\/\/www.hydraulic-cylinders.net\/pl\/wp-json\/wp\/v2\/product_cat?post=16943"},{"taxonomy":"product_tag","embeddable":true,"href":"https:\/\/www.hydraulic-cylinders.net\/pl\/wp-json\/wp\/v2\/product_tag?post=16943"}],"curies":[{"name":"wp","href":"https:\/\/api.w.org\/{rel}","templated":true}]}}