{"id":16947,"date":"2025-01-21T06:14:49","date_gmt":"2025-01-21T06:14:49","guid":{"rendered":"https:\/\/www.hydraulic-cylinders.net\/product\/arm-cylinder-for-kato-small-excavator-hd700-2-5-7\/"},"modified":"2025-01-21T06:14:51","modified_gmt":"2025-01-21T06:14:51","slug":"arm-cylinder-for-kato-small-excavator-hd700-2-5-7","status":"publish","type":"product","link":"https:\/\/www.hydraulic-cylinders.net\/pl\/produkt\/arm-cylinder-for-kato-small-excavator-hd700-2-5-7\/","title":{"rendered":"Si\u0142ownik ramienia do ma\u0142ej koparki Kato HD700-2-5-7"},"content":{"rendered":"<p><!DOCTYPE html><br \/>\n<html><br \/>\n<head><br \/>\n<title>Si\u0142ownik ramienia do ma\u0142ej koparki Kato HD700-2-5-7<\/title><br \/>\n<\/head><br \/>\n<body><\/p>\n<h1>Si\u0142ownik ramienia do ma\u0142ej koparki Kato HD700-2-5-7<\/h1>\n<h2>Definicja i wyja\u015bnienie<\/h2>\n<p>Si\u0142ownik ramienia to specjalnie zaprojektowany si\u0142ownik hydrauliczny, kt\u00f3ry zapewnia ruch liniowy i zasilanie ramienia r\u00f3\u017cnych maszyn, takich jak koparki, d\u017awigi i ramiona robot\u00f3w. Si\u0142ownik ramienia odgrywa kluczow\u0105 rol\u0119 w uk\u0142adach hydraulicznych, umo\u017cliwiaj\u0105c sprawny ruch i sterowanie dodatkowymi narz\u0119dziami lub osprz\u0119tem. Si\u0142owniki te nie tylko zapewniaj\u0105 p\u0142ynny ruch, ale tak\u017ce wytrzymuj\u0105 du\u017ce obci\u0105\u017cenia, gwarantuj\u0105c wydajn\u0105 prac\u0119 i niezawodno\u015b\u0107 maszyn w r\u00f3\u017cnych warunkach pracy.<\/p>\n<p><img decoding=\"async\" src=\"https:\/\/www.hydraulic-cylinders.net\/wp-content\/uploads\/2025\/01\/songte-company-2.webp\" alt=\"Obraz cylindra ramienia\"><\/p>\n<h2>Cechy<\/h2>\n<ul>\n<li>\n<h3>Wysoka wydajno\u015b\u0107 transmisji<\/h3>\n<p>Cylinder ramienia zapewnia mocny ruch liniowy i si\u0142\u0119, gwarantuj\u0105c wysok\u0105 wydajno\u015b\u0107 ramienia robota w r\u00f3\u017cnych operacjach.<\/p>\n<\/li>\n<li>\n<h3>Precyzyjna kontrola<\/h3>\n<p>Dzi\u0119ki uk\u0142adowi hydraulicznemu si\u0142ownik ramienia zapewnia precyzyjn\u0105 kontrol\u0119 ruchu, co sprawia, \u017ce \u200b\u200bpraca zamocowanym narz\u0119dziem jest bardziej elastyczna i dok\u0142adna.<\/p>\n<\/li>\n<li>\n<h3>Trwa\u0142o\u015b\u0107<\/h3>\n<p>Cylinder ramienia jest zazwyczaj wykonany z materia\u0142\u00f3w o wysokiej wytrzyma\u0142o\u015bci, zapewniaj\u0105cych doskona\u0142\u0105 odporno\u015b\u0107 na zu\u017cycie i korozj\u0119, dzi\u0119ki czemu nadaje si\u0119 do d\u0142ugotrwa\u0142ego u\u017cytkowania w trudnych warunkach.<\/p>\n<\/li>\n<li>\n<h3>Wielofunkcyjna adaptowalno\u015b\u0107<\/h3>\n<p>Tego typu cylindry mo\u017cna powszechnie stosowa\u0107 w r\u00f3\u017cnych typach maszyn, takich jak koparki, d\u017awigi i ramiona robotyczne, aby sprosta\u0107 r\u00f3\u017cnorodnym potrzebom operacyjnym.<\/p>\n<\/li>\n<li>\n<h3>\u0141atwa konserwacja<\/h3>\n<p>Konstrukcja cylindra ramienia uwzgl\u0119dnia \u0142atwo\u015b\u0107 konserwacji i wymiany, dzi\u0119ki czemu regularne kontrole i konserwacje staj\u0105 si\u0119 wygodniejsze, a przestoje sprz\u0119tu skr\u00f3cone.<\/p>\n<\/li>\n<\/ul>\n<p><img decoding=\"async\" src=\"https:\/\/www.hydraulic-cylinders.net\/wp-content\/uploads\/2025\/01\/songte-oil-pipes-and-spare-parts.webp\" alt=\"Obraz produktu\"><\/p>\n<h2>Aplikacje<\/h2>\n<ul>\n<li>\n<h3>In\u017cynieria budowlana<\/h3>\n<p>W koparkach i d\u017awigach si\u0142ownik ramienia s\u0142u\u017cy do sterowania ruchem \u0142y\u017cek lub wysi\u0119gnik\u00f3w podczas rob\u00f3t ziemnych, przenoszenia materia\u0142\u00f3w i instalacji konstrukcyjnych.<\/p>\n<\/li>\n<li>\n<h3>Przemys\u0142 wytw\u00f3rczy<\/h3>\n<p>W zautomatyzowanych liniach produkcyjnych si\u0142ownik ramienia jest stosowany do poruszania ramionami robota w procesach takich jak monta\u017c, spawanie i obs\u0142uga materia\u0142\u00f3w, co zwi\u0119ksza wydajno\u015b\u0107 i precyzj\u0119 produkcji.<\/p>\n<\/li>\n<li>\n<h3>Maszyny rolnicze<\/h3>\n<p>W sprz\u0119cie rolniczym, takim jak kombajny i sadzarki, si\u0142ownik ramienia steruje ruchem ramion roboczych podczas wykonywania takich zada\u0144, jak siew, nawo\u017cenie i zbi\u00f3r.<\/p>\n<\/li>\n<li>\n<h3>G\u00f3rnictwo<\/h3>\n<p>W sprz\u0119cie g\u00f3rniczym si\u0142ownik ramienia s\u0142u\u017cy do sterowania ruchem ramienia maszyn g\u00f3rniczych s\u0142u\u017c\u0105cych do wydobywania i transportu rudy.<\/p>\n<\/li>\n<li>\n<h3>Logistyka i transport<\/h3>\n<p>W w\u00f3zkach wid\u0142owych i robotach prze\u0142adunkowych si\u0142ownik ramienia s\u0142u\u017cy do sterowania podnoszeniem i ruchem wide\u0142, umo\u017cliwiaj\u0105c przenoszenie i uk\u0142adanie materia\u0142\u00f3w.<\/p>\n<\/li>\n<\/ul>\n<h2>Zagadnienia projektowe i kryteria wyboru<\/h2>\n<ul>\n<li>\n<h3>No\u015bno\u015b\u0107<\/h3>\n<p>No\u015bno\u015b\u0107 cylindra ramienia jest kluczowym parametrem konstrukcyjnym, kt\u00f3ry gwarantuje, \u017ce rami\u0119 b\u0119dzie w stanie bezpiecznie i wydajnie obs\u0142ugiwa\u0107 zamierzone obci\u0105\u017cenia.<\/p>\n<\/li>\n<li>\n<h3>Opiecz\u0119towanie<\/h3>\n<p>W si\u0142owniku ramienia zastosowano r\u00f3\u017cne elementy uszczelniaj\u0105ce, takie jak uszczelnienia t\u0142oka i t\u0142oczyska. Uszczelnienia te wykonane s\u0105 z materia\u0142\u00f3w odpornych na zu\u017cycie, takich jak poliuretan i kauczuk nitrylowy. Korpus si\u0142ownika i gwintowane powierzchnie ko\u0144cowe poddawane s\u0105 precyzyjnej obr\u00f3bce w celu zwi\u0119kszenia odporno\u015bci na zu\u017cycie. Aby zapewni\u0107 prawid\u0142owe smarowanie, konieczne jest regularne smarowanie olejem hydraulicznym.<\/p>\n<\/li>\n<\/ul>\n<p><img decoding=\"async\" src=\"https:\/\/www.hydraulic-cylinders.net\/wp-content\/uploads\/2025\/01\/songte-cylinder-head-with-all-kinds-excavator-models.webp\" alt=\"Obraz produktu\"><\/p>\n<h2>Regularne kontrole i konserwacja zapobiegawcza<\/h2>\n<ul>\n<li>\n<h3>Regularna kontrola<\/h3>\n<p>Regularnie przeprowadzaj kontrole pod k\u0105tem nieprawid\u0142owo\u015bci, wyciek\u00f3w lub zu\u017cycia cylindra ramienia. Sprawd\u017a uszczelki, pr\u0119ty i inne elementy pod k\u0105tem uszkodze\u0144 lub zu\u017cycia.<\/p>\n<\/li>\n<li>\n<h3>Konserwacja zapobiegawcza<\/h3>\n<p>Wdra\u017caj \u015brodki konserwacji zapobiegawczej, obejmuj\u0105ce odpowiednie smarowanie, wymian\u0119 zu\u017cytych uszczelek lub podzespo\u0142\u00f3w oraz niezw\u0142ocznie zajmuj si\u0119 wszelkimi zidentyfikowanymi problemami, aby zminimalizowa\u0107 potencjalne problemy.<\/p>\n<\/li>\n<\/ul>\n<h2>Instrukcja instalacji produktu<\/h2>\n<p>Aby prawid\u0142owo zamontowa\u0107 cylinder ramienia, nale\u017cy wykona\u0107 nast\u0119puj\u0105ce czynno\u015bci:<\/p>\n<ol>\n<li>Upewnij si\u0119, \u017ce koparka jest bezpiecznie podparta, a uk\u0142ad hydrauliczny jest pozbawiony ci\u015bnienia.<\/li>\n<li>Zdejmij istniej\u0105cy cylinder ramienia, je\u015bli ma to zastosowanie.<\/li>\n<li>Umie\u015b\u0107 nowy cylinder ramienia na miejscu, wyr\u00f3wnuj\u0105c otwory monta\u017cowe.<\/li>\n<li>Solidnie zamocuj cylinder za pomoc\u0105 odpowiednich \u015brub lub ko\u0142k\u00f3w.<\/li>\n<li>Pod\u0142\u0105cz przewody lub rury hydrauliczne do cylindra, zapewniaj\u0105c odpowiednie uszczelnienie.<\/li>\n<li>Przeprowad\u017a dok\u0142adn\u0105 kontrol\u0119, aby upewni\u0107 si\u0119, \u017ce instalacja zosta\u0142a wykonana prawid\u0142owo.<\/li>\n<\/ol>\n<p><img decoding=\"async\" src=\"https:\/\/www.hydraulic-cylinders.net\/wp-content\/uploads\/2025\/01\/songte-bushings-with-all-kinds-of-excavator-models.webp\" alt=\"Obraz produktu\"><\/p>\n<h2>Zagadnienia bezpiecze\u0144stwa i czynniki \u015brodowiskowe<\/h2>\n<p>Podczas korzystania z si\u0142ownika ramienia nale\u017cy bezwzgl\u0119dnie przestrzega\u0107 odpowiednich \u015brodk\u00f3w bezpiecze\u0144stwa, aby zapobiec wypadkom i zapewni\u0107 bezpiecze\u0144stwo w miejscu pracy. Nale\u017cy wzi\u0105\u0107 pod uwag\u0119 nast\u0119puj\u0105ce kwestie:<\/p>\n<ul>\n<li>Podczas pracy z cylindrem ramienia lub w jego pobli\u017cu nale\u017cy nosi\u0107 odpowiedni sprz\u0119t ochrony osobistej (PPE).<\/li>\n<li>Przestrzeganie wszystkich wytycznych i przepis\u00f3w bezpiecze\u0144stwa odnosz\u0105cych si\u0119 do maszyn i urz\u0105dze\u0144.<\/li>\n<li>W\u0142a\u015bciwe przeszkolenie i edukacja personelu w zakresie bezpiecznej obs\u0142ugi maszyn.<\/li>\n<li>Zapewnienie w\u0142a\u015bciwej utylizacji wszelkich materia\u0142\u00f3w niebezpiecznych i odpad\u00f3w wytworzonych podczas konserwacji lub wymiany.<\/li>\n<\/ul>\n<h2>Rozwi\u0105zywanie problem\u00f3w i typowe problemy<\/h2>\n<p>Typowe problemy i metody ich rozwi\u0105zywania zwi\u0105zane z cylindrem ramienia:<\/p>\n<ul>\n<li>\n<h3>Przeciek<\/h3>\n<p>W przypadku wycieku p\u0142ynu hydraulicznego nale\u017cy sprawdzi\u0107 uszczelki i po\u0142\u0105czenia pod k\u0105tem uszkodze\u0144 i lu\u017anych po\u0142\u0105cze\u0144. Wymie\u0144 uszkodzone uszczelki i dokr\u0119\u0107 lu\u017ane po\u0142\u0105czenia.<\/p>\n<\/li>\n<li>\n<h3>Powolny lub niesp\u00f3jny ruch<\/h3>\n<p>Je\u015bli si\u0142ownik ramienia porusza si\u0119 powoli lub nier\u00f3wnomiernie, nale\u017cy sprawdzi\u0107 uk\u0142ad hydrauliczny pod k\u0105tem ewentualnych zator\u00f3w, niskiego poziomu p\u0142ynu lub niesprawnych zawor\u00f3w. Nale\u017cy podj\u0105\u0107 odpowiednie kroki w celu rozwi\u0105zania zidentyfikowanych problem\u00f3w.<\/p>\n<\/li>\n<\/ul>\n<p><img decoding=\"async\" src=\"https:\/\/www.hydraulic-cylinders.net\/wp-content\/uploads\/2025\/01\/songte-chushion-collar.webp\" alt=\"Obraz produktu\"><\/p>\n<p>Pami\u0119taj, aby artyku\u0142 by\u0142 logicznie uporz\u0105dkowany, u\u017cywaj podtytu\u0142\u00f3w u\u0142atwiaj\u0105cych nawigacj\u0119, dodawaj odpowiednie obrazy i wykresy, aby u\u0142atwi\u0107 zrozumienie, a tak\u017ce zadbaj o to, aby tre\u015b\u0107 by\u0142a przejrzysta, zwi\u0119z\u0142a i odpowiednia dla czytelnik\u00f3w o r\u00f3\u017cnym poziomie wiedzy technicznej.<\/p>\n<h2>O nas<\/h2>\n<p><img decoding=\"async\" src=\"https:\/\/www.hydraulic-cylinders.net\/wp-content\/uploads\/2025\/01\/songte-company-4.webp\" alt=\"Wizerunek firmy\"><br \/>\n<img decoding=\"async\" src=\"https:\/\/www.hydraulic-cylinders.net\/wp-content\/uploads\/2025\/01\/songte-company-3.webp\" alt=\"Wizerunek firmy\"><\/p>\n<p>Jeste\u015bmy profesjonalnym producentem zamiennych cylindr\u00f3w hydraulicznych, oferuj\u0105cym szerok\u0105 gam\u0119 produkt\u00f3w. Stali\u015bmy si\u0119 jednym z wiod\u0105cych producent\u00f3w i hurtowych dystrybutor\u00f3w cylindr\u00f3w hydraulicznych na rynku krajowym i mi\u0119dzynarodowym. Nasze zaanga\u017cowanie w d\u0105\u017cenie do doskona\u0142o\u015bci jako\u015bci jest realizowane poprzez strategie zarz\u0105dzania produkcj\u0105 przemys\u0142ow\u0105 wdra\u017cane w naszym zaawansowanym warsztacie produkcyjnym. Wprowadzaj\u0105c wysokiej klasy cyfrowy sprz\u0119t produkcyjny i profesjonalne systemy testowe, stale optymalizujemy nasz\u0105 platform\u0119 produkcyjn\u0105 i ulepszamy procesy kontroli jako\u015bci produkt\u00f3w. Koncentrujemy si\u0119 na innowacjach, d\u0105\u017c\u0105c do zaspokojenia zr\u00f3\u017cnicowanych potrzeb klient\u00f3w, zapewniaj\u0105c wysok\u0105 wydajno\u015b\u0107, dok\u0142adno\u015b\u0107 i jako\u015b\u0107. <\/p>\n<p>Nasz\u0105 firm\u0119 wyr\u00f3\u017cnia profesjonalizm, mi\u0119dzynarodowe certyfikaty, zindywidualizowane us\u0142ugi, sprz\u0119t produkcyjny i serwis posprzeda\u017cowy.<\/p>\n<p>Autor: lyl.<\/p>\n<p><\/body><br \/>\n<\/html><\/p>","protected":false},"excerpt":{"rendered":"<p>Arm Cylinder For Kato Small Excavator HD700-2-5-7 Arm Cylinder For Kato Small Excavator HD700-2-5-7 Definition and Explanation The arm cylinder is a specially designed hydraulic cylinder that provides linear motion and power to the arm of various machinery, such as excavators, cranes, and robotic arms. The arm cylinder plays a crucial role in hydraulic systems, [&hellip;]<\/p>","protected":false},"featured_media":14759,"comment_status":"open","ping_status":"closed","template":"","meta":{"_et_pb_use_builder":"","_et_pb_old_content":"","_et_gb_content_width":""},"product_brand":[],"product_cat":[1497],"product_tag":[1498,1496],"class_list":{"0":"post-16947","1":"product","2":"type-product","3":"status-publish","4":"has-post-thumbnail","6":"product_cat-arm-cylinders","7":"product_tag-arm-cylinders","8":"product_tag-hydraulic-cylinders","10":"first","11":"instock","12":"shipping-taxable","13":"product-type-simple"},"amp_enabled":true,"_links":{"self":[{"href":"https:\/\/www.hydraulic-cylinders.net\/pl\/wp-json\/wp\/v2\/product\/16947","targetHints":{"allow":["GET"]}}],"collection":[{"href":"https:\/\/www.hydraulic-cylinders.net\/pl\/wp-json\/wp\/v2\/product"}],"about":[{"href":"https:\/\/www.hydraulic-cylinders.net\/pl\/wp-json\/wp\/v2\/types\/product"}],"replies":[{"embeddable":true,"href":"https:\/\/www.hydraulic-cylinders.net\/pl\/wp-json\/wp\/v2\/comments?post=16947"}],"wp:featuredmedia":[{"embeddable":true,"href":"https:\/\/www.hydraulic-cylinders.net\/pl\/wp-json\/wp\/v2\/media\/14759"}],"wp:attachment":[{"href":"https:\/\/www.hydraulic-cylinders.net\/pl\/wp-json\/wp\/v2\/media?parent=16947"}],"wp:term":[{"taxonomy":"product_brand","embeddable":true,"href":"https:\/\/www.hydraulic-cylinders.net\/pl\/wp-json\/wp\/v2\/product_brand?post=16947"},{"taxonomy":"product_cat","embeddable":true,"href":"https:\/\/www.hydraulic-cylinders.net\/pl\/wp-json\/wp\/v2\/product_cat?post=16947"},{"taxonomy":"product_tag","embeddable":true,"href":"https:\/\/www.hydraulic-cylinders.net\/pl\/wp-json\/wp\/v2\/product_tag?post=16947"}],"curies":[{"name":"wp","href":"https:\/\/api.w.org\/{rel}","templated":true}]}}