{"id":16948,"date":"2025-01-21T06:14:53","date_gmt":"2025-01-21T06:14:53","guid":{"rendered":"https:\/\/www.hydraulic-cylinders.net\/product\/arm-cylinder-for-kato-small-excavator-hd820a\/"},"modified":"2025-01-21T06:14:55","modified_gmt":"2025-01-21T06:14:55","slug":"arm-cylinder-for-kato-small-excavator-hd820a","status":"publish","type":"product","link":"https:\/\/www.hydraulic-cylinders.net\/pl\/produkt\/arm-cylinder-for-kato-small-excavator-hd820a\/","title":{"rendered":"Si\u0142ownik ramienia do ma\u0142ej koparki Kato HD820A"},"content":{"rendered":"<h2>Si\u0142ownik ramienia do ma\u0142ej koparki Kato HD820A<\/h2>\n<p>Si\u0142ownik ramienia, jak sama nazwa wskazuje, to si\u0142ownik hydrauliczny zaprojektowany specjalnie do zapewnienia ruchu liniowego i zasilania ramienia r\u00f3\u017cnych maszyn, takich jak koparki, d\u017awigi i ramiona robotyczne. Odgrywa kluczow\u0105 rol\u0119 w uk\u0142adach hydraulicznych, umo\u017cliwiaj\u0105c p\u0142ynny ruch i sterowanie dodatkowymi narz\u0119dziami lub osprz\u0119tem. Si\u0142owniki te nie tylko zapewniaj\u0105 p\u0142ynny ruch, ale tak\u017ce wytrzymuj\u0105 du\u017ce obci\u0105\u017cenia, gwarantuj\u0105c wydajn\u0105 prac\u0119 i niezawodno\u015b\u0107 maszyn w r\u00f3\u017cnych warunkach pracy.<\/p>\n<p><img decoding=\"async\" src=\"https:\/\/www.hydraulic-cylinders.net\/wp-content\/uploads\/2025\/01\/songte-company-2.webp\"><\/p>\n<h3>Cechy cylindra ramienia:<\/h3>\n<ol>\n<li><strong>Nap\u0119d o wysokiej sprawno\u015bci:<\/strong> Si\u0142ownik ramienia zapewnia mocny ruch liniowy i si\u0142\u0119, gwarantuj\u0105c wysok\u0105 wydajno\u015b\u0107 ramienia maszyny podczas r\u00f3\u017cnych operacji.<\/li>\n<li><strong>Precyzyjna kontrola:<\/strong> Dzi\u0119ki uk\u0142adom hydraulicznym si\u0142ownik ramienia umo\u017cliwia precyzyjn\u0105 kontrol\u0119 ruchu, co sprawia, \u017ce \u200b\u200bobs\u0142uga dodatkowych narz\u0119dzi jest bardziej elastyczna i dok\u0142adna.<\/li>\n<li><strong>Trwa\u0142o\u015b\u0107:<\/strong> Cylindry ramienia s\u0105 zazwyczaj wykonane z materia\u0142\u00f3w o wysokiej wytrzyma\u0142o\u015bci, zapewniaj\u0105cych doskona\u0142\u0105 odporno\u015b\u0107 na zu\u017cycie i korozj\u0119, dzi\u0119ki czemu nadaj\u0105 si\u0119 do d\u0142ugotrwa\u0142ego u\u017cytkowania w trudnych warunkach.<\/li>\n<li><strong>Wielofunkcyjna adaptowalno\u015b\u0107:<\/strong> Cylindry te mo\u017cna powszechnie stosowa\u0107 w r\u00f3\u017cnych maszynach, takich jak koparki, d\u017awigi i ramiona robotyczne, dostosowuj\u0105c si\u0119 do r\u00f3\u017cnych wymaga\u0144 roboczych.<\/li>\n<li><strong>\u0141atwa konserwacja:<\/strong> Projekt uwzgl\u0119dnia \u0142atwo\u015b\u0107 konserwacji i wymiany, dzi\u0119ki czemu regularne kontrole i konserwacje staj\u0105 si\u0119 wygodniejsze, a przestoje sprz\u0119tu skr\u00f3cone.<\/li>\n<\/ol>\n<p><img decoding=\"async\" src=\"https:\/\/www.hydraulic-cylinders.net\/wp-content\/uploads\/2025\/01\/songte-oil-pipes-and-spare-parts.webp\"><\/p>\n<p>Nasze produkty mog\u0105 z powodzeniem zast\u0105pi\u0107 te si\u0142owniki hydrauliczne, zapewniaj\u0105c niezawodn\u0105 wydajno\u015b\u0107 i wysokiej jako\u015bci alternatyw\u0119.<\/p>\n<h3>Zastosowania cylindra ramienia:<\/h3>\n<p>Si\u0142ownik ramienia znajduje zastosowanie w r\u00f3\u017cnych ga\u0142\u0119ziach przemys\u0142u:<\/p>\n<ol>\n<li><strong>In\u017cynieria budowlana:<\/strong> W koparkach i d\u017awigach si\u0142owniki ramion steruj\u0105 ruchem czerpak\u00f3w lub wysi\u0119gnik\u00f3w podczas rob\u00f3t ziemnych, przenoszenia materia\u0142\u00f3w i instalacji konstrukcyjnych.<\/li>\n<li><strong>Produkcja:<\/strong> W zautomatyzowanych liniach produkcyjnych cylindry ramieniowe s\u0142u\u017c\u0105 do poruszania ramionami robot\u00f3w w procesach takich jak monta\u017c, spawanie i obs\u0142uga materia\u0142\u00f3w, zwi\u0119kszaj\u0105c wydajno\u015b\u0107 i precyzj\u0119 produkcji.<\/li>\n<li><strong>Maszyny rolnicze:<\/strong> W sprz\u0119cie rolniczym, takim jak kombajny i siewniki, si\u0142owniki ramion steruj\u0105 ruchem ramion roboczych podczas wykonywania takich zada\u0144, jak siew, nawo\u017cenie i zbi\u00f3r.<\/li>\n<li><strong>G\u00f3rnictwo:<\/strong> W sprz\u0119cie g\u00f3rniczym si\u0142owniki ramieniowe steruj\u0105 ruchem ramion maszyn g\u00f3rniczych s\u0142u\u017c\u0105cych do wydobywania i transportu rudy.<\/li>\n<li><strong>Logistyka i transport:<\/strong> W w\u00f3zkach wid\u0142owych i robotach prze\u0142adunkowych si\u0142owniki ramion steruj\u0105 podnoszeniem i ruchem wide\u0142, umo\u017cliwiaj\u0105c przenoszenie i uk\u0142adanie materia\u0142\u00f3w.<\/li>\n<\/ol>\n<h3>Zagadnienia projektowe i kryteria wyboru:<\/h3>\n<p>Przy projektowaniu cylindr\u00f3w ramieniowych nale\u017cy wzi\u0105\u0107 pod uwag\u0119 kilka kluczowych czynnik\u00f3w:<\/p>\n<ol>\n<li><strong>No\u015bno\u015b\u0107:<\/strong> Cylinder powinien by\u0107 zaprojektowany tak, aby wytrzyma\u0142 zamierzone obci\u0105\u017cenie, nie obni\u017caj\u0105c przy tym wydajno\u015bci ani bezpiecze\u0144stwa.<\/li>\n<li><strong>Opiecz\u0119towanie:<\/strong> Aby zapewni\u0107 skuteczne uszczelnienie, nale\u017cy stosowa\u0107 r\u00f3\u017cne elementy uszczelniaj\u0105ce, takie jak uszczelki t\u0142okowe i t\u0142oczyskowe. Ze wzgl\u0119du na odporno\u015b\u0107 na zu\u017cycie powszechnie stosuje si\u0119 materia\u0142y takie jak poliuretan i kauczuk nitrylowy.<\/li>\n<li><strong>Trwa\u0142o\u015b\u0107:<\/strong> Korpus cylindra i gwintowane ko\u0144ce nale\u017cy podda\u0107 starannej obr\u00f3bce powierzchni w celu zwi\u0119kszenia odporno\u015bci na zu\u017cycie i wyd\u0142u\u017cenia \u017cywotno\u015bci.<\/li>\n<li><strong>Bezpiecze\u0144stwo:<\/strong> Aby zapobiec wypadkom i zapewni\u0107 ochron\u0119 operatora podczas pracy, konstrukcja maszyny powinna uwzgl\u0119dnia\u0107 elementy bezpiecze\u0144stwa.<\/li>\n<li><strong>Utrzymywalno\u015b\u0107:<\/strong> W projekcie nale\u017cy uwzgl\u0119dni\u0107 \u0142atwo\u015b\u0107 konserwacji i napraw, aby zminimalizowa\u0107 przestoje i u\u0142atwi\u0107 regularne kontrole.<\/li>\n<\/ol>\n<p><img decoding=\"async\" src=\"https:\/\/www.hydraulic-cylinders.net\/wp-content\/uploads\/2025\/01\/songte-cylinder-head-with-all-kinds-excavator-models.webp\"><\/p>\n<p>Prawid\u0142owe uszczelnienie i smarowanie s\u0105 niezb\u0119dne dla wydajno\u015bci i trwa\u0142o\u015bci si\u0142ownik\u00f3w ramienia. Nale\u017cy stosowa\u0107 r\u00f3\u017cne elementy uszczelniaj\u0105ce wykonane z materia\u0142\u00f3w odpornych na zu\u017cycie, takich jak poliuretan i kauczuk nitrylowy. Korpus si\u0142ownika i gwintowane ko\u0144c\u00f3wki powinny zosta\u0107 poddane precyzyjnej obr\u00f3bce powierzchniowej w celu zwi\u0119kszenia odporno\u015bci na zu\u017cycie. Regularne smarowanie odpowiednim olejem hydraulicznym jest wymagane dla zapewnienia p\u0142ynnej pracy.<\/p>\n<p>Aby zapewni\u0107 optymaln\u0105 wydajno\u015b\u0107 i trwa\u0142o\u015b\u0107, nale\u017cy regularnie przeprowadza\u0107 kontrole i podejmowa\u0107 dzia\u0142ania zapobiegawcze:<\/p>\n<ol>\n<li>Sprawd\u017a cylinder pod k\u0105tem ewentualnych \u015blad\u00f3w wyciek\u00f3w, zu\u017cycia lub uszkodze\u0144.<\/li>\n<li>Sprawd\u017a elementy uszczelniaj\u0105ce i w razie potrzeby wymie\u0144 je.<\/li>\n<li>Zapewnij odpowiednie smarowanie cylindra i w razie potrzeby uzupe\u0142nij olej hydrauliczny.<\/li>\n<li>Monitoruj prac\u0119 cylindra w trakcie jego pracy i niezw\u0142ocznie reaguj na wszelkie problemy.<\/li>\n<\/ol>\n<h3>Instrukcja instalacji:<\/h3>\n<p>Aby prawid\u0142owo zamontowa\u0107 cylinder ramienia, nale\u017cy wykona\u0107 nast\u0119puj\u0105ce czynno\u015bci:<\/p>\n<ol>\n<li>Upewnij si\u0119, \u017ce maszyna jest wy\u0142\u0105czona, a uk\u0142ad hydrauliczny jest pozbawiony ci\u015bnienia.<\/li>\n<li>Wyjmij stary cylinder (je\u015bli dotyczy), od\u0142\u0105czaj\u0105c przewody hydrauliczne i usuwaj\u0105c wszystkie wsporniki monta\u017cowe.<\/li>\n<li>Zamontuj nowy cylinder ramienia w odwrotnej kolejno\u015bci, stosuj\u0105c si\u0119 do instrukcji producenta.<\/li>\n<li>Pod\u0142\u0105cz przewody hydrauliczne w spos\u00f3b pewny, zwracaj\u0105c uwag\u0119 na w\u0142a\u015bciwe wyr\u00f3wnanie.<\/li>\n<li>Ponownie nape\u0142nij uk\u0142ad hydrauliczny ci\u015bnieniem i sprawd\u017a, czy si\u0142ownik ramienia dzia\u0142a prawid\u0142owo.<\/li>\n<\/ol>\n<p><img decoding=\"async\" src=\"https:\/\/www.hydraulic-cylinders.net\/wp-content\/uploads\/2025\/01\/songte-bushings-with-all-kinds-of-excavator-models.webp\"><\/p>\n<p>Podczas u\u017cytkowania si\u0142ownik\u00f3w ramieniowych kluczow\u0105 rol\u0119 odgrywaj\u0105 wzgl\u0119dy bezpiecze\u0144stwa i czynniki \u015brodowiskowe. Wdro\u017cenie odpowiednich \u015brodk\u00f3w bezpiecze\u0144stwa zapewnia ochron\u0119 operator\u00f3w i zapobiega wypadkom. Regularna konserwacja i przegl\u0105dy pomagaj\u0105 identyfikowa\u0107 potencjalne problemy i minimalizowa\u0107 przestoje.<\/p>\n<p>Rozwi\u0105zuj\u0105c problemy z cylindrem ramienia, nale\u017cy wzi\u0105\u0107 pod uwag\u0119 nast\u0119puj\u0105ce, typowe problemy:<\/p>\n<ol>\n<li>Wyciek p\u0142ynu hydraulicznego<\/li>\n<li>Nieregularny lub szarpany ruch<\/li>\n<li>Nadmierny ha\u0142as podczas pracy<\/li>\n<li>Powolny lub niereaguj\u0105cy ruch<\/li>\n<li>Si\u0142a niesp\u00f3jna lub s\u0142aba<\/li>\n<\/ol>\n<p>Aby rozwi\u0105za\u0107 te problemy i zapewni\u0107 prawid\u0142owe dzia\u0142anie, post\u0119puj zgodnie z poni\u017cszymi wskaz\u00f3wkami dotycz\u0105cymi rozwi\u0105zywania problem\u00f3w:<\/p>\n<ol>\n<li>Sprawd\u017a, czy nie ma widocznych wyciek\u00f3w i napraw lub wymie\u0144 uszkodzone uszczelki.<\/li>\n<li>Sprawd\u017a, czy w\u0119\u017ce hydrauliczne i ich po\u0142\u0105czenia nie s\u0105 nieszczelne lub uszkodzone i czy s\u0105 prawid\u0142owo ustawione.<\/li>\n<li>Sprawd\u017a poziom i jako\u015b\u0107 p\u0142ynu hydraulicznego, w razie potrzeby uzupe\u0142nij lub wymie\u0144.<\/li>\n<li>Sprawd\u017a cylinder pod k\u0105tem oznak zu\u017cycia, uszkodzenia lub nieprawid\u0142owego ustawienia i podejmij odpowiednie dzia\u0142ania.<\/li>\n<li>Sprawd\u017a poprawno\u015b\u0107 dzia\u0142ania zawor\u00f3w steruj\u0105cych i innych element\u00f3w hydraulicznych.<\/li>\n<\/ol>\n<p><img decoding=\"async\" src=\"https:\/\/www.hydraulic-cylinders.net\/wp-content\/uploads\/2025\/01\/songte-chushion-collar.webp\"><\/p>\n<p>Jeste\u015bmy profesjonalnym producentem specjalizuj\u0105cym si\u0119 w produkcji zamiennych si\u0142ownik\u00f3w hydraulicznych. Dzi\u0119ki szerokiej gamie produkt\u00f3w stali\u015bmy si\u0119 jednym z wiod\u0105cych producent\u00f3w i dystrybutor\u00f3w hurtowych na rynku krajowym i mi\u0119dzynarodowym. Kierujemy si\u0119 zasad\u0105 doskona\u0142o\u015bci i stale podnosimy nasze mo\u017cliwo\u015bci technologiczne oraz wydajno\u015b\u0107 produkcji. Wprowadzaj\u0105c wysokiej klasy cyfrowy sprz\u0119t produkcyjny i profesjonalne systemy testowe, optymalizujemy nasz\u0105 platform\u0119 produkcyjn\u0105 i usprawniamy procesy kontroli jako\u015bci. Naszym celem jest zaspokajanie zr\u00f3\u017cnicowanych potrzeb klient\u00f3w poprzez wydajno\u015b\u0107, precyzj\u0119 i wysok\u0105 jako\u015b\u0107 produkt\u00f3w.<\/p>\n<p>Nasza firma wyr\u00f3\u017cnia si\u0119:<\/p>\n<ul>\n<li>Profesjonalizm i do\u015bwiadczenie w produkcji cylindr\u00f3w hydraulicznych<\/li>\n<li>Mi\u0119dzynarodowe certyfikaty gwarantuj\u0105ce jako\u015b\u0107 produktu<\/li>\n<li>Us\u0142ugi dostosowywania do konkretnych wymaga\u0144<\/li>\n<li>Zaawansowany sprz\u0119t i obiekty produkcyjne<\/li>\n<li>Kompleksowy serwis i wsparcie posprzeda\u017cowe<\/li>\n<\/ul>\n<p><img decoding=\"async\" src=\"https:\/\/www.hydraulic-cylinders.net\/wp-content\/uploads\/2025\/01\/songte-company-4.webp\"><br \/>\n<img decoding=\"async\" src=\"https:\/\/www.hydraulic-cylinders.net\/wp-content\/uploads\/2025\/01\/songte-company-3.webp\"><\/p>\n<p>Autor: lyl<\/p>","protected":false},"excerpt":{"rendered":"<p>Arm Cylinder For Kato Small Excavator HD820A Arm Cylinder, as the name suggests, is a hydraulic cylinder designed specifically to provide linear motion and power to the arm of various machinery such as excavators, cranes, and robotic arms. It plays a crucial role in hydraulic systems, enabling the smooth movement and control of additional tools [&hellip;]<\/p>","protected":false},"featured_media":14786,"comment_status":"open","ping_status":"closed","template":"","meta":{"_et_pb_use_builder":"","_et_pb_old_content":"","_et_gb_content_width":""},"product_brand":[],"product_cat":[1497],"product_tag":[1498,1496],"class_list":{"0":"post-16948","1":"product","2":"type-product","3":"status-publish","4":"has-post-thumbnail","6":"product_cat-arm-cylinders","7":"product_tag-arm-cylinders","8":"product_tag-hydraulic-cylinders","10":"first","11":"instock","12":"shipping-taxable","13":"product-type-simple"},"amp_enabled":true,"_links":{"self":[{"href":"https:\/\/www.hydraulic-cylinders.net\/pl\/wp-json\/wp\/v2\/product\/16948","targetHints":{"allow":["GET"]}}],"collection":[{"href":"https:\/\/www.hydraulic-cylinders.net\/pl\/wp-json\/wp\/v2\/product"}],"about":[{"href":"https:\/\/www.hydraulic-cylinders.net\/pl\/wp-json\/wp\/v2\/types\/product"}],"replies":[{"embeddable":true,"href":"https:\/\/www.hydraulic-cylinders.net\/pl\/wp-json\/wp\/v2\/comments?post=16948"}],"wp:featuredmedia":[{"embeddable":true,"href":"https:\/\/www.hydraulic-cylinders.net\/pl\/wp-json\/wp\/v2\/media\/14786"}],"wp:attachment":[{"href":"https:\/\/www.hydraulic-cylinders.net\/pl\/wp-json\/wp\/v2\/media?parent=16948"}],"wp:term":[{"taxonomy":"product_brand","embeddable":true,"href":"https:\/\/www.hydraulic-cylinders.net\/pl\/wp-json\/wp\/v2\/product_brand?post=16948"},{"taxonomy":"product_cat","embeddable":true,"href":"https:\/\/www.hydraulic-cylinders.net\/pl\/wp-json\/wp\/v2\/product_cat?post=16948"},{"taxonomy":"product_tag","embeddable":true,"href":"https:\/\/www.hydraulic-cylinders.net\/pl\/wp-json\/wp\/v2\/product_tag?post=16948"}],"curies":[{"name":"wp","href":"https:\/\/api.w.org\/{rel}","templated":true}]}}