{"id":16952,"date":"2025-01-21T06:15:18","date_gmt":"2025-01-21T06:15:18","guid":{"rendered":"https:\/\/www.hydraulic-cylinders.net\/product\/arm-cylinder-for-kato-small-excavator-hd512\/"},"modified":"2025-01-21T06:15:20","modified_gmt":"2025-01-21T06:15:20","slug":"arm-cylinder-for-kato-small-excavator-hd512","status":"publish","type":"product","link":"https:\/\/www.hydraulic-cylinders.net\/pl\/produkt\/arm-cylinder-for-kato-small-excavator-hd512\/","title":{"rendered":"Si\u0142ownik ramienia do ma\u0142ej koparki Kato HD512"},"content":{"rendered":"<h1>Si\u0142ownik ramienia do ma\u0142ej koparki Kato HD512<\/h1>\n<h2>Wst\u0119p<\/h2>\n<h3>Definicja i wyja\u015bnienie cylindra ramienia<\/h3>\n<p>Si\u0142ownik ramienia to specjalnie zaprojektowany si\u0142ownik hydrauliczny, u\u017cywany g\u0142\u00f3wnie do zapewnienia ruchu liniowego i zasilania r\u00f3\u017cnego rodzaju ramion maszyn, takich jak koparki, d\u017awigi i ramiona robot\u00f3w. Si\u0142ownik ramienia odgrywa kluczow\u0105 rol\u0119 w uk\u0142adzie hydraulicznym, umo\u017cliwiaj\u0105c ruch i efektywne sterowanie do\u0142\u0105czonymi narz\u0119dziami lub akcesoriami. Si\u0142owniki te nie tylko zapewniaj\u0105 p\u0142ynny ruch, ale tak\u017ce wytrzymuj\u0105 du\u017ce obci\u0105\u017cenia, gwarantuj\u0105c tym samym wydajn\u0105 prac\u0119 i niezawodno\u015b\u0107 maszyn w r\u00f3\u017cnych warunkach pracy.<\/p>\n<p><img decoding=\"async\" src=\"https:\/\/www.hydraulic-cylinders.net\/wp-content\/uploads\/2025\/01\/songte-company-2.webp\"><\/p>\n<h2>Cechy produktu<\/h2>\n<h3>Wydajne przenoszenie mocy<\/h3>\n<p>Cylinder ramienia zapewnia mocny ruch liniowy i si\u0142\u0119, dzi\u0119ki czemu rami\u0119 robota charakteryzuje si\u0119 wysok\u0105 wydajno\u015bci\u0105 podczas wykonywania r\u00f3\u017cnych operacji.<\/p>\n<h3>Precyzyjna kontrola<\/h3>\n<p>Si\u0142ownik ramienia umo\u017cliwia precyzyjn\u0105 kontrol\u0119 ruchu za pomoc\u0105 uk\u0142adu hydraulicznego, co sprawia, \u017ce \u200b\u200bobs\u0142uga pod\u0142\u0105czonych narz\u0119dzi jest bardziej elastyczna i dok\u0142adna.<\/p>\n<h3>Wysoka trwa\u0142o\u015b\u0107<\/h3>\n<p>Cylinder ramienia jest zazwyczaj wykonany z materia\u0142\u00f3w o wysokiej wytrzyma\u0142o\u015bci i charakteryzuje si\u0119 dobr\u0105 odporno\u015bci\u0105 na zu\u017cycie i korozj\u0119, dzi\u0119ki czemu nadaje si\u0119 do d\u0142ugotrwa\u0142ego u\u017cytkowania w trudnych warunkach.<\/p>\n<h3>Wielofunkcyjna adaptowalno\u015b\u0107<\/h3>\n<p>Tego typu cylindry mo\u017cna powszechnie stosowa\u0107 w r\u00f3\u017cnych typach maszyn, takich jak koparki, d\u017awigi i ramiona robotyczne, aby sprosta\u0107 zr\u00f3\u017cnicowanym potrzebom roboczym.<\/p>\n<h3>\u0141atwa konserwacja<\/h3>\n<p>Konstrukcja cylindra ramienia uwzgl\u0119dnia \u0142atwo\u015b\u0107 konserwacji i wymiany, dzi\u0119ki czemu regularne kontrole i konserwacje s\u0105 wygodniejsze, a przestoje sprz\u0119tu skr\u00f3cone.<\/p>\n<p><img decoding=\"async\" src=\"https:\/\/www.hydraulic-cylinders.net\/wp-content\/uploads\/2025\/01\/songte-oil-pipes-and-spare-parts.webp\"><\/p>\n<h2>Aplikacje<\/h2>\n<p>Si\u0142ownik ramienia jest powszechnie stosowany w r\u00f3\u017cnych ga\u0142\u0119ziach przemys\u0142u, w tym:<\/p>\n<h3>Budownictwo<\/h3>\n<p>W koparkach i d\u017awigach si\u0142ownik ramienia steruje ruchem \u0142y\u017cki lub ramienia d\u017awigu podczas wykonywania prac ziemnych, przenoszenia materia\u0142\u00f3w i zada\u0144 zwi\u0105zanych z monta\u017cem konstrukcji.<\/p>\n<h3>Przemys\u0142 wytw\u00f3rczy<\/h3>\n<p>W zautomatyzowanych liniach produkcyjnych si\u0142ownik ramienia steruje ruchem ramion robota, wykonuj\u0105c procesy monta\u017cu, spawania i obs\u0142ugi, zwi\u0119kszaj\u0105c wydajno\u015b\u0107 i dok\u0142adno\u015b\u0107 produkcji.<\/p>\n<h3>Maszyny rolnicze<\/h3>\n<p>W maszynach rolniczych, takich jak kombajny i siewniki, si\u0142ownik ramienia steruje ruchem ramienia roboczego, wykonuj\u0105cego takie zadania, jak siew, nawo\u017cenie i zbi\u00f3r.<\/p>\n<h3>G\u00f3rnictwo<\/h3>\n<p>W sprz\u0119cie g\u00f3rniczym si\u0142ownik ramienia steruje ruchem ramienia urz\u0105dzenia g\u00f3rniczego, wykonuj\u0105cego zadania wydobywcze i transportowe minera\u0142\u00f3w.<\/p>\n<h3>Logistyka i transport<\/h3>\n<p>W w\u00f3zkach wid\u0142owych i robotach prze\u0142adunkowych si\u0142ownik ramienia steruje podnoszeniem i ruchem wide\u0142, umo\u017cliwiaj\u0105c przenoszenie i uk\u0142adanie materia\u0142\u00f3w.<\/p>\n<p><img decoding=\"async\" src=\"https:\/\/www.hydraulic-cylinders.net\/wp-content\/uploads\/2025\/01\/songte-chushion-collar.webp\"><\/p>\n<h2>Zagadnienia projektowe i standardy wyboru<\/h2>\n<h3>No\u015bno\u015b\u0107<\/h3>\n<p>Si\u0142ownik ramienia musi mie\u0107 odpowiedni\u0105 no\u015bno\u015b\u0107, aby utrzyma\u0107 ci\u0119\u017car zamocowanego narz\u0119dzia lub akcesorium.<\/p>\n<h3>Opiecz\u0119towanie<\/h3>\n<p>W cylindrze ramienia zastosowano r\u00f3\u017cne elementy uszczelniaj\u0105ce, takie jak uszczelki t\u0142oka i uszczelki t\u0142oczyska, wykonane z materia\u0142\u00f3w odpornych na zu\u017cycie, np. poliuretanu i kauczuku nitrylowego, aby zapobiec wyciekom p\u0142ynu hydraulicznego i zapewni\u0107 wydajn\u0105 prac\u0119 uk\u0142adu.<\/p>\n<h3>Trwa\u0142o\u015b\u0107<\/h3>\n<p>Cylinder ramienia musi by\u0107 wykonany z materia\u0142\u00f3w o wysokiej wytrzyma\u0142o\u015bci i mie\u0107 powierzchni\u0119 odporn\u0105 na zu\u017cycie, aby mo\u017cna by\u0142o go d\u0142ugotrwale u\u017cytkowa\u0107 w trudnych warunkach pracy.<\/p>\n<h3>Bezpiecze\u0144stwo<\/h3>\n<p>Kwestie bezpiecze\u0144stwa obejmuj\u0105 prawid\u0142ow\u0105 instalacj\u0119, obs\u0142ug\u0119 i konserwacj\u0119 cylindra ramienia w celu unikni\u0119cia wypadk\u00f3w i zapewnienia bezpiecze\u0144stwa personelu i sprz\u0119tu.<\/p>\n<h3>Konserwacja<\/h3>\n<p>Regularna konserwacja i wymiana podzespo\u0142\u00f3w, takich jak uszczelki i olej hydrauliczny, s\u0105 niezb\u0119dne do zapewnienia wydajnej i niezawodnej pracy si\u0142ownika ramienia.<\/p>\n<p><img decoding=\"async\" src=\"https:\/\/www.hydraulic-cylinders.net\/wp-content\/uploads\/2025\/01\/songte-cylinder-head-with-all-kinds-excavator-models.webp\"><\/p>\n<h2>Uszczelnianie i smarowanie<\/h2>\n<p>Si\u0142ownik ramienia wykorzystuje r\u00f3\u017cnorodne elementy uszczelniaj\u0105ce, takie jak uszczelnienia t\u0142oka i t\u0142oczyska, wykonane z materia\u0142\u00f3w odpornych na zu\u017cycie, takich jak poliuretan i kauczuk nitrylowy, aby zapobiec wyciekom p\u0142ynu hydraulicznego. Korpus cylindra i gwinty s\u0105 precyzyjnie obrobione, aby zwi\u0119kszy\u0107 odporno\u015b\u0107 na zu\u017cycie. Regularne smarowanie olejem hydraulicznym jest niezb\u0119dne dla zapewnienia wydajnej i niezawodnej pracy si\u0142ownika ramienia.<\/p>\n<h2>Konserwacja i rozwi\u0105zywanie problem\u00f3w<\/h2>\n<p>Regularna konserwacja i przegl\u0105dy s\u0105 niezb\u0119dne do zapewnienia prawid\u0142owego dzia\u0142ania i trwa\u0142o\u015bci si\u0142ownika ramienia. Typowe problemy to nieszczelno\u015bci, s\u0142aba kontrola ruchu oraz uszkodzenia korpusu si\u0142ownika. Rozwi\u0105zywanie problem\u00f3w polega na zidentyfikowaniu przyczyny problemu i wymianie lub naprawie wadliwych podzespo\u0142\u00f3w. \u015arodki zapobiegawcze, takie jak regularna konserwacja i przegl\u0105dy, mog\u0105 zminimalizowa\u0107 potencjalne problemy.<\/p>\n<p><img decoding=\"async\" src=\"https:\/\/www.hydraulic-cylinders.net\/wp-content\/uploads\/2025\/01\/songte-bushings-with-all-kinds-of-excavator-models.webp\"><\/p>\n<h2>Przewodnik instalacji<\/h2>\n<p>Monta\u017c si\u0142ownika ramienia powinien by\u0107 przeprowadzony przez wykwalifikowany personel, zgodnie z instrukcjami producenta. Si\u0142ownik powinien by\u0107 zamontowany bezpiecznie i prawid\u0142owo ustawiony wzgl\u0119dem pod\u0142\u0105czonego narz\u0119dzia lub akcesorium. Z\u0142\u0105cza hydrauliczne nale\u017cy dokr\u0119ca\u0107 z zalecanym momentem obrotowym, a przewody hydrauliczne nale\u017cy pod\u0142\u0105czy\u0107 do odpowiednich port\u00f3w.<\/p>\n<h2>O nas<\/h2>\n<p>Jeste\u015bmy profesjonalnym producentem zamiennych cylindr\u00f3w hydraulicznych, oferuj\u0105cym bogat\u0105 ofert\u0119. Stali\u015bmy si\u0119 jednym z wiod\u0105cych producent\u00f3w i dystrybutor\u00f3w cylindr\u00f3w hydraulicznych na rynku krajowym i mi\u0119dzynarodowym. Zawsze kierujemy si\u0119 zasad\u0105 doskona\u0142ej jako\u015bci i stale podnosimy poziom techniczny oraz wydajno\u015b\u0107 produkcji. Naszym celem jest zaspokojenie zr\u00f3\u017cnicowanych potrzeb naszych klient\u00f3w poprzez wysok\u0105 wydajno\u015b\u0107, precyzj\u0119 i wysok\u0105 jako\u015b\u0107 produkt\u00f3w.<\/p>\n<h3>Profesjonalizm<\/h3>\n<p>Nasza firma dysponuje profesjonaln\u0105 kadr\u0105 techniczn\u0105 i pracownikami produkcyjnymi, zaawansowanym sprz\u0119tem produkcyjnym oraz doskona\u0142ym systemem kontroli jako\u015bci, co gwarantuje wysok\u0105 jako\u015b\u0107 i stabiln\u0105 prac\u0119 naszych produkt\u00f3w.<\/p>\n<h3>Mi\u0119dzynarodowa Certyfikacja<\/h3>\n<p>Nasze produkty uzyska\u0142y szereg mi\u0119dzynarodowych certyfikat\u00f3w, takich jak ISO9001, CE i SGS, kt\u00f3re gwarantuj\u0105 jako\u015b\u0107 i bezpiecze\u0144stwo produktu.<\/p>\n<h3>Us\u0142uga personalizacji<\/h3>\n<p>Oferujemy us\u0142ugi dostosowane do indywidualnych potrzeb naszych klient\u00f3w, obejmuj\u0105ce niestandardowe rozmiary i konstrukcje cylindr\u00f3w hydraulicznych.<\/p>\n<h3>Sprz\u0119t produkcyjny<\/h3>\n<p>Nasza firma wprowadzi\u0142a zaawansowany cyfrowy sprz\u0119t produkcyjny i profesjonalne systemy testowe, stale optymalizuj\u0105c nasz\u0105 platform\u0119 produkcyjn\u0105 i udoskonalaj\u0105c proces kontroli jako\u015bci produkt\u00f3w, aby dostarcza\u0107 naszym klientom wysokiej jako\u015bci produkty i us\u0142ugi.<\/p>\n<h3>Serwis posprzeda\u017cowy<\/h3>\n<p>Zapewniamy naszym klientom profesjonaln\u0105 obs\u0142ug\u0119 posprzeda\u017cow\u0105, obejmuj\u0105c\u0105 instalacj\u0119, konserwacj\u0119 i naprawy produkt\u00f3w, aby zagwarantowa\u0107 satysfakcj\u0119 klienta.<\/p>\n<p><img decoding=\"async\" src=\"https:\/\/www.hydraulic-cylinders.net\/wp-content\/uploads\/2025\/01\/songte-company-4.webp\"><\/p>\n<p><img decoding=\"async\" src=\"https:\/\/www.hydraulic-cylinders.net\/wp-content\/uploads\/2025\/01\/songte-company-3.webp\"><\/p>\n<p>Autor: lyl.<\/p>","protected":false},"excerpt":{"rendered":"<p>Arm Cylinder For Kato Small Excavator HD512 Introduction Defining and Explaining the Arm Cylinder The arm cylinder is a specially designed hydraulic cylinder primarily used to provide linear motion and power to various types of machinery arms, such as excavators, cranes, and robotic arms. The arm cylinder plays a crucial role in the hydraulic system, [&hellip;]<\/p>","protected":false},"featured_media":14774,"comment_status":"open","ping_status":"closed","template":"","meta":{"_et_pb_use_builder":"","_et_pb_old_content":"","_et_gb_content_width":""},"product_brand":[],"product_cat":[1497],"product_tag":[1498,1496],"class_list":{"0":"post-16952","1":"product","2":"type-product","3":"status-publish","4":"has-post-thumbnail","6":"product_cat-arm-cylinders","7":"product_tag-arm-cylinders","8":"product_tag-hydraulic-cylinders","10":"first","11":"instock","12":"shipping-taxable","13":"product-type-simple"},"amp_enabled":true,"_links":{"self":[{"href":"https:\/\/www.hydraulic-cylinders.net\/pl\/wp-json\/wp\/v2\/product\/16952","targetHints":{"allow":["GET"]}}],"collection":[{"href":"https:\/\/www.hydraulic-cylinders.net\/pl\/wp-json\/wp\/v2\/product"}],"about":[{"href":"https:\/\/www.hydraulic-cylinders.net\/pl\/wp-json\/wp\/v2\/types\/product"}],"replies":[{"embeddable":true,"href":"https:\/\/www.hydraulic-cylinders.net\/pl\/wp-json\/wp\/v2\/comments?post=16952"}],"wp:featuredmedia":[{"embeddable":true,"href":"https:\/\/www.hydraulic-cylinders.net\/pl\/wp-json\/wp\/v2\/media\/14774"}],"wp:attachment":[{"href":"https:\/\/www.hydraulic-cylinders.net\/pl\/wp-json\/wp\/v2\/media?parent=16952"}],"wp:term":[{"taxonomy":"product_brand","embeddable":true,"href":"https:\/\/www.hydraulic-cylinders.net\/pl\/wp-json\/wp\/v2\/product_brand?post=16952"},{"taxonomy":"product_cat","embeddable":true,"href":"https:\/\/www.hydraulic-cylinders.net\/pl\/wp-json\/wp\/v2\/product_cat?post=16952"},{"taxonomy":"product_tag","embeddable":true,"href":"https:\/\/www.hydraulic-cylinders.net\/pl\/wp-json\/wp\/v2\/product_tag?post=16952"}],"curies":[{"name":"wp","href":"https:\/\/api.w.org\/{rel}","templated":true}]}}