{"id":16954,"date":"2025-01-21T06:15:25","date_gmt":"2025-01-21T06:15:25","guid":{"rendered":"https:\/\/www.hydraulic-cylinders.net\/product\/arm-cylinder-for-kato-small-excavator-hd770-1-2-7\/"},"modified":"2025-01-21T06:15:27","modified_gmt":"2025-01-21T06:15:27","slug":"arm-cylinder-for-kato-small-excavator-hd770-1-2-7","status":"publish","type":"product","link":"https:\/\/www.hydraulic-cylinders.net\/pl\/produkt\/arm-cylinder-for-kato-small-excavator-hd770-1-2-7\/","title":{"rendered":"Si\u0142ownik ramienia do ma\u0142ej koparki Kato HD770-1-2-7"},"content":{"rendered":"<p><!DOCTYPE html><br \/>\n<html><br \/>\n<head><br \/>\n<title>Si\u0142ownik ramienia do ma\u0142ej koparki Kato HD770-1-2-7<\/title><br \/>\n<\/head><br \/>\n<body><\/p>\n<h1>Si\u0142ownik ramienia do ma\u0142ej koparki Kato HD770-1-2-7<\/h1>\n<h2>Definicja i wyja\u015bnienie<\/h2>\n<p>Si\u0142ownik ramienia to specjalnie zaprojektowany si\u0142ownik hydrauliczny, kt\u00f3ry zapewnia ruch liniowy i zasilanie ramienia r\u00f3\u017cnego rodzaju maszyn, takich jak koparki, d\u017awigi i ramiona robotyczne. Si\u0142ownik ramienia odgrywa kluczow\u0105 rol\u0119 w uk\u0142adach hydraulicznych, umo\u017cliwiaj\u0105c efektywny ruch i sterowanie dodatkowymi narz\u0119dziami lub osprz\u0119tem. Si\u0142owniki te nie tylko zapewniaj\u0105 p\u0142ynny ruch, ale tak\u017ce wytrzymuj\u0105 du\u017ce obci\u0105\u017cenia, gwarantuj\u0105c wydajn\u0105 prac\u0119 i niezawodno\u015b\u0107 maszyn w r\u00f3\u017cnych warunkach pracy.<\/p>\n<p><img decoding=\"async\" src=\"https:\/\/www.hydraulic-cylinders.net\/wp-content\/uploads\/2025\/01\/songte-company-2.webp\" alt=\"Obraz cylindra ramienia\"><\/p>\n<h2>Cechy<\/h2>\n<h3>1. Wysokowydajna skrzynia bieg\u00f3w<\/h3>\n<p>Cylinder ramienia zapewnia mocny ruch liniowy i si\u0142\u0119, gwarantuj\u0105c wysok\u0105 wydajno\u015b\u0107 ramienia robota w r\u00f3\u017cnych operacjach.<\/p>\n<h3>2. Precyzyjna kontrola<\/h3>\n<p>Dzi\u0119ki uk\u0142adowi hydraulicznemu si\u0142ownik ramienia umo\u017cliwia precyzyjn\u0105 kontrol\u0119 ruchu, co sprawia, \u017ce \u200b\u200bobs\u0142uga dodatkowych narz\u0119dzi jest bardziej elastyczna i dok\u0142adna.<\/p>\n<h3>3. Wysoka trwa\u0142o\u015b\u0107<\/h3>\n<p>Cylinder ramienia jest zwykle wykonany z materia\u0142\u00f3w o wysokiej wytrzyma\u0142o\u015bci, zapewniaj\u0105cych doskona\u0142\u0105 odporno\u015b\u0107 na zu\u017cycie i korozj\u0119, dzi\u0119ki czemu nadaje si\u0119 do d\u0142ugotrwa\u0142ego u\u017cytkowania w trudnych warunkach.<\/p>\n<h3>4. Wszechstronno\u015b\u0107<\/h3>\n<p>Cylindry te mo\u017cna powszechnie stosowa\u0107 w r\u00f3\u017cnych maszynach, takich jak koparki, d\u017awigi i ramiona robotyczne, dostosowuj\u0105c je do r\u00f3\u017cnych wymaga\u0144 roboczych.<\/p>\n<h3>5. \u0141atwa konserwacja<\/h3>\n<p>Konstrukcja cylindra ramienia uwzgl\u0119dnia \u0142atwo\u015b\u0107 konserwacji i wymiany, dzi\u0119ki czemu regularne kontrole i konserwacje staj\u0105 si\u0119 wygodniejsze, a przestoje sprz\u0119tu zostaj\u0105 skr\u00f3cone.<\/p>\n<p><img decoding=\"async\" src=\"https:\/\/www.hydraulic-cylinders.net\/wp-content\/uploads\/2025\/01\/songte-oil-pipes-and-spare-parts.webp\" alt=\"Cz\u0119\u015bci zamienne do cylindra ramienia\"><\/p>\n<h2>Aplikacje<\/h2>\n<h3>1. In\u017cynieria budowlana<\/h3>\n<p>W koparkach i d\u017awigach si\u0142ownik ramienia s\u0142u\u017cy do sterowania ruchem \u0142y\u017cki lub wysi\u0119gnika, co umo\u017cliwia prace ziemne, przenoszenie materia\u0142\u00f3w i monta\u017c konstrukcji.<\/p>\n<h3>2. Przemys\u0142 wytw\u00f3rczy<\/h3>\n<p>W zautomatyzowanych liniach produkcyjnych si\u0142ownik ramienia jest wykorzystywany do poruszania ramionami robota, umo\u017cliwiaj\u0105c takie procesy, jak monta\u017c, spawanie i obs\u0142uga materia\u0142\u00f3w, zwi\u0119kszaj\u0105c wydajno\u015b\u0107 i precyzj\u0119 produkcji.<\/p>\n<h3>3. Maszyny rolnicze<\/h3>\n<p>W maszynach rolniczych, takich jak kombajny i siewniki, si\u0142ownik ramienia steruje ruchem ramion roboczych, wykonuj\u0105cych zadania takie jak siew, nawo\u017cenie i zbi\u00f3r.<\/p>\n<h3>4. G\u00f3rnictwo<\/h3>\n<p>W sprz\u0119cie g\u00f3rniczym si\u0142ownik ramienia s\u0142u\u017cy do sterowania ruchem ramion sprz\u0119tu g\u00f3rniczego, umo\u017cliwiaj\u0105c wydobycie i transport rudy.<\/p>\n<h3>5. Logistyka i transport<\/h3>\n<p>W w\u00f3zkach wid\u0142owych i robotach prze\u0142adunkowych si\u0142ownik ramienia s\u0142u\u017cy do sterowania podnoszeniem i ruchem wide\u0142, u\u0142atwiaj\u0105c przenoszenie materia\u0142\u00f3w i ich uk\u0142adanie.<\/p>\n<h2>Zagadnienia projektowe i kryteria wyboru<\/h2>\n<h3>1. No\u015bno\u015b\u0107<\/h3>\n<p>The arm cylinder&#8217;s ability to withstand various loads and forces is a crucial consideration in the design and selection process.<\/p>\n<h3>2. Uszczelnienie<\/h3>\n<p>W celu zapewnienia prawid\u0142owego uszczelnienia stosuje si\u0119 r\u00f3\u017cne elementy uszczelniaj\u0105ce, takie jak uszczelnienia t\u0142oka i t\u0142oczyska. Uszczelnienia te wykonane s\u0105 z materia\u0142\u00f3w odpornych na zu\u017cycie, takich jak poliuretan i kauczuk nitrylowy. Dodatkowo, korpus cylindra i ko\u0144c\u00f3wki gwintowane poddawane s\u0105 precyzyjnej obr\u00f3bce powierzchni w celu zwi\u0119kszenia odporno\u015bci na zu\u017cycie. Do prawid\u0142owego smarowania niezb\u0119dne jest regularne smarowanie olejem hydraulicznym.<\/p>\n<p><img decoding=\"async\" src=\"https:\/\/www.hydraulic-cylinders.net\/wp-content\/uploads\/2025\/01\/songte-cylinder-head-with-all-kinds-excavator-models.webp\" alt=\"Konstrukcja cylindra ramienia\"><\/p>\n<h2>Regularne kontrole i konserwacja zapobiegawcza<\/h2>\n<p>Regularne przegl\u0105dy i konserwacja zapobiegawcza s\u0105 niezb\u0119dne dla zapewnienia optymalnej wydajno\u015bci i trwa\u0142o\u015bci si\u0142ownika ramienia. Nale\u017cy podj\u0105\u0107 nast\u0119puj\u0105ce \u015brodki:<\/p>\n<h3>1. Kontrola wizualna<\/h3>\n<p>Regularnie sprawdzaj cylinder pod k\u0105tem uszkodze\u0144, wyciek\u00f3w lub zu\u017cycia. Niezw\u0142ocznie wymie\u0144 zu\u017cyte lub uszkodzone elementy.<\/p>\n<h3>2. Konserwacja smarowania<\/h3>\n<p>Regularnie sprawdzaj i uzupe\u0142niaj odpowiedni\u0105 ilo\u015b\u0107 oleju hydraulicznego, aby zapewni\u0107 w\u0142a\u015bciwe smarowanie cylindra.<\/p>\n<h3>3. Testowanie ci\u015bnieniowe<\/h3>\n<p>Periodically conduct pressure testing to ensure the cylinder&#8217;s integrity and performance under operating conditions.<\/p>\n<h2>Instrukcja instalacji produktu<\/h2>\n<p>Prawid\u0142owy monta\u017c si\u0142ownika ramienia ma kluczowe znaczenie dla jego optymalnej wydajno\u015bci i bezpiecze\u0144stwa. Prosimy o przestrzeganie poni\u017cszych wskaz\u00f3wek:<\/p>\n<h3>1. Przygotowanie<\/h3>\n<p>Upewnij si\u0119, \u017ce miejsce monta\u017cu jest czyste i wolne od wszelkich zanieczyszcze\u0144. Przygotuj niezb\u0119dne narz\u0119dzia do monta\u017cu.<\/p>\n<h3>2. Monta\u017c<\/h3>\n<p>Securely attach the arm cylinder to the designated mounting points using appropriate bolts and fasteners. Follow the manufacturer&#8217;s instructions for torque specifications.<\/p>\n<h3>3. Po\u0142\u0105czenie<\/h3>\n<p>Pod\u0142\u0105cz przewody hydrauliczne do odpowiednich port\u00f3w, upewniaj\u0105c si\u0119, \u017ce s\u0105 prawid\u0142owo i bezpiecznie zamocowane. Przed ostatecznym pod\u0142\u0105czeniem sprawd\u017a, czy nie ma wyciek\u00f3w.<\/p>\n<h3>4. Testowanie<\/h3>\n<p>Po monta\u017cu nale\u017cy przeprowadzi\u0107 dok\u0142adny test, aby upewni\u0107 si\u0119, \u017ce si\u0142ownik ramienia dzia\u0142a prawid\u0142owo. Sprawd\u017a, czy nie wyst\u0119puj\u0105 nietypowe odg\u0142osy, nieszczelno\u015bci lub nadmierne wibracje.<\/p>\n<p><img decoding=\"async\" src=\"https:\/\/www.hydraulic-cylinders.net\/wp-content\/uploads\/2025\/01\/songte-bushings-with-all-kinds-of-excavator-models.webp\" alt=\"Monta\u017c cylindra ramienia\"><\/p>\n<h2>Zagadnienia bezpiecze\u0144stwa i czynniki \u015brodowiskowe<\/h2>\n<p>Podczas korzystania z si\u0142ownika ramienia, priorytetem jest zapewnienie \u015brodk\u00f3w bezpiecze\u0144stwa, aby zapobiec wypadkom i zapewni\u0107 bezpieczne \u015brodowisko pracy. Odpowiednie przeszkolenie, przestrzeganie wytycznych bezpiecze\u0144stwa i stosowanie \u015brodk\u00f3w ochrony indywidualnej s\u0105 kluczowe dla utrzymania bezpiecze\u0144stwa w miejscu pracy.<\/p>\n<h2>Rozwi\u0105zywanie problem\u00f3w i typowe problemy<\/h2>\n<p>Chocia\u017c si\u0142ownik ramienia zosta\u0142 zaprojektowany z my\u015bl\u0105 o optymalnej wydajno\u015bci, mog\u0105 wyst\u0105pi\u0107 pewne problemy. Oto kilka typowych problem\u00f3w i ich rozwi\u0105zania:<\/p>\n<h3>1. Wyciek<\/h3>\n<p>W przypadku wycieku p\u0142ynu hydraulicznego nale\u017cy sprawdzi\u0107 uszczelki i po\u0142\u0105czenia. Wymie\u0144 uszkodzone uszczelki i dokr\u0119\u0107 lu\u017ane po\u0142\u0105czenia.<\/p>\n<h3>2. Powolny lub niesp\u00f3jny ruch<\/h3>\n<p>Sprawd\u017a poziom p\u0142ynu hydraulicznego i upewnij si\u0119, \u017ce jest on prawid\u0142owo smarowany. Sprawd\u017a uk\u0142ad hydrauliczny pod k\u0105tem ewentualnych zator\u00f3w. W razie potrzeby wyczy\u015b\u0107 lub wymie\u0144 filtry.<\/p>\n<h3>3. Nietypowy ha\u0142as lub wibracje<\/h3>\n<p>Sprawd\u017a cylinder ramienia pod k\u0105tem lu\u017anych lub zu\u017cytych element\u00f3w. Dokr\u0119\u0107 lu\u017ane cz\u0119\u015bci i wymie\u0144 zu\u017cyte elementy, aby wyeliminowa\u0107 nienormalny ha\u0142as lub wibracje.<\/p>\n<h3>4. Nadmierne zu\u017cycie<\/h3>\n<p>Regularnie sprawdzaj cylinder ramienia pod k\u0105tem oznak zu\u017cycia. Niezw\u0142ocznie wymieniaj zu\u017cyte elementy, aby zapobiec dalszym uszkodzeniom lub awariom.<\/p>\n<p><img decoding=\"async\" src=\"https:\/\/www.hydraulic-cylinders.net\/wp-content\/uploads\/2025\/01\/songte-chushion-collar.webp\" alt=\"Rozwi\u0105zywanie problem\u00f3w z cylindrem ramienia\"><\/p>\n<p>Pami\u0119taj, aby artyku\u0142 by\u0142 logicznie uporz\u0105dkowany, u\u017cywaj podtytu\u0142\u00f3w u\u0142atwiaj\u0105cych nawigacj\u0119, dodawaj odpowiednie obrazy i wykresy, aby u\u0142atwi\u0107 zrozumienie, a tak\u017ce zadbaj o przejrzysto\u015b\u0107, zwi\u0119z\u0142o\u015b\u0107 i dostosowanie tekstu do potrzeb czytelnik\u00f3w o r\u00f3\u017cnym poziomie wiedzy technicznej.<\/p>\n<h2>O nas<\/h2>\n<p>Jeste\u015bmy profesjonalnym producentem zamiennych cylindr\u00f3w hydraulicznych, oferuj\u0105cym szerok\u0105 gam\u0119 produkt\u00f3w. Stali\u015bmy si\u0119 jednym z wiod\u0105cych producent\u00f3w i hurtowych dystrybutor\u00f3w cylindr\u00f3w hydraulicznych na rynku krajowym i mi\u0119dzynarodowym. Kieruj\u0105c si\u0119 zasad\u0105 doskona\u0142o\u015bci jako\u015bci, stale podnosimy poziom techniczny i wydajno\u015b\u0107 produkcji poprzez precyzyjne procesy produkcyjne i wdra\u017canie strategii zarz\u0105dzania produkcj\u0105 przemys\u0142ow\u0105. Wprowadzaj\u0105c wysokiej klasy cyfrowy sprz\u0119t produkcyjny i profesjonalne systemy testowe, optymalizujemy nasz\u0105 platform\u0119 produkcyjn\u0105, usprawniamy procesy kontroli jako\u015bci produkt\u00f3w i dysponujemy silnymi mo\u017cliwo\u015bciami innowacyjnymi. Naszym celem jest zaspokajanie zr\u00f3\u017cnicowanych potrzeb klient\u00f3w poprzez wydajno\u015b\u0107, precyzj\u0119 i wysok\u0105 jako\u015b\u0107.<\/p>\n<p><img decoding=\"async\" src=\"https:\/\/www.hydraulic-cylinders.net\/wp-content\/uploads\/2025\/01\/songte-company-4.webp\" alt=\"Wizerunek firmy\"><br \/>\n<img decoding=\"async\" src=\"https:\/\/www.hydraulic-cylinders.net\/wp-content\/uploads\/2025\/01\/songte-company-3.webp\" alt=\"Wizerunek firmy\"><\/p>\n<p>Ponadto szczycimy si\u0119 naszym profesjonalizmem, mi\u0119dzynarodowymi certyfikatami, us\u0142ugami niestandardowymi, sprz\u0119tem produkcyjnym i obs\u0142ug\u0105 posprzeda\u017cow\u0105.<\/p>\n<p","protected":false},"excerpt":{"rendered":"<p>Arm Cylinder For Kato Small Excavator HD770-1-2-7 Arm Cylinder For Kato Small Excavator HD770-1-2-7 Definition and Explanation The arm cylinder is a specially designed hydraulic cylinder that provides linear motion and power to the arm of various types of machinery such as excavators, cranes, and robotic arms. The arm cylinder plays a crucial role in [&hellip;]<\/p>","protected":false},"featured_media":14770,"comment_status":"open","ping_status":"closed","template":"","meta":{"_et_pb_use_builder":"","_et_pb_old_content":"","_et_gb_content_width":""},"product_brand":[],"product_cat":[1497],"product_tag":[1498,1496],"class_list":{"0":"post-16954","1":"product","2":"type-product","3":"status-publish","4":"has-post-thumbnail","6":"product_cat-arm-cylinders","7":"product_tag-arm-cylinders","8":"product_tag-hydraulic-cylinders","10":"first","11":"instock","12":"shipping-taxable","13":"product-type-simple"},"amp_enabled":true,"_links":{"self":[{"href":"https:\/\/www.hydraulic-cylinders.net\/pl\/wp-json\/wp\/v2\/product\/16954","targetHints":{"allow":["GET"]}}],"collection":[{"href":"https:\/\/www.hydraulic-cylinders.net\/pl\/wp-json\/wp\/v2\/product"}],"about":[{"href":"https:\/\/www.hydraulic-cylinders.net\/pl\/wp-json\/wp\/v2\/types\/product"}],"replies":[{"embeddable":true,"href":"https:\/\/www.hydraulic-cylinders.net\/pl\/wp-json\/wp\/v2\/comments?post=16954"}],"wp:featuredmedia":[{"embeddable":true,"href":"https:\/\/www.hydraulic-cylinders.net\/pl\/wp-json\/wp\/v2\/media\/14770"}],"wp:attachment":[{"href":"https:\/\/www.hydraulic-cylinders.net\/pl\/wp-json\/wp\/v2\/media?parent=16954"}],"wp:term":[{"taxonomy":"product_brand","embeddable":true,"href":"https:\/\/www.hydraulic-cylinders.net\/pl\/wp-json\/wp\/v2\/product_brand?post=16954"},{"taxonomy":"product_cat","embeddable":true,"href":"https:\/\/www.hydraulic-cylinders.net\/pl\/wp-json\/wp\/v2\/product_cat?post=16954"},{"taxonomy":"product_tag","embeddable":true,"href":"https:\/\/www.hydraulic-cylinders.net\/pl\/wp-json\/wp\/v2\/product_tag?post=16954"}],"curies":[{"name":"wp","href":"https:\/\/api.w.org\/{rel}","templated":true}]}}