{"id":16956,"date":"2025-01-21T06:15:33","date_gmt":"2025-01-21T06:15:33","guid":{"rendered":"https:\/\/www.hydraulic-cylinders.net\/product\/arm-cylinder-for-kato-small-excavator-hd1220\/"},"modified":"2025-01-21T06:15:36","modified_gmt":"2025-01-21T06:15:36","slug":"arm-cylinder-for-kato-small-excavator-hd1220","status":"publish","type":"product","link":"https:\/\/www.hydraulic-cylinders.net\/pl\/produkt\/arm-cylinder-for-kato-small-excavator-hd1220\/","title":{"rendered":"Si\u0142ownik ramienia do ma\u0142ej koparki Kato HD1220"},"content":{"rendered":"<h2>Si\u0142ownik ramienia do ma\u0142ej koparki Kato HD1220<\/h2>\n<p>Si\u0142ownik ramienia to specjalnie zaprojektowany si\u0142ownik hydrauliczny, kt\u00f3ry zapewnia ruch liniowy i zasilanie ramienia r\u00f3\u017cnych maszyn, takich jak koparki, d\u017awigi i ramiona robotyczne. Si\u0142ownik ramienia odgrywa kluczow\u0105 rol\u0119 w uk\u0142adach hydraulicznych, umo\u017cliwiaj\u0105c wydajny ruch i sterowanie osprz\u0119tem lub akcesoriami. Si\u0142owniki te nie tylko zapewniaj\u0105 p\u0142ynny ruch, ale tak\u017ce wytrzymuj\u0105 du\u017ce obci\u0105\u017cenia, gwarantuj\u0105c wydajn\u0105 prac\u0119 i niezawodno\u015b\u0107 maszyn w r\u00f3\u017cnych warunkach pracy.<\/p>\n<p><img decoding=\"async\" src=\"https:\/\/www.hydraulic-cylinders.net\/wp-content\/uploads\/2025\/01\/songte-company-2.webp\"><\/p>\n<h2>Cechy si\u0142ownika ramienia do ma\u0142ej koparki Kato HD1220:<\/h2>\n<ol>\n<li>Wysoce wydajna przek\u0142adnia: si\u0142ownik ramienia zapewnia mocny ruch liniowy i si\u0142\u0119, gwarantuj\u0105c wysok\u0105 wydajno\u015b\u0107 ramienia koparki podczas r\u00f3\u017cnych operacji.<\/li>\n<li>Precyzyjna kontrola: Dzi\u0119ki uk\u0142adowi hydraulicznemu si\u0142ownik ramienia umo\u017cliwia precyzyjn\u0105 kontrol\u0119 ruchu, co sprawia, \u017ce \u200b\u200bobs\u0142uga osprz\u0119tu jest bardziej elastyczna i dok\u0142adna.<\/li>\n<li>Wysoka trwa\u0142o\u015b\u0107: Cylindry ramienia s\u0105 zazwyczaj produkowane z materia\u0142\u00f3w o wysokiej wytrzyma\u0142o\u015bci, zapewniaj\u0105cych doskona\u0142\u0105 odporno\u015b\u0107 na zu\u017cycie i korozj\u0119, dzi\u0119ki czemu nadaj\u0105 si\u0119 do d\u0142ugotrwa\u0142ego u\u017cytkowania w trudnych warunkach.<\/li>\n<li>Wielofunkcyjna adaptacja: Te cylindry mo\u017cna szeroko stosowa\u0107 w r\u00f3\u017cnych maszynach, takich jak koparki, d\u017awigi i ramiona robotyczne, dostosowuj\u0105c si\u0119 do r\u00f3\u017cnych wymaga\u0144 roboczych.<\/li>\n<li>\u0141atwa konserwacja: Zaprojektowany z my\u015bl\u0105 o \u0142atwej konserwacji i wymianie si\u0142ownik ramienia umo\u017cliwia wygodne regularne kontrole i konserwacj\u0119, redukuj\u0105c przestoje sprz\u0119tu.<\/li>\n<\/ol>\n<p><img decoding=\"async\" src=\"https:\/\/www.hydraulic-cylinders.net\/wp-content\/uploads\/2025\/01\/songte-oil-pipes-and-spare-parts.webp\"><\/p>\n<h2>Zastosowania cylindra ramienia:<\/h2>\n<ul>\n<li>In\u017cynieria budowlana: W koparkach i d\u017awigach si\u0142ownik ramienia steruje ruchem \u0142y\u017cki lub wysi\u0119gnika podczas rob\u00f3t ziemnych, przenoszenia materia\u0142\u00f3w i instalacji konstrukcyjnych.<\/li>\n<li>Przemys\u0142 wytw\u00f3rczy: W zautomatyzowanych liniach produkcyjnych si\u0142ownik ramienia jest wykorzystywany do poruszania ramionami robota, umo\u017cliwiaj\u0105c takie procesy, jak monta\u017c, spawanie i obs\u0142uga materia\u0142\u00f3w, zwi\u0119kszaj\u0105c wydajno\u015b\u0107 i dok\u0142adno\u015b\u0107 produkcji.<\/li>\n<li>Maszyny rolnicze: W sprz\u0119cie rolniczym, takim jak kombajny i siewniki, si\u0142ownik ramienia steruje ruchem ramienia roboczego, wykonuj\u0105cego zadania takie jak siew, nawo\u017cenie i zbi\u00f3r.<\/li>\n<li>G\u00f3rnictwo: W sprz\u0119cie g\u00f3rniczym si\u0142ownik ramienia s\u0142u\u017cy do sterowania ruchem ramienia maszyn g\u00f3rniczych s\u0142u\u017c\u0105cych do wydobywania i transportu rudy.<\/li>\n<li>Logistyka i transport: W w\u00f3zkach wid\u0142owych i robotach prze\u0142adunkowych si\u0142ownik ramienia steruje podnoszeniem i ruchem wide\u0142, umo\u017cliwiaj\u0105c przenoszenie i uk\u0142adanie materia\u0142\u00f3w.<\/li>\n<\/ul>\n<h2>Zagadnienia projektowe i kryteria wyboru:<\/h2>\n<ol>\n<li>No\u015bno\u015b\u0107: Cylindry ramieniowe powinny by\u0107 zaprojektowane tak, aby wytrzyma\u0107 okre\u015blone wymagania obci\u0105\u017ceniowe maszyn, w kt\u00f3rych s\u0105 stosowane.<\/li>\n<li>Skuteczno\u015b\u0107 uszczelnienia: Aby zapewni\u0107 skuteczne uszczelnienie, nale\u017cy stosowa\u0107 r\u00f3\u017cne elementy uszczelniaj\u0105ce, takie jak uszczelki t\u0142okowe i t\u0142oczyskowe. Poliuretan i kauczuk nitrylowy to powszechnie stosowane materia\u0142y odporne na zu\u017cycie do produkcji uszczelnie\u0144.<\/li>\n<li>Trwa\u0142o\u015b\u0107: Korpus cylindra i gwintowane ko\u0144c\u00f3wki powinny zosta\u0107 poddane precyzyjnej obr\u00f3bce w celu zwi\u0119kszenia odporno\u015bci na zu\u017cycie. Regularne smarowanie odpowiednim olejem hydraulicznym jest niezb\u0119dne do p\u0142ynnej pracy.<\/li>\n<li>Bezpiecze\u0144stwo: Cylindry ramieniowe powinny spe\u0142nia\u0107 normy bezpiecze\u0144stwa i posiada\u0107 zabezpieczenia zapobiegaj\u0105ce wypadkom podczas pracy.<\/li>\n<li>Konserwacja: Podczas projektowania nale\u017cy uwzgl\u0119dni\u0107 \u0142atwo\u015b\u0107 konserwacji i wymiany, aby zminimalizowa\u0107 przestoje i zagwarantowa\u0107 wydajn\u0105 prac\u0119.<\/li>\n<\/ol>\n<p><img decoding=\"async\" src=\"https:\/\/www.hydraulic-cylinders.net\/wp-content\/uploads\/2025\/01\/songte-cylinder-head-with-all-kinds-excavator-models.webp\"><\/p>\n<h2>Uszczelnianie i smarowanie:<\/h2>\n<p>Si\u0142owniki ramieniowe wykorzystuj\u0105 r\u00f3\u017cnorodne elementy uszczelniaj\u0105ce, takie jak uszczelnienia t\u0142oka i t\u0142oczyska, wykonane z materia\u0142\u00f3w odpornych na zu\u017cycie, takich jak poliuretan i kauczuk nitrylowy. Korpus cylindra i gwintowane ko\u0144c\u00f3wki s\u0105 precyzyjnie obrobione w celu zwi\u0119kszenia odporno\u015bci na zu\u017cycie. Regularne smarowanie odpowiedni\u0105 ilo\u015bci\u0105 oleju hydraulicznego jest niezb\u0119dne dla zapewnienia p\u0142ynnej pracy.<\/p>\n<h2>Regularne kontrole i konserwacja zapobiegawcza:<\/h2>\n<ul>\n<li>Regularnie sprawdzaj cylinder ramienia pod k\u0105tem wszelkich oznak wyciek\u00f3w, uszkodze\u0144 lub zu\u017cycia.<\/li>\n<li>Aby zachowa\u0107 optymaln\u0105 wydajno\u015b\u0107, nale\u017cy sprawdza\u0107 i czy\u015bci\u0107 elementy cylindra, \u0142\u0105cznie z uszczelkami i pr\u0119tami.<\/li>\n<li>Upewnij si\u0119, \u017ce uk\u0142ad hydrauliczny jest wolny od zanieczyszcze\u0144 i obcych cz\u0105stek.<\/li>\n<li>Dokr\u0119\u0107 wszelkie lu\u017ane po\u0142\u0105czenia i mocowania.<\/li>\n<li>Nale\u017cy przestrzega\u0107 zalece\u0144 producenta dotycz\u0105cych cz\u0119stotliwo\u015bci i procedur konserwacji.<\/li>\n<\/ul>\n<h2>Instrukcja instalacji produktu:<\/h2>\n<p>Prawid\u0142owy monta\u017c si\u0142ownika ramienia ma kluczowe znaczenie dla jego wydajno\u015bci i trwa\u0142o\u015bci. Wykonaj nast\u0119puj\u0105ce kroki:<\/p>\n<ol>\n<li>Upewnij si\u0119, \u017ce maszyna jest wy\u0142\u0105czona, a uk\u0142ad hydrauliczny jest pozbawiony ci\u015bnienia.<\/li>\n<li>Przymocuj cylinder ramienia w wyznaczonych punktach mocowania za pomoc\u0105 odpowiednich element\u00f3w z\u0142\u0105cznych.<\/li>\n<li>Pod\u0142\u0105cz przewody hydrauliczne zgodnie z instrukcj\u0105 producenta.<\/li>\n<li>Sprawd\u017a szczelno\u015b\u0107 wszystkich po\u0142\u0105cze\u0144 i w razie konieczno\u015bci dokr\u0119\u0107 je.<\/li>\n<li>Sprawd\u017a funkcjonalno\u015b\u0107 cylindra ramienia, wykonuj\u0105c test ruchu kontrolowanego.<\/li>\n<\/ol>\n<p><img decoding=\"async\" src=\"https:\/\/www.hydraulic-cylinders.net\/wp-content\/uploads\/2025\/01\/songte-bushings-with-all-kinds-of-excavator-models.webp\"><\/p>\n<h2>Zagadnienia bezpiecze\u0144stwa i czynniki \u015brodowiskowe:<\/h2>\n<p>Znaczenie \u015brodk\u00f3w bezpiecze\u0144stwa podczas u\u017cytkowania si\u0142ownik\u00f3w ramieniowych jest nie do przecenienia. Przestrzeganie wytycznych i przepis\u00f3w bezpiecze\u0144stwa jest niezb\u0119dne, aby zapobiec wypadkom i obra\u017ceniom. Ponadto, uwzgl\u0119dnienie czynnik\u00f3w \u015brodowiskowych, takich jak prawid\u0142owa utylizacja p\u0142yn\u00f3w hydraulicznych i przestrzeganie przepis\u00f3w ochrony \u015brodowiska, ma kluczowe znaczenie dla minimalizacji wp\u0142ywu na otaczaj\u0105cy ekosystem.<\/p>\n<h2>Rozwi\u0105zywanie problem\u00f3w i typowe problemy:<\/h2>\n<p>Typowe problemy z si\u0142ownikami ramienia mog\u0105 obejmowa\u0107 nieszczelno\u015b\u0107, niewystarczaj\u0105c\u0105 moc lub nieregularne ruchy. Wskaz\u00f3wki i rozwi\u0105zania dotycz\u0105ce rozwi\u0105zywania problem\u00f3w obejmuj\u0105:<\/p>\n<ul>\n<li>Aby rozwi\u0105za\u0107 problem przeciek\u00f3w, nale\u017cy sprawdzi\u0107 i wymieni\u0107 uszkodzone lub zu\u017cyte uszczelki.<\/li>\n<li>Sprawd\u017a uk\u0142ad hydrauliczny pod k\u0105tem usterek lub awarii, kt\u00f3re mog\u0105 mie\u0107 wp\u0142yw na moc si\u0142ownika ramienia.<\/li>\n<li>Zadbaj o odpowiednie smarowanie i czysto\u015b\u0107 podzespo\u0142\u00f3w cylindra, aby zapewni\u0107 p\u0142ynne i przewidywalne ruchy.<\/li>\n<li>Regularnie sprawdzaj i czy\u015b\u0107 filtry hydrauliczne, aby zapobiega\u0107 ich zatykaniu i zapewni\u0107 wydajn\u0105 prac\u0119.<\/li>\n<li>Wdra\u017caj \u015brodki zapobiegawcze, takie jak regularna konserwacja i kontrole, aby zminimalizowa\u0107 potencjalne problemy.<\/li>\n<\/ul>\n<p><img decoding=\"async\" src=\"https:\/\/www.hydraulic-cylinders.net\/wp-content\/uploads\/2025\/01\/songte-chushion-collar.webp\"><\/p>\n<p>Pami\u0119taj o logicznej organizacji artyku\u0142u, stosuj\u0105c podtytu\u0142y dla \u0142atwej nawigacji. Dodaj odpowiednie obrazy lub wykresy, aby u\u0142atwi\u0107 zrozumienie. Zadbaj o to, aby tre\u015b\u0107 by\u0142a jasna, zwi\u0119z\u0142a i odpowiednia dla czytelnik\u00f3w o r\u00f3\u017cnym poziomie wiedzy technicznej. <\/p>\n<p>Autor: lyl<\/p>\n<p><img decoding=\"async\" src=\"https:\/\/www.hydraulic-cylinders.net\/wp-content\/uploads\/2025\/01\/songte-company-4.webp\"><\/p>\n<p><img decoding=\"async\" src=\"https:\/\/www.hydraulic-cylinders.net\/wp-content\/uploads\/2025\/01\/songte-company-3.webp\"><\/p>\n<p>Jeste\u015bmy profesjonalnym producentem zamiennych cylindr\u00f3w hydraulicznych, oferuj\u0105cym szerok\u0105 gam\u0119 produkt\u00f3w. Stali\u015bmy si\u0119 jednym z wiod\u0105cych producent\u00f3w i hurtowych dystrybutor\u00f3w cylindr\u00f3w hydraulicznych na rynku krajowym i mi\u0119dzynarodowym. Nasze zaanga\u017cowanie w najwy\u017csz\u0105 jako\u015b\u0107 jest poparte strategiami zarz\u0105dzania produkcj\u0105 przemys\u0142ow\u0105 w naszym nowoczesnym zak\u0142adzie produkcyjnym, stale podnosz\u0105cym nasze mo\u017cliwo\u015bci technologiczne i wydajno\u015b\u0107 produkcji. Wprowadzaj\u0105c zaawansowany sprz\u0119t do produkcji cyfrowej i profesjonalne systemy testowe, optymalizujemy nasz\u0105 platform\u0119 produkcyjn\u0105 i usprawniamy procesy kontroli jako\u015bci produkt\u00f3w, wykazuj\u0105c si\u0119 wysokim potencja\u0142em innowacyjnym. Naszym celem jest zaspokajanie zr\u00f3\u017cnicowanych potrzeb klient\u00f3w poprzez wydajno\u015b\u0107, precyzj\u0119 i wysokie standardy jako\u015bci.<\/p>\n<p>Nasz\u0105 firm\u0119 wyr\u00f3\u017cnia:<\/p>\n<ul>\n<li>Profesjonalizm<\/li>\n<li>Certyfikaty mi\u0119dzynarodowe<\/li>\n<li>Us\u0142ugi personalizacji<\/li>\n<li>Sprz\u0119t produkcyjny<\/li>\n<li>Us\u0142ugi posprzeda\u017cowe<\/li>\n<\/ul>\n<p><img decoding=\"async\" src=\"https:\/\/www.hydraulic-cylinders.net\/wp-content\/uploads\/2025\/01\/songte-company-4.webp\"><\/p>\n<p>Uwaga: Tekst w adresie URL podanym przez u\u017cytkownika nie jest widoczny, dlatego nie mo\u017cna wstawi\u0107 adresu URL obrazu.<\/p>","protected":false},"excerpt":{"rendered":"<p>Arm Cylinder For Kato Small Excavator HD1220 Arm Cylinder is a specially designed hydraulic cylinder that provides linear motion and power to the arm of various machinery, such as excavators, cranes, and robotic arms. The arm cylinder plays a critical role in hydraulic systems, allowing for efficient movement and control of attachments or accessories. These [&hellip;]<\/p>","protected":false},"featured_media":14763,"comment_status":"open","ping_status":"closed","template":"","meta":{"_et_pb_use_builder":"","_et_pb_old_content":"","_et_gb_content_width":""},"product_brand":[],"product_cat":[1497],"product_tag":[1498,1496],"class_list":{"0":"post-16956","1":"product","2":"type-product","3":"status-publish","4":"has-post-thumbnail","6":"product_cat-arm-cylinders","7":"product_tag-arm-cylinders","8":"product_tag-hydraulic-cylinders","10":"first","11":"instock","12":"shipping-taxable","13":"product-type-simple"},"amp_enabled":true,"_links":{"self":[{"href":"https:\/\/www.hydraulic-cylinders.net\/pl\/wp-json\/wp\/v2\/product\/16956","targetHints":{"allow":["GET"]}}],"collection":[{"href":"https:\/\/www.hydraulic-cylinders.net\/pl\/wp-json\/wp\/v2\/product"}],"about":[{"href":"https:\/\/www.hydraulic-cylinders.net\/pl\/wp-json\/wp\/v2\/types\/product"}],"replies":[{"embeddable":true,"href":"https:\/\/www.hydraulic-cylinders.net\/pl\/wp-json\/wp\/v2\/comments?post=16956"}],"wp:featuredmedia":[{"embeddable":true,"href":"https:\/\/www.hydraulic-cylinders.net\/pl\/wp-json\/wp\/v2\/media\/14763"}],"wp:attachment":[{"href":"https:\/\/www.hydraulic-cylinders.net\/pl\/wp-json\/wp\/v2\/media?parent=16956"}],"wp:term":[{"taxonomy":"product_brand","embeddable":true,"href":"https:\/\/www.hydraulic-cylinders.net\/pl\/wp-json\/wp\/v2\/product_brand?post=16956"},{"taxonomy":"product_cat","embeddable":true,"href":"https:\/\/www.hydraulic-cylinders.net\/pl\/wp-json\/wp\/v2\/product_cat?post=16956"},{"taxonomy":"product_tag","embeddable":true,"href":"https:\/\/www.hydraulic-cylinders.net\/pl\/wp-json\/wp\/v2\/product_tag?post=16956"}],"curies":[{"name":"wp","href":"https:\/\/api.w.org\/{rel}","templated":true}]}}