{"id":16957,"date":"2025-01-21T06:15:38","date_gmt":"2025-01-21T06:15:38","guid":{"rendered":"https:\/\/www.hydraulic-cylinders.net\/product\/arm-cylinder-for-kato-small-excavator-hd1638r\/"},"modified":"2025-01-21T06:15:40","modified_gmt":"2025-01-21T06:15:40","slug":"arm-cylinder-for-kato-small-excavator-hd1638r","status":"publish","type":"product","link":"https:\/\/www.hydraulic-cylinders.net\/pl\/produkt\/arm-cylinder-for-kato-small-excavator-hd1638r\/","title":{"rendered":"Si\u0142ownik ramienia do ma\u0142ej koparki Kato HD1638R"},"content":{"rendered":"<h1>Si\u0142ownik ramienia do ma\u0142ej koparki Kato HD1638R<\/h1>\n<h2>Wst\u0119p<\/h2>\n<p>Si\u0142ownik ramienia to specjalnie zaprojektowany si\u0142ownik hydrauliczny, kt\u00f3ry s\u0142u\u017cy g\u0142\u00f3wnie do zapewnienia ruchu liniowego i zasilania ramienia r\u00f3\u017cnych maszyn, takich jak koparki, d\u017awigi i ramiona robot\u00f3w. Si\u0142ownik ramienia odgrywa kluczow\u0105 rol\u0119 w uk\u0142adach hydraulicznych, umo\u017cliwiaj\u0105c wydajny ruch i sterowanie dodatkowymi narz\u0119dziami lub osprz\u0119tem. Si\u0142owniki te nie tylko zapewniaj\u0105 p\u0142ynny ruch, ale tak\u017ce wytrzymuj\u0105 du\u017ce obci\u0105\u017cenia, gwarantuj\u0105c wydajn\u0105 prac\u0119 i niezawodno\u015b\u0107 maszyn w r\u00f3\u017cnych warunkach pracy.<\/p>\n<p><img decoding=\"async\" src=\"https:\/\/www.hydraulic-cylinders.net\/wp-content\/uploads\/2025\/01\/songte-company-2.webp\" alt=\"Obraz cylindra ramienia\"><\/p>\n<h2>Cechy<\/h2>\n<ul>\n<li><strong>Wysoka wydajno\u015b\u0107 transmisji:<\/strong> Si\u0142ownik ramienia zapewnia mocny ruch liniowy i si\u0142\u0119, gwarantuj\u0105c wysok\u0105 wydajno\u015b\u0107 podczas r\u00f3\u017cnych operacji.<\/li>\n<li><strong>Precyzyjna kontrola:<\/strong> Dzi\u0119ki uk\u0142adowi hydraulicznemu si\u0142ownik ramienia umo\u017cliwia precyzyjn\u0105 kontrol\u0119 ruchu, co sprawia, \u017ce \u200b\u200bpraca z pod\u0142\u0105czonymi narz\u0119dziami jest bardziej elastyczna i dok\u0142adna.<\/li>\n<li><strong>Trwa\u0142o\u015b\u0107:<\/strong> Cylindry ramienia s\u0105 zazwyczaj wykonane z materia\u0142\u00f3w o wysokiej wytrzyma\u0142o\u015bci, charakteryzuj\u0105cych si\u0119 doskona\u0142\u0105 odporno\u015bci\u0105 na zu\u017cycie i korozj\u0119, dzi\u0119ki czemu nadaj\u0105 si\u0119 do d\u0142ugotrwa\u0142ego u\u017cytkowania w trudnych warunkach.<\/li>\n<li><strong>Wielofunkcyjna adaptowalno\u015b\u0107:<\/strong> Cylindry te mo\u017cna powszechnie stosowa\u0107 w r\u00f3\u017cnych maszynach, takich jak koparki, d\u017awigi i ramiona robotyczne, dostosowuj\u0105c je do r\u00f3\u017cnych wymaga\u0144 roboczych.<\/li>\n<li><strong>\u0141atwa konserwacja:<\/strong> Konstrukcja cylindra ramienia zapewnia \u0142atwo\u015b\u0107 konserwacji i wymiany, dzi\u0119ki czemu regularne kontrole i konserwacja s\u0105 wygodne, a przestoje sprz\u0119tu skr\u00f3cone.<\/li>\n<\/ul>\n<p><img decoding=\"async\" src=\"https:\/\/www.hydraulic-cylinders.net\/wp-content\/uploads\/2025\/01\/songte-oil-pipes-and-spare-parts.webp\" alt=\"Obraz cylindra hydraulicznego\"><\/p>\n<h2>Aplikacje<\/h2>\n<p>Si\u0142ownik ramieniowy znajduje zastosowanie w r\u00f3\u017cnych ga\u0142\u0119ziach przemys\u0142u:<\/p>\n<ul>\n<li><strong>In\u017cynieria budowlana:<\/strong> W koparkach i d\u017awigach si\u0142ownik ramienia steruje ruchem czerpak\u00f3w lub wysi\u0119gnik\u00f3w, u\u0142atwiaj\u0105c prace ziemne, przenoszenie materia\u0142\u00f3w i instalacje konstrukcyjne.<\/li>\n<li><strong>Produkcja:<\/strong> W zautomatyzowanych liniach produkcyjnych si\u0142ownik ramienia umo\u017cliwia ruch ramion robota podczas proces\u00f3w monta\u017cu, spawania i obs\u0142ugi, co zwi\u0119ksza wydajno\u015b\u0107 i dok\u0142adno\u015b\u0107 produkcji.<\/li>\n<li><strong>Maszyny rolnicze:<\/strong> W sprz\u0119cie rolniczym, takim jak kombajny i siewniki, si\u0142ownik ramienia steruje ruchem ramion roboczych podczas wykonywania takich zada\u0144, jak siew, nawo\u017cenie i zbi\u00f3r.<\/li>\n<li><strong>G\u00f3rnictwo:<\/strong> W sprz\u0119cie g\u00f3rniczym si\u0142ownik ramienia steruje ruchem ramienia maszyn g\u00f3rniczych s\u0142u\u017c\u0105cych do wydobywania i transportu rudy.<\/li>\n<li><strong>Logistyka i transport:<\/strong> W w\u00f3zkach wid\u0142owych i robotach prze\u0142adunkowych si\u0142ownik ramienia steruje podnoszeniem i ruchem wide\u0142, umo\u017cliwiaj\u0105c przenoszenie i uk\u0142adanie materia\u0142\u00f3w.<\/li>\n<\/ul>\n<h2>Zagadnienia projektowe i kryteria wyboru<\/h2>\n<p>Je\u015bli chodzi o cylindry ramieniowe, istotn\u0105 rol\u0119 odgrywa kilka kwestii projektowych i kryteri\u00f3w wyboru:<\/p>\n<ul>\n<li><strong>No\u015bno\u015b\u0107:<\/strong> Si\u0142ownik ramienia musi by\u0107 w stanie wytrzyma\u0107 spodziewane obci\u0105\u017cenia i si\u0142y wyst\u0119puj\u0105ce podczas pracy.<\/li>\n<li><strong>Opiecz\u0119towanie:<\/strong> R\u00f3\u017cne elementy uszczelniaj\u0105ce, takie jak uszczelnienia t\u0142ok\u00f3w i t\u0142oczysk, powinny by\u0107 wykonane z materia\u0142\u00f3w odpornych na zu\u017cycie, takich jak poliuretan lub kauczuk nitrylowy. Korpus cylindra i gwintowane ko\u0144c\u00f3wki powinny zosta\u0107 poddane precyzyjnej obr\u00f3bce w celu zwi\u0119kszenia odporno\u015bci na zu\u017cycie.<\/li>\n<li><strong>Trwa\u0142o\u015b\u0107:<\/strong> Cylindry ramienia powinny by\u0107 produkowane z materia\u0142\u00f3w najwy\u017cszej jako\u015bci, aby zapewni\u0107 d\u0142ugotrwa\u0142\u0105 niezawodno\u015b\u0107 oraz odporno\u015b\u0107 na zu\u017cycie i korozj\u0119.<\/li>\n<li><strong>Bezpiecze\u0144stwo:<\/strong> Projektanci powinni priorytetowo traktowa\u0107 kwestie bezpiecze\u0144stwa, w tym zabezpieczenia zapobiegaj\u0105ce wypadkom i zapewniaj\u0105ce ochron\u0119 operatora.<\/li>\n<li><strong>Utrzymywalno\u015b\u0107:<\/strong> Konstrukcja cylindra powinna uwzgl\u0119dnia\u0107 \u0142atwo\u015b\u0107 konserwacji i napraw, aby zminimalizowa\u0107 przestoje i u\u0142atwi\u0107 regularne kontrole.<\/li>\n<\/ul>\n<p><img decoding=\"async\" src=\"https:\/\/www.hydraulic-cylinders.net\/wp-content\/uploads\/2025\/01\/songte-cylinder-head-with-all-kinds-excavator-models.webp\" alt=\"Obraz cylindra hydraulicznego\"><\/p>\n<h2>Uszczelnianie i smarowanie<\/h2>\n<p>W si\u0142ownikach ramienia stosowane s\u0105 r\u00f3\u017cnego rodzaju uszczelnienia, takie jak uszczelnienia t\u0142oka i t\u0142oczyska, wykonane z materia\u0142\u00f3w odpornych na zu\u017cycie, takich jak poliuretan lub kauczuk nitrylowy. Korpus si\u0142ownika i gwintowane ko\u0144c\u00f3wki s\u0105 poddawane precyzyjnej obr\u00f3bce w celu zwi\u0119kszenia odporno\u015bci na zu\u017cycie. Regularne smarowanie odpowiedni\u0105 ilo\u015bci\u0105 oleju hydraulicznego jest niezb\u0119dne dla zapewnienia p\u0142ynnej pracy.<\/p>\n<h2>Regularne kontrole i konserwacja zapobiegawcza<\/h2>\n<p>Aby zachowa\u0107 wydajno\u015b\u0107 i trwa\u0142o\u015b\u0107 cylindr\u00f3w ramienia, konieczne s\u0105 regularne kontrole i konserwacja zapobiegawcza:<\/p>\n<ul>\n<li>Sprawd\u017a uszczelki pod k\u0105tem zu\u017cycia i uszkodze\u0144; w razie konieczno\u015bci wymie\u0144 je.<\/li>\n<li>Sprawd\u017a, czy nie ma \u015blad\u00f3w wycieku i niezw\u0142ocznie zajmij si\u0119 problemem.<\/li>\n<li>Monitoruj stan korpusu cylindra i wykonuj niezb\u0119dne czyszczenie i smarowanie.<\/li>\n<li>Sprawd\u017a, czy funkcje bezpiecze\u0144stwa dzia\u0142aj\u0105 prawid\u0142owo i w razie potrzeby dokonaj regulacji.<\/li>\n<li>Aby zapewni\u0107 optymaln\u0105 wydajno\u015b\u0107, nale\u017cy okresowo przeprowadza\u0107 testy ci\u015bnienia.<\/li>\n<\/ul>\n<h2>Instrukcja instalacji produktu<\/h2>\n<p>Prawid\u0142owy monta\u017c si\u0142ownika ramienia ma kluczowe znaczenie dla jego wydajno\u015bci i niezawodno\u015bci. Wykonaj nast\u0119puj\u0105ce kroki:<\/p>\n<ol>\n<li>Przygotuj miejsce monta\u017cu i upewnij si\u0119, \u017ce jest czyste i wolne od wszelkich zanieczyszcze\u0144.<\/li>\n<li>Nanie\u015b\u0107 smar na gwintowane ko\u0144ce cylindra.<\/li>\n<li>Wyr\u00f3wnaj cylinder z punktami mocowania i zabezpiecz go za pomoc\u0105 odpowiednich \u015brub lub \u0142\u0105cznik\u00f3w.<\/li>\n<li>Dokr\u0119caj \u015bruby stopniowo i r\u00f3wnomiernie do okre\u015blonego momentu obrotowego.<\/li>\n<li>Pod\u0142\u0105cz przewody lub rury hydrauliczne do cylindra, zwracaj\u0105c uwag\u0119 na w\u0142a\u015bciwe wyr\u00f3wnanie i szczelne po\u0142\u0105czenia.<\/li>\n<li>Sprawd\u017a dzia\u0142anie cylindra poprzez uruchomienie odpowiednich mechanizm\u00f3w.<\/li>\n<\/ol>\n<p><img decoding=\"async\" src=\"https:\/\/www.hydraulic-cylinders.net\/wp-content\/uploads\/2025\/01\/songte-bushings-with-all-kinds-of-excavator-models.webp\" alt=\"Obraz cylindra hydraulicznego\"><\/p>\n<h2>Zagadnienia bezpiecze\u0144stwa i czynniki \u015brodowiskowe<\/h2>\n<p>Podczas pracy z si\u0142ownikami ramieniowymi \u015brodki bezpiecze\u0144stwa maj\u0105 kluczowe znaczenie dla zapobiegania wypadkom i zapewnienia bezpiecze\u0144stwa operatorowi. Odpowiednie przeszkolenie i przestrzeganie protoko\u0142\u00f3w bezpiecze\u0144stwa s\u0105 niezb\u0119dne podczas instalacji, obs\u0142ugi i konserwacji. Dodatkowo, aby wyd\u0142u\u017cy\u0107 \u017cywotno\u015b\u0107 si\u0142ownika ramieniowego, nale\u017cy uwzgl\u0119dni\u0107 czynniki \u015brodowiskowe, takie jak temperatura, wilgotno\u015b\u0107 i nara\u017cenie na substancje \u017cr\u0105ce.<\/p>\n<h2>Rozwi\u0105zywanie problem\u00f3w i typowe problemy<\/h2>\n<p>Cylindry ramienia mog\u0105 powodowa\u0107 r\u00f3\u017cne problemy, kt\u00f3re mo\u017cna zdiagnozowa\u0107 i rozwi\u0105za\u0107, wykonuj\u0105c nast\u0119puj\u0105ce czynno\u015bci:<\/p>\n<ul>\n<li><strong>Numer 1:<\/strong> Cylinder nie wysuwa si\u0119 lub nie chowa prawid\u0142owo.<br \/>\n    <br \/><strong>Rozwi\u0105zanie:<\/strong> Sprawd\u017a, czy nie wyst\u0119puje problem z ci\u015bnieniem hydraulicznym i przep\u0142ywem, sprawd\u017a, czy uszczelki nie s\u0105 uszkodzone i upewnij si\u0119, \u017ce smarowanie jest prawid\u0142owe.<\/li>\n<li><strong>Numer 2:<\/strong> Wyciek z cylindra.<br \/>\n    <br \/><strong>Rozwi\u0105zanie:<\/strong> Sprawd\u017a uszczelki pod k\u0105tem zu\u017cycia lub uszkodze\u0144 i wymie\u0144 je w razie potrzeby. Upewnij si\u0119, \u017ce po\u0142\u0105czenia s\u0105 odpowiednio dokr\u0119cone.<\/li>\n<li><strong>Numer 3:<\/strong> Nietypowe d\u017awi\u0119ki podczas pracy.<br \/>\n    <br \/><strong>Rozwi\u0105zanie:<\/strong> Sprawd\u017a, czy elementy nie s\u0105 lu\u017ane, uszczelki uszkodzone lub czy nie ma niewsp\u00f3\u0142osiowo\u015bci. Zajmij si\u0119 problemem odpowiednio.<\/li>\n<\/ul>\n<p><img decoding=\"async\" src=\"https:\/\/www.hydraulic-cylinders.net\/wp-content\/uploads\/2025\/01\/songte-chushion-collar.webp\" alt=\"Obraz cylindra hydraulicznego\"><\/p>\n<p>Dzi\u0119ki tym krokom rozwi\u0105zywania problem\u00f3w i podpowiedziom czytelnicy mog\u0105 skutecznie diagnozowa\u0107 i rozwi\u0105zywa\u0107 problemy oraz wdra\u017ca\u0107 \u015brodki zapobiegawcze w celu minimalizacji potencjalnych problem\u00f3w.<\/p>\n<h2>O nas<\/h2>\n<p>Jeste\u015bmy profesjonalnym producentem zamiennych cylindr\u00f3w hydraulicznych, oferuj\u0105cym szerok\u0105 gam\u0119 produkt\u00f3w. Jako jeden z wiod\u0105cych producent\u00f3w i hurtowych dystrybutor\u00f3w cylindr\u00f3w hydraulicznych na rynku krajowym i mi\u0119dzynarodowym, zawsze kierujemy si\u0119 zasadami doskona\u0142o\u015bci i opieramy si\u0119 na zindustrializowanych strategiach zarz\u0105dzania produkcj\u0105 w naszych udoskonalonych warsztatach produkcyjnych. Stale podnosimy nasze mo\u017cliwo\u015bci techniczne i wydajno\u015b\u0107 produkcji, wprowadzaj\u0105c zaawansowany sprz\u0119t do cyfrowej produkcji i profesjonalne systemy testowania. Koncentruj\u0105c si\u0119 na innowacjach, d\u0105\u017cymy do zaspokojenia zr\u00f3\u017cnicowanych potrzeb naszych klient\u00f3w, kieruj\u0105c si\u0119 zasadami wydajno\u015bci, dok\u0142adno\u015bci i wysokiej jako\u015bci.<\/p>\n<p><img decoding=\"async\" src=\"https:\/\/www.hydraulic-cylinders.net\/wp-content\/uploads\/2025\/01\/songte-company-4.webp\" alt=\"Wizerunek firmy\"><br \/>\n<img decoding=\"async\" src=\"https:\/\/www.hydraulic-cylinders.net\/wp-content\/uploads\/2025\/01\/songte-company-3.webp\" alt=\"Wizerunek firmy\"><\/p>\n<p>Nasz\u0105 firm\u0119 wyr\u00f3\u017cnia profesjonalizm, mi\u0119dzynarodowe certyfikaty, us\u0142ugi dostosowane do indywidualnych potrzeb, produkcja<\/p>","protected":false},"excerpt":{"rendered":"<p>Arm Cylinder For Kato Small Excavator HD1638R Introduction An arm cylinder is a specially designed hydraulic cylinder that is primarily used to provide linear motion and power to the arm of various machinery such as excavators, cranes, and robotic arms. The arm cylinder plays a crucial role in hydraulic systems, enabling the efficient movement and [&hellip;]<\/p>","protected":false},"featured_media":14759,"comment_status":"open","ping_status":"closed","template":"","meta":{"_et_pb_use_builder":"","_et_pb_old_content":"","_et_gb_content_width":""},"product_brand":[],"product_cat":[1497],"product_tag":[1498,1496],"class_list":{"0":"post-16957","1":"product","2":"type-product","3":"status-publish","4":"has-post-thumbnail","6":"product_cat-arm-cylinders","7":"product_tag-arm-cylinders","8":"product_tag-hydraulic-cylinders","10":"first","11":"instock","12":"shipping-taxable","13":"product-type-simple"},"amp_enabled":true,"_links":{"self":[{"href":"https:\/\/www.hydraulic-cylinders.net\/pl\/wp-json\/wp\/v2\/product\/16957","targetHints":{"allow":["GET"]}}],"collection":[{"href":"https:\/\/www.hydraulic-cylinders.net\/pl\/wp-json\/wp\/v2\/product"}],"about":[{"href":"https:\/\/www.hydraulic-cylinders.net\/pl\/wp-json\/wp\/v2\/types\/product"}],"replies":[{"embeddable":true,"href":"https:\/\/www.hydraulic-cylinders.net\/pl\/wp-json\/wp\/v2\/comments?post=16957"}],"wp:featuredmedia":[{"embeddable":true,"href":"https:\/\/www.hydraulic-cylinders.net\/pl\/wp-json\/wp\/v2\/media\/14759"}],"wp:attachment":[{"href":"https:\/\/www.hydraulic-cylinders.net\/pl\/wp-json\/wp\/v2\/media?parent=16957"}],"wp:term":[{"taxonomy":"product_brand","embeddable":true,"href":"https:\/\/www.hydraulic-cylinders.net\/pl\/wp-json\/wp\/v2\/product_brand?post=16957"},{"taxonomy":"product_cat","embeddable":true,"href":"https:\/\/www.hydraulic-cylinders.net\/pl\/wp-json\/wp\/v2\/product_cat?post=16957"},{"taxonomy":"product_tag","embeddable":true,"href":"https:\/\/www.hydraulic-cylinders.net\/pl\/wp-json\/wp\/v2\/product_tag?post=16957"}],"curies":[{"name":"wp","href":"https:\/\/api.w.org\/{rel}","templated":true}]}}