{"id":16960,"date":"2025-01-21T08:27:32","date_gmt":"2025-01-21T08:27:32","guid":{"rendered":"https:\/\/www.hydraulic-cylinders.net\/?post_type=product&#038;p=16960"},"modified":"2025-04-11T01:44:58","modified_gmt":"2025-04-11T01:44:58","slug":"hcyy11112000-forklift-lifting-cylinder","status":"publish","type":"product","link":"https:\/\/www.hydraulic-cylinders.net\/pl\/produkt\/hcyy11112000-forklift-lifting-cylinder\/","title":{"rendered":"HCYY11112000 Si\u0142ownik podnosz\u0105cy w\u00f3zek wid\u0142owy"},"content":{"rendered":"<h1 style=\"text-align: center;\"><strong>HCYY11112000 Si\u0142ownik podnosz\u0105cy w\u00f3zek wid\u0142owy<\/strong><\/h1>\n<p><img loading=\"lazy\" decoding=\"async\" class=\"alignnone wp-image-16964\" src=\"https:\/\/www.hydraulic-cylinders.net\/wp-content\/uploads\/2025\/01\/hcyy11112000-forklift-lifting-cylinder-1.webp\" alt=\"\" width=\"1000\" height=\"345\" srcset=\"https:\/\/www.hydraulic-cylinders.net\/wp-content\/uploads\/2025\/01\/hcyy11112000-forklift-lifting-cylinder-1-980x338.webp 980w, https:\/\/www.hydraulic-cylinders.net\/wp-content\/uploads\/2025\/01\/hcyy11112000-forklift-lifting-cylinder-1-480x166.webp 480w\" sizes=\"(min-width: 0px) and (max-width: 480px) 480px, (min-width: 481px) and (max-width: 980px) 980px, (min-width: 981px) 1000px, 100vw\" \/><\/p>\n<p>Si\u0142ownik hydrauliczny HCYY11112000 do w\u00f3zk\u00f3w wid\u0142owych to kluczowy element w obs\u0142udze w\u00f3zk\u00f3w wid\u0142owych, u\u0142atwiaj\u0105cy wydajne podnoszenie i opuszczanie ci\u0119\u017ckich \u0142adunk\u00f3w. Zaprojektowany z my\u015bl\u0105 o trwa\u0142o\u015bci i wysokiej wydajno\u015bci, ten si\u0142ownik hydrauliczny znacz\u0105co zwi\u0119ksza wydajno\u015b\u0107 w r\u00f3\u017cnych \u015brodowiskach przemys\u0142owych.<\/p>\n<p>Jako niezb\u0119dny element ka\u017cdego w\u00f3zka wid\u0142owego, si\u0142ownik HCYY11112000 charakteryzuje si\u0119 solidn\u0105 konstrukcj\u0105 i du\u017cym ud\u017awigiem, co czyni go idealnym wyborem dla bran\u017c takich jak magazynowanie i budownictwo. Zapoznanie si\u0119 z jego funkcjami, prawid\u0142owym u\u017cytkowaniem i wymaganiami konserwacyjnymi pozwoli operatorom upewni\u0107 si\u0119, \u017ce ten si\u0142ownik hydrauliczny b\u0119dzie dzia\u0142a\u0142 niezawodnie i b\u0119dzie zwi\u0119ksza\u0142 wydajno\u015b\u0107 przez lata.<\/p>\n<h2><strong>HCYY11112000 Parametr cylindra podnosz\u0105cego w\u00f3zka wid\u0142owego:<\/strong><\/h2>\n<h2><img loading=\"lazy\" decoding=\"async\" class=\"alignnone size-full wp-image-16968\" src=\"https:\/\/www.hydraulic-cylinders.net\/wp-content\/uploads\/2025\/01\/hcyy11112000-forklift-lifting-cylinder-5.webp\" alt=\"\" width=\"1517\" height=\"144\" srcset=\"https:\/\/www.hydraulic-cylinders.net\/wp-content\/uploads\/2025\/01\/hcyy11112000-forklift-lifting-cylinder-5.webp 1517w, https:\/\/www.hydraulic-cylinders.net\/wp-content\/uploads\/2025\/01\/hcyy11112000-forklift-lifting-cylinder-5-1280x122.webp 1280w, https:\/\/www.hydraulic-cylinders.net\/wp-content\/uploads\/2025\/01\/hcyy11112000-forklift-lifting-cylinder-5-980x93.webp 980w, https:\/\/www.hydraulic-cylinders.net\/wp-content\/uploads\/2025\/01\/hcyy11112000-forklift-lifting-cylinder-5-480x46.webp 480w\" sizes=\"(min-width: 0px) and (max-width: 480px) 480px, (min-width: 481px) and (max-width: 980px) 980px, (min-width: 981px) and (max-width: 1280px) 1280px, (min-width: 1281px) 1517px, 100vw\" \/><img loading=\"lazy\" decoding=\"async\" class=\"alignnone wp-image-16965\" style=\"color: #666666; font-size: 14px;\" src=\"https:\/\/www.hydraulic-cylinders.net\/wp-content\/uploads\/2025\/01\/hcyy11112000-forklift-lifting-cylinder-2.webp\" alt=\"\" width=\"1000\" height=\"482\" srcset=\"https:\/\/www.hydraulic-cylinders.net\/wp-content\/uploads\/2025\/01\/hcyy11112000-forklift-lifting-cylinder-2-980x472.webp 980w, https:\/\/www.hydraulic-cylinders.net\/wp-content\/uploads\/2025\/01\/hcyy11112000-forklift-lifting-cylinder-2-480x231.webp 480w\" sizes=\"(min-width: 0px) and (max-width: 480px) 480px, (min-width: 481px) and (max-width: 980px) 980px, (min-width: 981px) 1000px, 100vw\" \/><span style=\"color: #666666; font-size: 14px;\">\u00a0<\/span><img loading=\"lazy\" decoding=\"async\" class=\"alignnone wp-image-16966\" style=\"color: #666666; font-size: 14px;\" src=\"https:\/\/www.hydraulic-cylinders.net\/wp-content\/uploads\/2025\/01\/hcyy11112000-forklift-lifting-cylinder-3.webp\" alt=\"\" width=\"1000\" height=\"482\" srcset=\"https:\/\/www.hydraulic-cylinders.net\/wp-content\/uploads\/2025\/01\/hcyy11112000-forklift-lifting-cylinder-3-980x473.webp 980w, https:\/\/www.hydraulic-cylinders.net\/wp-content\/uploads\/2025\/01\/hcyy11112000-forklift-lifting-cylinder-3-480x232.webp 480w\" sizes=\"(min-width: 0px) and (max-width: 480px) 480px, (min-width: 481px) and (max-width: 980px) 980px, (min-width: 981px) 1000px, 100vw\" \/><img loading=\"lazy\" decoding=\"async\" class=\"alignnone size-full wp-image-16967\" src=\"https:\/\/www.hydraulic-cylinders.net\/wp-content\/uploads\/2025\/01\/hcyy11112000-forklift-lifting-cylinder-4.webp\" alt=\"\" width=\"1496\" height=\"774\" srcset=\"https:\/\/www.hydraulic-cylinders.net\/wp-content\/uploads\/2025\/01\/hcyy11112000-forklift-lifting-cylinder-4.webp 1496w, https:\/\/www.hydraulic-cylinders.net\/wp-content\/uploads\/2025\/01\/hcyy11112000-forklift-lifting-cylinder-4-1280x662.webp 1280w, https:\/\/www.hydraulic-cylinders.net\/wp-content\/uploads\/2025\/01\/hcyy11112000-forklift-lifting-cylinder-4-980x507.webp 980w, https:\/\/www.hydraulic-cylinders.net\/wp-content\/uploads\/2025\/01\/hcyy11112000-forklift-lifting-cylinder-4-480x248.webp 480w\" sizes=\"(min-width: 0px) and (max-width: 480px) 480px, (min-width: 481px) and (max-width: 980px) 980px, (min-width: 981px) and (max-width: 1280px) 1280px, (min-width: 1281px) 1496px, 100vw\" \/><\/h2>\n<h2><strong>Seria cylindr\u00f3w do w\u00f3zk\u00f3w wid\u0142owych:\u00a0<\/strong><\/h2>\n<h2><img loading=\"lazy\" decoding=\"async\" class=\"alignnone size-full wp-image-16971\" src=\"https:\/\/www.hydraulic-cylinders.net\/wp-content\/uploads\/2025\/01\/fork-lift-cylinder.webp\" alt=\"\" width=\"2004\" height=\"2529\" srcset=\"https:\/\/www.hydraulic-cylinders.net\/wp-content\/uploads\/2025\/01\/fork-lift-cylinder.webp 2004w, https:\/\/www.hydraulic-cylinders.net\/wp-content\/uploads\/2025\/01\/fork-lift-cylinder-1280x1615.webp 1280w, https:\/\/www.hydraulic-cylinders.net\/wp-content\/uploads\/2025\/01\/fork-lift-cylinder-980x1237.webp 980w, https:\/\/www.hydraulic-cylinders.net\/wp-content\/uploads\/2025\/01\/fork-lift-cylinder-480x606.webp 480w\" sizes=\"(min-width: 0px) and (max-width: 480px) 480px, (min-width: 481px) and (max-width: 980px) 980px, (min-width: 981px) and (max-width: 1280px) 1280px, (min-width: 1281px) 2004px, 100vw\" \/><\/h2>\n<h2><strong>G\u0142\u00f3wne cechy cylindra podnosz\u0105cego do w\u00f3zka wid\u0142owego HCYY11112000:<\/strong><\/h2>\n<p>Si\u0142ownik podnosz\u0105cy do w\u00f3zka wid\u0142owego HCYY11112000 zosta\u0142 zaprojektowany z kilkoma wyj\u0105tkowymi cechami, kt\u00f3re zwi\u0119kszaj\u0105 jego wydajno\u015b\u0107 i niezawodno\u015b\u0107 w wymagaj\u0105cych warunkach przemys\u0142owych.<\/p>\n<h4><strong>Wysoka \u0142adowno\u015b\u0107<\/strong><\/h4>\n<p>Zaprojektowany do ci\u0119\u017ckich zastosowa\u0144, model HCYY11112000 bez trudu radzi sobie z du\u017cymi ci\u0119\u017carami. Dzi\u0119ki temu wysokiemu ud\u017awigowi operatorzy mog\u0105 pewnie podnosi\u0107 i transportowa\u0107 du\u017ce materia\u0142y, co czyni go niezast\u0105pionym narz\u0119dziem w magazynach, na placach budowy i w zak\u0142adach produkcyjnych.<\/p>\n<h4><strong>Trwa\u0142a konstrukcja<\/strong><\/h4>\n<p>Wykonany z materia\u0142\u00f3w o wysokiej wytrzyma\u0142o\u015bci, ten cylinder charakteryzuje si\u0119 wyj\u0105tkow\u0105 trwa\u0142o\u015bci\u0105. Jego solidna konstrukcja jest odporna na zu\u017cycie, dzi\u0119ki czemu znosi trudy codziennego u\u017cytkowania. Ta trwa\u0142o\u015b\u0107 przek\u0142ada si\u0119 na d\u0142u\u017csz\u0105 \u017cywotno\u015b\u0107, zmniejszaj\u0105c potrzeb\u0119 cz\u0119stych wymian i minimalizuj\u0105c koszty eksploatacji.<\/p>\n<h4><strong>In\u017cynieria precyzyjna<\/strong><\/h4>\n<p>Model HCYY11112000 charakteryzuje si\u0119 innowacyjn\u0105 konstrukcj\u0105, kt\u00f3ra zapewnia p\u0142ynne i precyzyjne podnoszenie. Ta precyzyjna konstrukcja minimalizuje ryzyko przesuni\u0119cia \u0142adunku, zwi\u0119kszaj\u0105c bezpiecze\u0144stwo podczas pracy. Operatorzy mog\u0105 polega\u0107 na tym cylindrze, kt\u00f3ry zapewnia stabilno\u015b\u0107 nawet podczas podnoszenia nier\u00f3wnych lub du\u017cych \u0142adunk\u00f3w.<\/p>\n<h4><strong>Odporno\u015b\u0107 na korozj\u0119<\/strong><\/h4>\n<p>W trudnych warunkach, nara\u017cenie na wilgo\u0107 i agresywne chemikalia mo\u017ce prowadzi\u0107 do przedwczesnego zu\u017cycia. Model HCYY11112000 jest wyposa\u017cony w specjalne pow\u0142oki, kt\u00f3re zapewniaj\u0105 skuteczn\u0105 ochron\u0119 przed rdz\u0105 i korozj\u0105. Ta cecha gwarantuje niezawodn\u0105 prac\u0119 i wyd\u0142u\u017ca \u017cywotno\u015b\u0107 cylindra, niezale\u017cnie od warunk\u00f3w, w jakich jest on eksploatowany.<\/p>\n<h4><strong>Wydajna operacja<\/strong><\/h4>\n<p>Zoptymalizowana konstrukcja przep\u0142ywu hydraulicznego zwi\u0119ksza pr\u0119dko\u015b\u0107 podnoszenia i wydajno\u015b\u0107 podno\u015bnika HCYY11112000. Ta przemy\u015blana konstrukcja skraca przestoje, umo\u017cliwiaj\u0105c operatorom szybsze i wydajniejsze wykonywanie zada\u0144. Zwi\u0119kszona wydajno\u015b\u0107 nie tylko oszcz\u0119dza czas, ale tak\u017ce poprawia og\u00f3ln\u0105 wydajno\u015b\u0107 w dynamicznych \u015brodowiskach pracy.<\/p>\n<h4><strong>Wszechstronne zastosowanie<\/strong><\/h4>\n<p>Model HCYY11112000 jest na tyle wszechstronny, \u017ce mo\u017cna go u\u017cywa\u0107 w r\u00f3\u017cnych zastosowaniach, od podnoszenia ci\u0119\u017ckich element\u00f3w przemys\u0142owych po obs\u0142ug\u0119 palet w magazynie. Jego wszechstronno\u015b\u0107 sprawia, \u017ce \u200b\u200bjest preferowanym wyborem w wielu bran\u017cach, gwarantuj\u0105c spe\u0142nienie zr\u00f3\u017cnicowanych potrzeb operator\u00f3w.<\/p>\n<h4><strong>\u0141atwa instalacja i konserwacja<\/strong><\/h4>\n<p>Zaprojektowany z my\u015bl\u0105 o \u0142atwo\u015bci u\u017cytkowania, model HCYY11112000 umo\u017cliwia \u0142atw\u0105 instalacj\u0119 i konserwacj\u0119. Operatorzy mog\u0105 go szybko skonfigurowa\u0107 i przeprowadza\u0107 regularne kontrole, co zapewnia p\u0142ynne dzia\u0142anie bez d\u0142u\u017cszych przestoj\u00f3w.<\/p>\n<p>Dzi\u0119ki swoim imponuj\u0105cym funkcjom, si\u0142ownik podnosz\u0105cy HCYY11112000 do w\u00f3zk\u00f3w wid\u0142owych nie tylko zwi\u0119ksza wydajno\u015b\u0107 podnoszenia, ale tak\u017ce podnosi standardy bezpiecze\u0144stwa i trwa\u0142o\u015bci. Inwestuj\u0105c w ten wysokowydajny si\u0142ownik, przedsi\u0119biorstwa mog\u0105 zwi\u0119kszy\u0107 produktywno\u015b\u0107 i zapewni\u0107 niezawodn\u0105 prac\u0119 przez lata.<\/p>\n<h2><strong>Jakie kluczowe praktyki konserwacyjne pomagaj\u0105 wyd\u0142u\u017cy\u0107 \u017cywotno\u015b\u0107 cylindra podnosz\u0105cego w\u00f3zka wid\u0142owego?<\/strong><\/h2>\n<p>Aby znacz\u0105co wyd\u0142u\u017cy\u0107 \u017cywotno\u015b\u0107 cylindra podno\u015bnika w\u00f3zka wid\u0142owego, niezb\u0119dne jest proaktywne podej\u015bcie do konserwacji. Oto kilka kluczowych praktyk, kt\u00f3re nie tylko wyd\u0142u\u017caj\u0105 \u017cywotno\u015b\u0107, ale tak\u017ce zapewniaj\u0105 bezpieczn\u0105 i wydajn\u0105 prac\u0119:<\/p>\n<h4><strong>1. Regularne kontrole<\/strong><\/h4>\n<ul>\n<li><strong>Dlaczego to ma znaczenie<\/strong>:Cz\u0119ste kontrole s\u0105 kluczowe dla wczesnego wykrywania zu\u017cycia, wyciek\u00f3w lub uszkodze\u0144. Wykrycie tych problem\u00f3w, zanim si\u0119 nasil\u0105, mo\u017ce zaoszcz\u0119dzi\u0107 na kosztownych naprawach i przestojach.<\/li>\n<li><strong>Wskaz\u00f3wka<\/strong>:Utw\u00f3rz list\u0119 kontroln\u0105, aby systematycznie sprawdza\u0107 wszystkie podzespo\u0142y, w tym w\u0119\u017ce, uszczelki i sam cylinder.<\/li>\n<\/ul>\n<h4><strong>2. Kontrola p\u0142ynu hydraulicznego<\/strong><\/h4>\n<ul>\n<li><strong>Dlaczego to ma znaczenie<\/strong>P\u0142yn hydrauliczny dzia\u0142a jak si\u0142a nap\u0119dowa si\u0142ownika podnosz\u0105cego, umo\u017cliwiaj\u0105c p\u0142ynn\u0105 prac\u0119. Utrzymanie odpowiedniego poziomu i jako\u015bci p\u0142ynu jest kluczowe dla optymalnej wydajno\u015bci.<\/li>\n<li><strong>Wskaz\u00f3wka<\/strong>: Regularnie sprawdzaj, czy p\u0142yn nie jest zanieczyszczony i wymieniaj go zgodnie z zaleceniami producenta.<\/li>\n<\/ul>\n<h4><strong>3. Konserwacja uszczelek<\/strong><\/h4>\n<ul>\n<li><strong>Dlaczego to ma znaczenie<\/strong>Uszczelki odgrywaj\u0105 kluczow\u0105 rol\u0119 w zapobieganiu wyciekom i utrzymywaniu ci\u015bnienia w cylindrze. Zu\u017cyte lub uszkodzone uszczelki mog\u0105 prowadzi\u0107 do problem\u00f3w z wydajno\u015bci\u0105 i zagro\u017ce\u0144 dla bezpiecze\u0144stwa.<\/li>\n<li><strong>Wskaz\u00f3wka<\/strong>: Podczas regularnych przegl\u0105d\u00f3w sprawdzaj uszczelki i wymieniaj je bezzw\u0142ocznie, aby unikn\u0105\u0107 powa\u017cniejszych problem\u00f3w.<\/li>\n<\/ul>\n<h4><strong>4. Czyszczenie<\/strong><\/h4>\n<ul>\n<li><strong>Dlaczego to ma znaczenie<\/strong>:Utrzymywanie cylindra i otaczaj\u0105cych go obszar\u00f3w w stanie wolnym od brudu i zanieczyszcze\u0144 jest niezb\u0119dne, aby zapobiec zanieczyszczeniom i zapewni\u0107 p\u0142ynn\u0105 prac\u0119.<\/li>\n<li><strong>Wskaz\u00f3wka<\/strong>: Aby unikn\u0105\u0107 uszkodzenia powierzchni i jednocze\u015bnie zapewni\u0107 czysto\u015b\u0107, nale\u017cy u\u017cywa\u0107 mi\u0119kkiej \u015bciereczki i odpowiednich \u015brodk\u00f3w czyszcz\u0105cych.<\/li>\n<\/ul>\n<h4><strong>5. Smarowanie<\/strong><\/h4>\n<ul>\n<li><strong>Dlaczego to ma znaczenie<\/strong>: Prawid\u0142owe smarowanie ruchomych cz\u0119\u015bci zmniejsza tarcie i zu\u017cycie, co mo\u017ce wyd\u0142u\u017cy\u0107 \u017cywotno\u015b\u0107 cylindra.<\/li>\n<li><strong>Wskaz\u00f3wka<\/strong>: Post\u0119puj zgodnie ze wskaz\u00f3wkami producenta dotycz\u0105cymi \u015brodk\u00f3w smarnych i upewnij si\u0119, \u017ce wszystkie ruchome cz\u0119\u015bci s\u0105 odpowiednio serwisowane.<\/li>\n<\/ul>\n<h4><strong>6. Zarz\u0105dzanie obci\u0105\u017ceniem<\/strong><\/h4>\n<ul>\n<li><strong>Dlaczego to ma znaczenie<\/strong>Praca w ramach okre\u015blonego obci\u0105\u017cenia ma kluczowe znaczenie dla bezpiecze\u0144stwa i wydajno\u015bci. Przeci\u0105\u017cenie mo\u017ce prowadzi\u0107 do awarii mechanicznej i zwi\u0119kszonego zu\u017cycia.<\/li>\n<li><strong>Wskaz\u00f3wka<\/strong>: Zawsze nale\u017cy zwraca\u0107 uwag\u0119 na limity obci\u0105\u017cenia i operatorzy poci\u0105g\u00f3w, aby zdawali sobie spraw\u0119, jak wa\u017cne jest ich przestrzeganie.<\/li>\n<\/ul>\n<h4><strong>7. Profesjonalny serwis<\/strong><\/h4>\n<ul>\n<li><strong>Dlaczego to ma znaczenie<\/strong>:Zatrudnienie specjalist\u00f3w do regularnych kontroli konserwacyjnych mo\u017ce pom\u00f3c w zidentyfikowaniu potencjalnych problem\u00f3w, kt\u00f3re mog\u0142yby nie by\u0107 widoczne podczas rutynowych inspekcji.<\/li>\n<li><strong>Wskaz\u00f3wka<\/strong>: Ustal harmonogram konserwacji z certyfikowanym technikiem, aby mie\u0107 pewno\u015b\u0107, \u017ce wszystkie podzespo\u0142y s\u0105 w najlepszym stanie.<\/li>\n<\/ul>\n<p>W\u0142\u0105czaj\u0105c te podstawowe praktyki konserwacyjne do swojej codziennej pracy, wyd\u0142u\u017casz \u017cywotno\u015b\u0107 si\u0142ownika podno\u015bnika w\u00f3zka wid\u0142owego oraz poprawiasz bezpiecze\u0144stwo i wydajno\u015b\u0107 w ca\u0142ej firmie. Dobrze utrzymany si\u0142ownik podno\u015bnika mo\u017ce prowadzi\u0107 do wzrostu wydajno\u015bci, obni\u017cenia koszt\u00f3w operacyjnych i zwi\u0119kszenia bezpiecze\u0144stwa w miejscu pracy, co sprawia, \u017ce \u200b\u200bte praktyki s\u0105 warte wysi\u0142ku!<\/p>\n<h2><strong>Obszar produkcji cylindr\u00f3w do w\u00f3zk\u00f3w wid\u0142owych:<\/strong><\/h2>\n<h2><img loading=\"lazy\" decoding=\"async\" class=\"alignnone size-full wp-image-16972\" src=\"https:\/\/www.hydraulic-cylinders.net\/wp-content\/uploads\/2025\/01\/hydraulic-cylinder-factory-1-scaled.webp\" alt=\"\" width=\"2016\" height=\"2560\" srcset=\"https:\/\/www.hydraulic-cylinders.net\/wp-content\/uploads\/2025\/01\/hydraulic-cylinder-factory-1-scaled.webp 2016w, https:\/\/www.hydraulic-cylinders.net\/wp-content\/uploads\/2025\/01\/hydraulic-cylinder-factory-1-1280x1625.webp 1280w, https:\/\/www.hydraulic-cylinders.net\/wp-content\/uploads\/2025\/01\/hydraulic-cylinder-factory-1-980x1244.webp 980w, https:\/\/www.hydraulic-cylinders.net\/wp-content\/uploads\/2025\/01\/hydraulic-cylinder-factory-1-480x610.webp 480w\" sizes=\"(min-width: 0px) and (max-width: 480px) 480px, (min-width: 481px) and (max-width: 980px) 980px, (min-width: 981px) and (max-width: 1280px) 1280px, (min-width: 1281px) 2016px, 100vw\" \/><\/h2>\n<p>Dysponujemy najwy\u017cszej klasy, niezale\u017cn\u0105 platform\u0105 badawczo-rozwojow\u0105 do monta\u017cu. Warsztat produkcji cylindr\u00f3w do w\u00f3zk\u00f3w wid\u0142owych posiada cztery p\u00f3\u0142automatyczne linie monta\u017cowe do podnoszenia cylindr\u00f3w oraz w pe\u0142ni zautomatyzowan\u0105 lini\u0119 monta\u017cow\u0105 do przechylania cylindr\u00f3w o projektowanej rocznej wydajno\u015bci miliona sztuk. Specjalistyczny warsztat produkcji cylindr\u00f3w posiada p\u00f3\u0142automatyczne systemy czyszczenia i monta\u017cu o r\u00f3\u017cnych specyfikacjach i projektowanej rocznej wydajno\u015bci 200 000 sztuk. Jest on wyposa\u017cony w renomowane maszyny do obr\u00f3bki CNC, centra obr\u00f3bcze, specjalistyczny sprz\u0119t do precyzyjnej obr\u00f3bki cylindr\u00f3w, roboty spawalnicze, automatyczne maszyny czyszcz\u0105ce, automatyczne maszyny do monta\u017cu cylindr\u00f3w oraz automatyczne linie produkcyjne lakierni. Posiadamy ponad 300 zestaw\u00f3w kluczowych urz\u0105dze\u0144. Zoptymalizowana alokacja i efektywne wykorzystanie zasob\u00f3w sprz\u0119towych zapewniaj\u0105 precyzj\u0119 produkt\u00f3w i spe\u0142niaj\u0105 wysokie standardy jako\u015bci.<\/p>\n<p>Warsztat obr\u00f3bki mechanicznej wyposa\u017cony jest w specjalnie zaprojektowane centra tokarskie z prowadnicami uchylnymi, centra obr\u00f3bcze, szybkie maszyny do honowania, roboty spawalnicze i inny potrzebny sprz\u0119t, kt\u00f3ry mo\u017ce wykonywa\u0107 obr\u00f3bk\u0119 rur cylindrycznych o maksymalnej \u015brednicy wewn\u0119trznej 400 mm i maksymalnej d\u0142ugo\u015bci 6 metr\u00f3w.<\/p>\n<h2><img loading=\"lazy\" decoding=\"async\" class=\"alignnone size-full wp-image-16973\" src=\"https:\/\/www.hydraulic-cylinders.net\/wp-content\/uploads\/2025\/01\/hydraulic-cylinder-factory-2-scaled.webp\" alt=\"\" width=\"2011\" height=\"2560\" srcset=\"https:\/\/www.hydraulic-cylinders.net\/wp-content\/uploads\/2025\/01\/hydraulic-cylinder-factory-2-scaled.webp 2011w, https:\/\/www.hydraulic-cylinders.net\/wp-content\/uploads\/2025\/01\/hydraulic-cylinder-factory-2-1280x1629.webp 1280w, https:\/\/www.hydraulic-cylinders.net\/wp-content\/uploads\/2025\/01\/hydraulic-cylinder-factory-2-980x1248.webp 980w, https:\/\/www.hydraulic-cylinders.net\/wp-content\/uploads\/2025\/01\/hydraulic-cylinder-factory-2-480x611.webp 480w\" sizes=\"(min-width: 0px) and (max-width: 480px) 480px, (min-width: 481px) and (max-width: 980px) 980px, (min-width: 981px) and (max-width: 1280px) 1280px, (min-width: 1281px) 2011px, 100vw\" \/><\/h2>\n<p>Posiadamy w pe\u0142ni zautomatyzowan\u0105 lini\u0119 do lakierowania ma\u0142ych i \u015brednich butli farbami wodorozcie\u0144czalnymi, kt\u00f3ra realizuje automatyczny za\u0142adunek i roz\u0142adunek oraz automatyczne roboty natryskowe o projektowanej wydajno\u015bci 4000 stanowisk na zmian\u0119. Posiadamy r\u00f3wnie\u017c p\u00f3\u0142automatyczn\u0105 lini\u0119 do lakierowania butli wielkogabarytowych, nap\u0119dzan\u0105 \u0142a\u0144cuchem nap\u0119dowym, o projektowanej wydajno\u015bci 60 skrzy\u0144 na zmian\u0119.<\/p>\n<p>Aby jeszcze bardziej zwi\u0119kszy\u0107 wydajno\u015b\u0107 naszych produkt\u00f3w i ugruntowa\u0107 pozycj\u0119 lidera w bran\u017cy w dziedzinie cylindr\u00f3w hydraulicznych, nasza firma i zjimee wsp\u00f3lnie utworzy\u0142y kompleksowe laboratorium wydajno\u015bciowe cylindr\u00f3w hydraulicznych, zawor\u00f3w hydraulicznych i pomp hydraulicznych. W laboratorium przeprowadzane s\u0105 testy wspomagane komputerowo z wykorzystaniem technologii elektrohydraulicznej. Warunki test\u00f3w s\u0105 wst\u0119pnie ustalane przez komputer, co zwi\u0119ksza dok\u0142adno\u015b\u0107 test\u00f3w i wszechstronno\u015b\u0107 systemu, a tak\u017ce dane eksperymentalne.<\/p>\n<p>Automatyczne zbieranie danych odbywa si\u0119 za pomoc\u0105 czujnik\u00f3w, a dane wyj\u015bciowe, takie jak przeciek wewn\u0119trzny i wydajno\u015b\u0107 obci\u0105\u017cenia cylindra lub zaworu, s\u0105 bezpo\u015brednio przetwarzane przez komputer i konwertowane do jednostek standardowych (ml\/min\u207b ...<br \/>\nSprawno\u015b\u0107 i szczelno\u015b\u0107 wewn\u0119trzn\u0105 mo\u017cna sprawdzi\u0107 odczytami. Jednocze\u015bnie urz\u0105dzenie jest wyposa\u017cone w przyrz\u0105d pomiarowy z podzia\u0142k\u0105 kratow\u0105, kt\u00f3ry spe\u0142nia wymagania wszystkich element\u00f3w testowych si\u0142ownik\u00f3w hydraulicznych zgodnie z norm\u0105 krajow\u0105.<\/p>","protected":false},"excerpt":{"rendered":"<p>HCYY11112000 Forklift Lifting Cylinder The HCYY11112000 Forklift Lifting Cylinder is a crucial component for forklift operations, facilitating the efficient lifting and lowering of heavy loads. Engineered for durability and high performance, this hydraulic cylinder significantly boosts productivity across various industrial environments. As an essential asset for any forklift operation, the HCYY11112000 features a robust design [&hellip;]<\/p>","protected":false},"featured_media":16974,"comment_status":"open","ping_status":"closed","template":"","meta":{"_et_pb_use_builder":"","_et_pb_old_content":"","_et_gb_content_width":""},"product_brand":[],"product_cat":[1484,1549],"product_tag":[],"class_list":{"0":"post-16960","1":"product","2":"type-product","3":"status-publish","4":"has-post-thumbnail","6":"product_cat-forklift-hydraulic-cylinders","7":"product_cat-single-acting-hydraulic-cylinder","9":"first","10":"instock","11":"shipping-taxable","12":"product-type-simple"},"amp_enabled":true,"_links":{"self":[{"href":"https:\/\/www.hydraulic-cylinders.net\/pl\/wp-json\/wp\/v2\/product\/16960","targetHints":{"allow":["GET"]}}],"collection":[{"href":"https:\/\/www.hydraulic-cylinders.net\/pl\/wp-json\/wp\/v2\/product"}],"about":[{"href":"https:\/\/www.hydraulic-cylinders.net\/pl\/wp-json\/wp\/v2\/types\/product"}],"replies":[{"embeddable":true,"href":"https:\/\/www.hydraulic-cylinders.net\/pl\/wp-json\/wp\/v2\/comments?post=16960"}],"wp:featuredmedia":[{"embeddable":true,"href":"https:\/\/www.hydraulic-cylinders.net\/pl\/wp-json\/wp\/v2\/media\/16974"}],"wp:attachment":[{"href":"https:\/\/www.hydraulic-cylinders.net\/pl\/wp-json\/wp\/v2\/media?parent=16960"}],"wp:term":[{"taxonomy":"product_brand","embeddable":true,"href":"https:\/\/www.hydraulic-cylinders.net\/pl\/wp-json\/wp\/v2\/product_brand?post=16960"},{"taxonomy":"product_cat","embeddable":true,"href":"https:\/\/www.hydraulic-cylinders.net\/pl\/wp-json\/wp\/v2\/product_cat?post=16960"},{"taxonomy":"product_tag","embeddable":true,"href":"https:\/\/www.hydraulic-cylinders.net\/pl\/wp-json\/wp\/v2\/product_tag?post=16960"}],"curies":[{"name":"wp","href":"https:\/\/api.w.org\/{rel}","templated":true}]}}