{"id":16975,"date":"2025-01-21T08:40:18","date_gmt":"2025-01-21T08:40:18","guid":{"rendered":"https:\/\/www.hydraulic-cylinders.net\/?post_type=product&#038;p=16975"},"modified":"2025-04-11T03:15:42","modified_gmt":"2025-04-11T03:15:42","slug":"hcyy11112001-forklift-tilt-cylinder","status":"publish","type":"product","link":"https:\/\/www.hydraulic-cylinders.net\/pl\/produkt\/hcyy11112001-forklift-tilt-cylinder\/","title":{"rendered":"HCYY11112001 Si\u0142ownik przechy\u0142u w\u00f3zka wid\u0142owego"},"content":{"rendered":"<h1 style=\"text-align: center;\"><strong>HCYY11112001 Si\u0142ownik przechy\u0142u w\u00f3zka wid\u0142owego<\/strong><\/h1>\n<h1 style=\"text-align: center;\"><strong><img loading=\"lazy\" decoding=\"async\" class=\"alignnone size-full wp-image-16977\" src=\"https:\/\/www.hydraulic-cylinders.net\/wp-content\/uploads\/2025\/01\/hcyy11112001-forklift-lifting-cylinder-2.webp\" alt=\"\" width=\"1500\" height=\"517\" srcset=\"https:\/\/www.hydraulic-cylinders.net\/wp-content\/uploads\/2025\/01\/hcyy11112001-forklift-lifting-cylinder-2.webp 1500w, https:\/\/www.hydraulic-cylinders.net\/wp-content\/uploads\/2025\/01\/hcyy11112001-forklift-lifting-cylinder-2-1280x441.webp 1280w, https:\/\/www.hydraulic-cylinders.net\/wp-content\/uploads\/2025\/01\/hcyy11112001-forklift-lifting-cylinder-2-980x338.webp 980w, https:\/\/www.hydraulic-cylinders.net\/wp-content\/uploads\/2025\/01\/hcyy11112001-forklift-lifting-cylinder-2-480x165.webp 480w\" sizes=\"(min-width: 0px) and (max-width: 480px) 480px, (min-width: 481px) and (max-width: 980px) 980px, (min-width: 981px) and (max-width: 1280px) 1280px, (min-width: 1281px) 1500px, 100vw\" \/><\/strong><\/h1>\n<p>Si\u0142ownik przechy\u0142u w\u00f3zka wid\u0142owego HCYY11112001 to niezb\u0119dny element ka\u017cdego w\u00f3zka wid\u0142owego, znacz\u0105co zwi\u0119kszaj\u0105cy wydajno\u015b\u0107 operacyjn\u0105. Ten wysokowydajny si\u0142ownik przechy\u0142u zapewnia p\u0142ynne i precyzyjne przechylanie ramion wide\u0142, umo\u017cliwiaj\u0105c operatorom manewrowanie \u0142adunkami bez wysi\u0142ku i precyzyjnie. Niezale\u017cnie od tego, czy pracujesz w t\u0119tni\u0105cym \u017cyciem magazynie, na placu budowy, czy zarz\u0105dzasz centrum dystrybucyjnym, ten si\u0142ownik przechy\u0142u jest kluczem do p\u0142ynnego podnoszenia i uk\u0142adania.<\/p>\n<p>Zaprojektowany z my\u015bl\u0105 o wytrzyma\u0142o\u015bci, si\u0142ownik przechy\u0142u w\u00f3zka wid\u0142owego HCYY11112001 wyr\u00f3\u017cnia si\u0119 imponuj\u0105cym ud\u017awigiem i niezawodn\u0105 prac\u0105. To nie tylko element, ale prawdziwy prze\u0142om w zakresie wydajno\u015bci w r\u00f3\u017cnych zastosowaniach. Przestrzegaj\u0105c w\u0142a\u015bciwych metod u\u017cytkowania i konserwacji, mo\u017cesz utrzyma\u0107 ten si\u0142ownik przechy\u0142u w optymalnej kondycji, zwi\u0119kszaj\u0105c zar\u00f3wno bezpiecze\u0144stwo, jak i wydajno\u015b\u0107 pracy w\u00f3zka wid\u0142owego.<\/p>\n<p>Inwestycja w najwy\u017cszej klasy komponenty, takie jak HCYY11112001, nie tylko podnosi wydajno\u015b\u0107 w\u00f3zka wid\u0142owego, ale tak\u017ce wyd\u0142u\u017ca jego \u017cywotno\u015b\u0107. Przekonaj si\u0119, jak\u0105 r\u00f3\u017cnic\u0119 robi jako\u015b\u0107 i zapewnij p\u0142ynny przebieg operacji dzi\u0119ki temu niezb\u0119dnemu si\u0142ownikowi przechy\u0142u za sterami!<\/p>\n<h2><strong> HCYY11112001 Parametr si\u0142ownika przechy\u0142u w\u00f3zka wid\u0142owego:<\/strong><\/h2>\n<h1 style=\"text-align: center;\"><strong><img loading=\"lazy\" decoding=\"async\" class=\"alignnone size-full wp-image-16976\" src=\"https:\/\/www.hydraulic-cylinders.net\/wp-content\/uploads\/2025\/01\/hcyy11112001-forklift-lifting-cylinder-1.webp\" alt=\"\" width=\"1512\" height=\"145\" srcset=\"https:\/\/www.hydraulic-cylinders.net\/wp-content\/uploads\/2025\/01\/hcyy11112001-forklift-lifting-cylinder-1.webp 1512w, https:\/\/www.hydraulic-cylinders.net\/wp-content\/uploads\/2025\/01\/hcyy11112001-forklift-lifting-cylinder-1-1280x123.webp 1280w, https:\/\/www.hydraulic-cylinders.net\/wp-content\/uploads\/2025\/01\/hcyy11112001-forklift-lifting-cylinder-1-980x94.webp 980w, https:\/\/www.hydraulic-cylinders.net\/wp-content\/uploads\/2025\/01\/hcyy11112001-forklift-lifting-cylinder-1-480x46.webp 480w\" sizes=\"(min-width: 0px) and (max-width: 480px) 480px, (min-width: 481px) and (max-width: 980px) 980px, (min-width: 981px) and (max-width: 1280px) 1280px, (min-width: 1281px) 1512px, 100vw\" \/><\/strong><\/h1>\n<h1 style=\"text-align: center;\"><strong><img loading=\"lazy\" decoding=\"async\" class=\"alignnone size-full wp-image-16978\" src=\"https:\/\/www.hydraulic-cylinders.net\/wp-content\/uploads\/2025\/01\/hcyy11112001-forklift-lifting-cylinder-3.webp\" alt=\"\" width=\"1480\" height=\"709\" srcset=\"https:\/\/www.hydraulic-cylinders.net\/wp-content\/uploads\/2025\/01\/hcyy11112001-forklift-lifting-cylinder-3.webp 1480w, https:\/\/www.hydraulic-cylinders.net\/wp-content\/uploads\/2025\/01\/hcyy11112001-forklift-lifting-cylinder-3-1280x613.webp 1280w, https:\/\/www.hydraulic-cylinders.net\/wp-content\/uploads\/2025\/01\/hcyy11112001-forklift-lifting-cylinder-3-980x469.webp 980w, https:\/\/www.hydraulic-cylinders.net\/wp-content\/uploads\/2025\/01\/hcyy11112001-forklift-lifting-cylinder-3-480x230.webp 480w\" sizes=\"(min-width: 0px) and (max-width: 480px) 480px, (min-width: 481px) and (max-width: 980px) 980px, (min-width: 981px) and (max-width: 1280px) 1280px, (min-width: 1281px) 1480px, 100vw\" \/> <img loading=\"lazy\" decoding=\"async\" class=\"alignnone size-full wp-image-16979\" src=\"https:\/\/www.hydraulic-cylinders.net\/wp-content\/uploads\/2025\/01\/hcyy11112001-forklift-lifting-cylinder-4.webp\" alt=\"\" width=\"1480\" height=\"711\" srcset=\"https:\/\/www.hydraulic-cylinders.net\/wp-content\/uploads\/2025\/01\/hcyy11112001-forklift-lifting-cylinder-4.webp 1480w, https:\/\/www.hydraulic-cylinders.net\/wp-content\/uploads\/2025\/01\/hcyy11112001-forklift-lifting-cylinder-4-1280x615.webp 1280w, https:\/\/www.hydraulic-cylinders.net\/wp-content\/uploads\/2025\/01\/hcyy11112001-forklift-lifting-cylinder-4-980x471.webp 980w, https:\/\/www.hydraulic-cylinders.net\/wp-content\/uploads\/2025\/01\/hcyy11112001-forklift-lifting-cylinder-4-480x231.webp 480w\" sizes=\"(min-width: 0px) and (max-width: 480px) 480px, (min-width: 481px) and (max-width: 980px) 980px, (min-width: 981px) and (max-width: 1280px) 1280px, (min-width: 1281px) 1480px, 100vw\" \/> <img loading=\"lazy\" decoding=\"async\" class=\"alignnone size-full wp-image-16980\" src=\"https:\/\/www.hydraulic-cylinders.net\/wp-content\/uploads\/2025\/01\/hcyy11112001-forklift-lifting-cylinder-5.webp\" alt=\"\" width=\"1496\" height=\"772\" srcset=\"https:\/\/www.hydraulic-cylinders.net\/wp-content\/uploads\/2025\/01\/hcyy11112001-forklift-lifting-cylinder-5.webp 1496w, https:\/\/www.hydraulic-cylinders.net\/wp-content\/uploads\/2025\/01\/hcyy11112001-forklift-lifting-cylinder-5-1280x661.webp 1280w, https:\/\/www.hydraulic-cylinders.net\/wp-content\/uploads\/2025\/01\/hcyy11112001-forklift-lifting-cylinder-5-980x506.webp 980w, https:\/\/www.hydraulic-cylinders.net\/wp-content\/uploads\/2025\/01\/hcyy11112001-forklift-lifting-cylinder-5-480x248.webp 480w\" sizes=\"(min-width: 0px) and (max-width: 480px) 480px, (min-width: 481px) and (max-width: 980px) 980px, (min-width: 981px) and (max-width: 1280px) 1280px, (min-width: 1281px) 1496px, 100vw\" \/><\/strong><\/h1>\n<h2><\/h2>\n<h2><strong>Seria cylindr\u00f3w do w\u00f3zk\u00f3w wid\u0142owych:\u00a0<\/strong><\/h2>\n<h2><img loading=\"lazy\" decoding=\"async\" class=\"alignnone size-full wp-image-16971\" src=\"https:\/\/www.hydraulic-cylinders.net\/wp-content\/uploads\/2025\/01\/fork-lift-cylinder.webp\" alt=\"\" width=\"2004\" height=\"2529\" srcset=\"https:\/\/www.hydraulic-cylinders.net\/wp-content\/uploads\/2025\/01\/fork-lift-cylinder.webp 2004w, https:\/\/www.hydraulic-cylinders.net\/wp-content\/uploads\/2025\/01\/fork-lift-cylinder-1280x1615.webp 1280w, https:\/\/www.hydraulic-cylinders.net\/wp-content\/uploads\/2025\/01\/fork-lift-cylinder-980x1237.webp 980w, https:\/\/www.hydraulic-cylinders.net\/wp-content\/uploads\/2025\/01\/fork-lift-cylinder-480x606.webp 480w\" sizes=\"(min-width: 0px) and (max-width: 480px) 480px, (min-width: 481px) and (max-width: 980px) 980px, (min-width: 981px) and (max-width: 1280px) 1280px, (min-width: 1281px) 2004px, 100vw\" \/><\/h2>\n<h1><strong>G\u0142\u00f3wne cechy cylindra przechy\u0142u w\u00f3zka wid\u0142owego HCYY11112001:<\/strong><\/h1>\n<h4><strong>1. Trwa\u0142a konstrukcja<\/strong><\/h4>\n<p>Wykonany z materia\u0142\u00f3w najwy\u017cszej jako\u015bci, si\u0142ownik przechy\u0142u w\u00f3zka wid\u0142owego HCYY11112001 zosta\u0142 zaprojektowany tak, aby sprosta\u0107 trudom intensywnej eksploatacji i trudnym warunkom. Ta solidna konstrukcja gwarantuje odporno\u015b\u0107 si\u0142ownika na uderzenia, wibracje i ekstremalne warunki, co czyni go niezawodnym wyborem w ka\u017cdym \u015brodowisku operacyjnym.<\/p>\n<h4><strong>2. Wysoka \u0142adowno\u015b\u0107<\/strong><\/h4>\n<p>Ten si\u0142ownik przechy\u0142u zosta\u0142 zaprojektowany z my\u015bl\u0105 o imponuj\u0105cym ud\u017awigu i zapewnia maksymaln\u0105 stabilno\u015b\u0107 i bezpiecze\u0144stwo podczas operacji podnoszenia. Jego zdolno\u015b\u0107 do obs\u0142ugi du\u017cych \u0142adunk\u00f3w oznacza, \u017ce \u200b\u200bmo\u017cesz mie\u0107 pewno\u015b\u0107, \u017ce b\u0119dzie dzia\u0142a\u0142 niezawodnie, niezale\u017cnie od tego, czy chodzi o uk\u0142adanie palet w magazynie, czy podnoszenie materia\u0142\u00f3w na placu budowy.<\/p>\n<h4><strong>3. P\u0142ynna praca<\/strong><\/h4>\n<p>Model HCYY11112001 charakteryzuje si\u0119 zaawansowan\u0105 konstrukcj\u0105 hydrauliczn\u0105, kt\u00f3ra umo\u017cliwia p\u0142ynne przechylanie. Ta p\u0142ynna praca zwi\u0119ksza precyzj\u0119 rozmieszczania \u0142adunku i przyczynia si\u0119 do wzrostu og\u00f3lnej wydajno\u015bci. Operatorzy mog\u0105 bez wysi\u0142ku regulowa\u0107 k\u0105t przechy\u0142u, co pozwala na wydajniejsz\u0105 obs\u0142ug\u0119 r\u00f3\u017cnych materia\u0142\u00f3w.<\/p>\n<h4><strong>4. Odporno\u015b\u0107 na korozj\u0119<\/strong><\/h4>\n<p>Dzi\u0119ki specjalnie obrobionym powierzchniom, element HCYY11112001 zosta\u0142 zaprojektowany z my\u015bl\u0105 o odporno\u015bci na rdz\u0119 i zu\u017cycie. Ta odporno\u015b\u0107 na korozj\u0119 znacznie wyd\u0142u\u017ca \u017cywotno\u015b\u0107 cylindra, zapewniaj\u0105c optymaln\u0105 wydajno\u015b\u0107 nawet w wilgotnym lub agresywnym chemicznie \u015brodowisku. Mo\u017cesz by\u0107 pewien, \u017ce ten element b\u0119dzie dzia\u0142a\u0142 niezawodnie przez wiele lat.<\/p>\n<h4><strong>5. \u0141atwa instalacja<\/strong><\/h4>\n<p>Zaprojektowany z my\u015bl\u0105 o prostej instalacji, model HCYY11112001 minimalizuje przestoje i koszty konserwacji. Intuicyjna konstrukcja umo\u017cliwia szybk\u0105 konfiguracj\u0119, dzi\u0119ki czemu mo\u017cesz ponownie uruchomi\u0107 w\u00f3zek wid\u0142owy bez zb\u0119dnych op\u00f3\u017anie\u0144. Ta \u0142atwo\u015b\u0107 instalacji oznacza mniej k\u0142opot\u00f3w i wi\u0119ksz\u0105 wydajno\u015b\u0107 pracy.<\/p>\n<h4><strong>6. Wszechstronna kompatybilno\u015b\u0107<\/strong><\/h4>\n<p>Model HCYY11112001 zosta\u0142 zaprojektowany z my\u015bl\u0105 o kompatybilno\u015bci z szerok\u0105 gam\u0105 modeli w\u00f3zk\u00f3w wid\u0142owych, co czyni go wszechstronnym wyborem do r\u00f3\u017cnych zastosowa\u0144. Ta uniwersalno\u015b\u0107 pozwala firmom modernizowa\u0107 posiadany sprz\u0119t bez obaw o problemy z kompatybilno\u015bci\u0105, zapewniaj\u0105c bezproblemow\u0105 integracj\u0119 z flot\u0105.<\/p>\n<h4><strong>7. Ulepszone funkcje bezpiecze\u0144stwa<\/strong><\/h4>\n<p>Wyposa\u017cony we wbudowane mechanizmy bezpiecze\u0144stwa, ten si\u0142ownik przechy\u0142u zapewnia spok\u00f3j ducha podczas pracy. Jego konstrukcja zapobiega nieoczekiwanym ruchom, zmniejszaj\u0105c ryzyko wypadk\u00f3w i zapewniaj\u0105c bezpiecze\u0144stwo \u0142adunk\u00f3w. Priorytetowe traktowanie bezpiecze\u0144stwa pomaga stworzy\u0107 bardziej niezawodne \u015brodowisko pracy.<\/p>\n<p>Wybieraj\u0105c si\u0142ownik przechy\u0142u w\u00f3zka wid\u0142owego HCYY11112001, korzystasz z produktu \u0142\u0105cz\u0105cego w sobie trwa\u0142o\u015b\u0107, wydajno\u015b\u0107 i bezpiecze\u0144stwo, zapewniaj\u0105c p\u0142ynn\u0105 i efektywn\u0105 prac\u0119 w\u00f3zka wid\u0142owego.<\/p>\n<h2><strong>W jaki spos\u00f3b si\u0142ownik przechy\u0142u w\u00f3zka wid\u0142owego poprawia obs\u0142ug\u0119 \u0142adunk\u00f3w i wydajno\u015b\u0107 operacyjn\u0105?<\/strong><\/h2>\n<p>Si\u0142ownik przechy\u0142u w\u00f3zka wid\u0142owego usprawnia obs\u0142ug\u0119 \u0142adunk\u00f3w i zwi\u0119ksza wydajno\u015b\u0107 operacyjn\u0105. Oto jak to dzia\u0142a:<\/p>\n<h4>1. <strong>Precyzyjna kontrola<\/strong><\/h4>\n<p>Si\u0142ownik przechy\u0142u pozwala operatorom na precyzyjn\u0105 regulacj\u0119 k\u0105ta nachylenia wide\u0142, umo\u017cliwiaj\u0105c precyzyjne pozycjonowanie \u0142adunk\u00f3w. Ta precyzja jest niezb\u0119dna, aby zapobiec upadkom lub niewsp\u00f3\u0142osiowo\u015bci, szczeg\u00f3lnie w przypadku ci\u0119\u017ckich lub delikatnych przedmiot\u00f3w. Wyobra\u017a sobie, \u017ce umieszczasz \u0142adunek dok\u0142adnie tam, gdzie powinien si\u0119 znale\u017a\u0107 \u2013 ta kontrola zwi\u0119ksza bezpiecze\u0144stwo i zmniejsza ryzyko kosztownych uszkodze\u0144.<\/p>\n<h4>2. <strong>Zwi\u0119kszona stabilno\u015b\u0107<\/strong><\/h4>\n<p>Si\u0142ownik pomaga utrzyma\u0107 ni\u017cszy \u015brodek ci\u0119\u017cko\u015bci \u0142adunku, umo\u017cliwiaj\u0105c operatorom przechylanie wide\u0142. Ta zwi\u0119kszona stabilno\u015b\u0107 jest kluczowa podczas podnoszenia i transportu, szczeg\u00f3lnie w ruchliwych miejscach lub na nier\u00f3wnych nawierzchniach. Dzi\u0119ki lepszej stabilno\u015bci ryzyko przewr\u00f3cenia si\u0119 lub ko\u0142ysania jest znacznie zminimalizowane, daj\u0105c operatorom pewno\u015b\u0107 podczas ka\u017cdego manewru.<\/p>\n<h4>3. <strong>Efektywne uk\u0142adanie w stosy<\/strong><\/h4>\n<p>Mo\u017cliwo\u015b\u0107 pochylania wide\u0142 u\u0142atwia bardziej efektywne uk\u0142adanie palet i materia\u0142\u00f3w. Ta funkcja jest szczeg\u00f3lnie przydatna w maksymalizacji pionowej przestrzeni magazynowej w magazynach i centrach dystrybucyjnych. Operatorzy mog\u0105 z \u0142atwo\u015bci\u0105 manewrowa\u0107 \u0142adunkami w ciasnych miejscach, maksymalnie wykorzystuj\u0105c ka\u017cdy centymetr dost\u0119pnej przestrzeni i poprawiaj\u0105c og\u00f3ln\u0105 organizacj\u0119 magazynu.<\/p>\n<h4>4. <strong>Zmniejszone obci\u0105\u017cenie operatora<\/strong><\/h4>\n<p>Dobrze zaprojektowany si\u0142ownik przechy\u0142u zmniejsza wysi\u0142ek fizyczny wymagany od operatora, umo\u017cliwiaj\u0105c optymalne pozycjonowanie \u0142adunk\u00f3w przy minimalnej ingerencji r\u0119cznej. Ta ergonomiczna zaleta nie tylko zmniejsza zm\u0119czenie operatora, ale tak\u017ce znacznie obni\u017ca ryzyko uraz\u00f3w w miejscu pracy. Zwi\u0119kszaj\u0105c komfort, pozwala operatorom skupi\u0107 si\u0119 na wykonywanym zadaniu, zwi\u0119kszaj\u0105c produktywno\u015b\u0107.<\/p>\n<h4>5. <strong>Przyspieszone operacje<\/strong><\/h4>\n<p>Dzi\u0119ki p\u0142ynnej i szybkiej regulacji zapewnianej przez si\u0142owniki przechy\u0142u, procesy za\u0142adunku i roz\u0142adunku staj\u0105 si\u0119 znacznie szybsze. Ta wydajno\u015b\u0107 oznacza kr\u00f3tszy czas realizacji, co jest kluczowe w \u015brodowiskach o du\u017cym zapotrzebowaniu. Wyobra\u017a sobie, o ile wi\u0119cej mo\u017cna zdzia\u0142a\u0107 w ci\u0105gu jednej zmiany, gdy liczy si\u0119 ka\u017cda sekunda!<\/p>\n<h4>6. <strong>Wszechstronno\u015b\u0107 w obs\u0142udze<\/strong><\/h4>\n<p>Si\u0142owniki przechy\u0142u umo\u017cliwiaj\u0105 w\u00f3zkom wid\u0142owym obs\u0142ug\u0119 szerokiej gamy \u0142adunk\u00f3w, w tym o nietypowych kszta\u0142tach i rozmiarach. Ta wszechstronno\u015b\u0107 eliminuje potrzeb\u0119 stosowania specjalistycznego sprz\u0119tu do r\u00f3\u017cnych zada\u0144, umo\u017cliwiaj\u0105c firmom szybkie dostosowywanie si\u0119 do zmieniaj\u0105cych si\u0119 potrzeb. Niezale\u017cnie od tego, czy podnosisz palety, kontenery, czy materia\u0142y o nietypowych kszta\u0142tach, si\u0142ownik przechy\u0142u zapewnia p\u0142ynn\u0105 prac\u0119.<\/p>\n<h4>7. <strong>Ulepszone funkcje bezpiecze\u0144stwa<\/strong><\/h4>\n<p>Wiele nowoczesnych si\u0142ownik\u00f3w przechy\u0142u jest wyposa\u017conych we wbudowane mechanizmy bezpiecze\u0144stwa, kt\u00f3re zapobiegaj\u0105 nieoczekiwanym ruchom. Ten dodatkowy poziom bezpiecze\u0144stwa daje operatorom spok\u00f3j ducha, wiedz\u0105c, \u017ce \u0142adunki pozostaj\u0105 bezpieczne podczas transportu. Bezpieczniejsze \u015brodowisko pracy podnosi morale ca\u0142ego zespo\u0142u i zwi\u0119ksza wydajno\u015b\u0107 operacyjn\u0105.<\/p>\n<p>Podsumowuj\u0105c, si\u0142ownik przechy\u0142u w\u00f3zka wid\u0142owego to nie tylko element konstrukcyjny; to prze\u0142om w operacjach transportu bliskiego. Zwi\u0119kszaj\u0105c precyzj\u0119, stabilno\u015b\u0107 i wszechstronno\u015b\u0107, umo\u017cliwia operatorom wydajniejsze i bezpieczniejsze wykonywanie zada\u0144. Inwestycja w wysokiej jako\u015bci si\u0142owniki przechy\u0142u, takie jak HCYY11112001, mo\u017ce znacz\u0105co poprawi\u0107 wydajno\u015b\u0107 i bezpiecze\u0144stwo w miejscu pracy, czyni\u0105c je nieocenionym atutem w ka\u017cdej operacji.<\/p>\n<h2><strong>Obszar produkcji cylindr\u00f3w do w\u00f3zk\u00f3w wid\u0142owych:<\/strong><\/h2>\n<h2><img loading=\"lazy\" decoding=\"async\" class=\"alignnone size-full wp-image-16972\" src=\"https:\/\/www.hydraulic-cylinders.net\/wp-content\/uploads\/2025\/01\/hydraulic-cylinder-factory-1-scaled.webp\" alt=\"\" width=\"2016\" height=\"2560\" srcset=\"https:\/\/www.hydraulic-cylinders.net\/wp-content\/uploads\/2025\/01\/hydraulic-cylinder-factory-1-scaled.webp 2016w, https:\/\/www.hydraulic-cylinders.net\/wp-content\/uploads\/2025\/01\/hydraulic-cylinder-factory-1-1280x1625.webp 1280w, https:\/\/www.hydraulic-cylinders.net\/wp-content\/uploads\/2025\/01\/hydraulic-cylinder-factory-1-980x1244.webp 980w, https:\/\/www.hydraulic-cylinders.net\/wp-content\/uploads\/2025\/01\/hydraulic-cylinder-factory-1-480x610.webp 480w\" sizes=\"(min-width: 0px) and (max-width: 480px) 480px, (min-width: 481px) and (max-width: 980px) 980px, (min-width: 981px) and (max-width: 1280px) 1280px, (min-width: 1281px) 2016px, 100vw\" \/><\/h2>\n<p>Dysponujemy najwy\u017cszej klasy, niezale\u017cn\u0105 platform\u0105 badawczo-rozwojow\u0105 do monta\u017cu. Warsztat produkcji cylindr\u00f3w do w\u00f3zk\u00f3w wid\u0142owych posiada cztery p\u00f3\u0142automatyczne linie monta\u017cowe do podnoszenia cylindr\u00f3w oraz w pe\u0142ni zautomatyzowan\u0105 lini\u0119 monta\u017cow\u0105 do przechylania cylindr\u00f3w o projektowanej rocznej wydajno\u015bci miliona sztuk. Specjalistyczny warsztat produkcji cylindr\u00f3w posiada p\u00f3\u0142automatyczne systemy czyszczenia i monta\u017cu o r\u00f3\u017cnych specyfikacjach i projektowanej rocznej wydajno\u015bci 200 000 sztuk. Jest on wyposa\u017cony w renomowane maszyny do obr\u00f3bki CNC, centra obr\u00f3bcze, specjalistyczny sprz\u0119t do precyzyjnej obr\u00f3bki cylindr\u00f3w, roboty spawalnicze, automatyczne maszyny czyszcz\u0105ce, automatyczne maszyny do monta\u017cu cylindr\u00f3w oraz automatyczne linie produkcyjne lakierni. Posiadamy ponad 300 zestaw\u00f3w kluczowych urz\u0105dze\u0144. Zoptymalizowana alokacja i efektywne wykorzystanie zasob\u00f3w sprz\u0119towych zapewniaj\u0105 precyzj\u0119 produkt\u00f3w i spe\u0142niaj\u0105 wysokie standardy jako\u015bci.<\/p>\n<p>Warsztat obr\u00f3bki mechanicznej wyposa\u017cony jest w specjalnie zaprojektowane centra tokarskie z prowadnicami uchylnymi, centra obr\u00f3bcze, szybkie maszyny do honowania, roboty spawalnicze i inny potrzebny sprz\u0119t, kt\u00f3ry mo\u017ce wykonywa\u0107 obr\u00f3bk\u0119 rur cylindrycznych o maksymalnej \u015brednicy wewn\u0119trznej 400 mm i maksymalnej d\u0142ugo\u015bci 6 metr\u00f3w.<\/p>\n<h2><img loading=\"lazy\" decoding=\"async\" class=\"alignnone size-full wp-image-16973\" src=\"https:\/\/www.hydraulic-cylinders.net\/wp-content\/uploads\/2025\/01\/hydraulic-cylinder-factory-2-scaled.webp\" alt=\"\" width=\"2011\" height=\"2560\" srcset=\"https:\/\/www.hydraulic-cylinders.net\/wp-content\/uploads\/2025\/01\/hydraulic-cylinder-factory-2-scaled.webp 2011w, https:\/\/www.hydraulic-cylinders.net\/wp-content\/uploads\/2025\/01\/hydraulic-cylinder-factory-2-1280x1629.webp 1280w, https:\/\/www.hydraulic-cylinders.net\/wp-content\/uploads\/2025\/01\/hydraulic-cylinder-factory-2-980x1248.webp 980w, https:\/\/www.hydraulic-cylinders.net\/wp-content\/uploads\/2025\/01\/hydraulic-cylinder-factory-2-480x611.webp 480w\" sizes=\"(min-width: 0px) and (max-width: 480px) 480px, (min-width: 481px) and (max-width: 980px) 980px, (min-width: 981px) and (max-width: 1280px) 1280px, (min-width: 1281px) 2011px, 100vw\" \/><\/h2>\n<p>Posiadamy w pe\u0142ni zautomatyzowan\u0105 lini\u0119 do lakierowania ma\u0142ych i \u015brednich butli farbami wodorozcie\u0144czalnymi, kt\u00f3ra realizuje automatyczny za\u0142adunek i roz\u0142adunek oraz automatyczne roboty natryskowe o projektowanej wydajno\u015bci 4000 stanowisk na zmian\u0119. Posiadamy r\u00f3wnie\u017c p\u00f3\u0142automatyczn\u0105 lini\u0119 do lakierowania butli wielkogabarytowych, nap\u0119dzan\u0105 \u0142a\u0144cuchem nap\u0119dowym, o projektowanej wydajno\u015bci 60 skrzy\u0144 na zmian\u0119.<\/p>\n<p>Aby jeszcze bardziej zwi\u0119kszy\u0107 wydajno\u015b\u0107 naszych produkt\u00f3w i ugruntowa\u0107 pozycj\u0119 lidera w bran\u017cy w dziedzinie cylindr\u00f3w hydraulicznych, nasza firma i zjimee wsp\u00f3lnie utworzy\u0142y kompleksowe laboratorium wydajno\u015bciowe cylindr\u00f3w hydraulicznych, zawor\u00f3w hydraulicznych i pomp hydraulicznych. W laboratorium przeprowadzane s\u0105 testy wspomagane komputerowo z wykorzystaniem technologii elektrohydraulicznej. Warunki test\u00f3w s\u0105 wst\u0119pnie ustalane przez komputer, co zwi\u0119ksza dok\u0142adno\u015b\u0107 test\u00f3w i wszechstronno\u015b\u0107 systemu, a tak\u017ce dane eksperymentalne.<\/p>\n<p>Automatyczne zbieranie danych odbywa si\u0119 za pomoc\u0105 czujnik\u00f3w, a dane wyj\u015bciowe, takie jak przeciek wewn\u0119trzny i wydajno\u015b\u0107 obci\u0105\u017cenia cylindra lub zaworu, s\u0105 bezpo\u015brednio przetwarzane przez komputer i konwertowane do jednostek standardowych (ml\/min\u207b ...<br \/>\nSprawno\u015b\u0107 i szczelno\u015b\u0107 wewn\u0119trzn\u0105 mo\u017cna sprawdzi\u0107 odczytami. Jednocze\u015bnie urz\u0105dzenie jest wyposa\u017cone w przyrz\u0105d pomiarowy z podzia\u0142k\u0105 kratow\u0105, kt\u00f3ry spe\u0142nia wymagania wszystkich element\u00f3w testowych si\u0142ownik\u00f3w hydraulicznych zgodnie z norm\u0105 krajow\u0105.<\/p>","protected":false},"excerpt":{"rendered":"<p>HCYY11112001 Forklift Tilt Cylinder The HCYY11112001 Forklift Tilt Cylinder is an essential powerhouse for any forklift, significantly boosting operational efficiency. This high-performance tilt cylinder ensures smooth and precise tilting of the fork arms, allowing operators to maneuver loads effortlessly and accurately. Whether you&#8217;re in a bustling warehouse, on a construction site, or managing a distribution [&hellip;]<\/p>","protected":false},"featured_media":16981,"comment_status":"open","ping_status":"closed","template":"","meta":{"_et_pb_use_builder":"","_et_pb_old_content":"","_et_gb_content_width":""},"product_brand":[],"product_cat":[1550,1484,1376],"product_tag":[],"class_list":{"0":"post-16975","1":"product","2":"type-product","3":"status-publish","4":"has-post-thumbnail","6":"product_cat-double-acting-hydraulic-cylinder","7":"product_cat-forklift-hydraulic-cylinders","8":"product_cat-hydraulic-cylinder","10":"first","11":"instock","12":"shipping-taxable","13":"product-type-simple"},"amp_enabled":true,"_links":{"self":[{"href":"https:\/\/www.hydraulic-cylinders.net\/pl\/wp-json\/wp\/v2\/product\/16975","targetHints":{"allow":["GET"]}}],"collection":[{"href":"https:\/\/www.hydraulic-cylinders.net\/pl\/wp-json\/wp\/v2\/product"}],"about":[{"href":"https:\/\/www.hydraulic-cylinders.net\/pl\/wp-json\/wp\/v2\/types\/product"}],"replies":[{"embeddable":true,"href":"https:\/\/www.hydraulic-cylinders.net\/pl\/wp-json\/wp\/v2\/comments?post=16975"}],"wp:featuredmedia":[{"embeddable":true,"href":"https:\/\/www.hydraulic-cylinders.net\/pl\/wp-json\/wp\/v2\/media\/16981"}],"wp:attachment":[{"href":"https:\/\/www.hydraulic-cylinders.net\/pl\/wp-json\/wp\/v2\/media?parent=16975"}],"wp:term":[{"taxonomy":"product_brand","embeddable":true,"href":"https:\/\/www.hydraulic-cylinders.net\/pl\/wp-json\/wp\/v2\/product_brand?post=16975"},{"taxonomy":"product_cat","embeddable":true,"href":"https:\/\/www.hydraulic-cylinders.net\/pl\/wp-json\/wp\/v2\/product_cat?post=16975"},{"taxonomy":"product_tag","embeddable":true,"href":"https:\/\/www.hydraulic-cylinders.net\/pl\/wp-json\/wp\/v2\/product_tag?post=16975"}],"curies":[{"name":"wp","href":"https:\/\/api.w.org\/{rel}","templated":true}]}}