{"id":16982,"date":"2025-01-21T08:46:17","date_gmt":"2025-01-21T08:46:17","guid":{"rendered":"https:\/\/www.hydraulic-cylinders.net\/?post_type=product&#038;p=16982"},"modified":"2025-04-11T03:15:39","modified_gmt":"2025-04-11T03:15:39","slug":"hcyy11112002-forklift-steering-cylinder","status":"publish","type":"product","link":"https:\/\/www.hydraulic-cylinders.net\/pl\/produkt\/hcyy11112002-forklift-steering-cylinder\/","title":{"rendered":"HCYY11112002 Si\u0142ownik uk\u0142adu kierowniczego w\u00f3zka wid\u0142owego"},"content":{"rendered":"<h1 style=\"text-align: center;\"><strong>HCYY11112002 Si\u0142ownik uk\u0142adu kierowniczego w\u00f3zka wid\u0142owego\u00a0<\/strong><\/h1>\n<h1 style=\"text-align: center;\"><strong><img loading=\"lazy\" decoding=\"async\" class=\"alignnone size-full wp-image-16984\" src=\"https:\/\/www.hydraulic-cylinders.net\/wp-content\/uploads\/2025\/01\/hcyy11112002-forklift-lifting-cylinder-2.webp\" alt=\"\" width=\"1496\" height=\"517\" srcset=\"https:\/\/www.hydraulic-cylinders.net\/wp-content\/uploads\/2025\/01\/hcyy11112002-forklift-lifting-cylinder-2.webp 1496w, https:\/\/www.hydraulic-cylinders.net\/wp-content\/uploads\/2025\/01\/hcyy11112002-forklift-lifting-cylinder-2-1280x442.webp 1280w, https:\/\/www.hydraulic-cylinders.net\/wp-content\/uploads\/2025\/01\/hcyy11112002-forklift-lifting-cylinder-2-980x339.webp 980w, https:\/\/www.hydraulic-cylinders.net\/wp-content\/uploads\/2025\/01\/hcyy11112002-forklift-lifting-cylinder-2-480x166.webp 480w\" sizes=\"(min-width: 0px) and (max-width: 480px) 480px, (min-width: 481px) and (max-width: 980px) 980px, (min-width: 981px) and (max-width: 1280px) 1280px, (min-width: 1281px) 1496px, 100vw\" \/> <\/strong><\/h1>\n<p>Si\u0142ownik uk\u0142adu kierowniczego w\u00f3zka wid\u0142owego HCYY11112002 to kluczowy element, kt\u00f3ry znacz\u0105co poprawia zwrotno\u015b\u0107 i kontrol\u0119 nad w\u00f3zkami wid\u0142owymi w r\u00f3\u017cnych warunkach operacyjnych. Zaprojektowany z my\u015bl\u0105 o wydajno\u015bci i niezawodno\u015bci, ten si\u0142ownik uk\u0142adu kierowniczego umo\u017cliwia operatorom bezproblemowe poruszanie si\u0119 w ciasnych przestrzeniach i obs\u0142ug\u0119 ci\u0119\u017ckich \u0142adunk\u00f3w.<\/p>\n<p>Jako niezb\u0119dny element ka\u017cdego w\u00f3zka wid\u0142owego, HCYY11112002 oferuje solidn\u0105 konstrukcj\u0119, wyj\u0105tkow\u0105 responsywno\u015b\u0107 i \u0142atwo\u015b\u0107 konserwacji, co czyni go idealnym wyborem dla firm d\u0105\u017c\u0105cych do zwi\u0119kszenia mo\u017cliwo\u015bci transportu materia\u0142\u00f3w. Przestrzegaj\u0105c prawid\u0142owych praktyk u\u017cytkowania i konserwacji, mo\u017cna zapewni\u0107 p\u0142ynn\u0105 i wydajn\u0105 prac\u0119 si\u0142ownika uk\u0142adu kierowniczego, co przek\u0142ada si\u0119 na bezpieczniejsz\u0105 i bardziej efektywn\u0105 prac\u0119.<\/p>\n<p>Inwestycja w wysokiej jako\u015bci komponenty, takie jak HCYY11112002, nie tylko zwi\u0119ksza produktywno\u015b\u0107, ale tak\u017ce poprawia og\u00f3lne bezpiecze\u0144stwo pracownik\u00f3w. Przekonaj si\u0119, jak\u0105 r\u00f3\u017cnic\u0119 mo\u017ce zdzia\u0142a\u0107 niezawodne sterowanie i popraw swoj\u0105 wydajno\u015b\u0107 operacyjn\u0105 ju\u017c dzi\u015b!<\/p>\n<h2><strong>HCYY11112002 Parametr si\u0142ownika uk\u0142adu kierowniczego w\u00f3zka wid\u0142owego:<\/strong><\/h2>\n<h1 style=\"text-align: center;\"><strong><img loading=\"lazy\" decoding=\"async\" class=\"alignnone size-full wp-image-16983\" src=\"https:\/\/www.hydraulic-cylinders.net\/wp-content\/uploads\/2025\/01\/hcyy11112002-forklift-lifting-cylinder-1.webp\" alt=\"\" width=\"1514\" height=\"142\" srcset=\"https:\/\/www.hydraulic-cylinders.net\/wp-content\/uploads\/2025\/01\/hcyy11112002-forklift-lifting-cylinder-1.webp 1514w, https:\/\/www.hydraulic-cylinders.net\/wp-content\/uploads\/2025\/01\/hcyy11112002-forklift-lifting-cylinder-1-1280x120.webp 1280w, https:\/\/www.hydraulic-cylinders.net\/wp-content\/uploads\/2025\/01\/hcyy11112002-forklift-lifting-cylinder-1-980x92.webp 980w, https:\/\/www.hydraulic-cylinders.net\/wp-content\/uploads\/2025\/01\/hcyy11112002-forklift-lifting-cylinder-1-480x45.webp 480w\" sizes=\"(min-width: 0px) and (max-width: 480px) 480px, (min-width: 481px) and (max-width: 980px) 980px, (min-width: 981px) and (max-width: 1280px) 1280px, (min-width: 1281px) 1514px, 100vw\" \/><\/strong><\/h1>\n<h1 style=\"text-align: center;\"><strong><img loading=\"lazy\" decoding=\"async\" class=\"alignnone size-full wp-image-16985\" src=\"https:\/\/www.hydraulic-cylinders.net\/wp-content\/uploads\/2025\/01\/hcyy11112002-forklift-lifting-cylinder-3.webp\" alt=\"\" width=\"1479\" height=\"707\" srcset=\"https:\/\/www.hydraulic-cylinders.net\/wp-content\/uploads\/2025\/01\/hcyy11112002-forklift-lifting-cylinder-3.webp 1479w, https:\/\/www.hydraulic-cylinders.net\/wp-content\/uploads\/2025\/01\/hcyy11112002-forklift-lifting-cylinder-3-1280x612.webp 1280w, https:\/\/www.hydraulic-cylinders.net\/wp-content\/uploads\/2025\/01\/hcyy11112002-forklift-lifting-cylinder-3-980x468.webp 980w, https:\/\/www.hydraulic-cylinders.net\/wp-content\/uploads\/2025\/01\/hcyy11112002-forklift-lifting-cylinder-3-480x229.webp 480w\" sizes=\"(min-width: 0px) and (max-width: 480px) 480px, (min-width: 481px) and (max-width: 980px) 980px, (min-width: 981px) and (max-width: 1280px) 1280px, (min-width: 1281px) 1479px, 100vw\" \/> <img loading=\"lazy\" decoding=\"async\" class=\"alignnone size-full wp-image-16986\" src=\"https:\/\/www.hydraulic-cylinders.net\/wp-content\/uploads\/2025\/01\/hcyy11112002-forklift-lifting-cylinder-4.webp\" alt=\"\" width=\"1477\" height=\"710\" srcset=\"https:\/\/www.hydraulic-cylinders.net\/wp-content\/uploads\/2025\/01\/hcyy11112002-forklift-lifting-cylinder-4.webp 1477w, https:\/\/www.hydraulic-cylinders.net\/wp-content\/uploads\/2025\/01\/hcyy11112002-forklift-lifting-cylinder-4-1280x615.webp 1280w, https:\/\/www.hydraulic-cylinders.net\/wp-content\/uploads\/2025\/01\/hcyy11112002-forklift-lifting-cylinder-4-980x471.webp 980w, https:\/\/www.hydraulic-cylinders.net\/wp-content\/uploads\/2025\/01\/hcyy11112002-forklift-lifting-cylinder-4-480x231.webp 480w\" sizes=\"(min-width: 0px) and (max-width: 480px) 480px, (min-width: 481px) and (max-width: 980px) 980px, (min-width: 981px) and (max-width: 1280px) 1280px, (min-width: 1281px) 1477px, 100vw\" \/> <img loading=\"lazy\" decoding=\"async\" class=\"alignnone size-full wp-image-16987\" src=\"https:\/\/www.hydraulic-cylinders.net\/wp-content\/uploads\/2025\/01\/hcyy11112002-forklift-lifting-cylinder-5.webp\" alt=\"\" width=\"1495\" height=\"730\" srcset=\"https:\/\/www.hydraulic-cylinders.net\/wp-content\/uploads\/2025\/01\/hcyy11112002-forklift-lifting-cylinder-5.webp 1495w, https:\/\/www.hydraulic-cylinders.net\/wp-content\/uploads\/2025\/01\/hcyy11112002-forklift-lifting-cylinder-5-1280x625.webp 1280w, https:\/\/www.hydraulic-cylinders.net\/wp-content\/uploads\/2025\/01\/hcyy11112002-forklift-lifting-cylinder-5-980x479.webp 980w, https:\/\/www.hydraulic-cylinders.net\/wp-content\/uploads\/2025\/01\/hcyy11112002-forklift-lifting-cylinder-5-480x234.webp 480w\" sizes=\"(min-width: 0px) and (max-width: 480px) 480px, (min-width: 481px) and (max-width: 980px) 980px, (min-width: 981px) and (max-width: 1280px) 1280px, (min-width: 1281px) 1495px, 100vw\" \/><\/strong><\/h1>\n<h1 style=\"text-align: center;\"><\/h1>\n<h2>\u00a0<strong>Seria cylindr\u00f3w do w\u00f3zk\u00f3w wid\u0142owych:\u00a0<\/strong><\/h2>\n<h2><img loading=\"lazy\" decoding=\"async\" class=\"alignnone size-full wp-image-16971\" src=\"https:\/\/www.hydraulic-cylinders.net\/wp-content\/uploads\/2025\/01\/fork-lift-cylinder.webp\" alt=\"\" width=\"2004\" height=\"2529\" srcset=\"https:\/\/www.hydraulic-cylinders.net\/wp-content\/uploads\/2025\/01\/fork-lift-cylinder.webp 2004w, https:\/\/www.hydraulic-cylinders.net\/wp-content\/uploads\/2025\/01\/fork-lift-cylinder-1280x1615.webp 1280w, https:\/\/www.hydraulic-cylinders.net\/wp-content\/uploads\/2025\/01\/fork-lift-cylinder-980x1237.webp 980w, https:\/\/www.hydraulic-cylinders.net\/wp-content\/uploads\/2025\/01\/fork-lift-cylinder-480x606.webp 480w\" sizes=\"(min-width: 0px) and (max-width: 480px) 480px, (min-width: 481px) and (max-width: 980px) 980px, (min-width: 981px) and (max-width: 1280px) 1280px, (min-width: 1281px) 2004px, 100vw\" \/><\/h2>\n<h2><strong>G\u0142\u00f3wne cechy cylindra kierowniczego w\u00f3zka wid\u0142owego HCYY11112002:<\/strong><\/h2>\n<ul>\n<li><strong>Trwa\u0142a konstrukcja<\/strong>Wykonany z materia\u0142\u00f3w najwy\u017cszej jako\u015bci, model HCYY11112002 zosta\u0142 zaprojektowany tak, aby sprosta\u0107 wymaganiom intensywnej eksploatacji i trudnych warunk\u00f3w pracy. Jego solidna konstrukcja zapewnia wyj\u0105tkow\u0105 trwa\u0142o\u015b\u0107 i niezawodno\u015b\u0107, minimalizuj\u0105c potrzeb\u0119 cz\u0119stej wymiany.<\/li>\n<li><strong>Wysoka responsywno\u015b\u0107<\/strong>:Do\u015bwiadcz niezr\u00f3wnanej kontroli dzi\u0119ki temu si\u0142ownikowi uk\u0142adu kierowniczego, kt\u00f3ry zapewnia szybk\u0105 i precyzyjn\u0105 reakcj\u0119 uk\u0142adu kierowniczego. Operatorzy mog\u0105 bez wysi\u0142ku pokonywa\u0107 ciasne zakr\u0119ty i skomplikowane uk\u0142ady, co przek\u0142ada si\u0119 na p\u0142ynniejsze skr\u0119ty i lepsz\u0105 obs\u0142ug\u0119 \u0142adunk\u00f3w. Ta responsywno\u015b\u0107 nie tylko zwi\u0119ksza wydajno\u015b\u0107, ale tak\u017ce og\u00f3lne bezpiecze\u0144stwo.<\/li>\n<li><strong>Odporno\u015b\u0107 na korozj\u0119<\/strong>: Model HCYY11112002 charakteryzuje si\u0119 specjalnie obrobionymi powierzchniami, kt\u00f3re s\u0105 odporne na rdz\u0119 i zu\u017cycie. Ta odporno\u015b\u0107 na korozj\u0119 wyd\u0142u\u017ca \u017cywotno\u015b\u0107 cylindra i utrzymuje optymaln\u0105 wydajno\u015b\u0107, nawet w \u015brodowiskach nara\u017conych na wilgo\u0107 lub agresywne chemikalia.<\/li>\n<li><strong>\u0141atwa instalacja<\/strong>Zaprojektowany z my\u015bl\u0105 o wygodzie u\u017cytkownika, model HCYY11112002 umo\u017cliwia prost\u0105 instalacj\u0119. Intuicyjny proces konfiguracji minimalizuje przestoje, umo\u017cliwiaj\u0105c szybk\u0105 wymian\u0119 i napraw\u0119. Ta funkcja oznacza mniej zak\u0142\u00f3ce\u0144 w pracy i wi\u0119cej czasu na produktywno\u015b\u0107.<\/li>\n<li><strong>Szeroka kompatybilno\u015b\u0107<\/strong>Wszechstronno\u015b\u0107 to cecha charakterystyczna HCYY11112002. Zaprojektowany do r\u00f3\u017cnych modeli w\u00f3zk\u00f3w wid\u0142owych, ten si\u0142ownik uk\u0142adu kierowniczego bezproblemowo dostosowuje si\u0119 do r\u00f3\u017cnych system\u00f3w, co czyni go idealnym wyborem dla r\u00f3\u017cnorodnych firm. Niezale\u017cnie od tego, czy obs\u0142ugujesz jeden typ w\u00f3zka wid\u0142owego, czy ca\u0142\u0105 flot\u0119, ten komponent z \u0142atwo\u015bci\u0105 spe\u0142ni Twoje zr\u00f3\u017cnicowane potrzeby.<\/li>\n<li><strong>Ulepszone funkcje bezpiecze\u0144stwa<\/strong>Dzi\u0119ki zaawansowanym mechanizmom bezpiecze\u0144stwa, model HCYY11112002 zapewnia stabiln\u0105 prac\u0119 w r\u00f3\u017cnych warunkach. Ta dodatkowa warstwa bezpiecze\u0144stwa chroni zar\u00f3wno operator\u00f3w, jak i \u0142adunki, dodatkowo poprawiaj\u0105c og\u00f3lne warunki pracy.<\/li>\n<li><strong>Niskie wymagania konserwacyjne<\/strong>Zaprojektowany z my\u015bl\u0105 o trwa\u0142o\u015bci i wydajno\u015bci, model HCYY11112002 wymaga minimalnej konserwacji. Regularne kontrole i okazjonalne smarowanie zapewniaj\u0105 optymaln\u0105 wydajno\u015b\u0107, pozwalaj\u0105c zespo\u0142owi skupi\u0107 si\u0119 na swoich zadaniach bez konieczno\u015bci cz\u0119stego serwisowania.<\/li>\n<\/ul>\n<p>Wybieraj\u0105c si\u0142ownik uk\u0142adu kierowniczego w\u00f3zka wid\u0142owego HCYY11112002, inwestujesz w produkt, kt\u00f3ry zwi\u0119ksza wydajno\u015b\u0107 operacyjn\u0105 i przyczynia si\u0119 do bezpieczniejszego i bardziej produktywnego miejsca pracy. Przekonaj si\u0119, jak\u0105 r\u00f3\u017cnic\u0119 te zaawansowane funkcje mog\u0105 wnie\u015b\u0107 do Twoich operacji transportu bliskiego!<\/p>\n<h2><strong>Jakie s\u0105 oznaki, \u017ce si\u0142ownik uk\u0142adu kierowniczego w\u00f3zka wid\u0142owego wymaga wymiany?<\/strong><\/h2>\n<p>Sprawny si\u0142ownik uk\u0142adu kierowniczego jest kluczowy dla bezpiecznej eksploatacji w\u00f3zka wid\u0142owego. Oto kilka oznak, \u017ce nadszed\u0142 czas na wymian\u0119:<\/p>\n<ol>\n<li><strong>Wycieki p\u0142ynu hydraulicznego<\/strong><br \/>\nJe\u015bli zauwa\u017cysz ka\u0142u\u017ce p\u0142ynu hydraulicznego pod w\u00f3zkiem wid\u0142owym, to znak ostrzegawczy. Wycieki wskazuj\u0105, \u017ce uszczelki w cylindrze uk\u0142adu kierowniczego mog\u0105 by\u0107 zu\u017cyte lub uszkodzone, co zagra\u017ca integralno\u015bci uk\u0142adu.<\/li>\n<li><strong>Trudno\u015bci ze sterowaniem<\/strong><br \/>\nTrudno\u015bci z kr\u0119ceniem kierownic\u0105 lub odczuwanie silnego oporu mog\u0105 sygnalizowa\u0107 problemy. Czu\u0142y uk\u0142ad kierowniczy jest niezb\u0119dny dla wydajno\u015bci i bezpiecze\u0144stwa, wi\u0119c nie ignoruj \u200b\u200btych objaw\u00f3w.<\/li>\n<li><strong>Niezwyk\u0142e d\u017awi\u0119ki<\/strong><br \/>\nZwr\u00f3\u0107 uwag\u0119 na wszelkie zgrzyty, skrzypienie lub stuki dochodz\u0105ce z silnika podczas pracy. Odg\u0142osy te mog\u0105 wskazywa\u0107 na zu\u017cycie mechaniczne lub niewsp\u00f3\u0142osiowo\u015b\u0107 cylindra uk\u0142adu kierowniczego, co mo\u017ce prowadzi\u0107 do powa\u017cniejszych problem\u00f3w, je\u015bli nie zostanie to naprawione.<\/li>\n<li><strong>Zu\u017cyte uszczelki i tuleje<\/strong><br \/>\nRegularnie sprawdzaj uszczelki i tuleje pod k\u0105tem oznak zu\u017cycia. P\u0119kni\u0119cia lub przetarcia mog\u0105 prowadzi\u0107 do wyciek\u00f3w i obni\u017cenia wydajno\u015bci, dlatego terminowa wymiana jest kluczowa.<\/li>\n<li><strong>Niesp\u00f3jny ruch<\/strong><br \/>\nJe\u015bli uk\u0142ad kierowniczy w\u00f3zka wid\u0142owego jest szarpany lub niestabilny, mo\u017ce to oznacza\u0107 problemy z hydraulik\u0105 w si\u0142owniku. P\u0142ynne kierowanie jest niezb\u0119dne do precyzyjnego manewrowania, szczeg\u00f3lnie w ciasnych przestrzeniach.<\/li>\n<li><strong>Nadmierna zabawa<\/strong><br \/>\nZauwa\u017calny wzrost luzu lub luz\u00f3w w kierownicy mo\u017ce wskazywa\u0107 na awari\u0119 si\u0142ownika uk\u0142adu kierowniczego. Mo\u017ce to wp\u0142yn\u0105\u0107 na kontrol\u0119 nad pojazdem i zwi\u0119kszy\u0107 ryzyko wypadku.<\/li>\n<li><strong>\u015awiat\u0142a ostrzegawcze<\/strong><br \/>\nWiele nowoczesnych w\u00f3zk\u00f3w wid\u0142owych jest wyposa\u017conych w systemy diagnostyczne, kt\u00f3re ostrzegaj\u0105 o potencjalnych problemach. Je\u015bli zobaczysz kontrolk\u0119 ostrzegawcz\u0105 zwi\u0105zan\u0105 z uk\u0142adem kierowniczym, potraktuj to powa\u017cnie i niezw\u0142ocznie zbadaj problem.<\/li>\n<\/ol>\n<p>Proaktywne podej\u015bcie do tych objaw\u00f3w mo\u017ce uchroni\u0107 Ci\u0119 przed kosztownymi naprawami i niebezpiecznymi warunkami pracy. Regularna konserwacja i terminowe wymiany zapewniaj\u0105 niezawodno\u015b\u0107 i wydajno\u015b\u0107 w\u00f3zka wid\u0142owego. Je\u015bli zauwa\u017cysz kt\u00f3rykolwiek z tych objaw\u00f3w, skonsultuj si\u0119 ze specjalist\u0105, aby oceni\u0107 sytuacj\u0119 i rozwa\u017cy\u0107 wymian\u0119 si\u0142ownika uk\u0142adu kierowniczego, aby zapewni\u0107 optymaln\u0105 wydajno\u015b\u0107. Od tego zale\u017cy Twoje bezpiecze\u0144stwo i wydajno\u015b\u0107!<\/p>\n<h2><strong>Obszar produkcji cylindr\u00f3w do w\u00f3zk\u00f3w wid\u0142owych:<\/strong><\/h2>\n<h2><img loading=\"lazy\" decoding=\"async\" class=\"alignnone size-full wp-image-16972\" src=\"https:\/\/www.hydraulic-cylinders.net\/wp-content\/uploads\/2025\/01\/hydraulic-cylinder-factory-1-scaled.webp\" alt=\"\" width=\"2016\" height=\"2560\" srcset=\"https:\/\/www.hydraulic-cylinders.net\/wp-content\/uploads\/2025\/01\/hydraulic-cylinder-factory-1-scaled.webp 2016w, https:\/\/www.hydraulic-cylinders.net\/wp-content\/uploads\/2025\/01\/hydraulic-cylinder-factory-1-1280x1625.webp 1280w, https:\/\/www.hydraulic-cylinders.net\/wp-content\/uploads\/2025\/01\/hydraulic-cylinder-factory-1-980x1244.webp 980w, https:\/\/www.hydraulic-cylinders.net\/wp-content\/uploads\/2025\/01\/hydraulic-cylinder-factory-1-480x610.webp 480w\" sizes=\"(min-width: 0px) and (max-width: 480px) 480px, (min-width: 481px) and (max-width: 980px) 980px, (min-width: 981px) and (max-width: 1280px) 1280px, (min-width: 1281px) 2016px, 100vw\" \/><\/h2>\n<p>Dysponujemy najwy\u017cszej klasy, niezale\u017cn\u0105 platform\u0105 badawczo-rozwojow\u0105 do monta\u017cu. Warsztat produkcji cylindr\u00f3w do w\u00f3zk\u00f3w wid\u0142owych posiada cztery p\u00f3\u0142automatyczne linie monta\u017cowe do podnoszenia cylindr\u00f3w oraz w pe\u0142ni zautomatyzowan\u0105 lini\u0119 monta\u017cow\u0105 do przechylania cylindr\u00f3w o projektowanej rocznej wydajno\u015bci miliona sztuk. Specjalistyczny warsztat produkcji cylindr\u00f3w posiada p\u00f3\u0142automatyczne systemy czyszczenia i monta\u017cu o r\u00f3\u017cnych specyfikacjach i projektowanej rocznej wydajno\u015bci 200 000 sztuk. Jest on wyposa\u017cony w renomowane maszyny do obr\u00f3bki CNC, centra obr\u00f3bcze, specjalistyczny sprz\u0119t do precyzyjnej obr\u00f3bki cylindr\u00f3w, roboty spawalnicze, automatyczne maszyny czyszcz\u0105ce, automatyczne maszyny do monta\u017cu cylindr\u00f3w oraz automatyczne linie produkcyjne lakierni. Posiadamy ponad 300 zestaw\u00f3w kluczowych urz\u0105dze\u0144. Zoptymalizowana alokacja i efektywne wykorzystanie zasob\u00f3w sprz\u0119towych zapewniaj\u0105 precyzj\u0119 produkt\u00f3w i spe\u0142niaj\u0105 wysokie standardy jako\u015bci.<\/p>\n<p>Warsztat obr\u00f3bki mechanicznej wyposa\u017cony jest w specjalnie zaprojektowane centra tokarskie z prowadnicami uchylnymi, centra obr\u00f3bcze, szybkie maszyny do honowania, roboty spawalnicze i inny potrzebny sprz\u0119t, kt\u00f3ry mo\u017ce wykonywa\u0107 obr\u00f3bk\u0119 rur cylindrycznych o maksymalnej \u015brednicy wewn\u0119trznej 400 mm i maksymalnej d\u0142ugo\u015bci 6 metr\u00f3w.<\/p>\n<h2><img loading=\"lazy\" decoding=\"async\" class=\"alignnone size-full wp-image-16973\" src=\"https:\/\/www.hydraulic-cylinders.net\/wp-content\/uploads\/2025\/01\/hydraulic-cylinder-factory-2-scaled.webp\" alt=\"\" width=\"2011\" height=\"2560\" srcset=\"https:\/\/www.hydraulic-cylinders.net\/wp-content\/uploads\/2025\/01\/hydraulic-cylinder-factory-2-scaled.webp 2011w, https:\/\/www.hydraulic-cylinders.net\/wp-content\/uploads\/2025\/01\/hydraulic-cylinder-factory-2-1280x1629.webp 1280w, https:\/\/www.hydraulic-cylinders.net\/wp-content\/uploads\/2025\/01\/hydraulic-cylinder-factory-2-980x1248.webp 980w, https:\/\/www.hydraulic-cylinders.net\/wp-content\/uploads\/2025\/01\/hydraulic-cylinder-factory-2-480x611.webp 480w\" sizes=\"(min-width: 0px) and (max-width: 480px) 480px, (min-width: 481px) and (max-width: 980px) 980px, (min-width: 981px) and (max-width: 1280px) 1280px, (min-width: 1281px) 2011px, 100vw\" \/><\/h2>\n<p>Posiadamy w pe\u0142ni zautomatyzowan\u0105 lini\u0119 do lakierowania ma\u0142ych i \u015brednich butli farbami wodorozcie\u0144czalnymi, kt\u00f3ra realizuje automatyczny za\u0142adunek i roz\u0142adunek oraz automatyczne roboty natryskowe o projektowanej wydajno\u015bci 4000 stanowisk na zmian\u0119. Posiadamy r\u00f3wnie\u017c p\u00f3\u0142automatyczn\u0105 lini\u0119 do lakierowania butli wielkogabarytowych, nap\u0119dzan\u0105 \u0142a\u0144cuchem nap\u0119dowym, o projektowanej wydajno\u015bci 60 skrzy\u0144 na zmian\u0119.<\/p>\n<p>Aby jeszcze bardziej zwi\u0119kszy\u0107 wydajno\u015b\u0107 naszych produkt\u00f3w i ugruntowa\u0107 pozycj\u0119 lidera w bran\u017cy w dziedzinie cylindr\u00f3w hydraulicznych, nasza firma i zjimee wsp\u00f3lnie utworzy\u0142y kompleksowe laboratorium wydajno\u015bciowe cylindr\u00f3w hydraulicznych, zawor\u00f3w hydraulicznych i pomp hydraulicznych. W laboratorium przeprowadzane s\u0105 testy wspomagane komputerowo z wykorzystaniem technologii elektrohydraulicznej. Warunki test\u00f3w s\u0105 wst\u0119pnie ustalane przez komputer, co zwi\u0119ksza dok\u0142adno\u015b\u0107 test\u00f3w i wszechstronno\u015b\u0107 systemu, a tak\u017ce dane eksperymentalne.<\/p>\n<p>Automatyczne zbieranie danych odbywa si\u0119 za pomoc\u0105 czujnik\u00f3w, a dane wyj\u015bciowe, takie jak przeciek wewn\u0119trzny i wydajno\u015b\u0107 obci\u0105\u017cenia cylindra lub zaworu, s\u0105 bezpo\u015brednio przetwarzane przez komputer i konwertowane do jednostek standardowych (ml\/min\u207b ...<br \/>\nSprawno\u015b\u0107 i szczelno\u015b\u0107 wewn\u0119trzn\u0105 mo\u017cna sprawdzi\u0107 odczytami. Jednocze\u015bnie urz\u0105dzenie jest wyposa\u017cone w przyrz\u0105d pomiarowy z podzia\u0142k\u0105 kratow\u0105, kt\u00f3ry spe\u0142nia wymagania wszystkich element\u00f3w testowych si\u0142ownik\u00f3w hydraulicznych zgodnie z norm\u0105 krajow\u0105.<\/p>","protected":false},"excerpt":{"rendered":"<p>HCYY11112002 Forklift Steering Cylinder\u00a0 The HCYY11112002 Forklift Steering Cylinder stands as a vital component that significantly boosts the maneuverability and control of forklifts across diverse operational environments. Crafted for both efficiency and reliability, this steering cylinder empowers operators to navigate tight spaces and manage heavy loads effortlessly. As an essential part of any forklift operation, [&hellip;]<\/p>","protected":false},"featured_media":16988,"comment_status":"open","ping_status":"closed","template":"","meta":{"_et_pb_use_builder":"","_et_pb_old_content":"","_et_gb_content_width":""},"product_brand":[],"product_cat":[1550,1484,1376],"product_tag":[],"class_list":{"0":"post-16982","1":"product","2":"type-product","3":"status-publish","4":"has-post-thumbnail","6":"product_cat-double-acting-hydraulic-cylinder","7":"product_cat-forklift-hydraulic-cylinders","8":"product_cat-hydraulic-cylinder","10":"first","11":"instock","12":"shipping-taxable","13":"product-type-simple"},"amp_enabled":true,"_links":{"self":[{"href":"https:\/\/www.hydraulic-cylinders.net\/pl\/wp-json\/wp\/v2\/product\/16982","targetHints":{"allow":["GET"]}}],"collection":[{"href":"https:\/\/www.hydraulic-cylinders.net\/pl\/wp-json\/wp\/v2\/product"}],"about":[{"href":"https:\/\/www.hydraulic-cylinders.net\/pl\/wp-json\/wp\/v2\/types\/product"}],"replies":[{"embeddable":true,"href":"https:\/\/www.hydraulic-cylinders.net\/pl\/wp-json\/wp\/v2\/comments?post=16982"}],"wp:featuredmedia":[{"embeddable":true,"href":"https:\/\/www.hydraulic-cylinders.net\/pl\/wp-json\/wp\/v2\/media\/16988"}],"wp:attachment":[{"href":"https:\/\/www.hydraulic-cylinders.net\/pl\/wp-json\/wp\/v2\/media?parent=16982"}],"wp:term":[{"taxonomy":"product_brand","embeddable":true,"href":"https:\/\/www.hydraulic-cylinders.net\/pl\/wp-json\/wp\/v2\/product_brand?post=16982"},{"taxonomy":"product_cat","embeddable":true,"href":"https:\/\/www.hydraulic-cylinders.net\/pl\/wp-json\/wp\/v2\/product_cat?post=16982"},{"taxonomy":"product_tag","embeddable":true,"href":"https:\/\/www.hydraulic-cylinders.net\/pl\/wp-json\/wp\/v2\/product_tag?post=16982"}],"curies":[{"name":"wp","href":"https:\/\/api.w.org\/{rel}","templated":true}]}}