{"id":1702,"date":"2023-10-11T08:35:01","date_gmt":"2023-10-11T08:35:01","guid":{"rendered":"https:\/\/hydraulic-cylinders.net\/?post_type=product&#038;p=1702"},"modified":"2025-04-11T05:06:36","modified_gmt":"2025-04-11T05:06:36","slug":"electric-furnace-cover-rotating-cylinder","status":"publish","type":"product","link":"https:\/\/www.hydraulic-cylinders.net\/pl\/produkt\/electric-furnace-cover-rotating-cylinder\/","title":{"rendered":"Pokrywa pieca elektrycznego Obrotowy cylinder"},"content":{"rendered":"<h1 style=\"text-align: center;\"><strong>Pokrywa pieca elektrycznego Obrotowy cylinder<\/strong><\/h1>\n<p><img loading=\"lazy\" decoding=\"async\" class=\"aligncenter wp-image-1708\" src=\"https:\/\/hydraulic-cylinders.net\/wp-content\/uploads\/2023\/10\/rotating-cylinder-of-furnace-cover-1-300x300.webp\" alt=\"\" width=\"400\" height=\"400\" \/><\/p>\n<p>Obrotowy cylinder pokrywy pieca elektrycznego to innowacyjny produkt zaprojektowany w celu optymalizacji pracy piec\u00f3w przemys\u0142owych, a w szczeg\u00f3lno\u015bci w zakresie obrotu pokrywy. Ten najnowocze\u015bniejszy cylinder zapewnia niezawodny i wydajny mechanizm do kontrolowanego procesu pokryw pieca, u\u0142atwiaj\u0105c bezproblemow\u0105 obs\u0142ug\u0119 materia\u0142u i zwi\u0119kszaj\u0105c og\u00f3ln\u0105 wydajno\u015b\u0107.<\/p>\n<p>Obrotowy cylinder pokrywy pieca elektrycznego rewolucjonizuje dzia\u0142anie piec\u00f3w przemys\u0142owych, zapewniaj\u0105c precyzyjn\u0105 kontrol\u0119 i zwi\u0119kszon\u0105 wydajno\u015b\u0107 procesu obrotu pokrywy. Dzi\u0119ki solidnej konstrukcji, precyzyjnemu sterowaniu obrotem, elektrycznemu uk\u0142adowi nap\u0119dowemu i zaawansowanym funkcjom bezpiecze\u0144stwa, cylinder ten usprawnia transport materia\u0142\u00f3w, optymalizuje wydajno\u015b\u0107 pieca i zwi\u0119ksza produktywno\u015b\u0107. Przestrzegaj\u0105c zalecanych metod u\u017cytkowania i konserwacji, mo\u017cna zapewni\u0107 optymalne dzia\u0142anie i d\u0142ug\u0105 \u017cywotno\u015b\u0107 obrotowego cylindra pokrywy pieca elektrycznego, przyczyniaj\u0105c si\u0119 do p\u0142ynnej i wydajnej pracy pieca w \u015brodowisku przemys\u0142owym.<\/p>\n<p>Kluczowe cechy pokrywy pieca elektrycznego z obrotowym cylindrem:<\/p>\n<ol>\n<li>Solidna konstrukcja:\n<ul>\n<li>Pokrywa pieca elektrycznego z obrotowym cylindrem wykonana jest z materia\u0142\u00f3w najwy\u017cszej jako\u015bci, co gwarantuje wyj\u0105tkow\u0105 trwa\u0142o\u015b\u0107 i d\u0142ugowieczno\u015b\u0107.<\/li>\n<li>Solidna konstrukcja pozwala na prac\u0119 w wysokich temperaturach, du\u017cych obci\u0105\u017ceniach i wymagaj\u0105cych warunkach przemys\u0142owych bez uszczerbku dla wydajno\u015bci.<\/li>\n<\/ul>\n<\/li>\n<li>Precyzyjna kontrola obrot\u00f3w:\n<ul>\n<li>Si\u0142ownik ten zapewnia precyzyjn\u0105 i szybk\u0105 kontrol\u0119 procesu obrotu, umo\u017cliwiaj\u0105c operatorom uzyskanie po\u017c\u0105danych k\u0105t\u00f3w z du\u017c\u0105 dok\u0142adno\u015bci\u0105.<\/li>\n<li>Precyzyjna kontrola obrot\u00f3w zwi\u0119ksza wydajno\u015b\u0107 pracy, minimalizuje rozsypywanie materia\u0142u i optymalizuje przep\u0142yw materia\u0142\u00f3w wewn\u0105trz pieca.<\/li>\n<\/ul>\n<\/li>\n<li>Nap\u0119d elektryczny:\n<ul>\n<li>Pokrywa pieca elektrycznego obraca si\u0119 za pomoc\u0105 obrotowego cylindra, kt\u00f3ry dzia\u0142a poprzez elektryczny uk\u0142ad nap\u0119dowy, eliminuj\u0105c potrzeb\u0119 r\u0119cznych regulacji.<\/li>\n<li>Ten zasilany elektrycznie system zapewnia wygod\u0119, szybko\u015b\u0107 i precyzyjn\u0105 kontrol\u0119, usprawniaj\u0105c proces obrotu pokrywy pieca i redukuj\u0105c ryzyko b\u0142\u0119du ludzkiego.<\/li>\n<\/ul>\n<\/li>\n<li>Funkcje bezpiecze\u0144stwa:\n<ul>\n<li>Cylinder posiada zaawansowane funkcje bezpiecze\u0144stwa, takie jak zabezpieczenie przed przeci\u0105\u017ceniem i mechanizm zatrzymania awaryjnego.<\/li>\n<li>Te zabezpieczenia gwarantuj\u0105 bezpieczn\u0105 i niezawodn\u0105 prac\u0119, zapobiegaj\u0105c wypadkom i uszkodzeniom sprz\u0119tu podczas procesu obracania.<\/li>\n<\/ul>\n<\/li>\n<\/ol>\n<h2><strong>Parametry obrotowego cylindra pokrywy pieca elektrycznego:<\/strong><\/h2>\n<table border=\"1\" cellspacing=\"0\" cellpadding=\"0\">\n<tbody>\n<tr>\n<td>Nazwa produktu<\/td>\n<td>Pokrywa pieca elektrycznego Obrotowy cylinder<\/td>\n<\/tr>\n<tr>\n<td>\u015arednica otworu:<\/td>\n<td>210 mm<\/td>\n<\/tr>\n<tr>\n<td>\u015arednica pr\u0119ta:<\/td>\n<td>125 mm<\/td>\n<\/tr>\n<tr>\n<td>Ci\u015bnienie:<\/td>\n<td>14 MPa<\/td>\n<\/tr>\n<tr>\n<td>Si\u0142a ci\u0105gu:<\/td>\n<td>Maksymalnie 484 kN<\/td>\n<\/tr>\n<tr>\n<td>Zastosowania pokrywy pieca z obrotowym cylindrem:<\/td>\n<td>Piec elektryczny<\/td>\n<\/tr>\n<\/tbody>\n<\/table>\n<div><\/div>\n<div class=\"txtboxR\">\n<div class=\"txtboxL\">\n<div class=\"txtboxL\">\n<div class=\"txtboxL\">\n<div class=\"txtboxL\">Si\u0142a ci\u0105gu:<\/div>\n<div class=\"txtboxR\">Maksymalnie 989 kN<br \/>\n(\u015arednica otworu: 320 mm\/\u015arednica pr\u0119ta: 300\/ci\u015bnienie 14 MPa)<\/div>\n<\/div>\n<\/div>\n<\/div>\n<\/div>\n<h2><strong>Piec elektryczny <\/strong><strong> Fabryka cylindr\u00f3w:<\/strong><\/h2>\n<p><img loading=\"lazy\" decoding=\"async\" class=\"alignnone wp-image-1697 size-full\" src=\"https:\/\/hydraulic-cylinders.net\/wp-content\/uploads\/2023\/10\/filter-press-cylinder-1.webp\" alt=\"\" width=\"1418\" height=\"946\" srcset=\"https:\/\/hydraulic-cylinders.net\/wp-content\/uploads\/2023\/10\/filter-press-cylinder-1.webp 1418w, https:\/\/hydraulic-cylinders.net\/wp-content\/uploads\/2023\/10\/filter-press-cylinder-1-1280x854.webp 1280w, https:\/\/hydraulic-cylinders.net\/wp-content\/uploads\/2023\/10\/filter-press-cylinder-1-980x654.webp 980w, https:\/\/hydraulic-cylinders.net\/wp-content\/uploads\/2023\/10\/filter-press-cylinder-1-480x320.webp 480w\" sizes=\"(min-width: 0px) and (max-width: 480px) 480px, (min-width: 481px) and (max-width: 980px) 980px, (min-width: 981px) and (max-width: 1280px) 1280px, (min-width: 1281px) 1418px, 100vw\" \/><\/p>\n<h2><strong>Spos\u00f3b u\u017cycia pokrywy pieca elektrycznego z obrotowym cylindrem<\/strong><strong>:<\/strong><\/h2>\n<ul>\n<li><strong>Instalacja:<\/strong>\n<ul>\n<li>Na pocz\u0105tek nale\u017cy upewni\u0107 si\u0119, \u017ce obrotowy cylinder pokrywy pieca elektrycznego jest pewnie i prawid\u0142owo zamontowany na konstrukcji pieca.<\/li>\n<li>Aby zapewni\u0107 prawid\u0142owe umiejscowienie i mocowanie, nale\u017cy post\u0119powa\u0107 zgodnie ze wskaz\u00f3wkami i specyfikacjami producenta.<\/li>\n<li>Upewnij si\u0119, \u017ce wszystkie po\u0142\u0105czenia, takie jak przewody elektryczne, s\u0105 odpowiednio zamocowane i nie ma lu\u017anych po\u0142\u0105cze\u0144.<\/li>\n<\/ul>\n<\/li>\n<li><strong>Pod\u0142\u0105czenie elektryczne:<\/strong>\n<ul>\n<li>Pod\u0142\u0105cz pokryw\u0119 pieca elektrycznego do obrotowego cylindra i do \u017ar\u00f3d\u0142a zasilania, post\u0119puj\u0105c zgodnie z instrukcjami producenta i normami elektrycznymi.<\/li>\n<li>Sprawd\u017a, czy wszystkie po\u0142\u0105czenia elektryczne s\u0105 solidne i zaizolowane, aby zapobiec potencjalnym zagro\u017ceniom lub awariom.<\/li>\n<\/ul>\n<\/li>\n<li><strong>Proces rotacji:<\/strong>\n<ul>\n<li>W\u0142\u0105cz obrotowy cylinder pokrywy pieca elektrycznego za pomoc\u0105 panelu sterowania lub prze\u0142\u0105cznika przeznaczonego do operacji obrotowych.<\/li>\n<li>Cylinder p\u0142ynnie i precyzyjnie obraca pokryw\u0119 pieca pod \u017c\u0105danym k\u0105tem, umo\u017cliwiaj\u0105c wydajne obchodzenie si\u0119 z materia\u0142em i jego obr\u00f3bk\u0119.<\/li>\n<li>Uwa\u017cnie monitoruj proces obrotu i dokonuj wszelkich niezb\u0119dnych korekt, aby uzyska\u0107 idealny k\u0105t dla konkretnego zastosowania.<\/li>\n<\/ul>\n<\/li>\n<li><strong>Integracja z systemami sterowania:<\/strong>\n<ul>\n<li>Pokryw\u0119 pieca elektrycznego z obracaj\u0105cym si\u0119 cylindrem mo\u017cna bezproblemowo zintegrowa\u0107 z istniej\u0105cymi systemami sterowania pieca.<\/li>\n<li>Skonsultuj si\u0119 z wykwalifikowanym technikiem lub zastosuj si\u0119 do wytycznych producenta, aby zapewni\u0107 w\u0142a\u015bciw\u0105 integracj\u0119 i kompatybilno\u015b\u0107 z konkretn\u0105 konfiguracj\u0105 pieca.<\/li>\n<\/ul>\n<\/li>\n<\/ul>\n<h2><strong>Jak wymieni\u0107 uszczelki cylindr\u00f3w hydraulicznych?<\/strong><\/h2>\n<p>Naprawa cylindra hydraulicznego wymaga dobrej znajomo\u015bci uk\u0142ad\u00f3w hydraulicznych, odpowiednich narz\u0119dzi i przestrzegania zasad bezpiecze\u0144stwa. Oto og\u00f3lny poradnik dotycz\u0105cy naprawy cylindra hydraulicznego:<\/p>\n<ol>\n<li><strong>Bezpiecze\u0144stwo przede wszystkim:<\/strong>\n<ul>\n<li>Przed rozpocz\u0119ciem jakichkolwiek prac naprawczych nale\u017cy upewni\u0107 si\u0119, \u017ce uk\u0142ad hydrauliczny jest rozhermetyzowany i cylinder jest bezpieczny.<\/li>\n<li>Aby zabezpieczy\u0107 si\u0119 przed potencjalnymi zagro\u017ceniami, nale\u017cy stosowa\u0107 odpowiedni sprz\u0119t ochrony osobistej (PPE), taki jak r\u0119kawice i okulary ochronne.<\/li>\n<\/ul>\n<\/li>\n<li><strong>Zidentyfikuj problem:<\/strong>\n<ul>\n<li>Okre\u015bl konkretny problem z si\u0142ownikiem hydraulicznym. Mo\u017ce to by\u0107 wyciek, uszkodzone uszczelki, wygi\u0119te t\u0142oczyska lub inne problemy mechaniczne.<\/li>\n<li>Dok\u0142adnie sprawd\u017a cylinder, zwracaj\u0105c uwag\u0119 na ewentualne uszkodzenia, zu\u017cycie lub zanieczyszczenia.<\/li>\n<\/ul>\n<\/li>\n<li><strong>Zbierz niezb\u0119dne narz\u0119dzia i cz\u0119\u015bci:<\/strong>\n<ul>\n<li>Zbierz niezb\u0119dne narz\u0119dzia i sprz\u0119t do wykonania naprawy, takie jak klucze, szczypce, zestawy uszczelek, klucze dynamometryczne i pras\u0119 hydrauliczn\u0105.<\/li>\n<li>Upewnij si\u0119, \u017ce masz niezb\u0119dne cz\u0119\u015bci zamienne, w tym uszczelki, pier\u015bcienie uszczelniaj\u0105ce i wszelkie inne elementy wymagaj\u0105ce wymiany.<\/li>\n<\/ul>\n<\/li>\n<li><strong>Demonta\u017c:<\/strong>\n<ul>\n<li>Ostro\u017cnie zdemontuj cylinder hydrauliczny, post\u0119puj\u0105c zgodnie z wytycznymi producenta, je\u015bli s\u0105 dost\u0119pne.<\/li>\n<li>Aby rozdzieli\u0107 elementy cylindra, nale\u017cy usun\u0105\u0107 elementy mocuj\u0105ce, takie jak \u015bruby, sworznie lub zaciski.<\/li>\n<li>Podczas demonta\u017cu zwr\u00f3\u0107 uwag\u0119 na kolejno\u015b\u0107 i orientacj\u0119 komponent\u00f3w, aby zapewni\u0107 prawid\u0142owy ponowny monta\u017c.<\/li>\n<\/ul>\n<\/li>\n<li><strong>Inspekcja i czyszczenie:<\/strong>\n<ul>\n<li>Sprawd\u017a wszystkie zdemontowane elementy pod k\u0105tem uszkodze\u0144, zu\u017cycia lub \u015blad\u00f3w zanieczyszcze\u0144.<\/li>\n<li>Dok\u0142adnie wyczy\u015b\u0107 komponenty przy u\u017cyciu odpowiedniego rozpuszczalnika, aby usun\u0105\u0107 brud, zanieczyszczenia i resztki p\u0142ynu hydraulicznego.<\/li>\n<li>Sprawd\u017a cylinder, t\u0142oczysko, uszczelki i inne cz\u0119\u015bci wewn\u0119trzne pod k\u0105tem oznak zarysowa\u0144, w\u017cer\u00f3w lub innych uszkodze\u0144.<\/li>\n<\/ul>\n<\/li>\n<li><strong>Wymiana uszczelki:<\/strong>\n<ul>\n<li>Wymie\u0144 wszelkie uszkodzone lub zu\u017cyte uszczelki, pier\u015bcienie uszczelniaj\u0105ce lub podk\u0142adki na nowe z zestawu uszczelnie\u0144.<\/li>\n<li>Ostro\u017cnie usu\u0144 stare uszczelki, upewniaj\u0105c si\u0119, \u017ce nie porysuj\u0105 ani nie uszkodz\u0105 powierzchni cylindra.<\/li>\n<li>Nasmaruj nowe uszczelki olejem hydraulicznym i zamontuj je w odpowiednich miejscach, zgodnie ze specyfikacj\u0105 producenta.<\/li>\n<\/ul>\n<\/li>\n<li><strong>Prostowanie lub wymiana pr\u0119ta:<\/strong>\n<ul>\n<li>Je\u015bli t\u0142oczysko jest wygi\u0119te lub uszkodzone, mo\u017ce zaistnie\u0107 konieczno\u015b\u0107 jego wyprostowania lub wymiany.<\/li>\n<li>Wyprostuj wygi\u0119ty pr\u0119t za pomoc\u0105 prasy hydraulicznej lub zwr\u00f3\u0107 si\u0119 o pomoc do specjalisty, je\u015bli uszkodzenie jest powa\u017cne.<\/li>\n<li>Je\u015bli konieczna jest wymiana, ostro\u017cnie wyjmij stary pr\u0119t i zamontuj nowy, zwracaj\u0105c uwag\u0119 na prawid\u0142owe wyr\u00f3wnanie i gwintowanie.<\/li>\n<\/ul>\n<\/li>\n<li><strong>Ponowny monta\u017c:<\/strong>\n<ul>\n<li>Z\u0142\u00f3\u017c ponownie cylinder hydrauliczny, wykonuj\u0105c czynno\u015bci w odwrotnej kolejno\u015bci ni\u017c przy demonta\u017cu.<\/li>\n<li>Aby zapewni\u0107 p\u0142ynn\u0105 prac\u0119 i zapobiec uszkodzeniom podczas uruchamiania, nanie\u015b cienk\u0105 warstw\u0119 oleju hydraulicznego lub smaru na podzespo\u0142y wewn\u0119trzne.<\/li>\n<\/ul>\n<\/li>\n<li><strong>Testowanie i kontrola:<\/strong>\n<ul>\n<li>Po ponownym z\u0142o\u017ceniu cylindra hydraulicznego nale\u017cy sprawdzi\u0107 jego dzia\u0142anie przed ponownym monta\u017cem.<\/li>\n<li>Pod\u0142\u0105cz cylinder do uk\u0142adu hydraulicznego i powoli zwi\u0119kszaj ci\u015bnienie w uk\u0142adzie, aby sprawdzi\u0107, czy nie ma wyciek\u00f3w, nietypowych d\u017awi\u0119k\u00f3w lub nieregularnych ruch\u00f3w.<\/li>\n<li>Sprawd\u017a, czy naprawiony cylinder dzia\u0142a prawid\u0142owo i spe\u0142nia wymagane standardy wydajno\u015bci.<\/li>\n<\/ul>\n<\/li>\n<\/ol>\n<h2><strong>Mo\u017cliwo\u015bci i pojemno\u015b\u0107 fabryki:<\/strong><\/h2>\n<h3>(1) Monta\u017c<\/h3>\n<p>Dysponujemy najwy\u017cszej klasy niezale\u017cn\u0105 platform\u0105 badawczo-rozwojow\u0105. Warsztat produkcji si\u0142ownik\u00f3w hydraulicznych posiada cztery p\u00f3\u0142automatyczne linie monta\u017cowe si\u0142ownik\u00f3w podnosz\u0105cych i jedn\u0105 automatyczn\u0105 lini\u0119 monta\u017cow\u0105 si\u0142ownik\u00f3w przechy\u0142u, o projektowanej rocznej zdolno\u015bci produkcyjnej 1 miliona sztuk. Specjalny warsztat cylindr\u00f3w jest wyposa\u017cony w r\u00f3\u017cne specyfikacje p\u00f3\u0142automatycznego systemu monta\u017cu czyszcz\u0105cego o projektowanej rocznej zdolno\u015bci produkcyjnej 200 000 i wyposa\u017cony w s\u0142ynny sprz\u0119t do obr\u00f3bki CNC, centrum obr\u00f3bcze, specjalny sprz\u0119t do precyzyjnej obr\u00f3bki cylindr\u00f3w, robot spawalniczy, automatyczna maszyna czyszcz\u0105ca, automatyczna maszyna do monta\u017cu cylindr\u00f3w i automatyczna linia produkcyjna do malowania. Istniej\u0105cy krytyczny sprz\u0119t sk\u0142ada si\u0119 z ponad 300 zestaw\u00f3w. Optymalna alokacja i efektywne wykorzystanie zasob\u00f3w sprz\u0119towych zapewniaj\u0105 wymagania dotycz\u0105ce dok\u0142adno\u015bci produkt\u00f3w i spe\u0142niaj\u0105 potrzeby wysokiej jako\u015bci produkt\u00f3w.<\/p>\n<p><img loading=\"lazy\" decoding=\"async\" class=\"alignnone wp-image-626\" src=\"https:\/\/hydraulic-cylinders.net\/wp-content\/uploads\/2023\/08\/hydraulic-cylinder-product-1-300x158.webp\" alt=\"\" width=\"495\" height=\"260\" srcset=\"https:\/\/hydraulic-cylinders.net\/wp-content\/uploads\/2023\/08\/hydraulic-cylinder-product-1-300x158.webp 495w, https:\/\/hydraulic-cylinders.net\/wp-content\/uploads\/2023\/08\/hydraulic-cylinder-product-1-480x252.webp 480w\" sizes=\"(min-width: 0px) and (max-width: 480px) 480px, (min-width: 481px) 495px, 100vw\" \/> <img loading=\"lazy\" decoding=\"async\" class=\"alignnone wp-image-627\" src=\"https:\/\/hydraulic-cylinders.net\/wp-content\/uploads\/2023\/08\/hydraulic-cylinder-product-2-300x189.webp\" alt=\"\" width=\"413\" height=\"260\" \/><\/p>\n<h3>(2) Obr\u00f3bka<\/h3>\n<p>Warsztat obr\u00f3bki skrawaniem jest wyposa\u017cony w niestandardowe centrum tokarskie z pochylon\u0105 szyn\u0105, centrum obr\u00f3bcze, szybkobie\u017cn\u0105 honownic\u0119, robota spawalniczego i inny powi\u0105zany sprz\u0119t, kt\u00f3ry mo\u017ce obs\u0142ugiwa\u0107 przetwarzanie rur cylindrycznych o maksymalnej \u015brednicy wewn\u0119trznej 400 mm i maksymalnej d\u0142ugo\u015bci 6 metr\u00f3w.<\/p>\n<p><img loading=\"lazy\" decoding=\"async\" class=\"alignnone wp-image-628 size-large\" src=\"https:\/\/hydraulic-cylinders.net\/wp-content\/uploads\/2023\/08\/hydraulic-cylinder-product-3-1024x391.webp\" alt=\"\" width=\"1024\" height=\"391\" srcset=\"https:\/\/hydraulic-cylinders.net\/wp-content\/uploads\/2023\/08\/hydraulic-cylinder-product-3-980x374.webp 980w, https:\/\/hydraulic-cylinders.net\/wp-content\/uploads\/2023\/08\/hydraulic-cylinder-product-3-480x183.webp 480w\" sizes=\"(min-width: 0px) and (max-width: 480px) 480px, (min-width: 481px) and (max-width: 980px) 980px, (min-width: 981px) 1024px, 100vw\" \/><\/p>\n<h3>(3) Spawanie<\/h3>\n<p><img loading=\"lazy\" decoding=\"async\" class=\"alignnone wp-image-629 size-large\" src=\"https:\/\/hydraulic-cylinders.net\/wp-content\/uploads\/2023\/08\/hydraulic-cylinder-product-4-1024x510.webp\" alt=\"\" width=\"1024\" height=\"510\" srcset=\"https:\/\/hydraulic-cylinders.net\/wp-content\/uploads\/2023\/08\/hydraulic-cylinder-product-4-980x488.webp 980w, https:\/\/hydraulic-cylinders.net\/wp-content\/uploads\/2023\/08\/hydraulic-cylinder-product-4-480x239.webp 480w\" sizes=\"(min-width: 0px) and (max-width: 480px) 480px, (min-width: 481px) and (max-width: 980px) 980px, (min-width: 981px) 1024px, 100vw\" \/><\/p>\n<h3>(4) Malowanie i powlekanie<\/h3>\n<p>Z ma\u0142ymi i \u015brednimi automatycznymi liniami do powlekania farbami na bazie wody, w celu osi\u0105gni\u0119cia automatycznego za\u0142adunku i roz\u0142adunku robota oraz automatycznego natryskiwania, wydajno\u015b\u0107 projektowa 4000 sztuk na zmian\u0119;<br \/>\nPosiadamy r\u00f3wnie\u017c p\u00f3\u0142automatyczn\u0105 lini\u0119 do produkcji farb do du\u017cych cylindr\u00f3w nap\u0119dzan\u0105 \u0142a\u0144cuchem nap\u0119dowym, o wydajno\u015bci 60 skrzy\u0144 na zmian\u0119.<\/p>\n<p><img loading=\"lazy\" decoding=\"async\" class=\"alignnone wp-image-630\" src=\"https:\/\/hydraulic-cylinders.net\/wp-content\/uploads\/2023\/08\/hydraulic-cylinder-product-5-300x213.webp\" alt=\"\" width=\"366\" height=\"260\" \/> <img loading=\"lazy\" decoding=\"async\" class=\"alignnone wp-image-631\" src=\"https:\/\/hydraulic-cylinders.net\/wp-content\/uploads\/2023\/08\/hydraulic-cylinder-product-6-300x225.webp\" alt=\"\" width=\"347\" height=\"260\" \/><\/p>\n<h3>(5) Testowanie<\/h3>\n<p>Dysponujemy najwy\u017cszej klasy urz\u0105dzeniami kontrolnymi i stanowiskami testowymi, aby zapewni\u0107, \u017ce wydajno\u015b\u0107 cylindra spe\u0142nia wymagania.<\/p>\n<p><img loading=\"lazy\" decoding=\"async\" class=\"alignnone wp-image-632\" src=\"https:\/\/hydraulic-cylinders.net\/wp-content\/uploads\/2023\/08\/hydraulic-cylinder-product-8-300x200.webp\" alt=\"\" width=\"389\" height=\"260\" \/><\/p>\n<p>&nbsp;<\/p>\n<p>&nbsp;<\/p>\n<p>Jeste\u015bmy jednym z najlepszych producent\u00f3w cylindr\u00f3w hydraulicznych. Oferujemy kompleksow\u0105 ofert\u0119 cylindr\u00f3w hydraulicznych. Dostarczamy r\u00f3wnie\u017c\u2026 <a href=\"https:\/\/hzpt.com\/agricultural-pto-gearbox\/\" target=\"_blank\" rel=\"noopener\">przek\u0142adnie rolnicze<\/a>. Eksportowali\u015bmy nasze produkty do klient\u00f3w na ca\u0142ym \u015bwiecie i zdobyli\u015bmy dobr\u0105 reputacj\u0119 dzi\u0119ki najwy\u017cszej jako\u015bci produkt\u00f3w i us\u0142ug posprzeda\u017cnych. Zapraszamy klient\u00f3w w kraju i za granic\u0105 do kontaktu z nami w celu negocjacji biznesowych, wymiany informacji i <a href=\"https:\/\/www.hydraulic-cylinders.net\/pl\/contact-us\/\">wsp\u00f3\u0142pracowa\u0107 z nami<\/a>!<\/p>","protected":false},"excerpt":{"rendered":"<p>Electric Furnace Cover Rotating Cylinder The electric furnace cover rotating cylinder is an innovative product designed to optimize the operation of industrial furnaces, specifically in furnace cover rotation. This cutting-edge cylinder provides a reliable and efficient mechanism for the controlled process of furnace covers, facilitating seamless material handling and improving overall productivity. The electric furnace [&hellip;]<\/p>","protected":false},"featured_media":1710,"comment_status":"open","ping_status":"closed","template":"","meta":{"_et_pb_use_builder":"","_et_pb_old_content":"","_et_gb_content_width":""},"product_brand":[],"product_cat":[1550,1524,1376],"product_tag":[1380],"class_list":{"0":"post-1702","1":"product","2":"type-product","3":"status-publish","4":"has-post-thumbnail","6":"product_cat-double-acting-hydraulic-cylinder","7":"product_cat-steel-mill-hydraulic-cylinders","8":"product_cat-hydraulic-cylinder","9":"product_tag-hydraulic-cylinder","11":"first","12":"instock","13":"shipping-taxable","14":"product-type-simple"},"amp_enabled":true,"_links":{"self":[{"href":"https:\/\/www.hydraulic-cylinders.net\/pl\/wp-json\/wp\/v2\/product\/1702","targetHints":{"allow":["GET"]}}],"collection":[{"href":"https:\/\/www.hydraulic-cylinders.net\/pl\/wp-json\/wp\/v2\/product"}],"about":[{"href":"https:\/\/www.hydraulic-cylinders.net\/pl\/wp-json\/wp\/v2\/types\/product"}],"replies":[{"embeddable":true,"href":"https:\/\/www.hydraulic-cylinders.net\/pl\/wp-json\/wp\/v2\/comments?post=1702"}],"wp:featuredmedia":[{"embeddable":true,"href":"https:\/\/www.hydraulic-cylinders.net\/pl\/wp-json\/wp\/v2\/media\/1710"}],"wp:attachment":[{"href":"https:\/\/www.hydraulic-cylinders.net\/pl\/wp-json\/wp\/v2\/media?parent=1702"}],"wp:term":[{"taxonomy":"product_brand","embeddable":true,"href":"https:\/\/www.hydraulic-cylinders.net\/pl\/wp-json\/wp\/v2\/product_brand?post=1702"},{"taxonomy":"product_cat","embeddable":true,"href":"https:\/\/www.hydraulic-cylinders.net\/pl\/wp-json\/wp\/v2\/product_cat?post=1702"},{"taxonomy":"product_tag","embeddable":true,"href":"https:\/\/www.hydraulic-cylinders.net\/pl\/wp-json\/wp\/v2\/product_tag?post=1702"}],"curies":[{"name":"wp","href":"https:\/\/api.w.org\/{rel}","templated":true}]}}