{"id":17032,"date":"2025-01-23T08:17:40","date_gmt":"2025-01-23T08:17:40","guid":{"rendered":"https:\/\/www.hydraulic-cylinders.net\/?post_type=product&#038;p=17032"},"modified":"2025-04-15T05:47:52","modified_gmt":"2025-04-15T05:47:52","slug":"hcyy11112014-swing-arm-cylinder-for-environmental-protection","status":"publish","type":"product","link":"https:\/\/www.hydraulic-cylinders.net\/pl\/produkt\/hcyy11112014-swing-arm-cylinder-for-environmental-protection\/","title":{"rendered":"HCYY11112014 Si\u0142ownik wahacza do ochrony \u015brodowiska"},"content":{"rendered":"<h1 style=\"text-align: center;\"><strong>HCYY11112014 Si\u0142ownik wahacza do ochrony \u015brodowiska<\/strong><\/h1>\n<h1 style=\"text-align: center;\"><img loading=\"lazy\" decoding=\"async\" class=\"alignnone size-full wp-image-17034\" src=\"https:\/\/www.hydraulic-cylinders.net\/wp-content\/uploads\/2025\/01\/hcyy11112014-swing-arm-cylinder-2.webp\" alt=\"\" width=\"1495\" height=\"516\" srcset=\"https:\/\/www.hydraulic-cylinders.net\/wp-content\/uploads\/2025\/01\/hcyy11112014-swing-arm-cylinder-2.webp 1495w, https:\/\/www.hydraulic-cylinders.net\/wp-content\/uploads\/2025\/01\/hcyy11112014-swing-arm-cylinder-2-1280x442.webp 1280w, https:\/\/www.hydraulic-cylinders.net\/wp-content\/uploads\/2025\/01\/hcyy11112014-swing-arm-cylinder-2-980x338.webp 980w, https:\/\/www.hydraulic-cylinders.net\/wp-content\/uploads\/2025\/01\/hcyy11112014-swing-arm-cylinder-2-480x166.webp 480w\" sizes=\"(min-width: 0px) and (max-width: 480px) 480px, (min-width: 481px) and (max-width: 980px) 980px, (min-width: 981px) and (max-width: 1280px) 1280px, (min-width: 1281px) 1495px, 100vw\" \/><\/h1>\n<p>Si\u0142ownik wahacza HCYY11112014 to najnowocze\u015bniejsze rozwi\u0105zanie, kt\u00f3re zwi\u0119ksza wydajno\u015b\u0107 operacyjn\u0105, jednocze\u015bnie priorytetowo traktuj\u0105c zr\u00f3wnowa\u017cony rozw\u00f3j \u015brodowiska. Ten innowacyjny produkt sprawdza si\u0119 w r\u00f3\u017cnych bran\u017cach, zapewniaj\u0105c niezawodn\u0105 prac\u0119 przy minimalnym wp\u0142ywie na \u015brodowisko.<\/p>\n<p>Jako znacz\u0105cy post\u0119p w technologii przyjaznej dla \u015brodowiska, si\u0142ownik wahacza HCYY11112014 \u0142\u0105czy w sobie trwa\u0142o\u015b\u0107 i wydajno\u015b\u0107, co czyni go idealnym wyborem dla firm dbaj\u0105cych o zr\u00f3wnowa\u017cony rozw\u00f3j. Wprowadzaj\u0105c ten produkt do swojej dzia\u0142alno\u015bci, nie tylko zwi\u0119kszasz produktywno\u015b\u0107, ale tak\u017ce przyczyniasz si\u0119 do zdrowszej planety. Dokonaj m\u0105drego wyboru ju\u017c dzi\u015b, inwestuj\u0105c w HCYY11112014 i przekonaj si\u0119 o zaletach najnowocze\u015bniejszej technologii, zaprojektowanej z my\u015bl\u0105 o ochronie \u015brodowiska.<\/p>\n<h2><strong>HCYY11112014 Si\u0142ownik wahacza do ochrony \u015brodowiska Parametry:<\/strong><\/h2>\n<h1 style=\"text-align: center;\"><img loading=\"lazy\" decoding=\"async\" class=\"alignnone size-full wp-image-17033\" src=\"https:\/\/www.hydraulic-cylinders.net\/wp-content\/uploads\/2025\/01\/hcyy11112014-swing-arm-cylinder-1.webp\" alt=\"\" width=\"1515\" height=\"142\" srcset=\"https:\/\/www.hydraulic-cylinders.net\/wp-content\/uploads\/2025\/01\/hcyy11112014-swing-arm-cylinder-1.webp 1515w, https:\/\/www.hydraulic-cylinders.net\/wp-content\/uploads\/2025\/01\/hcyy11112014-swing-arm-cylinder-1-1280x120.webp 1280w, https:\/\/www.hydraulic-cylinders.net\/wp-content\/uploads\/2025\/01\/hcyy11112014-swing-arm-cylinder-1-980x92.webp 980w, https:\/\/www.hydraulic-cylinders.net\/wp-content\/uploads\/2025\/01\/hcyy11112014-swing-arm-cylinder-1-480x45.webp 480w\" sizes=\"(min-width: 0px) and (max-width: 480px) 480px, (min-width: 481px) and (max-width: 980px) 980px, (min-width: 981px) and (max-width: 1280px) 1280px, (min-width: 1281px) 1515px, 100vw\" \/><\/h1>\n<h1 style=\"text-align: center;\"><img loading=\"lazy\" decoding=\"async\" class=\"alignnone size-full wp-image-17035\" src=\"https:\/\/www.hydraulic-cylinders.net\/wp-content\/uploads\/2025\/01\/hcyy11112014-swing-arm-cylinder-3.webp\" alt=\"\" width=\"1480\" height=\"710\" srcset=\"https:\/\/www.hydraulic-cylinders.net\/wp-content\/uploads\/2025\/01\/hcyy11112014-swing-arm-cylinder-3.webp 1480w, https:\/\/www.hydraulic-cylinders.net\/wp-content\/uploads\/2025\/01\/hcyy11112014-swing-arm-cylinder-3-1280x614.webp 1280w, https:\/\/www.hydraulic-cylinders.net\/wp-content\/uploads\/2025\/01\/hcyy11112014-swing-arm-cylinder-3-980x470.webp 980w, https:\/\/www.hydraulic-cylinders.net\/wp-content\/uploads\/2025\/01\/hcyy11112014-swing-arm-cylinder-3-480x230.webp 480w\" sizes=\"(min-width: 0px) and (max-width: 480px) 480px, (min-width: 481px) and (max-width: 980px) 980px, (min-width: 981px) and (max-width: 1280px) 1280px, (min-width: 1281px) 1480px, 100vw\" \/> <img loading=\"lazy\" decoding=\"async\" class=\"alignnone size-full wp-image-17036\" src=\"https:\/\/www.hydraulic-cylinders.net\/wp-content\/uploads\/2025\/01\/hcyy11112014-swing-arm-cylinder-4.webp\" alt=\"\" width=\"1476\" height=\"707\" srcset=\"https:\/\/www.hydraulic-cylinders.net\/wp-content\/uploads\/2025\/01\/hcyy11112014-swing-arm-cylinder-4.webp 1476w, https:\/\/www.hydraulic-cylinders.net\/wp-content\/uploads\/2025\/01\/hcyy11112014-swing-arm-cylinder-4-1280x613.webp 1280w, https:\/\/www.hydraulic-cylinders.net\/wp-content\/uploads\/2025\/01\/hcyy11112014-swing-arm-cylinder-4-980x469.webp 980w, https:\/\/www.hydraulic-cylinders.net\/wp-content\/uploads\/2025\/01\/hcyy11112014-swing-arm-cylinder-4-480x230.webp 480w\" sizes=\"(min-width: 0px) and (max-width: 480px) 480px, (min-width: 481px) and (max-width: 980px) 980px, (min-width: 981px) and (max-width: 1280px) 1280px, (min-width: 1281px) 1476px, 100vw\" \/> <img loading=\"lazy\" decoding=\"async\" class=\"alignnone size-full wp-image-17037\" src=\"https:\/\/www.hydraulic-cylinders.net\/wp-content\/uploads\/2025\/01\/hcyy11112014-swing-arm-cylinder-5.webp\" alt=\"\" width=\"1411\" height=\"704\" srcset=\"https:\/\/www.hydraulic-cylinders.net\/wp-content\/uploads\/2025\/01\/hcyy11112014-swing-arm-cylinder-5.webp 1411w, https:\/\/www.hydraulic-cylinders.net\/wp-content\/uploads\/2025\/01\/hcyy11112014-swing-arm-cylinder-5-1280x639.webp 1280w, https:\/\/www.hydraulic-cylinders.net\/wp-content\/uploads\/2025\/01\/hcyy11112014-swing-arm-cylinder-5-980x489.webp 980w, https:\/\/www.hydraulic-cylinders.net\/wp-content\/uploads\/2025\/01\/hcyy11112014-swing-arm-cylinder-5-480x239.webp 480w\" sizes=\"(min-width: 0px) and (max-width: 480px) 480px, (min-width: 481px) and (max-width: 980px) 980px, (min-width: 981px) and (max-width: 1280px) 1280px, (min-width: 1281px) 1411px, 100vw\" \/><\/h1>\n<h2><strong>Seria cylindr\u00f3w do ochrony \u015brodowiska:<\/strong><\/h2>\n<h2><img loading=\"lazy\" decoding=\"async\" class=\"alignnone size-full wp-image-17030\" src=\"https:\/\/www.hydraulic-cylinders.net\/wp-content\/uploads\/2025\/01\/cylinder-series-for-environmental-protection-scaled.webp\" alt=\"\" width=\"2044\" height=\"2560\" srcset=\"https:\/\/www.hydraulic-cylinders.net\/wp-content\/uploads\/2025\/01\/cylinder-series-for-environmental-protection-scaled.webp 2044w, https:\/\/www.hydraulic-cylinders.net\/wp-content\/uploads\/2025\/01\/cylinder-series-for-environmental-protection-1280x1603.webp 1280w, https:\/\/www.hydraulic-cylinders.net\/wp-content\/uploads\/2025\/01\/cylinder-series-for-environmental-protection-980x1227.webp 980w, https:\/\/www.hydraulic-cylinders.net\/wp-content\/uploads\/2025\/01\/cylinder-series-for-environmental-protection-480x601.webp 480w\" sizes=\"(min-width: 0px) and (max-width: 480px) 480px, (min-width: 481px) and (max-width: 980px) 980px, (min-width: 981px) and (max-width: 1280px) 1280px, (min-width: 1281px) 2044px, 100vw\" \/><\/h2>\n<h2><strong>G\u0142\u00f3wne cechy si\u0142ownika wahacza HCYY11112014 do ochrony \u015brodowiska:<\/strong><\/h2>\n<h4><strong>Materia\u0142y przyjazne dla \u015brodowiska<\/strong><\/h4>\n<p>Si\u0142ownik wahacza HCYY11112014 jest wykonany z wysokiej jako\u015bci, nadaj\u0105cych si\u0119 do recyklingu i zr\u00f3wnowa\u017conych materia\u0142\u00f3w. To zobowi\u0105zanie do odpowiedzialnej produkcji minimalizuje wp\u0142yw na \u015brodowisko i wspiera gospodark\u0119 o obiegu zamkni\u0119tym. Wybieraj\u0105c ten si\u0142ownik, przyczyniasz si\u0119 do przysz\u0142o\u015bci, w kt\u00f3rej ilo\u015b\u0107 odpad\u00f3w jest ograniczona, a zasoby maksymalizowane.<\/p>\n<h4><strong>Niskie zu\u017cycie energii<\/strong><\/h4>\n<p>Designed with energy efficiency in mind, the HCYY11112014 significantly lowers operational costs. Its innovative engineering reduces energy usage, leading to decreased carbon emissions. This means that not only do you save on expenses, but you also play a vital role in combating climate change. It&#8217;s a win-win for your business and the planet.<\/p>\n<h4><strong>Zaawansowana technologia uszczelniania<\/strong><\/h4>\n<p>Bezpiecze\u0144stwo i ochrona \u015brodowiska s\u0105 dla nas priorytetem, dlatego model HCYY11112014 zosta\u0142 wyposa\u017cony w najnowocze\u015bniejsze mechanizmy uszczelniaj\u0105ce. Te zaawansowane uszczelnienia skutecznie zapobiegaj\u0105 wyciekom substancji niebezpiecznych, zapewniaj\u0105c, \u017ce Pa\u0144stwa dzia\u0142alno\u015b\u0107 nie zagra\u017ca otaczaj\u0105cemu ekosystemowi. Technologia ta zwi\u0119ksza bezpiecze\u0144stwo i buduje zaufanie w\u015br\u00f3d interesariuszy i spo\u0142eczno\u015bci.<\/p>\n<h4><strong>Trwa\u0142a konstrukcja<\/strong><\/h4>\n<p>Zaprojektowany, aby sprosta\u0107 najtrudniejszym warunkom, model HCYY11112014 charakteryzuje si\u0119 wyj\u0105tkow\u0105 trwa\u0142o\u015bci\u0105. Jego solidna konstrukcja zapewnia d\u0142ug\u0105 \u017cywotno\u015b\u0107, minimalizuj\u0105c konieczno\u015b\u0107 cz\u0119stej wymiany. Ta trwa\u0142o\u015b\u0107 przek\u0142ada si\u0119 na niezawodno\u015b\u0107, umo\u017cliwiaj\u0105c p\u0142ynn\u0105 i nieprzerwan\u0105 prac\u0119 oraz redukuj\u0105c og\u00f3lne koszty konserwacji.<\/p>\n<h4><strong>Kompaktowa konstrukcja<\/strong><\/h4>\n<p>The HCYY11112014&#8217;s innovative compact design makes it a versatile choice for various applications. Its space-saving profile allows for seamless integration into existing systems without sacrificing performance. This adaptability enables you to optimize your workspace, maximizing efficiency and productivity in your operations.<\/p>\n<p>Wybieraj\u0105c si\u0142ownik wahacza HCYY11112014, nabywasz produkt, kt\u00f3ry \u0142\u0105czy w sobie zr\u00f3wnowa\u017cony rozw\u00f3j, wydajno\u015b\u0107 i innowacyjno\u015b\u0107. Przekonaj si\u0119, jak\u0105 r\u00f3\u017cnic\u0119 dla Twojej firmy i przysz\u0142o\u015bci naszej planety mo\u017ce przynie\u015b\u0107 in\u017cynieria przyjazna dla \u015brodowiska.<\/p>\n<h2><strong>Co sprawia, \u017ce \u200b\u200bsi\u0142ownik wahacza Hcyy11112014 jest przyjazny dla \u015brodowiska?<\/strong><\/h2>\n<p>Si\u0142ownik wahacza HCYY11112014 wyr\u00f3\u017cnia si\u0119 jako przyjazny dla \u015brodowiska wyb\u00f3r z kilku wa\u017cnych powod\u00f3w:<\/p>\n<h4><strong>1. Zr\u00f3wnowa\u017cone materia\u0142y<\/strong><\/h4>\n<p>Wykonany z materia\u0142\u00f3w nadaj\u0105cych si\u0119 do recyklingu i zr\u00f3wnowa\u017conych, ten cylinder odzwierciedla zaanga\u017cowanie w odpowiedzialn\u0105 produkcj\u0119. Wybieraj\u0105c ten produkt, wspierasz gospodark\u0119 o obiegu zamkni\u0119tym, kt\u00f3ra stawia na pierwszym miejscu oszcz\u0119dzanie zasob\u00f3w i redukcj\u0119 odpad\u00f3w.<\/p>\n<h4><strong>2. Efektywno\u015b\u0107 energetyczna<\/strong><\/h4>\n<p>Zaprojektowany z my\u015bl\u0105 o niskim zu\u017cyciu energii, model HCYY11112014 znacz\u0105co obni\u017ca koszty eksploatacji. Jego energooszcz\u0119dna technologia pozwala oszcz\u0119dza\u0107 pieni\u0105dze i obni\u017ca\u0107 emisj\u0119 dwutlenku w\u0119gla, odgrywaj\u0105c kluczow\u0105 rol\u0119 w walce ze zmianami klimatu. Oznacza to, \u017ce mo\u017cesz zwi\u0119kszy\u0107 produktywno\u015b\u0107, jednocze\u015bnie dbaj\u0105c o planet\u0119.<\/p>\n<h4><strong>3. Zaawansowana technologia uszczelniania<\/strong><\/h4>\n<p>Bezpiecze\u0144stwo jest najwa\u017cniejsze, a HCYY11112014 wyr\u00f3\u017cnia si\u0119 w tej dziedzinie. Jego najnowocze\u015bniejsze mechanizmy uszczelniaj\u0105ce skutecznie zapobiegaj\u0105 wyciekom substancji niebezpiecznych, chroni\u0105c \u015brodowisko i zapewniaj\u0105c zgodno\u015b\u0107 z normami bezpiecze\u0144stwa. Technologia ta buduje zaufanie w\u015br\u00f3d interesariuszy i \u015bwiadczy o zaanga\u017cowaniu w ochron\u0119 \u015brodowiska.<\/p>\n<h4><strong>4. Wyj\u0105tkowa trwa\u0142o\u015b\u0107<\/strong><\/h4>\n<p>Zaprojektowany z my\u015bl\u0105 o trudnych warunkach, model HCYY11112014 oferuje d\u0142ug\u0105 \u017cywotno\u015b\u0107. Ta trwa\u0142o\u015b\u0107 ogranicza konieczno\u015b\u0107 cz\u0119stych wymian, minimalizuj\u0105c ilo\u015b\u0107 odpad\u00f3w i przyczyniaj\u0105c si\u0119 do bardziej zr\u00f3wnowa\u017conego modelu operacyjnego. Dzi\u0119ki temu butli zyskujesz niezawodno\u015b\u0107 i spok\u00f3j ducha.<\/p>\n<h4><strong>5. Konstrukcja oszcz\u0119dzaj\u0105ca miejsce<\/strong><\/h4>\n<p>Kompaktowa konstrukcja pozwala na \u0142atw\u0105 integracj\u0119 z istniej\u0105cymi systemami bez utraty wydajno\u015bci. Ta elastyczno\u015b\u0107 optymalizuje przestrze\u0144 robocz\u0105 i zwi\u0119ksza og\u00f3ln\u0105 wydajno\u015b\u0107, czyni\u0105c to rozwi\u0105zanie wszechstronnym do r\u00f3\u017cnych zastosowa\u0144.<\/p>\n<p>In summary, the HCYY11112014 Swing Arm Cylinder is more than just a functional component; it\u2019s a forward-thinking investment in sustainability. By choosing this eco-friendly option, you&#8217;re making a positive impact on both your operations and the environment, paving the way for a greener future.<\/p>\n<h2><strong>Obszar produkcji cylindr\u00f3w do w\u00f3zk\u00f3w wid\u0142owych:<\/strong><\/h2>\n<h2><img loading=\"lazy\" decoding=\"async\" class=\"alignnone size-full wp-image-16972\" src=\"https:\/\/www.hydraulic-cylinders.net\/wp-content\/uploads\/2025\/01\/hydraulic-cylinder-factory-1-scaled.webp\" alt=\"\" width=\"2016\" height=\"2560\" srcset=\"https:\/\/www.hydraulic-cylinders.net\/wp-content\/uploads\/2025\/01\/hydraulic-cylinder-factory-1-scaled.webp 2016w, https:\/\/www.hydraulic-cylinders.net\/wp-content\/uploads\/2025\/01\/hydraulic-cylinder-factory-1-1280x1625.webp 1280w, https:\/\/www.hydraulic-cylinders.net\/wp-content\/uploads\/2025\/01\/hydraulic-cylinder-factory-1-980x1244.webp 980w, https:\/\/www.hydraulic-cylinders.net\/wp-content\/uploads\/2025\/01\/hydraulic-cylinder-factory-1-480x610.webp 480w\" sizes=\"(min-width: 0px) and (max-width: 480px) 480px, (min-width: 481px) and (max-width: 980px) 980px, (min-width: 981px) and (max-width: 1280px) 1280px, (min-width: 1281px) 2016px, 100vw\" \/><\/h2>\n<p>Dysponujemy najnowocze\u015bniejsz\u0105, niezale\u017cn\u0105 platform\u0105 badawczo-rozwojow\u0105 dedykowan\u0105 monta\u017cowi, co gwarantuje najwy\u017csz\u0105 innowacyjno\u015b\u0107 i jako\u015b\u0107 w naszych procesach produkcyjnych. Nasz zak\u0142ad produkcyjny cylindr\u00f3w do w\u00f3zk\u00f3w wid\u0142owych dysponuje czterema p\u00f3\u0142automatycznymi liniami monta\u017cowymi cylindr\u00f3w podnosz\u0105cych oraz w pe\u0142ni zautomatyzowan\u0105 lini\u0105 monta\u017cow\u0105 cylindr\u00f3w przechylnych, zaprojektowanymi \u0142\u0105cznie z my\u015bl\u0105 o produkcji do miliona sztuk rocznie.<\/p>\n<p>Ponadto, nasz specjalistyczny warsztat produkcji cylindr\u00f3w wyposa\u017cony jest w p\u00f3\u0142automatyczne systemy czyszczenia i monta\u017cu, dostosowane do r\u00f3\u017cnych specyfikacji, o rocznej zdolno\u015bci produkcyjnej 200 000 sztuk. Wykorzystujemy renomowane maszyny CNC, centra obr\u00f3bcze i specjalistyczne narz\u0119dzia do precyzyjnej obr\u00f3bki cylindr\u00f3w. Nasz zak\u0142ad dysponuje r\u00f3wnie\u017c zaawansowanymi zrobotyzowanymi spawarkami, automatycznymi systemami czyszczenia oraz w pe\u0142ni zautomatyzowanymi liniami monta\u017cu i lakierowania cylindr\u00f3w. Dysponuj\u0105c ponad 300 kluczowymi urz\u0105dzeniami, optymalizujemy alokacj\u0119 zasob\u00f3w i zapewniamy efektywne wykorzystanie, spe\u0142niaj\u0105c rygorystyczne standardy precyzji i jako\u015bci.<\/p>\n<p>Nasz zak\u0142ad obr\u00f3bki skrawaniem dysponuje niestandardowymi centrami tokarskimi z prowadnicami uchylnymi, centrami obr\u00f3bczymi, szybkoobrotowymi honownicami, robotami spawalniczymi i innymi niezb\u0119dnymi urz\u0105dzeniami. Taka konfiguracja pozwala nam na obr\u00f3bk\u0119 rur cylindrycznych o maksymalnej \u015brednicy wewn\u0119trznej 400 mm i d\u0142ugo\u015bci do 6 metr\u00f3w, co dodatkowo zwi\u0119ksza nasze mo\u017cliwo\u015bci produkcyjne.<\/p>\n<h2><img loading=\"lazy\" decoding=\"async\" class=\"alignnone size-full wp-image-16973\" src=\"https:\/\/www.hydraulic-cylinders.net\/wp-content\/uploads\/2025\/01\/hydraulic-cylinder-factory-2-scaled.webp\" alt=\"\" width=\"2011\" height=\"2560\" srcset=\"https:\/\/www.hydraulic-cylinders.net\/wp-content\/uploads\/2025\/01\/hydraulic-cylinder-factory-2-scaled.webp 2011w, https:\/\/www.hydraulic-cylinders.net\/wp-content\/uploads\/2025\/01\/hydraulic-cylinder-factory-2-1280x1629.webp 1280w, https:\/\/www.hydraulic-cylinders.net\/wp-content\/uploads\/2025\/01\/hydraulic-cylinder-factory-2-980x1248.webp 980w, https:\/\/www.hydraulic-cylinders.net\/wp-content\/uploads\/2025\/01\/hydraulic-cylinder-factory-2-480x611.webp 480w\" sizes=\"(min-width: 0px) and (max-width: 480px) 480px, (min-width: 481px) and (max-width: 980px) 980px, (min-width: 981px) and (max-width: 1280px) 1280px, (min-width: 1281px) 2011px, 100vw\" \/><\/h2>\n<p>Dysponujemy w pe\u0142ni zautomatyzowan\u0105 lini\u0105 do powlekania farbami wodorozcie\u0144czalnymi, zaprojektowan\u0105 specjalnie do ma\u0142ych i \u015brednich butli, wyposa\u017con\u0105 w zautomatyzowane roboty za\u0142adowcze, roz\u0142adowcze i natryskowe. Ten najnowocze\u015bniejszy system mo\u017ce pochwali\u0107 si\u0119 wydajno\u015bci\u0105 4000 sztuk na zmian\u0119. Dodatkowo, posiadamy p\u00f3\u0142automatyczn\u0105 lini\u0119 do powlekania butli wielkogabarytowych, nap\u0119dzan\u0105 nap\u0119dem \u0142a\u0144cuchowym, o wydajno\u015bci projektowej 60 skrzy\u0144 na zmian\u0119.<\/p>\n<p>Aby poprawi\u0107 wydajno\u015b\u0107 produkt\u00f3w i umocni\u0107 nasz\u0105 pozycj\u0119 lidera w bran\u017cy cylindr\u00f3w hydraulicznych, nawi\u0105zali\u015bmy wsp\u00f3\u0142prac\u0119 z firm\u0105 ZJIMEE w celu utworzenia kompleksowego laboratorium badawczego, dedykowanego cylindrom hydraulicznym, zaworom i pompom. To zaawansowane laboratorium wykorzystuje wspomagane komputerowo testy z wykorzystaniem technologii elektrohydraulicznej, co pozwala na uzyskanie wst\u0119pnie zdefiniowanych warunk\u00f3w testowych, kt\u00f3re poprawiaj\u0105 dok\u0142adno\u015b\u0107 i wszechstronno\u015b\u0107 systemu. Zautomatyzowany proces gromadzenia danych wykorzystuje czujniki do zbierania danych wyj\u015bciowych, takich jak przeciek wewn\u0119trzny i wydajno\u015b\u0107 obci\u0105\u017cenia, kt\u00f3re s\u0105 nast\u0119pnie przetwarzane przez komputer i konwertowane na jednostki standardowe (ml\/min\u207b ...<\/p>\n<p>Ponadto, aby zapewni\u0107 bezpiecze\u0144stwo naszych uk\u0142ad\u00f3w hydraulicznych, wdra\u017camy monitoring stanu kluczowych parametr\u00f3w eksploatacyjnych, takich jak temperatura oleju, poziom cieczy i stan filtr\u00f3w. Nasze stanowisko testowe cylindr\u00f3w hydraulicznych umo\u017cliwia ocen\u0119 \u201esprawno\u015bci obci\u0105\u017ceniowej\u201d i \u201eprzeciek\u00f3w wewn\u0119trznych\u201d poprzez precyzyjne odczyty. Jest ono r\u00f3wnie\u017c wyposa\u017cone w przyrz\u0105d pomiarowy z podzia\u0142k\u0105 kratow\u0105, spe\u0142niaj\u0105cy normy krajowe, co gwarantuje zgodno\u015b\u0107 ze wszystkimi wymogami testowymi dla cylindr\u00f3w hydraulicznych.<\/p>\n<p>&nbsp;<\/p>","protected":false},"excerpt":{"rendered":"<p>HCYY11112014 Swing Arm Cylinder For Environmental Protection The HCYY11112014 Swing Arm Cylinder is a state-of-the-art solution that boosts operational efficiency while prioritizing environmental sustainability. This innovative product serves various industries, delivering reliable performance with minimal ecological impact. As a significant advancement in eco-friendly technology, the HCYY11112014 Swing Arm Cylinder embodies durability and efficiency, making it [&hellip;]<\/p>","protected":false},"featured_media":17044,"comment_status":"open","ping_status":"closed","template":"","meta":{"_et_pb_use_builder":"","_et_pb_old_content":"","_et_gb_content_width":""},"product_brand":[],"product_cat":[1550,1486,1552,1376],"product_tag":[],"class_list":{"0":"post-17032","1":"product","2":"type-product","3":"status-publish","4":"has-post-thumbnail","6":"product_cat-double-acting-hydraulic-cylinder","7":"product_cat-sanitation-machinery-hydraulic-cylinders","8":"product_cat-stainless-steel-hydraulic-cylinder","9":"product_cat-hydraulic-cylinder","11":"first","12":"instock","13":"shipping-taxable","14":"product-type-simple"},"amp_enabled":true,"_links":{"self":[{"href":"https:\/\/www.hydraulic-cylinders.net\/pl\/wp-json\/wp\/v2\/product\/17032","targetHints":{"allow":["GET"]}}],"collection":[{"href":"https:\/\/www.hydraulic-cylinders.net\/pl\/wp-json\/wp\/v2\/product"}],"about":[{"href":"https:\/\/www.hydraulic-cylinders.net\/pl\/wp-json\/wp\/v2\/types\/product"}],"replies":[{"embeddable":true,"href":"https:\/\/www.hydraulic-cylinders.net\/pl\/wp-json\/wp\/v2\/comments?post=17032"}],"wp:featuredmedia":[{"embeddable":true,"href":"https:\/\/www.hydraulic-cylinders.net\/pl\/wp-json\/wp\/v2\/media\/17044"}],"wp:attachment":[{"href":"https:\/\/www.hydraulic-cylinders.net\/pl\/wp-json\/wp\/v2\/media?parent=17032"}],"wp:term":[{"taxonomy":"product_brand","embeddable":true,"href":"https:\/\/www.hydraulic-cylinders.net\/pl\/wp-json\/wp\/v2\/product_brand?post=17032"},{"taxonomy":"product_cat","embeddable":true,"href":"https:\/\/www.hydraulic-cylinders.net\/pl\/wp-json\/wp\/v2\/product_cat?post=17032"},{"taxonomy":"product_tag","embeddable":true,"href":"https:\/\/www.hydraulic-cylinders.net\/pl\/wp-json\/wp\/v2\/product_tag?post=17032"}],"curies":[{"name":"wp","href":"https:\/\/api.w.org\/{rel}","templated":true}]}}