{"id":17047,"date":"2025-02-05T02:02:28","date_gmt":"2025-02-05T02:02:28","guid":{"rendered":"https:\/\/www.hydraulic-cylinders.net\/?post_type=product&#038;p=17047"},"modified":"2025-04-02T08:28:41","modified_gmt":"2025-04-02T08:28:41","slug":"lift-cylinder-for-crawler-crane","status":"publish","type":"product","link":"https:\/\/www.hydraulic-cylinders.net\/pl\/produkt\/lift-cylinder-for-crawler-crane\/","title":{"rendered":"Si\u0142ownik podnosz\u0105cy do d\u017awigu g\u0105sienicowego"},"content":{"rendered":"<h1 style=\"text-align: center;\"><strong>Si\u0142ownik podnosz\u0105cy do d\u017awigu g\u0105sienicowego<\/strong><\/h1>\n<h1 style=\"text-align: center;\"><img loading=\"lazy\" decoding=\"async\" class=\"alignnone size-full wp-image-17048\" src=\"https:\/\/www.hydraulic-cylinders.net\/wp-content\/uploads\/2025\/02\/hcyy11112018-lift-cylinder-2.webp\" alt=\"\" width=\"1524\" height=\"539\" srcset=\"https:\/\/www.hydraulic-cylinders.net\/wp-content\/uploads\/2025\/02\/hcyy11112018-lift-cylinder-2.webp 1524w, https:\/\/www.hydraulic-cylinders.net\/wp-content\/uploads\/2025\/02\/hcyy11112018-lift-cylinder-2-1280x453.webp 1280w, https:\/\/www.hydraulic-cylinders.net\/wp-content\/uploads\/2025\/02\/hcyy11112018-lift-cylinder-2-980x347.webp 980w, https:\/\/www.hydraulic-cylinders.net\/wp-content\/uploads\/2025\/02\/hcyy11112018-lift-cylinder-2-480x170.webp 480w\" sizes=\"(min-width: 0px) and (max-width: 480px) 480px, (min-width: 481px) and (max-width: 980px) 980px, (min-width: 981px) and (max-width: 1280px) 1280px, (min-width: 1281px) 1524px, 100vw\" \/><\/h1>\n<p>Nasze si\u0142owniki podnosz\u0105ce do \u017curawi g\u0105sienicowych zosta\u0142y zaprojektowane z my\u015bl\u0105 o zapewnieniu du\u017cej mocy i niezawodno\u015bci podnoszenia w zastosowaniach wymagaj\u0105cych du\u017cej wytrzyma\u0142o\u015bci. Zaprojektowane specjalnie do \u017curawi g\u0105sienicowych, te si\u0142owniki hydrauliczne zapewniaj\u0105 si\u0142\u0119 potrzebn\u0105 do precyzyjnego podnoszenia ramion (wysi\u0119gnik\u00f3w) \u017curawia, podnosz\u0105c \u0142adunki do 590 ton w wymagaj\u0105cych warunkach, takich jak place budowy, budowa most\u00f3w i prace g\u00f3rnicze. Wykonane z wysokowytrzyma\u0142ej stali stopowej i wyposa\u017cone w zaawansowane systemy uszczelnie\u0144, nasze si\u0142owniki podnosz\u0105ce gwarantuj\u0105 trwa\u0142o\u015b\u0107 i szczelno\u015b\u0107, nawet przy ekstremalnych obci\u0105\u017ceniach dynamicznych i trudnych warunkach.<\/p>\n<p>Dzi\u0119ki ci\u015bnieniu roboczemu do 35 MPa i opcjonalnym pow\u0142okom antykorozyjnym, nasze si\u0142owniki zosta\u0142y zaprojektowane z my\u015bl\u0105 o d\u0142ugotrwa\u0142ej niezawodno\u015bci w trudnym terenie. Niezale\u017cnie od tego, czy podnosisz stalowe belki, czy ustawiasz ci\u0119\u017cki sprz\u0119t, nasze si\u0142owniki podnosz\u0105ce do d\u017awig\u00f3w g\u0105sienicowych gwarantuj\u0105 bezpiecze\u0144stwo, wydajno\u015b\u0107 i niezr\u00f3wnan\u0105 wydajno\u015b\u0107, spe\u0142niaj\u0105c Twoje potrzeby w zakresie podnoszenia.<\/p>\n<h2><strong>Parametry si\u0142ownika podnosz\u0105cego do d\u017awigu g\u0105sienicowego:<\/strong><\/h2>\n<h1 style=\"text-align: center;\"><img loading=\"lazy\" decoding=\"async\" class=\"alignnone size-full wp-image-17049\" src=\"https:\/\/www.hydraulic-cylinders.net\/wp-content\/uploads\/2025\/02\/hcyy11112018-lift-cylinder-1.webp\" alt=\"\" width=\"1515\" height=\"147\" srcset=\"https:\/\/www.hydraulic-cylinders.net\/wp-content\/uploads\/2025\/02\/hcyy11112018-lift-cylinder-1.webp 1515w, https:\/\/www.hydraulic-cylinders.net\/wp-content\/uploads\/2025\/02\/hcyy11112018-lift-cylinder-1-1280x124.webp 1280w, https:\/\/www.hydraulic-cylinders.net\/wp-content\/uploads\/2025\/02\/hcyy11112018-lift-cylinder-1-980x95.webp 980w, https:\/\/www.hydraulic-cylinders.net\/wp-content\/uploads\/2025\/02\/hcyy11112018-lift-cylinder-1-480x47.webp 480w\" sizes=\"(min-width: 0px) and (max-width: 480px) 480px, (min-width: 481px) and (max-width: 980px) 980px, (min-width: 981px) and (max-width: 1280px) 1280px, (min-width: 1281px) 1515px, 100vw\" \/> <img loading=\"lazy\" decoding=\"async\" class=\"alignnone size-full wp-image-17051\" src=\"https:\/\/www.hydraulic-cylinders.net\/wp-content\/uploads\/2025\/02\/hcyy11112018-lift-cylinder-3.webp\" alt=\"\" width=\"1477\" height=\"707\" srcset=\"https:\/\/www.hydraulic-cylinders.net\/wp-content\/uploads\/2025\/02\/hcyy11112018-lift-cylinder-3.webp 1477w, https:\/\/www.hydraulic-cylinders.net\/wp-content\/uploads\/2025\/02\/hcyy11112018-lift-cylinder-3-1280x613.webp 1280w, https:\/\/www.hydraulic-cylinders.net\/wp-content\/uploads\/2025\/02\/hcyy11112018-lift-cylinder-3-980x469.webp 980w, https:\/\/www.hydraulic-cylinders.net\/wp-content\/uploads\/2025\/02\/hcyy11112018-lift-cylinder-3-480x230.webp 480w\" sizes=\"(min-width: 0px) and (max-width: 480px) 480px, (min-width: 481px) and (max-width: 980px) 980px, (min-width: 981px) and (max-width: 1280px) 1280px, (min-width: 1281px) 1477px, 100vw\" \/> <img loading=\"lazy\" decoding=\"async\" class=\"alignnone size-full wp-image-17052\" src=\"https:\/\/www.hydraulic-cylinders.net\/wp-content\/uploads\/2025\/02\/hcyy11112018-lift-cylinder-4.webp\" alt=\"\" width=\"1475\" height=\"711\" srcset=\"https:\/\/www.hydraulic-cylinders.net\/wp-content\/uploads\/2025\/02\/hcyy11112018-lift-cylinder-4.webp 1475w, https:\/\/www.hydraulic-cylinders.net\/wp-content\/uploads\/2025\/02\/hcyy11112018-lift-cylinder-4-1280x617.webp 1280w, https:\/\/www.hydraulic-cylinders.net\/wp-content\/uploads\/2025\/02\/hcyy11112018-lift-cylinder-4-980x472.webp 980w, https:\/\/www.hydraulic-cylinders.net\/wp-content\/uploads\/2025\/02\/hcyy11112018-lift-cylinder-4-480x231.webp 480w\" sizes=\"(min-width: 0px) and (max-width: 480px) 480px, (min-width: 481px) and (max-width: 980px) 980px, (min-width: 981px) and (max-width: 1280px) 1280px, (min-width: 1281px) 1475px, 100vw\" \/> <img loading=\"lazy\" decoding=\"async\" class=\"alignnone size-full wp-image-17053\" src=\"https:\/\/www.hydraulic-cylinders.net\/wp-content\/uploads\/2025\/02\/hcyy11112018-lift-cylinder-5.webp\" alt=\"\" width=\"1451\" height=\"696\" srcset=\"https:\/\/www.hydraulic-cylinders.net\/wp-content\/uploads\/2025\/02\/hcyy11112018-lift-cylinder-5.webp 1451w, https:\/\/www.hydraulic-cylinders.net\/wp-content\/uploads\/2025\/02\/hcyy11112018-lift-cylinder-5-1280x614.webp 1280w, https:\/\/www.hydraulic-cylinders.net\/wp-content\/uploads\/2025\/02\/hcyy11112018-lift-cylinder-5-980x470.webp 980w, https:\/\/www.hydraulic-cylinders.net\/wp-content\/uploads\/2025\/02\/hcyy11112018-lift-cylinder-5-480x230.webp 480w\" sizes=\"(min-width: 0px) and (max-width: 480px) 480px, (min-width: 481px) and (max-width: 980px) 980px, (min-width: 981px) and (max-width: 1280px) 1280px, (min-width: 1281px) 1451px, 100vw\" \/><\/h1>\n<h2><strong>Seria cylindr\u00f3w d\u017awig\u00f3w g\u0105sienicowych:<\/strong><\/h2>\n<h2><img loading=\"lazy\" decoding=\"async\" class=\"alignnone size-full wp-image-17054 aligncenter\" src=\"https:\/\/www.hydraulic-cylinders.net\/wp-content\/uploads\/2025\/02\/cylinder-series-of-crawler-crane-1.webp\" alt=\"\" width=\"709\" height=\"791\" srcset=\"https:\/\/www.hydraulic-cylinders.net\/wp-content\/uploads\/2025\/02\/cylinder-series-of-crawler-crane-1.webp 709w, https:\/\/www.hydraulic-cylinders.net\/wp-content\/uploads\/2025\/02\/cylinder-series-of-crawler-crane-1-480x536.webp 480w\" sizes=\"(min-width: 0px) and (max-width: 480px) 480px, (min-width: 481px) 709px, 100vw\" \/><\/h2>\n<h2><strong>G\u0142\u00f3wne cechy si\u0142ownika podnosz\u0105cego do d\u017awigu g\u0105sienicowego:<\/strong><\/h2>\n<h4><strong>Wysoka trwa\u0142o\u015b\u0107<\/strong><\/h4>\n<p>Si\u0142ownik podnoszenia jest wykonany z materia\u0142\u00f3w najwy\u017cszej jako\u015bci, dobranych specjalnie pod k\u0105tem wytrzyma\u0142o\u015bci i odporno\u015bci. Ta solidna konstrukcja pozwala si\u0142ownikowi wytrzyma\u0107 trudne warunki pracy i du\u017ce obci\u0105\u017cenia, co czyni go idealnym wyborem do wymagaj\u0105cych zastosowa\u0144 budowlanych. U\u017cytkownicy mog\u0105 polega\u0107 na jego d\u0142ugotrwa\u0142ej wydajno\u015bci, redukuj\u0105c potrzeb\u0119 cz\u0119stych wymian i zapewniaj\u0105c nieprzerwan\u0105 prac\u0119 nawet w najtrudniejszych warunkach.<\/p>\n<h4><strong>In\u017cynieria precyzyjna<\/strong><\/h4>\n<p>Zaprojektowany z dba\u0142o\u015bci\u0105 o szczeg\u00f3\u0142y, charakteryzuje si\u0119 precyzyjnymi tolerancjami produkcyjnymi. Ten poziom precyzji zapewnia p\u0142ynn\u0105 prac\u0119 i zwi\u0119ksza dok\u0142adno\u015b\u0107 podnoszenia, pozwalaj\u0105c operatorom pewnie operowa\u0107 \u0142adunkami. Niezale\u017cnie od tego, czy podnosimy delikatne materia\u0142y, czy ci\u0119\u017cki sprz\u0119t, si\u0142ownik ten zapewnia kontrol\u0119 i niezawodno\u015b\u0107 ka\u017cdego ruchu, minimalizuj\u0105c ryzyko wypadk\u00f3w i poprawiaj\u0105c og\u00f3ln\u0105 wydajno\u015b\u0107.<\/p>\n<h4><strong>Odporno\u015b\u0107 na korozj\u0119<\/strong><\/h4>\n<p>Aby przeciwdzia\u0142a\u0107 skutkom dzia\u0142ania wilgoci i trudnych warunk\u00f3w, cylinder podnosz\u0105cy poddawany jest specjalistycznej obr\u00f3bce powierzchni. Ta warstwa ochronna zabezpiecza przed rdz\u0105 i korozj\u0105, znacznie wyd\u0142u\u017caj\u0105c \u017cywotno\u015b\u0107 cylindra. Utrzymuj\u0105c optymaln\u0105 wydajno\u015b\u0107 przez d\u0142ugi czas, ta cecha nie tylko zwi\u0119ksza niezawodno\u015b\u0107 cylindra, ale tak\u017ce przyczynia si\u0119 do obni\u017cenia koszt\u00f3w konserwacji i zwi\u0119kszenia wydajno\u015bci operacyjnej.<\/p>\n<h4><strong>Kompaktowa konstrukcja<\/strong><\/h4>\n<p>Kompaktowa konstrukcja si\u0142ownika podnoszenia wyr\u00f3\u017cnia go, umo\u017cliwiaj\u0105c \u0142atw\u0105 instalacj\u0119 i bezproblemow\u0105 integracj\u0119 z r\u00f3\u017cnymi modelami d\u017awig\u00f3w g\u0105sienicowych. Jego kompaktowe wymiary pozwalaj\u0105 operatorom zmaksymalizowa\u0107 wydajno\u015b\u0107 maszyn bez utraty mocy. Ta wszechstronno\u015b\u0107 sprawia, \u017ce \u200b\u200bjest to doskona\u0142y wyb\u00f3r do projekt\u00f3w o ograniczonej przestrzeni, gwarantuj\u0105c, \u017ce mo\u017cliwo\u015bci podnoszenia du\u017cych ci\u0119\u017car\u00f3w nigdy nie zostan\u0105 ograniczone.<\/p>\n<h4><strong>Wydajno\u015b\u0107 wysokiego ci\u015bnienia<\/strong><\/h4>\n<p>Zaprojektowany do obs\u0142ugi wysokich ci\u015bnie\u0144 hydraulicznych, si\u0142ownik podnosz\u0105cy doskonale sprawdza si\u0119 w efektywnym podnoszeniu. Dzi\u0119ki temu si\u0142ownik mo\u017ce bezpiecznie i efektywnie podnosi\u0107 znaczne \u0142adunki, zapewniaj\u0105c operatorom spok\u00f3j ducha. Priorytetem jest bezpiecze\u0144stwo przy jednoczesnej maksymalizacji wydajno\u015bci, dlatego ten si\u0142ownik sprawdza si\u0119 w szerokim zakresie zastosowa\u0144, od prac budowlanych po przemys\u0142owe podnoszenie, co czyni go niezawodnym wyborem do wszelkich ci\u0119\u017ckich zada\u0144.<\/p>\n<h2><strong>Co sprawia, \u017ce \u200b\u200bcylinder podnosz\u0105cy nadaje si\u0119 do podnoszenia ci\u0119\u017ckich \u0142adunk\u00f3w?<\/strong><\/h2>\n<p>Oto szczeg\u00f3\u0142owe wyja\u015bnienie, dlaczego cylinder podnosz\u0105cy nadaje si\u0119 do podnoszenia ci\u0119\u017ckich \u0142adunk\u00f3w:<\/p>\n<ol>\n<li><strong>Wyj\u0105tkowa trwa\u0142o\u015b\u0107<\/strong>:<br \/>\nSi\u0142ownik podnoszenia jest wykonany z wysokiej jako\u015bci materia\u0142\u00f3w, specjalnie dobranych pod k\u0105tem wytrzyma\u0142o\u015bci i odporno\u015bci. Ta solidno\u015b\u0107 pozwala si\u0142ownikowi wytrzyma\u0107 ekstremalne warunki, takie jak silne wibracje, obci\u0105\u017cenia udarowe i trudne warunki \u015brodowiskowe typowe dla budownictwa i przemys\u0142u. Trwa\u0142o\u015b\u0107 minimalizuje zu\u017cycie, co przek\u0142ada si\u0119 na mniejsz\u0105 liczb\u0119 awarii i kr\u00f3tszy czas przestoju, co ma kluczowe znaczenie dla utrzymania wydajno\u015bci na placach budowy.<\/li>\n<li><strong>Wysoka wydajno\u015b\u0107 ci\u015bnieniowa<\/strong>:<br \/>\nTen si\u0142ownik hydrauliczny zosta\u0142 zaprojektowany do pracy przy wysokim ci\u015bnieniu hydraulicznym, co jest kluczowe dla bezpiecznego i wydajnego podnoszenia du\u017cych ci\u0119\u017car\u00f3w. Jego konstrukcja opiera si\u0119 na zaawansowanych zasadach in\u017cynieryjnych, kt\u00f3re pozwalaj\u0105 mu pracowa\u0107 pod du\u017cym obci\u0105\u017ceniem bez naruszania integralno\u015bci konstrukcyjnej. Wysokie ci\u015bnienie gwarantuje, \u017ce si\u0142ownik mo\u017ce niezawodnie podnosi\u0107 ci\u0119\u017ckie maszyny i materia\u0142y, dzi\u0119ki czemu nadaje si\u0119 do r\u00f3\u017cnych zastosowa\u0144, od budownictwa po ci\u0119\u017cki przemys\u0142.<\/li>\n<li><strong>In\u017cynieria precyzyjna<\/strong>:<br \/>\nFunkcje te charakteryzuj\u0105 si\u0119 najnowocze\u015bniejszymi tolerancjami produkcyjnymi, kt\u00f3re gwarantuj\u0105 precyzyjne ustawienie i dzia\u0142anie. Ten poziom precyzji jest niezb\u0119dny w przypadku zada\u0144 wymagaj\u0105cych delikatnego obchodzenia si\u0119 z materia\u0142em lub precyzyjnego pozycjonowania, poniewa\u017c minimalizuje ryzyko wypadk\u00f3w i zwi\u0119ksza og\u00f3ln\u0105 dok\u0142adno\u015b\u0107 podnoszenia. Operatorzy mog\u0105 mie\u0107 pewno\u015b\u0107, \u017ce si\u0142ownik b\u0119dzie dzia\u0142a\u0142 stabilnie, co przek\u0142ada si\u0119 na wi\u0119ksz\u0105 pewno\u015b\u0107 podczas podnoszenia oraz bezpiecze\u0144stwo zar\u00f3wno personelu, jak i sprz\u0119tu.<\/li>\n<li><strong>Wy\u017csza odporno\u015b\u0107 na korozj\u0119<\/strong>:<br \/>\nAby przeciwdzia\u0142a\u0107 skutkom wilgoci, chemikali\u00f3w i innych czynnik\u00f3w korozyjnych, zbiornik poddawany jest specjalistycznej obr\u00f3bce powierzchni. Ta warstwa ochronna znacznie zmniejsza ryzyko rdzewienia i korozji, kt\u00f3re w przeciwnym razie mog\u0142yby prowadzi\u0107 do uszkodze\u0144 mechanicznych. Zwi\u0119kszaj\u0105c odporno\u015b\u0107 cylindra na czynniki \u015brodowiskowe, ta cecha zapewnia d\u0142ugotrwa\u0142\u0105 niezawodno\u015b\u0107 i wydajno\u015b\u0107, co ostatecznie obni\u017ca koszty konserwacji i wyd\u0142u\u017ca \u017cywotno\u015b\u0107 sprz\u0119tu.<\/li>\n<li><strong>Kompaktowa konstrukcja<\/strong>:<br \/>\nKompaktowa konstrukcja si\u0142ownika podnosz\u0105cego umo\u017cliwia \u0142atw\u0105 instalacj\u0119 i integracj\u0119 z r\u00f3\u017cnymi modelami \u017curawi g\u0105sienicowych. Ta oszcz\u0119dno\u015b\u0107 miejsca jest szczeg\u00f3lnie korzystna w miejscach o ograniczonej przestrzeni, gdzie maksymalizacja mo\u017cliwo\u015bci operacyjnych \u017curawia jest kluczowa. Op\u0142ywowa konstrukcja nie wp\u0142ywa negatywnie na si\u0142\u0119 podnoszenia, zapewniaj\u0105c operatorom mo\u017cliwo\u015b\u0107 efektywnego podnoszenia ci\u0119\u017ckich \u0142adunk\u00f3w bez konieczno\u015bci stosowania du\u017cych gabaryt\u00f3w charakterystycznych dla tradycyjnych si\u0142ownik\u00f3w.<\/li>\n<\/ol>\n<p>Wszystkie te udoskonalone funkcje sprawiaj\u0105, \u017ce cylinder podnosz\u0105cy jest najlepszym wyborem do ci\u0119\u017ckich zastosowa\u0144 zwi\u0105zanych z podnoszeniem, gwarantuj\u0105c niezawodno\u015b\u0107, wydajno\u015b\u0107 i bezpiecze\u0144stwo w pracy.<\/p>\n<h2><strong>Obszar produkcji cylindr\u00f3w do w\u00f3zk\u00f3w wid\u0142owych:<\/strong><\/h2>\n<h2><img loading=\"lazy\" decoding=\"async\" class=\"alignnone size-full wp-image-16972\" src=\"https:\/\/www.hydraulic-cylinders.net\/wp-content\/uploads\/2025\/01\/hydraulic-cylinder-factory-1-scaled.webp\" alt=\"\" width=\"2016\" height=\"2560\" srcset=\"https:\/\/www.hydraulic-cylinders.net\/wp-content\/uploads\/2025\/01\/hydraulic-cylinder-factory-1-scaled.webp 2016w, https:\/\/www.hydraulic-cylinders.net\/wp-content\/uploads\/2025\/01\/hydraulic-cylinder-factory-1-1280x1625.webp 1280w, https:\/\/www.hydraulic-cylinders.net\/wp-content\/uploads\/2025\/01\/hydraulic-cylinder-factory-1-980x1244.webp 980w, https:\/\/www.hydraulic-cylinders.net\/wp-content\/uploads\/2025\/01\/hydraulic-cylinder-factory-1-480x610.webp 480w\" sizes=\"(min-width: 0px) and (max-width: 480px) 480px, (min-width: 481px) and (max-width: 980px) 980px, (min-width: 981px) and (max-width: 1280px) 1280px, (min-width: 1281px) 2016px, 100vw\" \/><\/h2>\n<p>Dysponujemy najnowocze\u015bniejsz\u0105, niezale\u017cn\u0105 platform\u0105 badawczo-rozwojow\u0105 dedykowan\u0105 monta\u017cowi, co gwarantuje najwy\u017csz\u0105 innowacyjno\u015b\u0107 i jako\u015b\u0107 w naszych procesach produkcyjnych. Nasz zak\u0142ad produkcyjny cylindr\u00f3w do w\u00f3zk\u00f3w wid\u0142owych dysponuje czterema p\u00f3\u0142automatycznymi liniami monta\u017cowymi cylindr\u00f3w podnosz\u0105cych oraz w pe\u0142ni zautomatyzowan\u0105 lini\u0105 monta\u017cow\u0105 cylindr\u00f3w przechylnych, zaprojektowanymi \u0142\u0105cznie z my\u015bl\u0105 o produkcji do miliona sztuk rocznie.<\/p>\n<p>Ponadto, nasz specjalistyczny warsztat produkcji cylindr\u00f3w wyposa\u017cony jest w p\u00f3\u0142automatyczne systemy czyszczenia i monta\u017cu, dostosowane do r\u00f3\u017cnych specyfikacji, o rocznej zdolno\u015bci produkcyjnej 200 000 sztuk. Wykorzystujemy renomowane maszyny CNC, centra obr\u00f3bcze i specjalistyczne narz\u0119dzia do precyzyjnej obr\u00f3bki cylindr\u00f3w. Nasz zak\u0142ad dysponuje r\u00f3wnie\u017c zaawansowanymi zrobotyzowanymi spawarkami, automatycznymi systemami czyszczenia oraz w pe\u0142ni zautomatyzowanymi liniami monta\u017cu i lakierowania cylindr\u00f3w. Dysponuj\u0105c ponad 300 kluczowymi urz\u0105dzeniami, optymalizujemy alokacj\u0119 zasob\u00f3w i zapewniamy efektywne wykorzystanie, spe\u0142niaj\u0105c rygorystyczne standardy precyzji i jako\u015bci.<\/p>\n<p>Nasz zak\u0142ad obr\u00f3bki skrawaniem dysponuje niestandardowymi centrami tokarskimi z prowadnicami uchylnymi, centrami obr\u00f3bczymi, szybkoobrotowymi honownicami, robotami spawalniczymi i innymi niezb\u0119dnymi urz\u0105dzeniami. Taka konfiguracja pozwala nam na obr\u00f3bk\u0119 rur cylindrycznych o maksymalnej \u015brednicy wewn\u0119trznej 400 mm i d\u0142ugo\u015bci do 6 metr\u00f3w, co dodatkowo zwi\u0119ksza nasze mo\u017cliwo\u015bci produkcyjne.<\/p>\n<h2><img loading=\"lazy\" decoding=\"async\" class=\"alignnone size-full wp-image-16973\" src=\"https:\/\/www.hydraulic-cylinders.net\/wp-content\/uploads\/2025\/01\/hydraulic-cylinder-factory-2-scaled.webp\" alt=\"\" width=\"2011\" height=\"2560\" srcset=\"https:\/\/www.hydraulic-cylinders.net\/wp-content\/uploads\/2025\/01\/hydraulic-cylinder-factory-2-scaled.webp 2011w, https:\/\/www.hydraulic-cylinders.net\/wp-content\/uploads\/2025\/01\/hydraulic-cylinder-factory-2-1280x1629.webp 1280w, https:\/\/www.hydraulic-cylinders.net\/wp-content\/uploads\/2025\/01\/hydraulic-cylinder-factory-2-980x1248.webp 980w, https:\/\/www.hydraulic-cylinders.net\/wp-content\/uploads\/2025\/01\/hydraulic-cylinder-factory-2-480x611.webp 480w\" sizes=\"(min-width: 0px) and (max-width: 480px) 480px, (min-width: 481px) and (max-width: 980px) 980px, (min-width: 981px) and (max-width: 1280px) 1280px, (min-width: 1281px) 2011px, 100vw\" \/><\/h2>\n<p>Dysponujemy w pe\u0142ni zautomatyzowan\u0105 lini\u0105 do powlekania farbami wodorozcie\u0144czalnymi, zaprojektowan\u0105 specjalnie do ma\u0142ych i \u015brednich butli, wyposa\u017con\u0105 w zautomatyzowane roboty za\u0142adowcze, roz\u0142adowcze i natryskowe. Ten najnowocze\u015bniejszy system mo\u017ce pochwali\u0107 si\u0119 wydajno\u015bci\u0105 4000 sztuk na zmian\u0119. Dodatkowo, posiadamy p\u00f3\u0142automatyczn\u0105 lini\u0119 do powlekania butli wielkogabarytowych, nap\u0119dzan\u0105 nap\u0119dem \u0142a\u0144cuchowym, o wydajno\u015bci projektowej 60 skrzy\u0144 na zmian\u0119.<\/p>\n<p>Aby poprawi\u0107 wydajno\u015b\u0107 produkt\u00f3w i umocni\u0107 nasz\u0105 pozycj\u0119 lidera w bran\u017cy cylindr\u00f3w hydraulicznych, nawi\u0105zali\u015bmy wsp\u00f3\u0142prac\u0119 z firm\u0105 ZJIMEE w celu utworzenia kompleksowego laboratorium badawczego, dedykowanego cylindrom hydraulicznym, zaworom i pompom. To zaawansowane laboratorium wykorzystuje wspomagane komputerowo testy z wykorzystaniem technologii elektrohydraulicznej, co pozwala na uzyskanie wst\u0119pnie zdefiniowanych warunk\u00f3w testowych, kt\u00f3re poprawiaj\u0105 dok\u0142adno\u015b\u0107 i wszechstronno\u015b\u0107 systemu. Zautomatyzowany proces gromadzenia danych wykorzystuje czujniki do zbierania danych wyj\u015bciowych, takich jak przeciek wewn\u0119trzny i wydajno\u015b\u0107 obci\u0105\u017cenia, kt\u00f3re s\u0105 nast\u0119pnie przetwarzane przez komputer i konwertowane na jednostki standardowe (ml\/min\u207b ...<\/p>\n<p>Ponadto, aby zapewni\u0107 bezpiecze\u0144stwo naszych uk\u0142ad\u00f3w hydraulicznych, wdra\u017camy monitoring stanu kluczowych parametr\u00f3w eksploatacyjnych, takich jak temperatura oleju, poziom cieczy i stan filtr\u00f3w. Nasze stanowisko testowe cylindr\u00f3w hydraulicznych umo\u017cliwia ocen\u0119 \u201esprawno\u015bci obci\u0105\u017ceniowej\u201d i \u201eprzeciek\u00f3w wewn\u0119trznych\u201d poprzez precyzyjne odczyty. Jest ono r\u00f3wnie\u017c wyposa\u017cone w przyrz\u0105d pomiarowy z podzia\u0142k\u0105 kratow\u0105, spe\u0142niaj\u0105cy normy krajowe, co gwarantuje zgodno\u015b\u0107 ze wszystkimi wymogami testowymi dla cylindr\u00f3w hydraulicznych.<\/p>\n<p>&nbsp;<\/p>","protected":false},"excerpt":{"rendered":"<p>Lift Cylinder For Crawler Crane Our Lift Cylinders for Crawler Cranes are designed to deliver powerful and reliable lifting performance for heavy-duty applications. Engineered specifically for crawler cranes, these hydraulic cylinders provide the force needed to elevate crane arms (booms) with precision, supporting loads up to 590 tons in demanding environments such as construction sites, [&hellip;]<\/p>","protected":false},"featured_media":17055,"comment_status":"open","ping_status":"closed","template":"","meta":{"_et_pb_use_builder":"","_et_pb_old_content":"","_et_gb_content_width":""},"product_brand":[],"product_cat":[1376,1514],"product_tag":[],"class_list":{"0":"post-17047","1":"product","2":"type-product","3":"status-publish","4":"has-post-thumbnail","6":"product_cat-hydraulic-cylinder","7":"product_cat-mobile-crane-hydraulic-cylinders","9":"first","10":"instock","11":"shipping-taxable","12":"product-type-simple"},"amp_enabled":true,"_links":{"self":[{"href":"https:\/\/www.hydraulic-cylinders.net\/pl\/wp-json\/wp\/v2\/product\/17047","targetHints":{"allow":["GET"]}}],"collection":[{"href":"https:\/\/www.hydraulic-cylinders.net\/pl\/wp-json\/wp\/v2\/product"}],"about":[{"href":"https:\/\/www.hydraulic-cylinders.net\/pl\/wp-json\/wp\/v2\/types\/product"}],"replies":[{"embeddable":true,"href":"https:\/\/www.hydraulic-cylinders.net\/pl\/wp-json\/wp\/v2\/comments?post=17047"}],"wp:featuredmedia":[{"embeddable":true,"href":"https:\/\/www.hydraulic-cylinders.net\/pl\/wp-json\/wp\/v2\/media\/17055"}],"wp:attachment":[{"href":"https:\/\/www.hydraulic-cylinders.net\/pl\/wp-json\/wp\/v2\/media?parent=17047"}],"wp:term":[{"taxonomy":"product_brand","embeddable":true,"href":"https:\/\/www.hydraulic-cylinders.net\/pl\/wp-json\/wp\/v2\/product_brand?post=17047"},{"taxonomy":"product_cat","embeddable":true,"href":"https:\/\/www.hydraulic-cylinders.net\/pl\/wp-json\/wp\/v2\/product_cat?post=17047"},{"taxonomy":"product_tag","embeddable":true,"href":"https:\/\/www.hydraulic-cylinders.net\/pl\/wp-json\/wp\/v2\/product_tag?post=17047"}],"curies":[{"name":"wp","href":"https:\/\/api.w.org\/{rel}","templated":true}]}}