{"id":17065,"date":"2025-02-05T07:37:55","date_gmt":"2025-02-05T07:37:55","guid":{"rendered":"https:\/\/www.hydraulic-cylinders.net\/?post_type=product&#038;p=17065"},"modified":"2025-04-11T01:53:48","modified_gmt":"2025-04-11T01:53:48","slug":"support-hydraulic-cylinders-for-crawler-crane","status":"publish","type":"product","link":"https:\/\/www.hydraulic-cylinders.net\/pl\/produkt\/support-hydraulic-cylinders-for-crawler-crane\/","title":{"rendered":"Si\u0142owniki hydrauliczne wspomagaj\u0105ce do d\u017awig\u00f3w g\u0105sienicowych"},"content":{"rendered":"<h1 style=\"text-align: center;\"><strong>Si\u0142owniki hydrauliczne wspomagaj\u0105ce do d\u017awig\u00f3w g\u0105sienicowych<\/strong><\/h1>\n<h1 style=\"text-align: center;\"><img loading=\"lazy\" decoding=\"async\" class=\"alignnone size-full wp-image-17068\" src=\"https:\/\/www.hydraulic-cylinders.net\/wp-content\/uploads\/2025\/02\/hcyy11112020-cylinder-for-frame-support-2.webp\" alt=\"\" width=\"1497\" height=\"520\" srcset=\"https:\/\/www.hydraulic-cylinders.net\/wp-content\/uploads\/2025\/02\/hcyy11112020-cylinder-for-frame-support-2.webp 1497w, https:\/\/www.hydraulic-cylinders.net\/wp-content\/uploads\/2025\/02\/hcyy11112020-cylinder-for-frame-support-2-1280x445.webp 1280w, https:\/\/www.hydraulic-cylinders.net\/wp-content\/uploads\/2025\/02\/hcyy11112020-cylinder-for-frame-support-2-980x340.webp 980w, https:\/\/www.hydraulic-cylinders.net\/wp-content\/uploads\/2025\/02\/hcyy11112020-cylinder-for-frame-support-2-480x167.webp 480w\" sizes=\"(min-width: 0px) and (max-width: 480px) 480px, (min-width: 481px) and (max-width: 980px) 980px, (min-width: 981px) and (max-width: 1280px) 1280px, (min-width: 1281px) 1497px, 100vw\" \/><\/h1>\n<div>Nasz <strong>si\u0142owniki hydrauliczne wspomagaj\u0105ce do d\u017awig\u00f3w g\u0105sienicowych<\/strong> Zaprojektowane do podnoszenia i stabilizacji ci\u0119\u017ckich \u0142adunk\u00f3w w wymagaj\u0105cych warunkach. Zaprojektowane z my\u015bl\u0105 o podparciu konstrukcji ramienia kratownicy, si\u0142owniki te zapewniaj\u0105 optymaln\u0105 stabilno\u015b\u0107 i bezpiecze\u0144stwo podczas operacji z du\u017cym obci\u0105\u017ceniem, dzi\u0119ki czemu idealnie nadaj\u0105 si\u0119 do \u017curawi g\u0105sienicowych wykorzystywanych w budownictwie, portach i projektach przemys\u0142owych. Koncentruj\u0105c si\u0119 na trwa\u0142o\u015bci i precyzji, nasze si\u0142owniki hydrauliczne s\u0105 zaprojektowane tak, aby wytrzymywa\u0107 obci\u0105\u017cenia dynamiczne i trudne warunki, zapewniaj\u0105c niezawodn\u0105 prac\u0119 Twojego \u017curawia g\u0105sienicowego.<\/div>\n<h2><strong>Parametry si\u0142ownik\u00f3w hydraulicznych podtrzymuj\u0105cych d\u017awig g\u0105sienicowy:<\/strong><\/h2>\n<h1 style=\"text-align: center;\"><img loading=\"lazy\" decoding=\"async\" class=\"alignnone size-full wp-image-17067\" src=\"https:\/\/www.hydraulic-cylinders.net\/wp-content\/uploads\/2025\/02\/hcyy11112020-cylinder-for-frame-support-1.webp\" alt=\"\" width=\"1512\" height=\"150\" srcset=\"https:\/\/www.hydraulic-cylinders.net\/wp-content\/uploads\/2025\/02\/hcyy11112020-cylinder-for-frame-support-1.webp 1512w, https:\/\/www.hydraulic-cylinders.net\/wp-content\/uploads\/2025\/02\/hcyy11112020-cylinder-for-frame-support-1-1280x127.webp 1280w, https:\/\/www.hydraulic-cylinders.net\/wp-content\/uploads\/2025\/02\/hcyy11112020-cylinder-for-frame-support-1-980x97.webp 980w, https:\/\/www.hydraulic-cylinders.net\/wp-content\/uploads\/2025\/02\/hcyy11112020-cylinder-for-frame-support-1-480x48.webp 480w\" sizes=\"(min-width: 0px) and (max-width: 480px) 480px, (min-width: 481px) and (max-width: 980px) 980px, (min-width: 981px) and (max-width: 1280px) 1280px, (min-width: 1281px) 1512px, 100vw\" \/><img loading=\"lazy\" decoding=\"async\" class=\"alignnone size-full wp-image-17069\" src=\"https:\/\/www.hydraulic-cylinders.net\/wp-content\/uploads\/2025\/02\/hcyy11112020-cylinder-for-frame-support-3.webp\" alt=\"\" width=\"1475\" height=\"710\" srcset=\"https:\/\/www.hydraulic-cylinders.net\/wp-content\/uploads\/2025\/02\/hcyy11112020-cylinder-for-frame-support-3.webp 1475w, https:\/\/www.hydraulic-cylinders.net\/wp-content\/uploads\/2025\/02\/hcyy11112020-cylinder-for-frame-support-3-1280x616.webp 1280w, https:\/\/www.hydraulic-cylinders.net\/wp-content\/uploads\/2025\/02\/hcyy11112020-cylinder-for-frame-support-3-980x472.webp 980w, https:\/\/www.hydraulic-cylinders.net\/wp-content\/uploads\/2025\/02\/hcyy11112020-cylinder-for-frame-support-3-480x231.webp 480w\" sizes=\"(min-width: 0px) and (max-width: 480px) 480px, (min-width: 481px) and (max-width: 980px) 980px, (min-width: 981px) and (max-width: 1280px) 1280px, (min-width: 1281px) 1475px, 100vw\" \/> <img loading=\"lazy\" decoding=\"async\" class=\"alignnone size-full wp-image-17070\" src=\"https:\/\/www.hydraulic-cylinders.net\/wp-content\/uploads\/2025\/02\/hcyy11112020-cylinder-for-frame-support-4.webp\" alt=\"\" width=\"1479\" height=\"717\" srcset=\"https:\/\/www.hydraulic-cylinders.net\/wp-content\/uploads\/2025\/02\/hcyy11112020-cylinder-for-frame-support-4.webp 1479w, https:\/\/www.hydraulic-cylinders.net\/wp-content\/uploads\/2025\/02\/hcyy11112020-cylinder-for-frame-support-4-1280x621.webp 1280w, https:\/\/www.hydraulic-cylinders.net\/wp-content\/uploads\/2025\/02\/hcyy11112020-cylinder-for-frame-support-4-980x475.webp 980w, https:\/\/www.hydraulic-cylinders.net\/wp-content\/uploads\/2025\/02\/hcyy11112020-cylinder-for-frame-support-4-480x233.webp 480w\" sizes=\"(min-width: 0px) and (max-width: 480px) 480px, (min-width: 481px) and (max-width: 980px) 980px, (min-width: 981px) and (max-width: 1280px) 1280px, (min-width: 1281px) 1479px, 100vw\" \/> <img loading=\"lazy\" decoding=\"async\" class=\"alignnone size-full wp-image-17071\" src=\"https:\/\/www.hydraulic-cylinders.net\/wp-content\/uploads\/2025\/02\/hcyy11112020-cylinder-for-frame-support-5.webp\" alt=\"\" width=\"1421\" height=\"704\" srcset=\"https:\/\/www.hydraulic-cylinders.net\/wp-content\/uploads\/2025\/02\/hcyy11112020-cylinder-for-frame-support-5.webp 1421w, https:\/\/www.hydraulic-cylinders.net\/wp-content\/uploads\/2025\/02\/hcyy11112020-cylinder-for-frame-support-5-1280x634.webp 1280w, https:\/\/www.hydraulic-cylinders.net\/wp-content\/uploads\/2025\/02\/hcyy11112020-cylinder-for-frame-support-5-980x486.webp 980w, https:\/\/www.hydraulic-cylinders.net\/wp-content\/uploads\/2025\/02\/hcyy11112020-cylinder-for-frame-support-5-480x238.webp 480w\" sizes=\"(min-width: 0px) and (max-width: 480px) 480px, (min-width: 481px) and (max-width: 980px) 980px, (min-width: 981px) and (max-width: 1280px) 1280px, (min-width: 1281px) 1421px, 100vw\" \/><\/h1>\n<h2><strong>Seria cylindr\u00f3w d\u017awig\u00f3w g\u0105sienicowych:<\/strong><\/h2>\n<h2><img loading=\"lazy\" decoding=\"async\" class=\"alignnone size-full wp-image-17054 aligncenter\" src=\"https:\/\/www.hydraulic-cylinders.net\/wp-content\/uploads\/2025\/02\/cylinder-series-of-crawler-crane-1.webp\" alt=\"\" width=\"709\" height=\"791\" srcset=\"https:\/\/www.hydraulic-cylinders.net\/wp-content\/uploads\/2025\/02\/cylinder-series-of-crawler-crane-1.webp 709w, https:\/\/www.hydraulic-cylinders.net\/wp-content\/uploads\/2025\/02\/cylinder-series-of-crawler-crane-1-480x536.webp 480w\" sizes=\"(min-width: 0px) and (max-width: 480px) 480px, (min-width: 481px) 709px, 100vw\" \/><\/h2>\n<h2><strong>G\u0142\u00f3wne cechy cylindr\u00f3w hydraulicznych wspomagaj\u0105cych d\u017awigi g\u0105sienicowe z ramieniem kratownicowym:<\/strong><\/h2>\n<h4><strong>Wysoka \u0142adowno\u015b\u0107<\/strong><\/h4>\n<p>Ten <strong>Cylinder podporowy<\/strong> Wyr\u00f3\u017cnia si\u0119 imponuj\u0105c\u0105 \u0142adowno\u015bci\u0105, umo\u017cliwiaj\u0105c\u0105 bezproblemowe podnoszenie znacznych ci\u0119\u017car\u00f3w. Ta cecha sprawia, \u017ce \u200b\u200bidealnie nadaje si\u0119 do zastosowa\u0144 wymagaj\u0105cych du\u017cej wytrzyma\u0142o\u015bci, takich jak du\u017ce projekty budowlane i rozw\u00f3j infrastruktury. Operatorzy mog\u0105 pewnie podnosi\u0107 i manewrowa\u0107 du\u017cymi \u0142adunkami, wiedz\u0105c, \u017ce dysponuj\u0105 niezawodnym komponentem, kt\u00f3ry sprosta wymaganiom nawet najbardziej wymagaj\u0105cych zada\u0144. Ta funkcja nie tylko maksymalizuje wydajno\u015b\u0107, ale tak\u017ce poprawia og\u00f3ln\u0105 efektywno\u015b\u0107 pracy d\u017awigu.<\/p>\n<h4><strong>Trwa\u0142a konstrukcja<\/strong><\/h4>\n<p>Wykonany z materia\u0142\u00f3w o wysokiej wytrzyma\u0142o\u015bci, cylinder podporowy zosta\u0142 zaprojektowany tak, aby sprosta\u0107 trudnym warunkom pracy w trudnych warunkach. Jego trwa\u0142a konstrukcja jest odporna na zu\u017cycie, zapewniaj\u0105c niezawodn\u0105 prac\u0119 przez d\u0142ugi czas. Ta wytrzyma\u0142o\u015b\u0107 oznacza mniej wymian i napraw, pozwalaj\u0105c ekipom budowlanym skupi\u0107 si\u0119 na swojej pracy, a nie na kwestiach konserwacyjnych. Trwa\u0142o\u015b\u0107 tego cylindra przyczynia si\u0119 do skr\u00f3cenia przestoj\u00f3w, co czyni go m\u0105dr\u0105 inwestycj\u0105 w ka\u017cdym rodzaju dzia\u0142alno\u015bci.<\/p>\n<h4><strong>Odporno\u015b\u0107 na korozj\u0119<\/strong><\/h4>\n<p>Korozja mo\u017ce stanowi\u0107 powa\u017cne zagro\u017cenie dla podzespo\u0142\u00f3w hydraulicznych, ale si\u0142ownik podtrzymuj\u0105cy posiada zaawansowane pow\u0142oki, kt\u00f3re chroni\u0105 go przed rdz\u0105 i korozj\u0105. Ta dodatkowa warstwa ochronna gwarantuje, \u017ce si\u0142ownik pozostanie w doskona\u0142ym stanie, nawet w trudnych warunkach atmosferycznych lub agresywnym \u015brodowisku. Wyd\u0142u\u017caj\u0105c jego \u017cywotno\u015b\u0107, odporno\u015b\u0107 na korozj\u0119 nie tylko zwi\u0119ksza niezawodno\u015b\u0107, ale tak\u017ce minimalizuje potrzeb\u0119 kosztownych napraw lub wymiany, co ostatecznie przek\u0142ada si\u0119 na wzrost wydajno\u015bci operacyjnej.<\/p>\n<h4><strong>Kompaktowa konstrukcja<\/strong><\/h4>\n<p>Kompaktowa konstrukcja si\u0142ownika podporowego zwi\u0119ksza jego wszechstronno\u015b\u0107, umo\u017cliwiaj\u0105c \u0142atw\u0105 integracj\u0119 z r\u00f3\u017cnymi modelami \u017curawi g\u0105sienicowych. Ta oszcz\u0119dno\u015b\u0107 miejsca oznacza, \u017ce \u200b\u200boperatorzy mog\u0105 zmaksymalizowa\u0107 mo\u017cliwo\u015bci \u017curawia bez zb\u0119dnego zwi\u0119kszania jego gabaryt\u00f3w. Op\u0142ywowa konstrukcja u\u0142atwia szybki monta\u017c i obs\u0142ug\u0119, umo\u017cliwiaj\u0105c zespo\u0142om p\u0142ynne dostosowywanie si\u0119 do r\u00f3\u017cnych wymaga\u0144 projektowych. Ta elastyczno\u015b\u0107 zapewnia wi\u0119ksz\u0105 elastyczno\u015b\u0107 na placu budowy, u\u0142atwiaj\u0105c realizacj\u0119 szerokiego zakresu zada\u0144 zwi\u0105zanych z podnoszeniem.<\/p>\n<h4><strong>In\u017cynieria precyzyjna<\/strong><\/h4>\n<p>Precyzja ma kluczowe znaczenie w operacjach podnoszenia, a si\u0142ownik podtrzymuj\u0105cy zosta\u0142 starannie zaprojektowany, aby zapewni\u0107 p\u0142ynn\u0105 prac\u0119 i precyzyjne pozycjonowanie \u0142adunku. Dzi\u0119ki \u015bcis\u0142ym tolerancjom produkcyjnym, si\u0142ownik ten gwarantuje najwy\u017csz\u0105 precyzj\u0119 ka\u017cdego podnoszenia, co znacznie poprawia og\u00f3lne bezpiecze\u0144stwo. Operatorzy mog\u0105 mie\u0107 pewno\u015b\u0107, \u017ce ich \u0142adunki zostan\u0105 precyzyjnie u\u0142o\u017cone, minimalizuj\u0105c ryzyko wypadk\u00f3w i zwi\u0119kszaj\u0105c wydajno\u015b\u0107 pracy. Ten poziom precyzji nie tylko chroni cenny sprz\u0119t, ale tak\u017ce przyczynia si\u0119 do bezpieczniejszego \u015brodowiska pracy dla wszystkich.<\/p>\n<p>Podsumowuj\u0105c, si\u0142ownik podporowy wyr\u00f3\u017cnia si\u0119 wyj\u0105tkow\u0105 no\u015bno\u015bci\u0105, trwa\u0142\u0105 konstrukcj\u0105, odporno\u015bci\u0105 na korozj\u0119, kompaktow\u0105 konstrukcj\u0105 i precyzj\u0105 wykonania. Wszystkie te cechy \u0142\u0105cz\u0105 si\u0119, zapewniaj\u0105c niezawodne i wydajne rozwi\u0105zanie dla projekt\u00f3w budowlanych, czyni\u0105c go niezast\u0105pionym atutem dla profesjonalist\u00f3w z bran\u017cy.<\/p>\n<h2><strong>W jaki spos\u00f3b si\u0142ownik zapobiegaj\u0105cy przechylaniu si\u0119 do ty\u0142u zwi\u0119ksza bezpiecze\u0144stwo pracy d\u017awigu g\u0105sienicowego?<\/strong><\/h2>\n<p>Projekt <strong>Wsparcie<\/strong> <strong>Cylinder<\/strong> to arcydzie\u0142o in\u017cynierii, kt\u00f3re znacz\u0105co zwi\u0119ksza stabilno\u015b\u0107 podczas operacji podnoszenia ci\u0119\u017ckich \u0142adunk\u00f3w. Oto, jak ka\u017cda z funkcji przyczynia si\u0119 do jego wyj\u0105tkowej wydajno\u015bci:<\/p>\n<h4><strong>1. Imponuj\u0105ca \u0142adowno\u015b\u0107<\/strong><\/h4>\n<p>Si\u0142ownik podporowy zosta\u0142 specjalnie zaprojektowany do podtrzymywania znacznych ci\u0119\u017car\u00f3w, dzi\u0119ki czemu idealnie nadaje si\u0119 do ci\u0119\u017ckich zastosowa\u0144. Imponuj\u0105cy ud\u017awig gwarantuje pewne podnoszenie nawet najci\u0119\u017cszych \u0142adunk\u00f3w, znacznie zmniejszaj\u0105c ryzyko przewr\u00f3cenia si\u0119 lub ko\u0142ysania. Zapewniaj\u0105c solidn\u0105 podstaw\u0119, si\u0142ownik ten pozwala operatorom skupi\u0107 si\u0119 na swoich zadaniach bez ci\u0105g\u0142ego martwienia si\u0119 o stabilno\u015b\u0107, co zwi\u0119ksza og\u00f3ln\u0105 wydajno\u015b\u0107.<\/p>\n<h4><strong>2. Solidna konstrukcja<\/strong><\/h4>\n<p>Wykonany z materia\u0142\u00f3w o wysokiej wytrzyma\u0142o\u015bci, cylinder zosta\u0142 zaprojektowany tak, aby sprosta\u0107 trudnym warunkom pracy w trudnych warunkach. Ta solidna konstrukcja gwarantuje zachowanie integralno\u015bci strukturalnej pod du\u017cym ci\u015bnieniem, zapewniaj\u0105c niezawodny system podparcia, kt\u00f3ry poradzi sobie z si\u0142ami dynamicznymi podczas podnoszenia. Trwa\u0142o\u015b\u0107 zastosowanych materia\u0142\u00f3w nie tylko wyd\u0142u\u017ca \u017cywotno\u015b\u0107 cylindra, ale tak\u017ce poprawia jego zdolno\u015b\u0107 do stabilnego dzia\u0142ania, nawet w najtrudniejszych warunkach.<\/p>\n<h4><strong>3. Kompaktowa konstrukcja<\/strong><\/h4>\n<p>Jedn\u0105 z wyr\u00f3\u017cniaj\u0105cych cech si\u0142ownika podporowego jest jego kompaktowa konstrukcja, kt\u00f3ra pozwala na optymalne umiejscowienie w ramie \u017curawia. To strategiczne umiejscowienie obni\u017ca \u015brodek ci\u0119\u017cko\u015bci, znacz\u0105co poprawiaj\u0105c og\u00f3ln\u0105 stabilno\u015b\u0107 podczas pracy. Ni\u017cszy \u015brodek ci\u0119\u017cko\u015bci zmniejsza ryzyko przewr\u00f3cenia, zw\u0142aszcza podczas manewrowania ci\u0119\u017ckimi \u0142adunkami, co czyni si\u0142ownik niezb\u0119dnym elementem dla bezpiecznego i wydajnego podnoszenia.<\/p>\n<h4><strong>4. In\u017cynieria precyzyjna<\/strong><\/h4>\n<p>Precyzja jest kluczowa w operacjach podnoszenia, a cylinder podporowy wyr\u00f3\u017cnia si\u0119 w tym zakresie. Dzi\u0119ki \u015bcis\u0142ym tolerancjom produkcyjnym, cylinder ten gwarantuje p\u0142ynne i kontrolowane ruchy. Ta precyzja nie tylko poprawia dok\u0142adno\u015b\u0107 pozycjonowania \u0142adunku, ale tak\u017ce minimalizuje ryzyko nag\u0142ych przesuni\u0119\u0107, kt\u00f3re mog\u0142yby zagrozi\u0107 stabilno\u015bci. Operatorzy mog\u0105 mie\u0107 pewno\u015b\u0107, \u017ce ich \u0142adunki b\u0119d\u0105 obs\u0142ugiwane delikatnie i precyzyjnie, co zwi\u0119ksza bezpiecze\u0144stwo na miejscu pracy.<\/p>\n<h4><strong>5. Odporno\u015b\u0107 na korozj\u0119<\/strong><\/h4>\n<p>Korozja mo\u017ce stanowi\u0107 powa\u017cny problem dla podzespo\u0142\u00f3w hydraulicznych, szczeg\u00f3lnie w trudnych warunkach. Si\u0142ownik podporowy posiada zaawansowan\u0105 obr\u00f3bk\u0119 powierzchni, kt\u00f3ra chroni go przed rdz\u0105 i degradacj\u0105. Ta odporno\u015b\u0107 na korozj\u0119 gwarantuje, \u017ce si\u0142ownik zachowa swoj\u0105 wydajno\u015b\u0107 przez d\u0142ugi czas, nawet w niesprzyjaj\u0105cych warunkach. Zapobiegaj\u0105c zu\u017cyciu, ta cecha zwi\u0119ksza niezawodno\u015b\u0107 i wyd\u0142u\u017ca \u017cywotno\u015b\u0107 si\u0142ownika, przyczyniaj\u0105c si\u0119 do utrzymania stabilno\u015bci podczas podnoszenia ci\u0119\u017ckich \u0142adunk\u00f3w.<\/p>\n<p>Podsumowuj\u0105c, <strong>Cylinder podporowy<\/strong> Wyr\u00f3\u017cnia si\u0119 jako kamie\u0144 w\u0119gielny stabilno\u015bci i niezawodno\u015bci w operacjach podnoszenia ci\u0119\u017car\u00f3w. Imponuj\u0105cy ud\u017awig, solidna konstrukcja, kompaktowa konstrukcja, precyzja wykonania i odporno\u015b\u0107 na korozj\u0119 tworz\u0105 solidny system podparcia. Ten cylinder nie tylko zwi\u0119ksza bezpiecze\u0144stwo, ale tak\u017ce wydajno\u015b\u0107, co czyni go nieocenionym atutem dla profesjonalist\u00f3w z bran\u017cy budowlanej. Inwestuj\u0105c w cylinder podporowy, operatorzy mog\u0105 \u015bmia\u0142o zwi\u0119kszy\u0107 swoj\u0105 wydajno\u015b\u0107 i sprosta\u0107 nawet najbardziej wymagaj\u0105cym projektom.<\/p>\n<h2><strong>Obszar produkcji cylindr\u00f3w do w\u00f3zk\u00f3w wid\u0142owych:<\/strong><\/h2>\n<h2><img loading=\"lazy\" decoding=\"async\" class=\"alignnone size-full wp-image-16972\" src=\"https:\/\/www.hydraulic-cylinders.net\/wp-content\/uploads\/2025\/01\/hydraulic-cylinder-factory-1-scaled.webp\" alt=\"\" width=\"2016\" height=\"2560\" srcset=\"https:\/\/www.hydraulic-cylinders.net\/wp-content\/uploads\/2025\/01\/hydraulic-cylinder-factory-1-scaled.webp 2016w, https:\/\/www.hydraulic-cylinders.net\/wp-content\/uploads\/2025\/01\/hydraulic-cylinder-factory-1-1280x1625.webp 1280w, https:\/\/www.hydraulic-cylinders.net\/wp-content\/uploads\/2025\/01\/hydraulic-cylinder-factory-1-980x1244.webp 980w, https:\/\/www.hydraulic-cylinders.net\/wp-content\/uploads\/2025\/01\/hydraulic-cylinder-factory-1-480x610.webp 480w\" sizes=\"(min-width: 0px) and (max-width: 480px) 480px, (min-width: 481px) and (max-width: 980px) 980px, (min-width: 981px) and (max-width: 1280px) 1280px, (min-width: 1281px) 2016px, 100vw\" \/><\/h2>\n<p>Dysponujemy najnowocze\u015bniejsz\u0105, niezale\u017cn\u0105 platform\u0105 badawczo-rozwojow\u0105 dedykowan\u0105 monta\u017cowi, co gwarantuje najwy\u017csz\u0105 innowacyjno\u015b\u0107 i jako\u015b\u0107 w naszych procesach produkcyjnych. Nasz zak\u0142ad produkcyjny cylindr\u00f3w do w\u00f3zk\u00f3w wid\u0142owych dysponuje czterema p\u00f3\u0142automatycznymi liniami monta\u017cowymi cylindr\u00f3w podnosz\u0105cych oraz w pe\u0142ni zautomatyzowan\u0105 lini\u0105 monta\u017cow\u0105 cylindr\u00f3w przechylnych, zaprojektowanymi \u0142\u0105cznie z my\u015bl\u0105 o produkcji do miliona sztuk rocznie.<\/p>\n<p>Ponadto, nasz specjalistyczny warsztat produkcji cylindr\u00f3w wyposa\u017cony jest w p\u00f3\u0142automatyczne systemy czyszczenia i monta\u017cu, dostosowane do r\u00f3\u017cnych specyfikacji, o rocznej zdolno\u015bci produkcyjnej 200 000 sztuk. Wykorzystujemy renomowane maszyny CNC, centra obr\u00f3bcze i specjalistyczne narz\u0119dzia do precyzyjnej obr\u00f3bki cylindr\u00f3w. Nasz zak\u0142ad dysponuje r\u00f3wnie\u017c zaawansowanymi zrobotyzowanymi spawarkami, automatycznymi systemami czyszczenia oraz w pe\u0142ni zautomatyzowanymi liniami monta\u017cu i lakierowania cylindr\u00f3w. Dysponuj\u0105c ponad 300 kluczowymi urz\u0105dzeniami, optymalizujemy alokacj\u0119 zasob\u00f3w i zapewniamy efektywne wykorzystanie, spe\u0142niaj\u0105c rygorystyczne standardy precyzji i jako\u015bci.<\/p>\n<p>Nasz zak\u0142ad obr\u00f3bki skrawaniem dysponuje niestandardowymi centrami tokarskimi z prowadnicami uchylnymi, centrami obr\u00f3bczymi, szybkoobrotowymi honownicami, robotami spawalniczymi i innymi niezb\u0119dnymi urz\u0105dzeniami. Taka konfiguracja pozwala nam na obr\u00f3bk\u0119 rur cylindrycznych o maksymalnej \u015brednicy wewn\u0119trznej 400 mm i d\u0142ugo\u015bci do 6 metr\u00f3w, co dodatkowo zwi\u0119ksza nasze mo\u017cliwo\u015bci produkcyjne.<\/p>\n<h2><img loading=\"lazy\" decoding=\"async\" class=\"alignnone size-full wp-image-16973\" src=\"https:\/\/www.hydraulic-cylinders.net\/wp-content\/uploads\/2025\/01\/hydraulic-cylinder-factory-2-scaled.webp\" alt=\"\" width=\"2011\" height=\"2560\" srcset=\"https:\/\/www.hydraulic-cylinders.net\/wp-content\/uploads\/2025\/01\/hydraulic-cylinder-factory-2-scaled.webp 2011w, https:\/\/www.hydraulic-cylinders.net\/wp-content\/uploads\/2025\/01\/hydraulic-cylinder-factory-2-1280x1629.webp 1280w, https:\/\/www.hydraulic-cylinders.net\/wp-content\/uploads\/2025\/01\/hydraulic-cylinder-factory-2-980x1248.webp 980w, https:\/\/www.hydraulic-cylinders.net\/wp-content\/uploads\/2025\/01\/hydraulic-cylinder-factory-2-480x611.webp 480w\" sizes=\"(min-width: 0px) and (max-width: 480px) 480px, (min-width: 481px) and (max-width: 980px) 980px, (min-width: 981px) and (max-width: 1280px) 1280px, (min-width: 1281px) 2011px, 100vw\" \/><\/h2>\n<p>Dysponujemy w pe\u0142ni zautomatyzowan\u0105 lini\u0105 do powlekania farbami wodorozcie\u0144czalnymi, zaprojektowan\u0105 specjalnie do ma\u0142ych i \u015brednich butli, wyposa\u017con\u0105 w zautomatyzowane roboty za\u0142adowcze, roz\u0142adowcze i natryskowe. Ten najnowocze\u015bniejszy system mo\u017ce pochwali\u0107 si\u0119 wydajno\u015bci\u0105 4000 sztuk na zmian\u0119. Dodatkowo, posiadamy p\u00f3\u0142automatyczn\u0105 lini\u0119 do powlekania butli wielkogabarytowych, nap\u0119dzan\u0105 nap\u0119dem \u0142a\u0144cuchowym, o wydajno\u015bci projektowej 60 skrzy\u0144 na zmian\u0119.<\/p>\n<p>Aby poprawi\u0107 wydajno\u015b\u0107 produkt\u00f3w i umocni\u0107 nasz\u0105 pozycj\u0119 lidera w bran\u017cy cylindr\u00f3w hydraulicznych, nawi\u0105zali\u015bmy wsp\u00f3\u0142prac\u0119 z firm\u0105 ZJIMEE w celu utworzenia kompleksowego laboratorium badawczego, dedykowanego cylindrom hydraulicznym, zaworom i pompom. To zaawansowane laboratorium wykorzystuje wspomagane komputerowo testy z wykorzystaniem technologii elektrohydraulicznej, co pozwala na uzyskanie wst\u0119pnie zdefiniowanych warunk\u00f3w testowych, kt\u00f3re poprawiaj\u0105 dok\u0142adno\u015b\u0107 i wszechstronno\u015b\u0107 systemu. Zautomatyzowany proces gromadzenia danych wykorzystuje czujniki do zbierania danych wyj\u015bciowych, takich jak przeciek wewn\u0119trzny i wydajno\u015b\u0107 obci\u0105\u017cenia, kt\u00f3re s\u0105 nast\u0119pnie przetwarzane przez komputer i konwertowane na jednostki standardowe (ml\/min\u207b ...<\/p>\n<p>Ponadto, aby zapewni\u0107 bezpiecze\u0144stwo naszych uk\u0142ad\u00f3w hydraulicznych, wdra\u017camy monitoring stanu kluczowych parametr\u00f3w eksploatacyjnych, takich jak temperatura oleju, poziom cieczy i stan filtr\u00f3w. Nasze stanowisko testowe cylindr\u00f3w hydraulicznych umo\u017cliwia ocen\u0119 \u201esprawno\u015bci obci\u0105\u017ceniowej\u201d i \u201eprzeciek\u00f3w wewn\u0119trznych\u201d poprzez precyzyjne odczyty. Jest ono r\u00f3wnie\u017c wyposa\u017cone w przyrz\u0105d pomiarowy z podzia\u0142k\u0105 kratow\u0105, spe\u0142niaj\u0105cy normy krajowe, co gwarantuje zgodno\u015b\u0107 ze wszystkimi wymogami testowymi dla cylindr\u00f3w hydraulicznych.<\/p>\n<p>&nbsp;<\/p>","protected":false},"excerpt":{"rendered":"<p>Support Hydraulic Cylinders For Crawler Crane Our support hydraulic cylinders for crawler cranes are engineered for heavy-duty lifting and stabilization in demanding environments. Designed to support the truss arm structure, these cylinders ensure optimal stability and safety during high-load operations, making them ideal for crawler cranes used in construction, port operations, and industrial projects. With [&hellip;]<\/p>","protected":false},"featured_media":17072,"comment_status":"open","ping_status":"closed","template":"","meta":{"_et_pb_use_builder":"","_et_pb_old_content":"","_et_gb_content_width":""},"product_brand":[],"product_cat":[1514,1549,1376],"product_tag":[],"class_list":{"0":"post-17065","1":"product","2":"type-product","3":"status-publish","4":"has-post-thumbnail","6":"product_cat-mobile-crane-hydraulic-cylinders","7":"product_cat-single-acting-hydraulic-cylinder","8":"product_cat-hydraulic-cylinder","10":"first","11":"instock","12":"shipping-taxable","13":"product-type-simple"},"amp_enabled":true,"_links":{"self":[{"href":"https:\/\/www.hydraulic-cylinders.net\/pl\/wp-json\/wp\/v2\/product\/17065","targetHints":{"allow":["GET"]}}],"collection":[{"href":"https:\/\/www.hydraulic-cylinders.net\/pl\/wp-json\/wp\/v2\/product"}],"about":[{"href":"https:\/\/www.hydraulic-cylinders.net\/pl\/wp-json\/wp\/v2\/types\/product"}],"replies":[{"embeddable":true,"href":"https:\/\/www.hydraulic-cylinders.net\/pl\/wp-json\/wp\/v2\/comments?post=17065"}],"wp:featuredmedia":[{"embeddable":true,"href":"https:\/\/www.hydraulic-cylinders.net\/pl\/wp-json\/wp\/v2\/media\/17072"}],"wp:attachment":[{"href":"https:\/\/www.hydraulic-cylinders.net\/pl\/wp-json\/wp\/v2\/media?parent=17065"}],"wp:term":[{"taxonomy":"product_brand","embeddable":true,"href":"https:\/\/www.hydraulic-cylinders.net\/pl\/wp-json\/wp\/v2\/product_brand?post=17065"},{"taxonomy":"product_cat","embeddable":true,"href":"https:\/\/www.hydraulic-cylinders.net\/pl\/wp-json\/wp\/v2\/product_cat?post=17065"},{"taxonomy":"product_tag","embeddable":true,"href":"https:\/\/www.hydraulic-cylinders.net\/pl\/wp-json\/wp\/v2\/product_tag?post=17065"}],"curies":[{"name":"wp","href":"https:\/\/api.w.org\/{rel}","templated":true}]}}