{"id":17093,"date":"2025-02-06T06:35:22","date_gmt":"2025-02-06T06:35:22","guid":{"rendered":"https:\/\/www.hydraulic-cylinders.net\/?post_type=product&#038;p=17093"},"modified":"2025-04-11T03:28:17","modified_gmt":"2025-04-11T03:28:17","slug":"hcyy11112021-main-boom-angle-cylinder-for-truck-cranes","status":"publish","type":"product","link":"https:\/\/www.hydraulic-cylinders.net\/pl\/produkt\/hcyy11112021-main-boom-angle-cylinder-for-truck-cranes\/","title":{"rendered":"HCYY11112021 Si\u0142ownik k\u0105towy wysi\u0119gnika g\u0142\u00f3wnego do \u017curawi samochodowych"},"content":{"rendered":"<h1 style=\"text-align: center;\"><strong>HCYY11112021 Si\u0142ownik k\u0105towy wysi\u0119gnika g\u0142\u00f3wnego do \u017curawi samochodowych<\/strong><\/h1>\n<h1 style=\"text-align: center;\"><img loading=\"lazy\" decoding=\"async\" class=\"alignnone size-full wp-image-17095\" src=\"https:\/\/www.hydraulic-cylinders.net\/wp-content\/uploads\/2025\/02\/hcyy11112021-main-boom-angle-cylinder-2.webp\" alt=\"\" width=\"1496\" height=\"520\" srcset=\"https:\/\/www.hydraulic-cylinders.net\/wp-content\/uploads\/2025\/02\/hcyy11112021-main-boom-angle-cylinder-2.webp 1496w, https:\/\/www.hydraulic-cylinders.net\/wp-content\/uploads\/2025\/02\/hcyy11112021-main-boom-angle-cylinder-2-1280x445.webp 1280w, https:\/\/www.hydraulic-cylinders.net\/wp-content\/uploads\/2025\/02\/hcyy11112021-main-boom-angle-cylinder-2-980x341.webp 980w, https:\/\/www.hydraulic-cylinders.net\/wp-content\/uploads\/2025\/02\/hcyy11112021-main-boom-angle-cylinder-2-480x167.webp 480w\" sizes=\"(min-width: 0px) and (max-width: 480px) 480px, (min-width: 481px) and (max-width: 980px) 980px, (min-width: 981px) and (max-width: 1280px) 1280px, (min-width: 1281px) 1496px, 100vw\" \/><\/h1>\n<p>Ten <strong>HCYY11112021 Si\u0142ownik k\u0105towy wysi\u0119gnika g\u0142\u00f3wnego<\/strong> to niezb\u0119dny element specjalnie zaprojektowany do d\u017awig\u00f3w samochodowych, znacz\u0105co zwi\u0119kszaj\u0105cy ich ud\u017awig i wydajno\u015b\u0107 operacyjn\u0105. Si\u0142ownik ten steruje k\u0105tem nachylenia wysi\u0119gnika g\u0142\u00f3wnego, zapewniaj\u0105c precyzj\u0119 manewrowania podczas wykonywania r\u00f3\u017cnych zada\u0144 podnoszenia. Zaprojektowany z my\u015bl\u0105 o trudnych warunkach pracy, model HCYY11112021 zapewnia niezr\u00f3wnan\u0105 niezawodno\u015b\u0107 i trwa\u0142o\u015b\u0107, co czyni go niezb\u0119dnym uzupe\u0142nieniem ka\u017cdej floty d\u017awig\u00f3w.<\/p>\n<p>Co istotne, si\u0142ownik HCYY11112021 wyr\u00f3\u017cnia si\u0119 wydajno\u015bci\u0105 i trwa\u0142o\u015bci\u0105 w przypadku ci\u0119\u017ckich operacji podnoszenia. Dzi\u0119ki imponuj\u0105cemu ud\u017awigowi, solidnej konstrukcji i precyzyjnej konstrukcji, si\u0142ownik ten zwi\u0119ksza zar\u00f3wno wydajno\u015b\u0107, jak i bezpiecze\u0144stwo operacji d\u017awigowych. Przestrzegaj\u0105c prawid\u0142owych protoko\u0142\u00f3w u\u017cytkowania i konserwacji, u\u017cytkownicy mog\u0105 liczy\u0107 na to, \u017ce si\u0142ownik HCYY11112021 zapewni niezawodn\u0105 i niezawodn\u0105 prac\u0119 przez lata. Inwestycja w ten kluczowy komponent nie tylko optymalizuje mo\u017cliwo\u015bci d\u017awigu samochodowego, ale tak\u017ce gwarantuje doskona\u0142\u0105 wydajno\u015b\u0107 podnoszenia w ka\u017cdym zadaniu.<\/p>\n<h2><strong>HCYY11112021 Si\u0142ownik k\u0105towy wysi\u0119gnika g\u0142\u00f3wnego do \u017curawi samochodowych Parametr:<\/strong><\/h2>\n<h1 style=\"text-align: center;\"><img loading=\"lazy\" decoding=\"async\" class=\"alignnone size-full wp-image-17094\" src=\"https:\/\/www.hydraulic-cylinders.net\/wp-content\/uploads\/2025\/02\/hcyy11112021-main-boom-angle-cylinder-1.webp\" alt=\"\" width=\"1516\" height=\"145\" srcset=\"https:\/\/www.hydraulic-cylinders.net\/wp-content\/uploads\/2025\/02\/hcyy11112021-main-boom-angle-cylinder-1.webp 1516w, https:\/\/www.hydraulic-cylinders.net\/wp-content\/uploads\/2025\/02\/hcyy11112021-main-boom-angle-cylinder-1-1280x122.webp 1280w, https:\/\/www.hydraulic-cylinders.net\/wp-content\/uploads\/2025\/02\/hcyy11112021-main-boom-angle-cylinder-1-980x94.webp 980w, https:\/\/www.hydraulic-cylinders.net\/wp-content\/uploads\/2025\/02\/hcyy11112021-main-boom-angle-cylinder-1-480x46.webp 480w\" sizes=\"(min-width: 0px) and (max-width: 480px) 480px, (min-width: 481px) and (max-width: 980px) 980px, (min-width: 981px) and (max-width: 1280px) 1280px, (min-width: 1281px) 1516px, 100vw\" \/><img loading=\"lazy\" decoding=\"async\" class=\"alignnone size-full wp-image-17096\" src=\"https:\/\/www.hydraulic-cylinders.net\/wp-content\/uploads\/2025\/02\/hcyy11112021-main-boom-angle-cylinder-3.webp\" alt=\"\" width=\"1476\" height=\"705\" srcset=\"https:\/\/www.hydraulic-cylinders.net\/wp-content\/uploads\/2025\/02\/hcyy11112021-main-boom-angle-cylinder-3.webp 1476w, https:\/\/www.hydraulic-cylinders.net\/wp-content\/uploads\/2025\/02\/hcyy11112021-main-boom-angle-cylinder-3-1280x611.webp 1280w, https:\/\/www.hydraulic-cylinders.net\/wp-content\/uploads\/2025\/02\/hcyy11112021-main-boom-angle-cylinder-3-980x468.webp 980w, https:\/\/www.hydraulic-cylinders.net\/wp-content\/uploads\/2025\/02\/hcyy11112021-main-boom-angle-cylinder-3-480x229.webp 480w\" sizes=\"(min-width: 0px) and (max-width: 480px) 480px, (min-width: 481px) and (max-width: 980px) 980px, (min-width: 981px) and (max-width: 1280px) 1280px, (min-width: 1281px) 1476px, 100vw\" \/> <img loading=\"lazy\" decoding=\"async\" class=\"alignnone size-full wp-image-17097\" src=\"https:\/\/www.hydraulic-cylinders.net\/wp-content\/uploads\/2025\/02\/hcyy11112021-main-boom-angle-cylinder-4.webp\" alt=\"\" width=\"1474\" height=\"710\" srcset=\"https:\/\/www.hydraulic-cylinders.net\/wp-content\/uploads\/2025\/02\/hcyy11112021-main-boom-angle-cylinder-4.webp 1474w, https:\/\/www.hydraulic-cylinders.net\/wp-content\/uploads\/2025\/02\/hcyy11112021-main-boom-angle-cylinder-4-1280x617.webp 1280w, https:\/\/www.hydraulic-cylinders.net\/wp-content\/uploads\/2025\/02\/hcyy11112021-main-boom-angle-cylinder-4-980x472.webp 980w, https:\/\/www.hydraulic-cylinders.net\/wp-content\/uploads\/2025\/02\/hcyy11112021-main-boom-angle-cylinder-4-480x231.webp 480w\" sizes=\"(min-width: 0px) and (max-width: 480px) 480px, (min-width: 481px) and (max-width: 980px) 980px, (min-width: 981px) and (max-width: 1280px) 1280px, (min-width: 1281px) 1474px, 100vw\" \/> <img loading=\"lazy\" decoding=\"async\" class=\"alignnone size-full wp-image-17098\" src=\"https:\/\/www.hydraulic-cylinders.net\/wp-content\/uploads\/2025\/02\/hcyy11112021-main-boom-angle-cylinder-5.webp\" alt=\"\" width=\"1401\" height=\"666\" srcset=\"https:\/\/www.hydraulic-cylinders.net\/wp-content\/uploads\/2025\/02\/hcyy11112021-main-boom-angle-cylinder-5.webp 1401w, https:\/\/www.hydraulic-cylinders.net\/wp-content\/uploads\/2025\/02\/hcyy11112021-main-boom-angle-cylinder-5-1280x608.webp 1280w, https:\/\/www.hydraulic-cylinders.net\/wp-content\/uploads\/2025\/02\/hcyy11112021-main-boom-angle-cylinder-5-980x466.webp 980w, https:\/\/www.hydraulic-cylinders.net\/wp-content\/uploads\/2025\/02\/hcyy11112021-main-boom-angle-cylinder-5-480x228.webp 480w\" sizes=\"(min-width: 0px) and (max-width: 480px) 480px, (min-width: 481px) and (max-width: 980px) 980px, (min-width: 981px) and (max-width: 1280px) 1280px, (min-width: 1281px) 1401px, 100vw\" \/><\/h1>\n<h2><strong>Seria cylindr\u00f3w do d\u017awig\u00f3w samochodowych:<\/strong><\/h2>\n<h2><img loading=\"lazy\" decoding=\"async\" class=\"alignnone size-full wp-image-17099\" src=\"https:\/\/www.hydraulic-cylinders.net\/wp-content\/uploads\/2025\/02\/cylinder-series-for-truck-cranes-1.webp\" alt=\"\" width=\"1246\" height=\"671\" srcset=\"https:\/\/www.hydraulic-cylinders.net\/wp-content\/uploads\/2025\/02\/cylinder-series-for-truck-cranes-1.webp 1246w, https:\/\/www.hydraulic-cylinders.net\/wp-content\/uploads\/2025\/02\/cylinder-series-for-truck-cranes-1-980x528.webp 980w, https:\/\/www.hydraulic-cylinders.net\/wp-content\/uploads\/2025\/02\/cylinder-series-for-truck-cranes-1-480x258.webp 480w\" sizes=\"(min-width: 0px) and (max-width: 480px) 480px, (min-width: 481px) and (max-width: 980px) 980px, (min-width: 981px) 1246px, 100vw\" \/><\/h2>\n<h2><strong>G\u0142\u00f3wne cechy si\u0142ownika k\u0105towego wysi\u0119gnika g\u0142\u00f3wnego HCYY11112021 do d\u017awig\u00f3w samochodowych:<\/strong><\/h2>\n<p>Ten <strong>HCYY11112021 Si\u0142ownik k\u0105towy wysi\u0119gnika g\u0142\u00f3wnego<\/strong> to niezb\u0119dny element zaprojektowany specjalnie do \u017curawi samochodowych, odgrywaj\u0105cy kluczow\u0105 rol\u0119 w znacznym zwi\u0119kszeniu ich ud\u017awigu i wydajno\u015bci operacyjnej. Ten zaawansowany si\u0142ownik precyzyjnie steruje k\u0105tem nachylenia wysi\u0119gnika g\u0142\u00f3wnego, zapewniaj\u0105c operatorom precyzyjn\u0105 manewrowo\u015b\u0107, kluczow\u0105 w szerokim zakresie zada\u0144 podnoszenia. Zaprojektowany, aby sprosta\u0107 surowym wymaganiom ci\u0119\u017ckich zastosowa\u0144, model HCYY11112021 oferuje niezr\u00f3wnan\u0105 niezawodno\u015b\u0107 i trwa\u0142o\u015b\u0107, co czyni go niezb\u0119dnym elementem ka\u017cdej floty \u017curawi.<\/p>\n<h4><strong>Wyj\u0105tkowa wydajno\u015b\u0107<\/strong><\/h4>\n<p>Model HCYY11112021 wyr\u00f3\u017cnia si\u0119 wydajno\u015bci\u0105 i trwa\u0142o\u015bci\u0105, szczeg\u00f3lnie w wymagaj\u0105cych operacjach podnoszenia ci\u0119\u017car\u00f3w. Imponuj\u0105cy ud\u017awig pozwala mu z \u0142atwo\u015bci\u0105 podnosi\u0107 znaczne ci\u0119\u017cary, zapewniaj\u0105c operatorom bezproblemowe wykonywanie trudnych zada\u0144. Ta solidna konstrukcja nie tylko zwi\u0119ksza wytrzyma\u0142o\u015b\u0107 si\u0142ownika, ale tak\u017ce zmniejsza ryzyko awarii, zwi\u0119kszaj\u0105c tym samym bezpiecze\u0144stwo podczas pracy.<\/p>\n<h4><strong>In\u017cynieria precyzyjna<\/strong><\/h4>\n<p>Zaprojektowany z dba\u0142o\u015bci\u0105 o szczeg\u00f3\u0142y, model HCYY11112021 charakteryzuje si\u0119 zaawansowanymi elementami konstrukcyjnymi, kt\u00f3re przyczyniaj\u0105 si\u0119 do jego og\u00f3lnej wydajno\u015bci. Precyzyjna konstrukcja zapewnia p\u0142ynn\u0105 prac\u0119 i precyzyjne pozycjonowanie wysi\u0119gnika, umo\u017cliwiaj\u0105c wykonywanie skomplikowanych manewr\u00f3w w ciasnych przestrzeniach. Ten poziom precyzji zwi\u0119ksza zar\u00f3wno wydajno\u015b\u0107, jak i bezpiecze\u0144stwo, daj\u0105c operatorom pewno\u015b\u0107 wykonywania skomplikowanych operacji podnoszenia z precyzj\u0105.<\/p>\n<h4><strong>Niezawodna obs\u0142uga<\/strong><\/h4>\n<p>Przestrzegaj\u0105c zalecanych protoko\u0142\u00f3w u\u017cytkowania i konserwacji, u\u017cytkownicy mog\u0105 liczy\u0107 na to, \u017ce HCYY11112021 zapewni sp\u00f3jn\u0105 i niezawodn\u0105 prac\u0119 przez lata. Regularne przegl\u0105dy i odpowiednia piel\u0119gnacja pomagaj\u0105 utrzyma\u0107 jego wydajno\u015b\u0107, gwarantuj\u0105c optymaln\u0105 prac\u0119 w najbardziej potrzebnym momencie. Ta niezawodno\u015b\u0107 przek\u0142ada si\u0119 na skr\u00f3cenie przestoj\u00f3w i wzrost wydajno\u015bci, co czyni go m\u0105dr\u0105 inwestycj\u0105 w ka\u017cdych warunkach eksploatacji d\u017awigu.<\/p>\n<h4><strong>Optymalna inwestycja<\/strong><\/h4>\n<p>Inwestycja w HCYY11112021 to co\u015b wi\u0119cej ni\u017c tylko dodanie podzespo\u0142u do d\u017awigu; to optymalizacja ca\u0142ego procesu podnoszenia. Ten kluczowy si\u0142ownik zwi\u0119ksza og\u00f3lne mo\u017cliwo\u015bci d\u017awigu samochodowego, umo\u017cliwiaj\u0105c Ci pewne wykonywanie szerszego zakresu zada\u0144. Dzi\u0119ki doskona\u0142ej wydajno\u015bci podnoszenia na wyci\u0105gni\u0119cie r\u0119ki mo\u017cesz realizowa\u0107 projekty wymagaj\u0105ce precyzji i si\u0142y, co ostatecznie prze\u0142o\u017cy si\u0119 na Tw\u00f3j sukces w bran\u017cy.<\/p>\n<p>Podsumowuj\u0105c, si\u0142ownik k\u0105towy wysi\u0119gnika g\u0142\u00f3wnego HCYY11112021 to nie tylko element \u2013 \u200b\u200bto prze\u0142om w operacjach d\u017awigowych. Po\u0142\u0105czenie wyj\u0105tkowej wydajno\u015bci, solidnej konstrukcji i precyzyjnej in\u017cynierii czyni go niezb\u0119dnym elementem do osi\u0105gania doskona\u0142ych rezultat\u00f3w podnoszenia. Przy odpowiedniej piel\u0119gnacji si\u0142ownik ten b\u0119dzie Pa\u0144stwu s\u0142u\u017cy\u0142 niezawodnie, zwi\u0119kszaj\u0105c mo\u017cliwo\u015bci podnoszenia i gwarantuj\u0105c perfekcyjne wykonanie ka\u017cdego zadania.<\/p>\n<h2><strong>W jaki spos\u00f3b si\u0142ownik k\u0105towy wysi\u0119gnika g\u0142\u00f3wnego poprawia manewrowo\u015b\u0107 d\u017awig\u00f3w samochodowych?<\/strong><\/h2>\n<p>Ten <strong>Si\u0142ownik k\u0105towy wysi\u0119gnika g\u0142\u00f3wnego<\/strong> znacz\u0105co zwi\u0119ksza zwrotno\u015b\u0107 d\u017awig\u00f3w samochodowych dzi\u0119ki kilku kluczowym mechanizmom, kt\u00f3re przyczyniaj\u0105 si\u0119 do bezpieczniejszej i bardziej wydajnej pracy.<\/p>\n<h4><strong>1. Precyzyjna kontrola wysi\u0119gnika<\/strong><\/h4>\n<p>Si\u0142ownik umo\u017cliwia operatorom regulacj\u0119 k\u0105ta nachylenia wysi\u0119gnika g\u0142\u00f3wnego z niezwyk\u0142\u0105 dok\u0142adno\u015bci\u0105. Ta precyzja oznacza, \u017ce \u200b\u200bnawet najbardziej skomplikowane operacje podnoszenia mo\u017cna wykonywa\u0107 pewnie, minimalizuj\u0105c ryzyko b\u0142\u0119d\u00f3w. Niezale\u017cnie od tego, czy pozycjonujesz \u0142adunek na zat\u0142oczonym placu budowy, czy manewrujesz wok\u00f3\u0142 przeszk\u00f3d, mo\u017cliwo\u015b\u0107 precyzyjnego dostrojenia k\u0105ta nachylenia wysi\u0119gnika gwarantuje, \u017ce ka\u017cdy ruch jest przemy\u015blany i kontrolowany.<\/p>\n<h4><strong>2. Poprawiony zakres ruchu<\/strong><\/h4>\n<p>Umo\u017cliwiaj\u0105c szerszy zakres k\u0105t\u00f3w nachylenia wysi\u0119gnika, si\u0142ownik k\u0105ta nachylenia wysi\u0119gnika g\u0142\u00f3wnego rozszerza mo\u017cliwo\u015bci operacyjne \u017curawia. Ta wszechstronno\u015b\u0107 jest kluczowa podczas pracy w trudnych warunkach, takich jak place budowy z przeszkodami nad g\u0142ow\u0105 lub ciasnymi przestrzeniami. Operatorzy mog\u0105 z \u0142atwo\u015bci\u0105 dotrze\u0107 do wy\u017cej po\u0142o\u017conych obszar\u00f3w lub omin\u0105\u0107 bariery, co sprawia, \u017ce \u200b\u200bdotychczas skomplikowane zadania staj\u0105 si\u0119 \u0142atwiejsze w obs\u0142udze i bardziej wydajne.<\/p>\n<h4><strong>3. Stabilno\u015b\u0107 podczas pracy<\/strong><\/h4>\n<p>Jednym z najwa\u017cniejszych aspekt\u00f3w pracy \u017curawia jest stabilno\u015b\u0107. Si\u0142ownik k\u0105towy wysi\u0119gnika g\u0142\u00f3wnego pomaga utrzyma\u0107 r\u00f3wnowag\u0119 \u017curawia podczas regulacji wysi\u0119gnika, znacznie zmniejszaj\u0105c ryzyko przewr\u00f3cenia. Stabilno\u015b\u0107 ta jest szczeg\u00f3lnie wa\u017cna podczas podnoszenia ci\u0119\u017ckich \u0142adunk\u00f3w lub pracy na nier\u00f3wnym terenie, poniewa\u017c zapewnia bezpiecze\u0144stwo zar\u00f3wno operatora, jak i os\u00f3b znajduj\u0105cych si\u0119 w pobli\u017cu.<\/p>\n<h4><strong>4. Dzia\u0142anie responsywne<\/strong><\/h4>\n<p>Szybka regulacja k\u0105ta wysi\u0119gnika przek\u0142ada si\u0119 na kr\u00f3tszy czas reakcji, umo\u017cliwiaj\u0105c operatorom p\u0142ynne dostosowywanie si\u0119 do zmieniaj\u0105cych si\u0119 warunk\u00f3w na placu budowy. Ta szybko\u015b\u0107 reakcji jest niezb\u0119dna w dynamicznych \u015brodowiskach, gdzie warunki mog\u0105 si\u0119 szybko zmienia\u0107. Dzi\u0119ki si\u0142ownikowi k\u0105ta wysi\u0119gnika g\u0142\u00f3wnego operatorzy mog\u0105 reagowa\u0107 b\u0142yskawicznie, zwi\u0119kszaj\u0105c wydajno\u015b\u0107 i minimalizuj\u0105c przestoje.<\/p>\n<h4><strong>5. Lepsza widoczno\u015b\u0107<\/strong><\/h4>\n<p>Lepsza kontrola nad k\u0105tem wysi\u0119gnika mo\u017ce znacz\u0105co poprawi\u0107 pole widzenia operatora. Taka widoczno\u015b\u0107 pozwala operatorom manewrowa\u0107 \u0142adunkami z wi\u0119ksz\u0105 precyzj\u0105, gwarantuj\u0105c bezpieczne podnoszenie \u0142adunk\u00f3w. Lepsza widoczno\u015b\u0107 nie tylko zwi\u0119ksza pewno\u015b\u0107 siebie, ale tak\u017ce sprzyja bezpieczniejszym warunkom pracy, poniewa\u017c operatorzy mog\u0105 lepiej ocenia\u0107 otoczenie podczas podnoszenia \u0142adunk\u00f3w.<\/p>\n<p>Podsumowuj\u0105c, si\u0142ownik k\u0105towy wysi\u0119gnika g\u0142\u00f3wnego to prze\u0142omowy element \u017curawi samochodowych, zwi\u0119kszaj\u0105cy ich zwrotno\u015b\u0107 i wydajno\u015b\u0107 operacyjn\u0105. Dzi\u0119ki precyzyjnemu sterowaniu, poszerzeniu zakresu ruchu, poprawie stabilno\u015bci, szybko\u015bci reakcji i lepszej widoczno\u015bci, si\u0142ownik ten pozwala operatorom z \u0142atwo\u015bci\u0105 i pewno\u015bci\u0105 wykonywa\u0107 nawet najtrudniejsze zadania zwi\u0105zane z podnoszeniem. Inwestycja w t\u0119 technologi\u0119 nie tylko optymalizuje wydajno\u015b\u0107 \u017curawia, ale tak\u017ce zwi\u0119ksza og\u00f3lne bezpiecze\u0144stwo i wydajno\u015b\u0107 na placu budowy.<\/p>\n<h2><strong>Obszar produkcji cylindr\u00f3w do w\u00f3zk\u00f3w wid\u0142owych:<\/strong><\/h2>\n<h2><img loading=\"lazy\" decoding=\"async\" class=\"alignnone size-full wp-image-16972\" src=\"https:\/\/www.hydraulic-cylinders.net\/wp-content\/uploads\/2025\/01\/hydraulic-cylinder-factory-1-scaled.webp\" alt=\"\" width=\"2016\" height=\"2560\" srcset=\"https:\/\/www.hydraulic-cylinders.net\/wp-content\/uploads\/2025\/01\/hydraulic-cylinder-factory-1-scaled.webp 2016w, https:\/\/www.hydraulic-cylinders.net\/wp-content\/uploads\/2025\/01\/hydraulic-cylinder-factory-1-1280x1625.webp 1280w, https:\/\/www.hydraulic-cylinders.net\/wp-content\/uploads\/2025\/01\/hydraulic-cylinder-factory-1-980x1244.webp 980w, https:\/\/www.hydraulic-cylinders.net\/wp-content\/uploads\/2025\/01\/hydraulic-cylinder-factory-1-480x610.webp 480w\" sizes=\"(min-width: 0px) and (max-width: 480px) 480px, (min-width: 481px) and (max-width: 980px) 980px, (min-width: 981px) and (max-width: 1280px) 1280px, (min-width: 1281px) 2016px, 100vw\" \/><\/h2>\n<p>Dysponujemy najnowocze\u015bniejsz\u0105, niezale\u017cn\u0105 platform\u0105 badawczo-rozwojow\u0105 dedykowan\u0105 monta\u017cowi, co gwarantuje najwy\u017csz\u0105 innowacyjno\u015b\u0107 i jako\u015b\u0107 w naszych procesach produkcyjnych. Nasz zak\u0142ad produkcyjny cylindr\u00f3w do w\u00f3zk\u00f3w wid\u0142owych dysponuje czterema p\u00f3\u0142automatycznymi liniami monta\u017cowymi cylindr\u00f3w podnosz\u0105cych oraz w pe\u0142ni zautomatyzowan\u0105 lini\u0105 monta\u017cow\u0105 cylindr\u00f3w przechylnych, zaprojektowanymi \u0142\u0105cznie z my\u015bl\u0105 o produkcji do miliona sztuk rocznie.<\/p>\n<p>Ponadto, nasz specjalistyczny warsztat produkcji cylindr\u00f3w wyposa\u017cony jest w p\u00f3\u0142automatyczne systemy czyszczenia i monta\u017cu, dostosowane do r\u00f3\u017cnych specyfikacji, o rocznej zdolno\u015bci produkcyjnej 200 000 sztuk. Wykorzystujemy renomowane maszyny CNC, centra obr\u00f3bcze i specjalistyczne narz\u0119dzia do precyzyjnej obr\u00f3bki cylindr\u00f3w. Nasz zak\u0142ad dysponuje r\u00f3wnie\u017c zaawansowanymi zrobotyzowanymi spawarkami, automatycznymi systemami czyszczenia oraz w pe\u0142ni zautomatyzowanymi liniami monta\u017cu i lakierowania cylindr\u00f3w. Dysponuj\u0105c ponad 300 kluczowymi urz\u0105dzeniami, optymalizujemy alokacj\u0119 zasob\u00f3w i zapewniamy efektywne wykorzystanie, spe\u0142niaj\u0105c rygorystyczne standardy precyzji i jako\u015bci.<\/p>\n<p>Nasz zak\u0142ad obr\u00f3bki skrawaniem dysponuje niestandardowymi centrami tokarskimi z prowadnicami uchylnymi, centrami obr\u00f3bczymi, szybkoobrotowymi honownicami, robotami spawalniczymi i innymi niezb\u0119dnymi urz\u0105dzeniami. Taka konfiguracja pozwala nam na obr\u00f3bk\u0119 rur cylindrycznych o maksymalnej \u015brednicy wewn\u0119trznej 400 mm i d\u0142ugo\u015bci do 6 metr\u00f3w, co dodatkowo zwi\u0119ksza nasze mo\u017cliwo\u015bci produkcyjne.<\/p>\n<h2><img loading=\"lazy\" decoding=\"async\" class=\"alignnone size-full wp-image-16973\" src=\"https:\/\/www.hydraulic-cylinders.net\/wp-content\/uploads\/2025\/01\/hydraulic-cylinder-factory-2-scaled.webp\" alt=\"\" width=\"2011\" height=\"2560\" srcset=\"https:\/\/www.hydraulic-cylinders.net\/wp-content\/uploads\/2025\/01\/hydraulic-cylinder-factory-2-scaled.webp 2011w, https:\/\/www.hydraulic-cylinders.net\/wp-content\/uploads\/2025\/01\/hydraulic-cylinder-factory-2-1280x1629.webp 1280w, https:\/\/www.hydraulic-cylinders.net\/wp-content\/uploads\/2025\/01\/hydraulic-cylinder-factory-2-980x1248.webp 980w, https:\/\/www.hydraulic-cylinders.net\/wp-content\/uploads\/2025\/01\/hydraulic-cylinder-factory-2-480x611.webp 480w\" sizes=\"(min-width: 0px) and (max-width: 480px) 480px, (min-width: 481px) and (max-width: 980px) 980px, (min-width: 981px) and (max-width: 1280px) 1280px, (min-width: 1281px) 2011px, 100vw\" \/><\/h2>\n<p>Dysponujemy w pe\u0142ni zautomatyzowan\u0105 lini\u0105 do powlekania farbami wodorozcie\u0144czalnymi, zaprojektowan\u0105 specjalnie do ma\u0142ych i \u015brednich butli, wyposa\u017con\u0105 w zautomatyzowane roboty za\u0142adowcze, roz\u0142adowcze i natryskowe. Ten najnowocze\u015bniejszy system mo\u017ce pochwali\u0107 si\u0119 wydajno\u015bci\u0105 4000 sztuk na zmian\u0119. Dodatkowo, posiadamy p\u00f3\u0142automatyczn\u0105 lini\u0119 do powlekania butli wielkogabarytowych, nap\u0119dzan\u0105 nap\u0119dem \u0142a\u0144cuchowym, o wydajno\u015bci projektowej 60 skrzy\u0144 na zmian\u0119.<\/p>\n<p>Aby poprawi\u0107 wydajno\u015b\u0107 produkt\u00f3w i umocni\u0107 nasz\u0105 pozycj\u0119 lidera w bran\u017cy cylindr\u00f3w hydraulicznych, nawi\u0105zali\u015bmy wsp\u00f3\u0142prac\u0119 z firm\u0105 ZJIMEE w celu utworzenia kompleksowego laboratorium badawczego, dedykowanego cylindrom hydraulicznym, zaworom i pompom. To zaawansowane laboratorium wykorzystuje wspomagane komputerowo testy z wykorzystaniem technologii elektrohydraulicznej, co pozwala na uzyskanie wst\u0119pnie zdefiniowanych warunk\u00f3w testowych, kt\u00f3re poprawiaj\u0105 dok\u0142adno\u015b\u0107 i wszechstronno\u015b\u0107 systemu. Zautomatyzowany proces gromadzenia danych wykorzystuje czujniki do zbierania danych wyj\u015bciowych, takich jak przeciek wewn\u0119trzny i wydajno\u015b\u0107 obci\u0105\u017cenia, kt\u00f3re s\u0105 nast\u0119pnie przetwarzane przez komputer i konwertowane na jednostki standardowe (ml\/min\u207b ...<\/p>\n<p>Ponadto, aby zapewni\u0107 bezpiecze\u0144stwo naszych uk\u0142ad\u00f3w hydraulicznych, wdra\u017camy monitoring stanu kluczowych parametr\u00f3w eksploatacyjnych, takich jak temperatura oleju, poziom cieczy i stan filtr\u00f3w. Nasze stanowisko testowe cylindr\u00f3w hydraulicznych umo\u017cliwia ocen\u0119 \u201esprawno\u015bci obci\u0105\u017ceniowej\u201d i \u201eprzeciek\u00f3w wewn\u0119trznych\u201d poprzez precyzyjne odczyty. Jest ono r\u00f3wnie\u017c wyposa\u017cone w przyrz\u0105d pomiarowy z podzia\u0142k\u0105 kratow\u0105, spe\u0142niaj\u0105cy normy krajowe, co gwarantuje zgodno\u015b\u0107 ze wszystkimi wymogami testowymi dla cylindr\u00f3w hydraulicznych.<\/p>\n<p>&nbsp;<\/p>","protected":false},"excerpt":{"rendered":"<p>HCYY11112021 Main Boom Angle Cylinder For Truck Cranes The HCYY11112021 Main Boom Angle Cylinder is an essential component specifically designed for truck cranes, significantly enhancing their lifting capabilities and operational efficiency. This cylinder controls the angle of the main boom, ensuring precise maneuverability across a range of lifting tasks. Engineered to endure the demands of [&hellip;]<\/p>","protected":false},"featured_media":17100,"comment_status":"open","ping_status":"closed","template":"","meta":{"_et_pb_use_builder":"","_et_pb_old_content":"","_et_gb_content_width":""},"product_brand":[],"product_cat":[1550,1514,1376],"product_tag":[],"class_list":{"0":"post-17093","1":"product","2":"type-product","3":"status-publish","4":"has-post-thumbnail","6":"product_cat-double-acting-hydraulic-cylinder","7":"product_cat-mobile-crane-hydraulic-cylinders","8":"product_cat-hydraulic-cylinder","10":"first","11":"instock","12":"shipping-taxable","13":"product-type-simple"},"amp_enabled":true,"_links":{"self":[{"href":"https:\/\/www.hydraulic-cylinders.net\/pl\/wp-json\/wp\/v2\/product\/17093","targetHints":{"allow":["GET"]}}],"collection":[{"href":"https:\/\/www.hydraulic-cylinders.net\/pl\/wp-json\/wp\/v2\/product"}],"about":[{"href":"https:\/\/www.hydraulic-cylinders.net\/pl\/wp-json\/wp\/v2\/types\/product"}],"replies":[{"embeddable":true,"href":"https:\/\/www.hydraulic-cylinders.net\/pl\/wp-json\/wp\/v2\/comments?post=17093"}],"wp:featuredmedia":[{"embeddable":true,"href":"https:\/\/www.hydraulic-cylinders.net\/pl\/wp-json\/wp\/v2\/media\/17100"}],"wp:attachment":[{"href":"https:\/\/www.hydraulic-cylinders.net\/pl\/wp-json\/wp\/v2\/media?parent=17093"}],"wp:term":[{"taxonomy":"product_brand","embeddable":true,"href":"https:\/\/www.hydraulic-cylinders.net\/pl\/wp-json\/wp\/v2\/product_brand?post=17093"},{"taxonomy":"product_cat","embeddable":true,"href":"https:\/\/www.hydraulic-cylinders.net\/pl\/wp-json\/wp\/v2\/product_cat?post=17093"},{"taxonomy":"product_tag","embeddable":true,"href":"https:\/\/www.hydraulic-cylinders.net\/pl\/wp-json\/wp\/v2\/product_tag?post=17093"}],"curies":[{"name":"wp","href":"https:\/\/api.w.org\/{rel}","templated":true}]}}