{"id":17102,"date":"2025-02-06T08:41:36","date_gmt":"2025-02-06T08:41:36","guid":{"rendered":"https:\/\/www.hydraulic-cylinders.net\/?post_type=product&#038;p=17102"},"modified":"2025-04-11T01:52:16","modified_gmt":"2025-04-11T01:52:16","slug":"hcyy11112023-cylinder-for-frame-support-for-truck-cranes","status":"publish","type":"product","link":"https:\/\/www.hydraulic-cylinders.net\/pl\/produkt\/hcyy11112023-cylinder-for-frame-support-for-truck-cranes\/","title":{"rendered":"HCYY11112023 Si\u0142ownik do podparcia ramy d\u017awig\u00f3w samochodowych"},"content":{"rendered":"<h1 style=\"text-align: center;\"><strong>HCYY11112023 Si\u0142ownik do podparcia ramy d\u017awig\u00f3w samochodowych<\/strong><\/h1>\n<h1 style=\"text-align: center;\"><img loading=\"lazy\" decoding=\"async\" class=\"alignnone size-full wp-image-17111\" src=\"https:\/\/www.hydraulic-cylinders.net\/wp-content\/uploads\/2025\/02\/hcyy11112023-cylinder-for-frame-support-2.webp\" alt=\"\" width=\"1492\" height=\"511\" srcset=\"https:\/\/www.hydraulic-cylinders.net\/wp-content\/uploads\/2025\/02\/hcyy11112023-cylinder-for-frame-support-2.webp 1492w, https:\/\/www.hydraulic-cylinders.net\/wp-content\/uploads\/2025\/02\/hcyy11112023-cylinder-for-frame-support-2-1280x438.webp 1280w, https:\/\/www.hydraulic-cylinders.net\/wp-content\/uploads\/2025\/02\/hcyy11112023-cylinder-for-frame-support-2-980x336.webp 980w, https:\/\/www.hydraulic-cylinders.net\/wp-content\/uploads\/2025\/02\/hcyy11112023-cylinder-for-frame-support-2-480x164.webp 480w\" sizes=\"(min-width: 0px) and (max-width: 480px) 480px, (min-width: 481px) and (max-width: 980px) 980px, (min-width: 981px) and (max-width: 1280px) 1280px, (min-width: 1281px) 1492px, 100vw\" \/><\/h1>\n<p>Ten <strong>HCYY11112023 Cylinder do podparcia ramy<\/strong> ma kluczowe znaczenie dla poprawy stabilno\u015bci i bezpiecze\u0144stwa \u017curawi samochodowych. Zaprojektowany z my\u015bl\u0105 o solidnej konstrukcji, si\u0142ownik ten podtrzymuje ram\u0119 \u017curawia podczas pracy, zapewniaj\u0105c jej integralno\u015b\u0107 strukturaln\u0105 pod r\u00f3\u017cnymi obci\u0105\u017ceniami. Jego niezawodno\u015b\u0107 sprawia, \u017ce \u200b\u200bjest niezb\u0119dnym elementem ka\u017cdej floty \u017curawi.<\/p>\n<p>Ten si\u0142ownik wyr\u00f3\u017cnia si\u0119 stabilno\u015bci\u0105 i bezpiecze\u0144stwem podczas podnoszenia. Jego trwa\u0142a konstrukcja, prosty monta\u017c i niskie wymagania konserwacyjne sprawiaj\u0105, \u017ce jest to doskona\u0142y wyb\u00f3r dla operator\u00f3w poszukuj\u0105cych zar\u00f3wno niezawodno\u015bci, jak i wydajno\u015bci. Przestrzegaj\u0105c zalecanych zasad u\u017cytkowania i konserwacji, u\u017cytkownicy mog\u0105 zmaksymalizowa\u0107 wydajno\u015b\u0107 i \u017cywotno\u015b\u0107 tego kluczowego elementu, zapewniaj\u0105c p\u0142ynn\u0105 i bezpieczn\u0105 prac\u0119 d\u017awig\u00f3w samochodowych przez wiele lat.<\/p>\n<h2><strong>HCYY11112023 Si\u0142ownik do podparcia ramy d\u017awig\u00f3w samochodowych Parametr:<\/strong><\/h2>\n<h1 style=\"text-align: center;\"><img loading=\"lazy\" decoding=\"async\" class=\"alignnone size-full wp-image-17110\" src=\"https:\/\/www.hydraulic-cylinders.net\/wp-content\/uploads\/2025\/02\/hcyy11112023-cylinder-for-frame-support-1.webp\" alt=\"\" width=\"1512\" height=\"146\" srcset=\"https:\/\/www.hydraulic-cylinders.net\/wp-content\/uploads\/2025\/02\/hcyy11112023-cylinder-for-frame-support-1.webp 1512w, https:\/\/www.hydraulic-cylinders.net\/wp-content\/uploads\/2025\/02\/hcyy11112023-cylinder-for-frame-support-1-1280x124.webp 1280w, https:\/\/www.hydraulic-cylinders.net\/wp-content\/uploads\/2025\/02\/hcyy11112023-cylinder-for-frame-support-1-980x95.webp 980w, https:\/\/www.hydraulic-cylinders.net\/wp-content\/uploads\/2025\/02\/hcyy11112023-cylinder-for-frame-support-1-480x46.webp 480w\" sizes=\"(min-width: 0px) and (max-width: 480px) 480px, (min-width: 481px) and (max-width: 980px) 980px, (min-width: 981px) and (max-width: 1280px) 1280px, (min-width: 1281px) 1512px, 100vw\" \/><img loading=\"lazy\" decoding=\"async\" class=\"alignnone size-full wp-image-17112\" src=\"https:\/\/www.hydraulic-cylinders.net\/wp-content\/uploads\/2025\/02\/hcyy11112023-cylinder-for-frame-support-3.webp\" alt=\"\" width=\"1480\" height=\"705\" srcset=\"https:\/\/www.hydraulic-cylinders.net\/wp-content\/uploads\/2025\/02\/hcyy11112023-cylinder-for-frame-support-3.webp 1480w, https:\/\/www.hydraulic-cylinders.net\/wp-content\/uploads\/2025\/02\/hcyy11112023-cylinder-for-frame-support-3-1280x610.webp 1280w, https:\/\/www.hydraulic-cylinders.net\/wp-content\/uploads\/2025\/02\/hcyy11112023-cylinder-for-frame-support-3-980x467.webp 980w, https:\/\/www.hydraulic-cylinders.net\/wp-content\/uploads\/2025\/02\/hcyy11112023-cylinder-for-frame-support-3-480x229.webp 480w\" sizes=\"(min-width: 0px) and (max-width: 480px) 480px, (min-width: 481px) and (max-width: 980px) 980px, (min-width: 981px) and (max-width: 1280px) 1280px, (min-width: 1281px) 1480px, 100vw\" \/> <img loading=\"lazy\" decoding=\"async\" class=\"alignnone size-full wp-image-17113\" src=\"https:\/\/www.hydraulic-cylinders.net\/wp-content\/uploads\/2025\/02\/hcyy11112023-cylinder-for-frame-support-4.webp\" alt=\"\" width=\"1471\" height=\"711\" srcset=\"https:\/\/www.hydraulic-cylinders.net\/wp-content\/uploads\/2025\/02\/hcyy11112023-cylinder-for-frame-support-4.webp 1471w, https:\/\/www.hydraulic-cylinders.net\/wp-content\/uploads\/2025\/02\/hcyy11112023-cylinder-for-frame-support-4-1280x619.webp 1280w, https:\/\/www.hydraulic-cylinders.net\/wp-content\/uploads\/2025\/02\/hcyy11112023-cylinder-for-frame-support-4-980x474.webp 980w, https:\/\/www.hydraulic-cylinders.net\/wp-content\/uploads\/2025\/02\/hcyy11112023-cylinder-for-frame-support-4-480x232.webp 480w\" sizes=\"(min-width: 0px) and (max-width: 480px) 480px, (min-width: 481px) and (max-width: 980px) 980px, (min-width: 981px) and (max-width: 1280px) 1280px, (min-width: 1281px) 1471px, 100vw\" \/> <img loading=\"lazy\" decoding=\"async\" class=\"alignnone size-full wp-image-17114\" src=\"https:\/\/www.hydraulic-cylinders.net\/wp-content\/uploads\/2025\/02\/hcyy11112023-cylinder-for-frame-support-5.webp\" alt=\"\" width=\"1146\" height=\"541\" srcset=\"https:\/\/www.hydraulic-cylinders.net\/wp-content\/uploads\/2025\/02\/hcyy11112023-cylinder-for-frame-support-5.webp 1146w, https:\/\/www.hydraulic-cylinders.net\/wp-content\/uploads\/2025\/02\/hcyy11112023-cylinder-for-frame-support-5-980x463.webp 980w, https:\/\/www.hydraulic-cylinders.net\/wp-content\/uploads\/2025\/02\/hcyy11112023-cylinder-for-frame-support-5-480x227.webp 480w\" sizes=\"(min-width: 0px) and (max-width: 480px) 480px, (min-width: 481px) and (max-width: 980px) 980px, (min-width: 981px) 1146px, 100vw\" \/><\/h1>\n<h2><strong>Seria cylindr\u00f3w do d\u017awig\u00f3w samochodowych:<\/strong><\/h2>\n<h2><img loading=\"lazy\" decoding=\"async\" class=\"alignnone size-full wp-image-17099\" src=\"https:\/\/www.hydraulic-cylinders.net\/wp-content\/uploads\/2025\/02\/cylinder-series-for-truck-cranes-1.webp\" alt=\"\" width=\"1246\" height=\"671\" srcset=\"https:\/\/www.hydraulic-cylinders.net\/wp-content\/uploads\/2025\/02\/cylinder-series-for-truck-cranes-1.webp 1246w, https:\/\/www.hydraulic-cylinders.net\/wp-content\/uploads\/2025\/02\/cylinder-series-for-truck-cranes-1-980x528.webp 980w, https:\/\/www.hydraulic-cylinders.net\/wp-content\/uploads\/2025\/02\/cylinder-series-for-truck-cranes-1-480x258.webp 480w\" sizes=\"(min-width: 0px) and (max-width: 480px) 480px, (min-width: 481px) and (max-width: 980px) 980px, (min-width: 981px) 1246px, 100vw\" \/><\/h2>\n<h2><strong>G\u0142\u00f3wne cechy cylindra HCYY11112023 do podparcia ramy d\u017awig\u00f3w samochodowych:<\/strong><\/h2>\n<h4><strong>Wysoka \u0142adowno\u015b\u0107<\/strong><\/h4>\n<p>Ten <strong>HCYY11112023 Cylinder<\/strong> Zosta\u0142 zaprojektowany do przenoszenia znacznych ci\u0119\u017car\u00f3w, dzi\u0119ki czemu idealnie nadaje si\u0119 do podnoszenia ci\u0119\u017ckich \u0142adunk\u00f3w. Jego solidna konstrukcja pozwala mu przenosi\u0107 \u0142adunki bez uszczerbku dla bezpiecze\u0144stwa i wydajno\u015bci. Niezale\u017cnie od tego, czy podnosisz materia\u0142y budowlane, sprz\u0119t czy inne ci\u0119\u017ckie przedmioty, ten si\u0142ownik zapewnia p\u0142ynny przebieg operacji, zapewniaj\u0105c operatorom spok\u00f3j ducha i zwi\u0119kszaj\u0105c og\u00f3ln\u0105 wydajno\u015b\u0107.<\/p>\n<h4><strong>Trwa\u0142a konstrukcja<\/strong><\/h4>\n<p>Wykonany z wysokiej jako\u015bci materia\u0142\u00f3w, si\u0142ownik HCYY11112023 zosta\u0142 zaprojektowany tak, aby sprosta\u0107 trudom wymagaj\u0105cych \u015brodowisk pracy. Jego trwa\u0142a konstrukcja jest odporna na zu\u017cycie i uszkodzenia, zapewniaj\u0105c d\u0142ugowieczno\u015b\u0107 nawet w ekstremalnych warunkach. Ta odporno\u015b\u0107 przek\u0142ada si\u0119 na mniejsz\u0105 liczb\u0119 wymian i napraw, co przek\u0142ada si\u0119 na oszcz\u0119dno\u015bci i nieprzerwan\u0105 prac\u0119 w d\u0142u\u017cszej perspektywie.<\/p>\n<h4><strong>Odporno\u015b\u0107 na korozj\u0119<\/strong><\/h4>\n<p>Wyposa\u017cony w pow\u0142ok\u0119 ochronn\u0105 cylinder HCYY11112023 skutecznie zapobiega rdzewieniu i korozji. Ta cecha jest kluczowa dla utrzymania wydajno\u015bci i wyd\u0142u\u017cenia \u017cywotno\u015bci cylindra, szczeg\u00f3lnie w trudnych warunkach atmosferycznych lub w \u015brodowisku o du\u017cej wilgotno\u015bci. Dzi\u0119ki odporno\u015bci na korozj\u0119 cylinder zachowuje integralno\u015b\u0107 strukturaln\u0105, zapewniaj\u0105c niezawodn\u0105 funkcjonalno\u015b\u0107 przez ca\u0142y okres u\u017cytkowania.<\/p>\n<h4><strong>\u0141atwa instalacja<\/strong><\/h4>\n<p>Si\u0142ownik HCYY11112023 zosta\u0142 zaprojektowany z my\u015bl\u0105 o prostej integracji z istniej\u0105cymi systemami d\u017awigowymi, co znacznie minimalizuje przestoje podczas instalacji. Jego przyjazna dla u\u017cytkownika konstrukcja pozwala operatorom na szybk\u0105 konfiguracj\u0119 bez konieczno\u015bci rozleg\u0142ych modyfikacji lub stosowania specjalistycznych narz\u0119dzi. Ta \u0142atwo\u015b\u0107 instalacji oznacza, \u017ce \u200b\u200bd\u017awigi mog\u0105 szybko wr\u00f3ci\u0107 do pracy, maksymalizuj\u0105c wydajno\u015b\u0107 i redukuj\u0105c op\u00f3\u017anienia w projektach.<\/p>\n<h4><strong>In\u017cynieria precyzyjna<\/strong><\/h4>\n<p>Wyprodukowany zgodnie z precyzyjnymi specyfikacjami, si\u0142ownik HCYY11112023 gwarantuje optymaln\u0105 wydajno\u015b\u0107 i kompatybilno\u015b\u0107 z r\u00f3\u017cnymi modelami d\u017awig\u00f3w samochodowych. Ta precyzyjna konstrukcja gwarantuje wydajn\u0105 i skuteczn\u0105 prac\u0119 si\u0142ownika, minimalizuj\u0105c ryzyko awarii mechanicznych. Wybieraj\u0105c ten si\u0142ownik, operatorzy mog\u0105 mie\u0107 pewno\u015b\u0107, \u017ce korzystaj\u0105 z produktu zaprojektowanego tak, aby spe\u0142nia\u0142 najwy\u017csze standardy jako\u015bci i niezawodno\u015bci, zwi\u0119kszaj\u0105c og\u00f3ln\u0105 wydajno\u015b\u0107 operacyjn\u0105.<\/p>\n<h2><strong>W jaki spos\u00f3b si\u0142ownik Hcyy11112023 poprawia stabilno\u015b\u0107 d\u017awig\u00f3w samochodowych podczas pracy?<\/strong><\/h2>\n<p>Ten <strong>HCYY11112023 Cylinder<\/strong> znacz\u0105co zwi\u0119ksza stabilno\u015b\u0107 \u017curawi samochodowych podczas pracy dzi\u0119ki kilku kluczowym mechanizmom:<\/p>\n<h4><strong>1. Rozk\u0142ad masy<\/strong><\/h4>\n<p>Si\u0142ownik odgrywa kluczow\u0105 rol\u0119 w r\u00f3wnomiernym roz\u0142o\u017ceniu \u0142adunku na ramie \u017curawia. Ten zr\u00f3wnowa\u017cony rozk\u0142ad masy jest niezb\u0119dny, aby zapobiec przewr\u00f3ceniu, zw\u0142aszcza podczas podnoszenia ci\u0119\u017ckich lub nier\u00f3wnomiernie roz\u0142o\u017conych \u0142adunk\u00f3w. Zapewniaj\u0105c niski i stabilny \u015brodek ci\u0119\u017cko\u015bci, si\u0142ownik pozwala operatorom wykonywa\u0107 skomplikowane manewry z pewno\u015bci\u0105 siebie, maj\u0105c pewno\u015b\u0107, \u017ce \u017curaw jest bezpieczny i mniej podatny na przewr\u00f3cenie. Ta funkcja nie tylko zwi\u0119ksza bezpiecze\u0144stwo, ale tak\u017ce wydajno\u015b\u0107 operacyjn\u0105, umo\u017cliwiaj\u0105c wykonywanie bardziej ambitnych zada\u0144 podnoszenia.<\/p>\n<h4><strong>2. Solidna konstrukcja<\/strong><\/h4>\n<p>Zaprojektowany z my\u015bl\u0105 o wysokiej wydajno\u015bci, si\u0142ownik HCYY11112023 charakteryzuje si\u0119 solidn\u0105 konstrukcj\u0105, kt\u00f3ra wytrzymuje znaczne napr\u0119\u017cenia i obci\u0105\u017cenia. Ta trwa\u0142o\u015b\u0107 oznacza, \u017ce \u200b\u200bsi\u0142ownik mo\u017ce wykonywa\u0107 ci\u0119\u017ckie zadania zwi\u0105zane z podnoszeniem bez uginania si\u0119 ani p\u0119kania, co jest kluczowe dla utrzymania stabilno\u015bci \u017curawia podczas wymagaj\u0105cych operacji. Odporno\u015b\u0107 si\u0142ownika na trudne warunki i du\u017ce obci\u0105\u017cenia minimalizuje ryzyko awarii mechanicznych, zapewniaj\u0105c p\u0142ynn\u0105 prac\u0119. Operatorzy korzystaj\u0105 z kr\u00f3tszych przestoj\u00f3w i ni\u017cszych koszt\u00f3w konserwacji, co czyni go m\u0105dr\u0105 inwestycj\u0105.<\/p>\n<h4><strong>3. Odporno\u015b\u0107 na czynniki \u015brodowiskowe<\/strong><\/h4>\n<p>Si\u0142ownik charakteryzuje si\u0119 zaawansowan\u0105 odporno\u015bci\u0105 na korozj\u0119, co jest kluczowe dla zachowania integralno\u015bci strukturalnej w zr\u00f3\u017cnicowanych warunkach pogodowych. Zapobiegaj\u0105c rdzewieniu i niszczeniu, si\u0142ownik zapewnia niezawodno\u015b\u0107 i skuteczno\u015b\u0107 dzia\u0142ania, niezale\u017cnie od warunk\u00f3w atmosferycznych, w tym deszczu, \u015bniegu i ekstremalnych temperatur. Ta odporno\u015b\u0107 jest szczeg\u00f3lnie wa\u017cna w przypadku d\u017awig\u00f3w pracuj\u0105cych w trudnych warunkach, poniewa\u017c gwarantuje sta\u0142\u0105 wydajno\u015b\u0107 i bezpiecze\u0144stwo. Operatorzy mog\u0105 mie\u0107 pewno\u015b\u0107, \u017ce ich sprz\u0119t b\u0119dzie dzia\u0142a\u0142 optymalnie, niezale\u017cnie od czynnik\u00f3w zewn\u0119trznych, co przek\u0142ada si\u0119 na wi\u0119ksz\u0105 pewno\u015b\u0107 podczas podnoszenia.<\/p>\n<h4><strong>4. In\u017cynieria precyzyjna<\/strong><\/h4>\n<p>Wyprodukowany z dba\u0142o\u015bci\u0105 o szczeg\u00f3\u0142y, si\u0142ownik HCYY11112023 zosta\u0142 zaprojektowany z my\u015bl\u0105 o pe\u0142nej kompatybilno\u015bci z r\u00f3\u017cnymi modelami d\u017awig\u00f3w samochodowych. Ta precyzja wykonania gwarantuje idealne dopasowanie si\u0142ownika do systemu d\u017awigu, redukuj\u0105c wszelkie luzy i ruchy, kt\u00f3re mog\u0142yby zagrozi\u0107 stabilno\u015bci. Dobrze dopasowany si\u0142ownik minimalizuje ryzyko niestabilno\u015bci spowodowanej lu\u017anymi lub \u017ale ustawionymi elementami, zapewniaj\u0105c p\u0142ynniejsz\u0105 prac\u0119. Ta dba\u0142o\u015b\u0107 o szczeg\u00f3\u0142y poprawia og\u00f3ln\u0105 wydajno\u015b\u0107 d\u017awigu, czyni\u0105c go niezawodnym wyborem dla operator\u00f3w ceni\u0105cych wydajno\u015b\u0107 i bezpiecze\u0144stwo.<\/p>\n<h4><strong>5. Wsparcie podczas ruchu<\/strong><\/h4>\n<p>Podczas manewrowania i regulacji k\u0105t\u00f3w \u017curawi samochodowych podczas podnoszenia, si\u0142ownik HCYY11112023 zapewnia ci\u0105g\u0142e wsparcie, przeciwdzia\u0142aj\u0105c wszelkim si\u0142om, kt\u00f3re mog\u0142yby prowadzi\u0107 do niestabilno\u015bci. To dynamiczne wsparcie jest niezb\u0119dne dla bezpiecznego podnoszenia, szczeg\u00f3lnie podczas poruszania si\u0119 w ciasnych przestrzeniach lub zmiany pozycji \u0142adunku. Zapewniaj\u0105c sta\u0142\u0105 stabilno\u015b\u0107 podczas ca\u0142ego procesu podnoszenia, si\u0142ownik umo\u017cliwia operatorom wykonywanie z\u0142o\u017conych zada\u0144 z precyzj\u0105 i \u0142atwo\u015bci\u0105. Ta funkcja nie tylko poprawia bezpiecze\u0144stwo, ale tak\u017ce zwi\u0119ksza wydajno\u015b\u0107, umo\u017cliwiaj\u0105c szybsz\u0105 realizacj\u0119 projekt\u00f3w.<\/p>\n<p>Podsumowuj\u0105c, si\u0142ownik HCYY11112023 poprawia stabilno\u015b\u0107 d\u017awigu samochodowego dzi\u0119ki zr\u00f3wnowa\u017conemu rozk\u0142adowi masy, solidnej konstrukcji, odporno\u015bci na warunki atmosferyczne, precyzyjnej konstrukcji i dynamicznemu wsparciu podczas ruchu. Te cechy wsp\u00f3\u0142pracuj\u0105 ze sob\u0105, aby zapewni\u0107 bezpieczn\u0105, wydajn\u0105 i niezawodn\u0105 prac\u0119, czyni\u0105c go niezb\u0119dnym elementem ka\u017cdego systemu d\u017awigowego.<\/p>\n<h2><strong>Obszar produkcji cylindr\u00f3w do w\u00f3zk\u00f3w wid\u0142owych:<\/strong><\/h2>\n<h2><img loading=\"lazy\" decoding=\"async\" class=\"alignnone size-full wp-image-16972\" src=\"https:\/\/www.hydraulic-cylinders.net\/wp-content\/uploads\/2025\/01\/hydraulic-cylinder-factory-1-scaled.webp\" alt=\"\" width=\"2016\" height=\"2560\" srcset=\"https:\/\/www.hydraulic-cylinders.net\/wp-content\/uploads\/2025\/01\/hydraulic-cylinder-factory-1-scaled.webp 2016w, https:\/\/www.hydraulic-cylinders.net\/wp-content\/uploads\/2025\/01\/hydraulic-cylinder-factory-1-1280x1625.webp 1280w, https:\/\/www.hydraulic-cylinders.net\/wp-content\/uploads\/2025\/01\/hydraulic-cylinder-factory-1-980x1244.webp 980w, https:\/\/www.hydraulic-cylinders.net\/wp-content\/uploads\/2025\/01\/hydraulic-cylinder-factory-1-480x610.webp 480w\" sizes=\"(min-width: 0px) and (max-width: 480px) 480px, (min-width: 481px) and (max-width: 980px) 980px, (min-width: 981px) and (max-width: 1280px) 1280px, (min-width: 1281px) 2016px, 100vw\" \/><\/h2>\n<p>Dysponujemy najnowocze\u015bniejsz\u0105, niezale\u017cn\u0105 platform\u0105 badawczo-rozwojow\u0105 dedykowan\u0105 monta\u017cowi, co gwarantuje najwy\u017csz\u0105 innowacyjno\u015b\u0107 i jako\u015b\u0107 w naszych procesach produkcyjnych. Nasz zak\u0142ad produkcyjny cylindr\u00f3w do w\u00f3zk\u00f3w wid\u0142owych dysponuje czterema p\u00f3\u0142automatycznymi liniami monta\u017cowymi cylindr\u00f3w podnosz\u0105cych oraz w pe\u0142ni zautomatyzowan\u0105 lini\u0105 monta\u017cow\u0105 cylindr\u00f3w przechylnych, zaprojektowanymi \u0142\u0105cznie z my\u015bl\u0105 o produkcji do miliona sztuk rocznie.<\/p>\n<p>Ponadto, nasz specjalistyczny warsztat produkcji cylindr\u00f3w wyposa\u017cony jest w p\u00f3\u0142automatyczne systemy czyszczenia i monta\u017cu, dostosowane do r\u00f3\u017cnych specyfikacji, o rocznej zdolno\u015bci produkcyjnej 200 000 sztuk. Wykorzystujemy renomowane maszyny CNC, centra obr\u00f3bcze i specjalistyczne narz\u0119dzia do precyzyjnej obr\u00f3bki cylindr\u00f3w. Nasz zak\u0142ad dysponuje r\u00f3wnie\u017c zaawansowanymi zrobotyzowanymi spawarkami, automatycznymi systemami czyszczenia oraz w pe\u0142ni zautomatyzowanymi liniami monta\u017cu i lakierowania cylindr\u00f3w. Dysponuj\u0105c ponad 300 kluczowymi urz\u0105dzeniami, optymalizujemy alokacj\u0119 zasob\u00f3w i zapewniamy efektywne wykorzystanie, spe\u0142niaj\u0105c rygorystyczne standardy precyzji i jako\u015bci.<\/p>\n<p>Nasz zak\u0142ad obr\u00f3bki skrawaniem dysponuje niestandardowymi centrami tokarskimi z prowadnicami uchylnymi, centrami obr\u00f3bczymi, szybkoobrotowymi honownicami, robotami spawalniczymi i innymi niezb\u0119dnymi urz\u0105dzeniami. Taka konfiguracja pozwala nam na obr\u00f3bk\u0119 rur cylindrycznych o maksymalnej \u015brednicy wewn\u0119trznej 400 mm i d\u0142ugo\u015bci do 6 metr\u00f3w, co dodatkowo zwi\u0119ksza nasze mo\u017cliwo\u015bci produkcyjne.<\/p>\n<h2><img loading=\"lazy\" decoding=\"async\" class=\"alignnone size-full wp-image-16973\" src=\"https:\/\/www.hydraulic-cylinders.net\/wp-content\/uploads\/2025\/01\/hydraulic-cylinder-factory-2-scaled.webp\" alt=\"\" width=\"2011\" height=\"2560\" srcset=\"https:\/\/www.hydraulic-cylinders.net\/wp-content\/uploads\/2025\/01\/hydraulic-cylinder-factory-2-scaled.webp 2011w, https:\/\/www.hydraulic-cylinders.net\/wp-content\/uploads\/2025\/01\/hydraulic-cylinder-factory-2-1280x1629.webp 1280w, https:\/\/www.hydraulic-cylinders.net\/wp-content\/uploads\/2025\/01\/hydraulic-cylinder-factory-2-980x1248.webp 980w, https:\/\/www.hydraulic-cylinders.net\/wp-content\/uploads\/2025\/01\/hydraulic-cylinder-factory-2-480x611.webp 480w\" sizes=\"(min-width: 0px) and (max-width: 480px) 480px, (min-width: 481px) and (max-width: 980px) 980px, (min-width: 981px) and (max-width: 1280px) 1280px, (min-width: 1281px) 2011px, 100vw\" \/><\/h2>\n<p>Dysponujemy w pe\u0142ni zautomatyzowan\u0105 lini\u0105 do powlekania farbami wodorozcie\u0144czalnymi, zaprojektowan\u0105 specjalnie do ma\u0142ych i \u015brednich butli, wyposa\u017con\u0105 w zautomatyzowane roboty za\u0142adowcze, roz\u0142adowcze i natryskowe. Ten najnowocze\u015bniejszy system mo\u017ce pochwali\u0107 si\u0119 wydajno\u015bci\u0105 4000 sztuk na zmian\u0119. Dodatkowo, posiadamy p\u00f3\u0142automatyczn\u0105 lini\u0119 do powlekania butli wielkogabarytowych, nap\u0119dzan\u0105 nap\u0119dem \u0142a\u0144cuchowym, o wydajno\u015bci projektowej 60 skrzy\u0144 na zmian\u0119.<\/p>\n<p>Aby poprawi\u0107 wydajno\u015b\u0107 produkt\u00f3w i umocni\u0107 nasz\u0105 pozycj\u0119 lidera w bran\u017cy cylindr\u00f3w hydraulicznych, nawi\u0105zali\u015bmy wsp\u00f3\u0142prac\u0119 z firm\u0105 ZJIMEE w celu utworzenia kompleksowego laboratorium badawczego, dedykowanego cylindrom hydraulicznym, zaworom i pompom. To zaawansowane laboratorium wykorzystuje wspomagane komputerowo testy z wykorzystaniem technologii elektrohydraulicznej, co pozwala na uzyskanie wst\u0119pnie zdefiniowanych warunk\u00f3w testowych, kt\u00f3re poprawiaj\u0105 dok\u0142adno\u015b\u0107 i wszechstronno\u015b\u0107 systemu. Zautomatyzowany proces gromadzenia danych wykorzystuje czujniki do zbierania danych wyj\u015bciowych, takich jak przeciek wewn\u0119trzny i wydajno\u015b\u0107 obci\u0105\u017cenia, kt\u00f3re s\u0105 nast\u0119pnie przetwarzane przez komputer i konwertowane na jednostki standardowe (ml\/min\u207b ...<\/p>\n<p>Ponadto, aby zapewni\u0107 bezpiecze\u0144stwo naszych uk\u0142ad\u00f3w hydraulicznych, wdra\u017camy monitoring stanu kluczowych parametr\u00f3w eksploatacyjnych, takich jak temperatura oleju, poziom cieczy i stan filtr\u00f3w. Nasze stanowisko testowe cylindr\u00f3w hydraulicznych umo\u017cliwia ocen\u0119 \u201esprawno\u015bci obci\u0105\u017ceniowej\u201d i \u201eprzeciek\u00f3w wewn\u0119trznych\u201d poprzez precyzyjne odczyty. Jest ono r\u00f3wnie\u017c wyposa\u017cone w przyrz\u0105d pomiarowy z podzia\u0142k\u0105 kratow\u0105, spe\u0142niaj\u0105cy normy krajowe, co gwarantuje zgodno\u015b\u0107 ze wszystkimi wymogami testowymi dla cylindr\u00f3w hydraulicznych.<\/p>\n<p>&nbsp;<\/p>","protected":false},"excerpt":{"rendered":"<p>HCYY11112023 Cylinder For Frame Support For Truck Cranes The HCYY11112023 Cylinder for Frame Support is vital for enhancing the stability and safety of truck cranes. Engineered for robust performance, this cylinder supports the crane&#8217;s frame during operations, ensuring it maintains structural integrity under various loads. Its reliability makes it an essential component for any fleet [&hellip;]<\/p>","protected":false},"featured_media":17115,"comment_status":"open","ping_status":"closed","template":"","meta":{"_et_pb_use_builder":"","_et_pb_old_content":"","_et_gb_content_width":""},"product_brand":[],"product_cat":[1514,1549,1376],"product_tag":[],"class_list":{"0":"post-17102","1":"product","2":"type-product","3":"status-publish","4":"has-post-thumbnail","6":"product_cat-mobile-crane-hydraulic-cylinders","7":"product_cat-single-acting-hydraulic-cylinder","8":"product_cat-hydraulic-cylinder","10":"first","11":"instock","12":"shipping-taxable","13":"product-type-simple"},"amp_enabled":true,"_links":{"self":[{"href":"https:\/\/www.hydraulic-cylinders.net\/pl\/wp-json\/wp\/v2\/product\/17102","targetHints":{"allow":["GET"]}}],"collection":[{"href":"https:\/\/www.hydraulic-cylinders.net\/pl\/wp-json\/wp\/v2\/product"}],"about":[{"href":"https:\/\/www.hydraulic-cylinders.net\/pl\/wp-json\/wp\/v2\/types\/product"}],"replies":[{"embeddable":true,"href":"https:\/\/www.hydraulic-cylinders.net\/pl\/wp-json\/wp\/v2\/comments?post=17102"}],"wp:featuredmedia":[{"embeddable":true,"href":"https:\/\/www.hydraulic-cylinders.net\/pl\/wp-json\/wp\/v2\/media\/17115"}],"wp:attachment":[{"href":"https:\/\/www.hydraulic-cylinders.net\/pl\/wp-json\/wp\/v2\/media?parent=17102"}],"wp:term":[{"taxonomy":"product_brand","embeddable":true,"href":"https:\/\/www.hydraulic-cylinders.net\/pl\/wp-json\/wp\/v2\/product_brand?post=17102"},{"taxonomy":"product_cat","embeddable":true,"href":"https:\/\/www.hydraulic-cylinders.net\/pl\/wp-json\/wp\/v2\/product_cat?post=17102"},{"taxonomy":"product_tag","embeddable":true,"href":"https:\/\/www.hydraulic-cylinders.net\/pl\/wp-json\/wp\/v2\/product_tag?post=17102"}],"curies":[{"name":"wp","href":"https:\/\/api.w.org\/{rel}","templated":true}]}}