{"id":17103,"date":"2025-02-06T08:21:09","date_gmt":"2025-02-06T08:21:09","guid":{"rendered":"https:\/\/www.hydraulic-cylinders.net\/?post_type=product&#038;p=17103"},"modified":"2025-04-11T01:52:19","modified_gmt":"2025-04-11T01:52:19","slug":"hcyy11112022-cylinder-for-opening-rack-support-for-truck-cranes","status":"publish","type":"product","link":"https:\/\/www.hydraulic-cylinders.net\/pl\/produkt\/hcyy11112022-cylinder-for-opening-rack-support-for-truck-cranes\/","title":{"rendered":"HCYY11112022 Si\u0142ownik do otwierania wspornika z\u0119batki do d\u017awig\u00f3w samochodowych"},"content":{"rendered":"<h1 style=\"text-align: center;\"><strong>HCYY11112022 Si\u0142ownik do otwierania wspornika z\u0119batki do d\u017awig\u00f3w samochodowych<\/strong><\/h1>\n<h1 style=\"text-align: center;\"><img loading=\"lazy\" decoding=\"async\" class=\"alignnone size-full wp-image-17105\" src=\"https:\/\/www.hydraulic-cylinders.net\/wp-content\/uploads\/2025\/02\/hcyy11112022-cylinder-for-opening-rack-support-2.webp\" alt=\"\" width=\"1496\" height=\"516\" srcset=\"https:\/\/www.hydraulic-cylinders.net\/wp-content\/uploads\/2025\/02\/hcyy11112022-cylinder-for-opening-rack-support-2.webp 1496w, https:\/\/www.hydraulic-cylinders.net\/wp-content\/uploads\/2025\/02\/hcyy11112022-cylinder-for-opening-rack-support-2-1280x441.webp 1280w, https:\/\/www.hydraulic-cylinders.net\/wp-content\/uploads\/2025\/02\/hcyy11112022-cylinder-for-opening-rack-support-2-980x338.webp 980w, https:\/\/www.hydraulic-cylinders.net\/wp-content\/uploads\/2025\/02\/hcyy11112022-cylinder-for-opening-rack-support-2-480x166.webp 480w\" sizes=\"(min-width: 0px) and (max-width: 480px) 480px, (min-width: 481px) and (max-width: 980px) 980px, (min-width: 981px) and (max-width: 1280px) 1280px, (min-width: 1281px) 1496px, 100vw\" \/><\/h1>\n<p>Ten <strong>HCYY11112022 Cylinder<\/strong> to kluczowy element zaprojektowany specjalnie do d\u017awig\u00f3w samochodowych, znacz\u0105co poprawiaj\u0105cy ich wydajno\u015b\u0107 operacyjn\u0105 i bezpiecze\u0144stwo. Ten si\u0142ownik wspomaga mechanizm otwierania z\u0119batki, umo\u017cliwiaj\u0105c p\u0142ynny i niezawodny ruch konstrukcji d\u017awigu podczas r\u00f3\u017cnych zada\u0144 podnoszenia.<\/p>\n<p>Zaprojektowany z my\u015bl\u0105 o zwi\u0119kszeniu wydajno\u015bci i bezpiecze\u0144stwa podnoszenia, si\u0142ownik HCYY11112022 charakteryzuje si\u0119 solidn\u0105 konstrukcj\u0105 i wysok\u0105 wydajno\u015bci\u0105. Prosty proces monta\u017cu pozwala operatorom pewnie wykonywa\u0107 r\u00f3\u017cnorodne zadania zwi\u0105zane z podnoszeniem.<\/p>\n<p>Regularna konserwacja i prawid\u0142owe u\u017cytkowanie s\u0105 niezb\u0119dne, aby zapewni\u0107 niezawodno\u015b\u0107 si\u0142ownika HCYY11112022 w operacjach d\u017awigowych. Inwestuj\u0105c w ten si\u0142ownik, zwi\u0119kszasz mo\u017cliwo\u015bci swojego d\u017awigu, co przek\u0142ada si\u0119 na wzrost wydajno\u015bci i bezpiecze\u0144stwa na placu budowy. Zwi\u0119ksz wydajno\u015b\u0107 swoich operacji dzi\u0119ki si\u0142ownikowi HCYY11112022 ju\u017c dzi\u015b.<\/p>\n<h2><strong>HCYY11112022 Si\u0142ownik do otwierania wspornika rega\u0142u dla d\u017awig\u00f3w samochodowych Parametr:<\/strong><\/h2>\n<h1 style=\"text-align: center;\"><img loading=\"lazy\" decoding=\"async\" class=\"alignnone size-full wp-image-17104\" src=\"https:\/\/www.hydraulic-cylinders.net\/wp-content\/uploads\/2025\/02\/hcyy11112022-cylinder-for-opening-rack-support-1.webp\" alt=\"\" width=\"1516\" height=\"149\" srcset=\"https:\/\/www.hydraulic-cylinders.net\/wp-content\/uploads\/2025\/02\/hcyy11112022-cylinder-for-opening-rack-support-1.webp 1516w, https:\/\/www.hydraulic-cylinders.net\/wp-content\/uploads\/2025\/02\/hcyy11112022-cylinder-for-opening-rack-support-1-1280x126.webp 1280w, https:\/\/www.hydraulic-cylinders.net\/wp-content\/uploads\/2025\/02\/hcyy11112022-cylinder-for-opening-rack-support-1-980x96.webp 980w, https:\/\/www.hydraulic-cylinders.net\/wp-content\/uploads\/2025\/02\/hcyy11112022-cylinder-for-opening-rack-support-1-480x47.webp 480w\" sizes=\"(min-width: 0px) and (max-width: 480px) 480px, (min-width: 481px) and (max-width: 980px) 980px, (min-width: 981px) and (max-width: 1280px) 1280px, (min-width: 1281px) 1516px, 100vw\" \/><img loading=\"lazy\" decoding=\"async\" class=\"alignnone size-full wp-image-17106\" src=\"https:\/\/www.hydraulic-cylinders.net\/wp-content\/uploads\/2025\/02\/hcyy11112022-cylinder-for-opening-rack-support-3.webp\" alt=\"\" width=\"1475\" height=\"709\" srcset=\"https:\/\/www.hydraulic-cylinders.net\/wp-content\/uploads\/2025\/02\/hcyy11112022-cylinder-for-opening-rack-support-3.webp 1475w, https:\/\/www.hydraulic-cylinders.net\/wp-content\/uploads\/2025\/02\/hcyy11112022-cylinder-for-opening-rack-support-3-1280x615.webp 1280w, https:\/\/www.hydraulic-cylinders.net\/wp-content\/uploads\/2025\/02\/hcyy11112022-cylinder-for-opening-rack-support-3-980x471.webp 980w, https:\/\/www.hydraulic-cylinders.net\/wp-content\/uploads\/2025\/02\/hcyy11112022-cylinder-for-opening-rack-support-3-480x231.webp 480w\" sizes=\"(min-width: 0px) and (max-width: 480px) 480px, (min-width: 481px) and (max-width: 980px) 980px, (min-width: 981px) and (max-width: 1280px) 1280px, (min-width: 1281px) 1475px, 100vw\" \/> <img loading=\"lazy\" decoding=\"async\" class=\"alignnone size-full wp-image-17107\" src=\"https:\/\/www.hydraulic-cylinders.net\/wp-content\/uploads\/2025\/02\/hcyy11112022-cylinder-for-opening-rack-support-4.webp\" alt=\"\" width=\"1477\" height=\"710\" srcset=\"https:\/\/www.hydraulic-cylinders.net\/wp-content\/uploads\/2025\/02\/hcyy11112022-cylinder-for-opening-rack-support-4.webp 1477w, https:\/\/www.hydraulic-cylinders.net\/wp-content\/uploads\/2025\/02\/hcyy11112022-cylinder-for-opening-rack-support-4-1280x615.webp 1280w, https:\/\/www.hydraulic-cylinders.net\/wp-content\/uploads\/2025\/02\/hcyy11112022-cylinder-for-opening-rack-support-4-980x471.webp 980w, https:\/\/www.hydraulic-cylinders.net\/wp-content\/uploads\/2025\/02\/hcyy11112022-cylinder-for-opening-rack-support-4-480x231.webp 480w\" sizes=\"(min-width: 0px) and (max-width: 480px) 480px, (min-width: 481px) and (max-width: 980px) 980px, (min-width: 981px) and (max-width: 1280px) 1280px, (min-width: 1281px) 1477px, 100vw\" \/> <img loading=\"lazy\" decoding=\"async\" class=\"alignnone size-full wp-image-17108\" src=\"https:\/\/www.hydraulic-cylinders.net\/wp-content\/uploads\/2025\/02\/hcyy11112022-cylinder-for-opening-rack-support-5.webp\" alt=\"\" width=\"1324\" height=\"665\" srcset=\"https:\/\/www.hydraulic-cylinders.net\/wp-content\/uploads\/2025\/02\/hcyy11112022-cylinder-for-opening-rack-support-5.webp 1324w, https:\/\/www.hydraulic-cylinders.net\/wp-content\/uploads\/2025\/02\/hcyy11112022-cylinder-for-opening-rack-support-5-1280x643.webp 1280w, https:\/\/www.hydraulic-cylinders.net\/wp-content\/uploads\/2025\/02\/hcyy11112022-cylinder-for-opening-rack-support-5-980x492.webp 980w, https:\/\/www.hydraulic-cylinders.net\/wp-content\/uploads\/2025\/02\/hcyy11112022-cylinder-for-opening-rack-support-5-480x241.webp 480w\" sizes=\"(min-width: 0px) and (max-width: 480px) 480px, (min-width: 481px) and (max-width: 980px) 980px, (min-width: 981px) and (max-width: 1280px) 1280px, (min-width: 1281px) 1324px, 100vw\" \/><\/h1>\n<h2><strong>Seria cylindr\u00f3w do d\u017awig\u00f3w samochodowych:<\/strong><\/h2>\n<h2><img loading=\"lazy\" decoding=\"async\" class=\"alignnone size-full wp-image-17099\" src=\"https:\/\/www.hydraulic-cylinders.net\/wp-content\/uploads\/2025\/02\/cylinder-series-for-truck-cranes-1.webp\" alt=\"\" width=\"1246\" height=\"671\" srcset=\"https:\/\/www.hydraulic-cylinders.net\/wp-content\/uploads\/2025\/02\/cylinder-series-for-truck-cranes-1.webp 1246w, https:\/\/www.hydraulic-cylinders.net\/wp-content\/uploads\/2025\/02\/cylinder-series-for-truck-cranes-1-980x528.webp 980w, https:\/\/www.hydraulic-cylinders.net\/wp-content\/uploads\/2025\/02\/cylinder-series-for-truck-cranes-1-480x258.webp 480w\" sizes=\"(min-width: 0px) and (max-width: 480px) 480px, (min-width: 481px) and (max-width: 980px) 980px, (min-width: 981px) 1246px, 100vw\" \/><\/h2>\n<h2><strong>G\u0142\u00f3wne cechy cylindra HCYY11112022 do otwierania wspornik\u00f3w rega\u0142\u00f3w w d\u017awigach samochodowych:<\/strong><\/h2>\n<p>Ten <strong>HCYY11112022 Cylinder<\/strong> to niezb\u0119dny element zaprojektowany specjalnie do d\u017awig\u00f3w samochodowych, zapewniaj\u0105cy znaczn\u0105 popraw\u0119 wydajno\u015bci operacyjnej i bezpiecze\u0144stwa. Ten zaawansowany si\u0142ownik odgrywa kluczow\u0105 rol\u0119 we wspieraniu mechanizmu otwierania z\u0119batki, co jest kluczowe dla zapewnienia p\u0142ynnego i niezawodnego ruchu konstrukcji d\u017awigu podczas r\u00f3\u017cnorodnych zada\u0144 podnoszenia.<\/p>\n<h4><strong>Zwi\u0119kszona wydajno\u015b\u0107 i bezpiecze\u0144stwo<\/strong><\/h4>\n<p>Precyzyjnie zaprojektowany si\u0142ownik HCYY11112022 maksymalizuje zar\u00f3wno wydajno\u015b\u0107 podnoszenia, jak i bezpiecze\u0144stwo. Jego solidna konstrukcja wytrzymuje du\u017ce obci\u0105\u017cenia i trudne warunki, zapewniaj\u0105c p\u0142ynn\u0105 prac\u0119 \u017curawia nawet pod du\u017cym ci\u015bnieniem. Ta niezawodno\u015b\u0107 przek\u0142ada si\u0119 na lepsz\u0105 wydajno\u015b\u0107 na placu budowy, umo\u017cliwiaj\u0105c operatorom szybkie i efektywne wykonywanie zada\u0144, minimalizuj\u0105c jednocze\u015bnie ryzyko wypadk\u00f3w.<\/p>\n<h4><strong>Usprawniony proces instalacji<\/strong><\/h4>\n<p>Jedn\u0105 z wyr\u00f3\u017cniaj\u0105cych cech modelu HCYY11112022 jest jego prosty proces instalacji. Operatorzy mog\u0105 z \u0142atwo\u015bci\u0105 zamontowa\u0107 cylinder bez konieczno\u015bci specjalistycznego szkolenia i narz\u0119dzi. Ta \u0142atwo\u015b\u0107 instalacji nie tylko oszcz\u0119dza czas, ale tak\u017ce pozwala operatorom pewnie wykonywa\u0107 szereg zada\u0144 zwi\u0105zanych z podnoszeniem. Po zamontowaniu cylindra u\u017cytkownicy mog\u0105 skupi\u0107 si\u0119 na swojej pracy, zamiast martwi\u0107 si\u0119 o wydajno\u015b\u0107 sprz\u0119tu.<\/p>\n<h4><strong>Znaczenie regularnej konserwacji<\/strong><\/h4>\n<p>Aby zapewni\u0107 niezawodno\u015b\u0107 \u017curawia HCYY11112022, niezb\u0119dna jest regularna konserwacja i prawid\u0142owe u\u017cytkowanie. Rutynowe przegl\u0105dy pomagaj\u0105 zidentyfikowa\u0107 potencjalne problemy, zanim si\u0119 nasil\u0105, umo\u017cliwiaj\u0105c terminowe naprawy. Utrzymywanie cylindra w czysto\u015bci i odpowiednim smarowaniu zapobiega jego zu\u017cyciu, zapewniaj\u0105c jego d\u0142ugotrwa\u0142\u0105 funkcjonalno\u015b\u0107. Dobrze utrzymany cylinder nie tylko zwi\u0119ksza wydajno\u015b\u0107, ale tak\u017ce wyd\u0142u\u017ca \u017cywotno\u015b\u0107 \u017curawia, co czyni go m\u0105dr\u0105 inwestycj\u0105 w ka\u017cdym zastosowaniu.<\/p>\n<h4><strong>Zwi\u0119kszanie produktywno\u015bci i bezpiecze\u0144stwa<\/strong><\/h4>\n<p>Inwestycja w si\u0142ownik HCYY11112022 oznacza zwi\u0119kszenie mo\u017cliwo\u015bci d\u017awigu, co przek\u0142ada si\u0119 na wzrost wydajno\u015bci i bezpiecze\u0144stwa na placu budowy. Dzi\u0119ki temu niezawodnemu komponentowi operatorzy mog\u0105 pewnie wykonywa\u0107 wymagaj\u0105ce zadania zwi\u0105zane z podnoszeniem, wiedz\u0105c, \u017ce maj\u0105 niezb\u0119dne wsparcie. Rezultatem jest bezpieczniejsze \u015brodowisko pracy, w kt\u00f3rym ryzyko jest minimalizowane, a wydajno\u015b\u0107 maksymalizowana.<\/p>\n<p>Podnie\u015b poziom swoich operacji dzi\u0119ki si\u0142ownikowi HCYY11112022 ju\u017c dzi\u015b. Integruj\u0105c ten wysokiej jako\u015bci komponent z d\u017awigiem samochodowym, nie tylko zwi\u0119kszasz jego wydajno\u015b\u0107, ale tak\u017ce zapewniasz bezpieczniejsze i wydajniejsze \u015brodowisko pracy. Po\u0142\u0105czenie solidnej konstrukcji, \u0142atwo\u015bci monta\u017cu i znaczenia konserwacji sprawia, \u017ce \u200b\u200bHCYY11112022 to inteligentny wyb\u00f3r dla ka\u017cdego operatora d\u017awigu, kt\u00f3ry chce zwi\u0119kszy\u0107 wydajno\u015b\u0107 i bezpiecze\u0144stwo na placu budowy. Nie przegap okazji, aby zwi\u0119kszy\u0107 mo\u017cliwo\u015bci swojego d\u017awigu \u2014 zainwestuj w si\u0142ownik HCYY11112022 ju\u017c teraz.<\/p>\n<h2><strong>Jakie czynno\u015bci konserwacyjne s\u0105 niezb\u0119dne w przypadku cylindra Hcyy11112022 do otwierania wspornika z\u0119batki?<\/strong><\/h2>\n<div id=\"message-340223452933\" class=\"ChatMessage_chatMessage__xkgHx\" data-complete=\"true\">\n<div class=\"ChatMessage_messageRow__DHlnq\">\n<div class=\"ChatMessage_messageWrapper__4Ugd6\">\n<div class=\"Message_rowWithFooter__FShU6\">\n<div class=\"Message_row__ug_UU\">\n<div class=\"Message_messageBubbleWrapper__sEq8z\">\n<div class=\"Message_leftSideMessageBubble__VPdk6\">\n<div class=\"Message_messageTextContainer__w64Sc\">\n<div>\n<div class=\"Markdown_markdownContainer__Tz3HQ\">\n<p>Aby zapewni\u0107 optymaln\u0105 wydajno\u015b\u0107 <strong>HCYY11112022 Cylinder do otwierania wspornika z\u0119batki<\/strong> w przypadku d\u017awig\u00f3w samochodowych nale\u017cy wzi\u0105\u0107 pod uwag\u0119 nast\u0119puj\u0105ce podstawowe praktyki konserwacyjne:<\/p>\n<h4><strong>1. Regularne kontrole<\/strong><\/h4>\n<p>Regularne kontrole s\u0105 kluczem do proaktywnej konserwacji. Zaplanuj rutynowe kontrole, aby wykry\u0107 oznaki zu\u017cycia, nieszczelno\u015bci lub uszkodze\u0144 cylindra i otaczaj\u0105cych go element\u00f3w. Wczesne wykrycie problem\u00f3w mo\u017ce zapobiec kosztownym naprawom i zapewni\u0107 bezpieczn\u0105 eksploatacj\u0119. U\u017cyj listy kontrolnej, aby \u015bledzi\u0107 wyniki kontroli, u\u0142atwiaj\u0105c identyfikacj\u0119 wzorc\u00f3w lub powtarzaj\u0105cych si\u0119 problem\u00f3w.<\/p>\n<h4><strong>2. Smarowanie<\/strong><\/h4>\n<p>Prawid\u0142owe smarowanie jest kluczowe dla zmniejszenia tarcia i wyd\u0142u\u017cenia \u017cywotno\u015bci cylindra i jego ruchomych cz\u0119\u015bci. U\u017cywaj smaru zalecanego przez producenta i nak\u0142adaj go na newralgiczne miejsca, takie jak t\u0142oczysko i przeguby. Ustal harmonogram smarowania, aby zapewni\u0107 jego sp\u00f3jno\u015b\u0107. Dobrze nasmarowany cylinder dzia\u0142a p\u0142ynnie, zwi\u0119kszaj\u0105c wydajno\u015b\u0107 i zmniejszaj\u0105c ryzyko awarii mechanicznej.<\/p>\n<h4><strong>3. Kontrola p\u0142ynu hydraulicznego<\/strong><\/h4>\n<p>Jako\u015b\u0107 p\u0142ynu hydraulicznego ma kluczowe znaczenie dla dzia\u0142ania cylindra. Regularnie monitoruj poziom p\u0142ynu i sprawdzaj go pod k\u0105tem zanieczyszcze\u0144 lub degradacji. Je\u015bli p\u0142yn wydaje si\u0119 zabrudzony lub ma nieprzyjemny zapach, czas go wymieni\u0107. Utrzymywanie czystego i odpowiedniego poziomu p\u0142ynu hydraulicznego nie tylko wspomaga wydajn\u0105 prac\u0119, ale tak\u017ce chroni ca\u0142y uk\u0142ad hydrauliczny przed uszkodzeniem.<\/p>\n<h4><strong>4. Dokr\u0119canie \u015brub i \u0142\u0105cznik\u00f3w<\/strong><\/h4>\n<p>Zapewnienie bezpiecze\u0144stwa wszystkich po\u0142\u0105cze\u0144 jest kluczowe dla zapobiegania wyciekom i zachowania integralno\u015bci konstrukcyjnej. Regularnie sprawdzaj i dokr\u0119caj \u015bruby i z\u0142\u0105czki, szczeg\u00f3lnie po intensywnym u\u017cytkowaniu lub po wszelkich regulacjach. Ten prosty krok mo\u017ce znacznie poprawi\u0107 bezpiecze\u0144stwo i wydajno\u015b\u0107, poniewa\u017c lu\u017ane elementy mog\u0105 prowadzi\u0107 do powa\u017cnych awarii.<\/p>\n<h4><strong>5. Czyszczenie<\/strong><\/h4>\n<p>Utrzymywanie cylindra i jego podzespo\u0142\u00f3w w czysto\u015bci jest kluczowe dla zapobiegania uszkodzeniom. Regularnie przecieraj powierzchnie, aby usun\u0105\u0107 brud, kurz i zanieczyszczenia, kt\u00f3re mog\u0105 powodowa\u0107 zu\u017cycie. Czyste \u015brodowisko pracy nie tylko poprawia widoczno\u015b\u0107 podczas inspekcji, ale tak\u017ce pomaga w identyfikacji potencjalnych problem\u00f3w, zanim si\u0119 nasil\u0105.<\/p>\n<h4><strong>6. Testowanie funkcjonalno\u015bci<\/strong><\/h4>\n<p>Okresowe testowanie dzia\u0142ania si\u0142ownika jest kluczowe dla zapewnienia jego prawid\u0142owej i wydajnej reakcji. Przeprowadzaj testy funkcjonalno\u015bci, aby obserwowa\u0107 zachowanie si\u0142ownika pod obci\u0105\u017ceniem i podczas ruchu. To proaktywne podej\u015bcie mo\u017ce ujawni\u0107 wszelkie nieprawid\u0142owo\u015bci w dzia\u0142aniu, umo\u017cliwiaj\u0105c ich rozwi\u0105zanie, zanim wp\u0142yn\u0105 na wydajno\u015b\u0107.<\/p>\n<h4><strong>7. Dokumentacja<\/strong><\/h4>\n<p>Prowadzenie szczeg\u00f3\u0142owej dokumentacji wszystkich czynno\u015bci konserwacyjnych jest niezb\u0119dne do monitorowania stanu technicznego cylindra na przestrzeni czasu. Dokumentuj przegl\u0105dy, smarowania, wymiany p\u0142yn\u00f3w i naprawy. Informacje te mog\u0105 pom\u00f3c w identyfikacji trend\u00f3w, u\u0142atwiaj\u0105c przewidywanie przysz\u0142ych potrzeb konserwacyjnych i gwarantuj\u0105c, \u017ce nic nie zostanie pomini\u0119te.<\/p>\n<p>Przestrzegaj\u0105c tych zasad, mo\u017cesz wyd\u0142u\u017cy\u0107 \u017cywotno\u015b\u0107 i zwi\u0119kszy\u0107 niezawodno\u015b\u0107 cylindra HCYY11112022, zapewniaj\u0105c bezpieczn\u0105 i wydajn\u0105 prac\u0119 d\u017awigu. Regularna konserwacja nie tylko chroni Twoj\u0105 inwestycj\u0119, ale tak\u017ce sprzyja bezpieczniejszym warunkom pracy dla wszystkich zaanga\u017cowanych.<\/p>\n<\/div>\n<\/div>\n<\/div>\n<\/div>\n<\/div>\n<\/div>\n<\/div>\n<\/div>\n<\/div>\n<\/div>\n<h2><strong>Obszar produkcji cylindr\u00f3w do w\u00f3zk\u00f3w wid\u0142owych:<\/strong><\/h2>\n<h2><img loading=\"lazy\" decoding=\"async\" class=\"alignnone size-full wp-image-16972\" src=\"https:\/\/www.hydraulic-cylinders.net\/wp-content\/uploads\/2025\/01\/hydraulic-cylinder-factory-1-scaled.webp\" alt=\"\" width=\"2016\" height=\"2560\" srcset=\"https:\/\/www.hydraulic-cylinders.net\/wp-content\/uploads\/2025\/01\/hydraulic-cylinder-factory-1-scaled.webp 2016w, https:\/\/www.hydraulic-cylinders.net\/wp-content\/uploads\/2025\/01\/hydraulic-cylinder-factory-1-1280x1625.webp 1280w, https:\/\/www.hydraulic-cylinders.net\/wp-content\/uploads\/2025\/01\/hydraulic-cylinder-factory-1-980x1244.webp 980w, https:\/\/www.hydraulic-cylinders.net\/wp-content\/uploads\/2025\/01\/hydraulic-cylinder-factory-1-480x610.webp 480w\" sizes=\"(min-width: 0px) and (max-width: 480px) 480px, (min-width: 481px) and (max-width: 980px) 980px, (min-width: 981px) and (max-width: 1280px) 1280px, (min-width: 1281px) 2016px, 100vw\" \/><\/h2>\n<p>Dysponujemy najnowocze\u015bniejsz\u0105, niezale\u017cn\u0105 platform\u0105 badawczo-rozwojow\u0105 dedykowan\u0105 monta\u017cowi, co gwarantuje najwy\u017csz\u0105 innowacyjno\u015b\u0107 i jako\u015b\u0107 w naszych procesach produkcyjnych. Nasz zak\u0142ad produkcyjny cylindr\u00f3w do w\u00f3zk\u00f3w wid\u0142owych dysponuje czterema p\u00f3\u0142automatycznymi liniami monta\u017cowymi cylindr\u00f3w podnosz\u0105cych oraz w pe\u0142ni zautomatyzowan\u0105 lini\u0105 monta\u017cow\u0105 cylindr\u00f3w przechylnych, zaprojektowanymi \u0142\u0105cznie z my\u015bl\u0105 o produkcji do miliona sztuk rocznie.<\/p>\n<p>Ponadto, nasz specjalistyczny warsztat produkcji cylindr\u00f3w wyposa\u017cony jest w p\u00f3\u0142automatyczne systemy czyszczenia i monta\u017cu, dostosowane do r\u00f3\u017cnych specyfikacji, o rocznej zdolno\u015bci produkcyjnej 200 000 sztuk. Wykorzystujemy renomowane maszyny CNC, centra obr\u00f3bcze i specjalistyczne narz\u0119dzia do precyzyjnej obr\u00f3bki cylindr\u00f3w. Nasz zak\u0142ad dysponuje r\u00f3wnie\u017c zaawansowanymi zrobotyzowanymi spawarkami, automatycznymi systemami czyszczenia oraz w pe\u0142ni zautomatyzowanymi liniami monta\u017cu i lakierowania cylindr\u00f3w. Dysponuj\u0105c ponad 300 kluczowymi urz\u0105dzeniami, optymalizujemy alokacj\u0119 zasob\u00f3w i zapewniamy efektywne wykorzystanie, spe\u0142niaj\u0105c rygorystyczne standardy precyzji i jako\u015bci.<\/p>\n<p>Nasz zak\u0142ad obr\u00f3bki skrawaniem dysponuje niestandardowymi centrami tokarskimi z prowadnicami uchylnymi, centrami obr\u00f3bczymi, szybkoobrotowymi honownicami, robotami spawalniczymi i innymi niezb\u0119dnymi urz\u0105dzeniami. Taka konfiguracja pozwala nam na obr\u00f3bk\u0119 rur cylindrycznych o maksymalnej \u015brednicy wewn\u0119trznej 400 mm i d\u0142ugo\u015bci do 6 metr\u00f3w, co dodatkowo zwi\u0119ksza nasze mo\u017cliwo\u015bci produkcyjne.<\/p>\n<h2><img loading=\"lazy\" decoding=\"async\" class=\"alignnone size-full wp-image-16973\" src=\"https:\/\/www.hydraulic-cylinders.net\/wp-content\/uploads\/2025\/01\/hydraulic-cylinder-factory-2-scaled.webp\" alt=\"\" width=\"2011\" height=\"2560\" srcset=\"https:\/\/www.hydraulic-cylinders.net\/wp-content\/uploads\/2025\/01\/hydraulic-cylinder-factory-2-scaled.webp 2011w, https:\/\/www.hydraulic-cylinders.net\/wp-content\/uploads\/2025\/01\/hydraulic-cylinder-factory-2-1280x1629.webp 1280w, https:\/\/www.hydraulic-cylinders.net\/wp-content\/uploads\/2025\/01\/hydraulic-cylinder-factory-2-980x1248.webp 980w, https:\/\/www.hydraulic-cylinders.net\/wp-content\/uploads\/2025\/01\/hydraulic-cylinder-factory-2-480x611.webp 480w\" sizes=\"(min-width: 0px) and (max-width: 480px) 480px, (min-width: 481px) and (max-width: 980px) 980px, (min-width: 981px) and (max-width: 1280px) 1280px, (min-width: 1281px) 2011px, 100vw\" \/><\/h2>\n<p>Dysponujemy w pe\u0142ni zautomatyzowan\u0105 lini\u0105 do powlekania farbami wodorozcie\u0144czalnymi, zaprojektowan\u0105 specjalnie do ma\u0142ych i \u015brednich butli, wyposa\u017con\u0105 w zautomatyzowane roboty za\u0142adowcze, roz\u0142adowcze i natryskowe. Ten najnowocze\u015bniejszy system mo\u017ce pochwali\u0107 si\u0119 wydajno\u015bci\u0105 4000 sztuk na zmian\u0119. Dodatkowo, posiadamy p\u00f3\u0142automatyczn\u0105 lini\u0119 do powlekania butli wielkogabarytowych, nap\u0119dzan\u0105 nap\u0119dem \u0142a\u0144cuchowym, o wydajno\u015bci projektowej 60 skrzy\u0144 na zmian\u0119.<\/p>\n<p>Aby poprawi\u0107 wydajno\u015b\u0107 produkt\u00f3w i umocni\u0107 nasz\u0105 pozycj\u0119 lidera w bran\u017cy cylindr\u00f3w hydraulicznych, nawi\u0105zali\u015bmy wsp\u00f3\u0142prac\u0119 z firm\u0105 ZJIMEE w celu utworzenia kompleksowego laboratorium badawczego, dedykowanego cylindrom hydraulicznym, zaworom i pompom. To zaawansowane laboratorium wykorzystuje wspomagane komputerowo testy z wykorzystaniem technologii elektrohydraulicznej, co pozwala na uzyskanie wst\u0119pnie zdefiniowanych warunk\u00f3w testowych, kt\u00f3re poprawiaj\u0105 dok\u0142adno\u015b\u0107 i wszechstronno\u015b\u0107 systemu. Zautomatyzowany proces gromadzenia danych wykorzystuje czujniki do zbierania danych wyj\u015bciowych, takich jak przeciek wewn\u0119trzny i wydajno\u015b\u0107 obci\u0105\u017cenia, kt\u00f3re s\u0105 nast\u0119pnie przetwarzane przez komputer i konwertowane na jednostki standardowe (ml\/min\u207b ...<\/p>\n<p>Ponadto, aby zapewni\u0107 bezpiecze\u0144stwo naszych uk\u0142ad\u00f3w hydraulicznych, wdra\u017camy monitoring stanu kluczowych parametr\u00f3w eksploatacyjnych, takich jak temperatura oleju, poziom cieczy i stan filtr\u00f3w. Nasze stanowisko testowe cylindr\u00f3w hydraulicznych umo\u017cliwia ocen\u0119 \u201esprawno\u015bci obci\u0105\u017ceniowej\u201d i \u201eprzeciek\u00f3w wewn\u0119trznych\u201d poprzez precyzyjne odczyty. Jest ono r\u00f3wnie\u017c wyposa\u017cone w przyrz\u0105d pomiarowy z podzia\u0142k\u0105 kratow\u0105, spe\u0142niaj\u0105cy normy krajowe, co gwarantuje zgodno\u015b\u0107 ze wszystkimi wymogami testowymi dla cylindr\u00f3w hydraulicznych.<\/p>\n<p>&nbsp;<\/p>","protected":false},"excerpt":{"rendered":"<p>HCYY11112022 Cylinder For Opening Rack Support For Truck Cranes The HCYY11112022 Cylinder is a crucial component specifically engineered for truck cranes, significantly improving their operational efficiency and safety. This cylinder supports the opening rack mechanism, facilitating smooth and reliable movement of the crane&#8217;s structure during various lifting tasks. Designed to enhance both lifting efficiency and [&hellip;]<\/p>","protected":false},"featured_media":17109,"comment_status":"open","ping_status":"closed","template":"","meta":{"_et_pb_use_builder":"","_et_pb_old_content":"","_et_gb_content_width":""},"product_brand":[],"product_cat":[1514,1549,1376],"product_tag":[],"class_list":{"0":"post-17103","1":"product","2":"type-product","3":"status-publish","4":"has-post-thumbnail","6":"product_cat-mobile-crane-hydraulic-cylinders","7":"product_cat-single-acting-hydraulic-cylinder","8":"product_cat-hydraulic-cylinder","10":"first","11":"instock","12":"shipping-taxable","13":"product-type-simple"},"amp_enabled":true,"_links":{"self":[{"href":"https:\/\/www.hydraulic-cylinders.net\/pl\/wp-json\/wp\/v2\/product\/17103","targetHints":{"allow":["GET"]}}],"collection":[{"href":"https:\/\/www.hydraulic-cylinders.net\/pl\/wp-json\/wp\/v2\/product"}],"about":[{"href":"https:\/\/www.hydraulic-cylinders.net\/pl\/wp-json\/wp\/v2\/types\/product"}],"replies":[{"embeddable":true,"href":"https:\/\/www.hydraulic-cylinders.net\/pl\/wp-json\/wp\/v2\/comments?post=17103"}],"wp:featuredmedia":[{"embeddable":true,"href":"https:\/\/www.hydraulic-cylinders.net\/pl\/wp-json\/wp\/v2\/media\/17109"}],"wp:attachment":[{"href":"https:\/\/www.hydraulic-cylinders.net\/pl\/wp-json\/wp\/v2\/media?parent=17103"}],"wp:term":[{"taxonomy":"product_brand","embeddable":true,"href":"https:\/\/www.hydraulic-cylinders.net\/pl\/wp-json\/wp\/v2\/product_brand?post=17103"},{"taxonomy":"product_cat","embeddable":true,"href":"https:\/\/www.hydraulic-cylinders.net\/pl\/wp-json\/wp\/v2\/product_cat?post=17103"},{"taxonomy":"product_tag","embeddable":true,"href":"https:\/\/www.hydraulic-cylinders.net\/pl\/wp-json\/wp\/v2\/product_tag?post=17103"}],"curies":[{"name":"wp","href":"https:\/\/api.w.org\/{rel}","templated":true}]}}