{"id":17147,"date":"2025-02-07T06:47:22","date_gmt":"2025-02-07T06:47:22","guid":{"rendered":"https:\/\/www.hydraulic-cylinders.net\/?post_type=product&#038;p=17147"},"modified":"2025-04-15T05:52:21","modified_gmt":"2025-04-15T05:52:21","slug":"wind-power-series-cylinders","status":"publish","type":"product","link":"https:\/\/www.hydraulic-cylinders.net\/pl\/produkt\/wind-power-series-cylinders\/","title":{"rendered":"Cylindry serii Wind Power"},"content":{"rendered":"<h1 style=\"text-align: center;\"><strong>Cylindry serii Wind Power<\/strong><\/h1>\n<h1 style=\"text-align: center;\">\u00a0<img loading=\"lazy\" decoding=\"async\" class=\"alignnone size-full wp-image-17149\" src=\"https:\/\/www.hydraulic-cylinders.net\/wp-content\/uploads\/2025\/02\/wind_power_series_cylinders-1-removebg-preview.webp\" alt=\"\" width=\"644\" height=\"644\" srcset=\"https:\/\/www.hydraulic-cylinders.net\/wp-content\/uploads\/2025\/02\/wind_power_series_cylinders-1-removebg-preview.webp 644w, https:\/\/www.hydraulic-cylinders.net\/wp-content\/uploads\/2025\/02\/wind_power_series_cylinders-1-removebg-preview-480x480.webp 480w\" sizes=\"(min-width: 0px) and (max-width: 480px) 480px, (min-width: 481px) 644px, 100vw\" \/><\/h1>\n<p>Ten <strong>Cylindry serii Wind Power<\/strong> zosta\u0142y zaprojektowane specjalnie dla sektora energetyki wiatrowej, zapewniaj\u0105c niezawodn\u0105 i wydajn\u0105 prac\u0119 w r\u00f3\u017cnych zastosowaniach. Cylindry te odgrywaj\u0105 kluczow\u0105 rol\u0119 w sterowaniu mechanizmami wykorzystuj\u0105cymi energi\u0119 wiatru, znacz\u0105co zwi\u0119kszaj\u0105c wydajno\u015b\u0107 i efektywno\u015b\u0107 turbin wiatrowych. Wykonane z precyzj\u0105 i zbudowane tak, aby sprosta\u0107 rygorom bran\u017cy, spe\u0142niaj\u0105 wysokie wymagania tej dynamicznie rozwijaj\u0105cej si\u0119 bran\u017cy.<\/p>\n<p>Oferuj\u0105c po\u0142\u0105czenie trwa\u0142o\u015bci, wydajno\u015bci i \u0142atwo\u015bci u\u017cytkowania, cylindry z serii Wind Power wyr\u00f3\u017cniaj\u0105 si\u0119 jako niezawodny wyb\u00f3r dla zastosowa\u0144 w energetyce wiatrowej. Ich wysoka no\u015bno\u015b\u0107 i odporno\u015b\u0107 na korozj\u0119 sprawiaj\u0105, \u017ce idealnie sprawdzaj\u0105 si\u0119 w trudnych warunkach eksploatacji turbin wiatrowych. Przestrzegaj\u0105c zalecanych zasad u\u017cytkowania i konserwacji, operatorzy mog\u0105 zapewni\u0107 optymaln\u0105 wydajno\u015b\u0107 tych cylindr\u00f3w przez lata. Inwestycja w te cylindry nie tylko poprawia niezawodno\u015b\u0107 system\u00f3w energetyki wiatrowej, ale tak\u017ce wspiera zr\u00f3wnowa\u017con\u0105 przysz\u0142o\u015b\u0107.<\/p>\n<h2><strong>Parametry cylindr\u00f3w serii Wind Power:<\/strong><\/h2>\n<h2><img loading=\"lazy\" decoding=\"async\" class=\"alignnone size-full wp-image-17148\" style=\"color: #666666; font-size: 14px;\" src=\"https:\/\/www.hydraulic-cylinders.net\/wp-content\/uploads\/2025\/02\/wind-power-series-cylinders-2.webp\" alt=\"\" width=\"1394\" height=\"731\" srcset=\"https:\/\/www.hydraulic-cylinders.net\/wp-content\/uploads\/2025\/02\/wind-power-series-cylinders-2.webp 1394w, https:\/\/www.hydraulic-cylinders.net\/wp-content\/uploads\/2025\/02\/wind-power-series-cylinders-2-1280x671.webp 1280w, https:\/\/www.hydraulic-cylinders.net\/wp-content\/uploads\/2025\/02\/wind-power-series-cylinders-2-980x514.webp 980w, https:\/\/www.hydraulic-cylinders.net\/wp-content\/uploads\/2025\/02\/wind-power-series-cylinders-2-480x252.webp 480w\" sizes=\"(min-width: 0px) and (max-width: 480px) 480px, (min-width: 481px) and (max-width: 980px) 980px, (min-width: 981px) and (max-width: 1280px) 1280px, (min-width: 1281px) 1394px, 100vw\" \/><\/h2>\n<p>\u00b7Tryb cylindra: HCYY11112028<br \/>\n\u00b7Ci\u015bnienie robocze: 16MPa<br \/>\n\u00b7Maksymalne ci\u015bnienie wytrzymywane: 25 MPa<br \/>\n\u00b7\u015arednica rury cylindrycznej: 100 mm<br \/>\n\u00b7\u015arednica t\u0142oczyska: 50 mm<br \/>\n\u00b7\u015arednica sworznia: 150 mm<br \/>\n\u00b7Wyj\u015bcie: 80 mm<br \/>\n\u00b7D\u0142ugo\u015b\u0107 cylindra: 855 mm<br \/>\n\u00b7Waga: 140 kg<\/p>\n<h2><strong>G\u0142\u00f3wne cechy cylindr\u00f3w serii Wind Power:<\/strong><\/h2>\n<h4><strong>Wysoka \u0142adowno\u015b\u0107<\/strong><\/h4>\n<p>Cylindry z serii Wind Power wyr\u00f3\u017cniaj\u0105 si\u0119 wysok\u0105 wytrzyma\u0142o\u015bci\u0105, co jest kluczowe w wymagaj\u0105cych zastosowaniach w energetyce wiatrowej. Ich solidna konstrukcja gwarantuje niezawodn\u0105 prac\u0119 w trudnych warunkach, takich jak silny wiatr czy ekstremalne warunki pogodowe. Ta cecha nie tylko zwi\u0119ksza wydajno\u015b\u0107 turbin wiatrowych, ale tak\u017ce daje operatorom pewno\u015b\u0107, \u017ce ich sprz\u0119t jest w stanie ud\u017awign\u0105\u0107 znaczn\u0105 mas\u0119 bez uszczerbku dla bezpiecze\u0144stwa i wydajno\u015bci.<\/p>\n<h4><strong>Trwa\u0142a konstrukcja<\/strong><\/h4>\n<p>Wykonane z materia\u0142\u00f3w najwy\u017cszej jako\u015bci, te cylindry zosta\u0142y zaprojektowane tak, aby by\u0142y odporne na zu\u017cycie i uszkodzenia z up\u0142ywem czasu. Ich trwa\u0142a konstrukcja znacznie ogranicza konieczno\u015b\u0107 cz\u0119stej wymiany, co czyni je op\u0142acalnym wyborem w przypadku d\u0142ugotrwa\u0142ej eksploatacji. Niezale\u017cnie od tego, czy s\u0105 nara\u017cone na trudne warunki \u015brodowiskowe, czy trudy codziennego u\u017cytkowania, cylindry zachowuj\u0105 swoj\u0105 integralno\u015b\u0107, zapewniaj\u0105c p\u0142ynn\u0105 i wydajn\u0105 prac\u0119 system\u00f3w energetyki wiatrowej.<\/p>\n<h4><strong>Odporno\u015b\u0107 na korozj\u0119<\/strong><\/h4>\n<p>Wyposa\u017cone w specjalistyczn\u0105 pow\u0142ok\u0119, cylindry s\u0105 odporne na rdz\u0119 i uszkodzenia \u015brodowiskowe. Ta odporno\u015b\u0107 na korozj\u0119 jest szczeg\u00f3lnie wa\u017cna w zastosowaniach zewn\u0119trznych, gdzie nara\u017cenie na wilgo\u0107, s\u00f3l i inne agresywne czynniki mo\u017ce prowadzi\u0107 do pogorszenia stanu. Chroni\u0105c cylindry przed korozj\u0105, ta funkcja nie tylko wyd\u0142u\u017ca ich \u017cywotno\u015b\u0107, ale tak\u017ce minimalizuje nak\u0142ady na konserwacj\u0119, pozwalaj\u0105c operatorom skupi\u0107 si\u0119 na maksymalizacji produkcji energii.<\/p>\n<h4><strong>In\u017cynieria precyzyjna<\/strong><\/h4>\n<p>Wyprodukowane zgodnie z precyzyjnymi specyfikacjami, cylindry serii Wind Power gwarantuj\u0105 bezproblemow\u0105 kompatybilno\u015b\u0107 z r\u00f3\u017cnymi modelami turbin wiatrowych. Ta precyzyjna konstrukcja pozwala na \u0142atw\u0105 instalacj\u0119 i integracj\u0119 z istniej\u0105cymi systemami, zmniejszaj\u0105c ryzyko problem\u00f3w eksploatacyjnych. Dzi\u0119ki tym cylindrom operatorzy mog\u0105 cieszy\u0107 si\u0119 spokojem ducha, wiedz\u0105c, \u017ce u\u017cywaj\u0105 komponent\u00f3w zaprojektowanych z my\u015bl\u0105 o optymalnym dzia\u0142aniu w ramach konkretnych konfiguracji turbin.<\/p>\n<h4><strong>\u0141atwa instalacja<\/strong><\/h4>\n<p>Zaprojektowane z my\u015bl\u0105 o wygodzie u\u017cytkownika, cylindry umo\u017cliwiaj\u0105 szybk\u0105 i bezproblemow\u0105 instalacj\u0119. Ich intuicyjna konstrukcja minimalizuje przestoje podczas konfiguracji, umo\u017cliwiaj\u0105c operatorom szybkie uruchomienie system\u00f3w. Ta \u0142atwo\u015b\u0107 instalacji nie tylko zwi\u0119ksza wydajno\u015b\u0107 operacyjn\u0105, ale tak\u017ce pozwala na szybsz\u0105 reakcj\u0119 na potrzeby konserwacyjne, zapewniaj\u0105c sta\u0142\u0105 wydajno\u015b\u0107 system\u00f3w energetyki wiatrowej.<\/p>\n<p>Dzi\u0119ki podkre\u015bleniu tych cech cylindry serii HCYY11112028 przeznaczone do energetyki wiatrowej zapewniaj\u0105 wyj\u0105tkow\u0105 wydajno\u015b\u0107, kt\u00f3ra spe\u0142nia zmieniaj\u0105ce si\u0119 wymagania sektora energetyki wiatrowej.<\/p>\n<h2><strong>W jaki spos\u00f3b odporno\u015b\u0107 na korozj\u0119 cylindr\u00f3w stosowanych w elektrowniach wiatrowych wp\u0142ywa na ich wydajno\u015b\u0107 w warunkach zewn\u0119trznych?<\/strong><\/h2>\n<p>Oczywi\u015bcie! Oto bardziej wci\u0105gaj\u0105ce i szczeg\u00f3\u0142owe om\u00f3wienie tego, jak odporno\u015b\u0107 na korozj\u0119 cylindr\u00f3w z serii Wind Power poprawia ich wydajno\u015b\u0107 w warunkach zewn\u0119trznych:<\/p>\n<h4><strong>1. D\u0142ugowieczno\u015b\u0107<\/strong><\/h4>\n<p>Specjalistyczna, odporna na korozj\u0119 pow\u0142oka cylindr\u00f3w stanowi skuteczn\u0105 barier\u0119 zabezpieczaj\u0105c\u0105 przed rdz\u0105 i niszczeniem. Ta warstwa ochronna jest szczeg\u00f3lnie cenna w \u015brodowiskach, w kt\u00f3rych wyst\u0119puje wilgo\u0107, mg\u0142a solna i wahania temperatury. Znacznie wyd\u0142u\u017caj\u0105c \u017cywotno\u015b\u0107 cylindr\u00f3w, operatorzy mog\u0105 cieszy\u0107 si\u0119 spokojem ducha wynikaj\u0105cym z pewno\u015bci, \u017ce ich inwestycja przetrwa pr\u00f3b\u0119 czasu, umo\u017cliwiaj\u0105c d\u0142ugotrwa\u0142\u0105 i nieprzerwan\u0105 prac\u0119 w terenie.<\/p>\n<h4><strong>2. Zmniejszona konserwacja<\/strong><\/h4>\n<p>Jedn\u0105 z najwi\u0119kszych zalet odporno\u015bci na korozj\u0119 jest znaczne ograniczenie wymaga\u0144 konserwacyjnych. Dzi\u0119ki mniejszej podatno\u015bci cylindr\u00f3w na rdzewienie i zu\u017cycie, operatorzy mog\u0105 przeznacza\u0107 mniej zasob\u00f3w \u2013 zar\u00f3wno czasu, jak i pieni\u0119dzy \u2013 na konserwacj\u0119. Taka efektywno\u015b\u0107 oznacza, \u017ce \u200b\u200bzespo\u0142y konserwacyjne mog\u0105 skupi\u0107 si\u0119 na innych kluczowych aspektach eksploatacji turbiny wiatrowej, zwi\u0119kszaj\u0105c og\u00f3ln\u0105 wydajno\u015b\u0107. W rezultacie system energetyki wiatrowej mo\u017ce dzia\u0142a\u0107 p\u0142ynniej, maksymalizuj\u0105c wydajno\u015b\u0107 energetyczn\u0105 bez ci\u0105g\u0142ego ryzyka awarii podzespo\u0142\u00f3w.<\/p>\n<h4><strong>3. Sta\u0142a wydajno\u015b\u0107<\/strong><\/h4>\n<p>Korozja mo\u017ce z czasem os\u0142abia\u0107 materia\u0142y, prowadz\u0105c do nieprawid\u0142owo\u015bci w dzia\u0142aniu, kt\u00f3re mog\u0105 zak\u0142\u00f3ci\u0107 produkcj\u0119 energii. Cylindry, wzmocnione antykorozyjnie, zachowuj\u0105 integralno\u015b\u0107 strukturaln\u0105 i spe\u0142niaj\u0105 standardy wydajno\u015bci nawet w najtrudniejszych warunkach zewn\u0119trznych. Ta niezawodno\u015b\u0107 gwarantuje wydajn\u0105 prac\u0119 turbin, przek\u0142adaj\u0105c\u0105 si\u0119 na optymalne wytwarzanie energii. Operatorzy mog\u0105 oczekiwa\u0107 stabilnej wydajno\u015bci, kt\u00f3ra jest niezb\u0119dna do zaspokojenia zapotrzebowania na energi\u0119 i osi\u0105gni\u0119cia cel\u00f3w zr\u00f3wnowa\u017conego rozwoju.<\/p>\n<h4><strong>4. Bezpiecze\u0144stwo<\/strong><\/h4>\n<p>Bezpiecze\u0144stwo jest priorytetem w ka\u017cdym \u015brodowisku przemys\u0142owym, a ryzyko awarii spowodowanej korozj\u0105 to problem, kt\u00f3rego nie mo\u017cna ignorowa\u0107. Cylindry pomagaj\u0105 ograniczy\u0107 to ryzyko, zachowuj\u0105c wytrzyma\u0142o\u015b\u0107 i funkcjonalno\u015b\u0107 w trudnych warunkach. Zapobiegaj\u0105c awariom zwi\u0105zanym z korozj\u0105, cylindry te przyczyniaj\u0105 si\u0119 do bezpieczniejszego \u015brodowiska pracy zar\u00f3wno dla personelu, jak i sprz\u0119tu. Nacisk na bezpiecze\u0144stwo sprzyja kulturze niezawodno\u015bci i zaufania w sektorze energetyki wiatrowej.<\/p>\n<h4><strong>5. Op\u0142acalno\u015b\u0107<\/strong><\/h4>\n<p>Inwestycja w butle odporne na korozj\u0119 to nie tylko kwestia natychmiastowej wydajno\u015bci, ale tak\u017ce d\u0142ugoterminowej oszcz\u0119dno\u015bci finansowej. Trwa\u0142o\u015b\u0107 i ograniczone potrzeby konserwacyjne butli przek\u0142adaj\u0105 si\u0119 na znaczne oszcz\u0119dno\u015bci w d\u0142u\u017cszej perspektywie. Operatorzy mog\u0105 unikn\u0105\u0107 wydatk\u00f3w zwi\u0105zanych z cz\u0119stymi wymianami i naprawami, co pozwala na lepsz\u0105 alokacj\u0119 \u015brodk\u00f3w bud\u017cetowych. Ta op\u0142acalno\u015b\u0107 sprawia, \u017ce \u200b\u200bbutle te stanowi\u0105 atrakcyjn\u0105 opcj\u0119 dla firm, kt\u00f3re chc\u0105 zoptymalizowa\u0107 swoje bud\u017cety operacyjne, zapewniaj\u0105c jednocze\u015bnie niezawodn\u0105 produkcj\u0119 energii.<\/p>\n<p>Podsumowuj\u0105c, odporno\u015b\u0107 na korozj\u0119 cylindr\u00f3w serii Wind Power to co\u015b wi\u0119cej ni\u017c tylko cecha \u2013 to kluczowy atrybut, kt\u00f3ry wyd\u0142u\u017ca \u017cywotno\u015b\u0107, ogranicza konserwacj\u0119, zapewnia sta\u0142\u0105 wydajno\u015b\u0107, zwi\u0119ksza bezpiecze\u0144stwo i zapewnia op\u0142acalno\u015b\u0107. Te korzy\u015bci \u0142\u0105cznie przyczyniaj\u0105 si\u0119 do bardziej efektywnego i zr\u00f3wnowa\u017conego podej\u015bcia do wykorzystania energii wiatrowej, czyni\u0105c te cylindry niezast\u0105pionym wyborem w bran\u017cy.<\/p>\n<h2><strong>Obszar produkcji cylindr\u00f3w do w\u00f3zk\u00f3w wid\u0142owych:<\/strong><\/h2>\n<h2><img loading=\"lazy\" decoding=\"async\" class=\"alignnone size-full wp-image-16972\" src=\"https:\/\/www.hydraulic-cylinders.net\/wp-content\/uploads\/2025\/01\/hydraulic-cylinder-factory-1-scaled.webp\" alt=\"\" width=\"2016\" height=\"2560\" srcset=\"https:\/\/www.hydraulic-cylinders.net\/wp-content\/uploads\/2025\/01\/hydraulic-cylinder-factory-1-scaled.webp 2016w, https:\/\/www.hydraulic-cylinders.net\/wp-content\/uploads\/2025\/01\/hydraulic-cylinder-factory-1-1280x1625.webp 1280w, https:\/\/www.hydraulic-cylinders.net\/wp-content\/uploads\/2025\/01\/hydraulic-cylinder-factory-1-980x1244.webp 980w, https:\/\/www.hydraulic-cylinders.net\/wp-content\/uploads\/2025\/01\/hydraulic-cylinder-factory-1-480x610.webp 480w\" sizes=\"(min-width: 0px) and (max-width: 480px) 480px, (min-width: 481px) and (max-width: 980px) 980px, (min-width: 981px) and (max-width: 1280px) 1280px, (min-width: 1281px) 2016px, 100vw\" \/><\/h2>\n<p>Dysponujemy najnowocze\u015bniejsz\u0105, niezale\u017cn\u0105 platform\u0105 badawczo-rozwojow\u0105 dedykowan\u0105 monta\u017cowi, co gwarantuje najwy\u017csz\u0105 innowacyjno\u015b\u0107 i jako\u015b\u0107 w naszych procesach produkcyjnych. Nasz zak\u0142ad produkcyjny cylindr\u00f3w do w\u00f3zk\u00f3w wid\u0142owych dysponuje czterema p\u00f3\u0142automatycznymi liniami monta\u017cowymi cylindr\u00f3w podnosz\u0105cych oraz w pe\u0142ni zautomatyzowan\u0105 lini\u0105 monta\u017cow\u0105 cylindr\u00f3w przechylnych, zaprojektowanymi \u0142\u0105cznie z my\u015bl\u0105 o produkcji do miliona sztuk rocznie.<\/p>\n<p>Ponadto, nasz specjalistyczny warsztat produkcji cylindr\u00f3w wyposa\u017cony jest w p\u00f3\u0142automatyczne systemy czyszczenia i monta\u017cu, dostosowane do r\u00f3\u017cnych specyfikacji, o rocznej zdolno\u015bci produkcyjnej 200 000 sztuk. Wykorzystujemy renomowane maszyny CNC, centra obr\u00f3bcze i specjalistyczne narz\u0119dzia do precyzyjnej obr\u00f3bki cylindr\u00f3w. Nasz zak\u0142ad dysponuje r\u00f3wnie\u017c zaawansowanymi zrobotyzowanymi spawarkami, automatycznymi systemami czyszczenia oraz w pe\u0142ni zautomatyzowanymi liniami monta\u017cu i lakierowania cylindr\u00f3w. Dysponuj\u0105c ponad 300 kluczowymi urz\u0105dzeniami, optymalizujemy alokacj\u0119 zasob\u00f3w i zapewniamy efektywne wykorzystanie, spe\u0142niaj\u0105c rygorystyczne standardy precyzji i jako\u015bci.<\/p>\n<p>Nasz zak\u0142ad obr\u00f3bki skrawaniem dysponuje niestandardowymi centrami tokarskimi z prowadnicami uchylnymi, centrami obr\u00f3bczymi, szybkoobrotowymi honownicami, robotami spawalniczymi i innymi niezb\u0119dnymi urz\u0105dzeniami. Taka konfiguracja pozwala nam na obr\u00f3bk\u0119 rur cylindrycznych o maksymalnej \u015brednicy wewn\u0119trznej 400 mm i d\u0142ugo\u015bci do 6 metr\u00f3w, co dodatkowo zwi\u0119ksza nasze mo\u017cliwo\u015bci produkcyjne.<\/p>\n<h2><img loading=\"lazy\" decoding=\"async\" class=\"alignnone size-full wp-image-16973\" src=\"https:\/\/www.hydraulic-cylinders.net\/wp-content\/uploads\/2025\/01\/hydraulic-cylinder-factory-2-scaled.webp\" alt=\"\" width=\"2011\" height=\"2560\" srcset=\"https:\/\/www.hydraulic-cylinders.net\/wp-content\/uploads\/2025\/01\/hydraulic-cylinder-factory-2-scaled.webp 2011w, https:\/\/www.hydraulic-cylinders.net\/wp-content\/uploads\/2025\/01\/hydraulic-cylinder-factory-2-1280x1629.webp 1280w, https:\/\/www.hydraulic-cylinders.net\/wp-content\/uploads\/2025\/01\/hydraulic-cylinder-factory-2-980x1248.webp 980w, https:\/\/www.hydraulic-cylinders.net\/wp-content\/uploads\/2025\/01\/hydraulic-cylinder-factory-2-480x611.webp 480w\" sizes=\"(min-width: 0px) and (max-width: 480px) 480px, (min-width: 481px) and (max-width: 980px) 980px, (min-width: 981px) and (max-width: 1280px) 1280px, (min-width: 1281px) 2011px, 100vw\" \/><\/h2>\n<p>Dysponujemy w pe\u0142ni zautomatyzowan\u0105 lini\u0105 do powlekania farbami wodorozcie\u0144czalnymi, zaprojektowan\u0105 specjalnie do ma\u0142ych i \u015brednich butli, wyposa\u017con\u0105 w zautomatyzowane roboty za\u0142adowcze, roz\u0142adowcze i natryskowe. Ten najnowocze\u015bniejszy system mo\u017ce pochwali\u0107 si\u0119 wydajno\u015bci\u0105 4000 sztuk na zmian\u0119. Dodatkowo, posiadamy p\u00f3\u0142automatyczn\u0105 lini\u0119 do powlekania butli wielkogabarytowych, nap\u0119dzan\u0105 nap\u0119dem \u0142a\u0144cuchowym, o wydajno\u015bci projektowej 60 skrzy\u0144 na zmian\u0119.<\/p>\n<p>Aby poprawi\u0107 wydajno\u015b\u0107 produkt\u00f3w i umocni\u0107 nasz\u0105 pozycj\u0119 lidera w bran\u017cy cylindr\u00f3w hydraulicznych, nawi\u0105zali\u015bmy wsp\u00f3\u0142prac\u0119 z firm\u0105 ZJIMEE w celu utworzenia kompleksowego laboratorium badawczego, dedykowanego cylindrom hydraulicznym, zaworom i pompom. To zaawansowane laboratorium wykorzystuje wspomagane komputerowo testy z wykorzystaniem technologii elektrohydraulicznej, co pozwala na uzyskanie wst\u0119pnie zdefiniowanych warunk\u00f3w testowych, kt\u00f3re poprawiaj\u0105 dok\u0142adno\u015b\u0107 i wszechstronno\u015b\u0107 systemu. Zautomatyzowany proces gromadzenia danych wykorzystuje czujniki do zbierania danych wyj\u015bciowych, takich jak przeciek wewn\u0119trzny i wydajno\u015b\u0107 obci\u0105\u017cenia, kt\u00f3re s\u0105 nast\u0119pnie przetwarzane przez komputer i konwertowane na jednostki standardowe (ml\/min\u207b ...<\/p>\n<p>Ponadto, aby zapewni\u0107 bezpiecze\u0144stwo naszych uk\u0142ad\u00f3w hydraulicznych, wdra\u017camy monitoring stanu kluczowych parametr\u00f3w eksploatacyjnych, takich jak temperatura oleju, poziom cieczy i stan filtr\u00f3w. Nasze stanowisko testowe cylindr\u00f3w hydraulicznych umo\u017cliwia ocen\u0119 \u201esprawno\u015bci obci\u0105\u017ceniowej\u201d i \u201eprzeciek\u00f3w wewn\u0119trznych\u201d poprzez precyzyjne odczyty. Jest ono r\u00f3wnie\u017c wyposa\u017cone w przyrz\u0105d pomiarowy z podzia\u0142k\u0105 kratow\u0105, spe\u0142niaj\u0105cy normy krajowe, co gwarantuje zgodno\u015b\u0107 ze wszystkimi wymogami testowymi dla cylindr\u00f3w hydraulicznych.<\/p>\n<p>&nbsp;<\/p>","protected":false},"excerpt":{"rendered":"<p>Wind Power Series Cylinders \u00a0 The Wind Power Series Cylinders are specifically engineered for the wind energy sector, delivering reliable and efficient performance across various applications. These cylinders play a vital role in controlling the mechanisms that harness wind energy, significantly enhancing the efficiency and effectiveness of wind turbines. Crafted with precision and built to [&hellip;]<\/p>","protected":false},"featured_media":17150,"comment_status":"open","ping_status":"closed","template":"","meta":{"_et_pb_use_builder":"","_et_pb_old_content":"","_et_gb_content_width":""},"product_brand":[],"product_cat":[1552,1513,1376],"product_tag":[],"class_list":{"0":"post-17147","1":"product","2":"type-product","3":"status-publish","4":"has-post-thumbnail","6":"product_cat-stainless-steel-hydraulic-cylinder","7":"product_cat-wind-turbine-hydraulic-cylinders","8":"product_cat-hydraulic-cylinder","10":"first","11":"instock","12":"shipping-taxable","13":"product-type-simple"},"amp_enabled":true,"_links":{"self":[{"href":"https:\/\/www.hydraulic-cylinders.net\/pl\/wp-json\/wp\/v2\/product\/17147","targetHints":{"allow":["GET"]}}],"collection":[{"href":"https:\/\/www.hydraulic-cylinders.net\/pl\/wp-json\/wp\/v2\/product"}],"about":[{"href":"https:\/\/www.hydraulic-cylinders.net\/pl\/wp-json\/wp\/v2\/types\/product"}],"replies":[{"embeddable":true,"href":"https:\/\/www.hydraulic-cylinders.net\/pl\/wp-json\/wp\/v2\/comments?post=17147"}],"wp:featuredmedia":[{"embeddable":true,"href":"https:\/\/www.hydraulic-cylinders.net\/pl\/wp-json\/wp\/v2\/media\/17150"}],"wp:attachment":[{"href":"https:\/\/www.hydraulic-cylinders.net\/pl\/wp-json\/wp\/v2\/media?parent=17147"}],"wp:term":[{"taxonomy":"product_brand","embeddable":true,"href":"https:\/\/www.hydraulic-cylinders.net\/pl\/wp-json\/wp\/v2\/product_brand?post=17147"},{"taxonomy":"product_cat","embeddable":true,"href":"https:\/\/www.hydraulic-cylinders.net\/pl\/wp-json\/wp\/v2\/product_cat?post=17147"},{"taxonomy":"product_tag","embeddable":true,"href":"https:\/\/www.hydraulic-cylinders.net\/pl\/wp-json\/wp\/v2\/product_tag?post=17147"}],"curies":[{"name":"wp","href":"https:\/\/api.w.org\/{rel}","templated":true}]}}