{"id":1721,"date":"2023-10-12T01:06:01","date_gmt":"2023-10-12T01:06:01","guid":{"rendered":"https:\/\/hydraulic-cylinders.net\/?post_type=product&#038;p=1721"},"modified":"2025-04-11T05:06:33","modified_gmt":"2025-04-11T05:06:33","slug":"electric-furnace-mast-cylinder","status":"publish","type":"product","link":"https:\/\/www.hydraulic-cylinders.net\/pl\/produkt\/electric-furnace-mast-cylinder\/","title":{"rendered":"Cylinder masztu pieca elektrycznego"},"content":{"rendered":"<h1 style=\"text-align: center;\"><strong>Cylinder masztu pieca elektrycznego<\/strong><\/h1>\n<p><img loading=\"lazy\" decoding=\"async\" class=\"aligncenter wp-image-1722\" src=\"https:\/\/hydraulic-cylinders.net\/wp-content\/uploads\/2023\/10\/mast-cylinder-1-2-300x300.webp\" alt=\"\" width=\"400\" height=\"400\" \/><\/p>\n<p>Si\u0142ownik masztu pieca elektrycznego to najnowocze\u015bniejszy produkt zaprojektowany w celu zwi\u0119kszenia wydajno\u015bci i efektywno\u015bci piec\u00f3w przemys\u0142owych. Dzi\u0119ki zaawansowanym funkcjom i solidnej konstrukcji, si\u0142ownik ten oferuje precyzyjn\u0105 kontrol\u0119 i niezawodn\u0105 obs\u0142ug\u0119 podnoszenia i opuszczania maszt\u00f3w pieca.<\/p>\n<p>Si\u0142ownik masztu pieca elektrycznego to niezawodne i wydajne rozwi\u0105zanie do podnoszenia i opuszczania maszt\u00f3w pieca w zastosowaniach przemys\u0142owych. Jego solidna konstrukcja, du\u017cy ud\u017awig, precyzyjne sterowanie i nap\u0119d elektryczny zapewniaj\u0105 lepsz\u0105 obs\u0142ug\u0119 materia\u0142\u00f3w, usprawniony przep\u0142yw pracy i zwi\u0119kszon\u0105 wydajno\u015b\u0107. Optymaln\u0105 wydajno\u015b\u0107 i trwa\u0142o\u015b\u0107 mo\u017cna zapewni\u0107, przestrzegaj\u0105c zalecanych metod u\u017cytkowania i konserwacji. W\u0142\u0105cz si\u0142ownik masztu pieca elektrycznego do swojego pieca przemys\u0142owego, aby do\u015bwiadczy\u0107 korzy\u015bci p\u0142yn\u0105cych z precyzyjnej kontroli i sprawnej regulacji masztu.<\/p>\n<p>Kluczowe cechy cylindra masztu pieca elektrycznego:<\/p>\n<ol>\n<li>Solidna konstrukcja:<\/li>\n<\/ol>\n<ul>\n<li>Cylinder masztu pieca elektrycznego wykonany jest z materia\u0142\u00f3w najwy\u017cszej jako\u015bci, co gwarantuje trwa\u0142o\u015b\u0107 i d\u0142ugowieczno\u015b\u0107 nawet w trudnych warunkach przemys\u0142owych.<\/li>\n<li>Solidna konstrukcja pozwala mu wytrzyma\u0107 du\u017ce obci\u0105\u017cenia i zachowa\u0107 optymaln\u0105 wydajno\u015b\u0107 przez d\u0142ugi czas.<\/li>\n<\/ul>\n<ol start=\"2\">\n<li>Wysoka \u0142adowno\u015b\u0107:<\/li>\n<\/ol>\n<ul>\n<li>Ten cylinder charakteryzuje si\u0119 du\u017cym ud\u017awigiem, dzi\u0119ki czemu nadaje si\u0119 do bezproblemowego podnoszenia i opuszczania maszt\u00f3w pieca.<\/li>\n<li>Imponuj\u0105ca si\u0142a podnoszenia umo\u017cliwia sprawne przenoszenie materia\u0142\u00f3w i podnosi og\u00f3ln\u0105 wydajno\u015b\u0107 pracy.<\/li>\n<\/ul>\n<ol start=\"3\">\n<li>Precyzyjna kontrola:<\/li>\n<\/ol>\n<ul>\n<li>Si\u0142ownik masztu pieca elektrycznego umo\u017cliwia precyzyjn\u0105 kontrol\u0119 po\u0142o\u017cenia, co pozwala na dok\u0142adn\u0105 regulacj\u0119 wysoko\u015bci masztu pieca.<\/li>\n<li>Zaawansowany system sterowania gwarantuje p\u0142ynne i kontrolowane ruchy, minimalizuj\u0105c b\u0142\u0119dy i optymalizuj\u0105c wydajno\u015b\u0107 operacyjn\u0105.<\/li>\n<\/ul>\n<ol start=\"4\">\n<li>Nap\u0119d elektryczny:<\/li>\n<\/ol>\n<ul>\n<li>Si\u0142ownik ten dzia\u0142a na energi\u0119 elektryczn\u0105, co eliminuje potrzeb\u0119 r\u0119cznego podnoszenia lub stosowania skomplikowanych uk\u0142ad\u00f3w hydraulicznych.<\/li>\n<li>Nap\u0119d elektryczny zapewnia wygod\u0119, szybko\u015b\u0107 i precyzyjn\u0105 kontrol\u0119, usprawniaj\u0105c prac\u0119 pieca i skracaj\u0105c przestoje.<\/li>\n<\/ul>\n<h2><strong>Parametry cylindra masztu pieca elektrycznego:<\/strong><\/h2>\n<table border=\"1\" cellspacing=\"0\" cellpadding=\"0\">\n<tbody>\n<tr>\n<td>Nazwa produktu<\/td>\n<td>Cylinder masztu pieca elektrycznego<\/td>\n<\/tr>\n<tr>\n<td>\u015arednica otworu:<\/td>\n<td>300 mm<\/td>\n<\/tr>\n<tr>\n<td>\u015arednica pr\u0119ta:<\/td>\n<td>230 mm<\/td>\n<\/tr>\n<tr>\n<td>Ci\u015bnienie:<\/td>\n<td>14 MPa<\/td>\n<\/tr>\n<tr>\n<td>Si\u0142a ci\u0105gu:<\/td>\n<td>Maksymalnie 581 kN<\/td>\n<\/tr>\n<tr>\n<td>Zastosowania cylindra masztu pieca elektrycznego:<\/td>\n<td>Piec elektryczny<\/td>\n<\/tr>\n<\/tbody>\n<\/table>\n<div><\/div>\n<div class=\"txtboxR\">\n<div class=\"txtboxL\">\n<div class=\"txtboxL\">\n<div class=\"txtboxL\">\n<div class=\"txtboxL\">\n<div class=\"txtboxL\">\n<div class=\"txtboxL\">Si\u0142a ci\u0105gu:<\/div>\n<div class=\"txtboxR\">Maksymalnie 581 kN (\u015brednica otworu: 300 mm\/\u015brednica pr\u0119ta: 230\/ci\u015bnienie 14 MPa)<\/div>\n<\/div>\n<\/div>\n<\/div>\n<\/div>\n<\/div>\n<\/div>\n<h2><strong>Piec elektryczny <\/strong><strong> Fabryka cylindr\u00f3w:<\/strong><\/h2>\n<p><img loading=\"lazy\" decoding=\"async\" class=\"alignnone wp-image-1697 size-full\" src=\"https:\/\/hydraulic-cylinders.net\/wp-content\/uploads\/2023\/10\/filter-press-cylinder-1.webp\" alt=\"\" width=\"1418\" height=\"946\" srcset=\"https:\/\/hydraulic-cylinders.net\/wp-content\/uploads\/2023\/10\/filter-press-cylinder-1.webp 1418w, https:\/\/hydraulic-cylinders.net\/wp-content\/uploads\/2023\/10\/filter-press-cylinder-1-1280x854.webp 1280w, https:\/\/hydraulic-cylinders.net\/wp-content\/uploads\/2023\/10\/filter-press-cylinder-1-980x654.webp 980w, https:\/\/hydraulic-cylinders.net\/wp-content\/uploads\/2023\/10\/filter-press-cylinder-1-480x320.webp 480w\" sizes=\"(min-width: 0px) and (max-width: 480px) 480px, (min-width: 481px) and (max-width: 980px) 980px, (min-width: 981px) and (max-width: 1280px) 1280px, (min-width: 1281px) 1418px, 100vw\" \/><\/p>\n<h2><strong>Spos\u00f3b u\u017cycia cylindra masztowego pieca elektrycznego<\/strong><strong>:<\/strong><\/h2>\n<ol>\n<li><strong>Instalacja:<\/strong><\/li>\n<\/ol>\n<ul>\n<li>Zamontuj cylinder masztu pieca elektrycznego w spos\u00f3b bezpieczny na konstrukcji pieca, post\u0119puj\u0105c zgodnie z wytycznymi producenta.<\/li>\n<li>Nale\u017cy zadba\u0107 o w\u0142a\u015bciwe ustawienie i zamocowanie, aby zachowa\u0107 stabilno\u015b\u0107 i bezpiecze\u0144stwo podczas pracy.<\/li>\n<\/ul>\n<ol start=\"2\">\n<li><strong>Pod\u0142\u0105czenie elektryczne:<\/strong><\/li>\n<\/ol>\n<ul>\n<li>Pod\u0142\u0105cz cylinder masztu pieca elektrycznego do \u017ar\u00f3d\u0142a zasilania, stosuj\u0105c si\u0119 do norm elektrycznych i przepis\u00f3w bezpiecze\u0144stwa.<\/li>\n<li>Aby zapobiec zagro\u017ceniom lub awariom, nale\u017cy upewni\u0107 si\u0119, \u017ce wszystkie po\u0142\u0105czenia elektryczne s\u0105 solidne i zaizolowane.<\/li>\n<\/ul>\n<ol start=\"3\">\n<li><strong>Podnoszenie i opuszczanie:<\/strong><\/li>\n<\/ol>\n<ul>\n<li>Aktywuj cylinder masztu pieca elektrycznego za pomoc\u0105 przeznaczonego do tego celu panelu sterowania lub prze\u0142\u0105cznika przeznaczonego do obs\u0142ugi masztu.<\/li>\n<li>Si\u0142ownik p\u0142ynnie i precyzyjnie podnosi lub opuszcza maszt pieca zgodnie z Twoimi wymaganiami.<\/li>\n<li>Uwa\u017cnie obserwuj proces podnoszenia i opuszczania, aby precyzyjnie uzyska\u0107 \u017c\u0105dan\u0105 wysoko\u015b\u0107 lub pozycj\u0119.<\/li>\n<\/ul>\n<ol start=\"4\">\n<li><strong>Integracja z systemami sterowania:<\/strong><\/li>\n<\/ol>\n<ul>\n<li>Bezproblemowa integracja cylindra masztu pieca elektrycznego z istniej\u0105cymi systemami sterowania pieca w celu zapewnienia zsynchronizowanej pracy.<\/li>\n<li>Aby zapewni\u0107 prawid\u0142ow\u0105 integracj\u0119 i kompatybilno\u015b\u0107, nale\u017cy skonsultowa\u0107 si\u0119 z wykwalifikowanym technikiem lub zapozna\u0107 si\u0119 z wytycznymi producenta.<\/li>\n<\/ul>\n<h2><strong>Jak odpowietrzy\u0107 si\u0142ownik hydrauliczny dwustronnego dzia\u0142ania?<\/strong><\/h2>\n<p>Odpowietrzanie si\u0142ownika hydraulicznego dwustronnego dzia\u0142ania to wa\u017cna procedura konserwacyjna, kt\u00f3ra pozwala usun\u0105\u0107 powietrze z uk\u0142adu i zapewni\u0107 p\u0142ynn\u0105 i wydajn\u0105 prac\u0119. Oto kroki odpowietrzania si\u0142ownika hydraulicznego dwustronnego dzia\u0142ania:<\/p>\n<ol>\n<li><strong>Przygotowanie:<\/strong>\n<ul>\n<li>Upewnij si\u0119, \u017ce uk\u0142ad hydrauliczny jest wy\u0142\u0105czony i ci\u015bnienie zosta\u0142o zredukowane.<\/li>\n<li>Aby zabezpieczy\u0107 si\u0119 przed ewentualnym wyciekiem p\u0142ynu hydraulicznego, nale\u017cy za\u0142o\u017cy\u0107 odpowiedni sprz\u0119t ochrony osobistej, taki jak r\u0119kawice i okulary ochronne.<\/li>\n<\/ul>\n<\/li>\n<li><strong>Zlokalizuj punkty wycieku:<\/strong>\n<ul>\n<li>Zidentyfikuj punkty odpowietrzania na si\u0142owniku hydraulicznym. Zazwyczaj znajduj\u0105 si\u0119 one w pobli\u017cu ko\u0144ca t\u0142oczyska i ko\u0144ca pokrywy si\u0142ownika.<\/li>\n<li>Niekt\u00f3re si\u0142owniki hydrauliczne maj\u0105 specjalne otwory odpowietrzaj\u0105ce, podczas gdy inne mog\u0105 wymaga\u0107 poluzowania konkretnych przy\u0142\u0105czy, aby odpowietrzy\u0107 uk\u0142ad.<\/li>\n<\/ul>\n<\/li>\n<li><strong>Pozycja cylindra:<\/strong>\n<ul>\n<li>Przesu\u0144 cylinder hydrauliczny do pozycji ca\u0142kowicie schowanej, ca\u0142kowicie wsuwaj\u0105c pr\u0119t do cylindra.<\/li>\n<li>Dzi\u0119ki temu p\u0119cherzyki powietrza s\u0105 wypychane w kierunku punkt\u00f3w odpowietrzania, co u\u0142atwia ich usuni\u0119cie.<\/li>\n<\/ul>\n<\/li>\n<li><strong>Poluzuj z\u0142\u0105cza odpowietrzaj\u0105ce:<\/strong>\n<ul>\n<li>Odkr\u0119\u0107 z\u0142\u0105czki odpowietrzaj\u0105ce lub otwory na ko\u0144cu pr\u0119ta i na ko\u0144cu pokrywy cylindra.<\/li>\n<li>Najpierw poluzuj z\u0142\u0105czk\u0119 na ko\u0144cu pr\u0119ta, a nast\u0119pnie z\u0142\u0105czk\u0119 na ko\u0144cu za\u015blepki.<\/li>\n<\/ul>\n<\/li>\n<li><strong>Zastosuj ci\u015bnienie hydrauliczne:<\/strong>\n<ul>\n<li>W\u0142\u0105cz agregat hydrauliczny lub uruchom pomp\u0119 hydrauliczn\u0105, aby wytworzy\u0107 ci\u015bnienie w uk\u0142adzie.<\/li>\n<li>Stopniowo zwi\u0119kszaj ci\u015bnienie hydrauliczne do poziomu wystarczaj\u0105cego do wypchni\u0119cia uwi\u0119zionego powietrza z cylindra.<\/li>\n<\/ul>\n<\/li>\n<li><strong>Wypu\u015b\u0107 powietrze:<\/strong>\n<ul>\n<li>Wraz ze wzrostem ci\u015bnienia hydraulicznego z otwor\u00f3w odpowietrzaj\u0105cych zaczynaj\u0105 wydobywa\u0107 si\u0119 p\u0119cherzyki powietrza.<\/li>\n<li>Umo\u017cliw swobodny przep\u0142yw p\u0142ynu hydraulicznego, a\u017c do usuni\u0119cia ca\u0142ego powietrza.<\/li>\n<li>Nale\u017cy zapewni\u0107 sta\u0142y przep\u0142yw p\u0142ynu hydraulicznego bez p\u0119cherzyk\u00f3w powietrza.<\/li>\n<\/ul>\n<\/li>\n<li><strong>Dokr\u0119\u0107 przy\u0142\u0105cza odpowietrzaj\u0105ce:<\/strong>\n<ul>\n<li>Po ca\u0142kowitym odpowietrzeniu uk\u0142adu nale\u017cy dok\u0142adnie dokr\u0119ci\u0107 z\u0142\u0105czki lub porty odpowietrzaj\u0105ce.<\/li>\n<li>Aby zapobiec wyciekom, nale\u017cy dokr\u0119ci\u0107 je zgodnie z zalecanym przez producenta momentem obrotowym.<\/li>\n<\/ul>\n<\/li>\n<li><strong>Przetestuj cylinder:<\/strong>\n<ul>\n<li>Wy\u0142\u0105cz agregat hydrauliczny lub dezaktywuj pomp\u0119 hydrauliczn\u0105.<\/li>\n<li>Wykonaj pe\u0142en zakres ruch\u00f3w cylindra hydraulicznego, aby upewni\u0107 si\u0119, \u017ce dzia\u0142a on p\u0142ynnie, bez \u017cadnych problem\u00f3w zwi\u0105zanych z powietrzem.<\/li>\n<li>Nale\u017cy zwr\u00f3ci\u0107 uwag\u0119 na nietypowe ha\u0142asy lub drgania, kt\u00f3re mog\u0105 wskazywa\u0107 na dalsze problemy w uk\u0142adzie pneumatycznym lub hydraulicznym.<\/li>\n<\/ul>\n<\/li>\n<li><strong>Sprawd\u017a, czy nie ma wyciek\u00f3w:<\/strong>\n<ul>\n<li>Sprawd\u017a, czy w kr\u00f3\u0107cach odpowietrzaj\u0105cych, po\u0142\u0105czeniach hydraulicznych i innych elementach nie ma \u015blad\u00f3w wyciek\u00f3w.<\/li>\n<li>Je\u015bli zauwa\u017cysz jakiekolwiek wycieki, natychmiast je usu\u0144, dokr\u0119caj\u0105c z\u0142\u0105cza lub wymieniaj\u0105c uszkodzone elementy.<\/li>\n<\/ul>\n<\/li>\n<\/ol>\n<h2><strong>Mo\u017cliwo\u015bci i pojemno\u015b\u0107 fabryki:<\/strong><\/h2>\n<h3>(1) Monta\u017c<\/h3>\n<p>Dysponujemy najwy\u017cszej klasy niezale\u017cn\u0105 platform\u0105 badawczo-rozwojow\u0105. Warsztat produkcji si\u0142ownik\u00f3w hydraulicznych posiada cztery p\u00f3\u0142automatyczne linie monta\u017cowe si\u0142ownik\u00f3w podnosz\u0105cych i jedn\u0105 automatyczn\u0105 lini\u0119 monta\u017cow\u0105 si\u0142ownik\u00f3w przechy\u0142u, o projektowanej rocznej zdolno\u015bci produkcyjnej 1 miliona sztuk. Specjalny warsztat cylindr\u00f3w jest wyposa\u017cony w r\u00f3\u017cne specyfikacje p\u00f3\u0142automatycznego systemu monta\u017cu czyszcz\u0105cego o projektowanej rocznej zdolno\u015bci produkcyjnej 200 000 i wyposa\u017cony w s\u0142ynny sprz\u0119t do obr\u00f3bki CNC, centrum obr\u00f3bcze, specjalny sprz\u0119t do precyzyjnej obr\u00f3bki cylindr\u00f3w, robot spawalniczy, automatyczna maszyna czyszcz\u0105ca, automatyczna maszyna do monta\u017cu cylindr\u00f3w i automatyczna linia produkcyjna do malowania. Istniej\u0105cy krytyczny sprz\u0119t sk\u0142ada si\u0119 z ponad 300 zestaw\u00f3w. Optymalna alokacja i efektywne wykorzystanie zasob\u00f3w sprz\u0119towych zapewniaj\u0105 wymagania dotycz\u0105ce dok\u0142adno\u015bci produkt\u00f3w i spe\u0142niaj\u0105 potrzeby wysokiej jako\u015bci produkt\u00f3w.<\/p>\n<p><img loading=\"lazy\" decoding=\"async\" class=\"alignnone wp-image-626\" src=\"https:\/\/hydraulic-cylinders.net\/wp-content\/uploads\/2023\/08\/hydraulic-cylinder-product-1-300x158.webp\" alt=\"\" width=\"495\" height=\"260\" srcset=\"https:\/\/hydraulic-cylinders.net\/wp-content\/uploads\/2023\/08\/hydraulic-cylinder-product-1-300x158.webp 495w, https:\/\/hydraulic-cylinders.net\/wp-content\/uploads\/2023\/08\/hydraulic-cylinder-product-1-480x252.webp 480w\" sizes=\"(min-width: 0px) and (max-width: 480px) 480px, (min-width: 481px) 495px, 100vw\" \/> <img loading=\"lazy\" decoding=\"async\" class=\"alignnone wp-image-627\" src=\"https:\/\/hydraulic-cylinders.net\/wp-content\/uploads\/2023\/08\/hydraulic-cylinder-product-2-300x189.webp\" alt=\"\" width=\"413\" height=\"260\" \/><\/p>\n<h3>(2) Obr\u00f3bka<\/h3>\n<p>Warsztat obr\u00f3bki skrawaniem jest wyposa\u017cony w niestandardowe centrum tokarskie z pochylon\u0105 szyn\u0105, centrum obr\u00f3bcze, szybkobie\u017cn\u0105 honownic\u0119, robota spawalniczego i inny powi\u0105zany sprz\u0119t, kt\u00f3ry mo\u017ce obs\u0142ugiwa\u0107 przetwarzanie rur cylindrycznych o maksymalnej \u015brednicy wewn\u0119trznej 400 mm i maksymalnej d\u0142ugo\u015bci 6 metr\u00f3w.<\/p>\n<p><img loading=\"lazy\" decoding=\"async\" class=\"alignnone wp-image-628 size-large\" src=\"https:\/\/hydraulic-cylinders.net\/wp-content\/uploads\/2023\/08\/hydraulic-cylinder-product-3-1024x391.webp\" alt=\"\" width=\"1024\" height=\"391\" srcset=\"https:\/\/hydraulic-cylinders.net\/wp-content\/uploads\/2023\/08\/hydraulic-cylinder-product-3-980x374.webp 980w, https:\/\/hydraulic-cylinders.net\/wp-content\/uploads\/2023\/08\/hydraulic-cylinder-product-3-480x183.webp 480w\" sizes=\"(min-width: 0px) and (max-width: 480px) 480px, (min-width: 481px) and (max-width: 980px) 980px, (min-width: 981px) 1024px, 100vw\" \/><\/p>\n<h3>(3) Spawanie<\/h3>\n<p><img loading=\"lazy\" decoding=\"async\" class=\"alignnone wp-image-629 size-large\" src=\"https:\/\/hydraulic-cylinders.net\/wp-content\/uploads\/2023\/08\/hydraulic-cylinder-product-4-1024x510.webp\" alt=\"\" width=\"1024\" height=\"510\" srcset=\"https:\/\/hydraulic-cylinders.net\/wp-content\/uploads\/2023\/08\/hydraulic-cylinder-product-4-980x488.webp 980w, https:\/\/hydraulic-cylinders.net\/wp-content\/uploads\/2023\/08\/hydraulic-cylinder-product-4-480x239.webp 480w\" sizes=\"(min-width: 0px) and (max-width: 480px) 480px, (min-width: 481px) and (max-width: 980px) 980px, (min-width: 981px) 1024px, 100vw\" \/><\/p>\n<h3>(4) Malowanie i powlekanie<\/h3>\n<p>Z ma\u0142ymi i \u015brednimi automatycznymi liniami do powlekania farbami na bazie wody, w celu osi\u0105gni\u0119cia automatycznego za\u0142adunku i roz\u0142adunku robota oraz automatycznego natryskiwania, wydajno\u015b\u0107 projektowa 4000 sztuk na zmian\u0119;<br \/>\nPosiadamy r\u00f3wnie\u017c p\u00f3\u0142automatyczn\u0105 lini\u0119 do produkcji farb do du\u017cych cylindr\u00f3w nap\u0119dzan\u0105 \u0142a\u0144cuchem nap\u0119dowym, o wydajno\u015bci 60 skrzy\u0144 na zmian\u0119.<\/p>\n<p><img loading=\"lazy\" decoding=\"async\" class=\"alignnone wp-image-630\" src=\"https:\/\/hydraulic-cylinders.net\/wp-content\/uploads\/2023\/08\/hydraulic-cylinder-product-5-300x213.webp\" alt=\"\" width=\"366\" height=\"260\" \/> <img loading=\"lazy\" decoding=\"async\" class=\"alignnone wp-image-631\" src=\"https:\/\/hydraulic-cylinders.net\/wp-content\/uploads\/2023\/08\/hydraulic-cylinder-product-6-300x225.webp\" alt=\"\" width=\"347\" height=\"260\" \/><\/p>\n<h3>(5) Testowanie<\/h3>\n<p>Dysponujemy najwy\u017cszej klasy urz\u0105dzeniami kontrolnymi i stanowiskami testowymi, aby zapewni\u0107, \u017ce wydajno\u015b\u0107 cylindra spe\u0142nia wymagania.<\/p>\n<p><img loading=\"lazy\" decoding=\"async\" class=\"alignnone wp-image-632\" src=\"https:\/\/hydraulic-cylinders.net\/wp-content\/uploads\/2023\/08\/hydraulic-cylinder-product-8-300x200.webp\" alt=\"\" width=\"389\" height=\"260\" \/><\/p>\n<p>&nbsp;<\/p>\n<p>&nbsp;<\/p>\n<p>Jeste\u015bmy jednym z najlepszych producent\u00f3w cylindr\u00f3w hydraulicznych. Oferujemy kompleksow\u0105 ofert\u0119 cylindr\u00f3w hydraulicznych. Dostarczamy r\u00f3wnie\u017c\u2026 <a href=\"https:\/\/hzpt.com\/agricultural-pto-gearbox\/\" target=\"_blank\" rel=\"noopener\">przek\u0142adnie rolnicze<\/a>. Eksportowali\u015bmy nasze produkty do klient\u00f3w na ca\u0142ym \u015bwiecie i zdobyli\u015bmy dobr\u0105 reputacj\u0119 dzi\u0119ki najwy\u017cszej jako\u015bci produkt\u00f3w i us\u0142ug posprzeda\u017cnych. Zapraszamy klient\u00f3w w kraju i za granic\u0105 do kontaktu z nami w celu negocjacji biznesowych, wymiany informacji i <a href=\"https:\/\/www.hydraulic-cylinders.net\/pl\/contact-us\/\">wsp\u00f3\u0142pracowa\u0107 z nami<\/a>!<\/p>","protected":false},"excerpt":{"rendered":"<p>Electric Furnace Mast Cylinder The electric furnace mast cylinder is a cutting-edge product designed to enhance the performance and efficiency of industrial furnaces. With its advanced features and robust construction, this cylinder offers precise control and reliable operation for raising and lowering furnace masts. The electric furnace mast cylinder is a reliable and efficient solution [&hellip;]<\/p>","protected":false},"featured_media":1723,"comment_status":"open","ping_status":"closed","template":"","meta":{"_et_pb_use_builder":"","_et_pb_old_content":"","_et_gb_content_width":""},"product_brand":[],"product_cat":[1550,1524,1376],"product_tag":[1380],"class_list":{"0":"post-1721","1":"product","2":"type-product","3":"status-publish","4":"has-post-thumbnail","6":"product_cat-double-acting-hydraulic-cylinder","7":"product_cat-steel-mill-hydraulic-cylinders","8":"product_cat-hydraulic-cylinder","9":"product_tag-hydraulic-cylinder","11":"first","12":"instock","13":"shipping-taxable","14":"product-type-simple"},"amp_enabled":true,"_links":{"self":[{"href":"https:\/\/www.hydraulic-cylinders.net\/pl\/wp-json\/wp\/v2\/product\/1721","targetHints":{"allow":["GET"]}}],"collection":[{"href":"https:\/\/www.hydraulic-cylinders.net\/pl\/wp-json\/wp\/v2\/product"}],"about":[{"href":"https:\/\/www.hydraulic-cylinders.net\/pl\/wp-json\/wp\/v2\/types\/product"}],"replies":[{"embeddable":true,"href":"https:\/\/www.hydraulic-cylinders.net\/pl\/wp-json\/wp\/v2\/comments?post=1721"}],"wp:featuredmedia":[{"embeddable":true,"href":"https:\/\/www.hydraulic-cylinders.net\/pl\/wp-json\/wp\/v2\/media\/1723"}],"wp:attachment":[{"href":"https:\/\/www.hydraulic-cylinders.net\/pl\/wp-json\/wp\/v2\/media?parent=1721"}],"wp:term":[{"taxonomy":"product_brand","embeddable":true,"href":"https:\/\/www.hydraulic-cylinders.net\/pl\/wp-json\/wp\/v2\/product_brand?post=1721"},{"taxonomy":"product_cat","embeddable":true,"href":"https:\/\/www.hydraulic-cylinders.net\/pl\/wp-json\/wp\/v2\/product_cat?post=1721"},{"taxonomy":"product_tag","embeddable":true,"href":"https:\/\/www.hydraulic-cylinders.net\/pl\/wp-json\/wp\/v2\/product_tag?post=1721"}],"curies":[{"name":"wp","href":"https:\/\/api.w.org\/{rel}","templated":true}]}}