{"id":1724,"date":"2023-10-12T03:00:38","date_gmt":"2023-10-12T03:00:38","guid":{"rendered":"https:\/\/hydraulic-cylinders.net\/?post_type=product&#038;p=1724"},"modified":"2025-04-11T02:53:46","modified_gmt":"2025-04-11T02:53:46","slug":"equipment-roller-press-cement-cylinder","status":"publish","type":"product","link":"https:\/\/www.hydraulic-cylinders.net\/pl\/produkt\/equipment-roller-press-cement-cylinder\/","title":{"rendered":"Prasa walcowa do cementu"},"content":{"rendered":"<h1 style=\"text-align: center;\"><strong>Prasa walcowa do cementu<\/strong><\/h1>\n<p><img loading=\"lazy\" decoding=\"async\" class=\"aligncenter wp-image-1726\" src=\"https:\/\/hydraulic-cylinders.net\/wp-content\/uploads\/2023\/10\/roller-press-cylinder-1-300x300.webp\" alt=\"\" width=\"400\" height=\"400\" \/><\/p>\n<p>Walec do prasy walcowej do cementu to kluczowy element w produkcji cementu, zaprojektowany specjalnie w celu zwi\u0119kszenia wydajno\u015bci i produktywno\u015bci w zak\u0142adach produkcyjnych. Jego wyj\u0105tkowe w\u0142a\u015bciwo\u015bci i solidna konstrukcja sprawiaj\u0105, \u017ce jest on niezb\u0119dny do efektywnej pracy pras walcowych.<\/p>\n<p>Dzi\u0119ki odporno\u015bci na wysokie ci\u015bnienie, precyzyjnemu wykonaniu i zaawansowanej technologii uszczelnie\u0144, cylinder prasy walcowej do cementu gwarantuje niezawodn\u0105 i wydajn\u0105 prac\u0119. Mo\u017cna zmaksymalizowa\u0107 wydajno\u015b\u0107 i \u017cywotno\u015b\u0107 cylindra, przestrzegaj\u0105c zalecanych metod u\u017cytkowania i konserwacji. To nie tylko zwi\u0119ksza wydajno\u015b\u0107 proces\u00f3w cementowych, ale tak\u017ce przyczynia si\u0119 do og\u00f3lnej produktywno\u015bci i rentowno\u015bci.<\/p>\n<h2><strong>Parametry cylindra prasy walcowej do urz\u0105dze\u0144 cementowych:<\/strong><\/h2>\n<table border=\"1\" cellspacing=\"0\" cellpadding=\"0\">\n<tbody>\n<tr>\n<td>Nazwa produktu<\/td>\n<td>Prasa walcowa do cementu<\/td>\n<\/tr>\n<tr>\n<td>Cechy:<\/td>\n<td>Upewnij si\u0119, \u017ce g\u0142owica zaciskowa znajduje si\u0119 w \u015brodkowej pozycji<\/td>\n<\/tr>\n<tr>\n<td>\u015arednica otworu:<\/td>\n<td>200mm\uff5e700mm<\/td>\n<\/tr>\n<tr>\n<td>\u015arednica pr\u0119ta:<\/td>\n<td>130 mm\uff5e500 mm<br \/>\nSkok: \u2264500mm<\/td>\n<\/tr>\n<tr>\n<td>Si\u0142a ci\u0105gu:<\/td>\n<td>Maks. 5387 kN<br \/>\n(\u015arednica cylindra 700 mm\/ci\u015bnienie 14 MPa)<\/td>\n<\/tr>\n<tr>\n<td>Zastosowania cylindr\u00f3w pras walcowych do urz\u0105dze\u0144 cementowych:<\/td>\n<td>Sprz\u0119t cementowy<\/td>\n<\/tr>\n<\/tbody>\n<\/table>\n<div><\/div>\n<div class=\"txtboxR\">\n<div class=\"txtboxL\">\n<div class=\"txtboxL\">\n<div class=\"txtboxL\">\n<div class=\"txtboxL\">\n<div class=\"txtboxL\">\n<div class=\"txtboxL\">\n<div class=\"youhangitem\">\n<div class=\"youhangitem3\">\n<div class=\"txtbox clearfix\">\n<div class=\"txtboxL\"><strong>Cechy: <\/strong>Zapewnij przerw\u0119 w ci\u0105gu\/kontroli przechy\u0142u<\/div>\n<div class=\"txtboxL\"><strong>Specyfikacja:<\/strong><\/div>\n<div class=\"txtboxR\"><strong>\u015arednica otworu:<\/strong> 200mm\uff5e700mm<br \/>\n<strong>\u015arednica pr\u0119ta:<\/strong> 130 mm\uff5e500 mm<br \/>\n<strong>Udar m\u00f3zgu:<\/strong> \u2264500 mm<\/div>\n<div class=\"txtboxL\"><strong>Si\u0142a ci\u0105gu: <\/strong>Maks. 5387 kN<br \/>\n(\u015arednica cylindra 700 mm\/ci\u015bnienie 14 MPa)<\/div>\n<\/div>\n<\/div>\n<\/div>\n<\/div>\n<\/div>\n<\/div>\n<div><\/div>\n<div><strong style=\"color: #333333; font-size: 26px;\">Kluczowe cechy cylindra prasy walcowej do urz\u0105dze\u0144 cementowych:<\/strong><\/div>\n<\/div>\n<\/div>\n<\/div>\n<\/div>\n<h3><strong>Solidna konstrukcja<\/strong><\/h3>\n<p>Cylinder prasy walcowej do cementu jest wykonany z wysokiej jako\u015bci materia\u0142\u00f3w, co zapewnia wyj\u0105tkow\u0105 trwa\u0142o\u015b\u0107 i d\u0142ugowieczno\u015b\u0107 nawet w wymagaj\u0105cych warunkach panuj\u0105cych w cementowniach. Jego solidna konstrukcja pozwala na obs\u0142ug\u0119 du\u017cych obci\u0105\u017ce\u0144, zachowuj\u0105c jednocze\u015bnie optymaln\u0105 wydajno\u015b\u0107 podczas pracy ci\u0105g\u0142ej.<\/p>\n<h3><strong>Odporno\u015b\u0107 na wysokie ci\u015bnienie<\/strong><\/h3>\n<p>Zaprojektowany specjalnie do zastosowa\u0144 wysokoci\u015bnieniowych, ten cylinder doskonale sprawdza si\u0119 w trudnych warunkach typowych dla pras walcowych do cementu. Skutecznie radzi sobie z du\u017cymi si\u0142ami generowanymi podczas mielenia i kruszenia surowc\u00f3w, zapewniaj\u0105c niezawodn\u0105 i wydajn\u0105 prac\u0119.<\/p>\n<h3><strong>Produkcja precyzyjna<\/strong><\/h3>\n<p>Ka\u017cdy cylinder prasy walcowej do urz\u0105dze\u0144 do produkcji cementu jest precyzyjnie wykonany, aby zapewni\u0107 precyzyjne wymiary i \u015bcis\u0142e tolerancje. Ten poziom precyzji zapewnia p\u0142ynny i precyzyjny ruch, znacz\u0105co zwi\u0119kszaj\u0105c wydajno\u015b\u0107 i wydajno\u015b\u0107 prasy walcowej.<\/p>\n<h3><strong>Zaawansowana technologia uszczelniania<\/strong><\/h3>\n<p>Wyposa\u017cony w najnowocze\u015bniejsz\u0105 technologi\u0119 uszczelnie\u0144, ten cylinder skutecznie zapobiega wyciekom p\u0142ynu hydraulicznego. Niezawodny mechanizm uszczelniaj\u0105cy nie tylko minimalizuje przestoje, ale tak\u017ce obni\u017ca koszty konserwacji, zwi\u0119kszaj\u0105c tym samym og\u00f3ln\u0105 wydajno\u015b\u0107 procesu produkcji cementu.<\/p>\n<h2><strong>Piec elektryczny <\/strong><strong> Fabryka cylindr\u00f3w:<\/strong><\/h2>\n<p><img loading=\"lazy\" decoding=\"async\" class=\"alignnone wp-image-1697 size-full\" src=\"https:\/\/hydraulic-cylinders.net\/wp-content\/uploads\/2023\/10\/filter-press-cylinder-1.webp\" alt=\"\" width=\"1418\" height=\"946\" srcset=\"https:\/\/hydraulic-cylinders.net\/wp-content\/uploads\/2023\/10\/filter-press-cylinder-1.webp 1418w, https:\/\/hydraulic-cylinders.net\/wp-content\/uploads\/2023\/10\/filter-press-cylinder-1-1280x854.webp 1280w, https:\/\/hydraulic-cylinders.net\/wp-content\/uploads\/2023\/10\/filter-press-cylinder-1-980x654.webp 980w, https:\/\/hydraulic-cylinders.net\/wp-content\/uploads\/2023\/10\/filter-press-cylinder-1-480x320.webp 480w\" sizes=\"(min-width: 0px) and (max-width: 480px) 480px, (min-width: 481px) and (max-width: 980px) 980px, (min-width: 981px) and (max-width: 1280px) 1280px, (min-width: 1281px) 1418px, 100vw\" \/><\/p>\n<h2><strong>Metoda u\u017cytkowania prasy walcowej do sprz\u0119tu cementowego<\/strong><strong>:<\/strong><\/h2>\n<h3><strong>Instalacja<\/strong><\/h3>\n<p>Zacznij od zastosowania si\u0119 do wskaz\u00f3wek producenta, aby bezpiecznie zainstalowa\u0107 <strong>prasa walcowa do cementu<\/strong> na prasie walcowej. Upewnij si\u0119, \u017ce urz\u0105dzenie jest prawid\u0142owo ustawione i zamocowane, aby zagwarantowa\u0107 stabiln\u0105 i bezpieczn\u0105 prac\u0119.<\/p>\n<h3><strong>Po\u0142\u0105czenie hydrauliczne<\/strong><\/h3>\n<p>Nast\u0119pnie nale\u017cy pod\u0142\u0105czy\u0107 cylinder do uk\u0142adu hydraulicznego prasy walcowej za pomoc\u0105 odpowiednich z\u0142\u0105czek hydraulicznych i przewod\u00f3w. Aby zachowa\u0107 integralno\u015b\u0107 uk\u0142adu, nale\u017cy koniecznie sprawdzi\u0107, czy wszystkie po\u0142\u0105czenia s\u0105 solidne i szczelne.<\/p>\n<h3><strong>Kalibracja systemu<\/strong><\/h3>\n<p><img loading=\"lazy\" decoding=\"async\" class=\"size-full wp-image-8207 aligncenter\" src=\"https:\/\/www.hydraulic-cylinders.net\/wp-content\/uploads\/2023\/10\/hydraulic-system.webp\" alt=\"\" width=\"800\" height=\"450\" srcset=\"https:\/\/www.hydraulic-cylinders.net\/wp-content\/uploads\/2023\/10\/hydraulic-system.webp 800w, https:\/\/www.hydraulic-cylinders.net\/wp-content\/uploads\/2023\/10\/hydraulic-system-480x270.webp 480w\" sizes=\"(min-width: 0px) and (max-width: 480px) 480px, (min-width: 481px) 800px, 100vw\" \/><\/p>\n<p>Skalibruj uk\u0142ad hydrauliczny, aby zapewni\u0107 optymaln\u0105 wydajno\u015b\u0107 <strong>prasa walcowa do cementu<\/strong>. Dostosuj ustawienia ci\u015bnienia i nat\u0119\u017cenia przep\u0142ywu zgodnie z zaleceniami producenta, aby uzyska\u0107 po\u017c\u0105dane parametry robocze.<\/p>\n<h3><strong>Obs\u0142uga i kontrola<\/strong><\/h3>\n<p>W\u0142\u0105cz uk\u0142ad hydrauliczny, aby rozpocz\u0105\u0107 prac\u0119 prasy walcowej. <strong>prasa walcowa do cementu<\/strong> b\u0119dzie wsp\u00f3\u0142pracowa\u0107 z rolkami prasuj\u0105cymi, wywieraj\u0105c si\u0142\u0119 niezb\u0119dn\u0105 do efektywnego mielenia i kruszenia surowc\u00f3w. U\u017cyj panelu sterowania lub interfejsu, aby monitorowa\u0107 i regulowa\u0107 po\u0142o\u017cenie, ci\u015bnienie i pr\u0119dko\u015b\u0107 cylindra, zapewniaj\u0105c precyzyjn\u0105 i efektywn\u0105 prac\u0119.<\/p>\n<h2 id=\"the-pasted-async\"><strong>W jaki spos\u00f3b cylindry prasy walcowej do cementu zwi\u0119kszaj\u0105 wydajno\u015b\u0107 produkcji cementu?<\/strong><\/h2>\n<h3 id=\"the-pasted-async\"><strong>Ulepszone szlifowanie materia\u0142u<\/strong><\/h3>\n<p><strong>Zastosowanie wysokoci\u015bnieniowe:<\/strong> Cylindry wywieraj\u0105 znaczny nacisk na surowce, co pomaga rozbi\u0107 cz\u0105steczki skuteczniej ni\u017c konwencjonalne metody mielenia. Proces ten skutkuje uzyskaniem drobniejszego produktu, co przek\u0142ada si\u0119 na wy\u017csz\u0105 jako\u015b\u0107 gotowego cementu.<br \/>\n<strong>Ulepszony rozk\u0142ad cz\u0105stek:<\/strong> Proces mielenia pozwala na uzyskanie bardziej r\u00f3wnomiernego rozk\u0142adu wielko\u015bci cz\u0105stek, co jest kluczowe dla uzyskania jednorodnych w\u0142a\u015bciwo\u015bci cementu.<\/p>\n<h3><strong>Zmniejszone zu\u017cycie energii<\/strong><\/h3>\n<p><strong>Ni\u017csze koszty energii:<\/strong> Dzi\u0119ki wydajnemu procesowi mielenia, cylindry te zu\u017cywaj\u0105 mniej energii, co przek\u0142ada si\u0119 na ni\u017csze koszty operacyjne. Oszcz\u0119dno\u015bci energii mog\u0105 by\u0107 znaczne w przypadku d\u0142ugich serii produkcyjnych.<br \/>\n<strong>Mniejsze zu\u017cycie sprz\u0119tu:<\/strong> Wydajne mielenie zmniejsza obci\u0105\u017cenie innych podzespo\u0142\u00f3w linii produkcyjnej, co przek\u0142ada si\u0119 na ni\u017csze zapotrzebowanie na energi\u0119 w ramach ca\u0142ej operacji.<\/p>\n<h3><strong>Ci\u0105g\u0142a praca<\/strong><\/h3>\n<p><strong>Solidna konstrukcja:<\/strong> Zbudowane z my\u015bl\u0105 o trudnych warunkach, cylindry pras walcowych do cementu mog\u0105 pracowa\u0107 nieprzerwanie bez cz\u0119stych awarii. Ta trwa\u0142o\u015b\u0107 jest niezb\u0119dna do utrzymania wysokiej wydajno\u015bci produkcji.<br \/>\n<strong>Zminimalizowany czas przestoju:<\/strong> Dzi\u0119ki rzadszym potrzebom konserwacyjnym i mo\u017cliwo\u015bci ci\u0105g\u0142ej pracy, przestoje w produkcji ulegaj\u0105 znacznemu skr\u00f3ceniu, co przek\u0142ada si\u0119 na bardziej sp\u00f3jn\u0105 produkcj\u0119.<\/p>\n<h3><strong>Precyzyjna kontrola<\/strong><\/h3>\n<p><img loading=\"lazy\" decoding=\"async\" class=\"size-full wp-image-8213 aligncenter\" src=\"https:\/\/www.hydraulic-cylinders.net\/wp-content\/uploads\/2023\/10\/Hydraulic-Cylinder-for-Cement-Roller.webp\" alt=\"\" width=\"550\" height=\"550\" srcset=\"https:\/\/www.hydraulic-cylinders.net\/wp-content\/uploads\/2023\/10\/Hydraulic-Cylinder-for-Cement-Roller.webp 550w, https:\/\/www.hydraulic-cylinders.net\/wp-content\/uploads\/2023\/10\/Hydraulic-Cylinder-for-Cement-Roller-480x480.webp 480w\" sizes=\"(min-width: 0px) and (max-width: 480px) 480px, (min-width: 481px) 550px, 100vw\" \/><\/p>\n<p><strong>Przetwarzanie dostosowane do potrzeb:<\/strong> Operatorzy mog\u0105 dostosowywa\u0107 parametry, takie jak ci\u015bnienie i nat\u0119\u017cenie przep\u0142ywu, do konkretnych materia\u0142\u00f3w i wymaga\u0144 produkcyjnych. Ta elastyczno\u015b\u0107 pomaga zoptymalizowa\u0107 proces mielenia dla r\u00f3\u017cnych rodzaj\u00f3w cementu.<br \/>\n<strong>Sp\u00f3jno\u015b\u0107 jako\u015bci:<\/strong> Precyzyjna kontrola procesu mielenia gwarantuje sta\u0142\u0105 jako\u015b\u0107 cementu, co jest kluczowe dla spe\u0142nienia standard\u00f3w bran\u017cowych i oczekiwa\u0144 klient\u00f3w.<\/p>\n<h3><strong>Efektywno\u015b\u0107 przestrzenna<\/strong><\/h3>\n<p><strong>Kompaktowa konstrukcja:<\/strong> Mniejsze gabaryty cylindr\u00f3w pras walcowych w por\u00f3wnaniu z tradycyjnymi m\u0142ynami pozwalaj\u0105 na bardziej efektywne wykorzystanie przestrzeni w zak\u0142adzie produkcyjnym. Mo\u017ce to prowadzi\u0107 do lepszego przep\u0142ywu pracy i integracji proces\u00f3w.<br \/>\n<strong>Elastyczne uk\u0142ady:<\/strong> Ich konstrukcja pozwala na elastyczne rozplanowanie zak\u0142ad\u00f3w, dzi\u0119ki czemu producenci mog\u0105 dostosowywa\u0107 si\u0119 do zmieniaj\u0105cych si\u0119 potrzeb produkcyjnych lub rozszerza\u0107 dzia\u0142alno\u015b\u0107 bez konieczno\u015bci wprowadzania znacz\u0105cych zmian konstrukcyjnych.<\/p>\n<h3><strong>Korzy\u015bci dla \u015brodowiska<\/strong><\/h3>\n<p><strong>Ni\u017csza emisja CO2:<\/strong> Dzi\u0119ki mniejszemu zu\u017cyciu energii i zwi\u0119kszonej wydajno\u015bci procesu mielenia, walce cementowe urz\u0105dze\u0144 przyczyniaj\u0105 si\u0119 do zmniejszenia emisji dwutlenku w\u0119gla towarzysz\u0105cej produkcji cementu.<br \/>\n<strong>Oszcz\u0119dno\u015b\u0107 zasob\u00f3w:<\/strong> Wydajne przetwarzanie oznacza mniej odpad\u00f3w surowcowych, co wspiera bardziej zr\u00f3wnowa\u017cone praktyki produkcyjne.<\/p>\n<h3><strong>Integracja z nowoczesn\u0105 technologi\u0105<\/strong><\/h3>\n<p><strong>Automatyzacja i monitorowanie:<\/strong> Wiele nowoczesnych pras walcowych posiada zaawansowane systemy monitorowania i sterowania, kt\u00f3re umo\u017cliwiaj\u0105 analiz\u0119 danych i regulacj\u0119 w czasie rzeczywistym. Taka integracja zwi\u0119ksza wydajno\u015b\u0107 operacyjn\u0105 i szybko\u015b\u0107 reakcji na potrzeby produkcyjne.<br \/>\n<strong>Zgodno\u015b\u0107 z innymi technologiami:<\/strong> Cylindry te mo\u017cna z \u0142atwo\u015bci\u0105 zintegrowa\u0107 z istniej\u0105cymi liniami produkcyjnymi, co pozwala na modernizacj\u0119 bez konieczno\u015bci przeprowadzania ca\u0142kowitego remontu systemu.<\/p>\n<h2><strong>Mo\u017cliwo\u015bci i pojemno\u015b\u0107 fabryki:<\/strong><\/h2>\n<h3><strong>(1) Monta\u017c<\/strong><\/h3>\n<p>Nasz zak\u0142ad dysponuje niezale\u017cn\u0105 platform\u0105 monta\u017cow\u0105 najwy\u017cszej klasy, specjalizuj\u0105c\u0105 si\u0119 w badaniach i rozwoju, dedykowan\u0105 produkcji cylindr\u00f3w hydraulicznych. Dysponujemy czterema p\u00f3\u0142automatycznymi liniami monta\u017cowymi cylindr\u00f3w podnosz\u0105cych oraz jedn\u0105 w pe\u0142ni automatyczn\u0105 lini\u0105 monta\u017cow\u0105 cylindr\u00f3w przechylnych, o imponuj\u0105cej rocznej zdolno\u015bci produkcyjnej na poziomie 1 miliona cylindr\u00f3w.<img loading=\"lazy\" decoding=\"async\" class=\"aligncenter wp-image-626\" src=\"https:\/\/hydraulic-cylinders.net\/wp-content\/uploads\/2023\/08\/hydraulic-cylinder-product-1-300x158.webp\" alt=\"\" width=\"500\" height=\"263\" srcset=\"https:\/\/hydraulic-cylinders.net\/wp-content\/uploads\/2023\/08\/hydraulic-cylinder-product-1-300x158.webp 500w, https:\/\/hydraulic-cylinders.net\/wp-content\/uploads\/2023\/08\/hydraulic-cylinder-product-1-480x252.webp 480w\" sizes=\"(min-width: 0px) and (max-width: 480px) 480px, (min-width: 481px) 500px, 100vw\" \/><\/p>\n<p>W naszym specjalistycznym warsztacie produkuj\u0105cym cylindry wykorzystujemy p\u00f3\u0142automatyczny system monta\u017cu czyszcz\u0105cego, zaprojektowany dla r\u00f3\u017cnych specyfikacji, zdolny do produkcji 200 000 cylindr\u00f3w rocznie. Nasz warsztat wyposa\u017cony jest w zaawansowany sprz\u0119t do obr\u00f3bki CNC, centrum obr\u00f3bcze, precyzyjne narz\u0119dzia do obr\u00f3bki cylindr\u00f3w, roboty spawalnicze, automatyczne systemy czyszcz\u0105ce oraz zautomatyzowan\u0105 lini\u0119 monta\u017cow\u0105 cylindr\u00f3w. Dodatkowo, posiadamy w pe\u0142ni zautomatyzowan\u0105 lini\u0119 produkcyjn\u0105 do lakierowania.<\/p>\n<p>Dysponuj\u0105c ponad 300 urz\u0105dzeniami o kluczowym znaczeniu, nasza optymalna alokacja zasob\u00f3w gwarantuje spe\u0142nienie rygorystycznych standard\u00f3w dok\u0142adno\u015bci i jako\u015bci wymaganych przez naszych klient\u00f3w. To zaanga\u017cowanie w wydajno\u015b\u0107 i precyzj\u0119 plasuje nas jako lidera w bran\u017cy si\u0142ownik\u00f3w hydraulicznych.<\/p>\n<p><img loading=\"lazy\" decoding=\"async\" class=\"aligncenter wp-image-627\" src=\"https:\/\/hydraulic-cylinders.net\/wp-content\/uploads\/2023\/08\/hydraulic-cylinder-product-2-300x189.webp\" alt=\"\" width=\"500\" height=\"315\" srcset=\"https:\/\/hydraulic-cylinders.net\/wp-content\/uploads\/2023\/08\/hydraulic-cylinder-product-2-300x189.webp 500w, https:\/\/hydraulic-cylinders.net\/wp-content\/uploads\/2023\/08\/hydraulic-cylinder-product-2-480x302.webp 480w\" sizes=\"(min-width: 0px) and (max-width: 480px) 480px, (min-width: 481px) 500px, 100vw\" \/><\/p>\n<h3><strong>(2) Obr\u00f3bka<\/strong><\/h3>\n<p>Nasz zak\u0142ad obr\u00f3bki mechanicznej dysponuje najnowocze\u015bniejszym sprz\u0119tem, w tym specjalnie zaprojektowanym centrum tokarskim z pochylon\u0105 szyn\u0105, precyzyjnym centrum obr\u00f3bczym, szybkoobrotow\u0105 honownic\u0105 oraz zaawansowanymi robotami spawalniczymi. Ta zaawansowana technologia umo\u017cliwia nam efektywn\u0105 obr\u00f3bk\u0119 rur cylindrycznych o maksymalnej \u015brednicy wewn\u0119trznej 400 mm i d\u0142ugo\u015bci do 6 metr\u00f3w.<\/p>\n<p><img loading=\"lazy\" decoding=\"async\" class=\"wp-image-628 size-large aligncenter\" src=\"https:\/\/hydraulic-cylinders.net\/wp-content\/uploads\/2023\/08\/hydraulic-cylinder-product-3-1024x391.webp\" alt=\"\" width=\"1024\" height=\"391\" srcset=\"https:\/\/hydraulic-cylinders.net\/wp-content\/uploads\/2023\/08\/hydraulic-cylinder-product-3-980x374.webp 980w, https:\/\/hydraulic-cylinders.net\/wp-content\/uploads\/2023\/08\/hydraulic-cylinder-product-3-480x183.webp 480w\" sizes=\"(min-width: 0px) and (max-width: 480px) 480px, (min-width: 481px) and (max-width: 980px) 980px, (min-width: 981px) 1024px, 100vw\" \/><\/p>\n<p>Dzi\u0119ki naszej najnowocze\u015bniejszej technologii zapewniamy wysok\u0105 jako\u015b\u0107 obr\u00f3bki, kt\u00f3ra spe\u0142nia zr\u00f3\u017cnicowane wymagania w zakresie produkcji cylindr\u00f3w hydraulicznych.<\/p>\n<h3><strong>(3) Spawanie<\/strong><\/h3>\n<p><img loading=\"lazy\" decoding=\"async\" class=\"wp-image-629 size-large aligncenter\" src=\"https:\/\/hydraulic-cylinders.net\/wp-content\/uploads\/2023\/08\/hydraulic-cylinder-product-4-1024x510.webp\" alt=\"\" width=\"1024\" height=\"510\" srcset=\"https:\/\/hydraulic-cylinders.net\/wp-content\/uploads\/2023\/08\/hydraulic-cylinder-product-4-980x488.webp 980w, https:\/\/hydraulic-cylinders.net\/wp-content\/uploads\/2023\/08\/hydraulic-cylinder-product-4-480x239.webp 480w\" sizes=\"(min-width: 0px) and (max-width: 480px) 480px, (min-width: 481px) and (max-width: 980px) 980px, (min-width: 981px) 1024px, 100vw\" \/><\/p>\n<h3><strong>(4) Malowanie i powlekanie<\/strong><\/h3>\n<p><img loading=\"lazy\" decoding=\"async\" class=\"wp-image-630 aligncenter\" src=\"https:\/\/hydraulic-cylinders.net\/wp-content\/uploads\/2023\/08\/hydraulic-cylinder-product-5-300x213.webp\" alt=\"\" width=\"500\" height=\"355\" \/><\/p>\n<p>Nasz zak\u0142ad dysponuje zaawansowanymi, automatycznymi liniami do powlekania farbami na bazie wody, zaprojektowanymi specjalnie do ma\u0142ych i \u015brednich cylindr\u00f3w. Linie te wykorzystuj\u0105 technologi\u0119 robotyczn\u0105 do wydajnego za\u0142adunku, roz\u0142adunku i natrysku, osi\u0105gaj\u0105c imponuj\u0105c\u0105 wydajno\u015b\u0107 produkcyjn\u0105 4000 sztuk na zmian\u0119.<\/p>\n<p><img loading=\"lazy\" decoding=\"async\" class=\"wp-image-631 aligncenter\" src=\"https:\/\/hydraulic-cylinders.net\/wp-content\/uploads\/2023\/08\/hydraulic-cylinder-product-6-300x225.webp\" alt=\"\" width=\"500\" height=\"375\" srcset=\"https:\/\/hydraulic-cylinders.net\/wp-content\/uploads\/2023\/08\/hydraulic-cylinder-product-6-300x225.webp 500w, https:\/\/hydraulic-cylinders.net\/wp-content\/uploads\/2023\/08\/hydraulic-cylinder-product-6-480x360.webp 480w\" sizes=\"(min-width: 0px) and (max-width: 480px) 480px, (min-width: 481px) 500px, 100vw\" \/><\/p>\n<p>Ponadto, posiadamy p\u00f3\u0142automatyczn\u0105 lini\u0119 produkcyjn\u0105 do lakierowania du\u017cych cylindr\u00f3w, zasilan\u0105 solidnym \u0142a\u0144cuchem nap\u0119dowym, o projektowanej wydajno\u015bci 60 skrzy\u0144 na zmian\u0119. To po\u0142\u0105czenie automatyzacji i wydajno\u015bci gwarantuje wysok\u0105 jako\u015b\u0107 wyko\u0144czenia wszystkich naszych cylindr\u00f3w hydraulicznych.<\/p>\n<h3><strong>(5) Testowanie<\/strong><\/h3>\n<p>Dysponujemy najwy\u017cszej klasy urz\u0105dzeniami kontrolnymi i stanowiskami testowymi, aby zapewni\u0107, \u017ce wydajno\u015b\u0107 cylindra spe\u0142nia wymagania.<\/p>\n<p><img loading=\"lazy\" decoding=\"async\" class=\"wp-image-632 aligncenter\" src=\"https:\/\/hydraulic-cylinders.net\/wp-content\/uploads\/2023\/08\/hydraulic-cylinder-product-8-300x200.webp\" alt=\"\" width=\"389\" height=\"260\" \/><\/p>\n<p>Jeste\u015bmy renomowanym producentem <a href=\"https:\/\/hzpt.com\/mobile-machinery-hydraulic-cylinder\/\" target=\"_blank\" rel=\"noopener\">si\u0142owniki hydrauliczne<\/a>, uznawana za jedn\u0105 z najlepszych w bran\u017cy. Nasza bogata oferta produkt\u00f3w obejmuje szeroki wyb\u00f3r si\u0142ownik\u00f3w hydraulicznych dostosowanych do r\u00f3\u017cnorodnych zastosowa\u0144. Opr\u00f3cz si\u0142ownik\u00f3w hydraulicznych, oferujemy r\u00f3wnie\u017c wysokiej jako\u015bci przek\u0142adnie rolnicze, zapewniaj\u0105c naszym klientom dost\u0119p do kompleksowych rozwi\u0105za\u0144 dostosowanych do ich potrzeb w zakresie maszyn.<\/p>\n<p>Dzi\u0119ki d\u0105\u017ceniu do doskona\u0142o\u015bci, z powodzeniem eksportujemy nasze produkty do klient\u00f3w na ca\u0142ym \u015bwiecie, zyskuj\u0105c ugruntowan\u0105 reputacj\u0119 dzi\u0119ki doskona\u0142ej jako\u015bci produkt\u00f3w i wyj\u0105tkowej obs\u0142udze posprzeda\u017cowej. Nasze zaanga\u017cowanie w zadowolenie klienta uczyni\u0142o nas zaufanym partnerem zar\u00f3wno na rynku krajowym, jak i mi\u0119dzynarodowym.<\/p>\n<h2><strong>Dlaczego warto nas wybra\u0107?<\/strong><\/h2>\n<p><img loading=\"lazy\" decoding=\"async\" class=\"size-full wp-image-7201 aligncenter\" src=\"https:\/\/www.hydraulic-cylinders.net\/wp-content\/uploads\/2024\/09\/mining-dump-steering-cylinder-hydraulics-on-trucks-8.webp\" alt=\"\" width=\"1110\" height=\"735\" srcset=\"https:\/\/www.hydraulic-cylinders.net\/wp-content\/uploads\/2024\/09\/mining-dump-steering-cylinder-hydraulics-on-trucks-8.webp 1110w, https:\/\/www.hydraulic-cylinders.net\/wp-content\/uploads\/2024\/09\/mining-dump-steering-cylinder-hydraulics-on-trucks-8-980x649.webp 980w, https:\/\/www.hydraulic-cylinders.net\/wp-content\/uploads\/2024\/09\/mining-dump-steering-cylinder-hydraulics-on-trucks-8-480x318.webp 480w\" sizes=\"(min-width: 0px) and (max-width: 480px) 480px, (min-width: 481px) and (max-width: 980px) 980px, (min-width: 981px) 1110px, 100vw\" \/><\/p>\n<p><strong>Ekspertyza zawodowa:<\/strong> Nasz zesp\u00f3\u0142 sk\u0142ada si\u0119 z profesjonalist\u00f3w z bran\u017cy, dysponuj\u0105cych szerok\u0105 wiedz\u0105 i do\u015bwiadczeniem w zakresie uk\u0142ad\u00f3w hydraulicznych, co gwarantuje dostarczanie najwy\u017cszej jako\u015bci produkt\u00f3w i us\u0142ug.<\/p>\n<p><strong>Certyfikaty mi\u0119dzynarodowe:<\/strong> Przestrzegamy rygorystycznych norm jako\u015bciowych i posiadamy szereg mi\u0119dzynarodowych certyfikat\u00f3w, kt\u00f3re potwierdzaj\u0105 nasze zaanga\u017cowanie w dostarczanie niezawodnych i bezpiecznych rozwi\u0105za\u0144 hydraulicznych.<\/p>\n<p><strong>Rozwi\u0105zania niestandardowe:<\/strong> Rozumiemy, \u017ce potrzeby ka\u017cdego klienta s\u0105 wyj\u0105tkowe. Dlatego oferujemy niestandardowe si\u0142owniki hydrauliczne i przek\u0142adnie, dostosowane do konkretnych wymaga\u0144.<\/p>\n<p><strong>Zaawansowany sprz\u0119t produkcyjny:<\/strong> Nasze najnowocze\u015bniejsze zak\u0142ady produkcyjne wykorzystuj\u0105 najnowsze technologie i urz\u0105dzenia, co pozwala nam na wydajn\u0105 produkcj\u0119 wysokiej jako\u015bci produkt\u00f3w.<\/p>\n<p><strong>Kompleksowe wsparcie posprzeda\u017cowe:<\/strong> Nasze zaanga\u017cowanie w sprawy klient\u00f3w wykracza poza sprzeda\u017c. Zapewniamy sta\u0142e wsparcie i us\u0142ugi konserwacyjne, aby zagwarantowa\u0107 optymaln\u0105 wydajno\u015b\u0107 naszych produkt\u00f3w.<\/p>\n<p>Zapraszamy klient\u00f3w z ca\u0142ego \u015bwiata do kontaktu z nami w celu negocjacji biznesowych, wymiany informacji i nawi\u0105zania wsp\u00f3\u0142pracy. Razem mo\u017cemy osi\u0105gn\u0105\u0107 wi\u0119kszy sukces w bran\u017cy hydraulicznej!<\/p>","protected":false},"excerpt":{"rendered":"<p>Equipment Roller Press Cement Cylinder The equipment roller press cement cylinder is a vital component in cement production, specifically designed to boost efficiency and productivity in manufacturing plants. Its exceptional characteristics and robust construction make it indispensable for effectively operating roller press machines. With its high-pressure resistance, precision manufacturing, and advanced sealing technology, the equipment [&hellip;]<\/p>","protected":false},"featured_media":1727,"comment_status":"open","ping_status":"closed","template":"","meta":{"_et_pb_use_builder":"","_et_pb_old_content":"","_et_gb_content_width":""},"product_brand":[],"product_cat":[1520,1549],"product_tag":[1380],"class_list":{"0":"post-1724","1":"product","2":"type-product","3":"status-publish","4":"has-post-thumbnail","6":"product_cat-concrete-equipment-hydraulic-cylinders","7":"product_cat-single-acting-hydraulic-cylinder","8":"product_tag-hydraulic-cylinder","10":"first","11":"instock","12":"shipping-taxable","13":"product-type-simple"},"amp_enabled":true,"_links":{"self":[{"href":"https:\/\/www.hydraulic-cylinders.net\/pl\/wp-json\/wp\/v2\/product\/1724","targetHints":{"allow":["GET"]}}],"collection":[{"href":"https:\/\/www.hydraulic-cylinders.net\/pl\/wp-json\/wp\/v2\/product"}],"about":[{"href":"https:\/\/www.hydraulic-cylinders.net\/pl\/wp-json\/wp\/v2\/types\/product"}],"replies":[{"embeddable":true,"href":"https:\/\/www.hydraulic-cylinders.net\/pl\/wp-json\/wp\/v2\/comments?post=1724"}],"wp:featuredmedia":[{"embeddable":true,"href":"https:\/\/www.hydraulic-cylinders.net\/pl\/wp-json\/wp\/v2\/media\/1727"}],"wp:attachment":[{"href":"https:\/\/www.hydraulic-cylinders.net\/pl\/wp-json\/wp\/v2\/media?parent=1724"}],"wp:term":[{"taxonomy":"product_brand","embeddable":true,"href":"https:\/\/www.hydraulic-cylinders.net\/pl\/wp-json\/wp\/v2\/product_brand?post=1724"},{"taxonomy":"product_cat","embeddable":true,"href":"https:\/\/www.hydraulic-cylinders.net\/pl\/wp-json\/wp\/v2\/product_cat?post=1724"},{"taxonomy":"product_tag","embeddable":true,"href":"https:\/\/www.hydraulic-cylinders.net\/pl\/wp-json\/wp\/v2\/product_tag?post=1724"}],"curies":[{"name":"wp","href":"https:\/\/api.w.org\/{rel}","templated":true}]}}