{"id":1728,"date":"2023-10-12T03:34:42","date_gmt":"2023-10-12T03:34:42","guid":{"rendered":"https:\/\/hydraulic-cylinders.net\/?post_type=product&#038;p=1728"},"modified":"2025-04-11T02:53:43","modified_gmt":"2025-04-11T02:53:43","slug":"cement-equipment-vertical-mill-cylinder","status":"publish","type":"product","link":"https:\/\/www.hydraulic-cylinders.net\/pl\/produkt\/cement-equipment-vertical-mill-cylinder\/","title":{"rendered":"M\u0142yn pionowy cylindryczny do sprz\u0119tu cementowego"},"content":{"rendered":"<h1 style=\"text-align: center;\"><strong>M\u0142yn pionowy cylindryczny do sprz\u0119tu cementowego<\/strong><\/h1>\n<p><img loading=\"lazy\" decoding=\"async\" class=\"aligncenter wp-image-1729\" src=\"https:\/\/hydraulic-cylinders.net\/wp-content\/uploads\/2023\/10\/vertical-mill-cylinder-1-300x300.webp\" alt=\"\" width=\"400\" height=\"400\" \/><\/p>\n<p>Walec m\u0142yna pionowego w urz\u0105dzeniach cementowych jest kluczowym elementem procesu produkcji cementu, zaprojektowanym w celu poprawy wydajno\u015bci i produktywno\u015bci w cementowniach. Ten cylinder odgrywa kluczow\u0105 rol\u0119 w pionowych m\u0142ynach walcowych, kt\u00f3re s\u0105 szeroko stosowane do mielenia surowc\u00f3w i klinkieru w przemy\u015ble cementowym.<\/p>\n<p>Pionowy m\u0142yn cylindryczny w urz\u0105dzeniach do produkcji cementu jest kluczowym elementem w produkcji cementu, zwi\u0119kszaj\u0105c wydajno\u015b\u0107 i produktywno\u015b\u0107 w cementowniach. Ten cylinder zapewnia niezawodn\u0105 i wydajn\u0105 prac\u0119 dzi\u0119ki solidnej konstrukcji, odporno\u015bci na wysokie ci\u015bnienie, precyzyjnej obr\u00f3bce i zaawansowanej technologii uszczelnie\u0144. Przestrzegaj\u0105c zalecanych metod u\u017cytkowania i konserwacji, mo\u017cna zmaksymalizowa\u0107 wydajno\u015b\u0107 i \u017cywotno\u015b\u0107 pionowego m\u0142yna cylindrycznego w urz\u0105dzeniach do produkcji cementu, co ostatecznie przek\u0142ada si\u0119 na popraw\u0119 wydajno\u015bci i rentowno\u015bci produkcji cementu.<\/p>\n<p>G\u0142\u00f3wne cechy m\u0142yna pionowego cylindra do produkcji cementu:<\/p>\n<ol>\n<li>Solidna konstrukcja:<\/li>\n<\/ol>\n<ul>\n<li>Zbudowany z materia\u0142\u00f3w najwy\u017cszej jako\u015bci, aby zapewni\u0107 trwa\u0142o\u015b\u0107 w wymagaj\u0105cych warunkach cementowni.<\/li>\n<li>Wytrzymuje du\u017ce obci\u0105\u017cenia i utrzymuje optymaln\u0105 wydajno\u015b\u0107 podczas procesu szlifowania.<\/li>\n<\/ul>\n<ol start=\"2\">\n<li>Odporno\u015b\u0107 na wysokie ci\u015bnienie:<\/li>\n<\/ol>\n<ul>\n<li>Specjalnie zaprojektowane, aby wytrzyma\u0107 wysokie ci\u015bnienia powszechnie spotykane w pionowych m\u0142ynach walcowych.<\/li>\n<li>Odpowiada za du\u017ce si\u0142y powstaj\u0105ce podczas mielenia surowc\u00f3w i klinkieru.<\/li>\n<\/ul>\n<ol start=\"3\">\n<li>Precyzyjna obr\u00f3bka:<\/li>\n<\/ol>\n<ul>\n<li>Poddaje si\u0119 precyzyjnemu procesowi obr\u00f3bki w celu uzyskania dok\u0142adnych wymiar\u00f3w i \u015bcis\u0142ych tolerancji.<\/li>\n<li>Umo\u017cliwia p\u0142ynny i precyzyjny ruch, przyczyniaj\u0105c si\u0119 do og\u00f3lnej wydajno\u015bci i efektywno\u015bci.<\/li>\n<\/ul>\n<ol start=\"4\">\n<li>Zaawansowana technologia uszczelniania:<\/li>\n<\/ol>\n<ul>\n<li>Wyposa\u017cony w zaawansowan\u0105 technologi\u0119 uszczelnie\u0144 zapobiegaj\u0105c\u0105 wyciekom p\u0142ynu hydraulicznego.<\/li>\n<li>Niezawodne uszczelnienie minimalizuje przestoje, zmniejsza koszty konserwacji i zwi\u0119ksza wydajno\u015b\u0107.<\/li>\n<\/ul>\n<h2><strong>Parametry cylindra m\u0142yna pionowego do urz\u0105dze\u0144 cementowych:<\/strong><\/h2>\n<table border=\"1\" cellspacing=\"0\" cellpadding=\"0\">\n<tbody>\n<tr>\n<td>Nazwa produktu<\/td>\n<td>M\u0142yn pionowy cylindryczny do sprz\u0119tu cementowego<\/td>\n<\/tr>\n<tr>\n<td>Cechy:<\/td>\n<td>Upewnij si\u0119, \u017ce g\u0142owica zaciskowa znajduje si\u0119 w \u015brodkowej pozycji<\/td>\n<\/tr>\n<tr>\n<td>\u015arednica otworu:<\/td>\n<td>200mm\uff5e700mm<\/td>\n<\/tr>\n<tr>\n<td>\u015arednica pr\u0119ta:<\/td>\n<td>130 mm\uff5e500 mm<br \/>\nSkok: \u2264500mm<\/td>\n<\/tr>\n<tr>\n<td>Si\u0142a ci\u0105gu:<\/td>\n<td>Maks. 5387 kN<br \/>\n(\u015arednica cylindra 700 mm\/ci\u015bnienie 14 MPa)<\/td>\n<\/tr>\n<tr>\n<td>Zastosowania m\u0142yn\u00f3w pionowych cylindrycznych do urz\u0105dze\u0144 cementowych:<\/td>\n<td>Sprz\u0119t cementowy<\/td>\n<\/tr>\n<\/tbody>\n<\/table>\n<div><\/div>\n<div>\n<div class=\"txtboxL\">Cechy:<\/div>\n<div class=\"txtboxR\">Zapewnij napi\u0119cie\/kontroluj odst\u0119p mi\u0119dzy rolkami szlifuj\u0105cymi<\/div>\n<div class=\"txtboxL\">Specyfikacja:<\/div>\n<div class=\"txtboxR\">\u015arednica otworu: 260 mm \u2013 540 mm<br \/>\n\u015arednica pr\u0119ta: 130 mm \u2013 265 mm<br \/>\nSkok: \u22644000mm<\/div>\n<div class=\"txtboxL\">Si\u0142a ci\u0105gu:<\/div>\n<div class=\"txtboxR\">Maks. 2646 kN<br \/>\n(\u015arednica cylindra 540 mm\/ci\u015bnienie 21 MPa)<\/div>\n<\/div>\n<h2><strong>Piec elektryczny <\/strong><strong> Fabryka cylindr\u00f3w:<\/strong><\/h2>\n<p><img loading=\"lazy\" decoding=\"async\" class=\"alignnone wp-image-1697 size-full\" src=\"https:\/\/hydraulic-cylinders.net\/wp-content\/uploads\/2023\/10\/filter-press-cylinder-1.webp\" alt=\"\" width=\"1418\" height=\"946\" srcset=\"https:\/\/hydraulic-cylinders.net\/wp-content\/uploads\/2023\/10\/filter-press-cylinder-1.webp 1418w, https:\/\/hydraulic-cylinders.net\/wp-content\/uploads\/2023\/10\/filter-press-cylinder-1-1280x854.webp 1280w, https:\/\/hydraulic-cylinders.net\/wp-content\/uploads\/2023\/10\/filter-press-cylinder-1-980x654.webp 980w, https:\/\/hydraulic-cylinders.net\/wp-content\/uploads\/2023\/10\/filter-press-cylinder-1-480x320.webp 480w\" sizes=\"(min-width: 0px) and (max-width: 480px) 480px, (min-width: 481px) and (max-width: 980px) 980px, (min-width: 981px) and (max-width: 1280px) 1280px, (min-width: 1281px) 1418px, 100vw\" \/><\/p>\n<h2><strong>Metoda u\u017cytkowania sprz\u0119tu cementowego M\u0142yn pionowy cylindryczny<\/strong><strong>:<\/strong><\/h2>\n<ol>\n<li><strong>Instalacja:<\/strong><\/li>\n<\/ol>\n<ul>\n<li>Aby zapewni\u0107 bezpieczny monta\u017c na m\u0142ynie walcowym pionowym, nale\u017cy post\u0119powa\u0107 zgodnie ze wskaz\u00f3wkami producenta.<\/li>\n<li>Aby zapewni\u0107 stabiln\u0105 i bezpieczn\u0105 prac\u0119, nale\u017cy zadba\u0107 o prawid\u0142owe ustawienie i zamocowanie.<\/li>\n<\/ul>\n<ol start=\"2\">\n<li><strong>Po\u0142\u0105czenie hydrauliczne:<\/strong><\/li>\n<\/ol>\n<ul>\n<li>Pod\u0142\u0105cz cylinder do uk\u0142adu hydraulicznego za pomoc\u0105 odpowiednich z\u0142\u0105czek i w\u0119\u017cy.<\/li>\n<li>Sprawd\u017a bezpiecze\u0144stwo po\u0142\u0105cze\u0144 i brak przeciek\u00f3w.<\/li>\n<\/ul>\n<ol start=\"3\">\n<li><strong>Kalibracja systemu:<\/strong><\/li>\n<\/ol>\n<ul>\n<li>Skalibruj uk\u0142ad hydrauliczny, aby zoptymalizowa\u0107 wydajno\u015b\u0107 cylindra.<\/li>\n<li>Dostosuj ustawienia ci\u015bnienia i nat\u0119\u017cenia przep\u0142ywu zgodnie z zaleceniami producenta.<\/li>\n<\/ul>\n<ol start=\"4\">\n<li><strong>Obs\u0142uga i kontrola:<\/strong><\/li>\n<\/ol>\n<ul>\n<li>Uruchomi\u0107 uk\u0142ad hydrauliczny w celu rozpocz\u0119cia pracy m\u0142yna walcowego pionowego.<\/li>\n<li>Cylinder wsp\u00f3\u0142pracuje z rolkami miel\u0105cymi, wywieraj\u0105c si\u0142\u0119 niezb\u0119dn\u0105 do mielenia i rozdrabniania.<\/li>\n<li>Monitoruj i reguluj po\u0142o\u017cenie, ci\u015bnienie i pr\u0119dko\u015b\u0107 cylindra za pomoc\u0105 panelu sterowania lub interfejsu.<\/li>\n<\/ul>\n<h2><strong>Jak odbudowa\u0107 cylindry hydrauliczne?<\/strong><\/h2>\n<p>Regeneracja cylindr\u00f3w hydraulicznych mo\u017ce pom\u00f3c przywr\u00f3ci\u0107 ich funkcjonalno\u015b\u0107 i wyd\u0142u\u017cy\u0107 ich \u017cywotno\u015b\u0107. Oto og\u00f3lny przewodnik dotycz\u0105cy regeneracji cylindr\u00f3w hydraulicznych:<\/p>\n<ol>\n<li><strong>Zbierz narz\u0119dzia i materia\u0142y:<\/strong>\n<ul>\n<li>R\u0119kawice i okulary ochronne<\/li>\n<li>Klucze i nasadki<\/li>\n<li>\u0141om lub narz\u0119dzie do usuwania uszczelek<\/li>\n<li>M\u0142otek gumowy lub m\u0142otek<\/li>\n<li>Zestaw naprawczy cylindra (zawiera uszczelki, pier\u015bcienie uszczelniaj\u0105ce i inne niezb\u0119dne elementy)<\/li>\n<li>P\u0142yn hydrauliczny<\/li>\n<li>Czyste szmatki lub r\u0119czniki<\/li>\n<\/ul>\n<\/li>\n<li><strong>\u015arodki ostro\u017cno\u015bci:<\/strong>\n<ul>\n<li>Przed rozpocz\u0119ciem procesu odbudowy nale\u017cy upewni\u0107 si\u0119, \u017ce uk\u0142ad hydrauliczny jest rozhermetyzowany, a cylinder ca\u0142kowicie schowany.<\/li>\n<li>Aby zabezpieczy\u0107 si\u0119 przed potencjalnymi zagro\u017ceniami, nale\u017cy nosi\u0107 r\u0119kawice i okulary ochronne.<\/li>\n<\/ul>\n<\/li>\n<li><strong>Wyjmij cylinder:<\/strong>\n<ul>\n<li>Od\u0142\u0105cz przewody hydrauliczne od cylindra za pomoc\u0105 kluczy lub nasadek.<\/li>\n<li>Za pomoc\u0105 \u0142omu lub narz\u0119dzia do usuwania uszczelek ostro\u017cnie wyjmij t\u0142ok lub uszczelk\u0119 z cylindra.<\/li>\n<li>Sprawd\u017a, czy elementy cylindra nie wykazuj\u0105 \u015blad\u00f3w uszkodze\u0144 lub zu\u017cycia.<\/li>\n<\/ul>\n<\/li>\n<li><strong>Demonta\u017c cylindra:<\/strong>\n<ul>\n<li>Ostro\u017cnie rozmontuj cylinder, usuwaj\u0105c pier\u015bcienie ustalaj\u0105ce lub \u015bruby mocuj\u0105ce poszczeg\u00f3lne elementy razem.<\/li>\n<li>Zwr\u00f3\u0107 uwag\u0119 na kolejno\u015b\u0107 i u\u0142o\u017cenie element\u00f3w, aby umo\u017cliwi\u0107 ich prawid\u0142owy ponowny monta\u017c.<\/li>\n<\/ul>\n<\/li>\n<li><strong>Wyczy\u015b\u0107 i sprawd\u017a:<\/strong>\n<ul>\n<li>Dok\u0142adnie wyczy\u015b\u0107 wszystkie elementy cylindra przy u\u017cyciu odpowiedniego rozpuszczalnika, aby usun\u0105\u0107 brud, zanieczyszczenia i stary p\u0142yn hydrauliczny.<\/li>\n<li>Sprawd\u017a komponenty pod k\u0105tem uszkodze\u0144, zu\u017cycia lub w\u017cer\u00f3w. Wymie\u0144 uszkodzone lub zu\u017cyte cz\u0119\u015bci.<\/li>\n<\/ul>\n<\/li>\n<li><strong>Wymie\u0144 uszczelki i pier\u015bcienie uszczelniaj\u0105ce:<\/strong>\n<ul>\n<li>Zapoznaj si\u0119 z zestawem naprawczym cylindra i zidentyfikuj odpowiednie uszczelki i pier\u015bcienie uszczelniaj\u0105ce, kt\u00f3re nale\u017cy wymieni\u0107.<\/li>\n<li>Zamontuj nowe uszczelki i pier\u015bcienie uszczelniaj\u0105ce zgodnie z instrukcjami producenta, u\u017cywaj\u0105c odpowiedniego \u015brodka smaruj\u0105cego.<\/li>\n<\/ul>\n<\/li>\n<li><strong>Ponowny monta\u017c cylindra:<\/strong>\n<ul>\n<li>Rozpocznij ponowny monta\u017c cylindra poprzez ostro\u017cne umieszczenie t\u0142oka lub uszczelki z powrotem w cylindrze.<\/li>\n<li>Za\u0142\u00f3\u017c ponownie pier\u015bcienie ustalaj\u0105ce lub \u015bruby, aby zabezpieczy\u0107 elementy razem.<\/li>\n<li>Podczas demonta\u017cu nale\u017cy zachowa\u0107 prawid\u0142ow\u0105 kolejno\u015b\u0107 i uk\u0142ad komponent\u00f3w.<\/li>\n<\/ul>\n<\/li>\n<li><strong>Przetestuj i zainstaluj ponownie:<\/strong>\n<ul>\n<li>Po ponownym z\u0142o\u017ceniu cylindra nale\u017cy r\u0119cznie sprawdzi\u0107 jego ruchomo\u015b\u0107, aby upewni\u0107 si\u0119, \u017ce dzia\u0142a p\u0142ynnie.<\/li>\n<li>Pod\u0142\u0105cz ponownie przewody hydrauliczne i upewnij si\u0119, \u017ce s\u0105 odpowiednio dokr\u0119cone.<\/li>\n<li>Nape\u0142nij uk\u0142ad hydrauliczny zalecanym p\u0142ynem hydraulicznym.<\/li>\n<\/ul>\n<\/li>\n<li><strong>Sprawd\u017a szczelno\u015b\u0107 i funkcjonalno\u015b\u0107:<\/strong>\n<ul>\n<li>Uruchom uk\u0142ad hydrauliczny i dok\u0142adnie sprawd\u017a cylinder pod k\u0105tem ewentualnych wyciek\u00f3w.<\/li>\n<li>Monitoruj dzia\u0142anie cylindra i upewnij si\u0119, \u017ce dzia\u0142a on p\u0142ynnie, bez \u017cadnych problem\u00f3w.<\/li>\n<\/ul>\n<\/li>\n<\/ol>\n<h2><strong>Mo\u017cliwo\u015bci i pojemno\u015b\u0107 fabryki:<\/strong><\/h2>\n<h3>(1) Monta\u017c<\/h3>\n<p>Dysponujemy najwy\u017cszej klasy niezale\u017cn\u0105 platform\u0105 badawczo-rozwojow\u0105. Warsztat produkcji si\u0142ownik\u00f3w hydraulicznych posiada cztery p\u00f3\u0142automatyczne linie monta\u017cowe si\u0142ownik\u00f3w podnosz\u0105cych i jedn\u0105 automatyczn\u0105 lini\u0119 monta\u017cow\u0105 si\u0142ownik\u00f3w przechy\u0142u, o projektowanej rocznej zdolno\u015bci produkcyjnej 1 miliona sztuk. Specjalny warsztat cylindr\u00f3w jest wyposa\u017cony w r\u00f3\u017cne specyfikacje p\u00f3\u0142automatycznego systemu monta\u017cu czyszcz\u0105cego o projektowanej rocznej zdolno\u015bci produkcyjnej 200 000 i wyposa\u017cony w s\u0142ynny sprz\u0119t do obr\u00f3bki CNC, centrum obr\u00f3bcze, specjalny sprz\u0119t do precyzyjnej obr\u00f3bki cylindr\u00f3w, robot spawalniczy, automatyczna maszyna czyszcz\u0105ca, automatyczna maszyna do monta\u017cu cylindr\u00f3w i automatyczna linia produkcyjna do malowania. Istniej\u0105cy krytyczny sprz\u0119t sk\u0142ada si\u0119 z ponad 300 zestaw\u00f3w. Optymalna alokacja i efektywne wykorzystanie zasob\u00f3w sprz\u0119towych zapewniaj\u0105 wymagania dotycz\u0105ce dok\u0142adno\u015bci produkt\u00f3w i spe\u0142niaj\u0105 potrzeby wysokiej jako\u015bci produkt\u00f3w.<\/p>\n<p><img loading=\"lazy\" decoding=\"async\" class=\"alignnone wp-image-626\" src=\"https:\/\/hydraulic-cylinders.net\/wp-content\/uploads\/2023\/08\/hydraulic-cylinder-product-1-300x158.webp\" alt=\"\" width=\"495\" height=\"260\" srcset=\"https:\/\/hydraulic-cylinders.net\/wp-content\/uploads\/2023\/08\/hydraulic-cylinder-product-1-300x158.webp 495w, https:\/\/hydraulic-cylinders.net\/wp-content\/uploads\/2023\/08\/hydraulic-cylinder-product-1-480x252.webp 480w\" sizes=\"(min-width: 0px) and (max-width: 480px) 480px, (min-width: 481px) 495px, 100vw\" \/> <img loading=\"lazy\" decoding=\"async\" class=\"alignnone wp-image-627\" src=\"https:\/\/hydraulic-cylinders.net\/wp-content\/uploads\/2023\/08\/hydraulic-cylinder-product-2-300x189.webp\" alt=\"\" width=\"413\" height=\"260\" \/><\/p>\n<h3>(2) Obr\u00f3bka<\/h3>\n<p>Warsztat obr\u00f3bki skrawaniem jest wyposa\u017cony w niestandardowe centrum tokarskie z pochylon\u0105 szyn\u0105, centrum obr\u00f3bcze, szybkobie\u017cn\u0105 honownic\u0119, robota spawalniczego i inny powi\u0105zany sprz\u0119t, kt\u00f3ry mo\u017ce obs\u0142ugiwa\u0107 przetwarzanie rur cylindrycznych o maksymalnej \u015brednicy wewn\u0119trznej 400 mm i maksymalnej d\u0142ugo\u015bci 6 metr\u00f3w.<\/p>\n<p><img loading=\"lazy\" decoding=\"async\" class=\"alignnone wp-image-628 size-large\" src=\"https:\/\/hydraulic-cylinders.net\/wp-content\/uploads\/2023\/08\/hydraulic-cylinder-product-3-1024x391.webp\" alt=\"\" width=\"1024\" height=\"391\" srcset=\"https:\/\/hydraulic-cylinders.net\/wp-content\/uploads\/2023\/08\/hydraulic-cylinder-product-3-980x374.webp 980w, https:\/\/hydraulic-cylinders.net\/wp-content\/uploads\/2023\/08\/hydraulic-cylinder-product-3-480x183.webp 480w\" sizes=\"(min-width: 0px) and (max-width: 480px) 480px, (min-width: 481px) and (max-width: 980px) 980px, (min-width: 981px) 1024px, 100vw\" \/><\/p>\n<h3>(3) Spawanie<\/h3>\n<p><img loading=\"lazy\" decoding=\"async\" class=\"alignnone wp-image-629 size-large\" src=\"https:\/\/hydraulic-cylinders.net\/wp-content\/uploads\/2023\/08\/hydraulic-cylinder-product-4-1024x510.webp\" alt=\"\" width=\"1024\" height=\"510\" srcset=\"https:\/\/hydraulic-cylinders.net\/wp-content\/uploads\/2023\/08\/hydraulic-cylinder-product-4-980x488.webp 980w, https:\/\/hydraulic-cylinders.net\/wp-content\/uploads\/2023\/08\/hydraulic-cylinder-product-4-480x239.webp 480w\" sizes=\"(min-width: 0px) and (max-width: 480px) 480px, (min-width: 481px) and (max-width: 980px) 980px, (min-width: 981px) 1024px, 100vw\" \/><\/p>\n<h3>(4) Malowanie i powlekanie<\/h3>\n<p>Z ma\u0142ymi i \u015brednimi automatycznymi liniami do powlekania farbami na bazie wody, w celu osi\u0105gni\u0119cia automatycznego za\u0142adunku i roz\u0142adunku robota oraz automatycznego natryskiwania, wydajno\u015b\u0107 projektowa 4000 sztuk na zmian\u0119;<br \/>\nPosiadamy r\u00f3wnie\u017c p\u00f3\u0142automatyczn\u0105 lini\u0119 do produkcji farb do du\u017cych cylindr\u00f3w nap\u0119dzan\u0105 \u0142a\u0144cuchem nap\u0119dowym, o wydajno\u015bci 60 skrzy\u0144 na zmian\u0119.<\/p>\n<p><img loading=\"lazy\" decoding=\"async\" class=\"alignnone wp-image-630\" src=\"https:\/\/hydraulic-cylinders.net\/wp-content\/uploads\/2023\/08\/hydraulic-cylinder-product-5-300x213.webp\" alt=\"\" width=\"366\" height=\"260\" \/> <img loading=\"lazy\" decoding=\"async\" class=\"alignnone wp-image-631\" src=\"https:\/\/hydraulic-cylinders.net\/wp-content\/uploads\/2023\/08\/hydraulic-cylinder-product-6-300x225.webp\" alt=\"\" width=\"347\" height=\"260\" \/><\/p>\n<h3>(5) Testowanie<\/h3>\n<p>Dysponujemy najwy\u017cszej klasy urz\u0105dzeniami kontrolnymi i stanowiskami testowymi, aby zapewni\u0107, \u017ce wydajno\u015b\u0107 cylindra spe\u0142nia wymagania.<\/p>\n<p><img loading=\"lazy\" decoding=\"async\" class=\"alignnone wp-image-632\" src=\"https:\/\/hydraulic-cylinders.net\/wp-content\/uploads\/2023\/08\/hydraulic-cylinder-product-8-300x200.webp\" alt=\"\" width=\"389\" height=\"260\" \/><\/p>\n<p>&nbsp;<\/p>\n<p>&nbsp;<\/p>\n<p>Jeste\u015bmy jednym z najlepszych producent\u00f3w cylindr\u00f3w hydraulicznych. Oferujemy kompleksow\u0105 ofert\u0119 cylindr\u00f3w hydraulicznych. Dostarczamy r\u00f3wnie\u017c\u2026 <a href=\"https:\/\/hzpt.com\/agricultural-pto-gearbox\/\" target=\"_blank\" rel=\"noopener\">przek\u0142adnie rolnicze<\/a>. Eksportowali\u015bmy nasze produkty do klient\u00f3w na ca\u0142ym \u015bwiecie i zdobyli\u015bmy dobr\u0105 reputacj\u0119 dzi\u0119ki najwy\u017cszej jako\u015bci produkt\u00f3w i us\u0142ug posprzeda\u017cnych. Zapraszamy klient\u00f3w w kraju i za granic\u0105 do kontaktu z nami w celu negocjacji biznesowych, wymiany informacji i <a href=\"https:\/\/www.hydraulic-cylinders.net\/pl\/contact-us\/\">wsp\u00f3\u0142pracowa\u0107 z nami<\/a>!<\/p>","protected":false},"excerpt":{"rendered":"<p>Cement Equipment Vertical Mill Cylinder The cement equipment vertical mill cylinder is a crucial component in the cement manufacturing process, designed to improve efficiency and productivity in cement plants. This cylinder plays a vital role in vertical roller mills, which are widely used for grinding raw materials and clinker in the cement industry. The cement [&hellip;]<\/p>","protected":false},"featured_media":1730,"comment_status":"open","ping_status":"closed","template":"","meta":{"_et_pb_use_builder":"","_et_pb_old_content":"","_et_gb_content_width":""},"product_brand":[],"product_cat":[1520,1549],"product_tag":[1380],"class_list":{"0":"post-1728","1":"product","2":"type-product","3":"status-publish","4":"has-post-thumbnail","6":"product_cat-concrete-equipment-hydraulic-cylinders","7":"product_cat-single-acting-hydraulic-cylinder","8":"product_tag-hydraulic-cylinder","10":"first","11":"instock","12":"shipping-taxable","13":"product-type-simple"},"amp_enabled":true,"_links":{"self":[{"href":"https:\/\/www.hydraulic-cylinders.net\/pl\/wp-json\/wp\/v2\/product\/1728","targetHints":{"allow":["GET"]}}],"collection":[{"href":"https:\/\/www.hydraulic-cylinders.net\/pl\/wp-json\/wp\/v2\/product"}],"about":[{"href":"https:\/\/www.hydraulic-cylinders.net\/pl\/wp-json\/wp\/v2\/types\/product"}],"replies":[{"embeddable":true,"href":"https:\/\/www.hydraulic-cylinders.net\/pl\/wp-json\/wp\/v2\/comments?post=1728"}],"wp:featuredmedia":[{"embeddable":true,"href":"https:\/\/www.hydraulic-cylinders.net\/pl\/wp-json\/wp\/v2\/media\/1730"}],"wp:attachment":[{"href":"https:\/\/www.hydraulic-cylinders.net\/pl\/wp-json\/wp\/v2\/media?parent=1728"}],"wp:term":[{"taxonomy":"product_brand","embeddable":true,"href":"https:\/\/www.hydraulic-cylinders.net\/pl\/wp-json\/wp\/v2\/product_brand?post=1728"},{"taxonomy":"product_cat","embeddable":true,"href":"https:\/\/www.hydraulic-cylinders.net\/pl\/wp-json\/wp\/v2\/product_cat?post=1728"},{"taxonomy":"product_tag","embeddable":true,"href":"https:\/\/www.hydraulic-cylinders.net\/pl\/wp-json\/wp\/v2\/product_tag?post=1728"}],"curies":[{"name":"wp","href":"https:\/\/api.w.org\/{rel}","templated":true}]}}