{"id":17320,"date":"2025-03-06T08:23:45","date_gmt":"2025-03-06T08:23:45","guid":{"rendered":"https:\/\/www.hydraulic-cylinders.net\/?post_type=product&#038;p=17320"},"modified":"2025-04-11T05:27:14","modified_gmt":"2025-04-11T05:27:14","slug":"zg-series-hydraulic-cylinders-for-harvesting-machinery","status":"publish","type":"product","link":"https:\/\/www.hydraulic-cylinders.net\/pl\/produkt\/zg-series-hydraulic-cylinders-for-harvesting-machinery\/","title":{"rendered":"Si\u0142owniki hydrauliczne serii ZG do maszyn \u017cniwnych"},"content":{"rendered":"<h1 style=\"text-align: center;\"><strong>Si\u0142owniki hydrauliczne serii ZG do maszyn \u017cniwnych\u00a0<img loading=\"lazy\" decoding=\"async\" class=\"alignnone wp-image-17302\" src=\"https:\/\/www.hydraulic-cylinders.net\/wp-content\/uploads\/2025\/03\/Zg-And-Hsg-Series-Hydraulic-Cylinders-For-Harvesting-Machinery-2.webp\" alt=\"\" width=\"500\" height=\"500\" \/><br \/>\n<\/strong><\/h1>\n<p>Si\u0142owniki hydrauliczne serii ZG zosta\u0142y zaprojektowane specjalnie w celu zwi\u0119kszenia wydajno\u015bci i osi\u0105g\u00f3w maszyn \u017cniwnych. Odgrywaj\u0105 one kluczow\u0105 rol\u0119 w r\u00f3\u017cnych zastosowaniach rolniczych, umo\u017cliwiaj\u0105c precyzyjn\u0105 kontrol\u0119 i wydajn\u0105 prac\u0119, niezb\u0119dn\u0105 w nowoczesnym rolnictwie. Koncentruj\u0105c si\u0119 na niezawodno\u015bci i trwa\u0142o\u015bci, seria ZG spe\u0142nia wysokie wymagania sektora rolniczego, zapewniaj\u0105c p\u0142ynn\u0105 i wydajn\u0105 prac\u0119 kombajn\u00f3w.<\/p>\n<p>Si\u0142owniki hydrauliczne serii ZG do maszyn \u017cniwnych oferuj\u0105 niezawodne i wydajne rozwi\u0105zanie dla nowoczesnych potrzeb rolnictwa. Dzi\u0119ki du\u017cej no\u015bno\u015bci, solidnej konstrukcji i zaawansowanej technologii uszczelnie\u0144, si\u0142owniki te zwi\u0119kszaj\u0105 wydajno\u015b\u0107 maszyn \u017cniwnych. Przestrzegaj\u0105c zalecanych zasad u\u017cytkowania i konserwacji, operatorzy mog\u0105 zapewni\u0107 optymaln\u0105 prac\u0119 maszyn, przyczyniaj\u0105c si\u0119 do udanych zbior\u00f3w i zwi\u0119kszonej wydajno\u015bci w polu. Inwestycja w si\u0142owniki hydrauliczne serii ZG to wyb\u00f3r trwa\u0142o\u015bci, wydajno\u015bci i precyzji w rolnictwie.<\/p>\n<h2><strong>Parametry si\u0142ownik\u00f3w hydraulicznych serii ZG do maszyn \u017cniwnych:<\/strong><\/h2>\n<h1 style=\"text-align: center;\"><strong><img loading=\"lazy\" decoding=\"async\" class=\"alignnone size-full wp-image-17300\" src=\"https:\/\/www.hydraulic-cylinders.net\/wp-content\/uploads\/2025\/03\/Zg-And-Hsg-Series-Hydraulic-Cylinders-For-Harvesting-Machinery-parameter.webp\" alt=\"\" width=\"2265\" height=\"607\" srcset=\"https:\/\/www.hydraulic-cylinders.net\/wp-content\/uploads\/2025\/03\/Zg-And-Hsg-Series-Hydraulic-Cylinders-For-Harvesting-Machinery-parameter.webp 2265w, https:\/\/www.hydraulic-cylinders.net\/wp-content\/uploads\/2025\/03\/Zg-And-Hsg-Series-Hydraulic-Cylinders-For-Harvesting-Machinery-parameter-1280x343.webp 1280w, https:\/\/www.hydraulic-cylinders.net\/wp-content\/uploads\/2025\/03\/Zg-And-Hsg-Series-Hydraulic-Cylinders-For-Harvesting-Machinery-parameter-980x263.webp 980w, https:\/\/www.hydraulic-cylinders.net\/wp-content\/uploads\/2025\/03\/Zg-And-Hsg-Series-Hydraulic-Cylinders-For-Harvesting-Machinery-parameter-480x129.webp 480w\" sizes=\"(min-width: 0px) and (max-width: 480px) 480px, (min-width: 481px) and (max-width: 980px) 980px, (min-width: 981px) and (max-width: 1280px) 1280px, (min-width: 1281px) 2265px, 100vw\" \/><\/strong><\/h1>\n<h2><strong>G\u0142\u00f3wne cechy si\u0142ownik\u00f3w hydraulicznych serii ZG do maszyn \u017cniwnych:<\/strong><\/h2>\n<h4><strong>Wysoka \u0142adowno\u015b\u0107<\/strong><\/h4>\n<p>Si\u0142owniki hydrauliczne serii ZG zosta\u0142y precyzyjnie zaprojektowane, aby obs\u0142ugiwa\u0107 znaczne obci\u0105\u017cenia, co czyni je niezb\u0119dnymi w maszynach \u017cniwnych. Imponuj\u0105cy ud\u017awig pozwala operatorom z \u0142atwo\u015bci\u0105 podnosi\u0107 i manewrowa\u0107 ci\u0119\u017ckimi elementami, znacznie zwi\u0119kszaj\u0105c wydajno\u015b\u0107 operacyjn\u0105. W rezultacie zadania, kt\u00f3re kiedy\u015b wymaga\u0142y znacznego nak\u0142adu czasu i wysi\u0142ku, teraz mo\u017cna wykona\u0107 szybko i skutecznie. Niezale\u017cnie od tego, czy chodzi o du\u017ce plony, czy o rozleg\u0142y sprz\u0119t \u017cniwny, si\u0142owniki te pozwalaj\u0105 operatorom maksymalizowa\u0107 wydajno\u015b\u0107 i usprawnia\u0107 przep\u0142yw pracy.<\/p>\n<h4><strong>Solidna konstrukcja<\/strong><\/h4>\n<p>Wykonane z wysokiej jako\u015bci materia\u0142\u00f3w, si\u0142owniki serii ZG charakteryzuj\u0105 si\u0119 wyj\u0105tkow\u0105 trwa\u0142o\u015bci\u0105, dzi\u0119ki czemu wytrzymuj\u0105 trudy trudnych warunk\u00f3w rolniczych. Ich solidna konstrukcja jest odporna na zu\u017cycie, zapewniaj\u0105c d\u0142ugowieczno\u015b\u0107 nawet przy intensywnym u\u017cytkowaniu. Ta wytrzyma\u0142o\u015b\u0107 przek\u0142ada si\u0119 na mniejsze potrzeby konserwacyjne, pozwalaj\u0105c operatorom skupi\u0107 si\u0119 na swojej pracy, a nie na cz\u0119stych naprawach. Inwestuj\u0105c w te trwa\u0142e si\u0142owniki, u\u017cytkownicy mog\u0105 liczy\u0107 na d\u0142ug\u0105 \u017cywotno\u015b\u0107 sprz\u0119tu \u017cniwnego, co ostatecznie przek\u0142ada si\u0119 na ni\u017csze koszty operacyjne i wi\u0119ksz\u0105 niezawodno\u015b\u0107 w terenie.<\/p>\n<h4><strong>In\u017cynieria precyzyjna<\/strong><\/h4>\n<p>Ka\u017cdy si\u0142ownik hydrauliczny serii ZG przechodzi skrupulatny proces produkcyjny, w kt\u00f3rym priorytetem jest precyzja. Ta dba\u0142o\u015b\u0107 o szczeg\u00f3\u0142y przek\u0142ada si\u0119 na dok\u0142adne wymiary i optymaln\u0105 wydajno\u015b\u0107 hydrauliczn\u0105, co jest kluczowe dla efektywnego dzia\u0142ania. Dzi\u0119ki precyzyjnej konstrukcji si\u0142owniki te zapewniaj\u0105 p\u0142ynniejsze ruchy i lepsz\u0105 kontrol\u0119 podczas zbior\u00f3w. Operatorzy mog\u0105 pewnie wykonywa\u0107 skomplikowane manewry, co sprawia, \u017ce \u200b\u200bproces zbior\u00f3w jest nie tylko bardziej wydajny, ale i efektywny. Ten poziom precyzji zwi\u0119ksza og\u00f3ln\u0105 wydajno\u015b\u0107 i gwarantuje, \u017ce ka\u017cde zadanie jest wykonywane zgodnie z najwy\u017cszymi standardami.<\/p>\n<h4><strong>Wszechstronna kompatybilno\u015b\u0107<\/strong><\/h4>\n<p>Si\u0142owniki serii ZG zosta\u0142y zaprojektowane z my\u015bl\u0105 o wszechstronno\u015bci, dzi\u0119ki czemu pasuj\u0105 do szerokiej gamy modeli maszyn \u017cniwnych. Ta kompatybilno\u015b\u0107 sprawia, \u017ce \u200b\u200bintegracja z istniej\u0105cym sprz\u0119tem jest bezproblemowa i prosta. Operatorzy doceniaj\u0105 elastyczno\u015b\u0107 wykorzystania tych si\u0142ownik\u00f3w w r\u00f3\u017cnych zastosowaniach rolniczych bez konieczno\u015bci wprowadzania rozleg\u0142ych modyfikacji. Ta elastyczno\u015b\u0107 nie tylko upraszcza obs\u0142ug\u0119, ale tak\u017ce zwi\u0119ksza og\u00f3ln\u0105 funkcjonalno\u015b\u0107 maszyn \u017cniwnych, czyni\u0105c seri\u0119 ZG idealnym wyborem dla zr\u00f3\u017cnicowanych potrzeb rolniczych.<\/p>\n<h4><strong>Zaawansowana technologia uszczelniania<\/strong><\/h4>\n<p>Wyposa\u017cone w najnowocze\u015bniejsz\u0105 technologi\u0119 uszczelnie\u0144, si\u0142owniki hydrauliczne serii ZG skutecznie minimalizuj\u0105 wycieki i zmniejszaj\u0105 ryzyko utraty p\u0142ynu hydraulicznego. Ta innowacyjna funkcja nie tylko zwi\u0119ksza wydajno\u015b\u0107, ale tak\u017ce znacz\u0105co obni\u017ca koszty konserwacji. Zapobiegaj\u0105c wyciekom, si\u0142owniki te zapewniaj\u0105 maksymaln\u0105 wydajno\u015b\u0107 uk\u0142adu hydraulicznego, pozwalaj\u0105c operatorom skupi\u0107 si\u0119 na swoich zadaniach bez rozpraszania uwagi przez potencjalne awarie. Zaawansowana technologia uszczelnie\u0144 przyczynia si\u0119 do bardziej niezawodnego i wydajnego \u015brodowiska pracy, co przek\u0142ada si\u0119 na korzy\u015bci dla ca\u0142ego sektora rolniczego.<\/p>\n<p>Si\u0142owniki hydrauliczne serii ZG wyr\u00f3\u017cniaj\u0105 si\u0119 w sektorze rolniczym, \u0142\u0105cz\u0105c wysok\u0105 no\u015bno\u015b\u0107, solidn\u0105 konstrukcj\u0119, precyzj\u0119 wykonania, wszechstronn\u0105 kompatybilno\u015b\u0107 i zaawansowan\u0105 technologi\u0119 uszczelnie\u0144. Te cechy nie tylko zwi\u0119kszaj\u0105 wydajno\u015b\u0107 maszyn \u017cniwnych, ale tak\u017ce przyczyniaj\u0105 si\u0119 do bardziej wydajnej i niezawodnej pracy w rolnictwie. Wybieraj\u0105c si\u0142owniki serii ZG, operatorzy wyposa\u017caj\u0105 si\u0119 w narz\u0119dzia niezb\u0119dne do osi\u0105gni\u0119cia sukcesu w dzisiejszym wymagaj\u0105cym rolnictwie.<\/p>\n<h2><strong>Si\u0142owniki hydrauliczne serii ZG do maszyn \u017cniwnych Zastosowanie:<\/strong><\/h2>\n<h1 style=\"text-align: center;\"><strong><img loading=\"lazy\" decoding=\"async\" class=\"alignnone size-full wp-image-17301\" src=\"https:\/\/www.hydraulic-cylinders.net\/wp-content\/uploads\/2025\/03\/Zg-And-Hsg-Series-Hydraulic-Cylinders-For-Harvesting-Machinery-1.webp\" alt=\"\" width=\"2481\" height=\"685\" srcset=\"https:\/\/www.hydraulic-cylinders.net\/wp-content\/uploads\/2025\/03\/Zg-And-Hsg-Series-Hydraulic-Cylinders-For-Harvesting-Machinery-1.webp 2481w, https:\/\/www.hydraulic-cylinders.net\/wp-content\/uploads\/2025\/03\/Zg-And-Hsg-Series-Hydraulic-Cylinders-For-Harvesting-Machinery-1-1280x353.webp 1280w, https:\/\/www.hydraulic-cylinders.net\/wp-content\/uploads\/2025\/03\/Zg-And-Hsg-Series-Hydraulic-Cylinders-For-Harvesting-Machinery-1-980x271.webp 980w, https:\/\/www.hydraulic-cylinders.net\/wp-content\/uploads\/2025\/03\/Zg-And-Hsg-Series-Hydraulic-Cylinders-For-Harvesting-Machinery-1-480x133.webp 480w\" sizes=\"(min-width: 0px) and (max-width: 480px) 480px, (min-width: 481px) and (max-width: 980px) 980px, (min-width: 981px) and (max-width: 1280px) 1280px, (min-width: 1281px) 2481px, 100vw\" \/><\/strong><\/h1>\n<h2><strong>Si\u0142owniki hydrauliczne serii ZG do maszyn \u017cniwnych Spos\u00f3b u\u017cycia:<\/strong><\/h2>\n<p>Korzystanie z si\u0142ownik\u00f3w hydraulicznych serii HSG to prosty proces, dzi\u0119ki czemu s\u0105 one \u0142atwo dost\u0119pne i przyjazne dla operator\u00f3w w bran\u017cy budowlanej. Oto szczeg\u00f3\u0142owy opis poszczeg\u00f3lnych krok\u00f3w:<\/p>\n<h4><strong>Instalacja<\/strong><\/h4>\n<p>Monta\u017c si\u0142ownik\u00f3w hydraulicznych serii HSG zosta\u0142 zaprojektowany z my\u015bl\u0105 o bezproblemowym monta\u017cu. Ka\u017cdy si\u0142ownik jest wyposa\u017cony w standardowe przy\u0142\u0105cza, kt\u00f3re umo\u017cliwiaj\u0105 szybk\u0105 i bezpieczn\u0105 instalacj\u0119 na r\u00f3\u017cnych maszynach budowlanych. Operatorzy mog\u0105 \u0142atwo ustawi\u0107 i zamontowa\u0107 si\u0142owniki bez konieczno\u015bci u\u017cywania specjalistycznych narz\u0119dzi lub intensywnego szkolenia. Ta \u0142atwo\u015b\u0107 monta\u017cu minimalizuje przestoje, umo\u017cliwiaj\u0105c maszynom szybki i sprawny powr\u00f3t do pracy.<\/p>\n<h4><strong>Po\u0142\u0105czenie hydrauliczne<\/strong><\/h4>\n<p>Po monta\u017cu, kolejnym krokiem jest pod\u0142\u0105czenie przewod\u00f3w hydraulicznych do cylindra. Nale\u017cy upewni\u0107 si\u0119, \u017ce p\u0142yn hydrauliczny przep\u0142ywa we w\u0142a\u015bciwym kierunku, aby uzyska\u0107 po\u017c\u0105dane ruchy. Przejrzyste oznaczenia i kolorowe oznaczenia po\u0142\u0105cze\u0144 upraszczaj\u0105 ten proces, umo\u017cliwiaj\u0105c operatorom pewne pod\u0142\u0105czanie. Prawid\u0142owe pod\u0142\u0105czenie hydrauliczne maksymalizuje wydajno\u015b\u0107, zapewniaj\u0105c p\u0142ynn\u0105 i responsywn\u0105 prac\u0119 cylindr\u00f3w, co jest kluczowe dla precyzyjnej kontroli podczas pracy.<\/p>\n<h4><strong>Dzia\u0142anie<\/strong><\/h4>\n<p>Dzi\u0119ki bezpiecznemu monta\u017cowi i pod\u0142\u0105czeniu si\u0142ownik\u00f3w hydraulicznych serii HSG operatorzy mog\u0105 teraz przej\u0105\u0107 kontrol\u0119 nad maszynami. Wykorzystuj\u0105c uk\u0142ad hydrauliczny, mog\u0105 wykonywa\u0107 szeroki zakres ruch\u00f3w, od podnoszenia ci\u0119\u017ckich \u0142adunk\u00f3w po skomplikowane manewry. Intuicyjne sterowanie pozwala na precyzyjn\u0105 regulacj\u0119, umo\u017cliwiaj\u0105c operatorom wykonywanie zada\u0144 z precyzj\u0105 i wydajno\u015bci\u0105. Niezale\u017cnie od tego, czy chodzi o podnoszenie, opuszczanie, czy przechylanie, si\u0142owniki te zapewniaj\u0105 responsywno\u015b\u0107 niezb\u0119dn\u0105 do efektywnego sprostania wyzwaniom zwi\u0105zanym z pracami budowlanymi.<\/p>\n<h4><strong>Monitorowanie<\/strong><\/h4>\n<p>Aby zapewni\u0107 optymaln\u0105 wydajno\u015b\u0107, niezb\u0119dne jest regularne monitorowanie uk\u0142adu hydraulicznego. Operatorzy powinni regularnie sprawdza\u0107 poziom i ci\u015bnienie p\u0142ynu hydraulicznego. To proaktywne podej\u015bcie pomaga zidentyfikowa\u0107 potencjalne problemy, zanim si\u0119 nasil\u0105, zapewniaj\u0105c maksymaln\u0105 wydajno\u015b\u0107 maszyn. Monitorowanie tych parametr\u00f3w nie tylko wyd\u0142u\u017ca \u017cywotno\u015b\u0107 si\u0142ownik\u00f3w hydraulicznych, ale tak\u017ce poprawia og\u00f3lne bezpiecze\u0144stwo w miejscu pracy. Zachowuj\u0105c czujno\u015b\u0107, operatorzy mog\u0105 zapewni\u0107 niezawodno\u015b\u0107 i ci\u0105g\u0142\u0105 gotowo\u015b\u0107 sprz\u0119tu do pracy.<\/p>\n<p>Si\u0142owniki hydrauliczne serii HSG oferuj\u0105 \u0142atwo\u015b\u0107 obs\u0142ugi, od monta\u017cu, przez obs\u0142ug\u0119, po konserwacj\u0119. Ich prosta obs\u0142uga pozwala profesjonalistom budowlanym maksymalizowa\u0107 produktywno\u015b\u0107 i wydajno\u015b\u0107, gwarantuj\u0105c im pewno\u015b\u0107 realizacji ka\u017cdego projektu. Wybieraj\u0105c HSG, operatorzy inwestuj\u0105 w niezawodne rozwi\u0105zanie hydrauliczne, kt\u00f3re upraszcza ich proces pracy, zapewniaj\u0105c jednocze\u015bnie wyj\u0105tkow\u0105 wydajno\u015b\u0107.<\/p>\n<h2><strong>Sprz\u0119t testowy:<\/strong><\/h2>\n<p><strong><img loading=\"lazy\" decoding=\"async\" class=\"alignnone size-full wp-image-17293\" src=\"https:\/\/www.hydraulic-cylinders.net\/wp-content\/uploads\/2025\/03\/test-equipment.webp-2.webp\" alt=\"\" width=\"1932\" height=\"1741\" srcset=\"https:\/\/www.hydraulic-cylinders.net\/wp-content\/uploads\/2025\/03\/test-equipment.webp-2.webp 1932w, https:\/\/www.hydraulic-cylinders.net\/wp-content\/uploads\/2025\/03\/test-equipment.webp-2-1280x1153.webp 1280w, https:\/\/www.hydraulic-cylinders.net\/wp-content\/uploads\/2025\/03\/test-equipment.webp-2-980x883.webp 980w, https:\/\/www.hydraulic-cylinders.net\/wp-content\/uploads\/2025\/03\/test-equipment.webp-2-480x433.webp 480w\" sizes=\"(min-width: 0px) and (max-width: 480px) 480px, (min-width: 481px) and (max-width: 980px) 980px, (min-width: 981px) and (max-width: 1280px) 1280px, (min-width: 1281px) 1932px, 100vw\" \/><\/strong><\/p>\n<ul>\n<li>1: Komora testowa do mg\u0142y solnej<\/li>\n<li>2: Analiza chemiczna<\/li>\n<li>3: Maszyna do badania wytrzyma\u0142o\u015bci na rozci\u0105ganie<\/li>\n<li>4: Twardo\u015bciomierz Rockwella<\/li>\n<li>5: Maszyna do testowania czysto\u015bci<\/li>\n<li>6: Tester twardo\u015bci odbiciowej TH110<\/li>\n<li>7: Miernik grubo\u015bci pow\u0142oki<\/li>\n<li>8: Test uderzenia wahad\u0142em<\/li>\n<\/ul>\n<p><img loading=\"lazy\" decoding=\"async\" class=\"alignnone size-full wp-image-17292\" src=\"https:\/\/www.hydraulic-cylinders.net\/wp-content\/uploads\/2025\/03\/test-equipment.webp-1.webp\" alt=\"\" width=\"1600\" height=\"1216\" srcset=\"https:\/\/www.hydraulic-cylinders.net\/wp-content\/uploads\/2025\/03\/test-equipment.webp-1.webp 1600w, https:\/\/www.hydraulic-cylinders.net\/wp-content\/uploads\/2025\/03\/test-equipment.webp-1-1280x973.webp 1280w, https:\/\/www.hydraulic-cylinders.net\/wp-content\/uploads\/2025\/03\/test-equipment.webp-1-980x745.webp 980w, https:\/\/www.hydraulic-cylinders.net\/wp-content\/uploads\/2025\/03\/test-equipment.webp-1-480x365.webp 480w\" sizes=\"(min-width: 0px) and (max-width: 480px) 480px, (min-width: 481px) and (max-width: 980px) 980px, (min-width: 981px) and (max-width: 1280px) 1280px, (min-width: 1281px) 1600px, 100vw\" \/><\/p>\n<p>Nasza firma uwa\u017ca jako\u015b\u0107 za fundament sukcesu. Aby sprosta\u0107 temu zobowi\u0105zaniu, zainwestowali\u015bmy w najnowocze\u015bniejszy sprz\u0119t testowy i laboratoryjny, wspierany przez zesp\u00f3\u0142 wysoko wykwalifikowanych specjalist\u00f3w w dziedzinie nauki i technologii.<\/p>\n<p>Stosujemy rygorystyczny system zarz\u0105dzania jako\u015bci\u0105, zgodny ze standardami bran\u017cowymi, gwarantuj\u0105c, \u017ce ka\u017cda partia produkowanych przez nas produkt\u00f3w spe\u0142nia najwy\u017csze kryteria jako\u015bci. Standaryzacja naszych dzia\u0142a\u0144 i ci\u0105g\u0142e monitorowanie proces\u00f3w gwarantuj\u0105, \u017ce nasi klienci otrzymuj\u0105 wy\u0142\u0105cznie to, co najlepsze.<\/p>\n<p>To niez\u0142omne zaanga\u017cowanie w jako\u015b\u0107 nie tylko zwi\u0119ksza niezawodno\u015b\u0107 naszych produkt\u00f3w, ale tak\u017ce buduje zaufanie i satysfakcj\u0119 naszych klient\u00f3w. Wierzymy, \u017ce stawiaj\u0105c na doskona\u0142o\u015b\u0107 w ka\u017cdym aspekcie naszej produkcji, przyczyniamy si\u0119 do sukcesu naszych partner\u00f3w i ca\u0142ej bran\u017cy. Wsp\u00f3lnie d\u0105\u017cymy do innowacji i jako\u015bci, kt\u00f3re przetrwaj\u0105 pr\u00f3b\u0119 czasu.<\/p>\n<h2><strong>Miejsce produkcji cylindr\u00f3w hydraulicznych:<\/strong><\/h2>\n<p>Nasza firma jest wiod\u0105cym producentem specjalizuj\u0105cym si\u0119 w cylindrach hydraulicznych, wspieranym przez w\u0142asne, niezale\u017cne zaplecze badawczo-rozwojowe i projektowe. Dysponuj\u0105c nowoczesnym zapleczem, w kt\u00f3rym znajduje si\u0119 ponad 170 obrabiarek og\u00f3lnego przeznaczenia, maszyn CNC, centr\u00f3w obr\u00f3bczych, urz\u0105dze\u0144 spawalniczych oraz specjalistycznych narz\u0119dzi testowych i kontrolnych, jeste\u015bmy doskonale przygotowani do spe\u0142nienia zr\u00f3\u017cnicowanych wymaga\u0144 przemys\u0142owych.<\/p>\n<p>Dzi\u0119ki wieloletniemu do\u015bwiadczeniu technologicznemu i udoskonalaniu proces\u00f3w, stworzyli\u015bmy dojrza\u0142y proces produkcyjny, kt\u00f3ry p\u0142ynnie integruje prace badawczo-rozwojowe z produkcj\u0105. Ta integracja sta\u0142a si\u0119 nasz\u0105 g\u0142\u00f3wn\u0105 przewag\u0105 konkurencyjn\u0105, pozwalaj\u0105c nam projektowa\u0107 i produkowa\u0107 szerok\u0105 gam\u0119 si\u0142ownik\u00f3w hydraulicznych dostosowanych do specyficznych wymaga\u0144 klienta.<\/p>\n<p>Nasze produkty znajduj\u0105 szerokie zastosowanie w r\u00f3\u017cnych sektorach, w tym w maszynach rolniczych, maszynach budowlanych, pojazdach, drogownictwie i maszynach specjalistycznych. Z dum\u0105 wspieramy wielu producent\u00f3w OEM, takich jak Bonong Xingda, Bojin Hummer, Jilin Ruifeng, Debang Dawei, Shandong Yineng Heavy Industry, Tai'an Modern Heavy Industry i Shifeng Group.<\/p>\n<p><img loading=\"lazy\" decoding=\"async\" class=\"alignnone size-full wp-image-17290\" src=\"https:\/\/www.hydraulic-cylinders.net\/wp-content\/uploads\/2025\/03\/production-site-1.webp\" alt=\"\" width=\"1971\" height=\"2253\" srcset=\"https:\/\/www.hydraulic-cylinders.net\/wp-content\/uploads\/2025\/03\/production-site-1.webp 1971w, https:\/\/www.hydraulic-cylinders.net\/wp-content\/uploads\/2025\/03\/production-site-1-1280x1463.webp 1280w, https:\/\/www.hydraulic-cylinders.net\/wp-content\/uploads\/2025\/03\/production-site-1-980x1120.webp 980w, https:\/\/www.hydraulic-cylinders.net\/wp-content\/uploads\/2025\/03\/production-site-1-480x549.webp 480w\" sizes=\"(min-width: 0px) and (max-width: 480px) 480px, (min-width: 481px) and (max-width: 980px) 980px, (min-width: 981px) and (max-width: 1280px) 1280px, (min-width: 1281px) 1971px, 100vw\" \/><\/p>\n<p>D\u0105\u017cymy do zapewnienia wyj\u0105tkowej obs\u0142ugi poprzez rygorystyczn\u0105 polityk\u0119 jako\u015bci, kt\u00f3ra priorytetowo traktuje ci\u0105g\u0142e innowacje w zakresie bada\u0144 i rozwoju, zarz\u0105dzania, kontroli jako\u015bci i obs\u0142ugi klienta. Nasze zaanga\u017cowanie w jako\u015b\u0107 zosta\u0142o potwierdzone certyfikatem ISO\/TS16949, kt\u00f3ry gwarantuje, \u017ce nie tylko spe\u0142niamy, ale i stale przewy\u017cszamy oczekiwania naszych klient\u00f3w.<\/p>\n<p>Patrz\u0105c w przysz\u0142o\u015b\u0107, b\u0119dziemy nadal rozwija\u0107 nasz\u0105 technologi\u0119 i poszerza\u0107 nasze mo\u017cliwo\u015bci, zawsze d\u0105\u017c\u0105c do dostarczania naszym klientom produkt\u00f3w i us\u0142ug najwy\u017cszej jako\u015bci. Wsp\u00f3lnie tworzymy dziedzictwo doskona\u0142o\u015bci w bran\u017cy cylindr\u00f3w hydraulicznych.<\/p>\n<p><strong>\u00a0<\/strong><\/p>","protected":false},"excerpt":{"rendered":"<p>ZG Series Hydraulic Cylinders For Harvesting Machinery\u00a0 The ZG Series Hydraulic Cylinders are specifically designed to enhance the efficiency and performance of harvesting machinery. These cylinders play a vital role in various agricultural applications, enabling precise control and powerful operation essential for modern farming. With a focus on reliability and durability, the ZG Series meets [&hellip;]<\/p>","protected":false},"featured_media":17312,"comment_status":"open","ping_status":"closed","template":"","meta":{"_et_pb_use_builder":"","_et_pb_old_content":"","_et_gb_content_width":""},"product_brand":[],"product_cat":[1550,1528,1376],"product_tag":[],"class_list":{"0":"post-17320","1":"product","2":"type-product","3":"status-publish","4":"has-post-thumbnail","6":"product_cat-double-acting-hydraulic-cylinder","7":"product_cat-harvesting-machinery-hydraulic-cylinders","8":"product_cat-hydraulic-cylinder","10":"first","11":"instock","12":"shipping-taxable","13":"product-type-simple"},"amp_enabled":true,"_links":{"self":[{"href":"https:\/\/www.hydraulic-cylinders.net\/pl\/wp-json\/wp\/v2\/product\/17320","targetHints":{"allow":["GET"]}}],"collection":[{"href":"https:\/\/www.hydraulic-cylinders.net\/pl\/wp-json\/wp\/v2\/product"}],"about":[{"href":"https:\/\/www.hydraulic-cylinders.net\/pl\/wp-json\/wp\/v2\/types\/product"}],"replies":[{"embeddable":true,"href":"https:\/\/www.hydraulic-cylinders.net\/pl\/wp-json\/wp\/v2\/comments?post=17320"}],"wp:featuredmedia":[{"embeddable":true,"href":"https:\/\/www.hydraulic-cylinders.net\/pl\/wp-json\/wp\/v2\/media\/17312"}],"wp:attachment":[{"href":"https:\/\/www.hydraulic-cylinders.net\/pl\/wp-json\/wp\/v2\/media?parent=17320"}],"wp:term":[{"taxonomy":"product_brand","embeddable":true,"href":"https:\/\/www.hydraulic-cylinders.net\/pl\/wp-json\/wp\/v2\/product_brand?post=17320"},{"taxonomy":"product_cat","embeddable":true,"href":"https:\/\/www.hydraulic-cylinders.net\/pl\/wp-json\/wp\/v2\/product_cat?post=17320"},{"taxonomy":"product_tag","embeddable":true,"href":"https:\/\/www.hydraulic-cylinders.net\/pl\/wp-json\/wp\/v2\/product_tag?post=17320"}],"curies":[{"name":"wp","href":"https:\/\/api.w.org\/{rel}","templated":true}]}}