{"id":17333,"date":"2025-03-07T07:52:56","date_gmt":"2025-03-07T07:52:56","guid":{"rendered":"https:\/\/www.hydraulic-cylinders.net\/?post_type=product&#038;p=17333"},"modified":"2025-04-11T03:04:59","modified_gmt":"2025-04-11T03:04:59","slug":"main-and-auxiliary-lifting-spring-cylinders-for-no-tillage-machines","status":"publish","type":"product","link":"https:\/\/www.hydraulic-cylinders.net\/pl\/produkt\/main-and-auxiliary-lifting-spring-cylinders-for-no-tillage-machines\/","title":{"rendered":"G\u0142\u00f3wne i pomocnicze si\u0142owniki spr\u0119\u017cynowe podnosz\u0105ce do maszyn do uprawy bezorkowej"},"content":{"rendered":"<h1 style=\"text-align: center;\"><strong>G\u0142\u00f3wne i pomocnicze si\u0142owniki spr\u0119\u017cynowe podnosz\u0105ce do maszyn do uprawy bezorkowej<br \/>\n<img loading=\"lazy\" decoding=\"async\" class=\"alignnone wp-image-17289\" src=\"https:\/\/www.hydraulic-cylinders.net\/wp-content\/uploads\/2025\/03\/main-and-auxiliary-lifting-spring-cylinder-1-1.webp\" alt=\"\" width=\"500\" height=\"500\" srcset=\"https:\/\/www.hydraulic-cylinders.net\/wp-content\/uploads\/2025\/03\/main-and-auxiliary-lifting-spring-cylinder-1-1.webp 500w, https:\/\/www.hydraulic-cylinders.net\/wp-content\/uploads\/2025\/03\/main-and-auxiliary-lifting-spring-cylinder-1-1-480x480.webp 480w\" sizes=\"(min-width: 0px) and (max-width: 480px) 480px, (min-width: 481px) 500px, 100vw\" \/><br \/>\n<\/strong><\/h1>\n<p>G\u0142\u00f3wne i pomocnicze si\u0142owniki spr\u0119\u017cynowe podnosz\u0105ce to niezb\u0119dne elementy maszyn do uprawy bezorkowej, starannie zaprojektowane z my\u015bl\u0105 o zwi\u0119kszeniu funkcjonalno\u015bci i wydajno\u015bci. Te si\u0142owniki hydrauliczne umo\u017cliwiaj\u0105 precyzyjne podnoszenie i opuszczanie sprz\u0119tu, zapewniaj\u0105c p\u0142ynn\u0105 prac\u0119 podczas kluczowych zada\u0144 rolniczych. Dzi\u0119ki solidnej konstrukcji i zaawansowanej technologii, odgrywaj\u0105 one kluczow\u0105 rol\u0119 w nowoczesnym rolnictwie, przyczyniaj\u0105c si\u0119 do lepszego zarz\u0105dzania gleb\u0105 i zwi\u0119kszenia plon\u00f3w.<\/p>\n<p>Te si\u0142owniki spr\u0119\u017cynowe podnosz\u0105ce s\u0105 integraln\u0105 cz\u0119\u015bci\u0105 efektywnej pracy maszyn do uprawy bezorkowej. Ich imponuj\u0105cy ud\u017awig, trwa\u0142a konstrukcja i p\u0142ynna praca znacz\u0105co zwi\u0119kszaj\u0105 wydajno\u015b\u0107 rolnicz\u0105. Przestrzegaj\u0105c w\u0142a\u015bciwych praktyk u\u017cytkowania i konserwacji, rolnicy mog\u0105 liczy\u0107 na niezawodn\u0105 prac\u0119 tych si\u0142ownik\u00f3w, co przek\u0142ada si\u0119 na zwi\u0119kszon\u0105 wydajno\u015b\u0107 i dobre wyniki w rolnictwie. Inwestycja w wysokiej jako\u015bci si\u0142owniki spr\u0119\u017cynowe podnosz\u0105ce to m\u0105dry wyb\u00f3r dla ka\u017cdego, kto my\u015bli przysz\u0142o\u015bciowo o rolnictwie.<\/p>\n<h2><strong>G\u0142\u00f3wne i pomocnicze si\u0142owniki spr\u0119\u017cynowe podnosz\u0105ce do maszyn do uprawy bezorkowej Parametry maszyn:<\/strong><\/h2>\n<h1 style=\"text-align: center;\"><strong><img loading=\"lazy\" decoding=\"async\" class=\"alignnone size-full wp-image-17283\" src=\"https:\/\/www.hydraulic-cylinders.net\/wp-content\/uploads\/2025\/03\/hydraulic-cylinders-for-no-tillage-machines-parameter-1.webp\" alt=\"\" width=\"2237\" height=\"1271\" srcset=\"https:\/\/www.hydraulic-cylinders.net\/wp-content\/uploads\/2025\/03\/hydraulic-cylinders-for-no-tillage-machines-parameter-1.webp 2237w, https:\/\/www.hydraulic-cylinders.net\/wp-content\/uploads\/2025\/03\/hydraulic-cylinders-for-no-tillage-machines-parameter-1-1280x727.webp 1280w, https:\/\/www.hydraulic-cylinders.net\/wp-content\/uploads\/2025\/03\/hydraulic-cylinders-for-no-tillage-machines-parameter-1-980x557.webp 980w, https:\/\/www.hydraulic-cylinders.net\/wp-content\/uploads\/2025\/03\/hydraulic-cylinders-for-no-tillage-machines-parameter-1-480x273.webp 480w\" sizes=\"(min-width: 0px) and (max-width: 480px) 480px, (min-width: 481px) and (max-width: 980px) 980px, (min-width: 981px) and (max-width: 1280px) 1280px, (min-width: 1281px) 2237px, 100vw\" \/><\/strong><\/h1>\n<h2><strong>G\u0142\u00f3wne i pomocnicze si\u0142owniki spr\u0119\u017cynowe podnosz\u0105ce do maszyn do uprawy bezorkowej Zastosowanie:<\/strong><\/h2>\n<p><img loading=\"lazy\" decoding=\"async\" class=\"alignnone size-full wp-image-17282\" src=\"https:\/\/www.hydraulic-cylinders.net\/wp-content\/uploads\/2025\/03\/hydraulic-cylinders-for-no-tillage-machines-application-1.webp\" alt=\"\" width=\"2273\" height=\"976\" srcset=\"https:\/\/www.hydraulic-cylinders.net\/wp-content\/uploads\/2025\/03\/hydraulic-cylinders-for-no-tillage-machines-application-1.webp 2273w, https:\/\/www.hydraulic-cylinders.net\/wp-content\/uploads\/2025\/03\/hydraulic-cylinders-for-no-tillage-machines-application-1-1280x550.webp 1280w, https:\/\/www.hydraulic-cylinders.net\/wp-content\/uploads\/2025\/03\/hydraulic-cylinders-for-no-tillage-machines-application-1-980x421.webp 980w, https:\/\/www.hydraulic-cylinders.net\/wp-content\/uploads\/2025\/03\/hydraulic-cylinders-for-no-tillage-machines-application-1-480x206.webp 480w\" sizes=\"(min-width: 0px) and (max-width: 480px) 480px, (min-width: 481px) and (max-width: 980px) 980px, (min-width: 981px) and (max-width: 1280px) 1280px, (min-width: 1281px) 2273px, 100vw\" \/><\/p>\n<h2><strong>G\u0142\u00f3wne i pomocnicze si\u0142owniki spr\u0119\u017cynowe podnosz\u0105ce do maszyn do uprawy bezorkowej. G\u0142\u00f3wne cechy:<\/strong><\/h2>\n<h4><strong>Wyj\u0105tkowa \u0142adowno\u015b\u0107<\/strong><\/h4>\n<p>Te spr\u0119\u017cynowe si\u0142owniki podnosz\u0105ce zosta\u0142y zaprojektowane tak, aby ud\u017awign\u0105\u0107 znaczne ci\u0119\u017cary, zapewniaj\u0105c si\u0142\u0119 niezb\u0119dn\u0105 do bezproblemowego podnoszenia ci\u0119\u017ckich narz\u0119dzi rolniczych. Imponuj\u0105cy ud\u017awig pozwala rolnikom pewnie wykonywa\u0107 wymagaj\u0105ce zadania, zwi\u0119kszaj\u0105c wydajno\u015b\u0107 i umo\u017cliwiaj\u0105c zarz\u0105dzanie wi\u0119kszymi polami i bardziej z\u0142o\u017conymi operacjami.<\/p>\n<h4><strong>Solidna wszechstronno\u015b\u0107<\/strong><\/h4>\n<p>Zaprojektowane z my\u015bl\u0105 o kompatybilno\u015bci z szerok\u0105 gam\u0105 maszyn do uprawy bezorkowej, si\u0142owniki te oferuj\u0105 niezwyk\u0142\u0105 wszechstronno\u015b\u0107 w r\u00f3\u017cnorodnych zastosowaniach rolniczych. Mo\u017cliwo\u015b\u0107 bezproblemowej integracji z istniej\u0105cym sprz\u0119tem oznacza, \u017ce \u200b\u200brolnicy mog\u0105 modernizowa\u0107 swoje maszyny bez konieczno\u015bci przeprowadzania rozleg\u0142ych modyfikacji. Ta elastyczno\u015b\u0107 sprzyja rozwi\u0105zaniom szytym na miar\u0119, spe\u0142niaj\u0105cym specyficzne potrzeby operacyjne, co ostatecznie zwi\u0119ksza og\u00f3ln\u0105 wydajno\u015b\u0107.<\/p>\n<h4><strong>P\u0142ynna i wydajna praca<\/strong><\/h4>\n<p>Zaawansowana konstrukcja hydrauliczna tych si\u0142ownik\u00f3w minimalizuje tarcie, co przek\u0142ada si\u0119 na p\u0142ynne i kontrolowane podnoszenie i opuszczanie. Ta funkcja nie tylko zwi\u0119ksza wydajno\u015b\u0107 operacyjn\u0105, ale tak\u017ce pozwala rolnikom wykonywa\u0107 swoje zadania z wi\u0119ksz\u0105 precyzj\u0105. P\u0142ynna praca przyczynia si\u0119 do usprawnienia przep\u0142ywu pracy, lepszego zarz\u0105dzania gleb\u0105 i optymalnego rozmieszczania plon\u00f3w.<\/p>\n<h4><strong>Trwa\u0142a konstrukcja<\/strong><\/h4>\n<p>Wykonane z wysokiej jako\u015bci materia\u0142\u00f3w, te si\u0142owniki spr\u0119\u017cynowe podnosz\u0105ce s\u0105 zaprojektowane tak, aby sprosta\u0107 wyzwaniom trudnych warunk\u00f3w rolniczych. Ich solidna konstrukcja jest odporna na zu\u017cycie i uszkodzenia, zapewniaj\u0105c d\u0142ugotrwa\u0142\u0105 wydajno\u015b\u0107 nawet w trudnych warunkach. Ta trwa\u0142o\u015b\u0107 zmniejsza cz\u0119stotliwo\u015b\u0107 wymian, pozwalaj\u0105c rolnikom skupi\u0107 si\u0119 na swojej pracy, a nie na konserwacji sprz\u0119tu.<\/p>\n<h4><strong>Bezproblemowa instalacja<\/strong><\/h4>\n<p>Zaprojektowane z my\u015bl\u0105 o \u0142atwo\u015bci u\u017cytkowania, te cylindry spr\u0119\u017cynowe podnosz\u0105ce umo\u017cliwiaj\u0105 prost\u0105 instalacj\u0119, minimalizuj\u0105c przestoje podczas konfiguracji. Rolnicy mog\u0105 szybko i sprawnie zintegrowa\u0107 te cylindry ze swoimi procesami, bez op\u00f3\u017anie\u0144 w powrocie do pracy. Ta \u0142atwo\u015b\u0107 instalacji pomaga zoptymalizowa\u0107 wydajno\u015b\u0107 od samego pocz\u0105tku.<\/p>\n<p>Wybieraj\u0105c te wysokowydajne si\u0142owniki spr\u0119\u017cynowe, rolnicy mog\u0105 znacz\u0105co udoskonali\u0107 swoje maszyny do uprawy bezorkowej, zapewniaj\u0105c niezawodn\u0105 prac\u0119 i zwi\u0119kszon\u0105 wydajno\u015b\u0107 rolnicz\u0105. Inwestycja w wysokiej jako\u015bci komponenty prowadzi do bardziej wydajnej i udanej pracy w rolnictwie, toruj\u0105c drog\u0119 ku \u015bwietlanej przysz\u0142o\u015bci rolnictwa.<\/p>\n<h2><strong>G\u0142\u00f3wne i pomocnicze si\u0142owniki spr\u0119\u017cynowe podnosz\u0105ce do maszyn do uprawy bezorkowej. Dotyczy modelu:<\/strong><\/h2>\n<h1 style=\"text-align: center;\"><strong><img loading=\"lazy\" decoding=\"async\" class=\"alignnone size-full wp-image-17284\" src=\"https:\/\/www.hydraulic-cylinders.net\/wp-content\/uploads\/2025\/03\/hydraulic-cylinders-for-no-tillage-machines-2.webp\" alt=\"\" width=\"2312\" height=\"600\" srcset=\"https:\/\/www.hydraulic-cylinders.net\/wp-content\/uploads\/2025\/03\/hydraulic-cylinders-for-no-tillage-machines-2.webp 2312w, https:\/\/www.hydraulic-cylinders.net\/wp-content\/uploads\/2025\/03\/hydraulic-cylinders-for-no-tillage-machines-2-1280x332.webp 1280w, https:\/\/www.hydraulic-cylinders.net\/wp-content\/uploads\/2025\/03\/hydraulic-cylinders-for-no-tillage-machines-2-980x254.webp 980w, https:\/\/www.hydraulic-cylinders.net\/wp-content\/uploads\/2025\/03\/hydraulic-cylinders-for-no-tillage-machines-2-480x125.webp 480w\" sizes=\"(min-width: 0px) and (max-width: 480px) 480px, (min-width: 481px) and (max-width: 980px) 980px, (min-width: 981px) and (max-width: 1280px) 1280px, (min-width: 1281px) 2312px, 100vw\" \/><\/strong><\/h1>\n<h2><strong>G\u0142\u00f3wne i pomocnicze si\u0142owniki spr\u0119\u017cynowe podnosz\u0105ce do maszyn do uprawy bezorkowej Spos\u00f3b u\u017cycia:<\/strong><\/h2>\n<p><img loading=\"lazy\" decoding=\"async\" class=\"aligncenter wp-image-1044961\" src=\"https:\/\/images.hzpt.com\/2025\/03\/main-and-auxiliary-lifting-spring-cylinder-installation-1.webp\" alt=\"\" width=\"500\" height=\"575\" \/><\/p>\n<p>Aby zmaksymalizowa\u0107 skuteczno\u015b\u0107 dzia\u0142ania g\u0142\u00f3wnych i pomocniczych cylindr\u00f3w spr\u0119\u017cynowych podnosz\u0105cych, nale\u017cy wzi\u0105\u0107 pod uwag\u0119 nast\u0119puj\u0105ce istotne kroki:<\/p>\n<h4><strong>1. Instalacja<\/strong><\/h4>\n<p>Zacznij od monta\u017cu si\u0142ownik\u00f3w spr\u0119\u017cyn podnosz\u0105cych, \u015bci\u015ble przestrzegaj\u0105c wytycznych producenta. Prawid\u0142owy monta\u017c jest kluczowy dla uzyskania optymalnej wydajno\u015bci. Po\u015bwi\u0119\u0107 czas na zabezpieczenie wszystkich po\u0142\u0105cze\u0144, aby zapobiec wyciekom, kt\u00f3re mog\u0105 prowadzi\u0107 do spadku wydajno\u015bci i potencjalnych uszkodze\u0144. Upewnij si\u0119, \u017ce si\u0142owniki s\u0105 prawid\u0142owo ustawione, co umo\u017cliwi ich p\u0142ynn\u0105 prac\u0119 w maszynie do uprawy bezorkowej. Prawid\u0142owo zamontowany si\u0142ownik nie tylko zwi\u0119ksza funkcjonalno\u015b\u0107, ale tak\u017ce podnosi og\u00f3lne bezpiecze\u0144stwo sprz\u0119tu.<\/p>\n<h4><strong>2. Kontrola uk\u0142adu hydraulicznego<\/strong><\/h4>\n<p>Przed rozpocz\u0119ciem jakiejkolwiek pracy nale\u017cy przeprowadzi\u0107 dok\u0142adn\u0105 kontrol\u0119 uk\u0142adu hydraulicznego. Sprawd\u017a poziom p\u0142ynu hydraulicznego, aby upewni\u0107 si\u0119, \u017ce mie\u015bci si\u0119 on w zalecanym zakresie, poniewa\u017c jego niedob\u00f3r mo\u017ce negatywnie wp\u0142yn\u0105\u0107 na wydajno\u015b\u0107 i doprowadzi\u0107 do awarii uk\u0142adu. Sprawd\u017a w\u0119\u017ce i z\u0142\u0105czki pod k\u0105tem oznak zu\u017cycia, p\u0119kni\u0119\u0107 lub wyciek\u00f3w. Utrzymanie prawid\u0142owego ci\u015bnienia hydraulicznego jest niezb\u0119dne do efektywnego podnoszenia i zapewnia optymaln\u0105 prac\u0119 maszyny. Regularne kontrole s\u0105 zalecane w celu wczesnego wykrycia potencjalnych problem\u00f3w.<\/p>\n<h4><strong>3. Zaanga\u017cowanie<\/strong><\/h4>\n<p>Po monta\u017cu i kontroli nale\u017cy aktywowa\u0107 uk\u0142ad hydrauliczny w celu podniesienia lub opuszczenia podzespo\u0142\u00f3w maszyny do uprawy bezorkowej. Nale\u017cy rozwa\u017cnie korzysta\u0107 z d\u017awigni steruj\u0105cych, umo\u017cliwiaj\u0105c stopniowe i precyzyjne ruchy. Takie ostro\u017cne podej\u015bcie umo\u017cliwia precyzyjn\u0105 regulacj\u0119 w zale\u017cno\u015bci od zmieniaj\u0105cych si\u0119 warunk\u00f3w polowych, takich jak zmiany terenu lub wysoko\u015bci upraw. P\u0142ynne uruchamianie uk\u0142adu hydraulicznego nie tylko zwi\u0119ksza wydajno\u015b\u0107, ale tak\u017ce usprawnia og\u00f3lne zarz\u0105dzanie gleb\u0105.<\/p>\n<h4><strong>4. Monitorowanie wydajno\u015bci<\/strong><\/h4>\n<p>Podczas pracy nale\u017cy uwa\u017cnie monitorowa\u0107 prac\u0119 si\u0142ownik\u00f3w podnosz\u0105cych. Regularnie nas\u0142uchuj nietypowych d\u017awi\u0119k\u00f3w, takich jak zgrzytanie lub nadmierny ha\u0142as, i zwracaj uwag\u0119 na oznaki oporu podczas podnoszenia i opuszczania. Wska\u017aniki te mog\u0105 wskazywa\u0107 na konieczno\u015b\u0107 konserwacji lub problemy mechaniczne. Wczesne wykrycie problem\u00f3w pozwala na terminowe naprawy, co pomaga unikn\u0105\u0107 kosztownych przestoj\u00f3w i zapewnia optymalny stan techniczny maszyn. Zachowuj\u0105c czujno\u015b\u0107, rolnicy mog\u0105 wyd\u0142u\u017cy\u0107 \u017cywotno\u015b\u0107 i niezawodno\u015b\u0107 si\u0142ownik\u00f3w spr\u0119\u017cynowych podnosz\u0105cych.<\/p>\n<p>Dzi\u0119ki przestrzeganiu tych wskaz\u00f3wek u\u017cytkownicy mog\u0105 mie\u0107 pewno\u015b\u0107, \u017ce g\u0142\u00f3wne i pomocnicze si\u0142owniki spr\u0119\u017cynowe podnosz\u0105ce dzia\u0142aj\u0105 wydajnie, co przek\u0142ada si\u0119 na zwi\u0119kszon\u0105 wydajno\u015b\u0107 i dobre wyniki w rolnictwie.<\/p>\n<h2><strong>Sprz\u0119t testowy:<\/strong><\/h2>\n<p><strong><img loading=\"lazy\" decoding=\"async\" class=\"alignnone size-full wp-image-17293\" src=\"https:\/\/www.hydraulic-cylinders.net\/wp-content\/uploads\/2025\/03\/test-equipment.webp-2.webp\" alt=\"\" width=\"1932\" height=\"1741\" srcset=\"https:\/\/www.hydraulic-cylinders.net\/wp-content\/uploads\/2025\/03\/test-equipment.webp-2.webp 1932w, https:\/\/www.hydraulic-cylinders.net\/wp-content\/uploads\/2025\/03\/test-equipment.webp-2-1280x1153.webp 1280w, https:\/\/www.hydraulic-cylinders.net\/wp-content\/uploads\/2025\/03\/test-equipment.webp-2-980x883.webp 980w, https:\/\/www.hydraulic-cylinders.net\/wp-content\/uploads\/2025\/03\/test-equipment.webp-2-480x433.webp 480w\" sizes=\"(min-width: 0px) and (max-width: 480px) 480px, (min-width: 481px) and (max-width: 980px) 980px, (min-width: 981px) and (max-width: 1280px) 1280px, (min-width: 1281px) 1932px, 100vw\" \/><\/strong><\/p>\n<ul>\n<li>1: Komora testowa do mg\u0142y solnej<\/li>\n<li>2: Analiza chemiczna<\/li>\n<li>3: Maszyna do badania wytrzyma\u0142o\u015bci na rozci\u0105ganie<\/li>\n<li>4: Twardo\u015bciomierz Rockwella<\/li>\n<li>5: Maszyna do testowania czysto\u015bci<\/li>\n<li>6: Tester twardo\u015bci odbiciowej TH110<\/li>\n<li>7: Miernik grubo\u015bci pow\u0142oki<\/li>\n<li>8: Test uderzenia wahad\u0142em<\/li>\n<\/ul>\n<p><img loading=\"lazy\" decoding=\"async\" class=\"alignnone size-full wp-image-17292\" src=\"https:\/\/www.hydraulic-cylinders.net\/wp-content\/uploads\/2025\/03\/test-equipment.webp-1.webp\" alt=\"\" width=\"1600\" height=\"1216\" srcset=\"https:\/\/www.hydraulic-cylinders.net\/wp-content\/uploads\/2025\/03\/test-equipment.webp-1.webp 1600w, https:\/\/www.hydraulic-cylinders.net\/wp-content\/uploads\/2025\/03\/test-equipment.webp-1-1280x973.webp 1280w, https:\/\/www.hydraulic-cylinders.net\/wp-content\/uploads\/2025\/03\/test-equipment.webp-1-980x745.webp 980w, https:\/\/www.hydraulic-cylinders.net\/wp-content\/uploads\/2025\/03\/test-equipment.webp-1-480x365.webp 480w\" sizes=\"(min-width: 0px) and (max-width: 480px) 480px, (min-width: 481px) and (max-width: 980px) 980px, (min-width: 981px) and (max-width: 1280px) 1280px, (min-width: 1281px) 1600px, 100vw\" \/><\/p>\n<p>Nasza firma uwa\u017ca jako\u015b\u0107 za fundament sukcesu. Aby sprosta\u0107 temu zobowi\u0105zaniu, zainwestowali\u015bmy w najnowocze\u015bniejszy sprz\u0119t testowy i laboratoryjny, wspierany przez zesp\u00f3\u0142 wysoko wykwalifikowanych specjalist\u00f3w w dziedzinie nauki i technologii.<\/p>\n<p>Stosujemy rygorystyczny system zarz\u0105dzania jako\u015bci\u0105, zgodny ze standardami bran\u017cowymi, gwarantuj\u0105c, \u017ce ka\u017cda partia produkowanych przez nas produkt\u00f3w spe\u0142nia najwy\u017csze kryteria jako\u015bci. Standaryzacja naszych dzia\u0142a\u0144 i ci\u0105g\u0142e monitorowanie proces\u00f3w gwarantuj\u0105, \u017ce nasi klienci otrzymuj\u0105 wy\u0142\u0105cznie to, co najlepsze.<\/p>\n<p>To niez\u0142omne zaanga\u017cowanie w jako\u015b\u0107 nie tylko zwi\u0119ksza niezawodno\u015b\u0107 naszych produkt\u00f3w, ale tak\u017ce buduje zaufanie i satysfakcj\u0119 naszych klient\u00f3w. Wierzymy, \u017ce stawiaj\u0105c na doskona\u0142o\u015b\u0107 w ka\u017cdym aspekcie naszej produkcji, przyczyniamy si\u0119 do sukcesu naszych partner\u00f3w i ca\u0142ej bran\u017cy. Wsp\u00f3lnie d\u0105\u017cymy do innowacji i jako\u015bci, kt\u00f3re przetrwaj\u0105 pr\u00f3b\u0119 czasu.<\/p>\n<h2><strong>Miejsce produkcji cylindr\u00f3w hydraulicznych:<\/strong><\/h2>\n<p>Nasza firma jest wiod\u0105cym producentem specjalizuj\u0105cym si\u0119 w cylindrach hydraulicznych, wspieranym przez w\u0142asne, niezale\u017cne zaplecze badawczo-rozwojowe i projektowe. Dysponuj\u0105c nowoczesnym zapleczem, w kt\u00f3rym znajduje si\u0119 ponad 170 obrabiarek og\u00f3lnego przeznaczenia, maszyn CNC, centr\u00f3w obr\u00f3bczych, urz\u0105dze\u0144 spawalniczych oraz specjalistycznych narz\u0119dzi testowych i kontrolnych, jeste\u015bmy doskonale przygotowani do spe\u0142nienia zr\u00f3\u017cnicowanych wymaga\u0144 przemys\u0142owych.<\/p>\n<p>Dzi\u0119ki wieloletniemu do\u015bwiadczeniu technologicznemu i udoskonalaniu proces\u00f3w, stworzyli\u015bmy dojrza\u0142y proces produkcyjny, kt\u00f3ry p\u0142ynnie integruje prace badawczo-rozwojowe z produkcj\u0105. Ta integracja sta\u0142a si\u0119 nasz\u0105 g\u0142\u00f3wn\u0105 przewag\u0105 konkurencyjn\u0105, pozwalaj\u0105c nam projektowa\u0107 i produkowa\u0107 szerok\u0105 gam\u0119 si\u0142ownik\u00f3w hydraulicznych dostosowanych do specyficznych wymaga\u0144 klienta.<\/p>\n<p>Nasze produkty znajduj\u0105 szerokie zastosowanie w r\u00f3\u017cnych sektorach, w tym w maszynach rolniczych, maszynach budowlanych, pojazdach, drogownictwie i maszynach specjalistycznych. Z dum\u0105 wspieramy wielu producent\u00f3w OEM, takich jak Bonong Xingda, Bojin Hummer, Jilin Ruifeng, Debang Dawei, Shandong Yineng Heavy Industry, Tai'an Modern Heavy Industry i Shifeng Group.<\/p>\n<p><img loading=\"lazy\" decoding=\"async\" class=\"alignnone size-full wp-image-17290\" src=\"https:\/\/www.hydraulic-cylinders.net\/wp-content\/uploads\/2025\/03\/production-site-1.webp\" alt=\"\" width=\"1971\" height=\"2253\" srcset=\"https:\/\/www.hydraulic-cylinders.net\/wp-content\/uploads\/2025\/03\/production-site-1.webp 1971w, https:\/\/www.hydraulic-cylinders.net\/wp-content\/uploads\/2025\/03\/production-site-1-1280x1463.webp 1280w, https:\/\/www.hydraulic-cylinders.net\/wp-content\/uploads\/2025\/03\/production-site-1-980x1120.webp 980w, https:\/\/www.hydraulic-cylinders.net\/wp-content\/uploads\/2025\/03\/production-site-1-480x549.webp 480w\" sizes=\"(min-width: 0px) and (max-width: 480px) 480px, (min-width: 481px) and (max-width: 980px) 980px, (min-width: 981px) and (max-width: 1280px) 1280px, (min-width: 1281px) 1971px, 100vw\" \/><\/p>\n<p>D\u0105\u017cymy do zapewnienia wyj\u0105tkowej obs\u0142ugi poprzez rygorystyczn\u0105 polityk\u0119 jako\u015bci, kt\u00f3ra priorytetowo traktuje ci\u0105g\u0142e innowacje w zakresie bada\u0144 i rozwoju, zarz\u0105dzania, kontroli jako\u015bci i obs\u0142ugi klienta. Nasze zaanga\u017cowanie w jako\u015b\u0107 zosta\u0142o potwierdzone certyfikatem ISO\/TS16949, kt\u00f3ry gwarantuje, \u017ce nie tylko spe\u0142niamy, ale i stale przewy\u017cszamy oczekiwania naszych klient\u00f3w.<\/p>\n<p>Patrz\u0105c w przysz\u0142o\u015b\u0107, b\u0119dziemy nadal rozwija\u0107 nasz\u0105 technologi\u0119 i poszerza\u0107 nasze mo\u017cliwo\u015bci, zawsze d\u0105\u017c\u0105c do dostarczania naszym klientom produkt\u00f3w i us\u0142ug najwy\u017cszej jako\u015bci. Wsp\u00f3lnie tworzymy dziedzictwo doskona\u0142o\u015bci w bran\u017cy cylindr\u00f3w hydraulicznych.<\/p>\n<p><strong>\u00a0<\/strong><\/p>","protected":false},"excerpt":{"rendered":"<p>Main And Auxiliary Lifting Spring Cylinders For No Tillage Machines Main and auxiliary lifting spring cylinders are essential components of no-tillage machines, skillfully designed to enhance both functionality and efficiency. These hydraulic cylinders enable precise lifting and lowering of equipment, ensuring seamless operation during critical agricultural tasks. With their robust construction and advanced engineering, they [&hellip;]<\/p>","protected":false},"featured_media":17335,"comment_status":"open","ping_status":"closed","template":"","meta":{"_et_pb_use_builder":"","_et_pb_old_content":"","_et_gb_content_width":""},"product_brand":[],"product_cat":[1530,1549,1376],"product_tag":[],"class_list":{"0":"post-17333","1":"product","2":"type-product","3":"status-publish","4":"has-post-thumbnail","6":"product_cat-no-tillage-machinery-hydraulic-cylinders","7":"product_cat-single-acting-hydraulic-cylinder","8":"product_cat-hydraulic-cylinder","10":"first","11":"instock","12":"shipping-taxable","13":"product-type-simple"},"amp_enabled":true,"_links":{"self":[{"href":"https:\/\/www.hydraulic-cylinders.net\/pl\/wp-json\/wp\/v2\/product\/17333","targetHints":{"allow":["GET"]}}],"collection":[{"href":"https:\/\/www.hydraulic-cylinders.net\/pl\/wp-json\/wp\/v2\/product"}],"about":[{"href":"https:\/\/www.hydraulic-cylinders.net\/pl\/wp-json\/wp\/v2\/types\/product"}],"replies":[{"embeddable":true,"href":"https:\/\/www.hydraulic-cylinders.net\/pl\/wp-json\/wp\/v2\/comments?post=17333"}],"wp:featuredmedia":[{"embeddable":true,"href":"https:\/\/www.hydraulic-cylinders.net\/pl\/wp-json\/wp\/v2\/media\/17335"}],"wp:attachment":[{"href":"https:\/\/www.hydraulic-cylinders.net\/pl\/wp-json\/wp\/v2\/media?parent=17333"}],"wp:term":[{"taxonomy":"product_brand","embeddable":true,"href":"https:\/\/www.hydraulic-cylinders.net\/pl\/wp-json\/wp\/v2\/product_brand?post=17333"},{"taxonomy":"product_cat","embeddable":true,"href":"https:\/\/www.hydraulic-cylinders.net\/pl\/wp-json\/wp\/v2\/product_cat?post=17333"},{"taxonomy":"product_tag","embeddable":true,"href":"https:\/\/www.hydraulic-cylinders.net\/pl\/wp-json\/wp\/v2\/product_tag?post=17333"}],"curies":[{"name":"wp","href":"https:\/\/api.w.org\/{rel}","templated":true}]}}