{"id":1742,"date":"2023-10-12T07:55:54","date_gmt":"2023-10-12T07:55:54","guid":{"rendered":"https:\/\/hydraulic-cylinders.net\/?post_type=product&#038;p=1742"},"modified":"2025-04-11T02:56:56","modified_gmt":"2025-04-11T02:56:56","slug":"injection-molding-machine-ejection-cylinder","status":"publish","type":"product","link":"https:\/\/www.hydraulic-cylinders.net\/pl\/produkt\/injection-molding-machine-ejection-cylinder\/","title":{"rendered":"Cylinder wyrzutowy wtryskarki"},"content":{"rendered":"<h1 style=\"text-align: center;\"><strong>Cylinder wyrzutowy wtryskarki<\/strong><\/h1>\n<p><img loading=\"lazy\" decoding=\"async\" class=\"wp-image-1744 aligncenter\" src=\"https:\/\/hydraulic-cylinders.net\/wp-content\/uploads\/2023\/10\/ejection-cylinder-1-300x300.webp\" alt=\"\" width=\"400\" height=\"400\" \/><\/p>\n<p>Cylinder wyrzutowy wtryskarki jest kluczowym elementem procesu formowania wtryskowego tworzyw sztucznych, zaprojektowanym w celu zwi\u0119kszenia wydajno\u015bci i precyzji poprzez u\u0142atwienie wypychania formowanych detali z gniazda formy. Ten specjalistyczny cylinder odgrywa kluczow\u0105 rol\u0119 w ko\u0144cowym etapie cyklu formowania wtryskowego, zapewniaj\u0105c p\u0142ynne i wydajne wyjmowanie formowanych detali z formy.<\/p>\n<p>Cylinder wyrzutowy wtryskarki jest niezb\u0119dnym elementem w procesie formowania wtryskowego tworzyw sztucznych, umo\u017cliwiaj\u0105cym wydajne i precyzyjne wypychanie formowanych detali z gniazda formy. Cylinder ten zapewnia niezawodne i zoptymalizowane procesy wypychania dzi\u0119ki solidnej konstrukcji, precyzyjnej kontroli wypychania, szybkiej pracy i regulowanej d\u0142ugo\u015bci skoku. Przestrzegaj\u0105c zalecanych metod u\u017cytkowania i konserwacji, producenci mog\u0105 zmaksymalizowa\u0107 wydajno\u015b\u0107 i \u017cywotno\u015b\u0107 cylindra wyrzutowego wtryskarki, co ostatecznie przek\u0142ada si\u0119 na popraw\u0119 wydajno\u015bci, precyzji i og\u00f3lnej jako\u015bci operacji formowania wtryskowego tworzyw sztucznych.<\/p>\n<p>G\u0142\u00f3wne cechy cylindra wyrzutowego wtryskarki:<\/p>\n<ol>\n<li>Solidna konstrukcja:<\/li>\n<\/ol>\n<ul>\n<li>Cylinder wyrzutowy wtryskarki wykonany jest z materia\u0142\u00f3w najwy\u017cszej jako\u015bci, co gwarantuje trwa\u0142o\u015b\u0107 i d\u0142ugowieczno\u015b\u0107 nawet w wymagaj\u0105cych warunkach produkcyjnych.<\/li>\n<li>Zaprojektowano go tak, aby wytrzymywa\u0142 du\u017ce si\u0142y wyrzutu i powtarzalne ruchy, zachowuj\u0105c sta\u0142\u0105 wydajno\u015b\u0107 przez d\u0142u\u017cszy czas u\u017cytkowania.<\/li>\n<\/ul>\n<ol start=\"2\">\n<li>Precyzyjna kontrola wyrzutu:<\/li>\n<\/ol>\n<ul>\n<li>Si\u0142ownik ten umo\u017cliwia precyzyjn\u0105 kontrol\u0119 procesu wyrzucania, co pozwala na dok\u0142adne i powtarzalne wyrzucanie uformowanych cz\u0119\u015bci.<\/li>\n<li>Umo\u017cliwia dostosowanie pr\u0119dko\u015bci wyrzutu, si\u0142y i d\u0142ugo\u015bci skoku, zapewniaj\u0105c optymalne usuwanie cz\u0119\u015bci bez powodowania uszkodze\u0144.<\/li>\n<\/ul>\n<ol start=\"3\">\n<li>Szybka i wydajna praca:<\/li>\n<\/ol>\n<ul>\n<li>Cylinder wyrzutowy wtryskarki u\u0142atwia szybkie cykle wyrzutu, minimalizuj\u0105c czas produkcji i zwi\u0119kszaj\u0105c og\u00f3ln\u0105 wydajno\u015b\u0107.<\/li>\n<li>Zapewnia szybkie i niezawodne wypychanie uformowanych element\u00f3w, zmniejszaj\u0105c przestoje i umo\u017cliwiaj\u0105c szybsze cykle formowania.<\/li>\n<\/ul>\n<ol start=\"4\">\n<li>Regulowana d\u0142ugo\u015b\u0107 skoku:<\/li>\n<\/ol>\n<ul>\n<li>Ten cylinder charakteryzuje si\u0119 regulowan\u0105 d\u0142ugo\u015bci\u0105 skoku, dostosowan\u0105 do konstrukcji form i rozmiar\u00f3w cz\u0119\u015bci.<\/li>\n<li>Zapewnia elastyczno\u015b\u0107 podczas wyrzucania, gwarantuj\u0105c, \u017ce cz\u0119\u015bci s\u0105 wyrzucane z zachowaniem odpowiedniej odleg\u0142o\u015bci i luzu od formy.<\/li>\n<\/ul>\n<h2><strong>Parametry cylindra wyrzutowego wtryskarki:<\/strong><\/h2>\n<table border=\"1\" cellspacing=\"0\" cellpadding=\"0\">\n<tbody>\n<tr>\n<td>Nazwa produktu<\/td>\n<td>Cylinder wyrzutowy wtryskarki<\/td>\n<\/tr>\n<tr>\n<td>Cechy:<\/td>\n<td>Wyj\u0105\u0107 produkt uformowany w formie<\/td>\n<\/tr>\n<tr>\n<td>\u015arednica otworu:<\/td>\n<td>\u00a090 mm\uff5e220 mm<\/td>\n<\/tr>\n<tr>\n<td>\u015arednica pr\u0119ta:<\/td>\n<td>50 mm\uff5e140 mm<br \/>\nSkok \u2264600 mm<\/td>\n<\/tr>\n<tr>\n<td>Si\u0142a ci\u0105gu:<\/td>\n<td>Maksymalnie 760 kN<br \/>\n(\u015arednica otworu: 220 mm\/ci\u015bnienie 10 MPa)<\/td>\n<\/tr>\n<tr>\n<td>Zastosowania:<\/td>\n<td>Maszyna do formowania wtryskowego<\/td>\n<\/tr>\n<\/tbody>\n<\/table>\n<div><\/div>\n<div>\n<div class=\"txtboxL\">\n<div class=\"txtboxL\">\n<div class=\"txtboxL\">\n<div class=\"txtboxL\">\n<div class=\"txtboxL\">Cechy:<\/div>\n<div class=\"txtboxR\">Wyj\u0105\u0107 produkt uformowany w formie<\/div>\n<div class=\"txtboxL\">Specyfikacja:<\/div>\n<div class=\"txtboxR\">\u015arednica otworu: 90 mm \u2013 220 mm<br \/>\n\u015arednica pr\u0119ta: 50 mm \u2013 140 mm<br \/>\nSkok \u2264600 mm<\/div>\n<div class=\"txtboxL\">Si\u0142a ci\u0105gu:<\/div>\n<div class=\"txtboxR\">Maksymalnie 760 kN<br \/>\n(\u015arednica otworu: 220 mm\/ci\u015bnienie 10 MPa)<\/div>\n<\/div>\n<\/div>\n<\/div>\n<\/div>\n<\/div>\n<h2><strong>Sprz\u0119t cementowy <\/strong><strong>Fabryka cylindr\u00f3w:<\/strong><\/h2>\n<p><img loading=\"lazy\" decoding=\"async\" class=\"alignnone wp-image-1734 size-full\" src=\"https:\/\/hydraulic-cylinders.net\/wp-content\/uploads\/2023\/10\/cement-equipment-cylinder-1.webp\" alt=\"\" width=\"1418\" height=\"946\" srcset=\"https:\/\/hydraulic-cylinders.net\/wp-content\/uploads\/2023\/10\/cement-equipment-cylinder-1.webp 1418w, https:\/\/hydraulic-cylinders.net\/wp-content\/uploads\/2023\/10\/cement-equipment-cylinder-1-1280x854.webp 1280w, https:\/\/hydraulic-cylinders.net\/wp-content\/uploads\/2023\/10\/cement-equipment-cylinder-1-980x654.webp 980w, https:\/\/hydraulic-cylinders.net\/wp-content\/uploads\/2023\/10\/cement-equipment-cylinder-1-480x320.webp 480w\" sizes=\"(min-width: 0px) and (max-width: 480px) 480px, (min-width: 481px) and (max-width: 980px) 980px, (min-width: 981px) and (max-width: 1280px) 1280px, (min-width: 1281px) 1418px, 100vw\" \/><\/p>\n<h2><strong>Metoda u\u017cycia cylindra wyrzutowego wtryskarki<\/strong><strong>:<\/strong><\/h2>\n<ol>\n<li><strong>Instalacja:<\/strong><\/li>\n<\/ol>\n<ul>\n<li>Aby bezpiecznie zamontowa\u0107 cylinder wyrzutowy wtryskarki na wtryskarce, nale\u017cy post\u0119powa\u0107 zgodnie ze wskaz\u00f3wkami producenta.<\/li>\n<li>Nale\u017cy zapewni\u0107 prawid\u0142owe wyr\u00f3wnanie i przymocowanie do jednostki wyrzutowej maszyny, co umo\u017cliwi p\u0142ynn\u0105 prac\u0119 podczas procesu wyrzutu.<\/li>\n<\/ul>\n<ol start=\"2\">\n<li><strong>Regulacja parametr\u00f3w wyrzutu:<\/strong><\/li>\n<\/ol>\n<ul>\n<li>U\u017cyj panelu sterowania lub interfejsu maszyny, aby dostosowa\u0107 parametry wyrzutu, takie jak pr\u0119dko\u015b\u0107, si\u0142a i d\u0142ugo\u015b\u0107 skoku.<\/li>\n<li>Szczeg\u00f3\u0142owe wskaz\u00f3wki dotycz\u0105ce ustawiania odpowiednich parametr\u00f3w na podstawie specyfikacji cz\u0119\u015bci i wymaga\u0144 formy mo\u017cna znale\u017a\u0107 w instrukcji obs\u0142ugi maszyny.<\/li>\n<\/ul>\n<ol start=\"3\">\n<li><strong>Przygotowanie formy:<\/strong><\/li>\n<\/ol>\n<ul>\n<li>Przygotuj form\u0119 we wtryskarce, zwracaj\u0105c uwag\u0119 na jej prawid\u0142owe wyr\u00f3wnanie i zamocowanie.<\/li>\n<li>Zamocuj elementy wyrzutnika, takie jak ko\u0142ki lub p\u0142yty wyrzutnika, do formy, aby zapewni\u0107 bezpieczne i niezawodne wyrzucanie.<\/li>\n<\/ul>\n<ol start=\"4\">\n<li><strong>Proces wyrzucania:<\/strong><\/li>\n<\/ol>\n<ul>\n<li>Rozpocznij proces wyrzucania poprzez aktywacj\u0119 wtryskarki.<\/li>\n<li>Cylinder wyrzutowy wtryskarki szybko wysuwa elementy wyrzutowe, wypychaj\u0105c uformowane cz\u0119\u015bci z gniazda formy.<\/li>\n<li>Upewnij si\u0119, \u017ce d\u0142ugo\u015b\u0107 skoku wyrzutu jest dostosowana w taki spos\u00f3b, aby wyrzuca\u0107 cz\u0119\u015bci z odpowiednim luzem i bez powodowania uszkodze\u0144.<\/li>\n<\/ul>\n<h2><strong>Jak dzia\u0142a si\u0142ownik hydrauliczny?<\/strong><\/h2>\n<p>Si\u0142ownik hydrauliczny to urz\u0105dzenie mechaniczne, kt\u00f3re wykorzystuje p\u0142yn hydrauliczny do generowania si\u0142y i u\u0142atwiania ruchu liniowego. Dzia\u0142a poprzez przenoszenie ci\u015bnienia przez zamkni\u0119ty p\u0142yn, co generuje si\u0142\u0119 mechaniczn\u0105. Oto uproszczone wyja\u015bnienie dzia\u0142ania si\u0142ownika hydraulicznego:<\/p>\n<ol>\n<li><strong>Podstawowe komponenty:<\/strong>\n<ul>\n<li>Cylinder cylindryczny: G\u0142\u00f3wna cz\u0119\u015b\u0107 cylindra hydraulicznego mie\u015bci t\u0142ok i inne elementy wewn\u0119trzne.<\/li>\n<li>T\u0142ok: Cylindryczny element dziel\u0105cy cylinder na dwie komory.<\/li>\n<li>T\u0142oczysko: po\u0142\u0105czone z t\u0142okiem, wystaje na zewn\u0105trz cylindra i przenosi wytworzon\u0105 si\u0142\u0119.<\/li>\n<li>Uszczelki zapobiegaj\u0105 wyciekom p\u0142ynu hydraulicznego pomi\u0119dzy t\u0142okiem a cylindrem, zapewniaj\u0105c wydajn\u0105 prac\u0119.<\/li>\n<\/ul>\n<\/li>\n<li><strong>Uk\u0142ad hydrauliczny:<\/strong>\n<ul>\n<li>Uk\u0142ad hydrauliczny sk\u0142ada si\u0119 z pompy, zawor\u00f3w steruj\u0105cych, p\u0142ynu hydraulicznego (zwykle oleju) i rur \u0142\u0105cz\u0105cych.<\/li>\n<li>Pompa hydrauliczna spr\u0119\u017ca ciecz, wytwarzaj\u0105c energi\u0119 hydrauliczn\u0105, kt\u00f3ra mo\u017ce by\u0107 wykorzystana do wytworzenia si\u0142y.<\/li>\n<\/ul>\n<\/li>\n<li><strong>Dwie Izby:<\/strong>\n<ul>\n<li>Si\u0142ownik hydrauliczny sk\u0142ada si\u0119 z dw\u00f3ch kom\u00f3r: strony t\u0142oczyska (lub strony ci\u015bnieniowej) i strony przeciwnej (lub strony powrotnej).<\/li>\n<li>Strona pr\u0119ta jest pod\u0142\u0105czona do pompy hydraulicznej, natomiast przeciwna strona jest pod\u0142\u0105czona do zbiornika lub przewodu powrotnego.<\/li>\n<\/ul>\n<\/li>\n<li><strong>Dzia\u0142anie:<\/strong>\n<ul>\n<li>Po wt\u0142oczeniu do komory od strony t\u0142oczyska p\u0142yn hydrauliczny wywiera ci\u015bnienie na t\u0142ok, powoduj\u0105c jego ruch na zewn\u0105trz.<\/li>\n<li>Gdy t\u0142ok si\u0119 porusza, popycha pr\u0119t, wytwarzaj\u0105c si\u0142\u0119 liniow\u0105.<\/li>\n<li>Jednocze\u015bnie p\u0142yn hydrauliczny z komory przeciwleg\u0142ej powraca do zbiornika lub poprzez przew\u00f3d powrotny.<\/li>\n<\/ul>\n<\/li>\n<li><strong>Kontrola kierunkowa:<\/strong>\n<ul>\n<li>Kierunek ruchu si\u0142ownika hydraulicznego kontrolowany jest za pomoc\u0105 zawor\u00f3w kierunkowych.<\/li>\n<li>Zawory te reguluj\u0105 przep\u0142yw p\u0142ynu hydraulicznego do odpowiedniej komory, ustalaj\u0105c kierunek ruchu t\u0142oka.<\/li>\n<\/ul>\n<\/li>\n<li><strong>Kontrola si\u0142y i pr\u0119dko\u015bci:<\/strong>\n<ul>\n<li>Si\u0142a generowana przez cylinder hydrauliczny zale\u017cy od ci\u015bnienia hydraulicznego i powierzchni czynnej t\u0142oka.<\/li>\n<li>Reguluj\u0105c ci\u015bnienie hydrauliczne mo\u017cna kontrolowa\u0107 si\u0142\u0119 wyj\u015bciow\u0105.<\/li>\n<li>Pr\u0119dko\u015b\u0107 ruchu cylindra mo\u017cna regulowa\u0107, reguluj\u0105c nat\u0119\u017cenie przep\u0142ywu p\u0142ynu hydraulicznego do lub z cylindra.<\/li>\n<\/ul>\n<\/li>\n<li><strong>Zastosowania:<\/strong>\n<ul>\n<li>Si\u0142owniki hydrauliczne s\u0105 stosowane w r\u00f3\u017cnych zastosowaniach wymagaj\u0105cych liniowej si\u0142y i ruchu, na przyk\u0142ad w sprz\u0119cie budowlanym, maszynach do transportu materia\u0142\u00f3w, systemach produkcyjnych i pojazdach.<\/li>\n<li>S\u0105 powszechnie u\u017cywane do podnoszenia, pchania, ci\u0105gni\u0119cia, gi\u0119cia i pozycjonowania.<\/li>\n<\/ul>\n<\/li>\n<\/ol>\n<h2><strong>Mo\u017cliwo\u015bci i pojemno\u015b\u0107 fabryki:<\/strong><\/h2>\n<h3>(1) Monta\u017c<\/h3>\n<p>Dysponujemy najwy\u017cszej klasy niezale\u017cn\u0105 platform\u0105 badawczo-rozwojow\u0105. Warsztat produkcji si\u0142ownik\u00f3w hydraulicznych posiada cztery p\u00f3\u0142automatyczne linie monta\u017cowe si\u0142ownik\u00f3w podnosz\u0105cych i jedn\u0105 automatyczn\u0105 lini\u0119 monta\u017cow\u0105 si\u0142ownik\u00f3w przechy\u0142u, o projektowanej rocznej zdolno\u015bci produkcyjnej 1 miliona sztuk. Specjalny warsztat cylindr\u00f3w jest wyposa\u017cony w r\u00f3\u017cne specyfikacje p\u00f3\u0142automatycznego systemu monta\u017cu czyszcz\u0105cego o projektowanej rocznej zdolno\u015bci produkcyjnej 200 000 i wyposa\u017cony w s\u0142ynny sprz\u0119t do obr\u00f3bki CNC, centrum obr\u00f3bcze, specjalny sprz\u0119t do precyzyjnej obr\u00f3bki cylindr\u00f3w, robot spawalniczy, automatyczna maszyna czyszcz\u0105ca, automatyczna maszyna do monta\u017cu cylindr\u00f3w i automatyczna linia produkcyjna do malowania. Istniej\u0105cy krytyczny sprz\u0119t sk\u0142ada si\u0119 z ponad 300 zestaw\u00f3w. Optymalna alokacja i efektywne wykorzystanie zasob\u00f3w sprz\u0119towych zapewniaj\u0105 wymagania dotycz\u0105ce dok\u0142adno\u015bci produkt\u00f3w i spe\u0142niaj\u0105 potrzeby wysokiej jako\u015bci produkt\u00f3w.<\/p>\n<p><img loading=\"lazy\" decoding=\"async\" class=\"alignnone wp-image-626\" src=\"https:\/\/hydraulic-cylinders.net\/wp-content\/uploads\/2023\/08\/hydraulic-cylinder-product-1-300x158.webp\" alt=\"\" width=\"495\" height=\"260\" srcset=\"https:\/\/hydraulic-cylinders.net\/wp-content\/uploads\/2023\/08\/hydraulic-cylinder-product-1-300x158.webp 495w, https:\/\/hydraulic-cylinders.net\/wp-content\/uploads\/2023\/08\/hydraulic-cylinder-product-1-480x252.webp 480w\" sizes=\"(min-width: 0px) and (max-width: 480px) 480px, (min-width: 481px) 495px, 100vw\" \/> <img loading=\"lazy\" decoding=\"async\" class=\"alignnone wp-image-627\" src=\"https:\/\/hydraulic-cylinders.net\/wp-content\/uploads\/2023\/08\/hydraulic-cylinder-product-2-300x189.webp\" alt=\"\" width=\"413\" height=\"260\" \/><\/p>\n<h3>(2) Obr\u00f3bka<\/h3>\n<p>Warsztat obr\u00f3bki skrawaniem jest wyposa\u017cony w niestandardowe centrum tokarskie z pochylon\u0105 szyn\u0105, centrum obr\u00f3bcze, szybkobie\u017cn\u0105 honownic\u0119, robota spawalniczego i inny powi\u0105zany sprz\u0119t, kt\u00f3ry mo\u017ce obs\u0142ugiwa\u0107 przetwarzanie rur cylindrycznych o maksymalnej \u015brednicy wewn\u0119trznej 400 mm i maksymalnej d\u0142ugo\u015bci 6 metr\u00f3w.<\/p>\n<p><img loading=\"lazy\" decoding=\"async\" class=\"alignnone wp-image-628 size-large\" src=\"https:\/\/hydraulic-cylinders.net\/wp-content\/uploads\/2023\/08\/hydraulic-cylinder-product-3-1024x391.webp\" alt=\"\" width=\"1024\" height=\"391\" srcset=\"https:\/\/hydraulic-cylinders.net\/wp-content\/uploads\/2023\/08\/hydraulic-cylinder-product-3-980x374.webp 980w, https:\/\/hydraulic-cylinders.net\/wp-content\/uploads\/2023\/08\/hydraulic-cylinder-product-3-480x183.webp 480w\" sizes=\"(min-width: 0px) and (max-width: 480px) 480px, (min-width: 481px) and (max-width: 980px) 980px, (min-width: 981px) 1024px, 100vw\" \/><\/p>\n<h3>(3) Spawanie<\/h3>\n<p><img loading=\"lazy\" decoding=\"async\" class=\"alignnone wp-image-629 size-large\" src=\"https:\/\/hydraulic-cylinders.net\/wp-content\/uploads\/2023\/08\/hydraulic-cylinder-product-4-1024x510.webp\" alt=\"\" width=\"1024\" height=\"510\" srcset=\"https:\/\/hydraulic-cylinders.net\/wp-content\/uploads\/2023\/08\/hydraulic-cylinder-product-4-980x488.webp 980w, https:\/\/hydraulic-cylinders.net\/wp-content\/uploads\/2023\/08\/hydraulic-cylinder-product-4-480x239.webp 480w\" sizes=\"(min-width: 0px) and (max-width: 480px) 480px, (min-width: 481px) and (max-width: 980px) 980px, (min-width: 981px) 1024px, 100vw\" \/><\/p>\n<h3>(4) Malowanie i powlekanie<\/h3>\n<p>Z ma\u0142ymi i \u015brednimi automatycznymi liniami do powlekania farbami na bazie wody, w celu osi\u0105gni\u0119cia automatycznego za\u0142adunku i roz\u0142adunku robota oraz automatycznego natryskiwania, wydajno\u015b\u0107 projektowa 4000 sztuk na zmian\u0119;<br \/>\nPosiadamy r\u00f3wnie\u017c p\u00f3\u0142automatyczn\u0105 lini\u0119 do produkcji farb do du\u017cych cylindr\u00f3w nap\u0119dzan\u0105 \u0142a\u0144cuchem nap\u0119dowym, o wydajno\u015bci 60 skrzy\u0144 na zmian\u0119.<\/p>\n<p><img loading=\"lazy\" decoding=\"async\" class=\"alignnone wp-image-630\" src=\"https:\/\/hydraulic-cylinders.net\/wp-content\/uploads\/2023\/08\/hydraulic-cylinder-product-5-300x213.webp\" alt=\"\" width=\"366\" height=\"260\" \/> <img loading=\"lazy\" decoding=\"async\" class=\"alignnone wp-image-631\" src=\"https:\/\/hydraulic-cylinders.net\/wp-content\/uploads\/2023\/08\/hydraulic-cylinder-product-6-300x225.webp\" alt=\"\" width=\"347\" height=\"260\" \/><\/p>\n<h3>(5) Testowanie<\/h3>\n<p>Dysponujemy najwy\u017cszej klasy urz\u0105dzeniami kontrolnymi i stanowiskami testowymi, aby zapewni\u0107, \u017ce wydajno\u015b\u0107 cylindra spe\u0142nia wymagania.<\/p>\n<p><img loading=\"lazy\" decoding=\"async\" class=\"alignnone wp-image-632\" src=\"https:\/\/hydraulic-cylinders.net\/wp-content\/uploads\/2023\/08\/hydraulic-cylinder-product-8-300x200.webp\" alt=\"\" width=\"389\" height=\"260\" \/><\/p>\n<p>&nbsp;<\/p>\n<p>&nbsp;<\/p>\n<p>Jeste\u015bmy jednym z najlepszych producent\u00f3w cylindr\u00f3w hydraulicznych. Oferujemy kompleksow\u0105 ofert\u0119 cylindr\u00f3w hydraulicznych. Dostarczamy r\u00f3wnie\u017c\u2026 <a href=\"https:\/\/hzpt.com\/agricultural-pto-gearbox\/\" target=\"_blank\" rel=\"noopener\">przek\u0142adnie rolnicze<\/a>. Eksportowali\u015bmy nasze produkty do klient\u00f3w na ca\u0142ym \u015bwiecie i zdobyli\u015bmy dobr\u0105 reputacj\u0119 dzi\u0119ki najwy\u017cszej jako\u015bci produkt\u00f3w i us\u0142ug posprzeda\u017cnych. Zapraszamy klient\u00f3w w kraju i za granic\u0105 do kontaktu z nami w celu negocjacji biznesowych, wymiany informacji i <a href=\"https:\/\/www.hydraulic-cylinders.net\/pl\/contact-us\/\">wsp\u00f3\u0142pracowa\u0107 z nami<\/a>!<\/p>","protected":false},"excerpt":{"rendered":"<p>Injection Molding Machine Ejection Cylinder The injection molding machine ejection cylinder is a vital component in the plastic injection molding process, designed to improve efficiency and precision by facilitating the ejection of molded parts from the mold cavity. This specialized cylinder plays a crucial role in the final stage of the injection molding cycle, ensuring [&hellip;]<\/p>","protected":false},"featured_media":1745,"comment_status":"open","ping_status":"closed","template":"","meta":{"_et_pb_use_builder":"","_et_pb_old_content":"","_et_gb_content_width":""},"product_brand":[],"product_cat":[1523,1549,1376],"product_tag":[1380],"class_list":{"0":"post-1742","1":"product","2":"type-product","3":"status-publish","4":"has-post-thumbnail","6":"product_cat-injection-molding-hydraulic-cylinders","7":"product_cat-single-acting-hydraulic-cylinder","8":"product_cat-hydraulic-cylinder","9":"product_tag-hydraulic-cylinder","11":"first","12":"instock","13":"shipping-taxable","14":"product-type-simple"},"amp_enabled":true,"_links":{"self":[{"href":"https:\/\/www.hydraulic-cylinders.net\/pl\/wp-json\/wp\/v2\/product\/1742","targetHints":{"allow":["GET"]}}],"collection":[{"href":"https:\/\/www.hydraulic-cylinders.net\/pl\/wp-json\/wp\/v2\/product"}],"about":[{"href":"https:\/\/www.hydraulic-cylinders.net\/pl\/wp-json\/wp\/v2\/types\/product"}],"replies":[{"embeddable":true,"href":"https:\/\/www.hydraulic-cylinders.net\/pl\/wp-json\/wp\/v2\/comments?post=1742"}],"wp:featuredmedia":[{"embeddable":true,"href":"https:\/\/www.hydraulic-cylinders.net\/pl\/wp-json\/wp\/v2\/media\/1745"}],"wp:attachment":[{"href":"https:\/\/www.hydraulic-cylinders.net\/pl\/wp-json\/wp\/v2\/media?parent=1742"}],"wp:term":[{"taxonomy":"product_brand","embeddable":true,"href":"https:\/\/www.hydraulic-cylinders.net\/pl\/wp-json\/wp\/v2\/product_brand?post=1742"},{"taxonomy":"product_cat","embeddable":true,"href":"https:\/\/www.hydraulic-cylinders.net\/pl\/wp-json\/wp\/v2\/product_cat?post=1742"},{"taxonomy":"product_tag","embeddable":true,"href":"https:\/\/www.hydraulic-cylinders.net\/pl\/wp-json\/wp\/v2\/product_tag?post=1742"}],"curies":[{"name":"wp","href":"https:\/\/api.w.org\/{rel}","templated":true}]}}