{"id":1752,"date":"2023-10-13T02:41:02","date_gmt":"2023-10-13T02:41:02","guid":{"rendered":"https:\/\/hydraulic-cylinders.net\/?post_type=product&#038;p=1752"},"modified":"2025-04-15T05:55:30","modified_gmt":"2025-04-15T05:55:30","slug":"cutter-suction-dredger-traveling-cylinders","status":"publish","type":"product","link":"https:\/\/www.hydraulic-cylinders.net\/pl\/produkt\/cutter-suction-dredger-traveling-cylinders\/","title":{"rendered":"Cylindry podr\u00f3\u017cne pog\u0142\u0119biarki ss\u0105cej"},"content":{"rendered":"<h1 style=\"text-align: center;\"><strong>Cylindry podr\u00f3\u017cne pog\u0142\u0119biarki ss\u0105cej<\/strong><\/h1>\n<p><img loading=\"lazy\" decoding=\"async\" class=\"aligncenter wp-image-1753\" src=\"https:\/\/hydraulic-cylinders.net\/wp-content\/uploads\/2023\/10\/cutter-suction-dredger-the-traveling-cylinders-1-300x300.webp\" alt=\"\" width=\"400\" height=\"400\" \/><\/p>\n<p>Cylindry jezdne pog\u0142\u0119biarek ss\u0105co-t\u0142ocz\u0105cych s\u0105 niezb\u0119dnymi elementami nowoczesnych operacji pog\u0142\u0119biarskich. Zaprojektowane w celu zwi\u0119kszenia wydajno\u015bci i produktywno\u015bci, cylindry te odgrywaj\u0105 kluczow\u0105 rol\u0119 w procesie pog\u0142\u0119biania ss\u0105co-t\u0142ocz\u0105cego.<\/p>\n<p>Cylindry jezdne pog\u0142\u0119biarki ss\u0105co-udarowej s\u0105 niezb\u0119dnymi elementami dla efektywnego i wydajnego pog\u0142\u0119biania. Dzi\u0119ki solidnej konstrukcji, precyzyjnemu ruchowi, mocnemu nap\u0119dowi i elastycznym mo\u017cliwo\u015bciom regulacji, cylindry te zapewniaj\u0105 p\u0142ynny i precyzyjny ruch pog\u0142\u0119biarki, optymalizuj\u0105c wydajno\u015b\u0107 pog\u0142\u0119biania. Przestrzegaj\u0105c zalecanych metod u\u017cytkowania i konserwacji, operatorzy mog\u0105 zmaksymalizowa\u0107 wydajno\u015b\u0107 i \u017cywotno\u015b\u0107 cylindr\u00f3w jezdnych, co ostatecznie zwi\u0119ksza wydajno\u015b\u0107 i efektywno\u015b\u0107 pog\u0142\u0119biania ss\u0105co-udarowego.<\/p>\n<p>G\u0142\u00f3wne cechy cylindr\u00f3w przesuwnych pog\u0142\u0119biarki ss\u0105co-t\u0142ocz\u0105cej:<\/p>\n<ol>\n<li>Solidna konstrukcja:<\/li>\n<\/ol>\n<ul>\n<li>Cylindry przesuwne wykonane s\u0105 z materia\u0142\u00f3w najwy\u017cszej jako\u015bci, co gwarantuje trwa\u0142o\u015b\u0107 i d\u0142ugowieczno\u015b\u0107 nawet w trudnych warunkach pog\u0142\u0119biania.<br \/>\nZaprojektowano je tak, aby wytrzymywa\u0142y wysokie ci\u015bnienia, materia\u0142y \u015bcierne i ci\u0105g\u0142y ruch, zapewniaj\u0105c sta\u0142\u0105 wydajno\u015b\u0107 podczas prac pog\u0142\u0119biarskich.<\/li>\n<\/ul>\n<ol start=\"2\">\n<li>Precyzyjny ruch post\u0119powy:<\/li>\n<\/ol>\n<ul>\n<li>Cylindry te umo\u017cliwiaj\u0105 precyzyjn\u0105 kontrol\u0119 ruchu pog\u0142\u0119biarki ss\u0105co-t\u0142ocz\u0105cej, gwarantuj\u0105c dok\u0142adne pozycjonowanie i p\u0142ynny ruch podczas prac pog\u0142\u0119biarskich.<\/li>\n<li>Umo\u017cliwiaj\u0105 dostosowanie pr\u0119dko\u015bci poruszania si\u0119, co pozwala na efektywn\u0105 nawigacj\u0119 w zr\u00f3\u017cnicowanym terenie i precyzyjne pozycjonowanie w celu efektywnego pog\u0142\u0119biania.<\/li>\n<\/ul>\n<ol start=\"3\">\n<li>Pot\u0119\u017cny nap\u0119d:<\/li>\n<\/ol>\n<ul>\n<li>Ruchome cylindry zapewniaj\u0105 mocny nap\u0119d pog\u0142\u0119biarki ss\u0105co-t\u0142ocz\u0105cej, umo\u017cliwiaj\u0105c jej p\u0142ynne i wydajne przemieszczanie si\u0119 po obszarze pog\u0142\u0119biania.<\/li>\n<li>Zapewniaj\u0105 one doskona\u0142y ci\u0105g i przyczepno\u015b\u0107, dzi\u0119ki czemu pog\u0142\u0119biarka mo\u017ce pokona\u0107 op\u00f3r osad\u00f3w i utrzymywa\u0107 sta\u0142y post\u0119p.<\/li>\n<\/ul>\n<ol start=\"4\">\n<li>Elastyczna regulacja:<\/li>\n<\/ol>\n<ul>\n<li>Cylindry te umo\u017cliwiaj\u0105 elastyczn\u0105 regulacj\u0119 parametr\u00f3w ruchu pog\u0142\u0119biarki ss\u0105co-t\u0142ocz\u0105cej, takich jak pr\u0119dko\u015b\u0107, kierunek i g\u0142\u0119boko\u015b\u0107.<\/li>\n<li>Operatorzy mog\u0105 dostosowa\u0107 ruch pog\u0142\u0119biarki do konkretnych wymaga\u0144 pog\u0142\u0119biania i zoptymalizowa\u0107 wydajno\u015b\u0107 ca\u0142ej operacji.<\/li>\n<\/ul>\n<h2><strong>Parametry cylindr\u00f3w przesuwnych pog\u0142\u0119biarki ss\u0105co-t\u0142ocz\u0105cej:<\/strong><\/h2>\n<table border=\"1\" cellspacing=\"0\" cellpadding=\"0\">\n<tbody>\n<tr>\n<td>Nazwa produktu<\/td>\n<td>Cylinder podr\u00f3\u017cny pog\u0142\u0119biarki ss\u0105cej<\/td>\n<\/tr>\n<tr>\n<td>Cechy:<\/td>\n<td>Jest g\u0142\u00f3wnym elementem wykonawczym mechanizmu jezdnego pog\u0142\u0119biarki ss\u0105co-t\u0142ocz\u0105cej<\/td>\n<\/tr>\n<tr>\n<td>\u015arednica otworu:<\/td>\n<td>Do 480 mm<\/td>\n<\/tr>\n<tr>\n<td>\u015arednica pr\u0119ta:<\/td>\n<td>Do 360 mm<br \/>\nSkok do 9400 mm<\/td>\n<\/tr>\n<tr>\n<td>Ci\u015bnienie:<\/td>\n<td>do 32 MPa<\/td>\n<\/tr>\n<tr>\n<td>Si\u0142a ci\u0105gu:<\/td>\n<td>Maksymalnie 2900 kN<\/td>\n<\/tr>\n<tr>\n<td>Zastosowania:<\/td>\n<td>Pog\u0142\u0119biarka ss\u0105ca<\/td>\n<\/tr>\n<\/tbody>\n<\/table>\n<div><\/div>\n<div>\n<div class=\"txtboxL\">\n<div class=\"txtboxL\">\n<div class=\"txtboxL\">\n<div class=\"txtboxL\">\n<div class=\"txtboxL\">\n<div class=\"txtboxL\">\n<div class=\"txtboxL\">\n<div class=\"txtboxL\">Cechy:<\/div>\n<div class=\"txtboxR\">Jest g\u0142\u00f3wnym elementem wykonawczym mechanizmu jezdnego pog\u0142\u0119biarki ss\u0105co-t\u0142ocz\u0105cej<\/div>\n<div class=\"txtboxL\">Specyfikacja:<\/div>\n<div class=\"txtboxR\">\u015arednica otworu: do 480 mm<br \/>\n\u015arednica pr\u0119ta: do 360mm<br \/>\nSkok do 9400 mm<\/div>\n<div class=\"txtboxL\">Ci\u015bnienie:<\/div>\n<div class=\"txtboxR\">do 32 MPa<\/div>\n<div class=\"txtboxL\">Si\u0142a ci\u0105gu:<\/div>\n<div class=\"txtboxR\">Maksymalnie 2900 kN<\/div>\n<\/div>\n<\/div>\n<\/div>\n<\/div>\n<\/div>\n<\/div>\n<\/div>\n<\/div>\n<h2><strong>Zastosowanie cylindr\u00f3w ss\u0105cych i tn\u0105cych zbiornik\u00f3w pog\u0142\u0119biarek:<\/strong><\/h2>\n<p><img loading=\"lazy\" decoding=\"async\" class=\"alignnone wp-image-1757 size-full\" src=\"https:\/\/hydraulic-cylinders.net\/wp-content\/uploads\/2023\/10\/dredger-tank-cylinder-1.webp\" alt=\"\" width=\"600\" height=\"400\" srcset=\"https:\/\/hydraulic-cylinders.net\/wp-content\/uploads\/2023\/10\/dredger-tank-cylinder-1.webp 600w, https:\/\/hydraulic-cylinders.net\/wp-content\/uploads\/2023\/10\/dredger-tank-cylinder-1-480x320.webp 480w\" sizes=\"(min-width: 0px) and (max-width: 480px) 480px, (min-width: 481px) 600px, 100vw\" \/><\/p>\n<h2><strong>Metoda u\u017cytkowania cylindr\u00f3w jezdnych pog\u0142\u0119biarki ss\u0105cej<\/strong><strong>:<\/strong><\/h2>\n<ol>\n<li><strong>Instalacja:<\/strong><\/li>\n<\/ol>\n<ul>\n<li>Post\u0119puj zgodnie ze wskaz\u00f3wkami producenta, aby bezpiecznie zamontowa\u0107 cylindry ruchome na pog\u0142\u0119biarce ss\u0105co-tn\u0105cej.<\/li>\n<li>Zapewnij w\u0142a\u015bciwe wyr\u00f3wnanie i przymocowanie do uk\u0142adu nap\u0119dowego pog\u0142\u0119biarki, co pozwoli na p\u0142ynny i niezawodny ruch.<\/li>\n<\/ul>\n<ol start=\"2\">\n<li><strong>Sterowanie i nawigacja:<\/strong><\/li>\n<\/ol>\n<ul>\n<li>Za pomoc\u0105 panelu sterowania lub interfejsu pog\u0142\u0119biarki mo\u017cna sterowa\u0107 parametrami jazdy, takimi jak pr\u0119dko\u015b\u0107, kierunek i g\u0142\u0119boko\u015b\u0107.<\/li>\n<li>Monitoruj po\u0142o\u017cenie pog\u0142\u0119biarki i odpowiednio dostosuj jej pr\u0119dko\u015b\u0107, aby zapewni\u0107 efektywny post\u0119p prac i precyzyjne pozycjonowanie podczas prac pog\u0142\u0119biarskich.<\/li>\n<\/ul>\n<ol start=\"3\">\n<li><strong>Operacje pog\u0142\u0119biarskie:<\/strong><\/li>\n<\/ol>\n<ul>\n<li>Rozpocznij proces pog\u0142\u0119biania, uruchamiaj\u0105c pog\u0142\u0119biark\u0119 ss\u0105co-t\u0142ocz\u0105c\u0105 i w\u0142\u0105czaj\u0105c cylindry nap\u0119dowe.<\/li>\n<li>Sterowanie pog\u0142\u0119biark\u0105 na obszarze pog\u0142\u0119biania, zapewniaj\u0105ce sta\u0142y post\u0119p i precyzyjne pozycjonowanie w celu efektywnego wykopu i wydobywania materia\u0142u.<\/li>\n<li>Dostosuj parametry pracy pog\u0142\u0119biarki, aby zoptymalizowa\u0107 wydajno\u015b\u0107 pog\u0142\u0119biania i dostosowa\u0107 j\u0105 do zmieniaj\u0105cych si\u0119 warunk\u00f3w.<\/li>\n<\/ul>\n<h2><strong>Jak zdemontowa\u0107 si\u0142ownik hydrauliczny z \u0142adowarki czo\u0142owej?<\/strong><\/h2>\n<p>Szczeg\u00f3\u0142owe kroki demonta\u017cu si\u0142ownika hydraulicznego z \u0142adowacza czo\u0142owego mog\u0105 si\u0119 r\u00f3\u017cni\u0107 w zale\u017cno\u015bci od marki i modelu \u0142adowarki. Mog\u0119 jednak przedstawi\u0107 og\u00f3ln\u0105 procedur\u0119, kt\u00f3ra b\u0119dzie dobrym punktem wyj\u015bcia. Oto przewodnik krok po kroku:<\/p>\n<ol>\n<li><strong>Bezpiecze\u0144stwo przede wszystkim:<\/strong> Upewnij si\u0119, \u017ce \u0142adowarka jest wy\u0142\u0105czona, silnik dzia\u0142a prawid\u0142owo i \u0142adowarka jest stabilnie podparta na podstawkach podno\u015bnikowych lub klockach.<\/li>\n<li><strong>Zlokalizuj cylinder hydrauliczny:<\/strong> Zidentyfikuj si\u0142ownik hydrauliczny, kt\u00f3ry chcesz zdemontowa\u0107. Zazwyczaj b\u0119dzie on pod\u0142\u0105czony do uk\u0142adu hydraulicznego \u0142adowarki i umieszczony w pozycji umo\u017cliwiaj\u0105cej sterowanie ruchem konkretnej funkcji, takiej jak \u0142y\u017cka lub ramiona podnosz\u0105ce.<\/li>\n<li><strong>Uwolnij ci\u015bnienie hydrauliczne:<\/strong> Aby zapobiec nieoczekiwanemu ruchowi i zapewni\u0107 sobie bezpiecze\u0144stwo, nale\u017cy uwolni\u0107 ci\u015bnienie hydrauliczne w uk\u0142adzie. Zazwyczaj wymaga to zlokalizowania hydraulicznego zaworu steruj\u0105cego \u0142adowark\u0105 i uruchomienia element\u00f3w steruj\u0105cych w celu uwolnienia ci\u015bnienia. Szczeg\u00f3\u0142owe instrukcje dotycz\u0105ce wykonania tego kroku znajduj\u0105 si\u0119 w instrukcji obs\u0142ugi \u0142adowarki.<\/li>\n<li><strong>Od\u0142\u0105cz przewody hydrauliczne:<\/strong> Ostro\u017cnie od\u0142\u0105cz przewody hydrauliczne pod\u0142\u0105czone do cylindra. W zale\u017cno\u015bci od konstrukcji, mo\u017ce to wymaga\u0107 poluzowania i demonta\u017cu przy\u0142\u0105czy hydraulicznych lub u\u017cycia specjalistycznych narz\u0119dzi, takich jak klucze lub zestawy nasadek.<\/li>\n<li><strong>Usu\u0144 ko\u0142ki mocuj\u0105ce:<\/strong> Sprawd\u017a, czy znajduj\u0105 si\u0119 sworznie lub \u015bruby mocuj\u0105ce si\u0142ownik do ramy \u0142adowarki lub innych element\u00f3w. Wyjmij te sworznie lub \u015bruby, aby zwolni\u0107 si\u0142ownik.<\/li>\n<li><strong>Wsparcie cylindra:<\/strong> Si\u0142owniki hydrauliczne mog\u0105 by\u0107 ci\u0119\u017ckie, dlatego wa\u017cne jest, aby zaplanowa\u0107 podparcie cylindra podczas jego demonta\u017cu. Mo\u017cna to zrobi\u0107 za pomoc\u0105 podno\u015bnika, takiego jak wci\u0105gnik lub podno\u015bnik, aby podeprze\u0107 ci\u0119\u017car cylindra podczas demonta\u017cu.<\/li>\n<li><strong>Wyjmij cylinder:<\/strong> Po usuni\u0119ciu ko\u0142k\u00f3w lub \u015brub mocuj\u0105cych i prawid\u0142owym podparciu cylindra, ostro\u017cnie wysu\u0144 lub wysu\u0144 cylinder z uchwyt\u00f3w monta\u017cowych lub po\u0142\u0105cze\u0144. Zachowaj ostro\u017cno\u015b\u0107, aby nie dopu\u015bci\u0107 do resztek p\u0142ynu hydraulicznego w cylindrze lub przewodach.<\/li>\n<li><strong>Sprawd\u017a i wymie\u0144:<\/strong> Po wyj\u0119ciu cylindra nale\u017cy sprawdzi\u0107, czy nie ma \u015blad\u00f3w uszkodze\u0144 lub zu\u017cycia. Przed ponownym monta\u017cem cylindra nale\u017cy wymieni\u0107 uszczelki, pier\u015bcienie uszczelniaj\u0105ce i inne elementy.<\/li>\n<\/ol>\n<h2><strong>Mo\u017cliwo\u015bci i pojemno\u015b\u0107 fabryki:<\/strong><\/h2>\n<h3>(1) Monta\u017c<\/h3>\n<p>Dysponujemy najwy\u017cszej klasy niezale\u017cn\u0105 platform\u0105 badawczo-rozwojow\u0105. Warsztat produkcji si\u0142ownik\u00f3w hydraulicznych posiada cztery p\u00f3\u0142automatyczne linie monta\u017cowe si\u0142ownik\u00f3w podnosz\u0105cych i jedn\u0105 automatyczn\u0105 lini\u0119 monta\u017cow\u0105 si\u0142ownik\u00f3w przechy\u0142u, o projektowanej rocznej zdolno\u015bci produkcyjnej 1 miliona sztuk. Specjalny warsztat cylindr\u00f3w jest wyposa\u017cony w r\u00f3\u017cne specyfikacje p\u00f3\u0142automatycznego systemu monta\u017cu czyszcz\u0105cego o projektowanej rocznej zdolno\u015bci produkcyjnej 200 000 i wyposa\u017cony w s\u0142ynny sprz\u0119t do obr\u00f3bki CNC, centrum obr\u00f3bcze, specjalny sprz\u0119t do precyzyjnej obr\u00f3bki cylindr\u00f3w, robot spawalniczy, automatyczna maszyna czyszcz\u0105ca, automatyczna maszyna do monta\u017cu cylindr\u00f3w i automatyczna linia produkcyjna do malowania. Istniej\u0105cy krytyczny sprz\u0119t sk\u0142ada si\u0119 z ponad 300 zestaw\u00f3w. Optymalna alokacja i efektywne wykorzystanie zasob\u00f3w sprz\u0119towych zapewniaj\u0105 wymagania dotycz\u0105ce dok\u0142adno\u015bci produkt\u00f3w i spe\u0142niaj\u0105 potrzeby wysokiej jako\u015bci produkt\u00f3w.<\/p>\n<p><img loading=\"lazy\" decoding=\"async\" class=\"alignnone wp-image-626\" src=\"https:\/\/hydraulic-cylinders.net\/wp-content\/uploads\/2023\/08\/hydraulic-cylinder-product-1-300x158.webp\" alt=\"\" width=\"495\" height=\"260\" srcset=\"https:\/\/hydraulic-cylinders.net\/wp-content\/uploads\/2023\/08\/hydraulic-cylinder-product-1-300x158.webp 495w, https:\/\/hydraulic-cylinders.net\/wp-content\/uploads\/2023\/08\/hydraulic-cylinder-product-1-480x252.webp 480w\" sizes=\"(min-width: 0px) and (max-width: 480px) 480px, (min-width: 481px) 495px, 100vw\" \/> <img loading=\"lazy\" decoding=\"async\" class=\"alignnone wp-image-627\" src=\"https:\/\/hydraulic-cylinders.net\/wp-content\/uploads\/2023\/08\/hydraulic-cylinder-product-2-300x189.webp\" alt=\"\" width=\"413\" height=\"260\" \/><\/p>\n<h3>(2) Obr\u00f3bka<\/h3>\n<p>Warsztat obr\u00f3bki skrawaniem jest wyposa\u017cony w niestandardowe centrum tokarskie z pochylon\u0105 szyn\u0105, centrum obr\u00f3bcze, szybkobie\u017cn\u0105 honownic\u0119, robota spawalniczego i inny powi\u0105zany sprz\u0119t, kt\u00f3ry mo\u017ce obs\u0142ugiwa\u0107 przetwarzanie rur cylindrycznych o maksymalnej \u015brednicy wewn\u0119trznej 400 mm i maksymalnej d\u0142ugo\u015bci 6 metr\u00f3w.<\/p>\n<p><img loading=\"lazy\" decoding=\"async\" class=\"alignnone wp-image-628 size-large\" src=\"https:\/\/hydraulic-cylinders.net\/wp-content\/uploads\/2023\/08\/hydraulic-cylinder-product-3-1024x391.webp\" alt=\"\" width=\"1024\" height=\"391\" srcset=\"https:\/\/hydraulic-cylinders.net\/wp-content\/uploads\/2023\/08\/hydraulic-cylinder-product-3-980x374.webp 980w, https:\/\/hydraulic-cylinders.net\/wp-content\/uploads\/2023\/08\/hydraulic-cylinder-product-3-480x183.webp 480w\" sizes=\"(min-width: 0px) and (max-width: 480px) 480px, (min-width: 481px) and (max-width: 980px) 980px, (min-width: 981px) 1024px, 100vw\" \/><\/p>\n<h3>(3) Spawanie<\/h3>\n<p><img loading=\"lazy\" decoding=\"async\" class=\"alignnone wp-image-629 size-large\" src=\"https:\/\/hydraulic-cylinders.net\/wp-content\/uploads\/2023\/08\/hydraulic-cylinder-product-4-1024x510.webp\" alt=\"\" width=\"1024\" height=\"510\" srcset=\"https:\/\/hydraulic-cylinders.net\/wp-content\/uploads\/2023\/08\/hydraulic-cylinder-product-4-980x488.webp 980w, https:\/\/hydraulic-cylinders.net\/wp-content\/uploads\/2023\/08\/hydraulic-cylinder-product-4-480x239.webp 480w\" sizes=\"(min-width: 0px) and (max-width: 480px) 480px, (min-width: 481px) and (max-width: 980px) 980px, (min-width: 981px) 1024px, 100vw\" \/><\/p>\n<h3>(4) Malowanie i powlekanie<\/h3>\n<p>Z ma\u0142ymi i \u015brednimi automatycznymi liniami do powlekania farbami na bazie wody, w celu osi\u0105gni\u0119cia automatycznego za\u0142adunku i roz\u0142adunku robota oraz automatycznego natryskiwania, wydajno\u015b\u0107 projektowa 4000 sztuk na zmian\u0119;<br \/>\nPosiadamy r\u00f3wnie\u017c p\u00f3\u0142automatyczn\u0105 lini\u0119 do produkcji farb do du\u017cych cylindr\u00f3w nap\u0119dzan\u0105 \u0142a\u0144cuchem nap\u0119dowym, o wydajno\u015bci 60 skrzy\u0144 na zmian\u0119.<\/p>\n<p><img loading=\"lazy\" decoding=\"async\" class=\"alignnone wp-image-630\" src=\"https:\/\/hydraulic-cylinders.net\/wp-content\/uploads\/2023\/08\/hydraulic-cylinder-product-5-300x213.webp\" alt=\"\" width=\"366\" height=\"260\" \/> <img loading=\"lazy\" decoding=\"async\" class=\"alignnone wp-image-631\" src=\"https:\/\/hydraulic-cylinders.net\/wp-content\/uploads\/2023\/08\/hydraulic-cylinder-product-6-300x225.webp\" alt=\"\" width=\"347\" height=\"260\" \/><\/p>\n<h3>(5) Testowanie<\/h3>\n<p>Dysponujemy najwy\u017cszej klasy urz\u0105dzeniami kontrolnymi i stanowiskami testowymi, aby zapewni\u0107, \u017ce wydajno\u015b\u0107 cylindra spe\u0142nia wymagania.<\/p>\n<p><img loading=\"lazy\" decoding=\"async\" class=\"alignnone wp-image-632\" src=\"https:\/\/hydraulic-cylinders.net\/wp-content\/uploads\/2023\/08\/hydraulic-cylinder-product-8-300x200.webp\" alt=\"\" width=\"389\" height=\"260\" \/><\/p>\n<p>&nbsp;<\/p>\n<p>&nbsp;<\/p>\n<p>Jeste\u015bmy jednym z najlepszych producent\u00f3w cylindr\u00f3w hydraulicznych. Oferujemy kompleksow\u0105 ofert\u0119 cylindr\u00f3w hydraulicznych. Dostarczamy r\u00f3wnie\u017c\u2026 <a href=\"https:\/\/hzpt.com\/agricultural-pto-gearbox\/\" target=\"_blank\" rel=\"noopener\">przek\u0142adnie rolnicze<\/a>. Eksportowali\u015bmy nasze produkty do klient\u00f3w na ca\u0142ym \u015bwiecie i zdobyli\u015bmy dobr\u0105 reputacj\u0119 dzi\u0119ki najwy\u017cszej jako\u015bci produkt\u00f3w i us\u0142ug posprzeda\u017cnych. Zapraszamy klient\u00f3w w kraju i za granic\u0105 do kontaktu z nami w celu negocjacji biznesowych, wymiany informacji i <a href=\"https:\/\/www.hydraulic-cylinders.net\/pl\/contact-us\/\">wsp\u00f3\u0142pracowa\u0107 z nami<\/a>!<\/p>","protected":false},"excerpt":{"rendered":"<p>Cutter Suction Dredger Traveling Cylinders The cutter suction dredger traveling cylinders are essential components of modern dredging operations. Designed to enhance efficiency and productivity, these cylinders play a vital role in the cutter-suction dredging process. The cutter suction dredger traveling cylinders are indispensable components for efficient and productive dredging operations. With their robust construction, precise [&hellip;]<\/p>","protected":false},"featured_media":1755,"comment_status":"open","ping_status":"closed","template":"","meta":{"_et_pb_use_builder":"","_et_pb_old_content":"","_et_gb_content_width":""},"product_brand":[],"product_cat":[1550,1535,1552,1376],"product_tag":[1380],"class_list":{"0":"post-1752","1":"product","2":"type-product","3":"status-publish","4":"has-post-thumbnail","6":"product_cat-double-acting-hydraulic-cylinder","7":"product_cat-dredger-hydraulic-cylinders","8":"product_cat-stainless-steel-hydraulic-cylinder","9":"product_cat-hydraulic-cylinder","10":"product_tag-hydraulic-cylinder","12":"first","13":"instock","14":"shipping-taxable","15":"product-type-simple"},"amp_enabled":true,"_links":{"self":[{"href":"https:\/\/www.hydraulic-cylinders.net\/pl\/wp-json\/wp\/v2\/product\/1752","targetHints":{"allow":["GET"]}}],"collection":[{"href":"https:\/\/www.hydraulic-cylinders.net\/pl\/wp-json\/wp\/v2\/product"}],"about":[{"href":"https:\/\/www.hydraulic-cylinders.net\/pl\/wp-json\/wp\/v2\/types\/product"}],"replies":[{"embeddable":true,"href":"https:\/\/www.hydraulic-cylinders.net\/pl\/wp-json\/wp\/v2\/comments?post=1752"}],"wp:featuredmedia":[{"embeddable":true,"href":"https:\/\/www.hydraulic-cylinders.net\/pl\/wp-json\/wp\/v2\/media\/1755"}],"wp:attachment":[{"href":"https:\/\/www.hydraulic-cylinders.net\/pl\/wp-json\/wp\/v2\/media?parent=1752"}],"wp:term":[{"taxonomy":"product_brand","embeddable":true,"href":"https:\/\/www.hydraulic-cylinders.net\/pl\/wp-json\/wp\/v2\/product_brand?post=1752"},{"taxonomy":"product_cat","embeddable":true,"href":"https:\/\/www.hydraulic-cylinders.net\/pl\/wp-json\/wp\/v2\/product_cat?post=1752"},{"taxonomy":"product_tag","embeddable":true,"href":"https:\/\/www.hydraulic-cylinders.net\/pl\/wp-json\/wp\/v2\/product_tag?post=1752"}],"curies":[{"name":"wp","href":"https:\/\/api.w.org\/{rel}","templated":true}]}}