{"id":17579,"date":"2025-03-18T05:32:03","date_gmt":"2025-03-18T05:32:03","guid":{"rendered":"https:\/\/www.hydraulic-cylinders.net\/?post_type=product&#038;p=17579"},"modified":"2025-04-11T03:15:32","modified_gmt":"2025-04-11T03:15:32","slug":"side-shift-hydraulic-cylinders-large-forklift","status":"publish","type":"product","link":"https:\/\/www.hydraulic-cylinders.net\/pl\/produkt\/side-shift-hydraulic-cylinders-large-forklift\/","title":{"rendered":"Si\u0142owniki hydrauliczne przesuwu bocznego do du\u017cych w\u00f3zk\u00f3w wid\u0142owych"},"content":{"rendered":"<h1 style=\"text-align: center;\"><strong>Si\u0142owniki hydrauliczne przesuwu bocznego do du\u017cych w\u00f3zk\u00f3w wid\u0142owych<\/strong><\/h1>\n<p>Szukasz niezawodnego i wydajnego\u00a0<strong>Si\u0142owniki hydrauliczne z przesuwem bocznym do du\u017cych w\u00f3zk\u00f3w wid\u0142owych<\/strong>? Nasza wysokowydajna\u00a0<strong>Si\u0142owniki hydrauliczne do przesuwu bocznego w\u00f3zk\u00f3w wid\u0142owych<\/strong>\u00a0Zaprojektowane z my\u015bl\u0105 o wymaganiach kompaktowych w\u00f3zk\u00f3w wid\u0142owych, oferuj\u0105c precyzyjne przesuni\u0119cie boczne dla lepszej manewrowo\u015bci w ciasnych przestrzeniach. Zbudowane z\u00a0<strong>trwa\u0142a konstrukcja<\/strong>, cylindry te gwarantuj\u0105 d\u0142ugotrwa\u0142\u0105 wydajno\u015b\u0107 nawet w najtrudniejszych warunkach pracy.<\/p>\n<p>Czy potrzebujesz\u00a0<strong>Kompaktowe cylindry przesuwu bocznego do w\u00f3zk\u00f3w wid\u0142owych<\/strong>\u00a0do lekkich operacji lub niedrogich rozwi\u0105za\u0144 dla Twojej floty, nasze produkty s\u0105\u00a0<strong>\u0142atwy w instalacji i utrzymaniu<\/strong>, znacz\u0105co skracaj\u0105c przestoje i zwi\u0119kszaj\u0105c produktywno\u015b\u0107. Wybierz spo\u015br\u00f3d\u00a0<strong>najlepsze si\u0142owniki hydrauliczne do du\u017cych w\u00f3zk\u00f3w wid\u0142owych<\/strong>\u00a0\u0142\u0105cz\u0105ce w sobie jako\u015b\u0107, trwa\u0142o\u015b\u0107 i przyst\u0119pn\u0105 cen\u0119.<\/p>\n<p>Ulepsz sw\u00f3j w\u00f3zek wid\u0142owy ju\u017c dzi\u015b dzi\u0119ki naszej\u00a0<strong>wytrzyma\u0142e si\u0142owniki hydrauliczne z przesuwem bocznym do lekkich w\u00f3zk\u00f3w wid\u0142owych<\/strong>\u00a0i do\u015bwiadcz niezr\u00f3wnanej wydajno\u015bci i niezawodno\u015bci!<\/p>\n<h1 style=\"text-align: center;\"><img loading=\"lazy\" decoding=\"async\" class=\"alignnone wp-image-17586\" src=\"https:\/\/www.hydraulic-cylinders.net\/wp-content\/uploads\/2025\/03\/Side-shift-hydraulic-cylinders-for-large-forklift-1.webp\" alt=\"Si\u0142ownik hydrauliczny przesuwu bocznego do ma\u0142ego w\u00f3zka wid\u0142owego\" width=\"500\" height=\"500\" srcset=\"https:\/\/www.hydraulic-cylinders.net\/wp-content\/uploads\/2025\/03\/Side-shift-hydraulic-cylinders-for-large-forklift-1.webp 500w, https:\/\/www.hydraulic-cylinders.net\/wp-content\/uploads\/2025\/03\/Side-shift-hydraulic-cylinders-for-large-forklift-1-480x480.webp 480w\" sizes=\"(min-width: 0px) and (max-width: 480px) 480px, (min-width: 481px) 500px, 100vw\" \/><\/h1>\n<p style=\"text-align: center;\"><strong>Si\u0142ownik przesuwu bocznego do du\u017cego w\u00f3zka wid\u0142owego<\/strong><\/p>\n<h2><strong>Si\u0142owniki hydrauliczne przesuwu bocznego do du\u017cych w\u00f3zk\u00f3w wid\u0142owych <\/strong><strong>Dane techniczne<\/strong><strong>:<\/strong><\/h2>\n<p><strong>Funkcjonowa\u0107:<\/strong> S\u0142u\u017cy do uzyskania og\u00f3lnego ruchu widelca w lewo i w prawo<br \/>\n<strong>\u015arednica cylindra:<\/strong> 70 mm-120 mm<br \/>\n<strong>\u015arednica pr\u0119ta:<\/strong> 30 mm-60 mm<br \/>\n<strong>Podr\u00f3\u017c:<\/strong> 300 mm-1025 mm<br \/>\n<strong>Maksymalne ci\u015bnienie:<\/strong> 21 MPa<br \/>\n<strong>Maksymalny ci\u0105g:<\/strong> 238 kN<\/p>\n<h2><strong>Seria du\u017cych cylindr\u00f3w hydraulicznych do w\u00f3zk\u00f3w wid\u0142owych:\u00a0<\/strong><\/h2>\n<h2><img loading=\"lazy\" decoding=\"async\" class=\"alignnone size-full wp-image-17582\" src=\"https:\/\/www.hydraulic-cylinders.net\/wp-content\/uploads\/2025\/03\/large-forklift-hydraulic-cylinder-construction.webp\" alt=\"\" width=\"1100\" height=\"615\" srcset=\"https:\/\/www.hydraulic-cylinders.net\/wp-content\/uploads\/2025\/03\/large-forklift-hydraulic-cylinder-construction.webp 1100w, https:\/\/www.hydraulic-cylinders.net\/wp-content\/uploads\/2025\/03\/large-forklift-hydraulic-cylinder-construction-980x548.webp 980w, https:\/\/www.hydraulic-cylinders.net\/wp-content\/uploads\/2025\/03\/large-forklift-hydraulic-cylinder-construction-480x268.webp 480w\" sizes=\"(min-width: 0px) and (max-width: 480px) 480px, (min-width: 481px) and (max-width: 980px) 980px, (min-width: 981px) 1100px, 100vw\" \/><\/h2>\n<h2><strong>G\u0142\u00f3wne cechy\u00a0<\/strong><strong>Si\u0142owniki hydrauliczne przesuwu bocznego do <\/strong><strong>Du\u017cy <\/strong><strong>Podno\u015bnik wid\u0142owy<\/strong><strong>:<\/strong><\/h2>\n<p>Nasz\u00a0<strong>Si\u0142owniki hydrauliczne z przesuwem bocznym do du\u017cych w\u00f3zk\u00f3w wid\u0142owych<\/strong>\u00a0zosta\u0142y zaprojektowane tak, aby zapewnia\u0107 wyj\u0105tkow\u0105 wydajno\u015b\u0107 i niezawodno\u015b\u0107 w najbardziej wymagaj\u0105cych warunkach przemys\u0142owych. Oto, co je wyr\u00f3\u017cnia:<\/p>\n<ul>\n<li><strong>Precyzyjne przesuwanie boczne<\/strong>:Zaprojektowane specjalnie do du\u017cych w\u00f3zk\u00f3w wid\u0142owych, te si\u0142owniki zapewniaj\u0105 dok\u0142adne i p\u0142ynne przesuni\u0119cie boczne, zwi\u0119kszaj\u0105c zwrotno\u015b\u0107 i wydajno\u015b\u0107 podczas ci\u0119\u017ckich operacji.<\/li>\n<li><strong>Trwa\u0142a konstrukcja<\/strong>:Wykonane z wysokiej jako\u015bci materia\u0142\u00f3w, nasze\u00a0<strong>Si\u0142owniki hydrauliczne do przesuwu bocznego du\u017cych w\u00f3zk\u00f3w wid\u0142owych<\/strong>\u00a0s\u0105 zaprojektowane tak, aby wytrzyma\u0107 ekstremalne warunki, zapewniaj\u0105c d\u0142ugotrwa\u0142\u0105 wydajno\u015b\u0107 i minimalne zu\u017cycie.<\/li>\n<li><strong>\u0141atwa instalacja i konserwacja<\/strong>:Dzi\u0119ki przyjaznej dla u\u017cytkownika konstrukcji, te\u00a0<strong>Si\u0142owniki przesuwu bocznego do w\u00f3zk\u00f3w wid\u0142owych o du\u017cej wytrzyma\u0142o\u015bci<\/strong>\u00a0s\u0105 szybkie w monta\u017cu i \u0142atwe w utrzymaniu, co pozwala ograniczy\u0107 przestoje i zmaksymalizowa\u0107 wydajno\u015b\u0107.<\/li>\n<li><strong>Zoptymalizowany do intensywnego u\u017cytkowania<\/strong>:Te cylindry s\u0105 dostosowane do du\u017cych w\u00f3zk\u00f3w wid\u0142owych i doskonale nadaj\u0105 si\u0119 do zastosowa\u0144 przemys\u0142owych, oferuj\u0105c niezr\u00f3wnan\u0105 wytrzyma\u0142o\u015b\u0107 i niezawodno\u015b\u0107.<\/li>\n<li><strong>Rozwi\u0105zanie ekonomiczne<\/strong>:Jako jeden z najbardziej\u00a0<strong>niedrogie si\u0142owniki przesuwu bocznego do ci\u0119\u017ckich w\u00f3zk\u00f3w wid\u0142owych<\/strong>, nasze produkty zapewniaj\u0105 wyj\u0105tkow\u0105 warto\u015b\u0107 bez kompromis\u00f3w w zakresie jako\u015bci.<\/li>\n<\/ul>\n<p>Ulepsz sw\u00f3j du\u017cy w\u00f3zek wid\u0142owy dzi\u0119ki naszym\u00a0<strong>Si\u0142owniki hydrauliczne z przesuwem bocznym do du\u017cych w\u00f3zk\u00f3w wid\u0142owych<\/strong>\u00a0i do\u015bwiadcz wyj\u0105tkowej wydajno\u015bci, trwa\u0142o\u015bci i \u0142atwo\u015bci u\u017cytkowania!<\/p>\n<h2><strong>Przyk\u0142ady zastosowa\u0144: si\u0142owniki hydrauliczne z przesuwem bocznym do du\u017cych w\u00f3zk\u00f3w wid\u0142owych:<\/strong><\/h2>\n<p>Nasz\u00a0<strong>Si\u0142owniki hydrauliczne z przesuwem bocznym do du\u017cych w\u00f3zk\u00f3w wid\u0142owych<\/strong>\u00a0zosta\u0142y zaprojektowane, aby sprosta\u0107 wymaganiom ci\u0119\u017ckich zastosowa\u0144 przemys\u0142owych. Oto kilka kluczowych zastosowa\u0144, w kt\u00f3rych te cylindry sprawdzaj\u0105 si\u0119 znakomicie:<\/p>\n<h3><strong>1. Operacje magazynowe<\/strong><\/h3>\n<p><img loading=\"lazy\" decoding=\"async\" class=\"alignnone size-full wp-image-17583\" src=\"https:\/\/www.hydraulic-cylinders.net\/wp-content\/uploads\/2025\/03\/heavy-duty-forklift-side-shift-cylinder-application.webp\" alt=\"Si\u0142ownik hydrauliczny przesuwu bocznego do du\u017cego w\u00f3zka wid\u0142owego w magazynie\" width=\"2320\" height=\"1340\" srcset=\"https:\/\/www.hydraulic-cylinders.net\/wp-content\/uploads\/2025\/03\/heavy-duty-forklift-side-shift-cylinder-application.webp 2320w, https:\/\/www.hydraulic-cylinders.net\/wp-content\/uploads\/2025\/03\/heavy-duty-forklift-side-shift-cylinder-application-1280x739.webp 1280w, https:\/\/www.hydraulic-cylinders.net\/wp-content\/uploads\/2025\/03\/heavy-duty-forklift-side-shift-cylinder-application-980x566.webp 980w, https:\/\/www.hydraulic-cylinders.net\/wp-content\/uploads\/2025\/03\/heavy-duty-forklift-side-shift-cylinder-application-480x277.webp 480w\" sizes=\"(min-width: 0px) and (max-width: 480px) 480px, (min-width: 481px) and (max-width: 980px) 980px, (min-width: 981px) and (max-width: 1280px) 1280px, (min-width: 1281px) 2320px, 100vw\" \/><\/p>\n<ul>\n<li><strong>Precyzyjne przesuwanie boczne<\/strong>:W ruchliwych magazynach nasze\u00a0<strong>Si\u0142owniki hydrauliczne do przesuwu bocznego du\u017cych w\u00f3zk\u00f3w wid\u0142owych<\/strong>\u00a0umo\u017cliwiaj\u0105 operatorom precyzyjne manewrowanie ci\u0119\u017ckimi \u0142adunkami, nawet w w\u0105skich przej\u015bciach i ciasnych przestrzeniach.<\/li>\n<li><strong>Poprawiona wydajno\u015b\u0107<\/strong>:Dzi\u0119ki zwi\u0119kszeniu zwrotno\u015bci w\u00f3zk\u00f3w wid\u0142owych cylindry te pomagaj\u0105 usprawni\u0107 procesy za\u0142adunku i roz\u0142adunku, zmniejszaj\u0105c przestoje operacyjne.<\/li>\n<\/ul>\n<h3><strong>2. Place budowy<\/strong><\/h3>\n<ul>\n<li><strong>Trwa\u0142a konstrukcja<\/strong>:Zbudowane tak, aby wytrzyma\u0107 trudne warunki, nasze\u00a0<strong>Si\u0142owniki przesuwu bocznego do w\u00f3zk\u00f3w wid\u0142owych o du\u017cej wytrzyma\u0142o\u015bci<\/strong>\u00a0doskonale sprawdzaj\u0105 si\u0119 na placach budowy, gdzie sprz\u0119t jest nara\u017cony na py\u0142, gruz i du\u017ce obci\u0105\u017cenia.<\/li>\n<li><strong>Niezawodna wydajno\u015b\u0107<\/strong>:Te si\u0142owniki gwarantuj\u0105 sta\u0142\u0105 wydajno\u015b\u0107 nawet przy przenoszeniu du\u017cych materia\u0142\u00f3w, takich jak belki stalowe lub bloczki betonowe.<\/li>\n<\/ul>\n<h3><strong>3. Obiekty produkcyjne<\/strong><\/h3>\n<ul>\n<li><strong>\u0141atwa instalacja i konserwacja<\/strong>:W \u015brodowiskach produkcyjnych, w kt\u00f3rych przestoje mog\u0105 by\u0107 kosztowne, nasze si\u0142owniki przesuwu bocznego s\u0105 szybkie w monta\u017cu i \u0142atwe w konserwacji, co zapewnia minimalne zak\u0142\u00f3cenia w harmonogramach produkcji.<\/li>\n<li><strong>Zwi\u0119kszone bezpiecze\u0144stwo<\/strong>:Precyzyjna kontrola oferowana przez te si\u0142owniki zmniejsza ryzyko wypadk\u00f3w podczas przemieszczania ci\u0119\u017ckich maszyn lub materia\u0142\u00f3w.<\/li>\n<\/ul>\n<h3><strong>4. Centra logistyczne i dystrybucyjne<\/strong><\/h3>\n<ul>\n<li><strong>Mo\u017cliwo\u015b\u0107 pracy w trudnych warunkach<\/strong>: Nasz\u00a0<strong>Si\u0142owniki hydrauliczne z przesuwem bocznym do du\u017cych w\u00f3zk\u00f3w wid\u0142owych<\/strong>\u00a0idealnie nadaj\u0105 si\u0119 do obs\u0142ugi palet, kontener\u00f3w i \u0142adunk\u00f3w ponadgabarytowych w centrach dystrybucyjnych o du\u017cej przepustowo\u015bci.<\/li>\n<li><strong>Rozwi\u0105zanie ekonomiczne<\/strong>:Dzi\u0119ki poprawie wydajno\u015bci w\u00f3zka wid\u0142owego i zmniejszeniu potrzeb konserwacyjnych si\u0142owniki te pomagaj\u0105 obni\u017cy\u0107 koszty operacyjne w d\u0142u\u017cszej perspektywie.<\/li>\n<\/ul>\n<h4><strong>5. Porty i stocznie prze\u0142adunkowe<\/strong><\/h4>\n<ul>\n<li><strong>D\u0142ugotrwa\u0142a wydajno\u015b\u0107<\/strong>:Te cylindry zosta\u0142y zaprojektowane do intensywnego u\u017cytkowania i doskonale sprawdzaj\u0105 si\u0119 w portach, gdzie w\u00f3zki wid\u0142owe nieustannie przemieszczaj\u0105 du\u017ce kontenery i ci\u0119\u017ckie \u0142adunki.<\/li>\n<li><strong>Konstrukcja odporna na warunki atmosferyczne<\/strong>Trwa\u0142a konstrukcja gwarantuje niezawodn\u0105 prac\u0119 w warunkach zewn\u0119trznych, nawet w trudnych warunkach pogodowych.<\/li>\n<\/ul>\n<h4><strong>6. Recykling i gospodarka odpadami<\/strong><\/h4>\n<ul>\n<li><strong>Solidny i niezawodny<\/strong>: Nasz\u00a0<strong>Si\u0142owniki przesuwu bocznego do w\u00f3zk\u00f3w wid\u0142owych o du\u017cej wytrzyma\u0142o\u015bci<\/strong>\u00a0s\u0105 zbudowane tak, aby sprosta\u0107 trudom zak\u0142ad\u00f3w recyklingu, w kt\u00f3rych w\u00f3zki wid\u0142owe transportuj\u0105 ci\u0119\u017ckie bele materia\u0142\u00f3w nadaj\u0105cych si\u0119 do recyklingu.<\/li>\n<li><strong>Kr\u00f3tszy czas przestoju<\/strong>:\u0141atwa konserwacja i naprawa gwarantuj\u0105, \u017ce sprz\u0119t pozostanie sprawny nawet w wymagaj\u0105cych warunkach gospodarki odpadami.<\/li>\n<\/ul>\n<h2><strong>Dlaczego warto wybra\u0107 nasze si\u0142owniki hydrauliczne z przesuwem bocznym?<\/strong><\/h2>\n<p>Je\u015bli chodzi o\u00a0<strong>osprz\u0119t do w\u00f3zk\u00f3w wid\u0142owych<\/strong>, nasz\u00a0<strong>Si\u0142owniki hydrauliczne z przesuwem bocznym do du\u017cych w\u00f3zk\u00f3w wid\u0142owych<\/strong>\u00a0To prze\u0142om. Zaprojektowane z my\u015bl\u0105 o optymalizacji wydajno\u015bci i efektywno\u015bci, te cylindry stanowi\u0105 idealne uzupe\u0142nienie Twojego ci\u0119\u017ckiego sprz\u0119tu.<\/p>\n<ul>\n<li><strong>Precyzyjne przesuwanie boczne<\/strong>:Zaprojektowane do du\u017cych w\u00f3zk\u00f3w wid\u0142owych, te si\u0142owniki zapewniaj\u0105 p\u0142ynne i precyzyjne przesuni\u0119cie boczne, dzi\u0119ki czemu idealnie nadaj\u0105 si\u0119 do przenoszenia ci\u0119\u017ckich \u0142adunk\u00f3w w ciasnych przestrzeniach.<\/li>\n<li><strong>Trwa\u0142a konstrukcja<\/strong>:Zbudowane, aby przetrwa\u0107, nasze\u00a0<strong>Si\u0142owniki hydrauliczne do przesuwu bocznego du\u017cych w\u00f3zk\u00f3w wid\u0142owych<\/strong>\u00a0wykonane s\u0105 z materia\u0142\u00f3w najwy\u017cszej jako\u015bci, gwarantuj\u0105cych niezawodn\u0105 prac\u0119 nawet w najtrudniejszych warunkach przemys\u0142owych.<\/li>\n<li><strong>\u0141atwa instalacja i konserwacja<\/strong>Zaprojektowane z my\u015bl\u0105 o wygodzie u\u017cytkownika, te\u00a0<strong>Si\u0142owniki przesuwu bocznego do w\u00f3zk\u00f3w wid\u0142owych o du\u017cej wytrzyma\u0142o\u015bci<\/strong>\u00a0s\u0105 szybkie w monta\u017cu i \u0142atwe w utrzymaniu, co pozwala ograniczy\u0107 przestoje i zapewni\u0107 p\u0142ynne dzia\u0142anie operacji.<\/li>\n<\/ul>\n<p>Szukasz wytrzyma\u0142ych cylindr\u00f3w do w\u00f3zk\u00f3w wid\u0142owych? Sprawd\u017a nasz\u0105 ofert\u0119 <a href=\"https:\/\/www.hydraulic-cylinders.net\/pl\/forklift-hydraulic-cylinder\/\">Si\u0142owniki hydrauliczne o du\u017cej wytrzyma\u0142o\u015bci<\/a>.<\/p>\n<h3><strong>Idealny do konserwacji i naprawy w\u00f3zk\u00f3w wid\u0142owych<\/strong><\/h3>\n<p>Niezale\u017cnie od tego, czy wykonujesz rutynowe czynno\u015bci,\u00a0<strong>konserwacja w\u00f3zk\u00f3w wid\u0142owych<\/strong>\u00a0lub potrzebujesz niezawodnego rozwi\u0105zania\u00a0<strong>naprawa cylindra hydraulicznego<\/strong>Nasze si\u0142owniki przesuwu bocznego zosta\u0142y zaprojektowane tak, aby zminimalizowa\u0107 zak\u0142\u00f3cenia i wyd\u0142u\u017cy\u0107 \u017cywotno\u015b\u0107 sprz\u0119tu. Ich solidna konstrukcja gwarantuje, \u017ce poradz\u0105 sobie z wymaganiami ci\u0119\u017ckich zastosowa\u0144, co czyni je ekonomicznym wyborem dla zastosowa\u0144 przemys\u0142owych.<\/p>\n<h2><strong>Obszar produkcji cylindr\u00f3w do w\u00f3zk\u00f3w wid\u0142owych:<\/strong><\/h2>\n<h2><img loading=\"lazy\" decoding=\"async\" class=\"alignnone size-full wp-image-16972\" src=\"https:\/\/www.hydraulic-cylinders.net\/wp-content\/uploads\/2025\/01\/hydraulic-cylinder-factory-1-scaled.webp\" sizes=\"(min-width: 0px) and (max-width: 480px) 480px, (min-width: 481px) and (max-width: 980px) 980px, (min-width: 981px) and (max-width: 1280px) 1280px, (min-width: 1281px) 2016px, 100vw\" srcset=\"https:\/\/www.hydraulic-cylinders.net\/wp-content\/uploads\/2025\/01\/hydraulic-cylinder-factory-1-scaled.webp 2016w, https:\/\/www.hydraulic-cylinders.net\/wp-content\/uploads\/2025\/01\/hydraulic-cylinder-factory-1-1280x1625.webp 1280w, https:\/\/www.hydraulic-cylinders.net\/wp-content\/uploads\/2025\/01\/hydraulic-cylinder-factory-1-980x1244.webp 980w, https:\/\/www.hydraulic-cylinders.net\/wp-content\/uploads\/2025\/01\/hydraulic-cylinder-factory-1-480x610.webp 480w\" alt=\"\" width=\"2016\" height=\"2560\" \/><\/h2>\n<p>Dysponujemy najwy\u017cszej klasy, niezale\u017cn\u0105 platform\u0105 badawczo-rozwojow\u0105 do monta\u017cu. Warsztat produkcji cylindr\u00f3w do w\u00f3zk\u00f3w wid\u0142owych posiada cztery p\u00f3\u0142automatyczne linie monta\u017cowe do podnoszenia cylindr\u00f3w oraz w pe\u0142ni zautomatyzowan\u0105 lini\u0119 monta\u017cow\u0105 do przechylania cylindr\u00f3w o projektowanej rocznej wydajno\u015bci miliona sztuk. Specjalistyczny warsztat produkcji cylindr\u00f3w posiada p\u00f3\u0142automatyczne systemy czyszczenia i monta\u017cu o r\u00f3\u017cnych specyfikacjach i projektowanej rocznej wydajno\u015bci 200 000 sztuk. Jest on wyposa\u017cony w renomowane maszyny do obr\u00f3bki CNC, centra obr\u00f3bcze, specjalistyczny sprz\u0119t do precyzyjnej obr\u00f3bki cylindr\u00f3w, roboty spawalnicze, automatyczne maszyny czyszcz\u0105ce, automatyczne maszyny do monta\u017cu cylindr\u00f3w oraz automatyczne linie produkcyjne lakierni. Posiadamy ponad 300 zestaw\u00f3w kluczowych urz\u0105dze\u0144. Zoptymalizowana alokacja i efektywne wykorzystanie zasob\u00f3w sprz\u0119towych zapewniaj\u0105 precyzj\u0119 produkt\u00f3w i spe\u0142niaj\u0105 wysokie standardy jako\u015bci.<\/p>\n<p>Warsztat obr\u00f3bki mechanicznej wyposa\u017cony jest w specjalnie zaprojektowane centra tokarskie z prowadnicami uchylnymi, centra obr\u00f3bcze, szybkie maszyny do honowania, roboty spawalnicze i inny potrzebny sprz\u0119t, kt\u00f3ry mo\u017ce wykonywa\u0107 obr\u00f3bk\u0119 rur cylindrycznych o maksymalnej \u015brednicy wewn\u0119trznej 400 mm i maksymalnej d\u0142ugo\u015bci 6 metr\u00f3w.<\/p>\n<h2><img loading=\"lazy\" decoding=\"async\" class=\"alignnone size-full wp-image-16973\" src=\"https:\/\/www.hydraulic-cylinders.net\/wp-content\/uploads\/2025\/01\/hydraulic-cylinder-factory-2-scaled.webp\" sizes=\"(min-width: 0px) and (max-width: 480px) 480px, (min-width: 481px) and (max-width: 980px) 980px, (min-width: 981px) and (max-width: 1280px) 1280px, (min-width: 1281px) 2011px, 100vw\" srcset=\"https:\/\/www.hydraulic-cylinders.net\/wp-content\/uploads\/2025\/01\/hydraulic-cylinder-factory-2-scaled.webp 2011w, https:\/\/www.hydraulic-cylinders.net\/wp-content\/uploads\/2025\/01\/hydraulic-cylinder-factory-2-1280x1629.webp 1280w, https:\/\/www.hydraulic-cylinders.net\/wp-content\/uploads\/2025\/01\/hydraulic-cylinder-factory-2-980x1248.webp 980w, https:\/\/www.hydraulic-cylinders.net\/wp-content\/uploads\/2025\/01\/hydraulic-cylinder-factory-2-480x611.webp 480w\" alt=\"\" width=\"2011\" height=\"2560\" \/><\/h2>\n<p>Posiadamy w pe\u0142ni zautomatyzowan\u0105 lini\u0119 do lakierowania ma\u0142ych i \u015brednich butli farbami wodorozcie\u0144czalnymi, kt\u00f3ra realizuje automatyczny za\u0142adunek i roz\u0142adunek oraz automatyczne roboty natryskowe o projektowanej wydajno\u015bci 4000 stanowisk na zmian\u0119. Posiadamy r\u00f3wnie\u017c p\u00f3\u0142automatyczn\u0105 lini\u0119 do lakierowania butli wielkogabarytowych, nap\u0119dzan\u0105 \u0142a\u0144cuchem nap\u0119dowym, o projektowanej wydajno\u015bci 60 skrzy\u0144 na zmian\u0119.<\/p>\n<p>Aby jeszcze bardziej zwi\u0119kszy\u0107 wydajno\u015b\u0107 naszych produkt\u00f3w i ugruntowa\u0107 pozycj\u0119 lidera w bran\u017cy w dziedzinie cylindr\u00f3w hydraulicznych, nasza firma i zjimee wsp\u00f3lnie utworzy\u0142y kompleksowe laboratorium wydajno\u015bciowe cylindr\u00f3w hydraulicznych, zawor\u00f3w hydraulicznych i pomp hydraulicznych. W laboratorium przeprowadzane s\u0105 testy wspomagane komputerowo z wykorzystaniem technologii elektrohydraulicznej. Warunki test\u00f3w s\u0105 wst\u0119pnie ustalane przez komputer, co zwi\u0119ksza dok\u0142adno\u015b\u0107 test\u00f3w i wszechstronno\u015b\u0107 systemu, a tak\u017ce dane eksperymentalne.<\/p>\n<p>Automatyczne zbieranie danych odbywa si\u0119 za pomoc\u0105 czujnik\u00f3w, a dane wyj\u015bciowe, takie jak przeciek wewn\u0119trzny i wydajno\u015b\u0107 obci\u0105\u017cenia cylindra lub zaworu, s\u0105 bezpo\u015brednio przetwarzane przez komputer i konwertowane do jednostek standardowych (ml\/min\u207b ...<br \/>\nSprawno\u015b\u0107 i szczelno\u015b\u0107 wewn\u0119trzn\u0105 mo\u017cna sprawdzi\u0107 odczytami. Jednocze\u015bnie urz\u0105dzenie jest wyposa\u017cone w przyrz\u0105d pomiarowy z podzia\u0142k\u0105 kratow\u0105, kt\u00f3ry spe\u0142nia wymagania wszystkich element\u00f3w testowych si\u0142ownik\u00f3w hydraulicznych zgodnie z norm\u0105 krajow\u0105.<\/p>\n<h3><strong>Sekcja FAQ:<\/strong><\/h3>\n<p><strong>P: Jakie s\u0105 najwa\u017cniejsze cechy si\u0142ownik\u00f3w hydraulicznych z przesuwem bocznym do du\u017cych w\u00f3zk\u00f3w wid\u0142owych?<\/strong><br \/>\nA: Nasze si\u0142owniki hydrauliczne z przesuwem bocznym s\u0105 przeznaczone do du\u017cych w\u00f3zk\u00f3w wid\u0142owych. Oferuj\u0105 precyzyjny przesuw boczny, wytrzyma\u0142\u0105 konstrukcj\u0119 gwarantuj\u0105c\u0105 d\u0142ugotrwa\u0142\u0105 wydajno\u015b\u0107 oraz \u0142atwo\u015b\u0107 monta\u017cu, co pozwala ograniczy\u0107 przestoje.<\/p>\n<p><strong>P: Czy te cylindry nadaj\u0105 si\u0119 do ci\u0119\u017ckich zastosowa\u0144?<\/strong><br \/>\nO: Tak, te cylindry zosta\u0142y zaprojektowane specjalnie do intensywnej eksploatacji, dzi\u0119ki czemu idealnie sprawdzaj\u0105 si\u0119 w \u015brodowiskach przemys\u0142owych, takich jak place budowy, magazyny i porty.<\/p>\n<p><strong>P: Czy te si\u0142owniki hydrauliczne s\u0105 \u0142atwe w monta\u017cu?<\/strong><br \/>\nO: Zdecydowanie! Nasze si\u0142owniki przesuwu bocznego zosta\u0142y zaprojektowane z my\u015bl\u0105 o szybkim i bezproblemowym monta\u017cu, minimalizuj\u0105c przestoje i zapewniaj\u0105c szybki powr\u00f3t w\u00f3zka wid\u0142owego do pracy.<\/p>\n<p>&nbsp;<\/p>","protected":false},"excerpt":{"rendered":"<p>Side Shift Hydraulic Cylinders For Large Forklift Looking for reliable and efficient\u00a0Side Shift Hydraulic Cylinders for Large Forklifts? Our high-performance\u00a0Hydraulic Cylinders for Forklift Side Shifting\u00a0are designed to meet the demands of compact forklifts, offering precise side shifting for enhanced maneuverability in tight spaces. Built with\u00a0durable construction, these cylinders ensure long-lasting performance even in the toughest [&hellip;]<\/p>","protected":false},"featured_media":17581,"comment_status":"open","ping_status":"closed","template":"","meta":{"_et_pb_use_builder":"","_et_pb_old_content":"","_et_gb_content_width":""},"product_brand":[],"product_cat":[1550,1484,1376],"product_tag":[],"class_list":{"0":"post-17579","1":"product","2":"type-product","3":"status-publish","4":"has-post-thumbnail","6":"product_cat-double-acting-hydraulic-cylinder","7":"product_cat-forklift-hydraulic-cylinders","8":"product_cat-hydraulic-cylinder","10":"first","11":"instock","12":"shipping-taxable","13":"product-type-simple"},"amp_enabled":true,"_links":{"self":[{"href":"https:\/\/www.hydraulic-cylinders.net\/pl\/wp-json\/wp\/v2\/product\/17579","targetHints":{"allow":["GET"]}}],"collection":[{"href":"https:\/\/www.hydraulic-cylinders.net\/pl\/wp-json\/wp\/v2\/product"}],"about":[{"href":"https:\/\/www.hydraulic-cylinders.net\/pl\/wp-json\/wp\/v2\/types\/product"}],"replies":[{"embeddable":true,"href":"https:\/\/www.hydraulic-cylinders.net\/pl\/wp-json\/wp\/v2\/comments?post=17579"}],"wp:featuredmedia":[{"embeddable":true,"href":"https:\/\/www.hydraulic-cylinders.net\/pl\/wp-json\/wp\/v2\/media\/17581"}],"wp:attachment":[{"href":"https:\/\/www.hydraulic-cylinders.net\/pl\/wp-json\/wp\/v2\/media?parent=17579"}],"wp:term":[{"taxonomy":"product_brand","embeddable":true,"href":"https:\/\/www.hydraulic-cylinders.net\/pl\/wp-json\/wp\/v2\/product_brand?post=17579"},{"taxonomy":"product_cat","embeddable":true,"href":"https:\/\/www.hydraulic-cylinders.net\/pl\/wp-json\/wp\/v2\/product_cat?post=17579"},{"taxonomy":"product_tag","embeddable":true,"href":"https:\/\/www.hydraulic-cylinders.net\/pl\/wp-json\/wp\/v2\/product_tag?post=17579"}],"curies":[{"name":"wp","href":"https:\/\/api.w.org\/{rel}","templated":true}]}}